{"id":19724,"date":"2023-06-07T08:38:54","date_gmt":"2023-06-07T08:38:54","guid":{"rendered":"https:\/\/www.electroluxprofessional.com\/de\/?page_id=19724"},"modified":"2026-03-24T15:07:49","modified_gmt":"2026-03-24T14:07:49","slug":"frottierwaesche","status":"publish","type":"page","link":"https:\/\/www.electroluxprofessional.com\/de\/branchenloesungen\/hotel-waescherei\/frottierwaesche\/","title":{"rendered":"W\u00e4schereil\u00f6sungen f\u00fcr Frottierw\u00e4sche"},"content":{"rendered":"<p>[vc_row full_width=&#8221;electroluxpro-full-width-no-padding&#8221; css=&#8221;.vc_custom_1663585132920{margin-top: -50px !important;}&#8221;][vc_column reveal_effect=&#8221;&#8221;][elx_step_banner background_image=&#8221;19727&#8243; media_position=&#8221;media_left&#8221; background_colors_button=&#8221;primary&#8221; title_box=&#8221;Nachhaltige Profi-L\u00f6sungen f\u00fcr Ihre Frottierw\u00e4sche&#8221;][\/vc_column][\/vc_row][vc_row][vc_column][vc_empty_space][\/vc_column][\/vc_row][vc_row][vc_column width=&#8221;2\/3&#8243;][vc_empty_space][elx_heading font_size=&#8221;h1&#8243; text_color=&#8221;inherit&#8221; text_align=&#8221;text-left&#8221;]Machen Sie die Qualit\u00e4t Ihrer<br \/>\nW\u00e4sche zur K\u00f6nigsdisziplin![\/elx_heading][vc_empty_space][vc_column_text]In einem gehobenen Ambiente, in dem G\u00e4ste Erholung und Entspannung suchen, tragen makellos wei\u00dfe, luxuri\u00f6se Textilien zu einem perfekten Urlaubserlebnis bei. Unsere W\u00e4schereil\u00f6sungen der Line 6000 sorgen f\u00fcr optimale Sauberkeit und Hygiene bei Frottiert\u00fcchern und Badem\u00e4nteln und bringen die W\u00e4sche Ihrer G\u00e4ste schnell wieder in Form. Unsere professionellen Ger\u00e4te \u00fcberzeugen mit innovativen Technologien, die eine einzigartige Energieeffizienz, einen geringen Ressourcenverbrauch und eine hohe Langlebigkeit erreichen. Durch diese Vorteile haben Sie nicht nur die Qualit\u00e4t Ihrer Textilien, sondern auch Ihre Kosten optimal im Griff.[\/vc_column_text][\/vc_column][vc_column width=&#8221;1\/3&#8243;][vc_empty_space][vc_empty_space height=&#8221;12px&#8221;][vc_single_image image=&#8221;19728&#8243; img_size=&#8221;full&#8221; alignment=&#8221;center&#8221;][elx_download_block text=&#8221;Flyer herunterladen&#8221; file_picker=&#8221;19894&#8243; link=&#8221;files.professional.electrolux.com\/docs\/?n=A0003&amp;t=BR&amp;l=1&amp;B=5&#8243; background_color=&#8221;electrolux-blue&#8221; reveal_effect=&#8221;&#8221; reveal_duration=&#8221;&#8221; reveal_delay=&#8221;&#8221;][\/vc_column][\/vc_row][vc_row][vc_column][vc_empty_space][vc_empty_space][\/vc_column][\/vc_row][vc_row][vc_column width=&#8221;1\/2&#8243;][vc_row_inner][vc_column_inner width=&#8221;1\/4&#8243;][elx_icons icon_size=&#8221;elx-icon-medium&#8221; icon_electroluxpro=&#8221;elx-icon icon-circle-drop-plus-blue&#8221;][\/vc_column_inner][vc_column_inner width=&#8221;3\/4&#8243;][vc_column_text]Sauberkeit und Hygiene auf Top-Niveau[\/vc_column_text][\/vc_column_inner][\/vc_row_inner][\/vc_column][vc_column width=&#8221;1\/2&#8243;][vc_row_inner][vc_column_inner width=&#8221;1\/4&#8243;][elx_icons icon_size=&#8221;elx-icon-medium&#8221; icon_electroluxpro=&#8221;elx-icon icon-circle-settings-blue&#8221;][\/vc_column_inner][vc_column_inner width=&#8221;3\/4&#8243;][vc_column_text]Programmvielfalt f\u00fcr Ihre individuellen Textilien und die G\u00e4stew\u00e4sche[\/vc_column_text][\/vc_column_inner][\/vc_row_inner][\/vc_column][\/vc_row][vc_row][vc_column width=&#8221;1\/2&#8243;][vc_empty_space][vc_row_inner][vc_column_inner width=&#8221;1\/4&#8243;][elx_icons icon_size=&#8221;elx-icon-medium&#8221; icon_electroluxpro=&#8221;elx-icon icon-circle-green-blue&#8221;][\/vc_column_inner][vc_column_inner width=&#8221;3\/4&#8243;][vc_column_text]Verbrauchsarm, energiesparend und umweltschonend[\/vc_column_text][\/vc_column_inner][\/vc_row_inner][\/vc_column][vc_column width=&#8221;1\/2&#8243;][vc_empty_space][vc_row_inner][vc_column_inner width=&#8221;1\/4&#8243;][elx_icons icon_size=&#8221;elx-icon-medium&#8221; icon_electroluxpro=&#8221;elx-icon icon-circle-ergonomics-blue&#8221;][\/vc_column_inner][vc_column_inner width=&#8221;3\/4&#8243;][vc_column_text]Mit dem ErgoCert-Zertifikat f\u00fcr ergonomische Eigenschaften ausgezeichnet[\/vc_column_text][\/vc_column_inner][\/vc_row_inner][vc_empty_space height=&#8221;52px&#8221;][vc_empty_space height=&#8221;52px&#8221;][\/vc_column][\/vc_row][vc_row][vc_column width=&#8221;1\/3&#8243;][vc_empty_space height=&#8221;22px&#8221;][vc_single_image image=&#8221;19897&#8243; img_size=&#8221;medium&#8221; alignment=&#8221;center&#8221;][elx_button button_text=&#8221;Mehr erfahren&#8221; button_style=&#8221;icon-blue&#8221; button_display_block=&#8221;display_block_on&#8221; button_alignment=&#8221;align_center&#8221; button_link=&#8221;url:https%3A%2F%2Fwww.electroluxprofessional.com%2Fde%2Fwaeschereitechnik%2Fgewerbliche-waschmaschinen%2F|target:_blank&#8221;][vc_empty_space height=&#8221;52px&#8221;][\/vc_column][vc_column width=&#8221;2\/3&#8243;][vc_column_text]<\/p>\n<h3>Line 6000 Waschmaschinen<\/h3>\n<h6>Hygienisch saubere Pflege f\u00fcr Ihre Textilien<\/h6>\n<ul>\n<li>Sparsam im Verbrauch dank automatischer Anpassung der ben\u00f6tigten Wasser- und Waschmittelmenge<\/li>\n<li>Materialschonende, auf Textilanforderungen abgestimmte Waschprogramme inkl. Hygieneprogramm<\/li>\n<li>Auf unterschiedliche W\u00e4schevolumen ideal abgestimmte Maschinenl\u00f6sungen<\/li>\n<li>Leicht verst\u00e4ndliche Bedienung der Maschinen f\u00fcr optimale Waschergebnisse<\/li>\n<\/ul>\n<p>[\/vc_column_text][vc_empty_space height=&#8221;52px&#8221;][\/vc_column][\/vc_row][vc_row][vc_column width=&#8221;1\/3&#8243;][vc_empty_space height=&#8221;52px&#8221;][vc_single_image image=&#8221;19739&#8243; img_size=&#8221;medium&#8221; alignment=&#8221;center&#8221;][elx_button button_text=&#8221;Mehr erfahren&#8221; button_style=&#8221;icon-blue&#8221; button_display_block=&#8221;display_block_on&#8221; button_alignment=&#8221;align_center&#8221; button_link=&#8221;url:https%3A%2F%2Fwww.electroluxprofessional.com%2Fde%2Fwaeschereitechnik%2Ftrockner%2F|target:_blank&#8221;][vc_empty_space height=&#8221;52px&#8221;][vc_empty_space height=&#8221;52px&#8221;][\/vc_column][vc_column width=&#8221;2\/3&#8243;][vc_empty_space height=&#8221;22px&#8221;][vc_column_text]<\/p>\n<h3>Line 6000 W\u00e4schetrockner<\/h3>\n<h6>Mehr als 60 % Energieeinsparung im Vergleich zu herk\u00f6mmlichen Trocknern*<\/h6>\n<ul>\n<li>Optimale Trocknungszeiten, minimaler Energieverbrauch, maximale Kosteneinsparung*<\/li>\n<li>F\u00fcr jede Trockenaufgabe die passende Maschinenl\u00f6sung<\/li>\n<li>Schonende Behandlung s\u00e4mtlicher im Hotel anfallender Textilien<\/li>\n<li>Leicht verst\u00e4ndliche Bedienung f\u00fcr optimale Trockenergebnisse<\/li>\n<li>Minimaler Personaleinsatz dank Restfeuchtesteuerung<\/li>\n<\/ul>\n<p style=\"padding-left: 40px; font-size: 11px;\">*Beim Trocknen mit W\u00e4rmepumpen-Technologie<\/p>\n<p>[\/vc_column_text][\/vc_column][\/vc_row][vc_row][vc_column][elx_heading text_color=&#8221;inherit&#8221; text_align=&#8221;text-center&#8221;]Wie k\u00f6nnen wir Sie unterst\u00fctzen?[\/elx_heading][vc_empty_space][elx_o2000_contact_us s=&#8221;Anfragen Informationen: Geb\u00e4udereinigung&#8221; request_type=&#8221;Other&#8221; country=&#8221;Austria&#8221; b=&#8221;laundry&#8221; container=&#8221;elxcontactus1473161992&#8243; r=&#8221;Ich m\u00f6chte mehr zu den L\u00f6sungen f\u00fcr die Geb\u00e4udereinigung wissen. Bitte kontaktieren Sie mich.&#8221;][vc_empty_space][\/vc_column][\/vc_row]<\/p>\n","protected":false},"excerpt":{"rendered":"<p>[vc_row full_width=&#8221;electroluxpro-full-width-no-padding&#8221; css=&#8221;.vc_custom_1663585132920{margin-top: -50px !important;}&#8221;][vc_column reveal_effect=&#8221;&#8221;][elx_step_banner background_image=&#8221;19727&#8243; media_position=&#8221;media_left&#8221; background_colors_button=&#8221;primary&#8221; title_box=&#8221;Nachhaltige Profi-L\u00f6sungen f\u00fcr Ihre Frottierw\u00e4sche&#8221;][\/vc_column][\/vc_row][vc_row][vc_column][vc_empty_space][\/vc_column][\/vc_row][vc_row][vc_column width=&#8221;2\/3&#8243;][vc_empty_space][elx_heading font_size=&#8221;h1&#8243; text_color=&#8221;inherit&#8221; text_align=&#8221;text-left&#8221;]Machen Sie die Qualit\u00e4t Ihrer W\u00e4sche zur K\u00f6nigsdisziplin![\/elx_heading][vc_empty_space][vc_column_text]In einem gehobenen Ambiente, in dem G\u00e4ste Erholung und Entspannung suchen, tragen makellos wei\u00dfe, luxuri\u00f6se Textilien zu einem perfekten Urlaubserlebnis bei. Unsere W\u00e4schereil\u00f6sungen der Line 6000 sorgen f\u00fcr optimale Sauberkeit und [&hellip;]<\/p>\n","protected":false},"author":554,"featured_media":19727,"parent":17462,"menu_order":0,"comment_status":"closed","ping_status":"closed","template":"","meta":{"footnotes":""},"class_list":["post-19724","page","type-page","status-publish","has-post-thumbnail","hentry"],"acf":[],"yoast_head":"<!-- This site is optimized with the Yoast SEO plugin v23.3 - https:\/\/yoast.com\/wordpress\/plugins\/seo\/ -->\n<title>L\u00f6sungen f\u00fcr Ihre Frottierw\u00e4sche | Electrolux Professional<\/title>\n<meta name=\"description\" content=\"Machen Sie die Qualit\u00e4t Ihrer W\u00e4sche zur K\u00f6nigsdisziplin mit den Profi-W\u00e4schereil\u00f6sungen f\u00fcr Frottierw\u00e4sche von Electrolux Professional.\" \/>\n<meta name=\"robots\" content=\"index, follow, max-snippet:-1, max-image-preview:large, max-video-preview:-1\" \/>\n<link rel=\"canonical\" href=\"https:\/\/www.electroluxprofessional.com\/de\/branchenloesungen\/hotel-waescherei\/frottierwaesche\/\" \/>\n<meta property=\"og:locale\" content=\"de_DE\" \/>\n<meta property=\"og:type\" content=\"article\" \/>\n<meta property=\"og:title\" content=\"L\u00f6sungen f\u00fcr Ihre Frottierw\u00e4sche | Electrolux Professional\" \/>\n<meta property=\"og:description\" content=\"Machen Sie die Qualit\u00e4t Ihrer W\u00e4sche zur K\u00f6nigsdisziplin mit den Profi-W\u00e4schereil\u00f6sungen f\u00fcr Frottierw\u00e4sche von Electrolux Professional.\" \/>\n<meta property=\"og:url\" content=\"https:\/\/www.electroluxprofessional.com\/de\/branchenloesungen\/hotel-waescherei\/frottierwaesche\/\" \/>\n<meta property=\"og:site_name\" content=\"Electrolux Professional Deutschland\" \/>\n<meta property=\"article:modified_time\" content=\"2026-03-24T14:07:49+00:00\" \/>\n<meta property=\"og:image\" content=\"https:\/\/www.electroluxprofessional.com\/de\/wp-content\/uploads\/2023\/06\/shutterstock_1836036556_Wellness.jpg\" \/>\n\t<meta property=\"og:image:width\" content=\"1500\" \/>\n\t<meta property=\"og:image:height\" content=\"1000\" \/>\n\t<meta property=\"og:image:type\" content=\"image\/jpeg\" \/>\n<meta name=\"twitter:card\" content=\"summary_large_image\" \/>\n<meta name=\"twitter:label1\" content=\"Gesch\u00e4tzte Lesezeit\" \/>\n\t<meta name=\"twitter:data1\" content=\"3 Minuten\" \/>\n<script type=\"application\/ld+json\" class=\"yoast-schema-graph\">{\"@context\":\"https:\/\/schema.org\",\"@graph\":[{\"@type\":\"WebPage\",\"@id\":\"https:\/\/www.electroluxprofessional.com\/de\/branchenloesungen\/hotel-waescherei\/frottierwaesche\/\",\"url\":\"https:\/\/www.electroluxprofessional.com\/de\/branchenloesungen\/hotel-waescherei\/frottierwaesche\/\",\"name\":\"L\u00f6sungen f\u00fcr Ihre Frottierw\u00e4sche | Electrolux Professional\",\"isPartOf\":{\"@id\":\"https:\/\/www.electroluxprofessional.com\/de\/#website\"},\"primaryImageOfPage\":{\"@id\":\"https:\/\/www.electroluxprofessional.com\/de\/branchenloesungen\/hotel-waescherei\/frottierwaesche\/#primaryimage\"},\"image\":{\"@id\":\"https:\/\/www.electroluxprofessional.com\/de\/branchenloesungen\/hotel-waescherei\/frottierwaesche\/#primaryimage\"},\"thumbnailUrl\":\"https:\/\/www.electroluxprofessional.com\/de\/wp-content\/uploads\/2023\/06\/shutterstock_1836036556_Wellness.jpg\",\"datePublished\":\"2023-06-07T08:38:54+00:00\",\"dateModified\":\"2026-03-24T14:07:49+00:00\",\"description\":\"Machen Sie die Qualit\u00e4t Ihrer W\u00e4sche zur K\u00f6nigsdisziplin mit den Profi-W\u00e4schereil\u00f6sungen f\u00fcr Frottierw\u00e4sche von Electrolux Professional.\",\"breadcrumb\":{\"@id\":\"https:\/\/www.electroluxprofessional.com\/de\/branchenloesungen\/hotel-waescherei\/frottierwaesche\/#breadcrumb\"},\"inLanguage\":\"de-DE\",\"potentialAction\":[{\"@type\":\"ReadAction\",\"target\":[\"https:\/\/www.electroluxprofessional.com\/de\/branchenloesungen\/hotel-waescherei\/frottierwaesche\/\"]}]},{\"@type\":\"ImageObject\",\"inLanguage\":\"de-DE\",\"@id\":\"https:\/\/www.electroluxprofessional.com\/de\/branchenloesungen\/hotel-waescherei\/frottierwaesche\/#primaryimage\",\"url\":\"https:\/\/www.electroluxprofessional.com\/de\/wp-content\/uploads\/2023\/06\/shutterstock_1836036556_Wellness.jpg\",\"contentUrl\":\"https:\/\/www.electroluxprofessional.com\/de\/wp-content\/uploads\/2023\/06\/shutterstock_1836036556_Wellness.jpg\",\"width\":1500,\"height\":1000,\"caption\":\"Nachhaltige Profi-L\u00f6sungen f\u00fcr Ihre Frottierw\u00e4sche von Electrolux Professional\"},{\"@type\":\"BreadcrumbList\",\"@id\":\"https:\/\/www.electroluxprofessional.com\/de\/branchenloesungen\/hotel-waescherei\/frottierwaesche\/#breadcrumb\",\"itemListElement\":[{\"@type\":\"ListItem\",\"position\":1,\"name\":\"Startseite\",\"item\":\"https:\/\/www.electroluxprofessional.com\/de\/\"},{\"@type\":\"ListItem\",\"position\":2,\"name\":\"Branchenl\u00f6sungen\",\"item\":\"https:\/\/www.electroluxprofessional.com\/de\/branchenloesungen\/\"},{\"@type\":\"ListItem\",\"position\":3,\"name\":\"Hotelw\u00e4scherei\",\"item\":\"https:\/\/www.electroluxprofessional.com\/de\/branchenloesungen\/hotel-waescherei\/\"},{\"@type\":\"ListItem\",\"position\":4,\"name\":\"W\u00e4schereil\u00f6sungen f\u00fcr Frottierw\u00e4sche\"}]},{\"@type\":\"WebSite\",\"@id\":\"https:\/\/www.electroluxprofessional.com\/de\/#website\",\"url\":\"https:\/\/www.electroluxprofessional.com\/de\/\",\"name\":\"Electrolux Professional Deutschland\",\"description\":\"\",\"potentialAction\":[{\"@type\":\"SearchAction\",\"target\":{\"@type\":\"EntryPoint\",\"urlTemplate\":\"https:\/\/www.electroluxprofessional.com\/de\/?src={search_term_string}\"},\"query-input\":\"required name=search_term_string\"}],\"inLanguage\":\"de-DE\"}]}<\/script>\n<!-- \/ Yoast SEO plugin. -->","yoast_head_json":{"title":"L\u00f6sungen f\u00fcr Ihre Frottierw\u00e4sche | Electrolux Professional","description":"Machen Sie die Qualit\u00e4t Ihrer W\u00e4sche zur K\u00f6nigsdisziplin mit den Profi-W\u00e4schereil\u00f6sungen f\u00fcr Frottierw\u00e4sche von Electrolux Professional.","robots":{"index":"index","follow":"follow","max-snippet":"max-snippet:-1","max-image-preview":"max-image-preview:large","max-video-preview":"max-video-preview:-1"},"canonical":"https:\/\/www.electroluxprofessional.com\/de\/branchenloesungen\/hotel-waescherei\/frottierwaesche\/","og_locale":"de_DE","og_type":"article","og_title":"L\u00f6sungen f\u00fcr Ihre Frottierw\u00e4sche | Electrolux Professional","og_description":"Machen Sie die Qualit\u00e4t Ihrer W\u00e4sche zur K\u00f6nigsdisziplin mit den Profi-W\u00e4schereil\u00f6sungen f\u00fcr Frottierw\u00e4sche von Electrolux Professional.","og_url":"https:\/\/www.electroluxprofessional.com\/de\/branchenloesungen\/hotel-waescherei\/frottierwaesche\/","og_site_name":"Electrolux Professional Deutschland","article_modified_time":"2026-03-24T14:07:49+00:00","og_image":[{"width":1500,"height":1000,"url":"https:\/\/www.electroluxprofessional.com\/de\/wp-content\/uploads\/2023\/06\/shutterstock_1836036556_Wellness.jpg","type":"image\/jpeg"}],"twitter_card":"summary_large_image","twitter_misc":{"Gesch\u00e4tzte Lesezeit":"3 Minuten"},"schema":{"@context":"https:\/\/schema.org","@graph":[{"@type":"WebPage","@id":"https:\/\/www.electroluxprofessional.com\/de\/branchenloesungen\/hotel-waescherei\/frottierwaesche\/","url":"https:\/\/www.electroluxprofessional.com\/de\/branchenloesungen\/hotel-waescherei\/frottierwaesche\/","name":"L\u00f6sungen f\u00fcr Ihre Frottierw\u00e4sche | Electrolux Professional","isPartOf":{"@id":"https:\/\/www.electroluxprofessional.com\/de\/#website"},"primaryImageOfPage":{"@id":"https:\/\/www.electroluxprofessional.com\/de\/branchenloesungen\/hotel-waescherei\/frottierwaesche\/#primaryimage"},"image":{"@id":"https:\/\/www.electroluxprofessional.com\/de\/branchenloesungen\/hotel-waescherei\/frottierwaesche\/#primaryimage"},"thumbnailUrl":"https:\/\/www.electroluxprofessional.com\/de\/wp-content\/uploads\/2023\/06\/shutterstock_1836036556_Wellness.jpg","datePublished":"2023-06-07T08:38:54+00:00","dateModified":"2026-03-24T14:07:49+00:00","description":"Machen Sie die Qualit\u00e4t Ihrer W\u00e4sche zur K\u00f6nigsdisziplin mit den Profi-W\u00e4schereil\u00f6sungen f\u00fcr Frottierw\u00e4sche von Electrolux Professional.","breadcrumb":{"@id":"https:\/\/www.electroluxprofessional.com\/de\/branchenloesungen\/hotel-waescherei\/frottierwaesche\/#breadcrumb"},"inLanguage":"de-DE","potentialAction":[{"@type":"ReadAction","target":["https:\/\/www.electroluxprofessional.com\/de\/branchenloesungen\/hotel-waescherei\/frottierwaesche\/"]}]},{"@type":"ImageObject","inLanguage":"de-DE","@id":"https:\/\/www.electroluxprofessional.com\/de\/branchenloesungen\/hotel-waescherei\/frottierwaesche\/#primaryimage","url":"https:\/\/www.electroluxprofessional.com\/de\/wp-content\/uploads\/2023\/06\/shutterstock_1836036556_Wellness.jpg","contentUrl":"https:\/\/www.electroluxprofessional.com\/de\/wp-content\/uploads\/2023\/06\/shutterstock_1836036556_Wellness.jpg","width":1500,"height":1000,"caption":"Nachhaltige Profi-L\u00f6sungen f\u00fcr Ihre Frottierw\u00e4sche von Electrolux Professional"},{"@type":"BreadcrumbList","@id":"https:\/\/www.electroluxprofessional.com\/de\/branchenloesungen\/hotel-waescherei\/frottierwaesche\/#breadcrumb","itemListElement":[{"@type":"ListItem","position":1,"name":"Startseite","item":"https:\/\/www.electroluxprofessional.com\/de\/"},{"@type":"ListItem","position":2,"name":"Branchenl\u00f6sungen","item":"https:\/\/www.electroluxprofessional.com\/de\/branchenloesungen\/"},{"@type":"ListItem","position":3,"name":"Hotelw\u00e4scherei","item":"https:\/\/www.electroluxprofessional.com\/de\/branchenloesungen\/hotel-waescherei\/"},{"@type":"ListItem","position":4,"name":"W\u00e4schereil\u00f6sungen f\u00fcr Frottierw\u00e4sche"}]},{"@type":"WebSite","@id":"https:\/\/www.electroluxprofessional.com\/de\/#website","url":"https:\/\/www.electroluxprofessional.com\/de\/","name":"Electrolux Professional Deutschland","description":"","potentialAction":[{"@type":"SearchAction","target":{"@type":"EntryPoint","urlTemplate":"https:\/\/www.electroluxprofessional.com\/de\/?src={search_term_string}"},"query-input":"required name=search_term_string"}],"inLanguage":"de-DE"}]}},"_links":{"self":[{"href":"https:\/\/www.electroluxprofessional.com\/de\/wp-json\/wp\/v2\/pages\/19724"}],"collection":[{"href":"https:\/\/www.electroluxprofessional.com\/de\/wp-json\/wp\/v2\/pages"}],"about":[{"href":"https:\/\/www.electroluxprofessional.com\/de\/wp-json\/wp\/v2\/types\/page"}],"author":[{"embeddable":true,"href":"https:\/\/www.electroluxprofessional.com\/de\/wp-json\/wp\/v2\/users\/554"}],"replies":[{"embeddable":true,"href":"https:\/\/www.electroluxprofessional.com\/de\/wp-json\/wp\/v2\/comments?post=19724"}],"version-history":[{"count":20,"href":"https:\/\/www.electroluxprofessional.com\/de\/wp-json\/wp\/v2\/pages\/19724\/revisions"}],"predecessor-version":[{"id":27506,"href":"https:\/\/www.electroluxprofessional.com\/de\/wp-json\/wp\/v2\/pages\/19724\/revisions\/27506"}],"up":[{"embeddable":true,"href":"https:\/\/www.electroluxprofessional.com\/de\/wp-json\/wp\/v2\/pages\/17462"}],"wp:featuredmedia":[{"embeddable":true,"href":"https:\/\/www.electroluxprofessional.com\/de\/wp-json\/wp\/v2\/media\/19727"}],"wp:attachment":[{"href":"https:\/\/www.electroluxprofessional.com\/de\/wp-json\/wp\/v2\/media?parent=19724"}],"curies":[{"name":"wp","href":"https:\/\/api.w.org\/{rel}","templated":true}]}}