{"id":18629,"date":"2023-03-21T11:47:08","date_gmt":"2023-03-21T11:47:08","guid":{"rendered":"https:\/\/www.electroluxprofessional.com\/de\/?page_id=18629"},"modified":"2026-03-24T15:43:16","modified_gmt":"2026-03-24T14:43:16","slug":"chemikalien-zum-entkalken","status":"publish","type":"page","link":"https:\/\/www.electroluxprofessional.com\/de\/chemikalien-zum-entkalken\/","title":{"rendered":"Zubeh\u00f6r und Verbrauchsmaterialien &#8211;  Chemikalien zum Entkalken"},"content":{"rendered":"<p>[vc_row full_width=&#8221;electroluxpro-full-width-no-padding&#8221;][vc_column][elx_image_block background_image=&#8221;18632&#8243; minimum_height=&#8221;400px&#8221;][\/vc_column][\/vc_row][vc_row][vc_column][elx_menu menu_name=&#8221;Zubeh\u00f6r Food&#8221;][vc_empty_space][elx_heading font_container=&#8221;h1&#8243; font_size=&#8221;h3&#8243; text_color=&#8221;electrolux-blue&#8221; text_align=&#8221;text-center&#8221;]Zubeh\u00f6r und Verbrauchsmaterialien<br \/>\nChemikalien zum Entkalken[\/elx_heading][vc_empty_space][vc_empty_space][\/vc_column][\/vc_row][vc_row][vc_column width=&#8221;1\/2&#8243;][vc_single_image image=&#8221;18630&#8243; img_size=&#8221;medium&#8221; alignment=&#8221;center&#8221;][elx_shop_now button_text=&#8221;Jetzt einkaufen&#8221; button_display_block=&#8221;display_block_on&#8221; button_alignment=&#8221;align_center&#8221; button_link=&#8221;url:https%3A%2F%2Fbuy.electroluxprofessional.com%2Fde%2Felectrolux-professional%2Felx0s2362|target:_blank&#8221;][\/vc_column][vc_column width=&#8221;1\/2&#8243;][vc_column_text]<\/p>\n<h2 class=\" inherit inherit inherit\">C30 Mehrzweck-Entkalker<\/h2>\n<div class=\"wpb_text_column wpb_content_element \">\n<div class=\"\">\n<ul>\n<li>Entfernt wirksam Verkrustungen und Kalkablagerungen aus Sp\u00fclmaschinen und Boilern, gewerbliches Produkt<\/li>\n<li>Regelm\u00e4\u00dfige Anwendung von C30 Mehrzweck-Entkalker sorgt f\u00fcr eine effiziente Maschinenfunktion und verlangsamt den normalen Verschlei\u00df<\/li>\n<li>Dank geringer Schaumbildung wird der C30 Mehrzweck-Entkalker f\u00fcr die Reinigung von Boilern und Ger\u00e4ten mit Entkalkungsautomatik empfohlen<\/li>\n<li>Neutraler Duft, angenehm in der Anwendung<\/li>\n<\/ul>\n<\/div>\n<\/div>\n<p>[\/vc_column_text][\/vc_column][\/vc_row][vc_row][vc_column][vc_empty_space][vc_empty_space][vc_empty_space][\/vc_column][\/vc_row][vc_row][vc_column width=&#8221;1\/2&#8243;][vc_column_text]<\/p>\n<h2 class=\" inherit inherit inherit\">C25 Sp\u00fcl- und Entkalkungs-Tabs<\/h2>\n<div class=\"wpb_text_column wpb_content_element \">\n<div class=\"\">\n<ul>\n<li>Effektive Sp\u00fcl- und Entkalkungs-Tabs f\u00fcr Back\u00f6fen mit integrierten Waschzyklen<\/li>\n<li>L\u00f6sen Sie 1 Tab in 1 Liter Wasser auf<\/li>\n<li>F\u00fcr eine schnelle Trocknung bei perfekt gl\u00e4nzendem Garraum und entkalktem Boiler<\/li>\n<li>Konzentrierte Formel mit geringer Dosierung<\/li>\n<li>Im Electrolux Professional Labor intensiv getestet<\/li>\n<li>Eimer mit 50 Tabs je 30 Gramm<\/li>\n<\/ul>\n<\/div>\n<\/div>\n<p>[\/vc_column_text][\/vc_column][vc_column width=&#8221;1\/2&#8243;][vc_single_image image=&#8221;18631&#8243; img_size=&#8221;medium&#8221; alignment=&#8221;center&#8221;][elx_shop_now button_text=&#8221;Jetzt einkaufen&#8221; button_display_block=&#8221;display_block_on&#8221; button_alignment=&#8221;align_center&#8221; button_link=&#8221;url:https%3A%2F%2Fbuy.electroluxprofessional.com%2Fde%2Felectrolux-professional%2Felx0s2394|target:_blank&#8221;][\/vc_column][\/vc_row][vc_row][vc_column][vc_empty_space][vc_empty_space][elx_heading text_color=&#8221;inherit&#8221; text_align=&#8221;text-center&#8221;]Sie haben noch Fragen? Kontaktieren Sie uns.[\/elx_heading][elx_o2000_contact_us s=&#8221;Anfrage Zubeh\u00f6r und Verbrauchsmaterialien &#8211; Chemikalien zum Entkalken&#8221; request_type=&#8221;Other&#8221; country=&#8221;Germany&#8221; container=&#8221;elxcontactus1484304163&#8243; r=&#8221;Ich m\u00f6chte mehr erfahren \u00fcber Zubeh\u00f6r und Verbrauchsmaterialien f\u00fcr die Entkalkung. Bitte kontaktieren Sie mich.&#8221; l=&#8221;de&#8221;][vc_empty_space][\/vc_column][\/vc_row]<\/p>\n","protected":false},"excerpt":{"rendered":"<p>[vc_row full_width=&#8221;electroluxpro-full-width-no-padding&#8221;][vc_column][elx_image_block background_image=&#8221;18632&#8243; minimum_height=&#8221;400px&#8221;][\/vc_column][\/vc_row][vc_row][vc_column][elx_menu menu_name=&#8221;Zubeh\u00f6r Food&#8221;][vc_empty_space][elx_heading font_container=&#8221;h1&#8243; font_size=&#8221;h3&#8243; text_color=&#8221;electrolux-blue&#8221; text_align=&#8221;text-center&#8221;]Zubeh\u00f6r und Verbrauchsmaterialien Chemikalien zum Entkalken[\/elx_heading][vc_empty_space][vc_empty_space][\/vc_column][\/vc_row][vc_row][vc_column width=&#8221;1\/2&#8243;][vc_single_image image=&#8221;18630&#8243; img_size=&#8221;medium&#8221; alignment=&#8221;center&#8221;][elx_shop_now button_text=&#8221;Jetzt einkaufen&#8221; button_display_block=&#8221;display_block_on&#8221; button_alignment=&#8221;align_center&#8221; button_link=&#8221;url:https%3A%2F%2Fbuy.electroluxprofessional.com%2Fde%2Felectrolux-professional%2Felx0s2362|target:_blank&#8221;][\/vc_column][vc_column width=&#8221;1\/2&#8243;][vc_column_text] C30 Mehrzweck-Entkalker Entfernt wirksam Verkrustungen und Kalkablagerungen aus Sp\u00fclmaschinen und Boilern, gewerbliches Produkt Regelm\u00e4\u00dfige Anwendung von C30 Mehrzweck-Entkalker sorgt f\u00fcr eine effiziente Maschinenfunktion und verlangsamt den normalen Verschlei\u00df Dank geringer [&hellip;]<\/p>\n","protected":false},"author":554,"featured_media":796,"parent":0,"menu_order":0,"comment_status":"closed","ping_status":"closed","template":"","meta":{"footnotes":""},"class_list":["post-18629","page","type-page","status-publish","has-post-thumbnail","hentry"],"acf":[],"yoast_head":"<!-- This site is optimized with the Yoast SEO plugin v23.3 - https:\/\/yoast.com\/wordpress\/plugins\/seo\/ -->\n<title>Zubeh\u00f6r Entkalken | Electrolux Professional<\/title>\n<meta name=\"description\" content=\"Entdecken Sie das feste\/fl\u00fcssige Zubeh\u00f6r und Verbrauchsmaterial f\u00fcr die Entkalkung Ihrer Ger\u00e4te von Electrolux Professional.\" \/>\n<meta name=\"robots\" content=\"index, follow, max-snippet:-1, max-image-preview:large, max-video-preview:-1\" \/>\n<link rel=\"canonical\" href=\"https:\/\/www.electroluxprofessional.com\/de\/chemikalien-zum-entkalken\/\" \/>\n<meta property=\"og:locale\" content=\"de_DE\" \/>\n<meta property=\"og:type\" content=\"article\" \/>\n<meta property=\"og:title\" content=\"Zubeh\u00f6r Entkalken | Electrolux Professional\" \/>\n<meta property=\"og:description\" content=\"Entdecken Sie das feste\/fl\u00fcssige Zubeh\u00f6r und Verbrauchsmaterial f\u00fcr die Entkalkung Ihrer Ger\u00e4te von Electrolux Professional.\" \/>\n<meta property=\"og:url\" content=\"https:\/\/www.electroluxprofessional.com\/de\/chemikalien-zum-entkalken\/\" \/>\n<meta property=\"og:site_name\" content=\"Electrolux Professional Deutschland\" \/>\n<meta property=\"article:modified_time\" content=\"2026-03-24T14:43:16+00:00\" \/>\n<meta property=\"og:image\" content=\"https:\/\/www.electroluxprofessional.com\/de\/wp-content\/uploads\/2016\/08\/detergent-washing-machine.jpg\" \/>\n\t<meta property=\"og:image:width\" content=\"750\" \/>\n\t<meta property=\"og:image:height\" content=\"617\" \/>\n\t<meta property=\"og:image:type\" content=\"image\/jpeg\" \/>\n<meta name=\"twitter:card\" content=\"summary_large_image\" \/>\n<meta name=\"twitter:label1\" content=\"Gesch\u00e4tzte Lesezeit\" \/>\n\t<meta name=\"twitter:data1\" content=\"2 Minuten\" \/>\n<script type=\"application\/ld+json\" class=\"yoast-schema-graph\">{\"@context\":\"https:\/\/schema.org\",\"@graph\":[{\"@type\":\"WebPage\",\"@id\":\"https:\/\/www.electroluxprofessional.com\/de\/chemikalien-zum-entkalken\/\",\"url\":\"https:\/\/www.electroluxprofessional.com\/de\/chemikalien-zum-entkalken\/\",\"name\":\"Zubeh\u00f6r Entkalken | Electrolux Professional\",\"isPartOf\":{\"@id\":\"https:\/\/www.electroluxprofessional.com\/de\/#website\"},\"primaryImageOfPage\":{\"@id\":\"https:\/\/www.electroluxprofessional.com\/de\/chemikalien-zum-entkalken\/#primaryimage\"},\"image\":{\"@id\":\"https:\/\/www.electroluxprofessional.com\/de\/chemikalien-zum-entkalken\/#primaryimage\"},\"thumbnailUrl\":\"https:\/\/www.electroluxprofessional.com\/de\/wp-content\/uploads\/2016\/08\/detergent-washing-machine.jpg\",\"datePublished\":\"2023-03-21T11:47:08+00:00\",\"dateModified\":\"2026-03-24T14:43:16+00:00\",\"description\":\"Entdecken Sie das feste\/fl\u00fcssige Zubeh\u00f6r und Verbrauchsmaterial f\u00fcr die Entkalkung Ihrer Ger\u00e4te von Electrolux Professional.\",\"breadcrumb\":{\"@id\":\"https:\/\/www.electroluxprofessional.com\/de\/chemikalien-zum-entkalken\/#breadcrumb\"},\"inLanguage\":\"de-DE\",\"potentialAction\":[{\"@type\":\"ReadAction\",\"target\":[\"https:\/\/www.electroluxprofessional.com\/de\/chemikalien-zum-entkalken\/\"]}]},{\"@type\":\"ImageObject\",\"inLanguage\":\"de-DE\",\"@id\":\"https:\/\/www.electroluxprofessional.com\/de\/chemikalien-zum-entkalken\/#primaryimage\",\"url\":\"https:\/\/www.electroluxprofessional.com\/de\/wp-content\/uploads\/2016\/08\/detergent-washing-machine.jpg\",\"contentUrl\":\"https:\/\/www.electroluxprofessional.com\/de\/wp-content\/uploads\/2016\/08\/detergent-washing-machine.jpg\",\"width\":750,\"height\":617,\"caption\":\"dishwasher rinse\"},{\"@type\":\"BreadcrumbList\",\"@id\":\"https:\/\/www.electroluxprofessional.com\/de\/chemikalien-zum-entkalken\/#breadcrumb\",\"itemListElement\":[{\"@type\":\"ListItem\",\"position\":1,\"name\":\"Startseite\",\"item\":\"https:\/\/www.electroluxprofessional.com\/de\/\"},{\"@type\":\"ListItem\",\"position\":2,\"name\":\"Zubeh\u00f6r und Verbrauchsmaterialien &#8211; Chemikalien zum Entkalken\"}]},{\"@type\":\"WebSite\",\"@id\":\"https:\/\/www.electroluxprofessional.com\/de\/#website\",\"url\":\"https:\/\/www.electroluxprofessional.com\/de\/\",\"name\":\"Electrolux Professional Deutschland\",\"description\":\"\",\"potentialAction\":[{\"@type\":\"SearchAction\",\"target\":{\"@type\":\"EntryPoint\",\"urlTemplate\":\"https:\/\/www.electroluxprofessional.com\/de\/?src={search_term_string}\"},\"query-input\":\"required name=search_term_string\"}],\"inLanguage\":\"de-DE\"}]}<\/script>\n<!-- \/ Yoast SEO plugin. -->","yoast_head_json":{"title":"Zubeh\u00f6r Entkalken | Electrolux Professional","description":"Entdecken Sie das feste\/fl\u00fcssige Zubeh\u00f6r und Verbrauchsmaterial f\u00fcr die Entkalkung Ihrer Ger\u00e4te von Electrolux Professional.","robots":{"index":"index","follow":"follow","max-snippet":"max-snippet:-1","max-image-preview":"max-image-preview:large","max-video-preview":"max-video-preview:-1"},"canonical":"https:\/\/www.electroluxprofessional.com\/de\/chemikalien-zum-entkalken\/","og_locale":"de_DE","og_type":"article","og_title":"Zubeh\u00f6r Entkalken | Electrolux Professional","og_description":"Entdecken Sie das feste\/fl\u00fcssige Zubeh\u00f6r und Verbrauchsmaterial f\u00fcr die Entkalkung Ihrer Ger\u00e4te von Electrolux Professional.","og_url":"https:\/\/www.electroluxprofessional.com\/de\/chemikalien-zum-entkalken\/","og_site_name":"Electrolux Professional Deutschland","article_modified_time":"2026-03-24T14:43:16+00:00","og_image":[{"width":750,"height":617,"url":"https:\/\/www.electroluxprofessional.com\/de\/wp-content\/uploads\/2016\/08\/detergent-washing-machine.jpg","type":"image\/jpeg"}],"twitter_card":"summary_large_image","twitter_misc":{"Gesch\u00e4tzte Lesezeit":"2 Minuten"},"schema":{"@context":"https:\/\/schema.org","@graph":[{"@type":"WebPage","@id":"https:\/\/www.electroluxprofessional.com\/de\/chemikalien-zum-entkalken\/","url":"https:\/\/www.electroluxprofessional.com\/de\/chemikalien-zum-entkalken\/","name":"Zubeh\u00f6r Entkalken | Electrolux Professional","isPartOf":{"@id":"https:\/\/www.electroluxprofessional.com\/de\/#website"},"primaryImageOfPage":{"@id":"https:\/\/www.electroluxprofessional.com\/de\/chemikalien-zum-entkalken\/#primaryimage"},"image":{"@id":"https:\/\/www.electroluxprofessional.com\/de\/chemikalien-zum-entkalken\/#primaryimage"},"thumbnailUrl":"https:\/\/www.electroluxprofessional.com\/de\/wp-content\/uploads\/2016\/08\/detergent-washing-machine.jpg","datePublished":"2023-03-21T11:47:08+00:00","dateModified":"2026-03-24T14:43:16+00:00","description":"Entdecken Sie das feste\/fl\u00fcssige Zubeh\u00f6r und Verbrauchsmaterial f\u00fcr die Entkalkung Ihrer Ger\u00e4te von Electrolux Professional.","breadcrumb":{"@id":"https:\/\/www.electroluxprofessional.com\/de\/chemikalien-zum-entkalken\/#breadcrumb"},"inLanguage":"de-DE","potentialAction":[{"@type":"ReadAction","target":["https:\/\/www.electroluxprofessional.com\/de\/chemikalien-zum-entkalken\/"]}]},{"@type":"ImageObject","inLanguage":"de-DE","@id":"https:\/\/www.electroluxprofessional.com\/de\/chemikalien-zum-entkalken\/#primaryimage","url":"https:\/\/www.electroluxprofessional.com\/de\/wp-content\/uploads\/2016\/08\/detergent-washing-machine.jpg","contentUrl":"https:\/\/www.electroluxprofessional.com\/de\/wp-content\/uploads\/2016\/08\/detergent-washing-machine.jpg","width":750,"height":617,"caption":"dishwasher rinse"},{"@type":"BreadcrumbList","@id":"https:\/\/www.electroluxprofessional.com\/de\/chemikalien-zum-entkalken\/#breadcrumb","itemListElement":[{"@type":"ListItem","position":1,"name":"Startseite","item":"https:\/\/www.electroluxprofessional.com\/de\/"},{"@type":"ListItem","position":2,"name":"Zubeh\u00f6r und Verbrauchsmaterialien &#8211; Chemikalien zum Entkalken"}]},{"@type":"WebSite","@id":"https:\/\/www.electroluxprofessional.com\/de\/#website","url":"https:\/\/www.electroluxprofessional.com\/de\/","name":"Electrolux Professional Deutschland","description":"","potentialAction":[{"@type":"SearchAction","target":{"@type":"EntryPoint","urlTemplate":"https:\/\/www.electroluxprofessional.com\/de\/?src={search_term_string}"},"query-input":"required name=search_term_string"}],"inLanguage":"de-DE"}]}},"_links":{"self":[{"href":"https:\/\/www.electroluxprofessional.com\/de\/wp-json\/wp\/v2\/pages\/18629"}],"collection":[{"href":"https:\/\/www.electroluxprofessional.com\/de\/wp-json\/wp\/v2\/pages"}],"about":[{"href":"https:\/\/www.electroluxprofessional.com\/de\/wp-json\/wp\/v2\/types\/page"}],"author":[{"embeddable":true,"href":"https:\/\/www.electroluxprofessional.com\/de\/wp-json\/wp\/v2\/users\/554"}],"replies":[{"embeddable":true,"href":"https:\/\/www.electroluxprofessional.com\/de\/wp-json\/wp\/v2\/comments?post=18629"}],"version-history":[{"count":10,"href":"https:\/\/www.electroluxprofessional.com\/de\/wp-json\/wp\/v2\/pages\/18629\/revisions"}],"predecessor-version":[{"id":27576,"href":"https:\/\/www.electroluxprofessional.com\/de\/wp-json\/wp\/v2\/pages\/18629\/revisions\/27576"}],"wp:featuredmedia":[{"embeddable":true,"href":"https:\/\/www.electroluxprofessional.com\/de\/wp-json\/wp\/v2\/media\/796"}],"wp:attachment":[{"href":"https:\/\/www.electroluxprofessional.com\/de\/wp-json\/wp\/v2\/media?parent=18629"}],"curies":[{"name":"wp","href":"https:\/\/api.w.org\/{rel}","templated":true}]}}