{"id":18279,"date":"2023-02-13T12:15:59","date_gmt":"2023-02-13T12:15:59","guid":{"rendered":"https:\/\/www.electroluxprofessional.com\/de\/?page_id=18279"},"modified":"2026-03-24T13:50:45","modified_gmt":"2026-03-24T12:50:45","slug":"mypro-ontour","status":"publish","type":"page","link":"https:\/\/www.electroluxprofessional.com\/de\/waeschereitechnik\/mypro-ontour\/","title":{"rendered":"myPRO Roadshow"},"content":{"rendered":"<p>[vc_row full_width=&#8221;electroluxpro-full-width-no-padding&#8221; disable_element=&#8221;yes&#8221; css=&#8221;.vc_custom_1762157427503{margin-top: -30px !important;border-top-width: -30px !important;padding-top: -30px !important;}&#8221;][vc_column][elx_master_slider slide_order_1=&#8221;1&#8243; title_1=&#8221;&#8221; text_1=&#8221;&#8221; slide_order_2=&#8221;2&#8243; slide_order_3=&#8221;3&#8243; slide_order_4=&#8221;4&#8243; background_image_media_library_1=&#8221;25313&#8243; background_image_media_library_mobile_1=&#8221;25314&#8243; link_1=&#8221;url:%23roadshow&#8221;][\/vc_column][\/vc_row][vc_row full_width=&#8221;electroluxpro-full-width-no-padding&#8221; css=&#8221;.vc_custom_1762157598708{margin-top: -30px !important;border-top-width: -30px !important;padding-top: -30px !important;}&#8221;][vc_column][elx_master_slider slide_order_1=&#8221;1&#8243; title_1=&#8221;&#8221; text_1=&#8221;&#8221; slide_order_2=&#8221;2&#8243; slide_order_3=&#8221;3&#8243; slide_order_4=&#8221;4&#8243; background_image_media_library_1=&#8221;20087&#8243; background_image_media_library_mobile_1=&#8221;20088&#8243; link_1=&#8221;url:%23roadshow&#8221;][\/vc_column][\/vc_row][vc_row][vc_column][vc_empty_space height=&#8221;15px&#8221;][vc_empty_space][vc_column_text]<\/p>\n<h3 style=\"text-align: center;\"><em>Die myPRO Roadshow legt derzeit eine Pause ein \u2013 neue Termine ver\u00f6ffentlichen wir hier, sobald sie feststehen.<\/em><\/h3>\n<p>[\/vc_column_text][vc_empty_space][vc_empty_space][\/vc_column][\/vc_row][vc_row][vc_column][vc_row_inner][vc_column_inner][vc_column_text]<\/p>\n<h1 style=\"text-align: center;\">Wir <img loading=\"lazy\" decoding=\"async\" class=\"alignnone wp-image-22395\" src=\"https:\/\/www.electroluxprofessional.com\/de\/wp-content\/uploads\/2024\/03\/Herz-150x144.png\" alt=\"myPRO Roadshow \u2013 f\u00fcr Sie auf Tour mit Ger\u00e4ten von Electrolux Professional\" width=\"90\" height=\"83\" \/>es, Sie live zu \u00fcberzeugen!<\/h1>\n<p>[\/vc_column_text][\/vc_column_inner][\/vc_row_inner][\/vc_column][\/vc_row][vc_row disable_element=&#8221;yes&#8221;][vc_column][vc_empty_space][vc_row_inner css=&#8221;.vc_custom_1699439893262{background-color: #dbe7f3 !important;border-radius: 3px !important;}&#8221;][vc_column_inner width=&#8221;1\/6&#8243;][vc_empty_space height=&#8221;15px&#8221;][vc_single_image image=&#8221;20250&#8243; img_size=&#8221;medium&#8221; alignment=&#8221;right&#8221; css=&#8221;.vc_custom_1690184144561{padding-top: px !important;padding-bottom: 15px !important;}&#8221;][\/vc_column_inner][vc_column_inner width=&#8221;3\/6&#8243;][vc_empty_space][vc_column_text css=&#8221;.vc_custom_1690184101812{padding-top: 15px !important;}&#8221;]<span style=\"color: #041d41;\"><strong>Philip Spitzweg ist in Ostdeutschland <em>on Tour<\/em><\/strong><\/span><\/p>\n<p><span style=\"color: #041d41;\">Mobil: +49 160 970 813 52<br \/>\n<\/span><span style=\"color: #041d41;\">E-Mail: <a style=\"color: #041d41;\" href=\"mailto:philip.spitzweg@electroluxprofessional.com\">philip.spitzweg@electroluxprofessional.com<\/a><\/span>[\/vc_column_text][\/vc_column_inner][vc_column_inner width=&#8221;2\/6&#8243;][vc_empty_space][vc_single_image image=&#8221;18283&#8243; img_size=&#8221;medium&#8221; css=&#8221;.vc_custom_1676973153973{padding-top: 20px !important;}&#8221;][\/vc_column_inner][\/vc_row_inner][\/vc_column][\/vc_row][vc_row][vc_column width=&#8221;1\/2&#8243;][vc_empty_space][vc_empty_space][vc_column_text]<\/p>\n<h2 style=\"text-align: center;\">myPRO Waschmaschinen &amp; Trockner<br \/>\nWE170P \/ TE1120HP<\/h2>\n<p style=\"text-align: center;\">Die smart-professionellen W\u00e4schereil\u00f6sungen f\u00fcr Unternehmen mit einem Bedarf an leistungsstarken und langlebigen Waschsystemen sind robuster und schneller als herk\u00f6mmliche Haushaltsger\u00e4te.<\/p>\n<p>[\/vc_column_text][vc_single_image image=&#8221;18289&#8243; img_size=&#8221;medium&#8221; alignment=&#8221;center&#8221;][vc_empty_space][elx_button button_text=&#8221;Mehr \u00fcber die myPRO Waschmaschinen &amp; Trockner erfahren&#8221; button_style=&#8221;default&#8221; button_display_block=&#8221;display_block_on&#8221; button_alignment=&#8221;align_center&#8221; button_link=&#8221;url:https%3A%2F%2Fwww.electroluxprofessional.com%2Fde%2Fwaeschereitechnik%2Fmypro-waschmaschinen-trockner-und-mangeln-fuer-kleingewerbe%2F|target:_blank&#8221;][vc_empty_space][\/vc_column][vc_column width=&#8221;1\/2&#8243;][vc_empty_space][vc_empty_space][vc_column_text]<\/p>\n<h2 style=\"text-align: center;\">myPRO Untertischsp\u00fclmaschine<br \/>\nDW8548<\/h2>\n<p style=\"text-align: center;\">Die professionelle myPRO Untertischsp\u00fclmaschine wurde speziell f\u00fcr Unternehmen mit einem Bedarf an leistungsstarken und langlebigen Sp\u00fclsystemen entwickelt und sp\u00fclt bei 85\u00b0C 48 K\u00f6rbe pro Stunde.<\/p>\n<p>[\/vc_column_text][vc_empty_space][vc_single_image image=&#8221;18288&#8243; img_size=&#8221;medium&#8221; alignment=&#8221;center&#8221;][elx_button button_text=&#8221;Mehr \u00fcber die myPRO Untertischsp\u00fclmaschine erfahren&#8221; button_style=&#8221;default&#8221; button_display_block=&#8221;display_block_on&#8221; button_alignment=&#8221;align_center&#8221; button_link=&#8221;url:https%3A%2F%2Fwww.electroluxprofessional.com%2Fde%2Fgrosskuechentechnik%2Fmypro-untertischspuelmaschine%2F|target:_blank&#8221;][\/vc_column][\/vc_row][vc_row disable_element=&#8221;yes&#8221; el_id=&#8221;roadshow&#8221;][vc_column][vc_empty_space height=&#8221;15px&#8221;][vc_empty_space][vc_column_text]<\/p>\n<h2 style=\"text-align: center;\">Tourplanung 2025<\/h2>\n<p style=\"text-align: center;\">Sehen Sie hier wann der myPRO Bus in Ihrer N\u00e4he ist:<img loading=\"lazy\" decoding=\"async\" class=\"aligncenter wp-image-24446 size-large\" src=\"https:\/\/www.electroluxprofessional.com\/de\/wp-content\/uploads\/2025\/02\/24075_EPR_0S0781_myPRO-Roadshow-2025_Tourplanung-927x1024.jpg\" alt=\"myPRO Roadshow \u2013 f\u00fcr Sie auf Tour mit Ger\u00e4ten von Electrolux Professional\" width=\"640\" height=\"707\" srcset=\"https:\/\/www.electroluxprofessional.com\/de\/wp-content\/uploads\/2025\/02\/24075_EPR_0S0781_myPRO-Roadshow-2025_Tourplanung-927x1024.jpg 927w, https:\/\/www.electroluxprofessional.com\/de\/wp-content\/uploads\/2025\/02\/24075_EPR_0S0781_myPRO-Roadshow-2025_Tourplanung-271x300.jpg 271w, https:\/\/www.electroluxprofessional.com\/de\/wp-content\/uploads\/2025\/02\/24075_EPR_0S0781_myPRO-Roadshow-2025_Tourplanung-768x849.jpg 768w, https:\/\/www.electroluxprofessional.com\/de\/wp-content\/uploads\/2025\/02\/24075_EPR_0S0781_myPRO-Roadshow-2025_Tourplanung.jpg 1000w\" sizes=\"(max-width: 640px) 100vw, 640px\" \/><\/p>\n<p style=\"text-align: center;\">Schicken Sie uns gerne eine E-Mail an <a href=\"mailto:marketing.dach@electroluxprofessional.com?subject=myPRO Roadshow 2024\">marketing.dach@electroluxprofessional.com<\/a><br \/>\nund fragen Sie Ihren Wunschtermin an.[\/vc_column_text][vc_empty_space][vc_empty_space][\/vc_column][\/vc_row][vc_row el_id=&#8221;Kontakt&#8221;][vc_column][vc_empty_space][vc_empty_space][elx_heading font_size=&#8221;h4&#8243; text_color=&#8221;electrolux-blue&#8221; text_align=&#8221;text-center&#8221;]Sie m\u00f6chten myPRO von Electrolux Professional und die Vorteile f\u00fcr Ihr Unternehmen kennenlernen? Kontaktieren Sie uns hier f\u00fcr mehr Informationen zu unseren myPRO L\u00f6sungen:[\/elx_heading][vc_empty_space][elx_o2000_contact_us s=&#8221;Informationsanfrage zu L\u00f6sungen f\u00fcr Ferienunterk\u00fcnfte&#8221; campaign=&#8221;701SX000002SvztYAC&#8221; request_type=&#8221;Other&#8221; country=&#8221;Germany&#8221; b=&#8221;laundry-semi-professional&#8221; r=&#8221;Ich w\u00fcrde gerne mehr \u00fcber die L\u00f6sungen f\u00fcr Ferienunterk\u00fcnfte erfahren&#8230;&#8221; l=&#8221;fr&#8221;][vc_empty_space height=&#8221;52px&#8221;][\/vc_column][\/vc_row]<\/p>\n","protected":false},"excerpt":{"rendered":"<p>[vc_row full_width=&#8221;electroluxpro-full-width-no-padding&#8221; disable_element=&#8221;yes&#8221; css=&#8221;.vc_custom_1762157427503{margin-top: -30px !important;border-top-width: -30px !important;padding-top: -30px !important;}&#8221;][vc_column][elx_master_slider slide_order_1=&#8221;1&#8243; title_1=&#8221;&#8221; text_1=&#8221;&#8221; slide_order_2=&#8221;2&#8243; slide_order_3=&#8221;3&#8243; slide_order_4=&#8221;4&#8243; background_image_media_library_1=&#8221;25313&#8243; background_image_media_library_mobile_1=&#8221;25314&#8243; link_1=&#8221;url:%23roadshow&#8221;][\/vc_column][\/vc_row][vc_row full_width=&#8221;electroluxpro-full-width-no-padding&#8221; css=&#8221;.vc_custom_1762157598708{margin-top: -30px !important;border-top-width: -30px !important;padding-top: -30px !important;}&#8221;][vc_column][elx_master_slider slide_order_1=&#8221;1&#8243; title_1=&#8221;&#8221; text_1=&#8221;&#8221; slide_order_2=&#8221;2&#8243; slide_order_3=&#8221;3&#8243; slide_order_4=&#8221;4&#8243; background_image_media_library_1=&#8221;20087&#8243; background_image_media_library_mobile_1=&#8221;20088&#8243; link_1=&#8221;url:%23roadshow&#8221;][\/vc_column][\/vc_row][vc_row][vc_column][vc_empty_space height=&#8221;15px&#8221;][vc_empty_space][vc_column_text] Die myPRO Roadshow legt derzeit eine Pause ein \u2013 neue Termine ver\u00f6ffentlichen wir hier, sobald sie feststehen. [\/vc_column_text][vc_empty_space][vc_empty_space][\/vc_column][\/vc_row][vc_row][vc_column][vc_row_inner][vc_column_inner][vc_column_text] [&hellip;]<\/p>\n","protected":false},"author":554,"featured_media":18803,"parent":745,"menu_order":0,"comment_status":"closed","ping_status":"closed","template":"","meta":{"footnotes":""},"class_list":["post-18279","page","type-page","status-publish","has-post-thumbnail","hentry"],"acf":[],"yoast_head":"<!-- This site is optimized with the Yoast SEO plugin v23.3 - https:\/\/yoast.com\/wordpress\/plugins\/seo\/ -->\n<title>myPRO Roadshow | Electrolux Professional<\/title>\n<meta name=\"description\" content=\"Entdecken Sie unsere smart-professionellen myPRO W\u00e4schereil\u00f6sungen auf ihrer Tour durch Deutschland und \u00d6sterreich.\" \/>\n<meta name=\"robots\" content=\"index, follow, max-snippet:-1, max-image-preview:large, max-video-preview:-1\" \/>\n<link rel=\"canonical\" href=\"https:\/\/www.electroluxprofessional.com\/de\/waeschereitechnik\/mypro-ontour\/\" \/>\n<meta property=\"og:locale\" content=\"de_DE\" \/>\n<meta property=\"og:type\" content=\"article\" \/>\n<meta property=\"og:title\" content=\"myPRO Roadshow | Electrolux Professional\" \/>\n<meta property=\"og:description\" content=\"Entdecken Sie unsere smart-professionellen myPRO W\u00e4schereil\u00f6sungen auf ihrer Tour durch Deutschland und \u00d6sterreich.\" \/>\n<meta property=\"og:url\" content=\"https:\/\/www.electroluxprofessional.com\/de\/waeschereitechnik\/mypro-ontour\/\" \/>\n<meta property=\"og:site_name\" content=\"Electrolux Professional Deutschland\" \/>\n<meta property=\"article:modified_time\" content=\"2026-03-24T12:50:45+00:00\" \/>\n<meta property=\"og:image\" content=\"https:\/\/www.electroluxprofessional.com\/de\/wp-content\/uploads\/2023\/04\/myPRO-Roadshow_Banner_966x712.jpg\" \/>\n\t<meta property=\"og:image:width\" content=\"966\" \/>\n\t<meta property=\"og:image:height\" content=\"712\" \/>\n\t<meta property=\"og:image:type\" content=\"image\/jpeg\" \/>\n<meta name=\"twitter:card\" content=\"summary_large_image\" \/>\n<meta name=\"twitter:label1\" content=\"Gesch\u00e4tzte Lesezeit\" \/>\n\t<meta name=\"twitter:data1\" content=\"3 Minuten\" \/>\n<script type=\"application\/ld+json\" class=\"yoast-schema-graph\">{\"@context\":\"https:\/\/schema.org\",\"@graph\":[{\"@type\":\"WebPage\",\"@id\":\"https:\/\/www.electroluxprofessional.com\/de\/waeschereitechnik\/mypro-ontour\/\",\"url\":\"https:\/\/www.electroluxprofessional.com\/de\/waeschereitechnik\/mypro-ontour\/\",\"name\":\"myPRO Roadshow | Electrolux Professional\",\"isPartOf\":{\"@id\":\"https:\/\/www.electroluxprofessional.com\/de\/#website\"},\"primaryImageOfPage\":{\"@id\":\"https:\/\/www.electroluxprofessional.com\/de\/waeschereitechnik\/mypro-ontour\/#primaryimage\"},\"image\":{\"@id\":\"https:\/\/www.electroluxprofessional.com\/de\/waeschereitechnik\/mypro-ontour\/#primaryimage\"},\"thumbnailUrl\":\"https:\/\/www.electroluxprofessional.com\/de\/wp-content\/uploads\/2023\/04\/myPRO-Roadshow_Banner_966x712.jpg\",\"datePublished\":\"2023-02-13T12:15:59+00:00\",\"dateModified\":\"2026-03-24T12:50:45+00:00\",\"description\":\"Entdecken Sie unsere smart-professionellen myPRO W\u00e4schereil\u00f6sungen auf ihrer Tour durch Deutschland und \u00d6sterreich.\",\"breadcrumb\":{\"@id\":\"https:\/\/www.electroluxprofessional.com\/de\/waeschereitechnik\/mypro-ontour\/#breadcrumb\"},\"inLanguage\":\"de-DE\",\"potentialAction\":[{\"@type\":\"ReadAction\",\"target\":[\"https:\/\/www.electroluxprofessional.com\/de\/waeschereitechnik\/mypro-ontour\/\"]}]},{\"@type\":\"ImageObject\",\"inLanguage\":\"de-DE\",\"@id\":\"https:\/\/www.electroluxprofessional.com\/de\/waeschereitechnik\/mypro-ontour\/#primaryimage\",\"url\":\"https:\/\/www.electroluxprofessional.com\/de\/wp-content\/uploads\/2023\/04\/myPRO-Roadshow_Banner_966x712.jpg\",\"contentUrl\":\"https:\/\/www.electroluxprofessional.com\/de\/wp-content\/uploads\/2023\/04\/myPRO-Roadshow_Banner_966x712.jpg\",\"width\":966,\"height\":712,\"caption\":\"myPRO Roadshow \u2013 f\u00fcr Sie auf Tour mit Ger\u00e4ten von Electrolux Professional\"},{\"@type\":\"BreadcrumbList\",\"@id\":\"https:\/\/www.electroluxprofessional.com\/de\/waeschereitechnik\/mypro-ontour\/#breadcrumb\",\"itemListElement\":[{\"@type\":\"ListItem\",\"position\":1,\"name\":\"Startseite\",\"item\":\"https:\/\/www.electroluxprofessional.com\/de\/\"},{\"@type\":\"ListItem\",\"position\":2,\"name\":\"W\u00e4schereitechnik\",\"item\":\"https:\/\/www.electroluxprofessional.com\/de\/waeschereitechnik\/\"},{\"@type\":\"ListItem\",\"position\":3,\"name\":\"myPRO Roadshow\"}]},{\"@type\":\"WebSite\",\"@id\":\"https:\/\/www.electroluxprofessional.com\/de\/#website\",\"url\":\"https:\/\/www.electroluxprofessional.com\/de\/\",\"name\":\"Electrolux Professional Deutschland\",\"description\":\"\",\"potentialAction\":[{\"@type\":\"SearchAction\",\"target\":{\"@type\":\"EntryPoint\",\"urlTemplate\":\"https:\/\/www.electroluxprofessional.com\/de\/?src={search_term_string}\"},\"query-input\":\"required name=search_term_string\"}],\"inLanguage\":\"de-DE\"}]}<\/script>\n<!-- \/ Yoast SEO plugin. -->","yoast_head_json":{"title":"myPRO Roadshow | Electrolux Professional","description":"Entdecken Sie unsere smart-professionellen myPRO W\u00e4schereil\u00f6sungen auf ihrer Tour durch Deutschland und \u00d6sterreich.","robots":{"index":"index","follow":"follow","max-snippet":"max-snippet:-1","max-image-preview":"max-image-preview:large","max-video-preview":"max-video-preview:-1"},"canonical":"https:\/\/www.electroluxprofessional.com\/de\/waeschereitechnik\/mypro-ontour\/","og_locale":"de_DE","og_type":"article","og_title":"myPRO Roadshow | Electrolux Professional","og_description":"Entdecken Sie unsere smart-professionellen myPRO W\u00e4schereil\u00f6sungen auf ihrer Tour durch Deutschland und \u00d6sterreich.","og_url":"https:\/\/www.electroluxprofessional.com\/de\/waeschereitechnik\/mypro-ontour\/","og_site_name":"Electrolux Professional Deutschland","article_modified_time":"2026-03-24T12:50:45+00:00","og_image":[{"width":966,"height":712,"url":"https:\/\/www.electroluxprofessional.com\/de\/wp-content\/uploads\/2023\/04\/myPRO-Roadshow_Banner_966x712.jpg","type":"image\/jpeg"}],"twitter_card":"summary_large_image","twitter_misc":{"Gesch\u00e4tzte Lesezeit":"3 Minuten"},"schema":{"@context":"https:\/\/schema.org","@graph":[{"@type":"WebPage","@id":"https:\/\/www.electroluxprofessional.com\/de\/waeschereitechnik\/mypro-ontour\/","url":"https:\/\/www.electroluxprofessional.com\/de\/waeschereitechnik\/mypro-ontour\/","name":"myPRO Roadshow | Electrolux Professional","isPartOf":{"@id":"https:\/\/www.electroluxprofessional.com\/de\/#website"},"primaryImageOfPage":{"@id":"https:\/\/www.electroluxprofessional.com\/de\/waeschereitechnik\/mypro-ontour\/#primaryimage"},"image":{"@id":"https:\/\/www.electroluxprofessional.com\/de\/waeschereitechnik\/mypro-ontour\/#primaryimage"},"thumbnailUrl":"https:\/\/www.electroluxprofessional.com\/de\/wp-content\/uploads\/2023\/04\/myPRO-Roadshow_Banner_966x712.jpg","datePublished":"2023-02-13T12:15:59+00:00","dateModified":"2026-03-24T12:50:45+00:00","description":"Entdecken Sie unsere smart-professionellen myPRO W\u00e4schereil\u00f6sungen auf ihrer Tour durch Deutschland und \u00d6sterreich.","breadcrumb":{"@id":"https:\/\/www.electroluxprofessional.com\/de\/waeschereitechnik\/mypro-ontour\/#breadcrumb"},"inLanguage":"de-DE","potentialAction":[{"@type":"ReadAction","target":["https:\/\/www.electroluxprofessional.com\/de\/waeschereitechnik\/mypro-ontour\/"]}]},{"@type":"ImageObject","inLanguage":"de-DE","@id":"https:\/\/www.electroluxprofessional.com\/de\/waeschereitechnik\/mypro-ontour\/#primaryimage","url":"https:\/\/www.electroluxprofessional.com\/de\/wp-content\/uploads\/2023\/04\/myPRO-Roadshow_Banner_966x712.jpg","contentUrl":"https:\/\/www.electroluxprofessional.com\/de\/wp-content\/uploads\/2023\/04\/myPRO-Roadshow_Banner_966x712.jpg","width":966,"height":712,"caption":"myPRO Roadshow \u2013 f\u00fcr Sie auf Tour mit Ger\u00e4ten von Electrolux Professional"},{"@type":"BreadcrumbList","@id":"https:\/\/www.electroluxprofessional.com\/de\/waeschereitechnik\/mypro-ontour\/#breadcrumb","itemListElement":[{"@type":"ListItem","position":1,"name":"Startseite","item":"https:\/\/www.electroluxprofessional.com\/de\/"},{"@type":"ListItem","position":2,"name":"W\u00e4schereitechnik","item":"https:\/\/www.electroluxprofessional.com\/de\/waeschereitechnik\/"},{"@type":"ListItem","position":3,"name":"myPRO Roadshow"}]},{"@type":"WebSite","@id":"https:\/\/www.electroluxprofessional.com\/de\/#website","url":"https:\/\/www.electroluxprofessional.com\/de\/","name":"Electrolux Professional Deutschland","description":"","potentialAction":[{"@type":"SearchAction","target":{"@type":"EntryPoint","urlTemplate":"https:\/\/www.electroluxprofessional.com\/de\/?src={search_term_string}"},"query-input":"required name=search_term_string"}],"inLanguage":"de-DE"}]}},"_links":{"self":[{"href":"https:\/\/www.electroluxprofessional.com\/de\/wp-json\/wp\/v2\/pages\/18279"}],"collection":[{"href":"https:\/\/www.electroluxprofessional.com\/de\/wp-json\/wp\/v2\/pages"}],"about":[{"href":"https:\/\/www.electroluxprofessional.com\/de\/wp-json\/wp\/v2\/types\/page"}],"author":[{"embeddable":true,"href":"https:\/\/www.electroluxprofessional.com\/de\/wp-json\/wp\/v2\/users\/554"}],"replies":[{"embeddable":true,"href":"https:\/\/www.electroluxprofessional.com\/de\/wp-json\/wp\/v2\/comments?post=18279"}],"version-history":[{"count":72,"href":"https:\/\/www.electroluxprofessional.com\/de\/wp-json\/wp\/v2\/pages\/18279\/revisions"}],"predecessor-version":[{"id":27497,"href":"https:\/\/www.electroluxprofessional.com\/de\/wp-json\/wp\/v2\/pages\/18279\/revisions\/27497"}],"up":[{"embeddable":true,"href":"https:\/\/www.electroluxprofessional.com\/de\/wp-json\/wp\/v2\/pages\/745"}],"wp:featuredmedia":[{"embeddable":true,"href":"https:\/\/www.electroluxprofessional.com\/de\/wp-json\/wp\/v2\/media\/18803"}],"wp:attachment":[{"href":"https:\/\/www.electroluxprofessional.com\/de\/wp-json\/wp\/v2\/media?parent=18279"}],"curies":[{"name":"wp","href":"https:\/\/api.w.org\/{rel}","templated":true}]}}