{"id":1773,"date":"2017-02-15T16:28:47","date_gmt":"2017-02-15T16:28:47","guid":{"rendered":"https:\/\/www.electroluxprofessional.com\/?page_id=9548"},"modified":"2025-09-01T12:02:39","modified_gmt":"2025-09-01T12:02:39","slug":"partner-bereich","status":"publish","type":"page","link":"https:\/\/www.electroluxprofessional.com\/de\/partner-bereich\/","title":{"rendered":"Partner-Bereich"},"content":{"rendered":"<p>[vc_row full_width=&#8221;electroluxpro-full-width-no-padding&#8221;][vc_column][elx_hero_title label=&#8221;&#8221; background_image=&#8221;637&#8243;][elx_heading font_container=&#8221;h1&#8243; font_size=&#8221;h3&#8243; text_color=&#8221;white&#8221; text_align=&#8221;text-center&#8221;]Partners Area[\/elx_heading][\/elx_hero_title][\/vc_column][\/vc_row][vc_row][vc_column][vc_empty_space][elx_button button_text=&#8221;Technikerschulungen: hier geht&#8217;s zur Buchung&#8221; button_style=&#8221;secondary&#8221; button_display_block=&#8221;display_block_on&#8221; button_alignment=&#8221;align_center&#8221; button_link=&#8221;url:https%3A%2F%2Foutlook.office.com%2Fbook%2FTechnikerschulungen2025%40electroluxprofessional.com%2F%3Fismsaljsauthenabled|target:_blank&#8221;][\/vc_column][\/vc_row][vc_row][vc_column][vc_empty_space][\/vc_column][\/vc_row][vc_row][vc_column width=&#8221;1\/2&#8243;][vc_empty_space height=&#8221;22px&#8221;][vc_single_image image=&#8221;4831&#8243; img_size=&#8221;full&#8221; onclick=&#8221;custom_link&#8221; link=&#8221;https:\/\/toolbox.epr-apps.com\/&#8221;][\/vc_column][vc_column width=&#8221;1\/2&#8243;][elx_heading font_size=&#8221;h3&#8243; text_color=&#8221;inherit&#8221;]Partner-Bereich[\/elx_heading][vc_column_text css=&#8221;.vc_custom_1491833453760{margin-bottom: 10px !important;border-bottom-width: 10px !important;padding-bottom: 10px !important;}&#8221;]Die ToolBox ist der private Bereich, in dem unsere Partner auf die Tools f\u00fcr <strong>pre-sales<\/strong>, <strong>sales<\/strong> und <strong>after-sales<\/strong> Aktivit\u00e4ten zugreifen k\u00f6nnen.\u00a0Sie sind noch nicht registriert?\u00a0Keine Sorge, Sie m\u00fcssen nur das Registrierungs-Formular ausf\u00fcllen. Den Rest erledigen wir![\/vc_column_text][elx_button button_text=&#8221;Toolbox Login und Registrierung&#8221; button_style=&#8221;icon&#8221; css=&#8221;.vc_custom_1626426000189{margin-top: 0px !important;border-top-width: 0px !important;padding-top: 0px !important;}&#8221; button_link=&#8221;url:https%3A%2F%2Ftoolbox.epr-apps.com%2F|title:Toolbox|target:_blank&#8221;][vc_empty_space height=&#8221;5px&#8221;][elx_button button_text=&#8221;Agelux&#8221; button_style=&#8221;icon&#8221; button_link=&#8221;url:https%3A%2F%2Fwebgate.electroluxprofessional.com%2Fdefault.aspx|title:Webgate|target:_blank&#8221;][\/vc_column][\/vc_row][vc_row][vc_column][vc_empty_space][\/vc_column][\/vc_row][vc_row disable_element=&#8221;yes&#8221; matched_labels_activation=&#8221;true&#8221;][vc_column width=&#8221;1\/2&#8243;][elx_image_block background_image=&#8221;1771&#8243; minimum_height=&#8221;220px&#8221;][\/vc_column][vc_column width=&#8221;1\/2&#8243;][vc_column_text css=&#8221;.vc_custom_1491833502918{margin-bottom: 10px !important;}&#8221;]<\/p>\n<h3>Berater-Bereich<\/h3>\n<p>[\/vc_column_text][vc_column_text css=&#8221;.vc_custom_1491833515091{margin-bottom: 10px !important;}&#8221;]Der Aufbau eines Netzwerks mit wichtigen Beratern ist eine wertvolle M\u00f6glichkeit, erfolgreich Ideen auszutauschen.[\/vc_column_text][elx_button button_text=&#8221;K\u00fcche&#8221; button_style=&#8221;icon&#8221; css=&#8221;.vc_custom_1491833524735{margin-top: 0px !important;}&#8221; button_link=&#8221;url:https%3A%2F%2Fwww.electroluxprofessional.com%2Fyour-business%2Fhotel-chains-food-service%2F%23food-service-consultant|title:Consultants||&#8221;][elx_button button_text=&#8221;W\u00e4scherei&#8221; button_style=&#8221;icon&#8221; css=&#8221;.vc_custom_1491833533504{margin-top: 0px !important;}&#8221; button_link=&#8221;url:https%3A%2F%2Fwww.electroluxprofessional.com%2Fyour-business%2Fhotel-chains-laundry-solutions%2F%23laundry-solutions-consultant|title:Consultants||&#8221;][\/vc_column][\/vc_row][vc_row custom_color_row=&#8221;bg-row-light-blue&#8221; css=&#8221;.vc_custom_1739176875824{background-color: #e9eff5 !important;}&#8221;][vc_column][vc_empty_space][elx_heading font_size=&#8221;h4&#8243; text_color=&#8221;electrolux-blue&#8221; text_align=&#8221;text-left&#8221;]Werden Sie ein zertifizierter Servicepartner![\/elx_heading][vc_empty_space height=&#8221;10px&#8221;][vc_column_text]<span class=\"TextRun SCXW26252573 BCX0\" data-contrast=\"none\"><span class=\"NormalTextRun SCXW26252573 BCX0\">Treten Sie unserem zertifizierten Servicenetzwerk bei! Erweitern Sie Ihr Gesch\u00e4ft, indem Sie ein autorisierter Servicepartner werden. Erhalten Sie Zugang zu exklusiven Schulungen, Unterst\u00fctzung und Wachstumschancen.\u00a0<\/span><\/span><span class=\"EOP SCXW26252573 BCX0\" data-ccp-props=\"{&quot;134233117&quot;:true,&quot;201341983&quot;:0,&quot;335557856&quot;:16777215,&quot;335559739&quot;:0,&quot;335559740&quot;:240}\">\u00a0<\/span>[\/vc_column_text][vc_empty_space height=&#8221;25px&#8221;][elx_o2000_contact_us request_type=&#8221;Customer support&#8221; button_mode=&#8221;true&#8221; button_style=&#8221;secondary&#8221; postion_button=&#8221;text-left&#8221; postion_button_mobile=&#8221;text-left-mobile&#8221; text_btn_contact=&#8221;Bewerben Sie sich noch heute!&#8221; r=&#8221;Ich m\u00f6chte kontaktiert werden, um Ihr Servicepartner zu werden. Danke.&#8221;][vc_empty_space height=&#8221;40px&#8221;][\/vc_column][\/vc_row]<\/p>\n","protected":false},"excerpt":{"rendered":"<p>[vc_row full_width=&#8221;electroluxpro-full-width-no-padding&#8221;][vc_column][elx_hero_title label=&#8221;&#8221; background_image=&#8221;637&#8243;][elx_heading font_container=&#8221;h1&#8243; font_size=&#8221;h3&#8243; text_color=&#8221;white&#8221; text_align=&#8221;text-center&#8221;]Partners Area[\/elx_heading][\/elx_hero_title][\/vc_column][\/vc_row][vc_row][vc_column][vc_empty_space][elx_button button_text=&#8221;Technikerschulungen: hier geht&#8217;s zur Buchung&#8221; button_style=&#8221;secondary&#8221; button_display_block=&#8221;display_block_on&#8221; button_alignment=&#8221;align_center&#8221; button_link=&#8221;url:https%3A%2F%2Foutlook.office.com%2Fbook%2FTechnikerschulungen2025%40electroluxprofessional.com%2F%3Fismsaljsauthenabled|target:_blank&#8221;][\/vc_column][\/vc_row][vc_row][vc_column][vc_empty_space][\/vc_column][\/vc_row][vc_row][vc_column width=&#8221;1\/2&#8243;][vc_empty_space height=&#8221;22px&#8221;][vc_single_image image=&#8221;4831&#8243; img_size=&#8221;full&#8221; onclick=&#8221;custom_link&#8221; link=&#8221;https:\/\/toolbox.epr-apps.com\/&#8221;][\/vc_column][vc_column width=&#8221;1\/2&#8243;][elx_heading font_size=&#8221;h3&#8243; text_color=&#8221;inherit&#8221;]Partner-Bereich[\/elx_heading][vc_column_text css=&#8221;.vc_custom_1491833453760{margin-bottom: 10px !important;border-bottom-width: 10px !important;padding-bottom: 10px !important;}&#8221;]Die ToolBox ist der private Bereich, in dem unsere Partner auf die Tools f\u00fcr pre-sales, sales und after-sales Aktivit\u00e4ten zugreifen k\u00f6nnen.\u00a0Sie sind [&hellip;]<\/p>\n","protected":false},"author":5,"featured_media":4831,"parent":0,"menu_order":0,"comment_status":"closed","ping_status":"closed","template":"","meta":{"footnotes":""},"class_list":["post-1773","page","type-page","status-publish","has-post-thumbnail","hentry"],"acf":[],"yoast_head":"<!-- This site is optimized with the Yoast SEO plugin v23.3 - https:\/\/yoast.com\/wordpress\/plugins\/seo\/ -->\n<title>Partner-Bereich und ToolBox bei Electrolux Professional<\/title>\n<meta name=\"description\" content=\"Die ToolBox ist der private Bereich, in dem unsere Partner auf die Tools f\u00fcr pre-sales, sales und after-sales Aktivit\u00e4ten zugreifen k\u00f6nnen.\" \/>\n<meta name=\"robots\" content=\"index, follow, max-snippet:-1, max-image-preview:large, max-video-preview:-1\" \/>\n<link rel=\"canonical\" href=\"https:\/\/www.electroluxprofessional.com\/de\/partner-bereich\/\" \/>\n<meta property=\"og:locale\" content=\"de_DE\" \/>\n<meta property=\"og:type\" content=\"article\" \/>\n<meta property=\"og:title\" content=\"Partner-Bereich und ToolBox bei Electrolux Professional\" \/>\n<meta property=\"og:description\" content=\"Die ToolBox ist der private Bereich, in dem unsere Partner auf die Tools f\u00fcr pre-sales, sales und after-sales Aktivit\u00e4ten zugreifen k\u00f6nnen.\" \/>\n<meta property=\"og:url\" content=\"https:\/\/www.electroluxprofessional.com\/de\/partner-bereich\/\" \/>\n<meta property=\"og:site_name\" content=\"Electrolux Professional Deutschland\" \/>\n<meta property=\"article:modified_time\" content=\"2025-09-01T12:02:39+00:00\" \/>\n<meta property=\"og:image\" content=\"https:\/\/www.electroluxprofessional.com\/de\/wp-content\/uploads\/2018\/09\/toolbox.jpg\" \/>\n\t<meta property=\"og:image:width\" content=\"828\" \/>\n\t<meta property=\"og:image:height\" content=\"323\" \/>\n\t<meta property=\"og:image:type\" content=\"image\/jpeg\" \/>\n<meta name=\"twitter:card\" content=\"summary_large_image\" \/>\n<meta name=\"twitter:label1\" content=\"Gesch\u00e4tzte Lesezeit\" \/>\n\t<meta name=\"twitter:data1\" content=\"1 Minute\" \/>\n<script type=\"application\/ld+json\" class=\"yoast-schema-graph\">{\"@context\":\"https:\/\/schema.org\",\"@graph\":[{\"@type\":\"WebPage\",\"@id\":\"https:\/\/www.electroluxprofessional.com\/de\/partner-bereich\/\",\"url\":\"https:\/\/www.electroluxprofessional.com\/de\/partner-bereich\/\",\"name\":\"Partner-Bereich und ToolBox bei Electrolux Professional\",\"isPartOf\":{\"@id\":\"https:\/\/www.electroluxprofessional.com\/de\/#website\"},\"primaryImageOfPage\":{\"@id\":\"https:\/\/www.electroluxprofessional.com\/de\/partner-bereich\/#primaryimage\"},\"image\":{\"@id\":\"https:\/\/www.electroluxprofessional.com\/de\/partner-bereich\/#primaryimage\"},\"thumbnailUrl\":\"https:\/\/www.electroluxprofessional.com\/de\/wp-content\/uploads\/2018\/09\/toolbox.jpg\",\"datePublished\":\"2017-02-15T16:28:47+00:00\",\"dateModified\":\"2025-09-01T12:02:39+00:00\",\"description\":\"Die ToolBox ist der private Bereich, in dem unsere Partner auf die Tools f\u00fcr pre-sales, sales und after-sales Aktivit\u00e4ten zugreifen k\u00f6nnen.\",\"breadcrumb\":{\"@id\":\"https:\/\/www.electroluxprofessional.com\/de\/partner-bereich\/#breadcrumb\"},\"inLanguage\":\"de-DE\",\"potentialAction\":[{\"@type\":\"ReadAction\",\"target\":[\"https:\/\/www.electroluxprofessional.com\/de\/partner-bereich\/\"]}]},{\"@type\":\"ImageObject\",\"inLanguage\":\"de-DE\",\"@id\":\"https:\/\/www.electroluxprofessional.com\/de\/partner-bereich\/#primaryimage\",\"url\":\"https:\/\/www.electroluxprofessional.com\/de\/wp-content\/uploads\/2018\/09\/toolbox.jpg\",\"contentUrl\":\"https:\/\/www.electroluxprofessional.com\/de\/wp-content\/uploads\/2018\/09\/toolbox.jpg\",\"width\":828,\"height\":323,\"caption\":\"ToolBox von Electrolux Professional\"},{\"@type\":\"BreadcrumbList\",\"@id\":\"https:\/\/www.electroluxprofessional.com\/de\/partner-bereich\/#breadcrumb\",\"itemListElement\":[{\"@type\":\"ListItem\",\"position\":1,\"name\":\"Startseite\",\"item\":\"https:\/\/www.electroluxprofessional.com\/de\/\"},{\"@type\":\"ListItem\",\"position\":2,\"name\":\"Partner-Bereich\"}]},{\"@type\":\"WebSite\",\"@id\":\"https:\/\/www.electroluxprofessional.com\/de\/#website\",\"url\":\"https:\/\/www.electroluxprofessional.com\/de\/\",\"name\":\"Electrolux Professional Deutschland\",\"description\":\"\",\"potentialAction\":[{\"@type\":\"SearchAction\",\"target\":{\"@type\":\"EntryPoint\",\"urlTemplate\":\"https:\/\/www.electroluxprofessional.com\/de\/?src={search_term_string}\"},\"query-input\":\"required name=search_term_string\"}],\"inLanguage\":\"de-DE\"}]}<\/script>\n<!-- \/ Yoast SEO plugin. -->","yoast_head_json":{"title":"Partner-Bereich und ToolBox bei Electrolux Professional","description":"Die ToolBox ist der private Bereich, in dem unsere Partner auf die Tools f\u00fcr pre-sales, sales und after-sales Aktivit\u00e4ten zugreifen k\u00f6nnen.","robots":{"index":"index","follow":"follow","max-snippet":"max-snippet:-1","max-image-preview":"max-image-preview:large","max-video-preview":"max-video-preview:-1"},"canonical":"https:\/\/www.electroluxprofessional.com\/de\/partner-bereich\/","og_locale":"de_DE","og_type":"article","og_title":"Partner-Bereich und ToolBox bei Electrolux Professional","og_description":"Die ToolBox ist der private Bereich, in dem unsere Partner auf die Tools f\u00fcr pre-sales, sales und after-sales Aktivit\u00e4ten zugreifen k\u00f6nnen.","og_url":"https:\/\/www.electroluxprofessional.com\/de\/partner-bereich\/","og_site_name":"Electrolux Professional Deutschland","article_modified_time":"2025-09-01T12:02:39+00:00","og_image":[{"width":828,"height":323,"url":"https:\/\/www.electroluxprofessional.com\/de\/wp-content\/uploads\/2018\/09\/toolbox.jpg","type":"image\/jpeg"}],"twitter_card":"summary_large_image","twitter_misc":{"Gesch\u00e4tzte Lesezeit":"1 Minute"},"schema":{"@context":"https:\/\/schema.org","@graph":[{"@type":"WebPage","@id":"https:\/\/www.electroluxprofessional.com\/de\/partner-bereich\/","url":"https:\/\/www.electroluxprofessional.com\/de\/partner-bereich\/","name":"Partner-Bereich und ToolBox bei Electrolux Professional","isPartOf":{"@id":"https:\/\/www.electroluxprofessional.com\/de\/#website"},"primaryImageOfPage":{"@id":"https:\/\/www.electroluxprofessional.com\/de\/partner-bereich\/#primaryimage"},"image":{"@id":"https:\/\/www.electroluxprofessional.com\/de\/partner-bereich\/#primaryimage"},"thumbnailUrl":"https:\/\/www.electroluxprofessional.com\/de\/wp-content\/uploads\/2018\/09\/toolbox.jpg","datePublished":"2017-02-15T16:28:47+00:00","dateModified":"2025-09-01T12:02:39+00:00","description":"Die ToolBox ist der private Bereich, in dem unsere Partner auf die Tools f\u00fcr pre-sales, sales und after-sales Aktivit\u00e4ten zugreifen k\u00f6nnen.","breadcrumb":{"@id":"https:\/\/www.electroluxprofessional.com\/de\/partner-bereich\/#breadcrumb"},"inLanguage":"de-DE","potentialAction":[{"@type":"ReadAction","target":["https:\/\/www.electroluxprofessional.com\/de\/partner-bereich\/"]}]},{"@type":"ImageObject","inLanguage":"de-DE","@id":"https:\/\/www.electroluxprofessional.com\/de\/partner-bereich\/#primaryimage","url":"https:\/\/www.electroluxprofessional.com\/de\/wp-content\/uploads\/2018\/09\/toolbox.jpg","contentUrl":"https:\/\/www.electroluxprofessional.com\/de\/wp-content\/uploads\/2018\/09\/toolbox.jpg","width":828,"height":323,"caption":"ToolBox von Electrolux Professional"},{"@type":"BreadcrumbList","@id":"https:\/\/www.electroluxprofessional.com\/de\/partner-bereich\/#breadcrumb","itemListElement":[{"@type":"ListItem","position":1,"name":"Startseite","item":"https:\/\/www.electroluxprofessional.com\/de\/"},{"@type":"ListItem","position":2,"name":"Partner-Bereich"}]},{"@type":"WebSite","@id":"https:\/\/www.electroluxprofessional.com\/de\/#website","url":"https:\/\/www.electroluxprofessional.com\/de\/","name":"Electrolux Professional Deutschland","description":"","potentialAction":[{"@type":"SearchAction","target":{"@type":"EntryPoint","urlTemplate":"https:\/\/www.electroluxprofessional.com\/de\/?src={search_term_string}"},"query-input":"required name=search_term_string"}],"inLanguage":"de-DE"}]}},"_links":{"self":[{"href":"https:\/\/www.electroluxprofessional.com\/de\/wp-json\/wp\/v2\/pages\/1773"}],"collection":[{"href":"https:\/\/www.electroluxprofessional.com\/de\/wp-json\/wp\/v2\/pages"}],"about":[{"href":"https:\/\/www.electroluxprofessional.com\/de\/wp-json\/wp\/v2\/types\/page"}],"author":[{"embeddable":true,"href":"https:\/\/www.electroluxprofessional.com\/de\/wp-json\/wp\/v2\/users\/5"}],"replies":[{"embeddable":true,"href":"https:\/\/www.electroluxprofessional.com\/de\/wp-json\/wp\/v2\/comments?post=1773"}],"version-history":[{"count":8,"href":"https:\/\/www.electroluxprofessional.com\/de\/wp-json\/wp\/v2\/pages\/1773\/revisions"}],"predecessor-version":[{"id":25524,"href":"https:\/\/www.electroluxprofessional.com\/de\/wp-json\/wp\/v2\/pages\/1773\/revisions\/25524"}],"wp:featuredmedia":[{"embeddable":true,"href":"https:\/\/www.electroluxprofessional.com\/de\/wp-json\/wp\/v2\/media\/4831"}],"wp:attachment":[{"href":"https:\/\/www.electroluxprofessional.com\/de\/wp-json\/wp\/v2\/media?parent=1773"}],"curies":[{"name":"wp","href":"https:\/\/api.w.org\/{rel}","templated":true}]}}