{"id":1756,"date":"2017-02-13T10:49:58","date_gmt":"2017-02-13T10:49:58","guid":{"rendered":"https:\/\/www.electroluxprofessional.com\/?page_id=9270"},"modified":"2019-06-07T11:06:46","modified_gmt":"2019-06-07T11:06:46","slug":"electric-power-grill-hp_alt","status":"publish","type":"page","link":"https:\/\/www.electroluxprofessional.com\/de\/grosskuechentechnik\/900xp-700xp\/electric-power-grill-hp_alt\/","title":{"rendered":"Electric PowerGrill HP alt"},"content":{"rendered":"<p>[vc_row full_width=&#8221;electroluxpro-full-width-no-padding&#8221;][vc_column][elx_hero_slider label_text_color=&#8221;inherit&#8221; images=&#8221;1755&#8243;][elx_heading font_container=&#8221;h1&#8243; text_color=&#8221;cat-cook&#8221;]<strong>Electric PowerGrill<sup>HP<\/sup><\/strong>[\/elx_heading][elx_heading font_size=&#8221;h4&#8243; text_color=&#8221;inherit&#8221;]Die perfekte Art zu grillen[\/elx_heading][\/elx_hero_slider][\/vc_column][\/vc_row][vc_row][vc_column][vc_empty_space][elx_heading font_size=&#8221;h3&#8243; text_color=&#8221;inherit&#8221; text_align=&#8221;text-center&#8221;]Sie m\u00f6chten einen Grill, der stets perfekte Resultate liefert, <strong>ohne dass das Grillgut anbrennt?<\/strong> Sie m\u00f6chten einen Grill, der <strong>super schnell hei\u00df<\/strong> wird und Ihnen selbst in der Rush-Hour zuverl\u00e4ssig zur Seite steht?[\/elx_heading][vc_empty_space][elx_heading font_container=&#8221;h3&#8243; font_size=&#8221;h5&#8243; text_color=&#8221;inherit&#8221; text_align=&#8221;text-center&#8221;]<strong>Erleben Sie den neuen Electrolux Electric PowerGrill<sup>HP<\/sup>.<br \/>\nHP steht f\u00fcr High Productivity und High Performance.<\/strong>[\/elx_heading][vc_empty_space][\/vc_column][\/vc_row][vc_row][vc_column width=&#8221;1\/4&#8243;][vc_single_image image=&#8221;1453&#8243; img_size=&#8221;full&#8221;][elx_heading font_size=&#8221;h4&#8243; text_color=&#8221;cat-cook&#8221;]High productivity[\/elx_heading][vc_column_text]Die <strong>Schnell-Heiz-Technologie\u00a0<\/strong>des\u00a0Electric PowerGrill<sup>HP<\/sup>\u2019s heizt den Grill nicht nur in Rekordzeit auf, sie reduziert auch die Zeit zum Anbraten deutlich dank der Heizelemente gepaart mit den Grillrosten und den hitzeabstrahlenden Deflektoren.[\/vc_column_text][\/vc_column][vc_column width=&#8221;1\/4&#8243;][vc_single_image image=&#8221;1752&#8243; img_size=&#8221;full&#8221;][elx_heading font_size=&#8221;h4&#8243; text_color=&#8221;cat-cook&#8221;]Perfekte Ergebnisse[\/elx_heading][vc_column_text]<strong>Makelloses Grillergebnis <\/strong>mit jeder Portion mit jeglichen Produkten und der schnellsten Aufheiz-Zeit \u00fcberhaupt. Dank der einzigartigen Konstruktion des Heizsystems wird der Abstand zwischen Heizelementen und Grillrost zugunsten einer <strong>einheitlichen W\u00e4rmeverteilung.<\/strong>[\/vc_column_text][\/vc_column][vc_column width=&#8221;1\/4&#8243;][vc_single_image image=&#8221;1377&#8243; img_size=&#8221;full&#8221;][elx_heading font_size=&#8221;h4&#8243; text_color=&#8221;cat-cook&#8221;]Einfach zu reinigen[\/elx_heading][vc_column_text]Ihren Electric PowerGrill<sup>HP<\/sup>\u00a0zu reinigen k\u00f6nnte nicht einfacher sein, dank <strong>sp\u00fclmaschinenfesten und abnehmbaren Grillrosten. <\/strong>Wasserzu- und Ablauf sind in das Becken integriert f\u00fcr schnelles F\u00fcllen und Ablassen.[\/vc_column_text][\/vc_column][vc_column width=&#8221;1\/4&#8243;][vc_single_image image=&#8221;1753&#8243; img_size=&#8221;full&#8221;][elx_heading font_size=&#8221;h4&#8243; text_color=&#8221;cat-cook&#8221;]High performance[\/elx_heading][vc_column_text]<strong>Reduzieren Sie die Grillzeiten, sparen Sie Energie<\/strong> und <strong>verwenden Sie unterschiedliche Modi<\/strong> mit der pr\u00e4zisen Electric PowerGrill<sup>HP<\/sup>\u00a0Energy Control. Der Grill kann minimal erhitzt bleiben, solange er nicht verwendet wird, und erreicht in Rekordzeit wieder die ben\u00f6tigte Temperatur.[\/vc_column_text][\/vc_column][\/vc_row][vc_row][vc_column][vc_empty_space][\/vc_column][\/vc_row][vc_row][vc_column width=&#8221;1\/2&#8243;][elx_heading font_size=&#8221;h3&#8243; text_color=&#8221;inherit&#8221;]Grillen, wo immer Sie wollen.[\/elx_heading][vc_empty_space][elx_heading font_size=&#8221;h5&#8243; text_color=&#8221;cat-cook&#8221;]Mit dem Electric PowerGrill<sup>HP<\/sup> k\u00f6nnen Sie endlich mit <strong>Hochleistung grillen, wo immer Sie auch sind<\/strong>. Sogar in gasfreien Zonen wie Einkaufszentren oder Altstadt-Vierteln.[\/elx_heading][\/vc_column][vc_column width=&#8221;1\/2&#8243;][vc_single_image image=&#8221;1754&#8243; img_size=&#8221;full&#8221;][\/vc_column][\/vc_row][vc_row][vc_column][vc_empty_space][\/vc_column][\/vc_row][vc_row][vc_column width=&#8221;1\/2&#8243;][elx_video_block background_image=&#8221;1751&#8243; video_link=&#8221;https:\/\/www.youtube.com\/watch?v=wl25lumyVTY&amp;t=69s&#8221; minimum_height=&#8221;260px&#8221;][\/vc_column][vc_column width=&#8221;1\/2&#8243;][elx_download_block text=&#8221;Electric PowerGrill Brosch\u00fcre&#8221; link=&#8221;files.professional.electrolux.com\/docs\/?n=BR-9JE00053&amp;b=5&amp;l=1&#8243; background_color=&#8221;cat-cook&#8221; reveal_effect=&#8221;&#8221; reveal_duration=&#8221;&#8221; reveal_delay=&#8221;&#8221;][\/vc_column][\/vc_row][vc_row][vc_column][vc_empty_space][elx_heading text_color=&#8221;inherit&#8221;]Finden Sie heraus, was unser Electric PowerGrill f\u00fcr Sie tun kann.[\/elx_heading][elx_o2000_contact_us r=&#8221;Ich w\u00fcrde gerne mehr \u00fcber den Electric PowerGrill erfahren. Bitte kontaktieren Sie mich.&#8221; s=&#8221;Anfrage betreffend Electric PowerGrill&#8221; country=&#8221;Germany&#8221; l=&#8221;de&#8221; container=&#8221;elxcontactus1486978248&#8243;][\/vc_column][\/vc_row][vc_row][vc_column][vc_empty_space][elx_heading font_container=&#8221;h3&#8243; text_color=&#8221;inherit&#8221; text_align=&#8221;text-center&#8221;]Finden Sie hier die ideale L\u00f6sung f\u00fcr Ihr Business[\/elx_heading][\/vc_column][\/vc_row][vc_row][vc_column width=&#8221;1\/3&#8243;][elx_maylike_box id_box=&#8221;337&#8243;][\/vc_column][vc_column width=&#8221;1\/3&#8243;][elx_maylike_box id_box=&#8221;1445&#8243;][\/vc_column][vc_column width=&#8221;1\/3&#8243;][elx_maylike_box id_box=&#8221;1398&#8243;][\/vc_column][\/vc_row]<\/p>\n","protected":false},"excerpt":{"rendered":"<p>[vc_row full_width=&#8221;electroluxpro-full-width-no-padding&#8221;][vc_column][elx_hero_slider label_text_color=&#8221;inherit&#8221; images=&#8221;1755&#8243;][elx_heading font_container=&#8221;h1&#8243; text_color=&#8221;cat-cook&#8221;]Electric PowerGrillHP[\/elx_heading][elx_heading font_size=&#8221;h4&#8243; text_color=&#8221;inherit&#8221;]Die perfekte Art zu grillen[\/elx_heading][\/elx_hero_slider][\/vc_column][\/vc_row][vc_row][vc_column][vc_empty_space][elx_heading font_size=&#8221;h3&#8243; text_color=&#8221;inherit&#8221; text_align=&#8221;text-center&#8221;]Sie m\u00f6chten einen Grill, der stets perfekte Resultate liefert, ohne dass das Grillgut anbrennt? Sie m\u00f6chten einen Grill, der super schnell hei\u00df wird und Ihnen selbst in der Rush-Hour zuverl\u00e4ssig zur Seite steht?[\/elx_heading][vc_empty_space][elx_heading font_container=&#8221;h3&#8243; font_size=&#8221;h5&#8243; text_color=&#8221;inherit&#8221; text_align=&#8221;text-center&#8221;]Erleben Sie den neuen [&hellip;]<\/p>\n","protected":false},"author":5,"featured_media":0,"parent":5737,"menu_order":0,"comment_status":"closed","ping_status":"closed","template":"","meta":{"footnotes":""},"class_list":["post-1756","page","type-page","status-publish","hentry"],"acf":[],"yoast_head":"<!-- This site is optimized with the Yoast SEO plugin v23.3 - https:\/\/yoast.com\/wordpress\/plugins\/seo\/ -->\n<title>Electric Power Grill von Electrolux Professional<\/title>\n<meta name=\"description\" content=\"Der Electric Powergrill wird super schnell hei\u00df und brennt trotzdem nichts an. Verlassen Sie sich auf die Produktqualit\u00e4t von Electrolux Professional.\" \/>\n<meta name=\"robots\" content=\"index, follow, max-snippet:-1, max-image-preview:large, max-video-preview:-1\" \/>\n<link rel=\"canonical\" href=\"https:\/\/www.electroluxprofessional.com\/de\/grosskuechentechnik\/900xp-700xp\/electric-power-grill-hp_alt\/\" \/>\n<meta property=\"og:locale\" content=\"de_DE\" \/>\n<meta property=\"og:type\" content=\"article\" \/>\n<meta property=\"og:title\" content=\"Der Electric Power Grill HP\" \/>\n<meta property=\"og:description\" content=\"Mit dem Electric PowerGrill k\u00f6nnen Sie endlich mit Hochleistung grillen, wo immer Sie auch sind. Sogar in gasfreien Zonen wie Einkaufszentren oder Altstadt-Vierteln.\" \/>\n<meta property=\"og:url\" content=\"https:\/\/www.electroluxprofessional.com\/de\/grosskuechentechnik\/900xp-700xp\/electric-power-grill-hp_alt\/\" \/>\n<meta property=\"og:site_name\" content=\"Electrolux Professional Deutschland\" \/>\n<meta property=\"article:modified_time\" content=\"2019-06-07T11:06:46+00:00\" \/>\n<meta property=\"og:image\" content=\"https:\/\/www.electroluxprofessional.com\/de\/wp-content\/uploads\/revslider\/home-international\/xp-electric-grill-banner1.jpg\" \/>\n<meta name=\"twitter:card\" content=\"summary_large_image\" \/>\n<meta name=\"twitter:label1\" content=\"Gesch\u00e4tzte Lesezeit\" \/>\n\t<meta name=\"twitter:data1\" content=\"3 Minuten\" \/>\n<script type=\"application\/ld+json\" class=\"yoast-schema-graph\">{\"@context\":\"https:\/\/schema.org\",\"@graph\":[{\"@type\":\"WebPage\",\"@id\":\"https:\/\/www.electroluxprofessional.com\/de\/grosskuechentechnik\/900xp-700xp\/electric-power-grill-hp_alt\/\",\"url\":\"https:\/\/www.electroluxprofessional.com\/de\/grosskuechentechnik\/900xp-700xp\/electric-power-grill-hp_alt\/\",\"name\":\"Electric Power Grill von Electrolux Professional\",\"isPartOf\":{\"@id\":\"https:\/\/www.electroluxprofessional.com\/de\/#website\"},\"datePublished\":\"2017-02-13T10:49:58+00:00\",\"dateModified\":\"2019-06-07T11:06:46+00:00\",\"description\":\"Der Electric Powergrill wird super schnell hei\u00df und brennt trotzdem nichts an. Verlassen Sie sich auf die Produktqualit\u00e4t von Electrolux Professional.\",\"breadcrumb\":{\"@id\":\"https:\/\/www.electroluxprofessional.com\/de\/grosskuechentechnik\/900xp-700xp\/electric-power-grill-hp_alt\/#breadcrumb\"},\"inLanguage\":\"de-DE\",\"potentialAction\":[{\"@type\":\"ReadAction\",\"target\":[\"https:\/\/www.electroluxprofessional.com\/de\/grosskuechentechnik\/900xp-700xp\/electric-power-grill-hp_alt\/\"]}]},{\"@type\":\"BreadcrumbList\",\"@id\":\"https:\/\/www.electroluxprofessional.com\/de\/grosskuechentechnik\/900xp-700xp\/electric-power-grill-hp_alt\/#breadcrumb\",\"itemListElement\":[{\"@type\":\"ListItem\",\"position\":1,\"name\":\"Startseite\",\"item\":\"https:\/\/www.electroluxprofessional.com\/de\/\"},{\"@type\":\"ListItem\",\"position\":2,\"name\":\"Gro\u00dfk\u00fcchentechnik\",\"item\":\"https:\/\/www.electroluxprofessional.com\/de\/grosskuechentechnik\/\"},{\"@type\":\"ListItem\",\"position\":3,\"name\":\"900XP und 700XP Herdbl\u00f6cke_alt\",\"item\":\"https:\/\/www.electroluxprofessional.com\/de\/grosskuechentechnik\/900xp-700xp\/\"},{\"@type\":\"ListItem\",\"position\":4,\"name\":\"Electric PowerGrill HP alt\"}]},{\"@type\":\"WebSite\",\"@id\":\"https:\/\/www.electroluxprofessional.com\/de\/#website\",\"url\":\"https:\/\/www.electroluxprofessional.com\/de\/\",\"name\":\"Electrolux Professional Deutschland\",\"description\":\"\",\"potentialAction\":[{\"@type\":\"SearchAction\",\"target\":{\"@type\":\"EntryPoint\",\"urlTemplate\":\"https:\/\/www.electroluxprofessional.com\/de\/?src={search_term_string}\"},\"query-input\":\"required name=search_term_string\"}],\"inLanguage\":\"de-DE\"}]}<\/script>\n<!-- \/ Yoast SEO plugin. -->","yoast_head_json":{"title":"Electric Power Grill von Electrolux Professional","description":"Der Electric Powergrill wird super schnell hei\u00df und brennt trotzdem nichts an. Verlassen Sie sich auf die Produktqualit\u00e4t von Electrolux Professional.","robots":{"index":"index","follow":"follow","max-snippet":"max-snippet:-1","max-image-preview":"max-image-preview:large","max-video-preview":"max-video-preview:-1"},"canonical":"https:\/\/www.electroluxprofessional.com\/de\/grosskuechentechnik\/900xp-700xp\/electric-power-grill-hp_alt\/","og_locale":"de_DE","og_type":"article","og_title":"Der Electric Power Grill HP","og_description":"Mit dem Electric PowerGrill k\u00f6nnen Sie endlich mit Hochleistung grillen, wo immer Sie auch sind. Sogar in gasfreien Zonen wie Einkaufszentren oder Altstadt-Vierteln.","og_url":"https:\/\/www.electroluxprofessional.com\/de\/grosskuechentechnik\/900xp-700xp\/electric-power-grill-hp_alt\/","og_site_name":"Electrolux Professional Deutschland","article_modified_time":"2019-06-07T11:06:46+00:00","og_image":[{"url":"https:\/\/www.electroluxprofessional.com\/de\/wp-content\/uploads\/revslider\/home-international\/xp-electric-grill-banner1.jpg"}],"twitter_card":"summary_large_image","twitter_misc":{"Gesch\u00e4tzte Lesezeit":"3 Minuten"},"schema":{"@context":"https:\/\/schema.org","@graph":[{"@type":"WebPage","@id":"https:\/\/www.electroluxprofessional.com\/de\/grosskuechentechnik\/900xp-700xp\/electric-power-grill-hp_alt\/","url":"https:\/\/www.electroluxprofessional.com\/de\/grosskuechentechnik\/900xp-700xp\/electric-power-grill-hp_alt\/","name":"Electric Power Grill von Electrolux Professional","isPartOf":{"@id":"https:\/\/www.electroluxprofessional.com\/de\/#website"},"datePublished":"2017-02-13T10:49:58+00:00","dateModified":"2019-06-07T11:06:46+00:00","description":"Der Electric Powergrill wird super schnell hei\u00df und brennt trotzdem nichts an. Verlassen Sie sich auf die Produktqualit\u00e4t von Electrolux Professional.","breadcrumb":{"@id":"https:\/\/www.electroluxprofessional.com\/de\/grosskuechentechnik\/900xp-700xp\/electric-power-grill-hp_alt\/#breadcrumb"},"inLanguage":"de-DE","potentialAction":[{"@type":"ReadAction","target":["https:\/\/www.electroluxprofessional.com\/de\/grosskuechentechnik\/900xp-700xp\/electric-power-grill-hp_alt\/"]}]},{"@type":"BreadcrumbList","@id":"https:\/\/www.electroluxprofessional.com\/de\/grosskuechentechnik\/900xp-700xp\/electric-power-grill-hp_alt\/#breadcrumb","itemListElement":[{"@type":"ListItem","position":1,"name":"Startseite","item":"https:\/\/www.electroluxprofessional.com\/de\/"},{"@type":"ListItem","position":2,"name":"Gro\u00dfk\u00fcchentechnik","item":"https:\/\/www.electroluxprofessional.com\/de\/grosskuechentechnik\/"},{"@type":"ListItem","position":3,"name":"900XP und 700XP Herdbl\u00f6cke_alt","item":"https:\/\/www.electroluxprofessional.com\/de\/grosskuechentechnik\/900xp-700xp\/"},{"@type":"ListItem","position":4,"name":"Electric PowerGrill HP alt"}]},{"@type":"WebSite","@id":"https:\/\/www.electroluxprofessional.com\/de\/#website","url":"https:\/\/www.electroluxprofessional.com\/de\/","name":"Electrolux Professional Deutschland","description":"","potentialAction":[{"@type":"SearchAction","target":{"@type":"EntryPoint","urlTemplate":"https:\/\/www.electroluxprofessional.com\/de\/?src={search_term_string}"},"query-input":"required name=search_term_string"}],"inLanguage":"de-DE"}]}},"_links":{"self":[{"href":"https:\/\/www.electroluxprofessional.com\/de\/wp-json\/wp\/v2\/pages\/1756"}],"collection":[{"href":"https:\/\/www.electroluxprofessional.com\/de\/wp-json\/wp\/v2\/pages"}],"about":[{"href":"https:\/\/www.electroluxprofessional.com\/de\/wp-json\/wp\/v2\/types\/page"}],"author":[{"embeddable":true,"href":"https:\/\/www.electroluxprofessional.com\/de\/wp-json\/wp\/v2\/users\/5"}],"replies":[{"embeddable":true,"href":"https:\/\/www.electroluxprofessional.com\/de\/wp-json\/wp\/v2\/comments?post=1756"}],"version-history":[{"count":0,"href":"https:\/\/www.electroluxprofessional.com\/de\/wp-json\/wp\/v2\/pages\/1756\/revisions"}],"up":[{"embeddable":true,"href":"https:\/\/www.electroluxprofessional.com\/de\/wp-json\/wp\/v2\/pages\/5737"}],"wp:attachment":[{"href":"https:\/\/www.electroluxprofessional.com\/de\/wp-json\/wp\/v2\/media?parent=1756"}],"curies":[{"name":"wp","href":"https:\/\/api.w.org\/{rel}","templated":true}]}}