{"id":1560,"date":"2016-11-16T08:09:44","date_gmt":"2016-11-16T08:09:44","guid":{"rendered":"https:\/\/www.electroluxprofessional.com\/?page_id=5314"},"modified":"2026-04-02T16:03:29","modified_gmt":"2026-04-02T15:03:29","slug":"spueltechnik","status":"publish","type":"page","link":"https:\/\/www.electroluxprofessional.com\/de\/grosskuechentechnik\/spueltechnik\/","title":{"rendered":"Sp\u00fcltechnik"},"content":{"rendered":"<p>[vc_row full_width=&#8221;electroluxpro-full-width-no-padding&#8221;][vc_column][elx_hero_slider label_text_color=&#8221;inherit&#8221; images=&#8221;6030&#8243;][elx_heading font_container=&#8221;h1&#8243; font_size=&#8221;h2&#8243; text_color=&#8221;inherit&#8221;]Sp\u00fcltechnik[\/elx_heading][elx_heading font_size=&#8221;h3&#8243; text_color=&#8221;inherit&#8221;]Sauberkeit an erster Stelle[\/elx_heading][\/elx_hero_slider][\/vc_column][\/vc_row][vc_row][vc_column][vc_empty_space][\/vc_column][\/vc_row][vc_row][vc_column width=&#8221;2\/3&#8243;][elx_heading font_size=&#8221;h4&#8243; text_color=&#8221;inherit&#8221;]Die Sp\u00fcltechnik von Electrolux Professional bietet un\u00fcbertroffene Wasch- und Sp\u00fclm\u00f6glichkeiten.[\/elx_heading][vc_empty_space height=&#8221;20px&#8221;][vc_column_text]<span lang=\"de\">Unsere\u00a0vielf\u00e4ltige Produktpalette bietet Gl\u00e4ser-, Untertisch, Hauben-, Durchschubsp\u00fclmaschinen sowie Sp\u00fclstra\u00dfen, damit Ihre spezifischen Bed\u00fcrfnisse erf\u00fcllt werden.<\/span><\/p>\n<p><span lang=\"de\">Dar\u00fcber hinaus bietet Electrolux das gesamte Sortiment an Zubeh\u00f6r-, und Abfallwirtschaftssystem an, um eine ergonomisch erleichternde und bedienerfreundliche Sp\u00fclk\u00fcche zu schaffen. Die Mehrheit unserer Einheiten sind\u00a0zu 98% recycelbar.<\/span>[\/vc_column_text][vc_row_inner][vc_column_inner width=&#8221;1\/2&#8243; css=&#8221;.vc_custom_1484572391278{margin-left: 0px !important;border-left-width: 0px !important;padding-left: 0px !important;}&#8221;][vc_column_text css=&#8221;.vc_custom_1494836592256{margin-bottom: 5px !important;border-bottom-width: 5px !important;padding-bottom: 5px !important;}&#8221;]Unsere Sp\u00fclmittel sind daf\u00fcr da, dass Sie gl\u00e4nzende Gl\u00e4ser bekommen, <strong>ohne Tropfen und Flecken, trocken und sauber.\u00a0<\/strong>Dank einer speziellen Formel wird die Bildung von Kalkstein verhindert.[\/vc_column_text][\/vc_column_inner][vc_column_inner width=&#8221;1\/2&#8243;][vc_single_image image=&#8221;19694&#8243; img_size=&#8221;full&#8221; onclick=&#8221;custom_link&#8221;][\/vc_column_inner][\/vc_row_inner][\/vc_column][vc_column width=&#8221;1\/3&#8243;][elx_image_block background_image=&#8221;1553&#8243; minimum_height=&#8221;500px&#8221;][vc_empty_space][elx_button button_text=&#8221;Zu den Produkten&#8221; button_display_block=&#8221;display_block_on&#8221; button_alignment=&#8221;align_center&#8221; button_link=&#8221;url:%23produkt-filter&#8221;][\/vc_column][\/vc_row][vc_row][vc_column][vc_empty_space height=&#8221;50px&#8221;][\/vc_column][\/vc_row][vc_row][vc_column width=&#8221;1\/3&#8243;][elx_maylike_box id_box=&#8221;21218&#8243;][\/vc_column][vc_column width=&#8221;1\/3&#8243;][elx_maylike_box id_box=&#8221;483&#8243;][\/vc_column][vc_column width=&#8221;1\/3&#8243;][elx_maylike_box id_box=&#8221;1558&#8243;][\/vc_column][\/vc_row][vc_row][vc_column][vc_empty_space height=&#8221;50px&#8221;][elx_heading text_color=&#8221;inherit&#8221; text_align=&#8221;text-center&#8221;]Finden Sie heraus, wie wir Sie mit unserer Sp\u00fcltechnik unterst\u00fctzen k\u00f6nnen[\/elx_heading][elx_o2000_contact_us s=&#8221;Anfrage zu: Sp\u00fcltechnik&#8221; campaign=&#8221;701SX00000cikMJYAY&#8221; request_type=&#8221;Other&#8221; country=&#8221;Germany&#8221; b=&#8221;food&#8221; thanks=&#8221;Vielen Dank f\u00fcr Ihre Kontaktanfrage. Wir freuen uns \u00fcber Ihr Interesse und melden uns schnellstm\u00f6glich mit den gew\u00fcnschten Informationen bei Ihnen.&#8221; container=&#8221;elxcontactus1479283732&#8243; l=&#8221;de&#8221;][\/vc_column][\/vc_row][vc_row el_id=&#8221;produkt-filter&#8221;][vc_column][vc_empty_space height=&#8221;50px&#8221;][elx_heading font_size=&#8221;h3&#8243; text_color=&#8221;inherit&#8221; text_align=&#8221;text-center&#8221;]Finden Sie Ihre Komplett-L\u00f6sung[\/elx_heading][\/vc_column][\/vc_row][vc_row][vc_column width=&#8221;1\/3&#8243;][elx_maylike_box id_box=&#8221;1445&#8243;][\/vc_column][vc_column width=&#8221;1\/3&#8243;][elx_maylike_box id_box=&#8221;337&#8243;][\/vc_column][vc_column width=&#8221;1\/3&#8243;][elx_maylike_box id_box=&#8221;1485&#8243;][\/vc_column][\/vc_row][vc_row][vc_column][\/vc_column][\/vc_row]<\/p>\n","protected":false},"excerpt":{"rendered":"<p>[vc_row full_width=&#8221;electroluxpro-full-width-no-padding&#8221;][vc_column][elx_hero_slider label_text_color=&#8221;inherit&#8221; images=&#8221;6030&#8243;][elx_heading font_container=&#8221;h1&#8243; font_size=&#8221;h2&#8243; text_color=&#8221;inherit&#8221;]Sp\u00fcltechnik[\/elx_heading][elx_heading font_size=&#8221;h3&#8243; text_color=&#8221;inherit&#8221;]Sauberkeit an erster Stelle[\/elx_heading][\/elx_hero_slider][\/vc_column][\/vc_row][vc_row][vc_column][vc_empty_space][\/vc_column][\/vc_row][vc_row][vc_column width=&#8221;2\/3&#8243;][elx_heading font_size=&#8221;h4&#8243; text_color=&#8221;inherit&#8221;]Die Sp\u00fcltechnik von Electrolux Professional bietet un\u00fcbertroffene Wasch- und Sp\u00fclm\u00f6glichkeiten.[\/elx_heading][vc_empty_space height=&#8221;20px&#8221;][vc_column_text]Unsere\u00a0vielf\u00e4ltige Produktpalette bietet Gl\u00e4ser-, Untertisch, Hauben-, Durchschubsp\u00fclmaschinen sowie Sp\u00fclstra\u00dfen, damit Ihre spezifischen Bed\u00fcrfnisse erf\u00fcllt werden. Dar\u00fcber hinaus bietet Electrolux das gesamte Sortiment an Zubeh\u00f6r-, und Abfallwirtschaftssystem an, um eine ergonomisch erleichternde [&hellip;]<\/p>\n","protected":false},"author":5,"featured_media":0,"parent":731,"menu_order":0,"comment_status":"closed","ping_status":"closed","template":"","meta":{"footnotes":""},"class_list":["post-1560","page","type-page","status-publish","hentry"],"acf":[],"yoast_head":"<!-- This site is optimized with the Yoast SEO plugin v23.3 - https:\/\/yoast.com\/wordpress\/plugins\/seo\/ -->\n<title>Sp\u00fcltechnik | Electrolux Profesional<\/title>\n<meta name=\"description\" content=\"Entdecken Sie die Sp\u00fcltechnik von Electrolux Professional. Gl\u00e4ser-, Untertisch-, Durchschubsp\u00fclmaschinen, Sp\u00fclstra\u00dfen, und vieles mehr.\" \/>\n<meta name=\"robots\" content=\"index, follow, max-snippet:-1, max-image-preview:large, max-video-preview:-1\" \/>\n<link rel=\"canonical\" href=\"https:\/\/www.electroluxprofessional.com\/de\/grosskuechentechnik\/spueltechnik\/\" \/>\n<meta property=\"og:locale\" content=\"de_DE\" \/>\n<meta property=\"og:type\" content=\"article\" \/>\n<meta property=\"og:title\" content=\"Sp\u00fcltechnik | Electrolux Profesional\" \/>\n<meta property=\"og:description\" content=\"Entdecken Sie die Sp\u00fcltechnik von Electrolux Professional. Gl\u00e4ser-, Untertisch-, Durchschubsp\u00fclmaschinen, Sp\u00fclstra\u00dfen, und vieles mehr.\" \/>\n<meta property=\"og:url\" content=\"https:\/\/www.electroluxprofessional.com\/de\/grosskuechentechnik\/spueltechnik\/\" \/>\n<meta property=\"og:site_name\" content=\"Electrolux Professional Deutschland\" \/>\n<meta property=\"article:modified_time\" content=\"2026-04-02T15:03:29+00:00\" \/>\n<meta name=\"twitter:card\" content=\"summary_large_image\" \/>\n<meta name=\"twitter:label1\" content=\"Gesch\u00e4tzte Lesezeit\" \/>\n\t<meta name=\"twitter:data1\" content=\"2 Minuten\" \/>\n<script type=\"application\/ld+json\" class=\"yoast-schema-graph\">{\"@context\":\"https:\/\/schema.org\",\"@graph\":[{\"@type\":\"WebPage\",\"@id\":\"https:\/\/www.electroluxprofessional.com\/de\/grosskuechentechnik\/spueltechnik\/\",\"url\":\"https:\/\/www.electroluxprofessional.com\/de\/grosskuechentechnik\/spueltechnik\/\",\"name\":\"Sp\u00fcltechnik | Electrolux Profesional\",\"isPartOf\":{\"@id\":\"https:\/\/www.electroluxprofessional.com\/de\/#website\"},\"datePublished\":\"2016-11-16T08:09:44+00:00\",\"dateModified\":\"2026-04-02T15:03:29+00:00\",\"description\":\"Entdecken Sie die Sp\u00fcltechnik von Electrolux Professional. Gl\u00e4ser-, Untertisch-, Durchschubsp\u00fclmaschinen, Sp\u00fclstra\u00dfen, und vieles mehr.\",\"breadcrumb\":{\"@id\":\"https:\/\/www.electroluxprofessional.com\/de\/grosskuechentechnik\/spueltechnik\/#breadcrumb\"},\"inLanguage\":\"de-DE\",\"potentialAction\":[{\"@type\":\"ReadAction\",\"target\":[\"https:\/\/www.electroluxprofessional.com\/de\/grosskuechentechnik\/spueltechnik\/\"]}]},{\"@type\":\"BreadcrumbList\",\"@id\":\"https:\/\/www.electroluxprofessional.com\/de\/grosskuechentechnik\/spueltechnik\/#breadcrumb\",\"itemListElement\":[{\"@type\":\"ListItem\",\"position\":1,\"name\":\"Startseite\",\"item\":\"https:\/\/www.electroluxprofessional.com\/de\/\"},{\"@type\":\"ListItem\",\"position\":2,\"name\":\"Gro\u00dfk\u00fcchentechnik\",\"item\":\"https:\/\/www.electroluxprofessional.com\/de\/grosskuechentechnik\/\"},{\"@type\":\"ListItem\",\"position\":3,\"name\":\"Sp\u00fcltechnik\"}]},{\"@type\":\"WebSite\",\"@id\":\"https:\/\/www.electroluxprofessional.com\/de\/#website\",\"url\":\"https:\/\/www.electroluxprofessional.com\/de\/\",\"name\":\"Electrolux Professional Deutschland\",\"description\":\"\",\"potentialAction\":[{\"@type\":\"SearchAction\",\"target\":{\"@type\":\"EntryPoint\",\"urlTemplate\":\"https:\/\/www.electroluxprofessional.com\/de\/?src={search_term_string}\"},\"query-input\":\"required name=search_term_string\"}],\"inLanguage\":\"de-DE\"}]}<\/script>\n<!-- \/ Yoast SEO plugin. -->","yoast_head_json":{"title":"Sp\u00fcltechnik | Electrolux Profesional","description":"Entdecken Sie die Sp\u00fcltechnik von Electrolux Professional. Gl\u00e4ser-, Untertisch-, Durchschubsp\u00fclmaschinen, Sp\u00fclstra\u00dfen, und vieles mehr.","robots":{"index":"index","follow":"follow","max-snippet":"max-snippet:-1","max-image-preview":"max-image-preview:large","max-video-preview":"max-video-preview:-1"},"canonical":"https:\/\/www.electroluxprofessional.com\/de\/grosskuechentechnik\/spueltechnik\/","og_locale":"de_DE","og_type":"article","og_title":"Sp\u00fcltechnik | Electrolux Profesional","og_description":"Entdecken Sie die Sp\u00fcltechnik von Electrolux Professional. Gl\u00e4ser-, Untertisch-, Durchschubsp\u00fclmaschinen, Sp\u00fclstra\u00dfen, und vieles mehr.","og_url":"https:\/\/www.electroluxprofessional.com\/de\/grosskuechentechnik\/spueltechnik\/","og_site_name":"Electrolux Professional Deutschland","article_modified_time":"2026-04-02T15:03:29+00:00","twitter_card":"summary_large_image","twitter_misc":{"Gesch\u00e4tzte Lesezeit":"2 Minuten"},"schema":{"@context":"https:\/\/schema.org","@graph":[{"@type":"WebPage","@id":"https:\/\/www.electroluxprofessional.com\/de\/grosskuechentechnik\/spueltechnik\/","url":"https:\/\/www.electroluxprofessional.com\/de\/grosskuechentechnik\/spueltechnik\/","name":"Sp\u00fcltechnik | Electrolux Profesional","isPartOf":{"@id":"https:\/\/www.electroluxprofessional.com\/de\/#website"},"datePublished":"2016-11-16T08:09:44+00:00","dateModified":"2026-04-02T15:03:29+00:00","description":"Entdecken Sie die Sp\u00fcltechnik von Electrolux Professional. Gl\u00e4ser-, Untertisch-, Durchschubsp\u00fclmaschinen, Sp\u00fclstra\u00dfen, und vieles mehr.","breadcrumb":{"@id":"https:\/\/www.electroluxprofessional.com\/de\/grosskuechentechnik\/spueltechnik\/#breadcrumb"},"inLanguage":"de-DE","potentialAction":[{"@type":"ReadAction","target":["https:\/\/www.electroluxprofessional.com\/de\/grosskuechentechnik\/spueltechnik\/"]}]},{"@type":"BreadcrumbList","@id":"https:\/\/www.electroluxprofessional.com\/de\/grosskuechentechnik\/spueltechnik\/#breadcrumb","itemListElement":[{"@type":"ListItem","position":1,"name":"Startseite","item":"https:\/\/www.electroluxprofessional.com\/de\/"},{"@type":"ListItem","position":2,"name":"Gro\u00dfk\u00fcchentechnik","item":"https:\/\/www.electroluxprofessional.com\/de\/grosskuechentechnik\/"},{"@type":"ListItem","position":3,"name":"Sp\u00fcltechnik"}]},{"@type":"WebSite","@id":"https:\/\/www.electroluxprofessional.com\/de\/#website","url":"https:\/\/www.electroluxprofessional.com\/de\/","name":"Electrolux Professional Deutschland","description":"","potentialAction":[{"@type":"SearchAction","target":{"@type":"EntryPoint","urlTemplate":"https:\/\/www.electroluxprofessional.com\/de\/?src={search_term_string}"},"query-input":"required name=search_term_string"}],"inLanguage":"de-DE"}]}},"_links":{"self":[{"href":"https:\/\/www.electroluxprofessional.com\/de\/wp-json\/wp\/v2\/pages\/1560"}],"collection":[{"href":"https:\/\/www.electroluxprofessional.com\/de\/wp-json\/wp\/v2\/pages"}],"about":[{"href":"https:\/\/www.electroluxprofessional.com\/de\/wp-json\/wp\/v2\/types\/page"}],"author":[{"embeddable":true,"href":"https:\/\/www.electroluxprofessional.com\/de\/wp-json\/wp\/v2\/users\/5"}],"replies":[{"embeddable":true,"href":"https:\/\/www.electroluxprofessional.com\/de\/wp-json\/wp\/v2\/comments?post=1560"}],"version-history":[{"count":16,"href":"https:\/\/www.electroluxprofessional.com\/de\/wp-json\/wp\/v2\/pages\/1560\/revisions"}],"predecessor-version":[{"id":27715,"href":"https:\/\/www.electroluxprofessional.com\/de\/wp-json\/wp\/v2\/pages\/1560\/revisions\/27715"}],"up":[{"embeddable":true,"href":"https:\/\/www.electroluxprofessional.com\/de\/wp-json\/wp\/v2\/pages\/731"}],"wp:attachment":[{"href":"https:\/\/www.electroluxprofessional.com\/de\/wp-json\/wp\/v2\/media?parent=1560"}],"curies":[{"name":"wp","href":"https:\/\/api.w.org\/{rel}","templated":true}]}}