{"id":13608,"date":"2016-08-16T10:12:07","date_gmt":"2016-08-16T10:12:07","guid":{"rendered":"https:\/\/www.electroluxprofessional.com\/?page_id=2746"},"modified":"2024-06-19T12:19:01","modified_gmt":"2024-06-19T12:19:01","slug":"userdoc","status":"publish","type":"page","link":"https:\/\/www.electroluxprofessional.com\/de\/my-professional\/userdoc\/","title":{"rendered":"Bedienungsanleitungen"},"content":{"rendered":"<div class=\"members-access-error\">\n<p style=\"text-align: center;margin-top: 100px;margin-bottom: 100px\"><a href=\"https:\/\/www.electroluxprofessional.com\/de\/login\/?redirect_to=https%3A%2F%2Fwww.electroluxprofessional.com%3A443%2Fde%2Fwp-json%2Fwp%2Fv2%2Fpages%2F13608\"><br \/>\n<img src=\"https:\/\/www.electroluxprofessional.com\/de\/wp-content\/uploads\/2018\/01\/image001.jpg\" \/><br \/>\nHey! Your are just 1 step away from your content!<br \/>\nLogin to MyProfessional space.<br \/>\n<\/a><\/p>\n<\/div>\n","protected":false},"excerpt":{"rendered":"<div class=\"members-access-error\">\n<p style=\"text-align: center;margin-top: 100px;margin-bottom: 100px\"><a href=\"https:\/\/www.electroluxprofessional.com\/de\/login\/?redirect_to=https%3A%2F%2Fwww.electroluxprofessional.com%3A443%2Fde%2Fwp-json%2Fwp%2Fv2%2Fpages%2F13608\"><br \/>\n<img src=\"https:\/\/www.electroluxprofessional.com\/de\/wp-content\/uploads\/2018\/01\/image001.jpg\" \/><br \/>\nHey! Your are just 1 step away from your content!<br \/>\nLogin to MyProfessional space.<br \/>\n<\/a><\/p>\n<\/div>\n","protected":false},"author":161,"featured_media":0,"parent":1469,"menu_order":0,"comment_status":"closed","ping_status":"closed","template":"","meta":{"footnotes":""},"class_list":["post-13608","page","type-page","status-publish","hentry"],"acf":[],"yoast_head":"<!-- This site is optimized with the Yoast SEO plugin v23.3 - https:\/\/yoast.com\/wordpress\/plugins\/seo\/ -->\n<title>Bedienungsanleitungen f\u00fcr Ger\u00e4te von Electrolux Professional<\/title>\n<meta name=\"description\" content=\"Hier finden Sie verschiedenste Bedienungsanleitungen f\u00fcr Ger\u00e4te und Produkte von Electrolux Professional. Einfach suchen und downloaden!\" \/>\n<meta name=\"robots\" content=\"index, follow, max-snippet:-1, max-image-preview:large, max-video-preview:-1\" \/>\n<link rel=\"canonical\" href=\"https:\/\/www.electroluxprofessional.com\/de\/my-professional\/userdoc\/\" \/>\n<meta property=\"og:locale\" content=\"de_DE\" \/>\n<meta property=\"og:type\" content=\"article\" \/>\n<meta property=\"og:title\" content=\"Bedienungsanleitungen f\u00fcr Ger\u00e4te von Electrolux Professional\" \/>\n<meta property=\"og:description\" content=\"Hier finden Sie verschiedenste Bedienungsanleitungen f\u00fcr Ger\u00e4te und Produkte von Electrolux Professional. Einfach suchen und downloaden!\" \/>\n<meta property=\"og:url\" content=\"https:\/\/www.electroluxprofessional.com\/de\/my-professional\/userdoc\/\" \/>\n<meta property=\"og:site_name\" content=\"Electrolux Professional Deutschland\" \/>\n<meta property=\"article:modified_time\" content=\"2024-06-19T12:19:01+00:00\" \/>\n<meta name=\"twitter:card\" content=\"summary_large_image\" \/>\n<script type=\"application\/ld+json\" class=\"yoast-schema-graph\">{\"@context\":\"https:\/\/schema.org\",\"@graph\":[{\"@type\":\"WebPage\",\"@id\":\"https:\/\/www.electroluxprofessional.com\/de\/my-professional\/userdoc\/\",\"url\":\"https:\/\/www.electroluxprofessional.com\/de\/my-professional\/userdoc\/\",\"name\":\"Bedienungsanleitungen f\u00fcr Ger\u00e4te von Electrolux Professional\",\"isPartOf\":{\"@id\":\"https:\/\/www.electroluxprofessional.com\/de\/#website\"},\"datePublished\":\"2016-08-16T10:12:07+00:00\",\"dateModified\":\"2024-06-19T12:19:01+00:00\",\"description\":\"Hier finden Sie verschiedenste Bedienungsanleitungen f\u00fcr Ger\u00e4te und Produkte von Electrolux Professional. Einfach suchen und downloaden!\",\"breadcrumb\":{\"@id\":\"https:\/\/www.electroluxprofessional.com\/de\/my-professional\/userdoc\/#breadcrumb\"},\"inLanguage\":\"de-DE\",\"potentialAction\":[{\"@type\":\"ReadAction\",\"target\":[\"https:\/\/www.electroluxprofessional.com\/de\/my-professional\/userdoc\/\"]}]},{\"@type\":\"BreadcrumbList\",\"@id\":\"https:\/\/www.electroluxprofessional.com\/de\/my-professional\/userdoc\/#breadcrumb\",\"itemListElement\":[{\"@type\":\"ListItem\",\"position\":1,\"name\":\"Startseite\",\"item\":\"https:\/\/www.electroluxprofessional.com\/de\/\"},{\"@type\":\"ListItem\",\"position\":2,\"name\":\"MyProfessional\",\"item\":\"https:\/\/www.electroluxprofessional.com\/de\/my-professional\/\"},{\"@type\":\"ListItem\",\"position\":3,\"name\":\"Bedienungsanleitungen\"}]},{\"@type\":\"WebSite\",\"@id\":\"https:\/\/www.electroluxprofessional.com\/de\/#website\",\"url\":\"https:\/\/www.electroluxprofessional.com\/de\/\",\"name\":\"Electrolux Professional Deutschland\",\"description\":\"\",\"potentialAction\":[{\"@type\":\"SearchAction\",\"target\":{\"@type\":\"EntryPoint\",\"urlTemplate\":\"https:\/\/www.electroluxprofessional.com\/de\/?src={search_term_string}\"},\"query-input\":\"required name=search_term_string\"}],\"inLanguage\":\"de-DE\"}]}<\/script>\n<!-- \/ Yoast SEO plugin. -->","yoast_head_json":{"title":"Bedienungsanleitungen f\u00fcr Ger\u00e4te von Electrolux Professional","description":"Hier finden Sie verschiedenste Bedienungsanleitungen f\u00fcr Ger\u00e4te und Produkte von Electrolux Professional. Einfach suchen und downloaden!","robots":{"index":"index","follow":"follow","max-snippet":"max-snippet:-1","max-image-preview":"max-image-preview:large","max-video-preview":"max-video-preview:-1"},"canonical":"https:\/\/www.electroluxprofessional.com\/de\/my-professional\/userdoc\/","og_locale":"de_DE","og_type":"article","og_title":"Bedienungsanleitungen f\u00fcr Ger\u00e4te von Electrolux Professional","og_description":"Hier finden Sie verschiedenste Bedienungsanleitungen f\u00fcr Ger\u00e4te und Produkte von Electrolux Professional. Einfach suchen und downloaden!","og_url":"https:\/\/www.electroluxprofessional.com\/de\/my-professional\/userdoc\/","og_site_name":"Electrolux Professional Deutschland","article_modified_time":"2024-06-19T12:19:01+00:00","twitter_card":"summary_large_image","schema":{"@context":"https:\/\/schema.org","@graph":[{"@type":"WebPage","@id":"https:\/\/www.electroluxprofessional.com\/de\/my-professional\/userdoc\/","url":"https:\/\/www.electroluxprofessional.com\/de\/my-professional\/userdoc\/","name":"Bedienungsanleitungen f\u00fcr Ger\u00e4te von Electrolux Professional","isPartOf":{"@id":"https:\/\/www.electroluxprofessional.com\/de\/#website"},"datePublished":"2016-08-16T10:12:07+00:00","dateModified":"2024-06-19T12:19:01+00:00","description":"Hier finden Sie verschiedenste Bedienungsanleitungen f\u00fcr Ger\u00e4te und Produkte von Electrolux Professional. Einfach suchen und downloaden!","breadcrumb":{"@id":"https:\/\/www.electroluxprofessional.com\/de\/my-professional\/userdoc\/#breadcrumb"},"inLanguage":"de-DE","potentialAction":[{"@type":"ReadAction","target":["https:\/\/www.electroluxprofessional.com\/de\/my-professional\/userdoc\/"]}]},{"@type":"BreadcrumbList","@id":"https:\/\/www.electroluxprofessional.com\/de\/my-professional\/userdoc\/#breadcrumb","itemListElement":[{"@type":"ListItem","position":1,"name":"Startseite","item":"https:\/\/www.electroluxprofessional.com\/de\/"},{"@type":"ListItem","position":2,"name":"MyProfessional","item":"https:\/\/www.electroluxprofessional.com\/de\/my-professional\/"},{"@type":"ListItem","position":3,"name":"Bedienungsanleitungen"}]},{"@type":"WebSite","@id":"https:\/\/www.electroluxprofessional.com\/de\/#website","url":"https:\/\/www.electroluxprofessional.com\/de\/","name":"Electrolux Professional Deutschland","description":"","potentialAction":[{"@type":"SearchAction","target":{"@type":"EntryPoint","urlTemplate":"https:\/\/www.electroluxprofessional.com\/de\/?src={search_term_string}"},"query-input":"required name=search_term_string"}],"inLanguage":"de-DE"}]}},"_links":{"self":[{"href":"https:\/\/www.electroluxprofessional.com\/de\/wp-json\/wp\/v2\/pages\/13608"}],"collection":[{"href":"https:\/\/www.electroluxprofessional.com\/de\/wp-json\/wp\/v2\/pages"}],"about":[{"href":"https:\/\/www.electroluxprofessional.com\/de\/wp-json\/wp\/v2\/types\/page"}],"author":[{"embeddable":true,"href":"https:\/\/www.electroluxprofessional.com\/de\/wp-json\/wp\/v2\/users\/161"}],"replies":[{"embeddable":true,"href":"https:\/\/www.electroluxprofessional.com\/de\/wp-json\/wp\/v2\/comments?post=13608"}],"version-history":[{"count":7,"href":"https:\/\/www.electroluxprofessional.com\/de\/wp-json\/wp\/v2\/pages\/13608\/revisions"}],"predecessor-version":[{"id":22940,"href":"https:\/\/www.electroluxprofessional.com\/de\/wp-json\/wp\/v2\/pages\/13608\/revisions\/22940"}],"up":[{"embeddable":true,"href":"https:\/\/www.electroluxprofessional.com\/de\/wp-json\/wp\/v2\/pages\/1469"}],"wp:attachment":[{"href":"https:\/\/www.electroluxprofessional.com\/de\/wp-json\/wp\/v2\/media?parent=13608"}],"curies":[{"name":"wp","href":"https:\/\/api.w.org\/{rel}","templated":true}]}}