{"id":13010,"date":"2021-03-16T14:42:35","date_gmt":"2021-03-16T14:42:35","guid":{"rendered":"https:\/\/www.electroluxprofessional.com\/de\/?page_id=12779"},"modified":"2026-03-24T13:50:02","modified_gmt":"2026-03-24T12:50:02","slug":"mypro-untertischspuelmaschine","status":"publish","type":"page","link":"https:\/\/www.electroluxprofessional.com\/de\/waeschereitechnik\/mypro-untertischspuelmaschine\/","title":{"rendered":"myPRO Untertischsp\u00fclmaschine"},"content":{"rendered":"<p>[vc_row full_width=&#8221;electroluxpro-full-width-no-padding&#8221;][vc_column][elx_image_block background_image=&#8221;26260&#8243; minimum_height=&#8221;680px&#8221;][\/vc_column][\/vc_row][vc_row][vc_column width=&#8221;2\/3&#8243;][vc_empty_space][elx_heading font_container=&#8221;h1&#8243; font_size=&#8221;h3&#8243; text_color=&#8221;electrolux-blue&#8221; text_align=&#8221;text-left&#8221;]Die myPRO Untertischsp\u00fclmaschine[\/elx_heading][vc_empty_space height=&#8221;16px&#8221;][vc_column_text]Die smart-professionelle myPRO Untertischsp\u00fclmaschine wurde <strong>speziell f\u00fcr die Anforderungen kleiner Unternehmen<\/strong> entwickelt. Mit einer <strong>Nachsp\u00fcltemperatur von bis zu 85\u202f\u00b0C<\/strong> <strong>sp\u00fclt sie bis zu 65 K\u00f6rbe<\/strong> pro Stunde. Profitieren Sie von zahlreichen Vorteilen, die Ihre Arbeit einfacher und effizienter machen:<\/p>\n<ul>\n<li><strong>Steuerung \u00fcber nur einen Knopfdruck<\/strong> \u2013 der Farbwechsel zeigt dem Benutzer den aktuellen Status an<br \/>\nMit der <strong>OnE Connected-App<\/strong> behalten Sie alles im Auge<\/li>\n<li><strong>Thermodesinfektion<\/strong> &#8211; bei einer Nachsp\u00fcltemperatur bis zu 85 \u00b0C durch einen eingebauten Druckboiler<\/li>\n<li><strong>2 voreingestellte automatische Programme<br \/>\n<\/strong>Anpassung der Waschprogramme per App m\u00f6glich<\/li>\n<li>Reduktion um <strong>bis zu 40 %<\/strong> des Energieverbrauchs*<\/li>\n<li>Steckerfertiger Anschluss an <strong>230V Steckdose<\/strong><\/li>\n<li><strong>2 Jahre Garantie<\/strong> bei Einbringung durch einen zertifizierten Electrolux Professional-Partner<\/li>\n<\/ul>\n<p style=\"font-size: 80%;\">* im Vergleich zum Vorg\u00e4ngermodell DW8548<\/p>\n<p>[\/vc_column_text][\/vc_column][vc_column width=&#8221;1\/3&#8243;][vc_empty_space height=&#8221;100px&#8221;][vc_single_image image=&#8221;26244&#8243; img_size=&#8221;665&#215;665&#8243; alignment=&#8221;center&#8221;][vc_empty_space][elx_download_block text=&#8221;myPRO Sp\u00fcler Flyer<br \/>\nherunterladen&#8221; document_type=&#8221;brochures&#8221; file_picker=&#8221;26246&#8243; background_color=&#8221;electrolux-blue&#8221; background_hover_color=&#8221;lighter-hover&#8221;][\/vc_column][\/vc_row][vc_row][vc_column width=&#8221;1\/4&#8243;][vc_empty_space][vc_empty_space][vc_single_image image=&#8221;26243&#8243; img_size=&#8221;475&#215;475&#8243; alignment=&#8221;center&#8221;][vc_empty_space][vc_empty_space][\/vc_column][vc_column width=&#8221;3\/4&#8243;][vc_empty_space][elx_heading text_color=&#8221;inherit&#8221;]Perfekt f\u00fcr kleinere Unternehmen[\/elx_heading][vc_empty_space height=&#8221;16px&#8221;][vc_column_text]Die myPRO Sp\u00fcll\u00f6sung eignet sich perfekt f\u00fcr Unternehmen wie<\/p>\n<ul>\n<li>Kleine Hotels und Fr\u00fchst\u00fcckspensionen<\/li>\n<li>Kleine Restaurants<\/li>\n<li>Friseure und Sch\u00f6nheitssalons<\/li>\n<li>Sport- und Fitness-Clubs<\/li>\n<li>Arztpraxen, Gesundheitszentren und kleinere Senioren- oder Pflegeheime<\/li>\n<li>Gemeinschaftsk\u00fcchen (Apartmenth\u00e4user, Studentenwohnheime etc.)<\/li>\n<li>B\u00e4ckereien, Metzgereien und mehr<\/li>\n<\/ul>\n<p>[\/vc_column_text][vc_empty_space][\/vc_column][\/vc_row][vc_row css=&#8221;.vc_custom_1616146289362{background-color: #efefef !important;}&#8221;][vc_column][vc_empty_space][elx_heading text_color=&#8221;inherit&#8221; text_align=&#8221;text-center&#8221;]Kontaktieren Sie unsere Experten f\u00fcr weitere Informationen[\/elx_heading][elx_o2000_contact_us s=&#8221;Anfrage: myPRO Untertischsp\u00fclmaschine&#8221; request_type=&#8221;Other&#8221; country=&#8221;Germany&#8221; b=&#8221;laundry-semi-professional&#8221; r=&#8221;Ich m\u00f6chte mehr \u00fcber die myPRO Untertischsp\u00fclmaschine erfahren. Bitte kontaktieren Sie mich.&#8221; l=&#8221;de&#8221;][\/vc_column][\/vc_row][vc_row][vc_column][vc_empty_space][elx_heading text_color=&#8221;inherit&#8221; text_align=&#8221;text-center&#8221;]Das k\u00f6nnte Sie auch interessieren[\/elx_heading][\/vc_column][\/vc_row][vc_row][vc_column width=&#8221;1\/3&#8243;][elx_maylike_box id_box=&#8221;13008&#8243;][\/vc_column][vc_column width=&#8221;1\/3&#8243;][elx_maylike_box id_box=&#8221;1555&#8243;][\/vc_column][vc_column width=&#8221;1\/3&#8243;][elx_maylike_box id_box=&#8221;1440&#8243;][\/vc_column][\/vc_row]<\/p>\n","protected":false},"excerpt":{"rendered":"<p>[vc_row full_width=&#8221;electroluxpro-full-width-no-padding&#8221;][vc_column][elx_image_block background_image=&#8221;26260&#8243; minimum_height=&#8221;680px&#8221;][\/vc_column][\/vc_row][vc_row][vc_column width=&#8221;2\/3&#8243;][vc_empty_space][elx_heading font_container=&#8221;h1&#8243; font_size=&#8221;h3&#8243; text_color=&#8221;electrolux-blue&#8221; text_align=&#8221;text-left&#8221;]Die myPRO Untertischsp\u00fclmaschine[\/elx_heading][vc_empty_space height=&#8221;16px&#8221;][vc_column_text]Die smart-professionelle myPRO Untertischsp\u00fclmaschine wurde speziell f\u00fcr die Anforderungen kleiner Unternehmen entwickelt. Mit einer Nachsp\u00fcltemperatur von bis zu 85\u202f\u00b0C sp\u00fclt sie bis zu 65 K\u00f6rbe pro Stunde. Profitieren Sie von zahlreichen Vorteilen, die Ihre Arbeit einfacher und effizienter machen: Steuerung \u00fcber nur einen Knopfdruck [&hellip;]<\/p>\n","protected":false},"author":161,"featured_media":26244,"parent":745,"menu_order":0,"comment_status":"closed","ping_status":"closed","template":"","meta":{"footnotes":""},"class_list":["post-13010","page","type-page","status-publish","has-post-thumbnail","hentry"],"acf":[],"yoast_head":"<!-- This site is optimized with the Yoast SEO plugin v23.3 - https:\/\/yoast.com\/wordpress\/plugins\/seo\/ -->\n<title>myPRO Untertischsp\u00fclmaschine | Electrolux Professional<\/title>\n<meta name=\"description\" content=\"Die professionelle myPRO Untertischsp\u00fclmaschine wurde f\u00fcr kleinere Unternehmen entwickelt und sp\u00fclt bei bis zu 85 \u00b0C 65 K\u00f6rbe pro Stunde.\" \/>\n<meta name=\"robots\" content=\"index, follow, max-snippet:-1, max-image-preview:large, max-video-preview:-1\" \/>\n<link rel=\"canonical\" href=\"https:\/\/www.electroluxprofessional.com\/de\/waeschereitechnik\/mypro-untertischspuelmaschine\/\" \/>\n<meta property=\"og:locale\" content=\"de_DE\" \/>\n<meta property=\"og:type\" content=\"article\" \/>\n<meta property=\"og:title\" content=\"myPRO Untertischsp\u00fclmaschine | Electrolux Professional\" \/>\n<meta property=\"og:description\" content=\"Die professionelle myPRO Untertischsp\u00fclmaschine wurde f\u00fcr kleinere Unternehmen entwickelt und sp\u00fclt bei bis zu 85 \u00b0C 65 K\u00f6rbe pro Stunde.\" \/>\n<meta property=\"og:url\" content=\"https:\/\/www.electroluxprofessional.com\/de\/waeschereitechnik\/mypro-untertischspuelmaschine\/\" \/>\n<meta property=\"og:site_name\" content=\"Electrolux Professional Deutschland\" \/>\n<meta property=\"article:modified_time\" content=\"2026-03-24T12:50:02+00:00\" \/>\n<meta property=\"og:image\" content=\"https:\/\/www.electroluxprofessional.com\/de\/wp-content\/uploads\/2025\/12\/2025_myPRO_Spueler_230V_665x665px.png\" \/>\n\t<meta property=\"og:image:width\" content=\"665\" \/>\n\t<meta property=\"og:image:height\" content=\"665\" \/>\n\t<meta property=\"og:image:type\" content=\"image\/png\" \/>\n<meta name=\"twitter:card\" content=\"summary_large_image\" \/>\n<meta name=\"twitter:label1\" content=\"Gesch\u00e4tzte Lesezeit\" \/>\n\t<meta name=\"twitter:data1\" content=\"2 Minuten\" \/>\n<script type=\"application\/ld+json\" class=\"yoast-schema-graph\">{\"@context\":\"https:\/\/schema.org\",\"@graph\":[{\"@type\":\"WebPage\",\"@id\":\"https:\/\/www.electroluxprofessional.com\/de\/waeschereitechnik\/mypro-untertischspuelmaschine\/\",\"url\":\"https:\/\/www.electroluxprofessional.com\/de\/waeschereitechnik\/mypro-untertischspuelmaschine\/\",\"name\":\"myPRO Untertischsp\u00fclmaschine | Electrolux Professional\",\"isPartOf\":{\"@id\":\"https:\/\/www.electroluxprofessional.com\/de\/#website\"},\"primaryImageOfPage\":{\"@id\":\"https:\/\/www.electroluxprofessional.com\/de\/waeschereitechnik\/mypro-untertischspuelmaschine\/#primaryimage\"},\"image\":{\"@id\":\"https:\/\/www.electroluxprofessional.com\/de\/waeschereitechnik\/mypro-untertischspuelmaschine\/#primaryimage\"},\"thumbnailUrl\":\"https:\/\/www.electroluxprofessional.com\/de\/wp-content\/uploads\/2025\/12\/2025_myPRO_Spueler_230V_665x665px.png\",\"datePublished\":\"2021-03-16T14:42:35+00:00\",\"dateModified\":\"2026-03-24T12:50:02+00:00\",\"description\":\"Die professionelle myPRO Untertischsp\u00fclmaschine wurde f\u00fcr kleinere Unternehmen entwickelt und sp\u00fclt bei bis zu 85 \u00b0C 65 K\u00f6rbe pro Stunde.\",\"breadcrumb\":{\"@id\":\"https:\/\/www.electroluxprofessional.com\/de\/waeschereitechnik\/mypro-untertischspuelmaschine\/#breadcrumb\"},\"inLanguage\":\"de-DE\",\"potentialAction\":[{\"@type\":\"ReadAction\",\"target\":[\"https:\/\/www.electroluxprofessional.com\/de\/waeschereitechnik\/mypro-untertischspuelmaschine\/\"]}]},{\"@type\":\"ImageObject\",\"inLanguage\":\"de-DE\",\"@id\":\"https:\/\/www.electroluxprofessional.com\/de\/waeschereitechnik\/mypro-untertischspuelmaschine\/#primaryimage\",\"url\":\"https:\/\/www.electroluxprofessional.com\/de\/wp-content\/uploads\/2025\/12\/2025_myPRO_Spueler_230V_665x665px.png\",\"contentUrl\":\"https:\/\/www.electroluxprofessional.com\/de\/wp-content\/uploads\/2025\/12\/2025_myPRO_Spueler_230V_665x665px.png\",\"width\":665,\"height\":665,\"caption\":\"myPRO Untertischsp\u00fclmaschine mit 230V f\u00fcr kleinere Unternehmen\"},{\"@type\":\"BreadcrumbList\",\"@id\":\"https:\/\/www.electroluxprofessional.com\/de\/waeschereitechnik\/mypro-untertischspuelmaschine\/#breadcrumb\",\"itemListElement\":[{\"@type\":\"ListItem\",\"position\":1,\"name\":\"Startseite\",\"item\":\"https:\/\/www.electroluxprofessional.com\/de\/\"},{\"@type\":\"ListItem\",\"position\":2,\"name\":\"W\u00e4schereitechnik\",\"item\":\"https:\/\/www.electroluxprofessional.com\/de\/waeschereitechnik\/\"},{\"@type\":\"ListItem\",\"position\":3,\"name\":\"myPRO Untertischsp\u00fclmaschine\"}]},{\"@type\":\"WebSite\",\"@id\":\"https:\/\/www.electroluxprofessional.com\/de\/#website\",\"url\":\"https:\/\/www.electroluxprofessional.com\/de\/\",\"name\":\"Electrolux Professional Deutschland\",\"description\":\"\",\"potentialAction\":[{\"@type\":\"SearchAction\",\"target\":{\"@type\":\"EntryPoint\",\"urlTemplate\":\"https:\/\/www.electroluxprofessional.com\/de\/?src={search_term_string}\"},\"query-input\":\"required name=search_term_string\"}],\"inLanguage\":\"de-DE\"}]}<\/script>\n<!-- \/ Yoast SEO plugin. -->","yoast_head_json":{"title":"myPRO Untertischsp\u00fclmaschine | Electrolux Professional","description":"Die professionelle myPRO Untertischsp\u00fclmaschine wurde f\u00fcr kleinere Unternehmen entwickelt und sp\u00fclt bei bis zu 85 \u00b0C 65 K\u00f6rbe pro Stunde.","robots":{"index":"index","follow":"follow","max-snippet":"max-snippet:-1","max-image-preview":"max-image-preview:large","max-video-preview":"max-video-preview:-1"},"canonical":"https:\/\/www.electroluxprofessional.com\/de\/waeschereitechnik\/mypro-untertischspuelmaschine\/","og_locale":"de_DE","og_type":"article","og_title":"myPRO Untertischsp\u00fclmaschine | Electrolux Professional","og_description":"Die professionelle myPRO Untertischsp\u00fclmaschine wurde f\u00fcr kleinere Unternehmen entwickelt und sp\u00fclt bei bis zu 85 \u00b0C 65 K\u00f6rbe pro Stunde.","og_url":"https:\/\/www.electroluxprofessional.com\/de\/waeschereitechnik\/mypro-untertischspuelmaschine\/","og_site_name":"Electrolux Professional Deutschland","article_modified_time":"2026-03-24T12:50:02+00:00","og_image":[{"width":665,"height":665,"url":"https:\/\/www.electroluxprofessional.com\/de\/wp-content\/uploads\/2025\/12\/2025_myPRO_Spueler_230V_665x665px.png","type":"image\/png"}],"twitter_card":"summary_large_image","twitter_misc":{"Gesch\u00e4tzte Lesezeit":"2 Minuten"},"schema":{"@context":"https:\/\/schema.org","@graph":[{"@type":"WebPage","@id":"https:\/\/www.electroluxprofessional.com\/de\/waeschereitechnik\/mypro-untertischspuelmaschine\/","url":"https:\/\/www.electroluxprofessional.com\/de\/waeschereitechnik\/mypro-untertischspuelmaschine\/","name":"myPRO Untertischsp\u00fclmaschine | Electrolux Professional","isPartOf":{"@id":"https:\/\/www.electroluxprofessional.com\/de\/#website"},"primaryImageOfPage":{"@id":"https:\/\/www.electroluxprofessional.com\/de\/waeschereitechnik\/mypro-untertischspuelmaschine\/#primaryimage"},"image":{"@id":"https:\/\/www.electroluxprofessional.com\/de\/waeschereitechnik\/mypro-untertischspuelmaschine\/#primaryimage"},"thumbnailUrl":"https:\/\/www.electroluxprofessional.com\/de\/wp-content\/uploads\/2025\/12\/2025_myPRO_Spueler_230V_665x665px.png","datePublished":"2021-03-16T14:42:35+00:00","dateModified":"2026-03-24T12:50:02+00:00","description":"Die professionelle myPRO Untertischsp\u00fclmaschine wurde f\u00fcr kleinere Unternehmen entwickelt und sp\u00fclt bei bis zu 85 \u00b0C 65 K\u00f6rbe pro Stunde.","breadcrumb":{"@id":"https:\/\/www.electroluxprofessional.com\/de\/waeschereitechnik\/mypro-untertischspuelmaschine\/#breadcrumb"},"inLanguage":"de-DE","potentialAction":[{"@type":"ReadAction","target":["https:\/\/www.electroluxprofessional.com\/de\/waeschereitechnik\/mypro-untertischspuelmaschine\/"]}]},{"@type":"ImageObject","inLanguage":"de-DE","@id":"https:\/\/www.electroluxprofessional.com\/de\/waeschereitechnik\/mypro-untertischspuelmaschine\/#primaryimage","url":"https:\/\/www.electroluxprofessional.com\/de\/wp-content\/uploads\/2025\/12\/2025_myPRO_Spueler_230V_665x665px.png","contentUrl":"https:\/\/www.electroluxprofessional.com\/de\/wp-content\/uploads\/2025\/12\/2025_myPRO_Spueler_230V_665x665px.png","width":665,"height":665,"caption":"myPRO Untertischsp\u00fclmaschine mit 230V f\u00fcr kleinere Unternehmen"},{"@type":"BreadcrumbList","@id":"https:\/\/www.electroluxprofessional.com\/de\/waeschereitechnik\/mypro-untertischspuelmaschine\/#breadcrumb","itemListElement":[{"@type":"ListItem","position":1,"name":"Startseite","item":"https:\/\/www.electroluxprofessional.com\/de\/"},{"@type":"ListItem","position":2,"name":"W\u00e4schereitechnik","item":"https:\/\/www.electroluxprofessional.com\/de\/waeschereitechnik\/"},{"@type":"ListItem","position":3,"name":"myPRO Untertischsp\u00fclmaschine"}]},{"@type":"WebSite","@id":"https:\/\/www.electroluxprofessional.com\/de\/#website","url":"https:\/\/www.electroluxprofessional.com\/de\/","name":"Electrolux Professional Deutschland","description":"","potentialAction":[{"@type":"SearchAction","target":{"@type":"EntryPoint","urlTemplate":"https:\/\/www.electroluxprofessional.com\/de\/?src={search_term_string}"},"query-input":"required name=search_term_string"}],"inLanguage":"de-DE"}]}},"_links":{"self":[{"href":"https:\/\/www.electroluxprofessional.com\/de\/wp-json\/wp\/v2\/pages\/13010"}],"collection":[{"href":"https:\/\/www.electroluxprofessional.com\/de\/wp-json\/wp\/v2\/pages"}],"about":[{"href":"https:\/\/www.electroluxprofessional.com\/de\/wp-json\/wp\/v2\/types\/page"}],"author":[{"embeddable":true,"href":"https:\/\/www.electroluxprofessional.com\/de\/wp-json\/wp\/v2\/users\/161"}],"replies":[{"embeddable":true,"href":"https:\/\/www.electroluxprofessional.com\/de\/wp-json\/wp\/v2\/comments?post=13010"}],"version-history":[{"count":74,"href":"https:\/\/www.electroluxprofessional.com\/de\/wp-json\/wp\/v2\/pages\/13010\/revisions"}],"predecessor-version":[{"id":27496,"href":"https:\/\/www.electroluxprofessional.com\/de\/wp-json\/wp\/v2\/pages\/13010\/revisions\/27496"}],"up":[{"embeddable":true,"href":"https:\/\/www.electroluxprofessional.com\/de\/wp-json\/wp\/v2\/pages\/745"}],"wp:featuredmedia":[{"embeddable":true,"href":"https:\/\/www.electroluxprofessional.com\/de\/wp-json\/wp\/v2\/media\/26244"}],"wp:attachment":[{"href":"https:\/\/www.electroluxprofessional.com\/de\/wp-json\/wp\/v2\/media?parent=13010"}],"curies":[{"name":"wp","href":"https:\/\/api.w.org\/{rel}","templated":true}]}}