{"id":12779,"date":"2021-03-16T14:42:35","date_gmt":"2021-03-16T14:42:35","guid":{"rendered":"https:\/\/www.electroluxprofessional.com\/de\/?page_id=12779"},"modified":"2025-08-12T08:49:25","modified_gmt":"2025-08-12T08:49:25","slug":"prothermetic-rezeptbuch-fuer-druckgarbraisieren","status":"publish","type":"page","link":"https:\/\/www.electroluxprofessional.com\/de\/grosskuechentechnik\/prothermetic-kochkessel-und-bratpfannen\/prothermetic-rezeptbuch-fuer-druckgarbraisieren\/","title":{"rendered":"ProThermetic &#8211; Rezeptbuch f\u00fcr Druckgarbraisi\u00e8ren"},"content":{"rendered":"<p>[vc_row full_width=&#8221;electroluxpro-full-width-no-padding&#8221;][vc_column][vc_single_image image=&#8221;1551&#8243; img_size=&#8221;2000*450&#8243; alignment=&#8221;center&#8221;][\/vc_column][\/vc_row][vc_row][vc_column width=&#8221;2\/3&#8243;][vc_empty_space][elx_heading font_container=&#8221;h1&#8243; font_size=&#8221;h3&#8243; text_color=&#8221;electrolux-blue&#8221; text_align=&#8221;text-left&#8221;]Unser kostenloses ProThermetic Rezeptbuch f\u00fcr Druckgarbraisi\u00e8ren[\/elx_heading][vc_empty_space][vc_column_text]Unsere K\u00fcchenchefs haben f\u00fcr Sie ein ProThermetic Rezeptbuch f\u00fcr Druckgarbraisi\u00e8ren mit 65 Rezepten aus der ganzen Welt erstellt. Damit bereiten Sie beispielsweise gro\u00dfe Mengen Gulasch, Risotto oder K\u00e4sekuchen dank<a href=\"https:\/\/www.electroluxprofessional.com\/de\/grosskuechentechnik\/kochkessel-bratpfannen\/prothermetic-kochkessel-und-bratpfannen\/\" target=\"_blank\" rel=\"noopener noreferrer\"> Druckgartechnik<\/a> im Handumdrehen zu.<\/p>\n<p>Wir w\u00fcnschen viel Freude beim Kochen!<\/p>\n<p>Ihr Electrolux Professional Team[\/vc_column_text][\/vc_column][vc_column width=&#8221;1\/3&#8243;][vc_empty_space height=&#8221;64px&#8221;][elx_download_block text=&#8221;Rezeptbuch herunterladen&#8221; file_picker=&#8221;25416&#8243; background_color=&#8221;electrolux-blue&#8221; background_hover_color=&#8221;lighter-hover&#8221;][\/vc_column][\/vc_row][vc_row][vc_column][vc_empty_space][\/vc_column][\/vc_row][vc_row][vc_column][\/vc_column][\/vc_row]<\/p>\n","protected":false},"excerpt":{"rendered":"<p>[vc_row full_width=&#8221;electroluxpro-full-width-no-padding&#8221;][vc_column][vc_single_image image=&#8221;1551&#8243; img_size=&#8221;2000*450&#8243; alignment=&#8221;center&#8221;][\/vc_column][\/vc_row][vc_row][vc_column width=&#8221;2\/3&#8243;][vc_empty_space][elx_heading font_container=&#8221;h1&#8243; font_size=&#8221;h3&#8243; text_color=&#8221;electrolux-blue&#8221; text_align=&#8221;text-left&#8221;]Unser kostenloses ProThermetic Rezeptbuch f\u00fcr Druckgarbraisi\u00e8ren[\/elx_heading][vc_empty_space][vc_column_text]Unsere K\u00fcchenchefs haben f\u00fcr Sie ein ProThermetic Rezeptbuch f\u00fcr Druckgarbraisi\u00e8ren mit 65 Rezepten aus der ganzen Welt erstellt. Damit bereiten Sie beispielsweise gro\u00dfe Mengen Gulasch, Risotto oder K\u00e4sekuchen dank Druckgartechnik im Handumdrehen zu. Wir w\u00fcnschen viel Freude beim Kochen! Ihr Electrolux [&hellip;]<\/p>\n","protected":false},"author":161,"featured_media":12795,"parent":1552,"menu_order":0,"comment_status":"closed","ping_status":"closed","template":"","meta":{"footnotes":""},"class_list":["post-12779","page","type-page","status-publish","has-post-thumbnail","hentry"],"acf":[],"yoast_head":"<!-- This site is optimized with the Yoast SEO plugin v23.3 - https:\/\/yoast.com\/wordpress\/plugins\/seo\/ -->\n<title>Kostenloses Rezeptbuch f\u00fcr Druckgarbraisi\u00e8ren - ProThermetic<\/title>\n<meta name=\"description\" content=\"Unsere K\u00fcchenchefs haben f\u00fcr Sie ein ProThermetic Rezeptbuch f\u00fcr Druckgarbraisi\u00e8ren erstellt. Hier k\u00f6nnen Sie kostenlos 4 Rezepte herunterladen sowie das gesamte Rezeptbuch mit 65 Rezepten aus der ganzen Welt anfordern.\" \/>\n<meta name=\"robots\" content=\"index, follow, max-snippet:-1, max-image-preview:large, max-video-preview:-1\" \/>\n<link rel=\"canonical\" href=\"https:\/\/www.electroluxprofessional.com\/de\/grosskuechentechnik\/prothermetic-kochkessel-und-bratpfannen\/prothermetic-rezeptbuch-fuer-druckgarbraisieren\/\" \/>\n<meta property=\"og:locale\" content=\"de_DE\" \/>\n<meta property=\"og:type\" content=\"article\" \/>\n<meta property=\"og:title\" content=\"Kostenloses Rezeptbuch f\u00fcr Druckgarbraisi\u00e8ren - ProThermetic\" \/>\n<meta property=\"og:description\" content=\"Unsere K\u00fcchenchefs haben f\u00fcr Sie ein ProThermetic Rezeptbuch f\u00fcr Druckgarbraisi\u00e8ren erstellt. Hier k\u00f6nnen Sie kostenlos 4 Rezepte herunterladen sowie das gesamte Rezeptbuch mit 65 Rezepten aus der ganzen Welt anfordern.\" \/>\n<meta property=\"og:url\" content=\"https:\/\/www.electroluxprofessional.com\/de\/grosskuechentechnik\/prothermetic-kochkessel-und-bratpfannen\/prothermetic-rezeptbuch-fuer-druckgarbraisieren\/\" \/>\n<meta property=\"og:site_name\" content=\"Electrolux Professional Deutschland\" \/>\n<meta property=\"article:modified_time\" content=\"2025-08-12T08:49:25+00:00\" \/>\n<meta property=\"og:image\" content=\"https:\/\/www.electroluxprofessional.com\/de\/wp-content\/uploads\/2021\/03\/prothermetic.rezeptbuch.jpg\" \/>\n\t<meta property=\"og:image:width\" content=\"830\" \/>\n\t<meta property=\"og:image:height\" content=\"1173\" \/>\n\t<meta property=\"og:image:type\" content=\"image\/jpeg\" \/>\n<meta name=\"twitter:card\" content=\"summary_large_image\" \/>\n<meta name=\"twitter:label1\" content=\"Gesch\u00e4tzte Lesezeit\" \/>\n\t<meta name=\"twitter:data1\" content=\"1 Minute\" \/>\n<script type=\"application\/ld+json\" class=\"yoast-schema-graph\">{\"@context\":\"https:\/\/schema.org\",\"@graph\":[{\"@type\":\"WebPage\",\"@id\":\"https:\/\/www.electroluxprofessional.com\/de\/grosskuechentechnik\/prothermetic-kochkessel-und-bratpfannen\/prothermetic-rezeptbuch-fuer-druckgarbraisieren\/\",\"url\":\"https:\/\/www.electroluxprofessional.com\/de\/grosskuechentechnik\/prothermetic-kochkessel-und-bratpfannen\/prothermetic-rezeptbuch-fuer-druckgarbraisieren\/\",\"name\":\"Kostenloses Rezeptbuch f\u00fcr Druckgarbraisi\u00e8ren - ProThermetic\",\"isPartOf\":{\"@id\":\"https:\/\/www.electroluxprofessional.com\/de\/#website\"},\"primaryImageOfPage\":{\"@id\":\"https:\/\/www.electroluxprofessional.com\/de\/grosskuechentechnik\/prothermetic-kochkessel-und-bratpfannen\/prothermetic-rezeptbuch-fuer-druckgarbraisieren\/#primaryimage\"},\"image\":{\"@id\":\"https:\/\/www.electroluxprofessional.com\/de\/grosskuechentechnik\/prothermetic-kochkessel-und-bratpfannen\/prothermetic-rezeptbuch-fuer-druckgarbraisieren\/#primaryimage\"},\"thumbnailUrl\":\"https:\/\/www.electroluxprofessional.com\/de\/wp-content\/uploads\/2021\/03\/prothermetic.rezeptbuch.jpg\",\"datePublished\":\"2021-03-16T14:42:35+00:00\",\"dateModified\":\"2025-08-12T08:49:25+00:00\",\"description\":\"Unsere K\u00fcchenchefs haben f\u00fcr Sie ein ProThermetic Rezeptbuch f\u00fcr Druckgarbraisi\u00e8ren erstellt. Hier k\u00f6nnen Sie kostenlos 4 Rezepte herunterladen sowie das gesamte Rezeptbuch mit 65 Rezepten aus der ganzen Welt anfordern.\",\"breadcrumb\":{\"@id\":\"https:\/\/www.electroluxprofessional.com\/de\/grosskuechentechnik\/prothermetic-kochkessel-und-bratpfannen\/prothermetic-rezeptbuch-fuer-druckgarbraisieren\/#breadcrumb\"},\"inLanguage\":\"de-DE\",\"potentialAction\":[{\"@type\":\"ReadAction\",\"target\":[\"https:\/\/www.electroluxprofessional.com\/de\/grosskuechentechnik\/prothermetic-kochkessel-und-bratpfannen\/prothermetic-rezeptbuch-fuer-druckgarbraisieren\/\"]}]},{\"@type\":\"ImageObject\",\"inLanguage\":\"de-DE\",\"@id\":\"https:\/\/www.electroluxprofessional.com\/de\/grosskuechentechnik\/prothermetic-kochkessel-und-bratpfannen\/prothermetic-rezeptbuch-fuer-druckgarbraisieren\/#primaryimage\",\"url\":\"https:\/\/www.electroluxprofessional.com\/de\/wp-content\/uploads\/2021\/03\/prothermetic.rezeptbuch.jpg\",\"contentUrl\":\"https:\/\/www.electroluxprofessional.com\/de\/wp-content\/uploads\/2021\/03\/prothermetic.rezeptbuch.jpg\",\"width\":830,\"height\":1173,\"caption\":\"prothermetic.rezeptbuch\"},{\"@type\":\"BreadcrumbList\",\"@id\":\"https:\/\/www.electroluxprofessional.com\/de\/grosskuechentechnik\/prothermetic-kochkessel-und-bratpfannen\/prothermetic-rezeptbuch-fuer-druckgarbraisieren\/#breadcrumb\",\"itemListElement\":[{\"@type\":\"ListItem\",\"position\":1,\"name\":\"Startseite\",\"item\":\"https:\/\/www.electroluxprofessional.com\/de\/\"},{\"@type\":\"ListItem\",\"position\":2,\"name\":\"Gro\u00dfk\u00fcchentechnik\",\"item\":\"https:\/\/www.electroluxprofessional.com\/de\/grosskuechentechnik\/\"},{\"@type\":\"ListItem\",\"position\":3,\"name\":\"ProThermetic Kochkessel und Bratpfannen\",\"item\":\"https:\/\/www.electroluxprofessional.com\/de\/grosskuechentechnik\/prothermetic-kochkessel-und-bratpfannen\/\"},{\"@type\":\"ListItem\",\"position\":4,\"name\":\"ProThermetic &#8211; Rezeptbuch f\u00fcr Druckgarbraisi\u00e8ren\"}]},{\"@type\":\"WebSite\",\"@id\":\"https:\/\/www.electroluxprofessional.com\/de\/#website\",\"url\":\"https:\/\/www.electroluxprofessional.com\/de\/\",\"name\":\"Electrolux Professional Deutschland\",\"description\":\"\",\"potentialAction\":[{\"@type\":\"SearchAction\",\"target\":{\"@type\":\"EntryPoint\",\"urlTemplate\":\"https:\/\/www.electroluxprofessional.com\/de\/?src={search_term_string}\"},\"query-input\":\"required name=search_term_string\"}],\"inLanguage\":\"de-DE\"}]}<\/script>\n<!-- \/ Yoast SEO plugin. -->","yoast_head_json":{"title":"Kostenloses Rezeptbuch f\u00fcr Druckgarbraisi\u00e8ren - ProThermetic","description":"Unsere K\u00fcchenchefs haben f\u00fcr Sie ein ProThermetic Rezeptbuch f\u00fcr Druckgarbraisi\u00e8ren erstellt. Hier k\u00f6nnen Sie kostenlos 4 Rezepte herunterladen sowie das gesamte Rezeptbuch mit 65 Rezepten aus der ganzen Welt anfordern.","robots":{"index":"index","follow":"follow","max-snippet":"max-snippet:-1","max-image-preview":"max-image-preview:large","max-video-preview":"max-video-preview:-1"},"canonical":"https:\/\/www.electroluxprofessional.com\/de\/grosskuechentechnik\/prothermetic-kochkessel-und-bratpfannen\/prothermetic-rezeptbuch-fuer-druckgarbraisieren\/","og_locale":"de_DE","og_type":"article","og_title":"Kostenloses Rezeptbuch f\u00fcr Druckgarbraisi\u00e8ren - ProThermetic","og_description":"Unsere K\u00fcchenchefs haben f\u00fcr Sie ein ProThermetic Rezeptbuch f\u00fcr Druckgarbraisi\u00e8ren erstellt. Hier k\u00f6nnen Sie kostenlos 4 Rezepte herunterladen sowie das gesamte Rezeptbuch mit 65 Rezepten aus der ganzen Welt anfordern.","og_url":"https:\/\/www.electroluxprofessional.com\/de\/grosskuechentechnik\/prothermetic-kochkessel-und-bratpfannen\/prothermetic-rezeptbuch-fuer-druckgarbraisieren\/","og_site_name":"Electrolux Professional Deutschland","article_modified_time":"2025-08-12T08:49:25+00:00","og_image":[{"width":830,"height":1173,"url":"https:\/\/www.electroluxprofessional.com\/de\/wp-content\/uploads\/2021\/03\/prothermetic.rezeptbuch.jpg","type":"image\/jpeg"}],"twitter_card":"summary_large_image","twitter_misc":{"Gesch\u00e4tzte Lesezeit":"1 Minute"},"schema":{"@context":"https:\/\/schema.org","@graph":[{"@type":"WebPage","@id":"https:\/\/www.electroluxprofessional.com\/de\/grosskuechentechnik\/prothermetic-kochkessel-und-bratpfannen\/prothermetic-rezeptbuch-fuer-druckgarbraisieren\/","url":"https:\/\/www.electroluxprofessional.com\/de\/grosskuechentechnik\/prothermetic-kochkessel-und-bratpfannen\/prothermetic-rezeptbuch-fuer-druckgarbraisieren\/","name":"Kostenloses Rezeptbuch f\u00fcr Druckgarbraisi\u00e8ren - ProThermetic","isPartOf":{"@id":"https:\/\/www.electroluxprofessional.com\/de\/#website"},"primaryImageOfPage":{"@id":"https:\/\/www.electroluxprofessional.com\/de\/grosskuechentechnik\/prothermetic-kochkessel-und-bratpfannen\/prothermetic-rezeptbuch-fuer-druckgarbraisieren\/#primaryimage"},"image":{"@id":"https:\/\/www.electroluxprofessional.com\/de\/grosskuechentechnik\/prothermetic-kochkessel-und-bratpfannen\/prothermetic-rezeptbuch-fuer-druckgarbraisieren\/#primaryimage"},"thumbnailUrl":"https:\/\/www.electroluxprofessional.com\/de\/wp-content\/uploads\/2021\/03\/prothermetic.rezeptbuch.jpg","datePublished":"2021-03-16T14:42:35+00:00","dateModified":"2025-08-12T08:49:25+00:00","description":"Unsere K\u00fcchenchefs haben f\u00fcr Sie ein ProThermetic Rezeptbuch f\u00fcr Druckgarbraisi\u00e8ren erstellt. Hier k\u00f6nnen Sie kostenlos 4 Rezepte herunterladen sowie das gesamte Rezeptbuch mit 65 Rezepten aus der ganzen Welt anfordern.","breadcrumb":{"@id":"https:\/\/www.electroluxprofessional.com\/de\/grosskuechentechnik\/prothermetic-kochkessel-und-bratpfannen\/prothermetic-rezeptbuch-fuer-druckgarbraisieren\/#breadcrumb"},"inLanguage":"de-DE","potentialAction":[{"@type":"ReadAction","target":["https:\/\/www.electroluxprofessional.com\/de\/grosskuechentechnik\/prothermetic-kochkessel-und-bratpfannen\/prothermetic-rezeptbuch-fuer-druckgarbraisieren\/"]}]},{"@type":"ImageObject","inLanguage":"de-DE","@id":"https:\/\/www.electroluxprofessional.com\/de\/grosskuechentechnik\/prothermetic-kochkessel-und-bratpfannen\/prothermetic-rezeptbuch-fuer-druckgarbraisieren\/#primaryimage","url":"https:\/\/www.electroluxprofessional.com\/de\/wp-content\/uploads\/2021\/03\/prothermetic.rezeptbuch.jpg","contentUrl":"https:\/\/www.electroluxprofessional.com\/de\/wp-content\/uploads\/2021\/03\/prothermetic.rezeptbuch.jpg","width":830,"height":1173,"caption":"prothermetic.rezeptbuch"},{"@type":"BreadcrumbList","@id":"https:\/\/www.electroluxprofessional.com\/de\/grosskuechentechnik\/prothermetic-kochkessel-und-bratpfannen\/prothermetic-rezeptbuch-fuer-druckgarbraisieren\/#breadcrumb","itemListElement":[{"@type":"ListItem","position":1,"name":"Startseite","item":"https:\/\/www.electroluxprofessional.com\/de\/"},{"@type":"ListItem","position":2,"name":"Gro\u00dfk\u00fcchentechnik","item":"https:\/\/www.electroluxprofessional.com\/de\/grosskuechentechnik\/"},{"@type":"ListItem","position":3,"name":"ProThermetic Kochkessel und Bratpfannen","item":"https:\/\/www.electroluxprofessional.com\/de\/grosskuechentechnik\/prothermetic-kochkessel-und-bratpfannen\/"},{"@type":"ListItem","position":4,"name":"ProThermetic &#8211; Rezeptbuch f\u00fcr Druckgarbraisi\u00e8ren"}]},{"@type":"WebSite","@id":"https:\/\/www.electroluxprofessional.com\/de\/#website","url":"https:\/\/www.electroluxprofessional.com\/de\/","name":"Electrolux Professional Deutschland","description":"","potentialAction":[{"@type":"SearchAction","target":{"@type":"EntryPoint","urlTemplate":"https:\/\/www.electroluxprofessional.com\/de\/?src={search_term_string}"},"query-input":"required name=search_term_string"}],"inLanguage":"de-DE"}]}},"_links":{"self":[{"href":"https:\/\/www.electroluxprofessional.com\/de\/wp-json\/wp\/v2\/pages\/12779"}],"collection":[{"href":"https:\/\/www.electroluxprofessional.com\/de\/wp-json\/wp\/v2\/pages"}],"about":[{"href":"https:\/\/www.electroluxprofessional.com\/de\/wp-json\/wp\/v2\/types\/page"}],"author":[{"embeddable":true,"href":"https:\/\/www.electroluxprofessional.com\/de\/wp-json\/wp\/v2\/users\/161"}],"replies":[{"embeddable":true,"href":"https:\/\/www.electroluxprofessional.com\/de\/wp-json\/wp\/v2\/comments?post=12779"}],"version-history":[{"count":21,"href":"https:\/\/www.electroluxprofessional.com\/de\/wp-json\/wp\/v2\/pages\/12779\/revisions"}],"predecessor-version":[{"id":25417,"href":"https:\/\/www.electroluxprofessional.com\/de\/wp-json\/wp\/v2\/pages\/12779\/revisions\/25417"}],"up":[{"embeddable":true,"href":"https:\/\/www.electroluxprofessional.com\/de\/wp-json\/wp\/v2\/pages\/1552"}],"wp:featuredmedia":[{"embeddable":true,"href":"https:\/\/www.electroluxprofessional.com\/de\/wp-json\/wp\/v2\/media\/12795"}],"wp:attachment":[{"href":"https:\/\/www.electroluxprofessional.com\/de\/wp-json\/wp\/v2\/media?parent=12779"}],"curies":[{"name":"wp","href":"https:\/\/api.w.org\/{rel}","templated":true}]}}