{"id":12136,"date":"2016-11-28T08:47:02","date_gmt":"2016-11-28T08:47:02","guid":{"rendered":"https:\/\/www.electroluxprofessional.com\/?page_id=5945"},"modified":"2026-04-02T16:09:30","modified_gmt":"2026-04-02T15:09:30","slug":"saladette-2","status":"publish","type":"page","link":"https:\/\/www.electroluxprofessional.com\/de\/grosskuechentechnik\/saladette-2\/","title":{"rendered":"Saladette"},"content":{"rendered":"<p>[vc_row full_width=&#8221;electroluxpro-full-width-no-padding&#8221;][vc_column][vc_single_image image=&#8221;1629&#8243; img_size=&#8221;2000*350&#8243;][\/vc_column][\/vc_row][vc_row][vc_column][elx_heading font_container=&#8221;h1&#8243; font_size=&#8221;h3&#8243; text_color=&#8221;inherit&#8221; text_align=&#8221;text-left&#8221;]Saladette[\/elx_heading][elx_heading font_container=&#8221;h3&#8243; font_size=&#8221;h5&#8243; text_color=&#8221;inherit&#8221;]Das Electrolux Professional Sortiment an <strong>K\u00fchltischen<\/strong> kombiniert den Komfort einer Arbeitsfl\u00e4che mit einer darunter liegenden K\u00fchlzelle.[\/elx_heading][vc_empty_space][\/vc_column][\/vc_row][vc_row][vc_column width=&#8221;2\/3&#8243;][vc_single_image image=&#8221;25983&#8243; img_size=&#8221;700*400&#8243; alignment=&#8221;center&#8221;][\/vc_column][vc_column width=&#8221;1\/3&#8243;][elx_heading text_color=&#8221;inherit&#8221;]Ein einzigartiger K\u00fchltisch[\/elx_heading][vc_column_text css=&#8221;.vc_custom_1614676096912{margin-top: 20px !important;border-top-width: 20px !important;padding-top: 20px !important;}&#8221;]<\/p>\n<h5>Diese Vielseitigkeit erm\u00f6glicht bemerkenswerte Platzeinsparungen und bietet gleichzeitig eine funktionale und modulare L\u00f6sung f\u00fcr alle K\u00fcchenanforderungen.<\/h5>\n<p>[\/vc_column_text][\/vc_column][\/vc_row][vc_row][vc_column][vc_empty_space][vc_empty_space][\/vc_column][\/vc_row][vc_row][vc_column][vc_column_text]<\/p>\n<h2 style=\"text-align: center;\">Besonders nachhaltig<\/h2>\n<p id=\"tw-target-text\" class=\"tw-data-text tw-text-large tw-ta\" dir=\"ltr\" style=\"text-align: center;\" data-placeholder=\"\u00dcbersetzung\" data-ved=\"2ahUKEwjOr9Ca0JOCAxV__bsIHdrqDqcQ3ewLegQICRAQ\"><span class=\"Y2IQFc\" lang=\"de\">Wegweisend f\u00fcr nachhaltiges Wirtschaften und<br \/>\n<\/span><span class=\"Y2IQFc\" lang=\"de\">umweltfreundliche L\u00f6sungen durch Innovation<\/span>[\/vc_column_text][vc_empty_space][vc_row_inner][vc_column_inner width=&#8221;1\/2&#8243;][vc_column_text]<\/p>\n<h2 id=\"tw-target-text\" class=\"tw-data-text tw-text-large tw-ta\" dir=\"ltr\" data-placeholder=\"\u00dcbersetzung\" data-ved=\"2ahUKEwjOr9Ca0JOCAxV__bsIHdrqDqcQ3ewLegQICRAQ\"><span class=\"Y2IQFc\" lang=\"de\">Electrolux Professional treibt den Wandel voran und ist einer der ersten auf dem Markt mit hocheffizienten R290-L\u00f6sungen<\/span><\/h2>\n<p>[\/vc_column_text][\/vc_column_inner][vc_column_inner width=&#8221;1\/2&#8243;][vc_single_image image=&#8221;17929&#8243; img_size=&#8221;medium&#8221;][vc_empty_space height=&#8221;16px&#8221;][vc_column_text]<\/p>\n<p id=\"tw-target-text\" class=\"tw-data-text tw-text-large tw-ta\" dir=\"ltr\" data-placeholder=\"\u00dcbersetzung\" data-ved=\"2ahUKEwjOr9Ca0JOCAxV__bsIHdrqDqcQ3ewLegQICRAQ\"><span class=\"Y2IQFc\" lang=\"de\">R290-Gas reduziert die Umweltbelastung und wirkt sich weniger aggressiv auf die Komponenten des K\u00fchlschranks aus als \u00e4lteres herk\u00f6mmliches Gas.<\/span><\/p>\n<p>[\/vc_column_text][\/vc_column_inner][\/vc_row_inner][vc_empty_space][vc_empty_space][\/vc_column][\/vc_row][vc_row css=&#8221;.vc_custom_1517830702010{background-color: #eeeeee !important;}&#8221;][vc_column][elx_heading font_size=&#8221;h3&#8243; text_color=&#8221;inherit&#8221; text_align=&#8221;text-left&#8221;]Finden Sie das ideale Gesamtpaket f\u00fcr Ihr Unternehmen[\/elx_heading][\/vc_column][\/vc_row][vc_row css=&#8221;.vc_custom_1517830708765{background-color: #eeeeee !important;}&#8221;][vc_column width=&#8221;1\/3&#8243;][elx_maylike_box id_box=&#8221;1545&#8243;][\/vc_column][vc_column width=&#8221;1\/3&#8243;][elx_maylike_box id_box=&#8221;20410&#8243;][\/vc_column][vc_column width=&#8221;1\/3&#8243;][elx_maylike_box id_box=&#8221;1445&#8243;][\/vc_column][\/vc_row][vc_row][vc_column][vc_empty_space height=&#8221;50px&#8221;][elx_heading font_size=&#8221;h3&#8243; text_color=&#8221;inherit&#8221; text_align=&#8221;text-center&#8221;]Entdecken Sie, was unsere Saladette f\u00fcr Ihr Unternehmen tun kann[\/elx_heading][elx_o2000_contact_us s=&#8221;Anfrage zu : Saladette&#8221; campaign=&#8221;701SX00000cjCLhYAM&#8221; request_type=&#8221;Other&#8221; country=&#8221;Germany&#8221; b=&#8221;food&#8221; thanks=&#8221;Vielen Dank f\u00fcr Ihre Kontaktanfrage. Wir freuen uns \u00fcber Ihr Interesse und melden uns schnellstm\u00f6glich mit den gew\u00fcnschten Informationen bei Ihnen.&#8221; container=&#8221;elxcontactus1480424351&#8243; l=&#8221;de&#8221;][\/vc_column][\/vc_row][vc_row][vc_column][vc_column_text][\/vc_column_text][\/vc_column][\/vc_row]<\/p>\n","protected":false},"excerpt":{"rendered":"<p>[vc_row full_width=&#8221;electroluxpro-full-width-no-padding&#8221;][vc_column][vc_single_image image=&#8221;1629&#8243; img_size=&#8221;2000*350&#8243;][\/vc_column][\/vc_row][vc_row][vc_column][elx_heading font_container=&#8221;h1&#8243; font_size=&#8221;h3&#8243; text_color=&#8221;inherit&#8221; text_align=&#8221;text-left&#8221;]Saladette[\/elx_heading][elx_heading font_container=&#8221;h3&#8243; font_size=&#8221;h5&#8243; text_color=&#8221;inherit&#8221;]Das Electrolux Professional Sortiment an K\u00fchltischen kombiniert den Komfort einer Arbeitsfl\u00e4che mit einer darunter liegenden K\u00fchlzelle.[\/elx_heading][vc_empty_space][\/vc_column][\/vc_row][vc_row][vc_column width=&#8221;2\/3&#8243;][vc_single_image image=&#8221;25983&#8243; img_size=&#8221;700*400&#8243; alignment=&#8221;center&#8221;][\/vc_column][vc_column width=&#8221;1\/3&#8243;][elx_heading text_color=&#8221;inherit&#8221;]Ein einzigartiger K\u00fchltisch[\/elx_heading][vc_column_text css=&#8221;.vc_custom_1614676096912{margin-top: 20px !important;border-top-width: 20px !important;padding-top: 20px !important;}&#8221;] Diese Vielseitigkeit erm\u00f6glicht bemerkenswerte Platzeinsparungen und bietet gleichzeitig eine funktionale und modulare L\u00f6sung f\u00fcr [&hellip;]<\/p>\n","protected":false},"author":161,"featured_media":1629,"parent":731,"menu_order":0,"comment_status":"closed","ping_status":"closed","template":"","meta":{"footnotes":""},"class_list":["post-12136","page","type-page","status-publish","has-post-thumbnail","hentry"],"acf":[],"yoast_head":"<!-- This site is optimized with the Yoast SEO plugin v23.3 - https:\/\/yoast.com\/wordpress\/plugins\/seo\/ -->\n<title>Saladette | Electrolux Professional<\/title>\n<meta name=\"description\" content=\"Erfahren Sie hier mehr \u00fcber die Saladette, den idealen K\u00fchltisch mit Rollen und Beh\u00e4ltern f\u00fcr Salatzutaten.\" \/>\n<meta name=\"robots\" content=\"index, follow, max-snippet:-1, max-image-preview:large, max-video-preview:-1\" \/>\n<link rel=\"canonical\" href=\"https:\/\/www.electroluxprofessional.com\/de\/grosskuechentechnik\/saladette-2\/\" \/>\n<meta property=\"og:locale\" content=\"de_DE\" \/>\n<meta property=\"og:type\" content=\"article\" \/>\n<meta property=\"og:title\" content=\"Saladette | Electrolux Professional\" \/>\n<meta property=\"og:description\" content=\"Erfahren Sie hier mehr \u00fcber die Saladette, den idealen K\u00fchltisch mit Rollen und Beh\u00e4ltern f\u00fcr Salatzutaten.\" \/>\n<meta property=\"og:url\" content=\"https:\/\/www.electroluxprofessional.com\/de\/grosskuechentechnik\/saladette-2\/\" \/>\n<meta property=\"og:site_name\" content=\"Electrolux Professional Deutschland\" \/>\n<meta property=\"article:modified_time\" content=\"2026-04-02T15:09:30+00:00\" \/>\n<meta property=\"og:image\" content=\"https:\/\/www.electroluxprofessional.com\/de\/wp-content\/uploads\/2016\/11\/banner-17.jpg\" \/>\n\t<meta property=\"og:image:width\" content=\"2000\" \/>\n\t<meta property=\"og:image:height\" content=\"1333\" \/>\n\t<meta property=\"og:image:type\" content=\"image\/jpeg\" \/>\n<meta name=\"twitter:card\" content=\"summary_large_image\" \/>\n<meta name=\"twitter:label1\" content=\"Gesch\u00e4tzte Lesezeit\" \/>\n\t<meta name=\"twitter:data1\" content=\"2 Minuten\" \/>\n<script type=\"application\/ld+json\" class=\"yoast-schema-graph\">{\"@context\":\"https:\/\/schema.org\",\"@graph\":[{\"@type\":\"WebPage\",\"@id\":\"https:\/\/www.electroluxprofessional.com\/de\/grosskuechentechnik\/saladette-2\/\",\"url\":\"https:\/\/www.electroluxprofessional.com\/de\/grosskuechentechnik\/saladette-2\/\",\"name\":\"Saladette | Electrolux Professional\",\"isPartOf\":{\"@id\":\"https:\/\/www.electroluxprofessional.com\/de\/#website\"},\"primaryImageOfPage\":{\"@id\":\"https:\/\/www.electroluxprofessional.com\/de\/grosskuechentechnik\/saladette-2\/#primaryimage\"},\"image\":{\"@id\":\"https:\/\/www.electroluxprofessional.com\/de\/grosskuechentechnik\/saladette-2\/#primaryimage\"},\"thumbnailUrl\":\"https:\/\/www.electroluxprofessional.com\/de\/wp-content\/uploads\/2016\/11\/banner-17.jpg\",\"datePublished\":\"2016-11-28T08:47:02+00:00\",\"dateModified\":\"2026-04-02T15:09:30+00:00\",\"description\":\"Erfahren Sie hier mehr \u00fcber die Saladette, den idealen K\u00fchltisch mit Rollen und Beh\u00e4ltern f\u00fcr Salatzutaten.\",\"breadcrumb\":{\"@id\":\"https:\/\/www.electroluxprofessional.com\/de\/grosskuechentechnik\/saladette-2\/#breadcrumb\"},\"inLanguage\":\"de-DE\",\"potentialAction\":[{\"@type\":\"ReadAction\",\"target\":[\"https:\/\/www.electroluxprofessional.com\/de\/grosskuechentechnik\/saladette-2\/\"]}]},{\"@type\":\"ImageObject\",\"inLanguage\":\"de-DE\",\"@id\":\"https:\/\/www.electroluxprofessional.com\/de\/grosskuechentechnik\/saladette-2\/#primaryimage\",\"url\":\"https:\/\/www.electroluxprofessional.com\/de\/wp-content\/uploads\/2016\/11\/banner-17.jpg\",\"contentUrl\":\"https:\/\/www.electroluxprofessional.com\/de\/wp-content\/uploads\/2016\/11\/banner-17.jpg\",\"width\":2000,\"height\":1333,\"caption\":\"Electrolux Professional Saladette\"},{\"@type\":\"BreadcrumbList\",\"@id\":\"https:\/\/www.electroluxprofessional.com\/de\/grosskuechentechnik\/saladette-2\/#breadcrumb\",\"itemListElement\":[{\"@type\":\"ListItem\",\"position\":1,\"name\":\"Startseite\",\"item\":\"https:\/\/www.electroluxprofessional.com\/de\/\"},{\"@type\":\"ListItem\",\"position\":2,\"name\":\"Gro\u00dfk\u00fcchentechnik\",\"item\":\"https:\/\/www.electroluxprofessional.com\/de\/grosskuechentechnik\/\"},{\"@type\":\"ListItem\",\"position\":3,\"name\":\"Saladette\"}]},{\"@type\":\"WebSite\",\"@id\":\"https:\/\/www.electroluxprofessional.com\/de\/#website\",\"url\":\"https:\/\/www.electroluxprofessional.com\/de\/\",\"name\":\"Electrolux Professional Deutschland\",\"description\":\"\",\"potentialAction\":[{\"@type\":\"SearchAction\",\"target\":{\"@type\":\"EntryPoint\",\"urlTemplate\":\"https:\/\/www.electroluxprofessional.com\/de\/?src={search_term_string}\"},\"query-input\":\"required name=search_term_string\"}],\"inLanguage\":\"de-DE\"}]}<\/script>\n<!-- \/ Yoast SEO plugin. -->","yoast_head_json":{"title":"Saladette | Electrolux Professional","description":"Erfahren Sie hier mehr \u00fcber die Saladette, den idealen K\u00fchltisch mit Rollen und Beh\u00e4ltern f\u00fcr Salatzutaten.","robots":{"index":"index","follow":"follow","max-snippet":"max-snippet:-1","max-image-preview":"max-image-preview:large","max-video-preview":"max-video-preview:-1"},"canonical":"https:\/\/www.electroluxprofessional.com\/de\/grosskuechentechnik\/saladette-2\/","og_locale":"de_DE","og_type":"article","og_title":"Saladette | Electrolux Professional","og_description":"Erfahren Sie hier mehr \u00fcber die Saladette, den idealen K\u00fchltisch mit Rollen und Beh\u00e4ltern f\u00fcr Salatzutaten.","og_url":"https:\/\/www.electroluxprofessional.com\/de\/grosskuechentechnik\/saladette-2\/","og_site_name":"Electrolux Professional Deutschland","article_modified_time":"2026-04-02T15:09:30+00:00","og_image":[{"width":2000,"height":1333,"url":"https:\/\/www.electroluxprofessional.com\/de\/wp-content\/uploads\/2016\/11\/banner-17.jpg","type":"image\/jpeg"}],"twitter_card":"summary_large_image","twitter_misc":{"Gesch\u00e4tzte Lesezeit":"2 Minuten"},"schema":{"@context":"https:\/\/schema.org","@graph":[{"@type":"WebPage","@id":"https:\/\/www.electroluxprofessional.com\/de\/grosskuechentechnik\/saladette-2\/","url":"https:\/\/www.electroluxprofessional.com\/de\/grosskuechentechnik\/saladette-2\/","name":"Saladette | Electrolux Professional","isPartOf":{"@id":"https:\/\/www.electroluxprofessional.com\/de\/#website"},"primaryImageOfPage":{"@id":"https:\/\/www.electroluxprofessional.com\/de\/grosskuechentechnik\/saladette-2\/#primaryimage"},"image":{"@id":"https:\/\/www.electroluxprofessional.com\/de\/grosskuechentechnik\/saladette-2\/#primaryimage"},"thumbnailUrl":"https:\/\/www.electroluxprofessional.com\/de\/wp-content\/uploads\/2016\/11\/banner-17.jpg","datePublished":"2016-11-28T08:47:02+00:00","dateModified":"2026-04-02T15:09:30+00:00","description":"Erfahren Sie hier mehr \u00fcber die Saladette, den idealen K\u00fchltisch mit Rollen und Beh\u00e4ltern f\u00fcr Salatzutaten.","breadcrumb":{"@id":"https:\/\/www.electroluxprofessional.com\/de\/grosskuechentechnik\/saladette-2\/#breadcrumb"},"inLanguage":"de-DE","potentialAction":[{"@type":"ReadAction","target":["https:\/\/www.electroluxprofessional.com\/de\/grosskuechentechnik\/saladette-2\/"]}]},{"@type":"ImageObject","inLanguage":"de-DE","@id":"https:\/\/www.electroluxprofessional.com\/de\/grosskuechentechnik\/saladette-2\/#primaryimage","url":"https:\/\/www.electroluxprofessional.com\/de\/wp-content\/uploads\/2016\/11\/banner-17.jpg","contentUrl":"https:\/\/www.electroluxprofessional.com\/de\/wp-content\/uploads\/2016\/11\/banner-17.jpg","width":2000,"height":1333,"caption":"Electrolux Professional Saladette"},{"@type":"BreadcrumbList","@id":"https:\/\/www.electroluxprofessional.com\/de\/grosskuechentechnik\/saladette-2\/#breadcrumb","itemListElement":[{"@type":"ListItem","position":1,"name":"Startseite","item":"https:\/\/www.electroluxprofessional.com\/de\/"},{"@type":"ListItem","position":2,"name":"Gro\u00dfk\u00fcchentechnik","item":"https:\/\/www.electroluxprofessional.com\/de\/grosskuechentechnik\/"},{"@type":"ListItem","position":3,"name":"Saladette"}]},{"@type":"WebSite","@id":"https:\/\/www.electroluxprofessional.com\/de\/#website","url":"https:\/\/www.electroluxprofessional.com\/de\/","name":"Electrolux Professional Deutschland","description":"","potentialAction":[{"@type":"SearchAction","target":{"@type":"EntryPoint","urlTemplate":"https:\/\/www.electroluxprofessional.com\/de\/?src={search_term_string}"},"query-input":"required name=search_term_string"}],"inLanguage":"de-DE"}]}},"_links":{"self":[{"href":"https:\/\/www.electroluxprofessional.com\/de\/wp-json\/wp\/v2\/pages\/12136"}],"collection":[{"href":"https:\/\/www.electroluxprofessional.com\/de\/wp-json\/wp\/v2\/pages"}],"about":[{"href":"https:\/\/www.electroluxprofessional.com\/de\/wp-json\/wp\/v2\/types\/page"}],"author":[{"embeddable":true,"href":"https:\/\/www.electroluxprofessional.com\/de\/wp-json\/wp\/v2\/users\/161"}],"replies":[{"embeddable":true,"href":"https:\/\/www.electroluxprofessional.com\/de\/wp-json\/wp\/v2\/comments?post=12136"}],"version-history":[{"count":17,"href":"https:\/\/www.electroluxprofessional.com\/de\/wp-json\/wp\/v2\/pages\/12136\/revisions"}],"predecessor-version":[{"id":27723,"href":"https:\/\/www.electroluxprofessional.com\/de\/wp-json\/wp\/v2\/pages\/12136\/revisions\/27723"}],"up":[{"embeddable":true,"href":"https:\/\/www.electroluxprofessional.com\/de\/wp-json\/wp\/v2\/pages\/731"}],"wp:featuredmedia":[{"embeddable":true,"href":"https:\/\/www.electroluxprofessional.com\/de\/wp-json\/wp\/v2\/media\/1629"}],"wp:attachment":[{"href":"https:\/\/www.electroluxprofessional.com\/de\/wp-json\/wp\/v2\/media?parent=12136"}],"curies":[{"name":"wp","href":"https:\/\/api.w.org\/{rel}","templated":true}]}}