{"id":11208,"date":"2021-01-12T10:13:44","date_gmt":"2021-01-12T10:13:44","guid":{"rendered":"https:\/\/www.electroluxprofessional.com\/?page_id=12743"},"modified":"2023-10-25T08:30:29","modified_gmt":"2023-10-25T08:30:29","slug":"speedelight-unbegrenzte-rezeptmoeglichkeiten","status":"publish","type":"page","link":"https:\/\/www.electroluxprofessional.com\/de\/grosskuechentechnik\/speedelight\/speedelight-unbegrenzte-rezeptmoeglichkeiten\/","title":{"rendered":"SpeeDelight: Unbegrenzte Rezeptm\u00f6glichkeiten"},"content":{"rendered":"<p>[vc_row full_width=&#8221;electroluxpro-full-width-no-padding&#8221;][vc_column][vc_single_image image=&#8221;11204&#8243; img_size=&#8221;2000*350&#8243;][\/vc_column][\/vc_row][vc_row][vc_column][elx_heading font_size=&#8221;h3&#8243; text_color=&#8221;cat-cook&#8221;]Speed it up: it\u2019s crisp o\u2019clock![\/elx_heading][elx_heading font_container=&#8221;h1&#8243; font_size=&#8221;h5&#8243; text_color=&#8221;inherit&#8221;]SpeeDelight: Unbegrenzte Rezeptm\u00f6glichkeiten f\u00fcr un\u00fcbertroffene Gesch\u00e4ftsm\u00f6glichkeiten[\/elx_heading][\/vc_column][\/vc_row][vc_row][vc_column][vc_empty_space][\/vc_column][\/vc_row][vc_row][vc_column width=&#8221;1\/2&#8243;][vc_single_image image=&#8221;6341&#8243; img_size=&#8221;full&#8221; alignment=&#8221;center&#8221; style=&#8221;vc_box_circle_2&#8243;][\/vc_column][vc_column width=&#8221;1\/2&#8243;][elx_heading font_container=&#8221;h3&#8243; font_size=&#8221;h3&#8243; text_color=&#8221;cat-cook&#8221; text_align=&#8221;text-left&#8221;]All around the World.<br \/>\nAll around the Clock.[\/elx_heading][vc_empty_space][vc_column_text]Erweitern Sie Ihre Speisekarte mit neuen Rezepten, die f\u00fcr unterschiedliche Tageszeiten und unterschiedliche kulinarische Vorlieben entwickelt wurden.[\/vc_column_text][vc_empty_space height=&#8221;8px&#8221;][vc_column_text]Was auch immer Ihre Nische ist, <a href=\"https:\/\/www.electroluxprofessional.com\/de\/grosskuechentechnik\/speedelight\/\">SpeeDelight<\/a> hebt Ihr Unternehmen durch eine erstaunliche Auswahl an Speisen hevor, von Sandwiches und Backwaren bis hin zu k\u00f6stlichem Gourmet-Essen.[\/vc_column_text][vc_empty_space][vc_row_inner][vc_column_inner width=&#8221;1\/3&#8243;][vc_single_image image=&#8221;6632&#8243; img_size=&#8221;full&#8221; alignment=&#8221;center&#8221;][vc_column_text]<\/p>\n<h4 style=\"text-align: center;\">H\u00f6chste Qualit\u00e4t<\/h4>\n<p>[\/vc_column_text][\/vc_column_inner][vc_column_inner width=&#8221;1\/3&#8243;][vc_single_image image=&#8221;11205&#8243; img_size=&#8221;full&#8221; alignment=&#8221;center&#8221;][vc_column_text]<\/p>\n<h4 style=\"text-align: center;\">Zeitsparend<\/h4>\n<p>[\/vc_column_text][\/vc_column_inner][vc_column_inner width=&#8221;1\/3&#8243;][vc_single_image image=&#8221;11206&#8243; img_size=&#8221;full&#8221; alignment=&#8221;center&#8221;][vc_column_text]<\/p>\n<h4 style=\"text-align: center;\">Gewinn-steigernd<\/h4>\n<p>[\/vc_column_text][\/vc_column_inner][\/vc_row_inner][\/vc_column][\/vc_row][vc_row][vc_column][vc_empty_space][\/vc_column][\/vc_row][vc_row css=&#8221;.vc_custom_1610378937613{background-color: #d6b474 !important;}&#8221;][vc_column width=&#8221;1\/3&#8243;][vc_empty_space][elx_heading text_color=&#8221;white&#8221;]Neue SpeeDelight Rezepte f\u00fcr den Winter[\/elx_heading][vc_empty_space height=&#8221;8px&#8221;][vc_column_text]<span style=\"color: white;\">Hier finden Sie neue SpeeDelight Rezepte, die von den K\u00fcchenchefs unserer <span style=\"color: #000080;\"><a style=\"color: #000080;\" href=\"https:\/\/www.electroluxprofessional.com\/de\/rezepte\/\" target=\"_blank\" rel=\"noopener noreferrer\">Electrolux Professional Chef Academy<\/a> <\/span>f\u00fcr Sie entwickelt wurden.<br \/>\n<\/span>[\/vc_column_text][vc_empty_space height=&#8221;64px&#8221;][\/vc_column][vc_column width=&#8221;1\/3&#8243;][vc_empty_space height=&#8221;64px&#8221;][elx_download_block text=&#8221;SpeeDelight Rezepte<br \/>\nf\u00fcr den Herbst &amp; Winter&#8221; text_color=&#8221;electrolux-blue&#8221; file_picker=&#8221;11252&#8243; background_color=&#8221;black&#8221; background_image=&#8221;11203&#8243;][\/vc_column][vc_column width=&#8221;1\/3&#8243;][vc_empty_space height=&#8221;64px&#8221;][elx_download_block text=&#8221;Neue SpeeDelight Rezepte<br \/>\nvon unserer K\u00fcchenchefin<br \/>\nHelene Kunz&#8221; text_color=&#8221;electrolux-blue&#8221; file_picker=&#8221;11744&#8243; background_color=&#8221;black&#8221; background_image=&#8221;11745&#8243;][\/vc_column][\/vc_row][vc_row][vc_column][vc_empty_space][\/vc_column][\/vc_row][vc_row][vc_column width=&#8221;1\/2&#8243;][vc_empty_space][vc_single_image image=&#8221;11207&#8243; img_size=&#8221;full&#8221;][\/vc_column][vc_column width=&#8221;1\/2&#8243;][elx_heading font_container=&#8221;h3&#8243; font_size=&#8221;h3&#8243; text_color=&#8221;inherit&#8221;]Teilen Sie Ihre Tipps und<br \/>\nerfahren Sie die Tricks<br \/>\nunserer K\u00fcchenchefs![\/elx_heading][elx_o2000_contact_us s=&#8221;SpeeDelight Rezepte&#8221; country=&#8221;Germany&#8221; b=&#8221;food&#8221; r=&#8221;Hallo, ich m\u00f6chte meine SpeeDelight-Rezepte teilen&#8230;&#8221; l=&#8221;de&#8221; e=&#8221;paolo.pettenuzzo@electrolux.com&#8221;][\/vc_column][\/vc_row][vc_row][vc_column][vc_empty_space][\/vc_column][\/vc_row][vc_row disable_element=&#8221;yes&#8221;][vc_column][elx_heading font_container=&#8221;h3&#8243; font_size=&#8221;h3&#8243; text_color=&#8221;cat-cook&#8221;]Get inspired, discover every week new SpeeDelight recipes[\/elx_heading][\/vc_column][\/vc_row][vc_row][vc_column][vc_empty_space][\/vc_column][\/vc_row]<\/p>\n","protected":false},"excerpt":{"rendered":"<p>[vc_row full_width=&#8221;electroluxpro-full-width-no-padding&#8221;][vc_column][vc_single_image image=&#8221;11204&#8243; img_size=&#8221;2000*350&#8243;][\/vc_column][\/vc_row][vc_row][vc_column][elx_heading font_size=&#8221;h3&#8243; text_color=&#8221;cat-cook&#8221;]Speed it up: it\u2019s crisp o\u2019clock![\/elx_heading][elx_heading font_container=&#8221;h1&#8243; font_size=&#8221;h5&#8243; text_color=&#8221;inherit&#8221;]SpeeDelight: Unbegrenzte Rezeptm\u00f6glichkeiten f\u00fcr un\u00fcbertroffene Gesch\u00e4ftsm\u00f6glichkeiten[\/elx_heading][\/vc_column][\/vc_row][vc_row][vc_column][vc_empty_space][\/vc_column][\/vc_row][vc_row][vc_column width=&#8221;1\/2&#8243;][vc_single_image image=&#8221;6341&#8243; img_size=&#8221;full&#8221; alignment=&#8221;center&#8221; style=&#8221;vc_box_circle_2&#8243;][\/vc_column][vc_column width=&#8221;1\/2&#8243;][elx_heading font_container=&#8221;h3&#8243; font_size=&#8221;h3&#8243; text_color=&#8221;cat-cook&#8221; text_align=&#8221;text-left&#8221;]All around the World. All around the Clock.[\/elx_heading][vc_empty_space][vc_column_text]Erweitern Sie Ihre Speisekarte mit neuen Rezepten, die f\u00fcr unterschiedliche Tageszeiten und unterschiedliche kulinarische Vorlieben entwickelt wurden.[\/vc_column_text][vc_empty_space height=&#8221;8px&#8221;][vc_column_text]Was auch immer [&hellip;]<\/p>\n","protected":false},"author":161,"featured_media":1659,"parent":5590,"menu_order":0,"comment_status":"closed","ping_status":"closed","template":"template-speedelight-recipes.php","meta":{"footnotes":""},"class_list":["post-11208","page","type-page","status-publish","has-post-thumbnail","hentry"],"acf":[],"yoast_head":"<!-- This site is optimized with the Yoast SEO plugin v23.3 - https:\/\/yoast.com\/wordpress\/plugins\/seo\/ -->\n<title>SpeeDelight: Unbegrenzte Rezeptm\u00f6glichkeiten - Electrolux Professional<\/title>\n<meta name=\"description\" content=\"Der SpeeDelight von Electrolux Professional bietet unbegrenzte Rezeptm\u00f6glichkeiten f\u00fcr un\u00fcbertroffene Gesch\u00e4ftsm\u00f6glichkeiten.\" \/>\n<meta name=\"robots\" content=\"index, follow, max-snippet:-1, max-image-preview:large, max-video-preview:-1\" \/>\n<link rel=\"canonical\" href=\"https:\/\/www.electroluxprofessional.com\/de\/grosskuechentechnik\/speedelight\/speedelight-unbegrenzte-rezeptmoeglichkeiten\/\" \/>\n<meta property=\"og:locale\" content=\"de_DE\" \/>\n<meta property=\"og:type\" content=\"article\" \/>\n<meta property=\"og:title\" content=\"SpeeDelight: Unbegrenzte Rezeptm\u00f6glichkeiten - Electrolux Professional\" \/>\n<meta property=\"og:description\" content=\"Der SpeeDelight von Electrolux Professional bietet unbegrenzte Rezeptm\u00f6glichkeiten f\u00fcr un\u00fcbertroffene Gesch\u00e4ftsm\u00f6glichkeiten.\" \/>\n<meta property=\"og:url\" content=\"https:\/\/www.electroluxprofessional.com\/de\/grosskuechentechnik\/speedelight\/speedelight-unbegrenzte-rezeptmoeglichkeiten\/\" \/>\n<meta property=\"og:site_name\" content=\"Electrolux Professional Deutschland\" \/>\n<meta property=\"article:modified_time\" content=\"2023-10-25T08:30:29+00:00\" \/>\n<meta property=\"og:image\" content=\"https:\/\/www.electroluxprofessional.com\/de\/wp-content\/uploads\/2017\/01\/SpeeDelight_chef_no-loghi.jpg\" \/>\n\t<meta property=\"og:image:width\" content=\"1000\" \/>\n\t<meta property=\"og:image:height\" content=\"734\" \/>\n\t<meta property=\"og:image:type\" content=\"image\/jpeg\" \/>\n<meta name=\"twitter:card\" content=\"summary_large_image\" \/>\n<meta name=\"twitter:label1\" content=\"Gesch\u00e4tzte Lesezeit\" \/>\n\t<meta name=\"twitter:data1\" content=\"2 Minuten\" \/>\n<script type=\"application\/ld+json\" class=\"yoast-schema-graph\">{\"@context\":\"https:\/\/schema.org\",\"@graph\":[{\"@type\":\"WebPage\",\"@id\":\"https:\/\/www.electroluxprofessional.com\/de\/grosskuechentechnik\/speedelight\/speedelight-unbegrenzte-rezeptmoeglichkeiten\/\",\"url\":\"https:\/\/www.electroluxprofessional.com\/de\/grosskuechentechnik\/speedelight\/speedelight-unbegrenzte-rezeptmoeglichkeiten\/\",\"name\":\"SpeeDelight: Unbegrenzte Rezeptm\u00f6glichkeiten - Electrolux Professional\",\"isPartOf\":{\"@id\":\"https:\/\/www.electroluxprofessional.com\/de\/#website\"},\"primaryImageOfPage\":{\"@id\":\"https:\/\/www.electroluxprofessional.com\/de\/grosskuechentechnik\/speedelight\/speedelight-unbegrenzte-rezeptmoeglichkeiten\/#primaryimage\"},\"image\":{\"@id\":\"https:\/\/www.electroluxprofessional.com\/de\/grosskuechentechnik\/speedelight\/speedelight-unbegrenzte-rezeptmoeglichkeiten\/#primaryimage\"},\"thumbnailUrl\":\"https:\/\/www.electroluxprofessional.com\/de\/wp-content\/uploads\/2017\/01\/SpeeDelight_chef_no-loghi.jpg\",\"datePublished\":\"2021-01-12T10:13:44+00:00\",\"dateModified\":\"2023-10-25T08:30:29+00:00\",\"description\":\"Der SpeeDelight von Electrolux Professional bietet unbegrenzte Rezeptm\u00f6glichkeiten f\u00fcr un\u00fcbertroffene Gesch\u00e4ftsm\u00f6glichkeiten.\",\"breadcrumb\":{\"@id\":\"https:\/\/www.electroluxprofessional.com\/de\/grosskuechentechnik\/speedelight\/speedelight-unbegrenzte-rezeptmoeglichkeiten\/#breadcrumb\"},\"inLanguage\":\"de-DE\",\"potentialAction\":[{\"@type\":\"ReadAction\",\"target\":[\"https:\/\/www.electroluxprofessional.com\/de\/grosskuechentechnik\/speedelight\/speedelight-unbegrenzte-rezeptmoeglichkeiten\/\"]}]},{\"@type\":\"ImageObject\",\"inLanguage\":\"de-DE\",\"@id\":\"https:\/\/www.electroluxprofessional.com\/de\/grosskuechentechnik\/speedelight\/speedelight-unbegrenzte-rezeptmoeglichkeiten\/#primaryimage\",\"url\":\"https:\/\/www.electroluxprofessional.com\/de\/wp-content\/uploads\/2017\/01\/SpeeDelight_chef_no-loghi.jpg\",\"contentUrl\":\"https:\/\/www.electroluxprofessional.com\/de\/wp-content\/uploads\/2017\/01\/SpeeDelight_chef_no-loghi.jpg\",\"width\":1000,\"height\":734,\"caption\":\"speedelight_chef_no-loghi\"},{\"@type\":\"BreadcrumbList\",\"@id\":\"https:\/\/www.electroluxprofessional.com\/de\/grosskuechentechnik\/speedelight\/speedelight-unbegrenzte-rezeptmoeglichkeiten\/#breadcrumb\",\"itemListElement\":[{\"@type\":\"ListItem\",\"position\":1,\"name\":\"Startseite\",\"item\":\"https:\/\/www.electroluxprofessional.com\/de\/\"},{\"@type\":\"ListItem\",\"position\":2,\"name\":\"Gro\u00dfk\u00fcchentechnik\",\"item\":\"https:\/\/www.electroluxprofessional.com\/de\/grosskuechentechnik\/\"},{\"@type\":\"ListItem\",\"position\":3,\"name\":\"SpeeDelight\",\"item\":\"https:\/\/www.electroluxprofessional.com\/de\/grosskuechentechnik\/speedelight\/\"},{\"@type\":\"ListItem\",\"position\":4,\"name\":\"SpeeDelight: Unbegrenzte Rezeptm\u00f6glichkeiten\"}]},{\"@type\":\"WebSite\",\"@id\":\"https:\/\/www.electroluxprofessional.com\/de\/#website\",\"url\":\"https:\/\/www.electroluxprofessional.com\/de\/\",\"name\":\"Electrolux Professional Deutschland\",\"description\":\"\",\"potentialAction\":[{\"@type\":\"SearchAction\",\"target\":{\"@type\":\"EntryPoint\",\"urlTemplate\":\"https:\/\/www.electroluxprofessional.com\/de\/?src={search_term_string}\"},\"query-input\":\"required name=search_term_string\"}],\"inLanguage\":\"de-DE\"}]}<\/script>\n<!-- \/ Yoast SEO plugin. -->","yoast_head_json":{"title":"SpeeDelight: Unbegrenzte Rezeptm\u00f6glichkeiten - Electrolux Professional","description":"Der SpeeDelight von Electrolux Professional bietet unbegrenzte Rezeptm\u00f6glichkeiten f\u00fcr un\u00fcbertroffene Gesch\u00e4ftsm\u00f6glichkeiten.","robots":{"index":"index","follow":"follow","max-snippet":"max-snippet:-1","max-image-preview":"max-image-preview:large","max-video-preview":"max-video-preview:-1"},"canonical":"https:\/\/www.electroluxprofessional.com\/de\/grosskuechentechnik\/speedelight\/speedelight-unbegrenzte-rezeptmoeglichkeiten\/","og_locale":"de_DE","og_type":"article","og_title":"SpeeDelight: Unbegrenzte Rezeptm\u00f6glichkeiten - Electrolux Professional","og_description":"Der SpeeDelight von Electrolux Professional bietet unbegrenzte Rezeptm\u00f6glichkeiten f\u00fcr un\u00fcbertroffene Gesch\u00e4ftsm\u00f6glichkeiten.","og_url":"https:\/\/www.electroluxprofessional.com\/de\/grosskuechentechnik\/speedelight\/speedelight-unbegrenzte-rezeptmoeglichkeiten\/","og_site_name":"Electrolux Professional Deutschland","article_modified_time":"2023-10-25T08:30:29+00:00","og_image":[{"width":1000,"height":734,"url":"https:\/\/www.electroluxprofessional.com\/de\/wp-content\/uploads\/2017\/01\/SpeeDelight_chef_no-loghi.jpg","type":"image\/jpeg"}],"twitter_card":"summary_large_image","twitter_misc":{"Gesch\u00e4tzte Lesezeit":"2 Minuten"},"schema":{"@context":"https:\/\/schema.org","@graph":[{"@type":"WebPage","@id":"https:\/\/www.electroluxprofessional.com\/de\/grosskuechentechnik\/speedelight\/speedelight-unbegrenzte-rezeptmoeglichkeiten\/","url":"https:\/\/www.electroluxprofessional.com\/de\/grosskuechentechnik\/speedelight\/speedelight-unbegrenzte-rezeptmoeglichkeiten\/","name":"SpeeDelight: Unbegrenzte Rezeptm\u00f6glichkeiten - Electrolux Professional","isPartOf":{"@id":"https:\/\/www.electroluxprofessional.com\/de\/#website"},"primaryImageOfPage":{"@id":"https:\/\/www.electroluxprofessional.com\/de\/grosskuechentechnik\/speedelight\/speedelight-unbegrenzte-rezeptmoeglichkeiten\/#primaryimage"},"image":{"@id":"https:\/\/www.electroluxprofessional.com\/de\/grosskuechentechnik\/speedelight\/speedelight-unbegrenzte-rezeptmoeglichkeiten\/#primaryimage"},"thumbnailUrl":"https:\/\/www.electroluxprofessional.com\/de\/wp-content\/uploads\/2017\/01\/SpeeDelight_chef_no-loghi.jpg","datePublished":"2021-01-12T10:13:44+00:00","dateModified":"2023-10-25T08:30:29+00:00","description":"Der SpeeDelight von Electrolux Professional bietet unbegrenzte Rezeptm\u00f6glichkeiten f\u00fcr un\u00fcbertroffene Gesch\u00e4ftsm\u00f6glichkeiten.","breadcrumb":{"@id":"https:\/\/www.electroluxprofessional.com\/de\/grosskuechentechnik\/speedelight\/speedelight-unbegrenzte-rezeptmoeglichkeiten\/#breadcrumb"},"inLanguage":"de-DE","potentialAction":[{"@type":"ReadAction","target":["https:\/\/www.electroluxprofessional.com\/de\/grosskuechentechnik\/speedelight\/speedelight-unbegrenzte-rezeptmoeglichkeiten\/"]}]},{"@type":"ImageObject","inLanguage":"de-DE","@id":"https:\/\/www.electroluxprofessional.com\/de\/grosskuechentechnik\/speedelight\/speedelight-unbegrenzte-rezeptmoeglichkeiten\/#primaryimage","url":"https:\/\/www.electroluxprofessional.com\/de\/wp-content\/uploads\/2017\/01\/SpeeDelight_chef_no-loghi.jpg","contentUrl":"https:\/\/www.electroluxprofessional.com\/de\/wp-content\/uploads\/2017\/01\/SpeeDelight_chef_no-loghi.jpg","width":1000,"height":734,"caption":"speedelight_chef_no-loghi"},{"@type":"BreadcrumbList","@id":"https:\/\/www.electroluxprofessional.com\/de\/grosskuechentechnik\/speedelight\/speedelight-unbegrenzte-rezeptmoeglichkeiten\/#breadcrumb","itemListElement":[{"@type":"ListItem","position":1,"name":"Startseite","item":"https:\/\/www.electroluxprofessional.com\/de\/"},{"@type":"ListItem","position":2,"name":"Gro\u00dfk\u00fcchentechnik","item":"https:\/\/www.electroluxprofessional.com\/de\/grosskuechentechnik\/"},{"@type":"ListItem","position":3,"name":"SpeeDelight","item":"https:\/\/www.electroluxprofessional.com\/de\/grosskuechentechnik\/speedelight\/"},{"@type":"ListItem","position":4,"name":"SpeeDelight: Unbegrenzte Rezeptm\u00f6glichkeiten"}]},{"@type":"WebSite","@id":"https:\/\/www.electroluxprofessional.com\/de\/#website","url":"https:\/\/www.electroluxprofessional.com\/de\/","name":"Electrolux Professional Deutschland","description":"","potentialAction":[{"@type":"SearchAction","target":{"@type":"EntryPoint","urlTemplate":"https:\/\/www.electroluxprofessional.com\/de\/?src={search_term_string}"},"query-input":"required name=search_term_string"}],"inLanguage":"de-DE"}]}},"_links":{"self":[{"href":"https:\/\/www.electroluxprofessional.com\/de\/wp-json\/wp\/v2\/pages\/11208"}],"collection":[{"href":"https:\/\/www.electroluxprofessional.com\/de\/wp-json\/wp\/v2\/pages"}],"about":[{"href":"https:\/\/www.electroluxprofessional.com\/de\/wp-json\/wp\/v2\/types\/page"}],"author":[{"embeddable":true,"href":"https:\/\/www.electroluxprofessional.com\/de\/wp-json\/wp\/v2\/users\/161"}],"replies":[{"embeddable":true,"href":"https:\/\/www.electroluxprofessional.com\/de\/wp-json\/wp\/v2\/comments?post=11208"}],"version-history":[{"count":35,"href":"https:\/\/www.electroluxprofessional.com\/de\/wp-json\/wp\/v2\/pages\/11208\/revisions"}],"predecessor-version":[{"id":21174,"href":"https:\/\/www.electroluxprofessional.com\/de\/wp-json\/wp\/v2\/pages\/11208\/revisions\/21174"}],"up":[{"embeddable":true,"href":"https:\/\/www.electroluxprofessional.com\/de\/wp-json\/wp\/v2\/pages\/5590"}],"wp:featuredmedia":[{"embeddable":true,"href":"https:\/\/www.electroluxprofessional.com\/de\/wp-json\/wp\/v2\/media\/1659"}],"wp:attachment":[{"href":"https:\/\/www.electroluxprofessional.com\/de\/wp-json\/wp\/v2\/media?parent=11208"}],"curies":[{"name":"wp","href":"https:\/\/api.w.org\/{rel}","templated":true}]}}