{"id":10591,"date":"2019-11-08T15:58:42","date_gmt":"2019-11-08T13:58:42","guid":{"rendered":"https:\/\/www.electroluxprofessional.com\/?page_id=26458"},"modified":"2023-12-13T09:59:53","modified_gmt":"2023-12-13T09:59:53","slug":"faq-mypro-trockner","status":"publish","type":"page","link":"https:\/\/www.electroluxprofessional.com\/de\/waeschereitechnik\/mypro-waschmaschinen-trockner-und-mangeln-fuer-kleingewerbe\/faq-mypro-trockner\/","title":{"rendered":"FAQ \u2013 myPRO Trockner"},"content":{"rendered":"<p>[vc_row][vc_column][vc_single_image image=&#8221;6828&#8243;][elx_heading font_container=&#8221;h1&#8243; text_color=&#8221;inherit&#8221;]H\u00e4ufig gestellte Fragen (FAQ) &#8211; myPRO Trockner[\/elx_heading][vc_empty_space][elx_heading text_color=&#8221;inherit&#8221;]Mein Trockner heizt sich nicht auf[\/elx_heading][vc_column_text]Bitte \u00fcberpr\u00fcfen Sie, ob der Kondensator und die Filter sauber sind, und \u00fcberpr\u00fcfen Sie auch die Taste f\u00fcr die halbe Beladung (siehe Benutzerhandbuch f\u00fcr Details).<br \/>\nWenn der Knopf f\u00fcr die halbe Beladung NICHT gedr\u00fcckt ist und das Problem immer noch auftritt, kann das Heizelement defekt sein. In diesem Fall muss es von einem Servicetechniker inspiziert und repariert werden.[\/vc_column_text][elx_heading text_color=&#8221;inherit&#8221;]Mein Trockner durchl\u00e4uft das Programm sehr schnell[\/elx_heading][vc_column_text]Wenn das Zeitprogramm richtig funktioniert, kann es ein Problem mit dem Feuchtemesssystem geben. Dies kann verursacht werden durch:<\/p>\n<ul>\n<li>nicht korrektes (oder \u00fcberhaupt nicht) Erden des Ger\u00e4tes;<\/li>\n<li>das verschmutze, im vorderen Giebel der Trommel befindliche Messband. Die Trommel und das Farbband k\u00f6nnen mit Reinigungsessig gereinigt werden.<\/li>\n<li>zu wenig W\u00e4sche im Ger\u00e4t: der Feuchtigkeitsf\u00fchler wird nicht ber\u00fchrt und kann nichts mehr messen.<\/li>\n<\/ul>\n<p>[\/vc_column_text][elx_heading text_color=&#8221;inherit&#8221;]Die Trommel meines Trockners dreht sich nicht[\/elx_heading][vc_column_text]Bitte stellen Sie sicher, dass die Transportsicherung vor dem ersten Gebrauch von der Trommel entfernt wird.<br \/>\nWenn der Motor l\u00e4uft, kann es ein Problem mit dem Antriebsriemen oder dem Filzband geben. Dieses muss von einem Servicetechniker gepr\u00fcft und repariert werden.[\/vc_column_text][elx_heading text_color=&#8221;inherit&#8221;]Kann ich die T\u00fcr meines Trockners umdrehen?[\/elx_heading][vc_column_text]Ja, wobei dies jedoch nicht unter die Garantie f\u00e4llt.<br \/>\nSie k\u00f6nnen dies selbst tun &#8211; es ist im Benutzerhandbuch beschrieben, und es gibt auch Videoanleitungen.[\/vc_column_text][elx_heading text_color=&#8221;inherit&#8221;]Fehler EF0 (E10) Filter reinigen[\/elx_heading][vc_column_text]Beachten Sie, dass das Ger\u00e4t eingeschaltet sein muss (nicht ausgeschaltet), wenn Sie den Filter\u00a0reinigen.\u00a0Somit wird der Fehler EF0 zur\u00fcckgesetzt.[\/vc_column_text][elx_heading text_color=&#8221;inherit&#8221;]Unzufriedenes Trockenergebnis[\/elx_heading][vc_column_text]F\u00fchren Sie eine regelm\u00e4\u00dfige Reinigung der Flusen Filter und der Kondensationseinheit durch, um das Trockenergebnis zu verbessern.[\/vc_column_text][elx_heading text_color=&#8221;inherit&#8221;]Auf meinem Trockner ist Kondenswasser[\/elx_heading][vc_column_text]Der Raum, in dem sich das Ger\u00e4t befindet, ist m\u00f6glicherweise zu klein und nicht ausreichend bel\u00fcftet.[\/vc_column_text][elx_heading text_color=&#8221;inherit&#8221;]Mein Trockner startet nicht[\/elx_heading][vc_column_text]Bitte \u00fcberpr\u00fcfen Sie, ob die Beladet\u00fcr und der Luftfilter richtig positioniert sind.<br \/>\nWenn keine LEDs leuchten oder die Anzeige dunkel ist, pr\u00fcfen Sie, ob das Ger\u00e4t \u00fcber die Netzsteckdose mit Strom versorgt wird. Wenn eine LED leuchtet, kann dies auf einen Fehler hinweisen &#8211; siehe auch das Benutzerhandbuch.<br \/>\nM\u00f6glicherweise haben Sie die Starttaste nicht lange genug gedr\u00fcckt. Drehen Sie dann den Programmwahlschalter auf das von Ihnen gew\u00e4hlte Programm und dr\u00fccken Sie die Starttaste 5 Sekunden lang.<br \/>\nWenn die Umgebungstemperatur niedrig ist, kann das Ger\u00e4t durch die Gefriersicherung gestoppt worden sein (dies kann auch durch Blinken aller LED-Leuchten angezeigt werden), eine Sicherung, die den Betrieb des Ger\u00e4ts bei Temperaturen unter +5\u00b0C stoppt. Erh\u00f6hen Sie die Umgebungstemperatur oder bringen Sie das Ger\u00e4t in einen w\u00e4rmeren Bereich. Wenn die Temperatur nicht unter +5\u00b0C liegt, sollte das Ger\u00e4t von einem Servicetechniker \u00fcberpr\u00fcft werden.<\/p>\n<p><strong>Wenn Ihr Modell den Wasserbeh\u00e4lter oben hat:<\/strong><br \/>\nStellen Sie sicher, dass das Ger\u00e4t an den Abfluss angeschlossen ist und sich Wasser im Reservoir befindet.<br \/>\nWenn Ihr Modell mit einer Pumpe ausgestattet ist, muss der Ablaufschlauch an den roten Schlauch (oben) und nicht an den Auslass unten angeschlossen werden. Vergewissern Sie sich, dass sich keine Schlaufen im Drainageschlauch befinden. Siehe auch das Benutzerhandbuch f\u00fcr Details.[\/vc_column_text][vc_empty_space][elx_button button_text=&#8221;myPRO Waschmaschinen, Trockner und Mangeln&#8221; button_style=&#8221;icon&#8221; button_link=&#8221;url:https%3A%2F%2Fwww.electroluxprofessional.com%2Fde%2Fwaeschereitechnik%2Fmypro-waschmaschinen-trockner-und-mangeln-fuer-kleingewerbe%2F|target:_blank&#8221;][vc_empty_space height=&#8221;8px&#8221;][elx_button button_text=&#8221;myPROzip f\u00fcr Ihre G\u00e4ste&#8221; button_style=&#8221;icon&#8221; button_link=&#8221;url:https%3A%2F%2Fwww.electroluxprofessional.com%2Fde%2Fwaeschereitechnik%2Fmyprozip-professionelles-waschen-von-ihren-gaesten-selbst-bedient%2F|target:_blank&#8221;][vc_empty_space height=&#8221;8px&#8221;][elx_button button_text=&#8221;Kontaktieren Sie unseren Service&#8221; button_style=&#8221;icon&#8221; button_link=&#8221;url:https%3A%2F%2Fwww.electroluxprofessional.com%2Fde%2Faktuelle-erreichbarkeit%2F|target:_blank&#8221;][vc_empty_space height=&#8221;8px&#8221;][elx_button button_text=&#8221;Kontaktieren Sie den Ansprechpartner in Ihrer N\u00e4he&#8221; button_style=&#8221;icon&#8221; button_link=&#8221;url:https%3A%2F%2Fwww.electroluxprofessional.com%2Fde%2Fuebersicht-vertriebsteam-mypro-deutschland%2F|target:_blank&#8221;][vc_empty_space][\/vc_column][\/vc_row]<\/p>\n","protected":false},"excerpt":{"rendered":"<p>[vc_row][vc_column][vc_single_image image=&#8221;6828&#8243;][elx_heading font_container=&#8221;h1&#8243; text_color=&#8221;inherit&#8221;]H\u00e4ufig gestellte Fragen (FAQ) &#8211; myPRO Trockner[\/elx_heading][vc_empty_space][elx_heading text_color=&#8221;inherit&#8221;]Mein Trockner heizt sich nicht auf[\/elx_heading][vc_column_text]Bitte \u00fcberpr\u00fcfen Sie, ob der Kondensator und die Filter sauber sind, und \u00fcberpr\u00fcfen Sie auch die Taste f\u00fcr die halbe Beladung (siehe Benutzerhandbuch f\u00fcr Details). Wenn der Knopf f\u00fcr die halbe Beladung NICHT gedr\u00fcckt ist und das Problem immer noch [&hellip;]<\/p>\n","protected":false},"author":161,"featured_media":0,"parent":10552,"menu_order":0,"comment_status":"closed","ping_status":"closed","template":"page-campaigns.php","meta":{"footnotes":""},"class_list":["post-10591","page","type-page","status-publish","hentry"],"acf":[],"yoast_head":"<!-- This site is optimized with the Yoast SEO plugin v23.3 - https:\/\/yoast.com\/wordpress\/plugins\/seo\/ -->\n<title>myPRO W\u00e4schetrockner FAQ - Electrolux Professional<\/title>\n<meta name=\"description\" content=\"Haben Sie Probleme mit Ihrem myPRO W\u00e4schetrockner? Hier finden Sie Antworten auf h\u00e4ufig gestellte Fragen (FAQ).\" \/>\n<meta name=\"robots\" content=\"index, follow, max-snippet:-1, max-image-preview:large, max-video-preview:-1\" \/>\n<link rel=\"canonical\" href=\"https:\/\/www.electroluxprofessional.com\/de\/waeschereitechnik\/mypro-waschmaschinen-trockner-und-mangeln-fuer-kleingewerbe\/faq-mypro-trockner\/\" \/>\n<meta property=\"og:locale\" content=\"de_DE\" \/>\n<meta property=\"og:type\" content=\"article\" \/>\n<meta property=\"og:title\" content=\"myPRO W\u00e4schetrockner FAQ - Electrolux Professional\" \/>\n<meta property=\"og:description\" content=\"Haben Sie Probleme mit Ihrem myPRO W\u00e4schetrockner? Hier finden Sie Antworten auf h\u00e4ufig gestellte Fragen (FAQ).\" \/>\n<meta property=\"og:url\" content=\"https:\/\/www.electroluxprofessional.com\/de\/waeschereitechnik\/mypro-waschmaschinen-trockner-und-mangeln-fuer-kleingewerbe\/faq-mypro-trockner\/\" \/>\n<meta property=\"og:site_name\" content=\"Electrolux Professional Deutschland\" \/>\n<meta property=\"article:modified_time\" content=\"2023-12-13T09:59:53+00:00\" \/>\n<meta name=\"twitter:card\" content=\"summary_large_image\" \/>\n<meta name=\"twitter:label1\" content=\"Gesch\u00e4tzte Lesezeit\" \/>\n\t<meta name=\"twitter:data1\" content=\"4 Minuten\" \/>\n<script type=\"application\/ld+json\" class=\"yoast-schema-graph\">{\"@context\":\"https:\/\/schema.org\",\"@graph\":[{\"@type\":\"WebPage\",\"@id\":\"https:\/\/www.electroluxprofessional.com\/de\/waeschereitechnik\/mypro-waschmaschinen-trockner-und-mangeln-fuer-kleingewerbe\/faq-mypro-trockner\/\",\"url\":\"https:\/\/www.electroluxprofessional.com\/de\/waeschereitechnik\/mypro-waschmaschinen-trockner-und-mangeln-fuer-kleingewerbe\/faq-mypro-trockner\/\",\"name\":\"myPRO W\u00e4schetrockner FAQ - Electrolux Professional\",\"isPartOf\":{\"@id\":\"https:\/\/www.electroluxprofessional.com\/de\/#website\"},\"datePublished\":\"2019-11-08T13:58:42+00:00\",\"dateModified\":\"2023-12-13T09:59:53+00:00\",\"description\":\"Haben Sie Probleme mit Ihrem myPRO W\u00e4schetrockner? Hier finden Sie Antworten auf h\u00e4ufig gestellte Fragen (FAQ).\",\"breadcrumb\":{\"@id\":\"https:\/\/www.electroluxprofessional.com\/de\/waeschereitechnik\/mypro-waschmaschinen-trockner-und-mangeln-fuer-kleingewerbe\/faq-mypro-trockner\/#breadcrumb\"},\"inLanguage\":\"de-DE\",\"potentialAction\":[{\"@type\":\"ReadAction\",\"target\":[\"https:\/\/www.electroluxprofessional.com\/de\/waeschereitechnik\/mypro-waschmaschinen-trockner-und-mangeln-fuer-kleingewerbe\/faq-mypro-trockner\/\"]}]},{\"@type\":\"BreadcrumbList\",\"@id\":\"https:\/\/www.electroluxprofessional.com\/de\/waeschereitechnik\/mypro-waschmaschinen-trockner-und-mangeln-fuer-kleingewerbe\/faq-mypro-trockner\/#breadcrumb\",\"itemListElement\":[{\"@type\":\"ListItem\",\"position\":1,\"name\":\"Startseite\",\"item\":\"https:\/\/www.electroluxprofessional.com\/de\/\"},{\"@type\":\"ListItem\",\"position\":2,\"name\":\"W\u00e4schereitechnik\",\"item\":\"https:\/\/www.electroluxprofessional.com\/de\/waeschereitechnik\/\"},{\"@type\":\"ListItem\",\"position\":3,\"name\":\"myPRO Waschmaschinen, Trockner und Mangeln f\u00fcr kleine Unternehmen\",\"item\":\"https:\/\/www.electroluxprofessional.com\/de\/waeschereitechnik\/mypro-waschmaschinen-trockner-und-mangeln-fuer-kleingewerbe\/\"},{\"@type\":\"ListItem\",\"position\":4,\"name\":\"FAQ \u2013 myPRO Trockner\"}]},{\"@type\":\"WebSite\",\"@id\":\"https:\/\/www.electroluxprofessional.com\/de\/#website\",\"url\":\"https:\/\/www.electroluxprofessional.com\/de\/\",\"name\":\"Electrolux Professional Deutschland\",\"description\":\"\",\"potentialAction\":[{\"@type\":\"SearchAction\",\"target\":{\"@type\":\"EntryPoint\",\"urlTemplate\":\"https:\/\/www.electroluxprofessional.com\/de\/?src={search_term_string}\"},\"query-input\":\"required name=search_term_string\"}],\"inLanguage\":\"de-DE\"}]}<\/script>\n<!-- \/ Yoast SEO plugin. -->","yoast_head_json":{"title":"myPRO W\u00e4schetrockner FAQ - Electrolux Professional","description":"Haben Sie Probleme mit Ihrem myPRO W\u00e4schetrockner? Hier finden Sie Antworten auf h\u00e4ufig gestellte Fragen (FAQ).","robots":{"index":"index","follow":"follow","max-snippet":"max-snippet:-1","max-image-preview":"max-image-preview:large","max-video-preview":"max-video-preview:-1"},"canonical":"https:\/\/www.electroluxprofessional.com\/de\/waeschereitechnik\/mypro-waschmaschinen-trockner-und-mangeln-fuer-kleingewerbe\/faq-mypro-trockner\/","og_locale":"de_DE","og_type":"article","og_title":"myPRO W\u00e4schetrockner FAQ - Electrolux Professional","og_description":"Haben Sie Probleme mit Ihrem myPRO W\u00e4schetrockner? Hier finden Sie Antworten auf h\u00e4ufig gestellte Fragen (FAQ).","og_url":"https:\/\/www.electroluxprofessional.com\/de\/waeschereitechnik\/mypro-waschmaschinen-trockner-und-mangeln-fuer-kleingewerbe\/faq-mypro-trockner\/","og_site_name":"Electrolux Professional Deutschland","article_modified_time":"2023-12-13T09:59:53+00:00","twitter_card":"summary_large_image","twitter_misc":{"Gesch\u00e4tzte Lesezeit":"4 Minuten"},"schema":{"@context":"https:\/\/schema.org","@graph":[{"@type":"WebPage","@id":"https:\/\/www.electroluxprofessional.com\/de\/waeschereitechnik\/mypro-waschmaschinen-trockner-und-mangeln-fuer-kleingewerbe\/faq-mypro-trockner\/","url":"https:\/\/www.electroluxprofessional.com\/de\/waeschereitechnik\/mypro-waschmaschinen-trockner-und-mangeln-fuer-kleingewerbe\/faq-mypro-trockner\/","name":"myPRO W\u00e4schetrockner FAQ - Electrolux Professional","isPartOf":{"@id":"https:\/\/www.electroluxprofessional.com\/de\/#website"},"datePublished":"2019-11-08T13:58:42+00:00","dateModified":"2023-12-13T09:59:53+00:00","description":"Haben Sie Probleme mit Ihrem myPRO W\u00e4schetrockner? Hier finden Sie Antworten auf h\u00e4ufig gestellte Fragen (FAQ).","breadcrumb":{"@id":"https:\/\/www.electroluxprofessional.com\/de\/waeschereitechnik\/mypro-waschmaschinen-trockner-und-mangeln-fuer-kleingewerbe\/faq-mypro-trockner\/#breadcrumb"},"inLanguage":"de-DE","potentialAction":[{"@type":"ReadAction","target":["https:\/\/www.electroluxprofessional.com\/de\/waeschereitechnik\/mypro-waschmaschinen-trockner-und-mangeln-fuer-kleingewerbe\/faq-mypro-trockner\/"]}]},{"@type":"BreadcrumbList","@id":"https:\/\/www.electroluxprofessional.com\/de\/waeschereitechnik\/mypro-waschmaschinen-trockner-und-mangeln-fuer-kleingewerbe\/faq-mypro-trockner\/#breadcrumb","itemListElement":[{"@type":"ListItem","position":1,"name":"Startseite","item":"https:\/\/www.electroluxprofessional.com\/de\/"},{"@type":"ListItem","position":2,"name":"W\u00e4schereitechnik","item":"https:\/\/www.electroluxprofessional.com\/de\/waeschereitechnik\/"},{"@type":"ListItem","position":3,"name":"myPRO Waschmaschinen, Trockner und Mangeln f\u00fcr kleine Unternehmen","item":"https:\/\/www.electroluxprofessional.com\/de\/waeschereitechnik\/mypro-waschmaschinen-trockner-und-mangeln-fuer-kleingewerbe\/"},{"@type":"ListItem","position":4,"name":"FAQ \u2013 myPRO Trockner"}]},{"@type":"WebSite","@id":"https:\/\/www.electroluxprofessional.com\/de\/#website","url":"https:\/\/www.electroluxprofessional.com\/de\/","name":"Electrolux Professional Deutschland","description":"","potentialAction":[{"@type":"SearchAction","target":{"@type":"EntryPoint","urlTemplate":"https:\/\/www.electroluxprofessional.com\/de\/?src={search_term_string}"},"query-input":"required name=search_term_string"}],"inLanguage":"de-DE"}]}},"_links":{"self":[{"href":"https:\/\/www.electroluxprofessional.com\/de\/wp-json\/wp\/v2\/pages\/10591"}],"collection":[{"href":"https:\/\/www.electroluxprofessional.com\/de\/wp-json\/wp\/v2\/pages"}],"about":[{"href":"https:\/\/www.electroluxprofessional.com\/de\/wp-json\/wp\/v2\/types\/page"}],"author":[{"embeddable":true,"href":"https:\/\/www.electroluxprofessional.com\/de\/wp-json\/wp\/v2\/users\/161"}],"replies":[{"embeddable":true,"href":"https:\/\/www.electroluxprofessional.com\/de\/wp-json\/wp\/v2\/comments?post=10591"}],"version-history":[{"count":21,"href":"https:\/\/www.electroluxprofessional.com\/de\/wp-json\/wp\/v2\/pages\/10591\/revisions"}],"predecessor-version":[{"id":21435,"href":"https:\/\/www.electroluxprofessional.com\/de\/wp-json\/wp\/v2\/pages\/10591\/revisions\/21435"}],"up":[{"embeddable":true,"href":"https:\/\/www.electroluxprofessional.com\/de\/wp-json\/wp\/v2\/pages\/10552"}],"wp:attachment":[{"href":"https:\/\/www.electroluxprofessional.com\/de\/wp-json\/wp\/v2\/media?parent=10591"}],"curies":[{"name":"wp","href":"https:\/\/api.w.org\/{rel}","templated":true}]}}