{"id":9474,"date":"2016-06-10T14:07:31","date_gmt":"2016-06-10T14:07:31","guid":{"rendered":"http:\/\/testepr.jobinformatica.it\/?page_id=2225"},"modified":"2026-03-25T07:30:51","modified_gmt":"2026-03-25T07:30:51","slug":"kontakt","status":"publish","type":"page","link":"https:\/\/www.electroluxprofessional.com\/de-ch\/kontakt\/","title":{"rendered":"Kontakt"},"content":{"rendered":"<p>[vc_row full_width=&#8221;electroluxpro-full-width-no-padding&#8221;][vc_column][elx_hero_title label=&#8221;&#8221; label_background_color=&#8221;inherit&#8221; background_image=&#8221;19121&#8243;][elx_heading text_color=&#8221;inherit&#8221;][\/elx_heading][\/elx_hero_title][\/vc_column][\/vc_row][vc_row][vc_column][elx_heading font_container=&#8221;h1&#8243; text_color=&#8221;inherit&#8221; text_align=&#8221;text-center&#8221;]Kontaktieren Sie uns[\/elx_heading][\/vc_column][\/vc_row][vc_row][vc_column][elx_heading text_color=&#8221;inherit&#8221; text_align=&#8221;text-center&#8221;]Brauchen Sie Hilfe? Lassen Sie uns in Kontakt treten.[\/elx_heading][vc_empty_space height=&#8221;12px&#8221;][vc_column_text]<\/p>\n<p style=\"text-align: center;\">Ob Sie Produktinformationen, technischen Support oder ein Angebot suchen \u2013 unser Team steht Ihnen zur Verf\u00fcgung.<br \/>\nW\u00e4hlen Sie den Anfragetyp, damit wir Ihre Anfrage schneller bearbeiten k\u00f6nnen.<\/p>\n<p>[\/vc_column_text][vc_empty_space height=&#8221;12px&#8221;][elx_o2000_contact_us request_type=&#8221;Other&#8221; country=&#8221;Switzerland&#8221; container=&#8221;elxcontactus1493279134&#8243; r=&#8221;I&#8217;d like to find out more about your FOOD and LAUNDRY solutions, please get in touch with me.&#8221; l=&#8221;en&#8221;][vc_empty_space height=&#8221;12px&#8221;][\/vc_column][\/vc_row][vc_row custom_color_row=&#8221;bg-row-light-blue&#8221;][vc_column][vc_empty_space][elx_heading text_color=&#8221;inherit&#8221; text_align=&#8221;text-center&#8221; css=&#8221;.vc_custom_1761901890368{background-color: #ffffff !important;}&#8221;]Finden Sie uns in Ihrer N\u00e4he[\/elx_heading][vc_empty_space height=&#8221;20px&#8221;][vc_column_text]<\/p>\n<p style=\"text-align: center;\">M\u00f6chten Sie Ihren n\u00e4chstgelegenen Vertriebs- oder Servicepartner finden?<br \/>\nKlicken Sie auf den untenstehenden Button, um unsere interaktive Karte zu \u00f6ffnen und Electrolux Professional Standorte in Ihrer N\u00e4he zu finden.<\/p>\n<p>[\/vc_column_text][vc_empty_space height=&#8221;20px&#8221;][elx_button button_text=&#8221;Sales and Service Locator&#8221; button_display_block=&#8221;display_block_on&#8221; button_alignment=&#8221;align_center&#8221; button_alignment_mobile=&#8221;text-center-mobile&#8221; button_link=&#8221;url:https%3A%2F%2Feprdev.comunicazione21.com%2Fsales-and-service-locator%2F|title:Find%20a%20dealer||&#8221;][vc_empty_space height=&#8221;20px&#8221;][vc_empty_space height=&#8221;20px&#8221;][\/vc_column][\/vc_row]<\/p>\n","protected":false},"excerpt":{"rendered":"<p>[vc_row full_width=&#8221;electroluxpro-full-width-no-padding&#8221;][vc_column][elx_hero_title label=&#8221;&#8221; label_background_color=&#8221;inherit&#8221; background_image=&#8221;19121&#8243;][elx_heading text_color=&#8221;inherit&#8221;][\/elx_heading][\/elx_hero_title][\/vc_column][\/vc_row][vc_row][vc_column][elx_heading font_container=&#8221;h1&#8243; text_color=&#8221;inherit&#8221; text_align=&#8221;text-center&#8221;]Kontaktieren Sie uns[\/elx_heading][\/vc_column][\/vc_row][vc_row][vc_column][elx_heading text_color=&#8221;inherit&#8221; text_align=&#8221;text-center&#8221;]Brauchen Sie Hilfe? Lassen Sie uns in Kontakt treten.[\/elx_heading][vc_empty_space height=&#8221;12px&#8221;][vc_column_text] Ob Sie Produktinformationen, technischen Support oder ein Angebot suchen \u2013 unser Team steht Ihnen zur Verf\u00fcgung. W\u00e4hlen Sie den Anfragetyp, damit wir Ihre Anfrage schneller bearbeiten k\u00f6nnen. [\/vc_column_text][vc_empty_space height=&#8221;12px&#8221;][elx_o2000_contact_us request_type=&#8221;Other&#8221; country=&#8221;Switzerland&#8221; container=&#8221;elxcontactus1493279134&#8243; r=&#8221;I&#8217;d [&hellip;]<\/p>\n","protected":false},"author":62,"featured_media":0,"parent":0,"menu_order":0,"comment_status":"closed","ping_status":"closed","template":"","meta":{"footnotes":""},"class_list":["post-9474","page","type-page","status-publish","hentry"],"acf":[],"yoast_head":"<!-- This site is optimized with the Yoast SEO plugin v23.3 - https:\/\/yoast.com\/wordpress\/plugins\/seo\/ -->\n<title>Kontaktieren Sie uns | Electrolux Professional<\/title>\n<meta name=\"description\" content=\"Kontaktieren Sie uns, wenn Sie sich \u00fcber L\u00f6sungen zu Grossk\u00fcchen- oder W\u00e4schereitechnik informieren m\u00f6chten.\" \/>\n<meta name=\"robots\" content=\"index, follow, max-snippet:-1, max-image-preview:large, max-video-preview:-1\" \/>\n<link rel=\"canonical\" href=\"https:\/\/www.electroluxprofessional.com\/de-ch\/kontakt\/\" \/>\n<meta property=\"og:locale\" content=\"de_DE\" \/>\n<meta property=\"og:type\" content=\"article\" \/>\n<meta property=\"og:title\" content=\"Kontaktieren Sie uns | Electrolux Professional\" \/>\n<meta property=\"og:description\" content=\"Kontaktieren Sie uns, wenn Sie sich \u00fcber L\u00f6sungen zu Grossk\u00fcchen- oder W\u00e4schereitechnik informieren m\u00f6chten.\" \/>\n<meta property=\"og:url\" content=\"https:\/\/www.electroluxprofessional.com\/de-ch\/kontakt\/\" \/>\n<meta property=\"og:site_name\" content=\"Electrolux Professional Schweiz\" \/>\n<meta property=\"article:modified_time\" content=\"2026-03-25T07:30:51+00:00\" \/>\n<meta name=\"twitter:card\" content=\"summary_large_image\" \/>\n<meta name=\"twitter:label1\" content=\"Gesch\u00e4tzte Lesezeit\" \/>\n\t<meta name=\"twitter:data1\" content=\"1 Minute\" \/>\n<script type=\"application\/ld+json\" class=\"yoast-schema-graph\">{\"@context\":\"https:\/\/schema.org\",\"@graph\":[{\"@type\":\"WebPage\",\"@id\":\"https:\/\/www.electroluxprofessional.com\/de-ch\/kontakt\/\",\"url\":\"https:\/\/www.electroluxprofessional.com\/de-ch\/kontakt\/\",\"name\":\"Kontaktieren Sie uns | Electrolux Professional\",\"isPartOf\":{\"@id\":\"https:\/\/www.electroluxprofessional.com\/de-ch\/#website\"},\"datePublished\":\"2016-06-10T14:07:31+00:00\",\"dateModified\":\"2026-03-25T07:30:51+00:00\",\"description\":\"Kontaktieren Sie uns, wenn Sie sich \u00fcber L\u00f6sungen zu Grossk\u00fcchen- oder W\u00e4schereitechnik informieren m\u00f6chten.\",\"breadcrumb\":{\"@id\":\"https:\/\/www.electroluxprofessional.com\/de-ch\/kontakt\/#breadcrumb\"},\"inLanguage\":\"de-CH\",\"potentialAction\":[{\"@type\":\"ReadAction\",\"target\":[\"https:\/\/www.electroluxprofessional.com\/de-ch\/kontakt\/\"]}]},{\"@type\":\"BreadcrumbList\",\"@id\":\"https:\/\/www.electroluxprofessional.com\/de-ch\/kontakt\/#breadcrumb\",\"itemListElement\":[{\"@type\":\"ListItem\",\"position\":1,\"name\":\"Home\",\"item\":\"https:\/\/www.electroluxprofessional.com\/de-ch\/\"},{\"@type\":\"ListItem\",\"position\":2,\"name\":\"Kontakt\"}]},{\"@type\":\"WebSite\",\"@id\":\"https:\/\/www.electroluxprofessional.com\/de-ch\/#website\",\"url\":\"https:\/\/www.electroluxprofessional.com\/de-ch\/\",\"name\":\"Electrolux Professional Schweiz\",\"description\":\"\",\"potentialAction\":[{\"@type\":\"SearchAction\",\"target\":{\"@type\":\"EntryPoint\",\"urlTemplate\":\"https:\/\/www.electroluxprofessional.com\/de-ch\/?src={search_term_string}\"},\"query-input\":\"required name=search_term_string\"}],\"inLanguage\":\"de-CH\"}]}<\/script>\n<!-- \/ Yoast SEO plugin. -->","yoast_head_json":{"title":"Kontaktieren Sie uns | Electrolux Professional","description":"Kontaktieren Sie uns, wenn Sie sich \u00fcber L\u00f6sungen zu Grossk\u00fcchen- oder W\u00e4schereitechnik informieren m\u00f6chten.","robots":{"index":"index","follow":"follow","max-snippet":"max-snippet:-1","max-image-preview":"max-image-preview:large","max-video-preview":"max-video-preview:-1"},"canonical":"https:\/\/www.electroluxprofessional.com\/de-ch\/kontakt\/","og_locale":"de_DE","og_type":"article","og_title":"Kontaktieren Sie uns | Electrolux Professional","og_description":"Kontaktieren Sie uns, wenn Sie sich \u00fcber L\u00f6sungen zu Grossk\u00fcchen- oder W\u00e4schereitechnik informieren m\u00f6chten.","og_url":"https:\/\/www.electroluxprofessional.com\/de-ch\/kontakt\/","og_site_name":"Electrolux Professional Schweiz","article_modified_time":"2026-03-25T07:30:51+00:00","twitter_card":"summary_large_image","twitter_misc":{"Gesch\u00e4tzte Lesezeit":"1 Minute"},"schema":{"@context":"https:\/\/schema.org","@graph":[{"@type":"WebPage","@id":"https:\/\/www.electroluxprofessional.com\/de-ch\/kontakt\/","url":"https:\/\/www.electroluxprofessional.com\/de-ch\/kontakt\/","name":"Kontaktieren Sie uns | Electrolux Professional","isPartOf":{"@id":"https:\/\/www.electroluxprofessional.com\/de-ch\/#website"},"datePublished":"2016-06-10T14:07:31+00:00","dateModified":"2026-03-25T07:30:51+00:00","description":"Kontaktieren Sie uns, wenn Sie sich \u00fcber L\u00f6sungen zu Grossk\u00fcchen- oder W\u00e4schereitechnik informieren m\u00f6chten.","breadcrumb":{"@id":"https:\/\/www.electroluxprofessional.com\/de-ch\/kontakt\/#breadcrumb"},"inLanguage":"de-CH","potentialAction":[{"@type":"ReadAction","target":["https:\/\/www.electroluxprofessional.com\/de-ch\/kontakt\/"]}]},{"@type":"BreadcrumbList","@id":"https:\/\/www.electroluxprofessional.com\/de-ch\/kontakt\/#breadcrumb","itemListElement":[{"@type":"ListItem","position":1,"name":"Home","item":"https:\/\/www.electroluxprofessional.com\/de-ch\/"},{"@type":"ListItem","position":2,"name":"Kontakt"}]},{"@type":"WebSite","@id":"https:\/\/www.electroluxprofessional.com\/de-ch\/#website","url":"https:\/\/www.electroluxprofessional.com\/de-ch\/","name":"Electrolux Professional Schweiz","description":"","potentialAction":[{"@type":"SearchAction","target":{"@type":"EntryPoint","urlTemplate":"https:\/\/www.electroluxprofessional.com\/de-ch\/?src={search_term_string}"},"query-input":"required name=search_term_string"}],"inLanguage":"de-CH"}]}},"_links":{"self":[{"href":"https:\/\/www.electroluxprofessional.com\/de-ch\/wp-json\/wp\/v2\/pages\/9474"}],"collection":[{"href":"https:\/\/www.electroluxprofessional.com\/de-ch\/wp-json\/wp\/v2\/pages"}],"about":[{"href":"https:\/\/www.electroluxprofessional.com\/de-ch\/wp-json\/wp\/v2\/types\/page"}],"author":[{"embeddable":true,"href":"https:\/\/www.electroluxprofessional.com\/de-ch\/wp-json\/wp\/v2\/users\/62"}],"replies":[{"embeddable":true,"href":"https:\/\/www.electroluxprofessional.com\/de-ch\/wp-json\/wp\/v2\/comments?post=9474"}],"version-history":[{"count":12,"href":"https:\/\/www.electroluxprofessional.com\/de-ch\/wp-json\/wp\/v2\/pages\/9474\/revisions"}],"predecessor-version":[{"id":20465,"href":"https:\/\/www.electroluxprofessional.com\/de-ch\/wp-json\/wp\/v2\/pages\/9474\/revisions\/20465"}],"wp:attachment":[{"href":"https:\/\/www.electroluxprofessional.com\/de-ch\/wp-json\/wp\/v2\/media?parent=9474"}],"curies":[{"name":"wp","href":"https:\/\/api.w.org\/{rel}","templated":true}]}}