{"id":905,"date":"2016-11-10T07:50:23","date_gmt":"2016-11-10T07:50:23","guid":{"rendered":"http:\/\/testepr.jobinformatica.it\/?page_id=4780"},"modified":"2026-03-25T06:59:07","modified_gmt":"2026-03-25T06:59:07","slug":"bezahlsysteme","status":"publish","type":"page","link":"https:\/\/www.electroluxprofessional.com\/de-ch\/waeschereitechnik\/bezahlsysteme\/","title":{"rendered":"Bezahlsysteme"},"content":{"rendered":"<p>[vc_row full_width=&#8221;electroluxpro-full-width-no-padding&#8221; css=&#8221;.vc_custom_1618193199927{margin-top: -40px !important;border-top-width: -40px !important;padding-top: -40px !important;}&#8221;][vc_column][elx_full_banner title=&#8221;Bezahlsysteme&#8221; set_as_h1=&#8221;true&#8221; background_image_media_library=&#8221;17374&#8243; background_image_media_library_mobile=&#8221;20412&#8243; link=&#8221;url:%23contact|title:Mehr%20erfahren&#8221;][\/vc_column][\/vc_row][vc_row][vc_column][vc_empty_space][elx_heading font_size=&#8221;h5&#8243; text_color=&#8221;inherit&#8221; text_align=&#8221;text-left&#8221;]Von der Zahlung an der Maschine mit Karte, M\u00fcnze oder Token bis hin zum Anschluss der Maschinen an zentrale Zahlungssysteme.[\/elx_heading][\/vc_column][\/vc_row][vc_row][vc_column][vc_empty_space][elx_heading font_container=&#8221;h3&#8243; font_size=&#8221;h5&#8243; text_color=&#8221;inherit&#8221; text_align=&#8221;text-left&#8221;]<strong>Ein breites Spektrum an Bezahlsystemen<\/strong>[\/elx_heading][vc_empty_space][\/vc_column][\/vc_row][vc_row][vc_column][vc_column_text]<span lang=\"de\">Zahlungssysteme f\u00fcr Waschmaschinen\u00a0und Trockner sind verf\u00fcgbar als Kits nur mit M\u00fcnzmeter, M\u00fcnzboxen oder Komplettsets mit M\u00fcnzmesser und M\u00fcnzbox.<\/span><\/p>\n<p><span lang=\"de\">Auf Wunsch sind unsere Waschmaschinen und Trockner kompatibel f\u00fcr die Verbindung mit fast allen weltweit verf\u00fcgbaren Zahlungssystemen.<\/span><\/p>\n<p><span lang=\"de\">Nehmen Sie Kontakt mit uns auf, wir haben eine breite Palette an Zahlungssystemen und -l\u00f6sungen f\u00fcr Sie.<\/span>[\/vc_column_text][vc_empty_space height=&#8221;50px&#8221;][\/vc_column][\/vc_row][vc_row css=&#8221;.vc_custom_1604014467256{background-color: #efefef !important;}&#8221;][vc_column][vc_empty_space][elx_heading text_color=&#8221;inherit&#8221; text_align=&#8221;text-center&#8221;]Viele praktische Optionen[\/elx_heading][vc_empty_space][vc_row_inner][vc_column_inner width=&#8221;1\/3&#8243;][vc_single_image image=&#8221;10716&#8243; img_size=&#8221;100px&#8221; alignment=&#8221;center&#8221;][elx_heading font_container=&#8221;h3&#8243; font_size=&#8221;h6&#8243; text_color=&#8221;electrolux-blue&#8221; text_align=&#8221;text-center&#8221;]M\u00fcnzz\u00e4hler[\/elx_heading][vc_column_text]<\/p>\n<p id=\"tw-target-text\" class=\"tw-data-text tw-text-large tw-ta\" dir=\"ltr\" style=\"text-align: center;\" data-placeholder=\"\u00dcbersetzung\"><span class=\"Y2IQFc\" lang=\"de\">Wertmarken oder M\u00fcnzen, mechanisch oder elektromechanisch<\/span><\/p>\n<p>[\/vc_column_text][vc_empty_space][\/vc_column_inner][vc_column_inner width=&#8221;1\/3&#8243;][vc_single_image image=&#8221;10750&#8243; img_size=&#8221;100px&#8221; alignment=&#8221;center&#8221;][elx_heading font_container=&#8221;h3&#8243; font_size=&#8221;h6&#8243; text_color=&#8221;electrolux-blue&#8221; text_align=&#8221;text-center&#8221;]Kartenleser[\/elx_heading][vc_column_text]<\/p>\n<p style=\"font-size: 16px; text-align: center;\">Prepaid, Schl\u00fcsselkarten,<br \/>\nBankkarten[\/vc_column_text][vc_empty_space][\/vc_column_inner][vc_column_inner width=&#8221;1\/3&#8243;][vc_single_image image=&#8221;10744&#8243; img_size=&#8221;80px&#8221; alignment=&#8221;center&#8221;][elx_heading font_container=&#8221;h3&#8243; font_size=&#8221;h6&#8243; text_color=&#8221;electrolux-blue&#8221; text_align=&#8221;text-center&#8221;]Apps[\/elx_heading][vc_column_text]<\/p>\n<p id=\"tw-target-text\" class=\"tw-data-text tw-text-large tw-ta\" dir=\"ltr\" style=\"text-align: center;\" data-placeholder=\"\u00dcbersetzung\"><span class=\"Y2IQFc\" lang=\"de\">Eigenst\u00e4ndige Anbindung<br \/>\nan bestehende Zahlungssysteme<\/span>[\/vc_column_text][vc_empty_space][\/vc_column_inner][\/vc_row_inner][vc_row_inner][vc_column_inner width=&#8221;1\/3&#8243;][vc_single_image image=&#8221;10745&#8243; img_size=&#8221;100px&#8221; alignment=&#8221;center&#8221;][elx_heading font_container=&#8221;h3&#8243; font_size=&#8221;h6&#8243; text_color=&#8221;electrolux-blue&#8221; text_align=&#8221;text-center&#8221;]Intelligente Z\u00e4hler[\/elx_heading][vc_column_text]<\/p>\n<p style=\"font-size: 16px; text-align: center;\">Eigenst\u00e4ndiger Mechanismus zum Ein- und<br \/>\nAusschalten der Stromversorgung[\/vc_column_text][vc_empty_space][\/vc_column_inner][vc_column_inner width=&#8221;1\/3&#8243;][vc_single_image image=&#8221;10753&#8243; img_size=&#8221;100px&#8221; alignment=&#8221;center&#8221;][elx_heading font_container=&#8221;h3&#8243; font_size=&#8221;h6&#8243; text_color=&#8221;electrolux-blue&#8221; text_align=&#8221;text-center&#8221;]Zentrale<br \/>\nZahlungssysteme[\/elx_heading][vc_column_text]<\/p>\n<p id=\"tw-target-text\" class=\"tw-data-text tw-text-large tw-ta\" dir=\"ltr\" style=\"text-align: center;\" data-placeholder=\"\u00dcbersetzung\"><span class=\"Y2IQFc\" lang=\"de\">Eine einzige Zahlungsstation zur<br \/>\n\u00dcberwachung mehrerer Automaten<\/span>[\/vc_column_text][vc_empty_space][\/vc_column_inner][vc_column_inner width=&#8221;1\/3&#8243;][vc_single_image image=&#8221;10754&#8243; img_size=&#8221;80px&#8221; alignment=&#8221;center&#8221;][elx_heading font_container=&#8221;h3&#8243; font_size=&#8221;h6&#8243; text_color=&#8221;electrolux-blue&#8221; text_align=&#8221;text-center&#8221;]Buchungssysteme<br \/>\nmit monatlicher Zahlung[\/elx_heading][vc_column_text]<\/p>\n<div id=\"tw-container\" class=\"\" data-cp=\"1\" data-is-ver=\"false\" data-nnttsvi=\"1\" data-sbsl=\".*\" data-sm=\"1\" data-ssbp=\"false\" data-sugg-time=\"500\" data-sugg-url=\"https:\/\/clients1.google.com\/complete\/search\" data-uilc=\"de\" data-vil=\",af,af-ZA,am,am-ET,ar-EG,ar-AE,ar-KW,ar-QA,ar,ar-IL,ar-JO,ar-LB,ar-PS,az,az-AZ,bg,bg-BG,bn,bn-BD,bn-IN,ca,ca-es,cs,cs-CZ,de,de-DE,de-CH,de-AT,de-LI,en,en-US,en-CA,en-AU,en-NZ,en-GB,en-IN,en-KE,en-TZ,en-NG,en-GH,en-PH,en-ZA,es,es-ES,es-AR,es-UY,es-419,es-BO,es-CL,es-CR,es-CO,es-DO,es-EC,es-GT,es-HN,es-NI,es-PA,es-PE,es-PR,es-PY,es-SV,es-VE,es-MX,es-US,eu,eu-ES,fi,fi-FI,fr,fr-FR,fr-CH,fr-BE,gl,gl-ES,gu,gu-IN,he,he-IL,iw,iw-IL,hu,hu-HU,hy,hy-AM,id,id-ID,is,is-IS,it,it-IT,it-CH,ja,ja-JP,jv,jv-ID,ka,ka-GE,km,km-KH,kn,kn-IN,ko,ko-KR,la,lo,lo-LA,lv,lv-LV,ml,ml-IN,mr,mr-IN,ms,ms-MY,nl,nl-NL,nb,nb-NO,ne,ne-NP,pl,pl-PL,pt,pt-BR,pt-PT,ro,ro-RO,ru,ru-RU,si-LK,sk,sk-SK,sr,sr-RS,su,su-ID,sv,sv-SE,sw,sw-TZ,sw-KE,ta,ta-IN,ta-SG,ta-LK,ta-MY,te,te-IN,tr,tr-TR,ur,ur-PK,ur-IN,yue,yue-HK,yue-Hant-HK,zh-HK,zh,zh-CN,zh-cmn,zh-cmn-CN,zh-Hans,zh-Hans-CN,zh-cmn-Hans,zh-cmn-Hans-CN,cmn-CN,cmn-Hans,cmn-Hans-CN,zh-TW,zh-Hant-TW,cmn-TW,cmn-Hant-TW,zh-cmn-TW,zh-cmn-Hant-TW,zu,zu-ZA\">\n<div id=\"tw-ob\" class=\"tw-src-ltr\">\n<div class=\"oSioSc\">\n<div id=\"tw-target\">\n<div id=\"kAz1tf\" class=\"g9WsWb\">\n<div id=\"tw-target-text-container\" class=\"tw-ta-container F0azHf tw-nfl\" tabindex=\"0\">\n<p id=\"tw-target-text\" class=\"tw-data-text tw-text-large tw-ta\" dir=\"ltr\" style=\"text-align: center;\" data-placeholder=\"\u00dcbersetzung\"><span class=\"Y2IQFc\" lang=\"de\">Ein Ger\u00e4t pro W\u00e4scherei, um Maschinen pers\u00f6nlich oder aus<br \/>\nder Ferne zu buchen. Mehrere Zahlungsm\u00f6glichkeiten.<\/span><\/p>\n<\/div>\n<\/div>\n<\/div>\n<\/div>\n<\/div>\n<\/div>\n<p>[\/vc_column_text][vc_empty_space][\/vc_column_inner][\/vc_row_inner][vc_column_inner width=&#8221;1\/3&#8243;][\/vc_column_inner][vc_column_inner width=&#8221;1\/3&#8243;][\/vc_column_inner][vc_column_inner width=&#8221;1\/3&#8243;][\/vc_column_inner][\/vc_column][\/vc_row][vc_row][vc_column][vc_empty_space][\/vc_column][\/vc_row][vc_row][vc_column][elx_heading text_color=&#8221;inherit&#8221; text_align=&#8221;text-center&#8221;]Finden Sie heraus, wie wir Ihnen helfen k\u00f6nnen[\/elx_heading][elx_o2000_contact_us s=&#8221;Anfrage Bezahlsysteme&#8221; request_type=&#8221;Other&#8221; country=&#8221;Switzerland&#8221; b=&#8221;laundry&#8221; container=&#8221;elxcontactus1478764167&#8243; r=&#8221;Ich w\u00fcrde gerne mehr \u00fcber Ihre Bezahlsysteme erfahren. Bitte kontaktieren Sie mich.&#8221; l=&#8221;de-ch&#8221;][vc_empty_space][\/vc_column][\/vc_row][vc_row][vc_column][elx_heading font_size=&#8221;h3&#8243; text_color=&#8221;inherit&#8221; text_align=&#8221;text-center&#8221;]Finden Sie Ihre Komplett-L\u00f6sung[\/elx_heading][\/vc_column][\/vc_row][vc_row][vc_column width=&#8221;1\/3&#8243;][elx_maylike_box id_box=&#8221;1427&#8243;][\/vc_column][vc_column width=&#8221;1\/3&#8243;][elx_maylike_box id_box=&#8221;1429&#8243;][\/vc_column][vc_column width=&#8221;1\/3&#8243;][elx_maylike_box id_box=&#8221;374&#8243;][\/vc_column][\/vc_row][vc_row][vc_column][vc_empty_space height=&#8221;50px&#8221;][\/vc_column][\/vc_row]<\/p>\n","protected":false},"excerpt":{"rendered":"<p>[vc_row full_width=&#8221;electroluxpro-full-width-no-padding&#8221; css=&#8221;.vc_custom_1618193199927{margin-top: -40px !important;border-top-width: -40px !important;padding-top: -40px !important;}&#8221;][vc_column][elx_full_banner title=&#8221;Bezahlsysteme&#8221; set_as_h1=&#8221;true&#8221; background_image_media_library=&#8221;17374&#8243; background_image_media_library_mobile=&#8221;20412&#8243; link=&#8221;url:%23contact|title:Mehr%20erfahren&#8221;][\/vc_column][\/vc_row][vc_row][vc_column][vc_empty_space][elx_heading font_size=&#8221;h5&#8243; text_color=&#8221;inherit&#8221; text_align=&#8221;text-left&#8221;]Von der Zahlung an der Maschine mit Karte, M\u00fcnze oder Token bis hin zum Anschluss der Maschinen an zentrale Zahlungssysteme.[\/elx_heading][\/vc_column][\/vc_row][vc_row][vc_column][vc_empty_space][elx_heading font_container=&#8221;h3&#8243; font_size=&#8221;h5&#8243; text_color=&#8221;inherit&#8221; text_align=&#8221;text-left&#8221;]Ein breites Spektrum an Bezahlsystemen[\/elx_heading][vc_empty_space][\/vc_column][\/vc_row][vc_row][vc_column][vc_column_text]Zahlungssysteme f\u00fcr Waschmaschinen\u00a0und Trockner sind verf\u00fcgbar als Kits nur mit M\u00fcnzmeter, M\u00fcnzboxen [&hellip;]<\/p>\n","protected":false},"author":5,"featured_media":0,"parent":745,"menu_order":0,"comment_status":"closed","ping_status":"closed","template":"","meta":{"footnotes":""},"class_list":["post-905","page","type-page","status-publish","hentry"],"acf":[],"yoast_head":"<!-- This site is optimized with the Yoast SEO plugin v23.3 - https:\/\/yoast.com\/wordpress\/plugins\/seo\/ -->\n<title>Bezahlsysteme | Electrolux Professional<\/title>\n<meta name=\"description\" content=\"Zahlungssysteme und Bezahlsysteme f\u00fcr Waschmaschinen und Trockner mit Karten und M\u00fcnzen. Von Electrolux Professional f\u00fcr W\u00e4schereien.\" \/>\n<meta name=\"robots\" content=\"index, follow, max-snippet:-1, max-image-preview:large, max-video-preview:-1\" \/>\n<link rel=\"canonical\" href=\"https:\/\/www.electroluxprofessional.com\/de-ch\/waeschereitechnik\/bezahlsysteme\/\" \/>\n<meta property=\"og:locale\" content=\"de_DE\" \/>\n<meta property=\"og:type\" content=\"article\" \/>\n<meta property=\"og:title\" content=\"Bezahlsysteme | Electrolux Professional\" \/>\n<meta property=\"og:description\" content=\"Zahlungssysteme und Bezahlsysteme f\u00fcr Waschmaschinen und Trockner mit Karten und M\u00fcnzen. Von Electrolux Professional f\u00fcr W\u00e4schereien.\" \/>\n<meta property=\"og:url\" content=\"https:\/\/www.electroluxprofessional.com\/de-ch\/waeschereitechnik\/bezahlsysteme\/\" \/>\n<meta property=\"og:site_name\" content=\"Electrolux Professional Schweiz\" \/>\n<meta property=\"article:modified_time\" content=\"2026-03-25T06:59:07+00:00\" \/>\n<meta name=\"twitter:card\" content=\"summary_large_image\" \/>\n<meta name=\"twitter:label1\" content=\"Gesch\u00e4tzte Lesezeit\" \/>\n\t<meta name=\"twitter:data1\" content=\"3 Minuten\" \/>\n<script type=\"application\/ld+json\" class=\"yoast-schema-graph\">{\"@context\":\"https:\/\/schema.org\",\"@graph\":[{\"@type\":\"WebPage\",\"@id\":\"https:\/\/www.electroluxprofessional.com\/de-ch\/waeschereitechnik\/bezahlsysteme\/\",\"url\":\"https:\/\/www.electroluxprofessional.com\/de-ch\/waeschereitechnik\/bezahlsysteme\/\",\"name\":\"Bezahlsysteme | Electrolux Professional\",\"isPartOf\":{\"@id\":\"https:\/\/www.electroluxprofessional.com\/de-ch\/#website\"},\"datePublished\":\"2016-11-10T07:50:23+00:00\",\"dateModified\":\"2026-03-25T06:59:07+00:00\",\"description\":\"Zahlungssysteme und Bezahlsysteme f\u00fcr Waschmaschinen und Trockner mit Karten und M\u00fcnzen. Von Electrolux Professional f\u00fcr W\u00e4schereien.\",\"breadcrumb\":{\"@id\":\"https:\/\/www.electroluxprofessional.com\/de-ch\/waeschereitechnik\/bezahlsysteme\/#breadcrumb\"},\"inLanguage\":\"de-CH\",\"potentialAction\":[{\"@type\":\"ReadAction\",\"target\":[\"https:\/\/www.electroluxprofessional.com\/de-ch\/waeschereitechnik\/bezahlsysteme\/\"]}]},{\"@type\":\"BreadcrumbList\",\"@id\":\"https:\/\/www.electroluxprofessional.com\/de-ch\/waeschereitechnik\/bezahlsysteme\/#breadcrumb\",\"itemListElement\":[{\"@type\":\"ListItem\",\"position\":1,\"name\":\"Home\",\"item\":\"https:\/\/www.electroluxprofessional.com\/de-ch\/\"},{\"@type\":\"ListItem\",\"position\":2,\"name\":\"W\u00e4schereitechnik\",\"item\":\"https:\/\/www.electroluxprofessional.com\/de-ch\/waeschereitechnik\/\"},{\"@type\":\"ListItem\",\"position\":3,\"name\":\"Bezahlsysteme\"}]},{\"@type\":\"WebSite\",\"@id\":\"https:\/\/www.electroluxprofessional.com\/de-ch\/#website\",\"url\":\"https:\/\/www.electroluxprofessional.com\/de-ch\/\",\"name\":\"Electrolux Professional Schweiz\",\"description\":\"\",\"potentialAction\":[{\"@type\":\"SearchAction\",\"target\":{\"@type\":\"EntryPoint\",\"urlTemplate\":\"https:\/\/www.electroluxprofessional.com\/de-ch\/?src={search_term_string}\"},\"query-input\":\"required name=search_term_string\"}],\"inLanguage\":\"de-CH\"}]}<\/script>\n<!-- \/ Yoast SEO plugin. -->","yoast_head_json":{"title":"Bezahlsysteme | Electrolux Professional","description":"Zahlungssysteme und Bezahlsysteme f\u00fcr Waschmaschinen und Trockner mit Karten und M\u00fcnzen. Von Electrolux Professional f\u00fcr W\u00e4schereien.","robots":{"index":"index","follow":"follow","max-snippet":"max-snippet:-1","max-image-preview":"max-image-preview:large","max-video-preview":"max-video-preview:-1"},"canonical":"https:\/\/www.electroluxprofessional.com\/de-ch\/waeschereitechnik\/bezahlsysteme\/","og_locale":"de_DE","og_type":"article","og_title":"Bezahlsysteme | Electrolux Professional","og_description":"Zahlungssysteme und Bezahlsysteme f\u00fcr Waschmaschinen und Trockner mit Karten und M\u00fcnzen. Von Electrolux Professional f\u00fcr W\u00e4schereien.","og_url":"https:\/\/www.electroluxprofessional.com\/de-ch\/waeschereitechnik\/bezahlsysteme\/","og_site_name":"Electrolux Professional Schweiz","article_modified_time":"2026-03-25T06:59:07+00:00","twitter_card":"summary_large_image","twitter_misc":{"Gesch\u00e4tzte Lesezeit":"3 Minuten"},"schema":{"@context":"https:\/\/schema.org","@graph":[{"@type":"WebPage","@id":"https:\/\/www.electroluxprofessional.com\/de-ch\/waeschereitechnik\/bezahlsysteme\/","url":"https:\/\/www.electroluxprofessional.com\/de-ch\/waeschereitechnik\/bezahlsysteme\/","name":"Bezahlsysteme | Electrolux Professional","isPartOf":{"@id":"https:\/\/www.electroluxprofessional.com\/de-ch\/#website"},"datePublished":"2016-11-10T07:50:23+00:00","dateModified":"2026-03-25T06:59:07+00:00","description":"Zahlungssysteme und Bezahlsysteme f\u00fcr Waschmaschinen und Trockner mit Karten und M\u00fcnzen. Von Electrolux Professional f\u00fcr W\u00e4schereien.","breadcrumb":{"@id":"https:\/\/www.electroluxprofessional.com\/de-ch\/waeschereitechnik\/bezahlsysteme\/#breadcrumb"},"inLanguage":"de-CH","potentialAction":[{"@type":"ReadAction","target":["https:\/\/www.electroluxprofessional.com\/de-ch\/waeschereitechnik\/bezahlsysteme\/"]}]},{"@type":"BreadcrumbList","@id":"https:\/\/www.electroluxprofessional.com\/de-ch\/waeschereitechnik\/bezahlsysteme\/#breadcrumb","itemListElement":[{"@type":"ListItem","position":1,"name":"Home","item":"https:\/\/www.electroluxprofessional.com\/de-ch\/"},{"@type":"ListItem","position":2,"name":"W\u00e4schereitechnik","item":"https:\/\/www.electroluxprofessional.com\/de-ch\/waeschereitechnik\/"},{"@type":"ListItem","position":3,"name":"Bezahlsysteme"}]},{"@type":"WebSite","@id":"https:\/\/www.electroluxprofessional.com\/de-ch\/#website","url":"https:\/\/www.electroluxprofessional.com\/de-ch\/","name":"Electrolux Professional Schweiz","description":"","potentialAction":[{"@type":"SearchAction","target":{"@type":"EntryPoint","urlTemplate":"https:\/\/www.electroluxprofessional.com\/de-ch\/?src={search_term_string}"},"query-input":"required name=search_term_string"}],"inLanguage":"de-CH"}]}},"_links":{"self":[{"href":"https:\/\/www.electroluxprofessional.com\/de-ch\/wp-json\/wp\/v2\/pages\/905"}],"collection":[{"href":"https:\/\/www.electroluxprofessional.com\/de-ch\/wp-json\/wp\/v2\/pages"}],"about":[{"href":"https:\/\/www.electroluxprofessional.com\/de-ch\/wp-json\/wp\/v2\/types\/page"}],"author":[{"embeddable":true,"href":"https:\/\/www.electroluxprofessional.com\/de-ch\/wp-json\/wp\/v2\/users\/5"}],"replies":[{"embeddable":true,"href":"https:\/\/www.electroluxprofessional.com\/de-ch\/wp-json\/wp\/v2\/comments?post=905"}],"version-history":[{"count":15,"href":"https:\/\/www.electroluxprofessional.com\/de-ch\/wp-json\/wp\/v2\/pages\/905\/revisions"}],"predecessor-version":[{"id":20432,"href":"https:\/\/www.electroluxprofessional.com\/de-ch\/wp-json\/wp\/v2\/pages\/905\/revisions\/20432"}],"up":[{"embeddable":true,"href":"https:\/\/www.electroluxprofessional.com\/de-ch\/wp-json\/wp\/v2\/pages\/745"}],"wp:attachment":[{"href":"https:\/\/www.electroluxprofessional.com\/de-ch\/wp-json\/wp\/v2\/media?parent=905"}],"curies":[{"name":"wp","href":"https:\/\/api.w.org\/{rel}","templated":true}]}}