{"id":873,"date":"2016-11-09T11:44:00","date_gmt":"2016-11-09T11:44:00","guid":{"rendered":"http:\/\/testepr.jobinformatica.it\/?page_id=4600"},"modified":"2026-03-25T06:47:49","modified_gmt":"2026-03-25T06:47:49","slug":"seitenlader","status":"publish","type":"page","link":"https:\/\/www.electroluxprofessional.com\/de-ch\/waeschereitechnik\/seitenlader\/","title":{"rendered":"Seitenlader"},"content":{"rendered":"<p>[vc_row full_width=&#8221;electroluxpro-full-width-no-padding&#8221;][vc_column][elx_hero_slider label_text_color=&#8221;inherit&#8221; images=&#8221;872&#8243;][elx_heading font_container=&#8221;h1&#8243; font_size=&#8221;h3&#8243; text_color=&#8221;inherit&#8221;]Seitenlader[\/elx_heading][vc_column_text]<\/p>\n<h4>Ihr verl\u00e4sslicher Partner in der W\u00e4scherei.<\/h4>\n<h4>Excellence in Hygiene, Leistung und Ergebnis.<\/h4>\n<p>[\/vc_column_text][\/elx_hero_slider][\/vc_column][\/vc_row][vc_row][vc_column][vc_column_text]<\/p>\n<h2>Langlebigkeit und st\u00f6rungsfreier Betrieb<\/h2>\n<p>Entworfen f\u00fcr\u00a0<strong>30.000 Zyklen<\/strong>,\u00a0ist\u00a0der Seitenlader ausgestattet mit einer Schwerlast-Konstruktion, Power Balance und einem Unwucht-Erkennungssystem. Das bedeutet weniger Stress f\u00fcr die Maschine und damit eine l\u00e4ngere Haltbarkeit sowie st\u00f6rungsfreier Betrieb.<\/p>\n<h3>Ergonomie<\/h3>\n<p>Eine intuitive Schnittstelle macht die Waschmaschine flexibel und anpassbar. Dank der\u00a0<strong>breiten T\u00fcr\u00f6ffnung<\/strong>\u00a0und der <strong>automatischen Innentrommelpositionierung<\/strong> ist es einfach und sicher zu bedienen.[\/vc_column_text][\/vc_column][\/vc_row][vc_row][vc_column width=&#8221;1\/3&#8243;][vc_column_text]<\/p>\n<h3>Top Hygiene<\/h3>\n<p><span lang=\"de\">Die h\u00f6chste Stufe der <strong>Hygienekontrolle und -\u00fcberwachung<\/strong> wird durch das Certus Management\u00ae Information System (CMIS) w\u00e4hrend des gesamten Prozesses beibehalten.<\/span><\/p>\n<h3>Verbesserte Produktivit\u00e4t<\/h3>\n<p><span lang=\"de\">Optimierte Programme sparen Zeit und Energie mit einem zus\u00e4tzlichen Zyklus pro Tag, verglichen mit gleichwertigen Maschinen auf dem Markt.<\/span>[\/vc_column_text][\/vc_column][vc_column width=&#8221;2\/3&#8243;][elx_image_block background_image=&#8221;871&#8243; minimum_height=&#8221;460px&#8221;][\/vc_column][\/vc_row][vc_row][vc_column][vc_column_text css=&#8221;.vc_custom_1496764047642{margin-bottom: 0px !important;border-bottom-width: 0px !important;padding-bottom: 0px !important;}&#8221;]<\/p>\n<h3>Niedrige Betriebskosten<\/h3>\n<p><span lang=\"de\">Das optimierte Design der Trommel reduziert das &#8220;Tot-Volumen&#8221; und spart Wasser. Mit dem <strong>Electrolux Efficient Dosing System<\/strong> passt die Maschine die Waschmittelmenge automatisch an die aktuelle Ladung an. Die Waschmaschine bietet beste Wirtschaftlichkeit und Leistung sowie Umweltfreundlichkeit.<\/span>[\/vc_column_text][elx_button button_text=&#8221;Zubeh\u00f6r und Verbrauchsmaterialien&#8221; button_style=&#8221;icon&#8221; button_link=&#8221;url:https%3A%2F%2Fprofessional.electrolux.ch%2Fzubehoer%2Fwaescherei%2F|title:Zubeh%C3%B6r%20und%20Verbrauchsmaterialien||&#8221;][\/vc_column][\/vc_row][vc_row][vc_column][elx_heading font_size=&#8221;h2&#8243; text_color=&#8221;inherit&#8221; text_align=&#8221;text-center&#8221;]Finden Sie heraus, wie wir Ihnen helfen k\u00f6nnen[\/elx_heading][elx_o2000_contact_us s=&#8221;Anfrage Seitenlader&#8221; campaign=&#8221;701SX00000EfMHVYA3&#8243; request_type=&#8221;Other&#8221; country=&#8221;Switzerland&#8221; b=&#8221;laundry&#8221; container=&#8221;elxcontactus1478696450&#8243; r=&#8221;Ich w\u00fcrde gerne mehr \u00fcber Seitenlader erfahren. Bitte kontaktieren Sie mich.&#8221; l=&#8221;de-ch&#8221;][vc_empty_space height=&#8221;50px&#8221;][\/vc_column][\/vc_row][vc_row][vc_column][elx_heading font_size=&#8221;h3&#8243; text_color=&#8221;inherit&#8221; text_align=&#8221;text-center&#8221;]Finden Sie Ihre Komplett-L\u00f6sung[\/elx_heading][\/vc_column][\/vc_row][vc_row][vc_column width=&#8221;1\/3&#8243;][elx_maylike_box id_box=&#8221;374&#8243;][\/vc_column][vc_column width=&#8221;1\/3&#8243;][elx_maylike_box id_box=&#8221;1374&#8243;][\/vc_column][vc_column width=&#8221;1\/3&#8243;][elx_maylike_box id_box=&#8221;742&#8243;][\/vc_column][\/vc_row][vc_row][vc_column][vc_empty_space height=&#8221;50px&#8221;][\/vc_column][\/vc_row]<\/p>\n","protected":false},"excerpt":{"rendered":"<p>[vc_row full_width=&#8221;electroluxpro-full-width-no-padding&#8221;][vc_column][elx_hero_slider label_text_color=&#8221;inherit&#8221; images=&#8221;872&#8243;][elx_heading font_container=&#8221;h1&#8243; font_size=&#8221;h3&#8243; text_color=&#8221;inherit&#8221;]Seitenlader[\/elx_heading][vc_column_text] Ihr verl\u00e4sslicher Partner in der W\u00e4scherei. Excellence in Hygiene, Leistung und Ergebnis. [\/vc_column_text][\/elx_hero_slider][\/vc_column][\/vc_row][vc_row][vc_column][vc_column_text] Langlebigkeit und st\u00f6rungsfreier Betrieb Entworfen f\u00fcr\u00a030.000 Zyklen,\u00a0ist\u00a0der Seitenlader ausgestattet mit einer Schwerlast-Konstruktion, Power Balance und einem Unwucht-Erkennungssystem. Das bedeutet weniger Stress f\u00fcr die Maschine und damit eine l\u00e4ngere Haltbarkeit sowie st\u00f6rungsfreier Betrieb. Ergonomie Eine intuitive [&hellip;]<\/p>\n","protected":false},"author":1,"featured_media":0,"parent":745,"menu_order":0,"comment_status":"closed","ping_status":"closed","template":"","meta":{"footnotes":""},"class_list":["post-873","page","type-page","status-publish","hentry"],"acf":[],"yoast_head":"<!-- This site is optimized with the Yoast SEO plugin v23.3 - https:\/\/yoast.com\/wordpress\/plugins\/seo\/ -->\n<title>Seitenlader | Electrolux Professional<\/title>\n<meta name=\"description\" content=\"Entworfen f\u00fcr 30.000 Zyklen, ist der Seitenlader ausgestattet mit einer Schwerlast-Konstruktion und einem Unwucht-Erkennungssystem.\" \/>\n<meta name=\"robots\" content=\"index, follow, max-snippet:-1, max-image-preview:large, max-video-preview:-1\" \/>\n<link rel=\"canonical\" href=\"https:\/\/www.electroluxprofessional.com\/de-ch\/waeschereitechnik\/seitenlader\/\" \/>\n<meta property=\"og:locale\" content=\"de_DE\" \/>\n<meta property=\"og:type\" content=\"article\" \/>\n<meta property=\"og:title\" content=\"Seitenlader | Electrolux Professional\" \/>\n<meta property=\"og:description\" content=\"Entworfen f\u00fcr 30.000 Zyklen, ist der Seitenlader ausgestattet mit einer Schwerlast-Konstruktion und einem Unwucht-Erkennungssystem.\" \/>\n<meta property=\"og:url\" content=\"https:\/\/www.electroluxprofessional.com\/de-ch\/waeschereitechnik\/seitenlader\/\" \/>\n<meta property=\"og:site_name\" content=\"Electrolux Professional Schweiz\" \/>\n<meta property=\"article:modified_time\" content=\"2026-03-25T06:47:49+00:00\" \/>\n<meta name=\"twitter:card\" content=\"summary_large_image\" \/>\n<meta name=\"twitter:label1\" content=\"Gesch\u00e4tzte Lesezeit\" \/>\n\t<meta name=\"twitter:data1\" content=\"2 Minuten\" \/>\n<script type=\"application\/ld+json\" class=\"yoast-schema-graph\">{\"@context\":\"https:\/\/schema.org\",\"@graph\":[{\"@type\":\"WebPage\",\"@id\":\"https:\/\/www.electroluxprofessional.com\/de-ch\/waeschereitechnik\/seitenlader\/\",\"url\":\"https:\/\/www.electroluxprofessional.com\/de-ch\/waeschereitechnik\/seitenlader\/\",\"name\":\"Seitenlader | Electrolux Professional\",\"isPartOf\":{\"@id\":\"https:\/\/www.electroluxprofessional.com\/de-ch\/#website\"},\"datePublished\":\"2016-11-09T11:44:00+00:00\",\"dateModified\":\"2026-03-25T06:47:49+00:00\",\"description\":\"Entworfen f\u00fcr 30.000 Zyklen, ist der Seitenlader ausgestattet mit einer Schwerlast-Konstruktion und einem Unwucht-Erkennungssystem.\",\"breadcrumb\":{\"@id\":\"https:\/\/www.electroluxprofessional.com\/de-ch\/waeschereitechnik\/seitenlader\/#breadcrumb\"},\"inLanguage\":\"de-CH\",\"potentialAction\":[{\"@type\":\"ReadAction\",\"target\":[\"https:\/\/www.electroluxprofessional.com\/de-ch\/waeschereitechnik\/seitenlader\/\"]}]},{\"@type\":\"BreadcrumbList\",\"@id\":\"https:\/\/www.electroluxprofessional.com\/de-ch\/waeschereitechnik\/seitenlader\/#breadcrumb\",\"itemListElement\":[{\"@type\":\"ListItem\",\"position\":1,\"name\":\"Home\",\"item\":\"https:\/\/www.electroluxprofessional.com\/de-ch\/\"},{\"@type\":\"ListItem\",\"position\":2,\"name\":\"W\u00e4schereitechnik\",\"item\":\"https:\/\/www.electroluxprofessional.com\/de-ch\/waeschereitechnik\/\"},{\"@type\":\"ListItem\",\"position\":3,\"name\":\"Seitenlader\"}]},{\"@type\":\"WebSite\",\"@id\":\"https:\/\/www.electroluxprofessional.com\/de-ch\/#website\",\"url\":\"https:\/\/www.electroluxprofessional.com\/de-ch\/\",\"name\":\"Electrolux Professional Schweiz\",\"description\":\"\",\"potentialAction\":[{\"@type\":\"SearchAction\",\"target\":{\"@type\":\"EntryPoint\",\"urlTemplate\":\"https:\/\/www.electroluxprofessional.com\/de-ch\/?src={search_term_string}\"},\"query-input\":\"required name=search_term_string\"}],\"inLanguage\":\"de-CH\"}]}<\/script>\n<!-- \/ Yoast SEO plugin. -->","yoast_head_json":{"title":"Seitenlader | Electrolux Professional","description":"Entworfen f\u00fcr 30.000 Zyklen, ist der Seitenlader ausgestattet mit einer Schwerlast-Konstruktion und einem Unwucht-Erkennungssystem.","robots":{"index":"index","follow":"follow","max-snippet":"max-snippet:-1","max-image-preview":"max-image-preview:large","max-video-preview":"max-video-preview:-1"},"canonical":"https:\/\/www.electroluxprofessional.com\/de-ch\/waeschereitechnik\/seitenlader\/","og_locale":"de_DE","og_type":"article","og_title":"Seitenlader | Electrolux Professional","og_description":"Entworfen f\u00fcr 30.000 Zyklen, ist der Seitenlader ausgestattet mit einer Schwerlast-Konstruktion und einem Unwucht-Erkennungssystem.","og_url":"https:\/\/www.electroluxprofessional.com\/de-ch\/waeschereitechnik\/seitenlader\/","og_site_name":"Electrolux Professional Schweiz","article_modified_time":"2026-03-25T06:47:49+00:00","twitter_card":"summary_large_image","twitter_misc":{"Gesch\u00e4tzte Lesezeit":"2 Minuten"},"schema":{"@context":"https:\/\/schema.org","@graph":[{"@type":"WebPage","@id":"https:\/\/www.electroluxprofessional.com\/de-ch\/waeschereitechnik\/seitenlader\/","url":"https:\/\/www.electroluxprofessional.com\/de-ch\/waeschereitechnik\/seitenlader\/","name":"Seitenlader | Electrolux Professional","isPartOf":{"@id":"https:\/\/www.electroluxprofessional.com\/de-ch\/#website"},"datePublished":"2016-11-09T11:44:00+00:00","dateModified":"2026-03-25T06:47:49+00:00","description":"Entworfen f\u00fcr 30.000 Zyklen, ist der Seitenlader ausgestattet mit einer Schwerlast-Konstruktion und einem Unwucht-Erkennungssystem.","breadcrumb":{"@id":"https:\/\/www.electroluxprofessional.com\/de-ch\/waeschereitechnik\/seitenlader\/#breadcrumb"},"inLanguage":"de-CH","potentialAction":[{"@type":"ReadAction","target":["https:\/\/www.electroluxprofessional.com\/de-ch\/waeschereitechnik\/seitenlader\/"]}]},{"@type":"BreadcrumbList","@id":"https:\/\/www.electroluxprofessional.com\/de-ch\/waeschereitechnik\/seitenlader\/#breadcrumb","itemListElement":[{"@type":"ListItem","position":1,"name":"Home","item":"https:\/\/www.electroluxprofessional.com\/de-ch\/"},{"@type":"ListItem","position":2,"name":"W\u00e4schereitechnik","item":"https:\/\/www.electroluxprofessional.com\/de-ch\/waeschereitechnik\/"},{"@type":"ListItem","position":3,"name":"Seitenlader"}]},{"@type":"WebSite","@id":"https:\/\/www.electroluxprofessional.com\/de-ch\/#website","url":"https:\/\/www.electroluxprofessional.com\/de-ch\/","name":"Electrolux Professional Schweiz","description":"","potentialAction":[{"@type":"SearchAction","target":{"@type":"EntryPoint","urlTemplate":"https:\/\/www.electroluxprofessional.com\/de-ch\/?src={search_term_string}"},"query-input":"required name=search_term_string"}],"inLanguage":"de-CH"}]}},"_links":{"self":[{"href":"https:\/\/www.electroluxprofessional.com\/de-ch\/wp-json\/wp\/v2\/pages\/873"}],"collection":[{"href":"https:\/\/www.electroluxprofessional.com\/de-ch\/wp-json\/wp\/v2\/pages"}],"about":[{"href":"https:\/\/www.electroluxprofessional.com\/de-ch\/wp-json\/wp\/v2\/types\/page"}],"author":[{"embeddable":true,"href":"https:\/\/www.electroluxprofessional.com\/de-ch\/wp-json\/wp\/v2\/users\/1"}],"replies":[{"embeddable":true,"href":"https:\/\/www.electroluxprofessional.com\/de-ch\/wp-json\/wp\/v2\/comments?post=873"}],"version-history":[{"count":13,"href":"https:\/\/www.electroluxprofessional.com\/de-ch\/wp-json\/wp\/v2\/pages\/873\/revisions"}],"predecessor-version":[{"id":20418,"href":"https:\/\/www.electroluxprofessional.com\/de-ch\/wp-json\/wp\/v2\/pages\/873\/revisions\/20418"}],"up":[{"embeddable":true,"href":"https:\/\/www.electroluxprofessional.com\/de-ch\/wp-json\/wp\/v2\/pages\/745"}],"wp:attachment":[{"href":"https:\/\/www.electroluxprofessional.com\/de-ch\/wp-json\/wp\/v2\/media?parent=873"}],"curies":[{"name":"wp","href":"https:\/\/api.w.org\/{rel}","templated":true}]}}