{"id":8302,"date":"2020-02-28T17:34:50","date_gmt":"2020-02-28T17:34:50","guid":{"rendered":"https:\/\/www.electroluxprofessional.com\/de-ch\/?page_id=8302"},"modified":"2026-02-27T09:56:26","modified_gmt":"2026-02-27T09:56:26","slug":"homepage-20200227","status":"publish","type":"page","link":"https:\/\/www.electroluxprofessional.com\/de-ch\/","title":{"rendered":"Homepage"},"content":{"rendered":"<p>[vc_row full_width=&#8221;electroluxpro-full-width-no-padding&#8221; css=&#8221;.vc_custom_1581601446712{margin-bottom: 0px !important;}&#8221;][vc_column css=&#8221;.vc_custom_1575015067714{margin-bottom: 0px !important;}&#8221;][elx_master_slider slide_order_1=&#8221;2&#8243; title_1=&#8221;TD6-11 mit W\u00e4rmepumpe:&#8221; text_1=&#8221;die ultimative Trocknungsl\u00f6sung&#8221; slide_order_2=&#8221;4&#8243; title_2=&#8221;&#8221; text_2=&#8221;&#8221; slide_order_3=&#8221;1&#8243; title_3=&#8221;Kreativit\u00e4t ohne Grenzen&#8221; text_3=&#8221;therma<em>line<\/em> 80, 85 &amp; 90<br \/>\nModulare Grossk\u00fcchentechnik&#8221; slide_order_4=&#8221;3&#8243; title_4=&#8221;H\u00f6chstleistung<br \/>\nJeden Tag&#8221; text_4=&#8221;e-XP 700 &amp; 900<br \/>\nModulare Grossk\u00fcchentechnik&#8221; link_1=&#8221;url:https%3A%2F%2Fwww.electroluxprofessional.com%2Fde-ch%2Fwaescherei%2Fwaermepumpentrockner-line6000%2F|title:Mehr%20erfahren|target:_blank&#8221; background_image_media_library_1=&#8221;17070&#8243; background_image_media_library_mobile_1=&#8221;17071&#8243; background_image_media_library_4=&#8221;19767&#8243; link_4=&#8221;url:https%3A%2F%2Fwww.electroluxprofessional.com%2Fde-ch%2Fkueche%2Fe-xp-700-900%2F|title:MEHR%20ERFAHREN|target:_blank&#8221; background_image_media_library_mobile_4=&#8221;19768&#8243; link_3=&#8221;url:https%3A%2F%2Fwww.electroluxprofessional.com%2Fde-ch%2Fkueche%2Fthermaline-80-85-90%2F|title:MEHR%20ERFAHREN|target:_blank&#8221; background_image_media_library_3=&#8221;19704&#8243; background_image_media_library_mobile_3=&#8221;19705&#8243; link_2=&#8221;url:https%3A%2F%2Fwww.electroluxprofessional.com%2Fde-ch%2Floesungen-fuer-ferienwohnungen%2F|target:_blank&#8221; background_image_media_library_2=&#8221;19797&#8243; background_image_media_library_mobile_2=&#8221;19798&#8243;][\/vc_column][\/vc_row][vc_row full_width=&#8221;electroluxpro-full-width-no-padding&#8221; disable_element=&#8221;yes&#8221; css=&#8221;.vc_custom_1622189004828{margin-bottom: 0px !important;}&#8221;][vc_column css=&#8221;.vc_custom_1575015067714{margin-bottom: 0px !important;}&#8221;][elx_master_slider text_colors_1=&#8221;text-blue&#8221; title_1=&#8221;Gl\u00e4ser- und Untertischsp\u00fclmaschinen&#8221; text_1=&#8221;Zuverl\u00e4ssig, einfach, sicher&#8221; title_2=&#8221;Ihr All-in-OnE L\u00f6sungsanbieter&#8221; text_2=&#8221;Erfahren Sie mit unserer Imagebrosch\u00fcre, wie wir<br \/>\nSie mit unseren L\u00f6sungen unterst\u00fctzen k\u00f6nnen.&#8221; title_3=&#8221;therma<em>line<\/em> &#8211; die Electrolux Professional Swiss-Design Premium Kochger\u00e4teserie&#8221; text_3=&#8221;Strukturieren Sie Ihre Arbeitsabl\u00e4ufe effizient mit therma<em>line<\/em>&#8221; title_4=&#8221;Einsatzkr\u00e4fte sch\u00fctzen&#8221; text_4=&#8221;W\u00e4schereil\u00f6sungen f\u00fcr die<br \/>\nFeuerwehr&#8221; link_1=&#8221;url:https%3A%2F%2Fwww.electroluxprofessional.com%2Fde-ch%2Fkueche%2Fspueltechnik%2Fglaeser-und-untertischspuelmaschinen%2F|title:Mehr%20dazu|target:%20_blank|&#8221; background_image_media_library_1=&#8221;10301&#8243; background_image_media_library_mobile_1=&#8221;10302&#8243; background_image_media_library_2=&#8221;9814&#8243; background_image_media_library_3=&#8221;9486&#8243; background_image_media_library_4=&#8221;9483&#8243; link_2=&#8221;url:https%3A%2F%2Fwww.electroluxprofessional.com%2Fde-ch%2Fueber-uns%2F|title:Mehr%20dazu|target:%20_blank|&#8221; link_3=&#8221;url:https%3A%2F%2Fwww.electroluxprofessional.com%2Fde-ch%2Fkueche%2Fthermaline-kochbloecke%2F|title:Mehr%20dazu|target:%20_blank|&#8221; link_4=&#8221;url:https%3A%2F%2Fwww.electroluxprofessional.com%2Fde-ch%2Fbranchenloesungen%2Ffeuerwehr%2F|title:Mehr%20dazu|target:%20_blank|&#8221; background_image_media_library_mobile_2=&#8221;9813&#8243; background_image_media_library_mobile_3=&#8221;9487&#8243; background_image_media_library_mobile_4=&#8221;9484&#8243;][\/vc_column][\/vc_row][vc_row full_width=&#8221;electroluxpro-full-width-no-padding&#8221; disable_element=&#8221;yes&#8221; css=&#8221;.vc_custom_1587383975791{margin-bottom: 0px !important;}&#8221;][vc_column css=&#8221;.vc_custom_1575015067714{margin-bottom: 0px !important;}&#8221;][elx_master_slider title_1=&#8221;SkyLine Cook und Chill L\u00f6sung&#8221; text_1=&#8221;Wir stellen wir Ihnen ein bahnbrechendes Cook &amp; Chill-System vor,<br \/>\ndas die Abl\u00e4ufe in Ihrer K\u00fcche revolutionieren wird.&#8221; title_2=&#8221;Line 6000 Waschmaschinen&#8221; text_2=&#8221;Handeln Sie umweltfreundlich und steigern Sie Ihren Gewinn<br \/>\nindem Sie mit unseren neuesten Waschmaschinen weniger<br \/>\nWasser, Energie und Waschmittel verbrauchen.&#8221; title_3=&#8221;&#8221; text_3=&#8221;&#8221; title_4=&#8221;&#8221; text_4=&#8221;&#8221; link_1=&#8221;url:https%3A%2F%2Fwww.electroluxprofessional.com%2Fde-ch%2Fgrosskuechentechnik%2Fcook-chill%2F|title:Mehr%20dazu||&#8221; background_image_media_library_1=&#8221;8307&#8243; background_image_media_library_mobile_1=&#8221;8308&#8243; background_image_media_library_2=&#8221;8305&#8243; background_image_media_library_3=&#8221;29274&#8243; background_image_media_library_4=&#8221;29276&#8243; link_2=&#8221;url:https%3A%2F%2Fwww.electroluxprofessional.com%2Fde-ch%2Fwaescherei%2Fgewerbliche-waschmaschinen%2F|title:Mehr%20dazu||&#8221; link_3=&#8221;|||&#8221; link_4=&#8221;|||&#8221; background_image_media_library_mobile_2=&#8221;8306&#8243; background_image_media_library_mobile_3=&#8221;29270&#8243; background_image_media_library_mobile_4=&#8221;29272&#8243;][\/vc_column][\/vc_row][vc_row full_width=&#8221;electroluxpro-full-width-no-padding&#8221;][vc_column][elx_search title=&#8221;WIE K\u00d6NNEN WIR IHNEN BEHILFLICH SEIN?&#8221;][\/vc_column][\/vc_row][vc_row full_width=&#8221;electroluxpro-full-width-no-padding&#8221;][vc_column][elx_full_banner title=&#8221;Gute Entscheidungen f\u00fcr unseren Planeten&#8221; text=&#8221;Electrolux Professional is the OnE trusted partner making your<br \/>\nwork-life easier, more profitable \u2013 and truly sustainable every day.&#8221; background_source=&#8221;image-media-library&#8221; link=&#8221;url:https%3A%2F%2Fwww.electroluxprofessional.com%2Fde-ch%2Fueber-uns%2Fnachhaltigkeit%2F|title:Erfahren%20Sie%20mehr%20%C3%BCber%20unsere%20nachhaltigen%20L%C3%B6sungen|target:_blank&#8221; background_image_media_library=&#8221;13123&#8243; background_image_media_library_mobile=&#8221;13122&#8243;][\/vc_column][\/vc_row][vc_row full_width=&#8221;electroluxpro-full-width-no-padding&#8221; disable_element=&#8221;yes&#8221;][vc_column][elx_full_banner title=&#8221;Electrolux Professional OnE&#8221; text=&#8221;Electrolux Professional is the OnE trusted partner making your<br \/>\nwork-life easier, more profitable \u2013 and truly sustainable every day.&#8221; background_source=&#8221;image-media-library&#8221; link=&#8221;url:https%3A%2F%2Fwww.electroluxprofessional.com%2Fde-ch%2Fueber-uns%2F|title:Entdecken%20Sie%20OnE%20jetzt||&#8221; background_image_media_library=&#8221;8310&#8243; background_image_media_library_mobile=&#8221;8311&#8243;][\/vc_column][\/vc_row][vc_row][vc_column][elx_double_banner title_1=&#8221;myPROzip Waschmaschinen und Trockner&#8221; text_1=&#8221;Professionelles Waschen von Ihren G\u00e4sten selbst bedient&#8221; title_2=&#8221;Reduzieren, wiederverwenden, recyclen&#8221; text_2=&#8221;Entdecken Sie HeroDry, der freistehende Trockner&#8221; background_source_1=&#8221;image-media-library&#8221; background_source_2=&#8221;image-media-library&#8221; link_1=&#8221;url:https%3A%2F%2Fwww.electroluxprofessional.com%2Fde-ch%2Fwaescherei%2Fmyprozip-professionelles-waschen-von-ihren-gaesten-selbst-bedient%2F|title:Mehr%20dazu|target:_blank&#8221; background_image_media_library_1=&#8221;14885&#8243; link_2=&#8221;url:https%3A%2F%2Fwww.electroluxprofessional.com%2Fde-ch%2Fherodry-trockner-einweggeschirr%2F|title:Mehr%20dazu|target:_blank&#8221; background_image_media_library_2=&#8221;15241&#8243; background_image_media_library_mobile_1=&#8221;14884&#8243; background_image_media_library_mobile_2=&#8221;15240&#8243; title_mobile_1=&#8221;myPROzip Waschmaschinen und Trockner&#8221; title_mobile_2=&#8221;Reduzieren, wiederverwenden, recyclen mit HeroDry&#8221;][elx_double_banner title_1=&#8221;Geschmack trifft auf Geschwindigkeit&#8221; text_1=&#8221;Entdecken Sie den leistungsstarken High Speed Ofen GourmeXpress&#8221; title_2=&#8221;Line 6000 \u2013 gewerbliche Waschmaschinen&#8221; text_2=&#8221;Ein umfangreiches Sortiment an gewerblichen Waschmaschinen, so durchdacht gestaltet, dass jeder Schritt einfach ist.&#8221; background_source_1=&#8221;image-media-library&#8221; background_source_2=&#8221;image-media-library&#8221; link_1=&#8221;url:https%3A%2F%2Fwww.electroluxprofessional.com%2Fde-ch%2Fgourmexpress-high-speed-ofen%2F|title:Mehr%20dazu|target:_blank&#8221; background_image_media_library_1=&#8221;15901&#8243; link_2=&#8221;url:https%3A%2F%2Fwww.electroluxprofessional.com%2Fde-ch%2Fwaescherei%2Fgewerbliche-waschmaschinen%2F|title:Mehr%20dazu||&#8221; background_image_media_library_2=&#8221;14886&#8243; background_image_media_library_mobile_1=&#8221;15900&#8243; background_image_media_library_mobile_2=&#8221;14887&#8243; title_mobile_1=&#8221;Geschmack trifft auf Geschwindigkeit&#8221; title_mobile_2=&#8221;Line 6000 \u2013 gewerbliche Waschmaschinen&#8221;][\/vc_column][\/vc_row][vc_row][vc_column][\/vc_column][\/vc_row][vc_row full_width=&#8221;electroluxpro-full-width-no-padding&#8221;][vc_column][elx_full_banner title=&#8221;Electrolux Professional Centers of Excellence&#8221; text=&#8221;Swiss design since 1871: over 100 years of production,<br \/>\nprecision and tradition&#8221; background_source=&#8221;image-media-library&#8221; link=&#8221;url:https%3A%2F%2Fwww.electroluxprofessional.com%2Fde-ch%2Fzentrum-des-kochens%2Fcenters-of-excellence%2F|title:Besuchen%20Sie%20unsere%20Showrooms&#8221; background_image_media_library=&#8221;8321&#8243; background_image_media_library_mobile=&#8221;8322&#8243;][\/vc_column][\/vc_row][vc_row full_width=&#8221;electroluxpro-full-width-no-padding&#8221;][vc_column][elx_last_references title=&#8221;Unsere Kunden&#8221;][\/vc_column][\/vc_row][vc_row full_width=&#8221;electroluxpro-full-width-no-padding&#8221;][vc_column][elx_last_news][\/vc_column][\/vc_row][vc_row][vc_column][elx_single_banner title=&#8221;Karrierem\u00f6glichkeiten&#8221; text=&#8221;Electrolux Professional begr\u00fcsst leidenschaftliche Menschen,<br \/>\nunternehmerisch denkende Teamplayer, um sich unserem Unternehmen anzuschliessen. Auf unserer Karriereseite erfahren Sie mehr \u00fcber offene Stellen und M\u00f6glichkeiten f\u00fcr Sie.&#8221; text_mobile=&#8221;Electrolux Professional begr\u00fcsst leidenschaftliche Menschen,<br \/>\nunternehmerisch denkende Teamplayer, um sich unserem Unternehmen anzuschliessen. Auf unserer Karriereseite erfahren Sie mehr \u00fcber offene Stellen und M\u00f6glichkeiten f\u00fcr Sie.&#8221; background_source=&#8221;image-media-library&#8221; background_image_media_library=&#8221;8323&#8243; link=&#8221;url:https%3A%2F%2Fwww.electroluxprofessional.com%2Fde-ch%2Fcareer-opportunities%2F|title:Jetzt%20bewerben%20||&#8221; background_image_media_library_mobile=&#8221;8324&#8243; extra_class=&#8221;Karrierem\u00f6glichkeiten&#8221;][\/vc_column][\/vc_row][vc_row][vc_column][elx_active_banner title=&#8221;H\u00e4ndler- und Servicesuche&#8221; link=&#8221;url:https%3A%2F%2Fwww.electroluxprofessional.com%2Fde-ch%2Fsales-und-service-locator%2F|title:Search||&#8221; background_image_media_library=&#8221;8327&#8243; background_image_media_library_mobile=&#8221;8328&#8243;][\/vc_column][\/vc_row][vc_row][vc_column][vc_empty_space height=&#8221;30px&#8221;][\/vc_column][\/vc_row]<\/p>\n","protected":false},"excerpt":{"rendered":"<p>[vc_row full_width=&#8221;electroluxpro-full-width-no-padding&#8221; css=&#8221;.vc_custom_1581601446712{margin-bottom: 0px !important;}&#8221;][vc_column css=&#8221;.vc_custom_1575015067714{margin-bottom: 0px !important;}&#8221;][elx_master_slider slide_order_1=&#8221;2&#8243; title_1=&#8221;TD6-11 mit W\u00e4rmepumpe:&#8221; text_1=&#8221;die ultimative Trocknungsl\u00f6sung&#8221; slide_order_2=&#8221;4&#8243; title_2=&#8221;&#8221; text_2=&#8221;&#8221; slide_order_3=&#8221;1&#8243; title_3=&#8221;Kreativit\u00e4t ohne Grenzen&#8221; text_3=&#8221;thermaline 80, 85 &amp; 90 Modulare Grossk\u00fcchentechnik&#8221; slide_order_4=&#8221;3&#8243; title_4=&#8221;H\u00f6chstleistung Jeden Tag&#8221; text_4=&#8221;e-XP 700 &amp; 900 Modulare Grossk\u00fcchentechnik&#8221; link_1=&#8221;url:https%3A%2F%2Fwww.electroluxprofessional.com%2Fde-ch%2Fwaescherei%2Fwaermepumpentrockner-line6000%2F|title:Mehr%20erfahren|target:_blank&#8221; background_image_media_library_1=&#8221;17070&#8243; background_image_media_library_mobile_1=&#8221;17071&#8243; background_image_media_library_4=&#8221;19767&#8243; link_4=&#8221;url:https%3A%2F%2Fwww.electroluxprofessional.com%2Fde-ch%2Fkueche%2Fe-xp-700-900%2F|title:MEHR%20ERFAHREN|target:_blank&#8221; background_image_media_library_mobile_4=&#8221;19768&#8243; link_3=&#8221;url:https%3A%2F%2Fwww.electroluxprofessional.com%2Fde-ch%2Fkueche%2Fthermaline-80-85-90%2F|title:MEHR%20ERFAHREN|target:_blank&#8221; background_image_media_library_3=&#8221;19704&#8243; background_image_media_library_mobile_3=&#8221;19705&#8243; link_2=&#8221;url:https%3A%2F%2Fwww.electroluxprofessional.com%2Fde-ch%2Floesungen-fuer-ferienwohnungen%2F|target:_blank&#8221; background_image_media_library_2=&#8221;19797&#8243; background_image_media_library_mobile_2=&#8221;19798&#8243;][\/vc_column][\/vc_row][vc_row full_width=&#8221;electroluxpro-full-width-no-padding&#8221; disable_element=&#8221;yes&#8221; css=&#8221;.vc_custom_1622189004828{margin-bottom: 0px [&hellip;]<\/p>\n","protected":false},"author":1,"featured_media":0,"parent":0,"menu_order":0,"comment_status":"closed","ping_status":"closed","template":"","meta":{"footnotes":""},"class_list":["post-8302","page","type-page","status-publish","hentry"],"acf":[],"yoast_head":"<!-- This site is optimized with the Yoast SEO plugin v23.3 - https:\/\/yoast.com\/wordpress\/plugins\/seo\/ -->\n<title>Homepage | Electrolux Professional<\/title>\n<meta name=\"description\" content=\"Electrolux Professional ist ein verl\u00e4sslicher Partner, der die Arbeit seiner Kunden einfacher, profitabler und nachhaltig macht.\" \/>\n<meta name=\"robots\" content=\"index, follow, max-snippet:-1, max-image-preview:large, max-video-preview:-1\" \/>\n<link rel=\"canonical\" href=\"https:\/\/www.electroluxprofessional.com\/de-ch\/\" \/>\n<meta property=\"og:locale\" content=\"de_DE\" \/>\n<meta property=\"og:type\" content=\"article\" \/>\n<meta property=\"og:title\" content=\"Homepage | Electrolux Professional\" \/>\n<meta property=\"og:description\" content=\"Electrolux Professional ist ein verl\u00e4sslicher Partner, der die Arbeit seiner Kunden einfacher, profitabler und nachhaltig macht.\" \/>\n<meta property=\"og:url\" content=\"https:\/\/www.electroluxprofessional.com\/de-ch\/\" \/>\n<meta property=\"og:site_name\" content=\"Electrolux Professional Schweiz\" \/>\n<meta property=\"article:modified_time\" content=\"2026-02-27T09:56:26+00:00\" \/>\n<meta name=\"twitter:card\" content=\"summary_large_image\" \/>\n<meta name=\"twitter:label1\" content=\"Gesch\u00e4tzte Lesezeit\" \/>\n\t<meta name=\"twitter:data1\" content=\"3 Minuten\" \/>\n<script type=\"application\/ld+json\" class=\"yoast-schema-graph\">{\"@context\":\"https:\/\/schema.org\",\"@graph\":[{\"@type\":\"WebPage\",\"@id\":\"https:\/\/www.electroluxprofessional.com\/de-ch\/\",\"url\":\"https:\/\/www.electroluxprofessional.com\/de-ch\/\",\"name\":\"Homepage | Electrolux Professional\",\"isPartOf\":{\"@id\":\"https:\/\/www.electroluxprofessional.com\/de-ch\/#website\"},\"datePublished\":\"2020-02-28T17:34:50+00:00\",\"dateModified\":\"2026-02-27T09:56:26+00:00\",\"description\":\"Electrolux Professional ist ein verl\u00e4sslicher Partner, der die Arbeit seiner Kunden einfacher, profitabler und nachhaltig macht.\",\"breadcrumb\":{\"@id\":\"https:\/\/www.electroluxprofessional.com\/de-ch\/#breadcrumb\"},\"inLanguage\":\"de-CH\",\"potentialAction\":[{\"@type\":\"ReadAction\",\"target\":[\"https:\/\/www.electroluxprofessional.com\/de-ch\/\"]}]},{\"@type\":\"BreadcrumbList\",\"@id\":\"https:\/\/www.electroluxprofessional.com\/de-ch\/#breadcrumb\",\"itemListElement\":[{\"@type\":\"ListItem\",\"position\":1,\"name\":\"Home\",\"item\":\"https:\/\/www.electroluxprofessional.com\/de-ch\/\"},{\"@type\":\"ListItem\",\"position\":2,\"name\":\"Homepage\"}]},{\"@type\":\"WebSite\",\"@id\":\"https:\/\/www.electroluxprofessional.com\/de-ch\/#website\",\"url\":\"https:\/\/www.electroluxprofessional.com\/de-ch\/\",\"name\":\"Electrolux Professional Schweiz\",\"description\":\"\",\"potentialAction\":[{\"@type\":\"SearchAction\",\"target\":{\"@type\":\"EntryPoint\",\"urlTemplate\":\"https:\/\/www.electroluxprofessional.com\/de-ch\/?src={search_term_string}\"},\"query-input\":\"required name=search_term_string\"}],\"inLanguage\":\"de-CH\"}]}<\/script>\n<!-- \/ Yoast SEO plugin. -->","yoast_head_json":{"title":"Homepage | Electrolux Professional","description":"Electrolux Professional ist ein verl\u00e4sslicher Partner, der die Arbeit seiner Kunden einfacher, profitabler und nachhaltig macht.","robots":{"index":"index","follow":"follow","max-snippet":"max-snippet:-1","max-image-preview":"max-image-preview:large","max-video-preview":"max-video-preview:-1"},"canonical":"https:\/\/www.electroluxprofessional.com\/de-ch\/","og_locale":"de_DE","og_type":"article","og_title":"Homepage | Electrolux Professional","og_description":"Electrolux Professional ist ein verl\u00e4sslicher Partner, der die Arbeit seiner Kunden einfacher, profitabler und nachhaltig macht.","og_url":"https:\/\/www.electroluxprofessional.com\/de-ch\/","og_site_name":"Electrolux Professional Schweiz","article_modified_time":"2026-02-27T09:56:26+00:00","twitter_card":"summary_large_image","twitter_misc":{"Gesch\u00e4tzte Lesezeit":"3 Minuten"},"schema":{"@context":"https:\/\/schema.org","@graph":[{"@type":"WebPage","@id":"https:\/\/www.electroluxprofessional.com\/de-ch\/","url":"https:\/\/www.electroluxprofessional.com\/de-ch\/","name":"Homepage | Electrolux Professional","isPartOf":{"@id":"https:\/\/www.electroluxprofessional.com\/de-ch\/#website"},"datePublished":"2020-02-28T17:34:50+00:00","dateModified":"2026-02-27T09:56:26+00:00","description":"Electrolux Professional ist ein verl\u00e4sslicher Partner, der die Arbeit seiner Kunden einfacher, profitabler und nachhaltig macht.","breadcrumb":{"@id":"https:\/\/www.electroluxprofessional.com\/de-ch\/#breadcrumb"},"inLanguage":"de-CH","potentialAction":[{"@type":"ReadAction","target":["https:\/\/www.electroluxprofessional.com\/de-ch\/"]}]},{"@type":"BreadcrumbList","@id":"https:\/\/www.electroluxprofessional.com\/de-ch\/#breadcrumb","itemListElement":[{"@type":"ListItem","position":1,"name":"Home","item":"https:\/\/www.electroluxprofessional.com\/de-ch\/"},{"@type":"ListItem","position":2,"name":"Homepage"}]},{"@type":"WebSite","@id":"https:\/\/www.electroluxprofessional.com\/de-ch\/#website","url":"https:\/\/www.electroluxprofessional.com\/de-ch\/","name":"Electrolux Professional Schweiz","description":"","potentialAction":[{"@type":"SearchAction","target":{"@type":"EntryPoint","urlTemplate":"https:\/\/www.electroluxprofessional.com\/de-ch\/?src={search_term_string}"},"query-input":"required name=search_term_string"}],"inLanguage":"de-CH"}]}},"_links":{"self":[{"href":"https:\/\/www.electroluxprofessional.com\/de-ch\/wp-json\/wp\/v2\/pages\/8302"}],"collection":[{"href":"https:\/\/www.electroluxprofessional.com\/de-ch\/wp-json\/wp\/v2\/pages"}],"about":[{"href":"https:\/\/www.electroluxprofessional.com\/de-ch\/wp-json\/wp\/v2\/types\/page"}],"author":[{"embeddable":true,"href":"https:\/\/www.electroluxprofessional.com\/de-ch\/wp-json\/wp\/v2\/users\/1"}],"replies":[{"embeddable":true,"href":"https:\/\/www.electroluxprofessional.com\/de-ch\/wp-json\/wp\/v2\/comments?post=8302"}],"version-history":[{"count":106,"href":"https:\/\/www.electroluxprofessional.com\/de-ch\/wp-json\/wp\/v2\/pages\/8302\/revisions"}],"predecessor-version":[{"id":20070,"href":"https:\/\/www.electroluxprofessional.com\/de-ch\/wp-json\/wp\/v2\/pages\/8302\/revisions\/20070"}],"wp:attachment":[{"href":"https:\/\/www.electroluxprofessional.com\/de-ch\/wp-json\/wp\/v2\/media?parent=8302"}],"curies":[{"name":"wp","href":"https:\/\/api.w.org\/{rel}","templated":true}]}}