{"id":8285,"date":"2020-02-17T11:08:54","date_gmt":"2020-02-17T11:08:54","guid":{"rendered":"https:\/\/www.electroluxprofessional.com\/de-ch\/?page_id=8285"},"modified":"2026-03-05T09:07:47","modified_gmt":"2026-03-05T09:07:47","slug":"uebersicht-vertriebsteam-schweiz","status":"publish","type":"page","link":"https:\/\/www.electroluxprofessional.com\/de-ch\/ueber-uns\/uebersicht-vertriebsteam-schweiz\/","title":{"rendered":"\u00dcbersicht Vertriebsteam Schweiz"},"content":{"rendered":"<p>[vc_row full_width=&#8221;electroluxpro-full-width&#8221; gap=&#8221;30&#8243;][vc_column width=&#8221;1\/3&#8243;][vc_empty_space][vc_empty_space][elx_image align=&#8221;text-right&#8221; image_media_library=&#8221;17045&#8243; image_media_library_mobile=&#8221;17047&#8243;][vc_empty_space][\/vc_column][vc_column width=&#8221;2\/3&#8243;][vc_empty_space][vc_column_text]<\/p>\n<h1><strong>Verkaufsgebiete und Ansprechpartner<\/strong><\/h1>\n<h3><strong>Electrolux Professional Schweiz<\/strong><\/h3>\n<p>[\/vc_column_text][vc_empty_space][vc_row_inner full_width=&#8221;electroluxpro-container-no-padding&#8221;][vc_column_inner width=&#8221;1\/2&#8243;][elx_download_block text=&#8221;Die \u00dcbersicht als PDF<br \/>\nherunterladen&#8221; background_color=&#8221;electrolux-blue&#8221;][\/vc_column_inner][vc_column_inner width=&#8221;1\/2&#8243;][vc_empty_space][\/vc_column_inner][\/vc_row_inner][vc_empty_space][vc_empty_space][\/vc_column][\/vc_row][vc_row][vc_column width=&#8221;1\/2&#8243;][vc_row_inner disable_element=&#8221;yes&#8221;][vc_column_inner width=&#8221;1\/3&#8243;][vc_single_image image=&#8221;15387&#8243;][\/vc_column_inner][vc_column_inner width=&#8221;2\/3&#8243;][vc_column_text]<strong>Roland Astner<\/strong><br \/>\n<strong>Vertriebsleiter Grossk\u00fcchentechnik Schweiz<\/strong><br \/>\nMobil: +41 79 750 26 49[\/vc_column_text][elx_button button_text=&#8221;E-Mail schreiben&#8221; button_style=&#8221;icon-blue&#8221; button_link=&#8221;url:mailto%3Aroland.astner%40electroluxprofessional.com&#8221;][\/vc_column_inner][\/vc_row_inner][vc_empty_space][vc_row_inner][vc_column_inner width=&#8221;1\/3&#8243;][vc_single_image image=&#8221;15394&#8243;][\/vc_column_inner][vc_column_inner width=&#8221;2\/3&#8243;][vc_column_text]<strong>Helene Kunz<\/strong><br \/>\n<strong>Chefk\u00f6chin\/Fachberaterin<\/strong><br \/>\nMobil: +41 79 770 46 42[\/vc_column_text][elx_button button_text=&#8221;E-Mail schreiben&#8221; button_style=&#8221;icon-blue&#8221; button_link=&#8221;url:mailto%3Ahelene.kunz%40electroluxprofessional.com&#8221;][\/vc_column_inner][\/vc_row_inner][vc_empty_space][vc_row_inner][vc_column_inner width=&#8221;1\/3&#8243;][vc_single_image image=&#8221;17058&#8243;][\/vc_column_inner][vc_column_inner width=&#8221;2\/3&#8243;][vc_column_text]<strong>Elias Anania<\/strong><br \/>\n<strong>Gebietsverkaufsleiter Grossk\u00fcchentechnik <\/strong><br \/>\nMobil: +41 79 641 58 62[\/vc_column_text][elx_button button_text=&#8221;E-Mail schreiben&#8221; button_style=&#8221;icon-blue&#8221; button_link=&#8221;url:mailto%3Aelias.anania%40electroluxprofessional.com&#8221;][\/vc_column_inner][vc_column_inner][vc_empty_space][\/vc_column_inner][\/vc_row_inner][vc_row_inner][vc_column_inner width=&#8221;1\/3&#8243;][vc_single_image image=&#8221;15386&#8243;][\/vc_column_inner][vc_column_inner width=&#8221;2\/3&#8243;][vc_column_text]<strong>Reto Kr\u00e4henb\u00fchl<\/strong><br \/>\n<strong>Gebietsverkaufsleiter Grossk\u00fcchentechnik <\/strong><br \/>\nMobil: +41 79 651 60 23[\/vc_column_text][elx_button button_text=&#8221;E-Mail schreiben&#8221; button_style=&#8221;icon-blue&#8221; button_link=&#8221;url:mailto%3Areto.krahenbuhl%40electroluxprofessional.com&#8221;][\/vc_column_inner][vc_column_inner][vc_empty_space][\/vc_column_inner][\/vc_row_inner][vc_row_inner][vc_column_inner width=&#8221;1\/3&#8243;][vc_single_image image=&#8221;15413&#8243;][\/vc_column_inner][vc_column_inner width=&#8221;2\/3&#8243;][vc_column_text]<strong>Jean-Pierre Schumacher<\/strong><br \/>\n<strong>Gebietsverkaufsleiter Grossk\u00fcchentechnik <\/strong><br \/>\nMobil: +41 79 227 22 06[\/vc_column_text][elx_button button_text=&#8221;E-Mail schreiben&#8221; button_style=&#8221;icon-blue&#8221; button_link=&#8221;url:mailto%3Ajean-pierre.schumacher%40electroluxprofessional.com&#8221;][\/vc_column_inner][vc_column_inner][vc_empty_space][\/vc_column_inner][\/vc_row_inner][vc_row_inner][vc_column_inner width=&#8221;1\/3&#8243;][vc_single_image image=&#8221;18914&#8243;][\/vc_column_inner][vc_column_inner width=&#8221;2\/3&#8243;][vc_column_text]<strong>Josip Pacak<\/strong><br \/>\n<strong>Gebietsverkaufsleiter Grossk\u00fcchentechnik <\/strong><br \/>\nMobil: +41 79 459 15 53[\/vc_column_text][elx_button button_text=&#8221;E-Mail schreiben&#8221; button_style=&#8221;icon-blue&#8221; button_link=&#8221;url:mailto%3AJosip.Pacak%40electroluxprofessional.com&#8221;][\/vc_column_inner][vc_column_inner][vc_empty_space][\/vc_column_inner][\/vc_row_inner][vc_row_inner][vc_column_inner width=&#8221;1\/3&#8243;][vc_single_image image=&#8221;20148&#8243;][\/vc_column_inner][vc_column_inner width=&#8221;2\/3&#8243;][vc_column_text]<strong>Miguel Pellicer<\/strong><br \/>\n<b>Sales Promoter Grossk\u00fcchentechnik<br \/>\n<\/b>Mobil: +4<span class=\"ui-provider ed brj bpg brk brl brm brn bro brp brq brr brs brt bru brv brw brx bry brz bsa bsb bsc bsd bse bsf bsg bsh bsi bsj bsk bsl bsm bsn bso bsp\" dir=\"ltr\">1 <span data-teams=\"true\">79 827 82 65<\/span><\/span>[\/vc_column_text][elx_button button_text=&#8221;E-Mail schreiben&#8221; button_style=&#8221;icon-blue&#8221; button_link=&#8221;url:mailto%3Amiguel.pellicer%40electroluxprofessional.com&#8221;][\/vc_column_inner][vc_column_inner][vc_empty_space][\/vc_column_inner][\/vc_row_inner][\/vc_column][vc_column width=&#8221;1\/2&#8243;][vc_row_inner][vc_column_inner width=&#8221;1\/3&#8243;][vc_single_image image=&#8221;15389&#8243;][\/vc_column_inner][vc_column_inner width=&#8221;2\/3&#8243;][vc_column_text]<strong>Vasko Ostojic<\/strong><br \/>\n<strong>Key Account Manager Grossk\u00fcchentechnik<\/strong><br \/>\nMobil: +41 79 422 82 90[\/vc_column_text][elx_button button_text=&#8221;E-Mail schreiben&#8221; button_style=&#8221;icon-blue&#8221; button_link=&#8221;url:mailto%3Avasko.ostojic%40electroluxprofessional.com&#8221;][\/vc_column_inner][\/vc_row_inner][vc_empty_space][vc_row_inner][vc_column_inner width=&#8221;1\/3&#8243;][vc_single_image image=&#8221;19828&#8243;][\/vc_column_inner][vc_column_inner width=&#8221;2\/3&#8243;][vc_column_text]<strong>Auke Faber<br \/>\n<span data-olk-copy-source=\"MessageBody\">Key Account Manager Dealer Schweiz &amp; Product Marketing<\/span><br \/>\n<\/strong>Mobil:\u00a0 <span data-olk-copy-source=\"MessageBody\">+41 79 209 18 70<\/span>[\/vc_column_text][elx_button button_text=&#8221;E-Mail schreiben&#8221; button_style=&#8221;icon-blue&#8221; button_link=&#8221;url:mailto%3Aauke.faber%40electroluxprofessional.com&#8221;][\/vc_column_inner][vc_column_inner][vc_empty_space][\/vc_column_inner][\/vc_row_inner][vc_row_inner][vc_column_inner width=&#8221;1\/3&#8243;][vc_single_image image=&#8221;15392&#8243;][\/vc_column_inner][vc_column_inner width=&#8221;2\/3&#8243;][vc_column_text]<strong>Beat Clement<\/strong><br \/>\n<strong>Gebietsverkaufsleiter Grossk\u00fcchentechnik <\/strong><br \/>\nMobil: +41 79 535 62 74[\/vc_column_text][elx_button button_text=&#8221;E-Mail schreiben&#8221; button_style=&#8221;icon-blue&#8221; button_link=&#8221;url:mailto%3Abeat.clement%40electroluxprofessional.com&#8221;][\/vc_column_inner][\/vc_row_inner][vc_empty_space][vc_row_inner][vc_column_inner width=&#8221;1\/3&#8243;][vc_single_image image=&#8221;15421&#8243;][\/vc_column_inner][vc_column_inner width=&#8221;2\/3&#8243;][vc_column_text]<strong>Daniel Schorpp<\/strong><br \/>\n<strong>Gebietsverkaufsleiter Grossk\u00fcchentechnik <\/strong><br \/>\nMobil: +41 79 478 02 00[\/vc_column_text][elx_button button_text=&#8221;E-Mail schreiben&#8221; button_style=&#8221;icon-blue&#8221; button_link=&#8221;url:mailto%3A%20daniel.schorpp%40electroluxprofessional.com&#8221;][\/vc_column_inner][vc_column_inner][vc_empty_space][\/vc_column_inner][\/vc_row_inner][vc_row_inner][vc_column_inner width=&#8221;1\/3&#8243;][vc_single_image image=&#8221;15390&#8243;][\/vc_column_inner][vc_column_inner width=&#8221;2\/3&#8243;][vc_column_text]<strong>Andreas Schmid<\/strong><br \/>\n<strong>Gebietsverkaufsleiter Grossk\u00fcchentechnik <\/strong><br \/>\nMobil: +41 79 889 71 50[\/vc_column_text][elx_button button_text=&#8221;E-Mail schreiben&#8221; button_style=&#8221;icon-blue&#8221; button_link=&#8221;url:mailto%3Aandreas.schmid%40electroluxprofessional.com&#8221;][\/vc_column_inner][vc_column_inner][vc_empty_space][\/vc_column_inner][\/vc_row_inner][vc_row_inner][vc_column_inner width=&#8221;1\/3&#8243;][vc_single_image image=&#8221;15433&#8243;][\/vc_column_inner][vc_column_inner width=&#8221;2\/3&#8243;][vc_column_text]<strong>Astrid Limacher<\/strong><br \/>\n<strong>Channel Manager myPRO W\u00e4schereil\u00f6sungen<\/strong><br \/>\nMobil: +41 79 617 97 42[\/vc_column_text][elx_button button_text=&#8221;E-Mail schreiben&#8221; button_style=&#8221;icon-blue&#8221; button_link=&#8221;url:mailto%3Aastrid.limacher%40electroluxprofessional.com&#8221;][\/vc_column_inner][vc_column_inner][vc_empty_space][\/vc_column_inner][\/vc_row_inner][vc_row_inner][vc_column_inner width=&#8221;1\/3&#8243;][vc_single_image image=&#8221;19221&#8243;][\/vc_column_inner][vc_column_inner width=&#8221;2\/3&#8243;][vc_column_text]<strong>Dusan Stanojevic<br \/>\nJunior Key-Account Manager \/ Laundry<br \/>\n<\/strong>Mobil:\u00a0\u00a0 +41 79 260 20 80[\/vc_column_text][elx_button button_text=&#8221;E-Mail schreiben&#8221; button_style=&#8221;icon-blue&#8221; button_link=&#8221;url:mailto%3Adusan.stanojevic%40electroluxprofessional.com&#8221;][\/vc_column_inner][vc_column_inner][vc_empty_space][\/vc_column_inner][\/vc_row_inner][vc_row_inner][vc_column_inner width=&#8221;1\/3&#8243;][vc_single_image image=&#8221;17056&#8243;][\/vc_column_inner][vc_column_inner width=&#8221;2\/3&#8243;][vc_column_text]<strong>Jonas M\u00fcller<\/strong><br \/>\n<b>Vertriebsleiter W\u00e4schereil\u00f6sungen<br \/>\n<\/b>Mobil: +4<span class=\"ui-provider ed brj bpg brk brl brm brn bro brp brq brr brs brt bru brv brw brx bry brz bsa bsb bsc bsd bse bsf bsg bsh bsi bsj bsk bsl bsm bsn bso bsp\" dir=\"ltr\">1 79 690 78 31<\/span>[\/vc_column_text][elx_button button_text=&#8221;E-Mail schreiben&#8221; button_style=&#8221;icon-blue&#8221; button_link=&#8221;url:mailto%3Ajonas.muller%40electroluxprofessional.com&#8221;][\/vc_column_inner][vc_column_inner][vc_empty_space][\/vc_column_inner][\/vc_row_inner][\/vc_column][\/vc_row][vc_row disable_element=&#8221;yes&#8221;][vc_column][vc_empty_space][\/vc_column][\/vc_row][vc_row disable_element=&#8221;yes&#8221;][vc_column][elx_download_block text=&#8221;Die \u00dcbersicht als PDF&#8221; file_picker=&#8221;20208&#8243; background_color=&#8221;electrolux-blue&#8221;][\/vc_column][\/vc_row][vc_row disable_element=&#8221;yes&#8221;][vc_column offset=&#8221;vc_hidden-sm vc_hidden-xs&#8221;][vc_single_image image=&#8221;20209&#8243; img_size=&#8221;full&#8221; alignment=&#8221;center&#8221;][\/vc_column][\/vc_row][vc_row][vc_column][vc_empty_space][\/vc_column][\/vc_row]<\/p>\n","protected":false},"excerpt":{"rendered":"<p>[vc_row full_width=&#8221;electroluxpro-full-width&#8221; gap=&#8221;30&#8243;][vc_column width=&#8221;1\/3&#8243;][vc_empty_space][vc_empty_space][elx_image align=&#8221;text-right&#8221; image_media_library=&#8221;17045&#8243; image_media_library_mobile=&#8221;17047&#8243;][vc_empty_space][\/vc_column][vc_column width=&#8221;2\/3&#8243;][vc_empty_space][vc_column_text] Verkaufsgebiete und Ansprechpartner Electrolux Professional Schweiz [\/vc_column_text][vc_empty_space][vc_row_inner full_width=&#8221;electroluxpro-container-no-padding&#8221;][vc_column_inner width=&#8221;1\/2&#8243;][elx_download_block text=&#8221;Die \u00dcbersicht als PDF herunterladen&#8221; background_color=&#8221;electrolux-blue&#8221;][\/vc_column_inner][vc_column_inner width=&#8221;1\/2&#8243;][vc_empty_space][\/vc_column_inner][\/vc_row_inner][vc_empty_space][vc_empty_space][\/vc_column][\/vc_row][vc_row][vc_column width=&#8221;1\/2&#8243;][vc_row_inner disable_element=&#8221;yes&#8221;][vc_column_inner width=&#8221;1\/3&#8243;][vc_single_image image=&#8221;15387&#8243;][\/vc_column_inner][vc_column_inner width=&#8221;2\/3&#8243;][vc_column_text]Roland Astner Vertriebsleiter Grossk\u00fcchentechnik Schweiz Mobil: +41 79 750 26 49[\/vc_column_text][elx_button button_text=&#8221;E-Mail schreiben&#8221; button_style=&#8221;icon-blue&#8221; button_link=&#8221;url:mailto%3Aroland.astner%40electroluxprofessional.com&#8221;][\/vc_column_inner][\/vc_row_inner][vc_empty_space][vc_row_inner][vc_column_inner width=&#8221;1\/3&#8243;][vc_single_image image=&#8221;15394&#8243;][\/vc_column_inner][vc_column_inner width=&#8221;2\/3&#8243;][vc_column_text]Helene Kunz Chefk\u00f6chin\/Fachberaterin Mobil: +41 79 770 46 42[\/vc_column_text][elx_button button_text=&#8221;E-Mail [&hellip;]<\/p>\n","protected":false},"author":62,"featured_media":0,"parent":8184,"menu_order":0,"comment_status":"closed","ping_status":"closed","template":"","meta":{"footnotes":""},"class_list":["post-8285","page","type-page","status-publish","hentry"],"acf":[],"yoast_head":"<!-- This site is optimized with the Yoast SEO plugin v23.3 - https:\/\/yoast.com\/wordpress\/plugins\/seo\/ -->\n<title>Vertriebsteam Schweiz | Electrolux Professional<\/title>\n<meta name=\"description\" content=\"Verkaufsgebiete und Ansprechpartner f\u00fcr Grossk\u00fcchentechnik und W\u00e4schereil\u00f6sungen bei Electrolux Professional in der Schweiz.\" \/>\n<meta name=\"robots\" content=\"index, follow, max-snippet:-1, max-image-preview:large, max-video-preview:-1\" \/>\n<link rel=\"canonical\" href=\"https:\/\/www.electroluxprofessional.com\/de-ch\/ueber-uns\/uebersicht-vertriebsteam-schweiz\/\" \/>\n<meta property=\"og:locale\" content=\"de_DE\" \/>\n<meta property=\"og:type\" content=\"article\" \/>\n<meta property=\"og:title\" content=\"Vertriebsteam Schweiz | Electrolux Professional\" \/>\n<meta property=\"og:description\" content=\"Verkaufsgebiete und Ansprechpartner f\u00fcr Grossk\u00fcchentechnik und W\u00e4schereil\u00f6sungen bei Electrolux Professional in der Schweiz.\" \/>\n<meta property=\"og:url\" content=\"https:\/\/www.electroluxprofessional.com\/de-ch\/ueber-uns\/uebersicht-vertriebsteam-schweiz\/\" \/>\n<meta property=\"og:site_name\" content=\"Electrolux Professional Schweiz\" \/>\n<meta property=\"article:modified_time\" content=\"2026-03-05T09:07:47+00:00\" \/>\n<meta name=\"twitter:card\" content=\"summary_large_image\" \/>\n<meta name=\"twitter:label1\" content=\"Gesch\u00e4tzte Lesezeit\" \/>\n\t<meta name=\"twitter:data1\" content=\"2 Minuten\" \/>\n<script type=\"application\/ld+json\" class=\"yoast-schema-graph\">{\"@context\":\"https:\/\/schema.org\",\"@graph\":[{\"@type\":\"WebPage\",\"@id\":\"https:\/\/www.electroluxprofessional.com\/de-ch\/ueber-uns\/uebersicht-vertriebsteam-schweiz\/\",\"url\":\"https:\/\/www.electroluxprofessional.com\/de-ch\/ueber-uns\/uebersicht-vertriebsteam-schweiz\/\",\"name\":\"Vertriebsteam Schweiz | Electrolux Professional\",\"isPartOf\":{\"@id\":\"https:\/\/www.electroluxprofessional.com\/de-ch\/#website\"},\"datePublished\":\"2020-02-17T11:08:54+00:00\",\"dateModified\":\"2026-03-05T09:07:47+00:00\",\"description\":\"Verkaufsgebiete und Ansprechpartner f\u00fcr Grossk\u00fcchentechnik und W\u00e4schereil\u00f6sungen bei Electrolux Professional in der Schweiz.\",\"breadcrumb\":{\"@id\":\"https:\/\/www.electroluxprofessional.com\/de-ch\/ueber-uns\/uebersicht-vertriebsteam-schweiz\/#breadcrumb\"},\"inLanguage\":\"de-CH\",\"potentialAction\":[{\"@type\":\"ReadAction\",\"target\":[\"https:\/\/www.electroluxprofessional.com\/de-ch\/ueber-uns\/uebersicht-vertriebsteam-schweiz\/\"]}]},{\"@type\":\"BreadcrumbList\",\"@id\":\"https:\/\/www.electroluxprofessional.com\/de-ch\/ueber-uns\/uebersicht-vertriebsteam-schweiz\/#breadcrumb\",\"itemListElement\":[{\"@type\":\"ListItem\",\"position\":1,\"name\":\"Home\",\"item\":\"https:\/\/www.electroluxprofessional.com\/de-ch\/\"},{\"@type\":\"ListItem\",\"position\":2,\"name\":\"\u00dcber uns\",\"item\":\"https:\/\/www.electroluxprofessional.com\/de-ch\/ueber-uns\/\"},{\"@type\":\"ListItem\",\"position\":3,\"name\":\"\u00dcbersicht Vertriebsteam Schweiz\"}]},{\"@type\":\"WebSite\",\"@id\":\"https:\/\/www.electroluxprofessional.com\/de-ch\/#website\",\"url\":\"https:\/\/www.electroluxprofessional.com\/de-ch\/\",\"name\":\"Electrolux Professional Schweiz\",\"description\":\"\",\"potentialAction\":[{\"@type\":\"SearchAction\",\"target\":{\"@type\":\"EntryPoint\",\"urlTemplate\":\"https:\/\/www.electroluxprofessional.com\/de-ch\/?src={search_term_string}\"},\"query-input\":\"required name=search_term_string\"}],\"inLanguage\":\"de-CH\"}]}<\/script>\n<!-- \/ Yoast SEO plugin. -->","yoast_head_json":{"title":"Vertriebsteam Schweiz | Electrolux Professional","description":"Verkaufsgebiete und Ansprechpartner f\u00fcr Grossk\u00fcchentechnik und W\u00e4schereil\u00f6sungen bei Electrolux Professional in der Schweiz.","robots":{"index":"index","follow":"follow","max-snippet":"max-snippet:-1","max-image-preview":"max-image-preview:large","max-video-preview":"max-video-preview:-1"},"canonical":"https:\/\/www.electroluxprofessional.com\/de-ch\/ueber-uns\/uebersicht-vertriebsteam-schweiz\/","og_locale":"de_DE","og_type":"article","og_title":"Vertriebsteam Schweiz | Electrolux Professional","og_description":"Verkaufsgebiete und Ansprechpartner f\u00fcr Grossk\u00fcchentechnik und W\u00e4schereil\u00f6sungen bei Electrolux Professional in der Schweiz.","og_url":"https:\/\/www.electroluxprofessional.com\/de-ch\/ueber-uns\/uebersicht-vertriebsteam-schweiz\/","og_site_name":"Electrolux Professional Schweiz","article_modified_time":"2026-03-05T09:07:47+00:00","twitter_card":"summary_large_image","twitter_misc":{"Gesch\u00e4tzte Lesezeit":"2 Minuten"},"schema":{"@context":"https:\/\/schema.org","@graph":[{"@type":"WebPage","@id":"https:\/\/www.electroluxprofessional.com\/de-ch\/ueber-uns\/uebersicht-vertriebsteam-schweiz\/","url":"https:\/\/www.electroluxprofessional.com\/de-ch\/ueber-uns\/uebersicht-vertriebsteam-schweiz\/","name":"Vertriebsteam Schweiz | Electrolux Professional","isPartOf":{"@id":"https:\/\/www.electroluxprofessional.com\/de-ch\/#website"},"datePublished":"2020-02-17T11:08:54+00:00","dateModified":"2026-03-05T09:07:47+00:00","description":"Verkaufsgebiete und Ansprechpartner f\u00fcr Grossk\u00fcchentechnik und W\u00e4schereil\u00f6sungen bei Electrolux Professional in der Schweiz.","breadcrumb":{"@id":"https:\/\/www.electroluxprofessional.com\/de-ch\/ueber-uns\/uebersicht-vertriebsteam-schweiz\/#breadcrumb"},"inLanguage":"de-CH","potentialAction":[{"@type":"ReadAction","target":["https:\/\/www.electroluxprofessional.com\/de-ch\/ueber-uns\/uebersicht-vertriebsteam-schweiz\/"]}]},{"@type":"BreadcrumbList","@id":"https:\/\/www.electroluxprofessional.com\/de-ch\/ueber-uns\/uebersicht-vertriebsteam-schweiz\/#breadcrumb","itemListElement":[{"@type":"ListItem","position":1,"name":"Home","item":"https:\/\/www.electroluxprofessional.com\/de-ch\/"},{"@type":"ListItem","position":2,"name":"\u00dcber uns","item":"https:\/\/www.electroluxprofessional.com\/de-ch\/ueber-uns\/"},{"@type":"ListItem","position":3,"name":"\u00dcbersicht Vertriebsteam Schweiz"}]},{"@type":"WebSite","@id":"https:\/\/www.electroluxprofessional.com\/de-ch\/#website","url":"https:\/\/www.electroluxprofessional.com\/de-ch\/","name":"Electrolux Professional Schweiz","description":"","potentialAction":[{"@type":"SearchAction","target":{"@type":"EntryPoint","urlTemplate":"https:\/\/www.electroluxprofessional.com\/de-ch\/?src={search_term_string}"},"query-input":"required name=search_term_string"}],"inLanguage":"de-CH"}]}},"_links":{"self":[{"href":"https:\/\/www.electroluxprofessional.com\/de-ch\/wp-json\/wp\/v2\/pages\/8285"}],"collection":[{"href":"https:\/\/www.electroluxprofessional.com\/de-ch\/wp-json\/wp\/v2\/pages"}],"about":[{"href":"https:\/\/www.electroluxprofessional.com\/de-ch\/wp-json\/wp\/v2\/types\/page"}],"author":[{"embeddable":true,"href":"https:\/\/www.electroluxprofessional.com\/de-ch\/wp-json\/wp\/v2\/users\/62"}],"replies":[{"embeddable":true,"href":"https:\/\/www.electroluxprofessional.com\/de-ch\/wp-json\/wp\/v2\/comments?post=8285"}],"version-history":[{"count":116,"href":"https:\/\/www.electroluxprofessional.com\/de-ch\/wp-json\/wp\/v2\/pages\/8285\/revisions"}],"predecessor-version":[{"id":20149,"href":"https:\/\/www.electroluxprofessional.com\/de-ch\/wp-json\/wp\/v2\/pages\/8285\/revisions\/20149"}],"up":[{"embeddable":true,"href":"https:\/\/www.electroluxprofessional.com\/de-ch\/wp-json\/wp\/v2\/pages\/8184"}],"wp:attachment":[{"href":"https:\/\/www.electroluxprofessional.com\/de-ch\/wp-json\/wp\/v2\/media?parent=8285"}],"curies":[{"name":"wp","href":"https:\/\/api.w.org\/{rel}","templated":true}]}}