{"id":816,"date":"2016-09-06T12:05:04","date_gmt":"2016-09-06T12:05:04","guid":{"rendered":"http:\/\/testepr.jobinformatica.it\/?page_id=3055"},"modified":"2026-03-25T07:00:08","modified_gmt":"2026-03-25T07:00:08","slug":"efficient-dosing-system","status":"publish","type":"page","link":"https:\/\/www.electroluxprofessional.com\/de-ch\/waeschereitechnik\/efficient-dosing-system\/","title":{"rendered":"Efficient Dosing System"},"content":{"rendered":"<p>[vc_row full_width=&#8221;electroluxpro-full-width-no-padding&#8221;][vc_column][elx_hero_slider label_text_color=&#8221;inherit&#8221; images=&#8221;16174&#8243;][elx_heading font_container=&#8221;h1&#8243; font_size=&#8221;h3&#8243; text_color=&#8221;inherit&#8221; css=&#8221;.vc_custom_1719843010618{margin-bottom: 0px !important;border-bottom-width: 0px !important;padding-bottom: 0px !important;}&#8221;]\u00d6kologisch, effizient und RKI-konform*[\/elx_heading][vc_column_text]<em>*Voraussetzung RKI-konforme Programme<\/em>[\/vc_column_text][\/elx_hero_slider][\/vc_column][\/vc_row][vc_row][vc_column][vc_empty_space height=&#8221;50px&#8221;][\/vc_column][\/vc_row][vc_row][vc_column width=&#8221;1\/3&#8243;][vc_single_image image=&#8221;16175&#8243; img_size=&#8221;full&#8221;][\/vc_column][vc_column width=&#8221;2\/3&#8243;][vc_empty_space][vc_empty_space][vc_column_text]Die Waschmaschinen der Line 6000 sind f\u00fcr minimalen Wasser-, Energie- und Waschmittelverbrauch ausgelegt. Mit durchdachten Funktionen wie Automatic oder Integrated Savings, Intelligent oder Efficient Dosing sowie Power Balance minimieren wir Ihre Kosten pro Waschzyklus und unterst\u00fctzen Sie gleichzeitig dabei, eine \u00f6kologisch nachhaltige W\u00e4scherei zu betreiben.[\/vc_column_text][\/vc_column][\/vc_row][vc_row][vc_column][vc_empty_space height=&#8221;16px&#8221;][vc_empty_space height=&#8221;16px&#8221;][vc_row_inner][vc_column_inner width=&#8221;4\/6&#8243;][vc_column_text]<\/p>\n<h2 style=\"text-align: left;\"><strong>Kein Tropfen Wasser wird verschwendet<\/strong><\/h2>\n<p style=\"text-align: left;\">Die Funktionen <strong>Automatic Savings<\/strong> und <strong>Integrated Savings<\/strong> wiegen die W\u00e4sche und passen die Wasserzufuhr der tats\u00e4chlichen W\u00e4schemenge an. Das spart Wasser, Energie und Geld.<\/p>\n<p style=\"text-align: left;\"><img loading=\"lazy\" decoding=\"async\" class=\"size-full wp-image-16198 alignleft\" src=\"https:\/\/www.electroluxprofessional.com\/de-ch\/wp-content\/uploads\/2024\/02\/0S0809_ClarusVibe_ressoucenschonend_und_effizient_waschen-150x150-1.webp\" alt=\"Dosiersysteme f\u00fcr W\u00e4schereil\u00f6sungen von Electrolux Professional\" width=\"150\" height=\"150\" \/>Zus\u00e4tzlich wird Ihre Beladung mit <strong>Integrated Savings<\/strong> in Echtzeit gemessen. Somit vermeiden Sie ein \u00dcberf\u00fcllen der Trommel sowie eine zu geringe F\u00fcllmenge und optimieren damit die Produktivit\u00e4t. Dies f\u00fchrt zu bis zu 30 % zus\u00e4tzlichen Einsparungen.<\/p>\n<p>[\/vc_column_text][\/vc_column_inner][vc_column_inner width=&#8221;1\/6&#8243;][vc_empty_space height=&#8221;16px&#8221;][vc_single_image image=&#8221;16176&#8243; alignment=&#8221;center&#8221;][\/vc_column_inner][vc_column_inner width=&#8221;1\/6&#8243;][vc_empty_space height=&#8221;16px&#8221;][vc_single_image image=&#8221;16177&#8243; alignment=&#8221;center&#8221;][\/vc_column_inner][\/vc_row_inner][vc_empty_space height=&#8221;16px&#8221;][vc_empty_space height=&#8221;16px&#8221;][vc_empty_space height=&#8221;16px&#8221;][vc_row_inner][vc_column_inner width=&#8221;1\/6&#8243;][vc_empty_space height=&#8221;16px&#8221;][vc_single_image image=&#8221;16178&#8243; alignment=&#8221;center&#8221;][\/vc_column_inner][vc_column_inner width=&#8221;1\/6&#8243;][vc_empty_space height=&#8221;16px&#8221;][vc_single_image image=&#8221;16179&#8243; alignment=&#8221;center&#8221;][\/vc_column_inner][vc_column_inner width=&#8221;4\/6&#8243;][vc_column_text]<\/p>\n<h2 style=\"text-align: left;\"><strong>Signifikante Einsparungen durch pr\u00e4zise Waschmitteldosierung<\/strong><\/h2>\n<p style=\"text-align: left;\">Es erfolgt eine automatische Dosierung der richtigen Waschmittelmenge, je nach errechnetem Gewicht der Waschladung dank<strong> Intelligent Dosing*<\/strong> oder <strong>Efficient Dosing*<\/strong>. So wird Ihre W\u00e4scherei kosteneffizienter denn je.<\/p>\n<p><em>*Je nach Ausf\u00fchrung Ihrer Maschine (ClarusVibe oder CompassPro\u00ae)<\/em>[\/vc_column_text][\/vc_column_inner][\/vc_row_inner][vc_empty_space height=&#8221;16px&#8221;][vc_empty_space height=&#8221;16px&#8221;][vc_empty_space height=&#8221;16px&#8221;][vc_row_inner][vc_column_inner width=&#8221;2\/3&#8243;][vc_column_text]<\/p>\n<h2 style=\"text-align: left;\"><strong>Unwuchtkontrolle in Echtzeit<\/strong><\/h2>\n<p style=\"text-align: left;\"><strong>Power Balance<\/strong> dient der Unwuchtkontrolle w\u00e4hrend des Schleudervorgangs. Somit werden eine maximale Entw\u00e4sserungseffizienz und minimale Restfeuchte sichergestellt.<\/p>\n<p>[\/vc_column_text][\/vc_column_inner][vc_column_inner width=&#8221;1\/3&#8243;][vc_empty_space height=&#8221;16px&#8221;][vc_single_image image=&#8221;16180&#8243; alignment=&#8221;center&#8221;][\/vc_column_inner][\/vc_row_inner][vc_empty_space height=&#8221;16px&#8221;][vc_empty_space height=&#8221;16px&#8221;][\/vc_column][\/vc_row][vc_row][vc_column][vc_empty_space height=&#8221;50px&#8221;][elx_heading font_size=&#8221;h3&#8243; text_color=&#8221;inherit&#8221;]Manuelles Dosieren* war noch nie so einfach![\/elx_heading][vc_column_text]<em>*Nur f\u00fcr ClarusVibe Modelle erh\u00e4ltlich<\/em>[\/vc_column_text][\/vc_column][\/vc_row][vc_row content_placement=&#8221;middle&#8221;][vc_column width=&#8221;1\/2&#8243; css=&#8221;.vc_custom_1473755632352{padding-top: 50px !important;}&#8221;][vc_row_inner][vc_column_inner width=&#8221;1\/3&#8243;][vc_empty_space height=&#8221;50px&#8221;][vc_single_image image=&#8221;16181&#8243; img_size=&#8221;100px&#8221; alignment=&#8221;right&#8221;][\/vc_column_inner][vc_column_inner width=&#8221;2\/3&#8243;][vc_empty_space height=&#8221;50px&#8221;][vc_column_text]<strong>Ideale H\u00f6he<\/strong><br \/>\nDie frontseitige Waschmittelschublade ist leicht zug\u00e4nglich. Beim \u00d6ffnen klappt sie nach unten, damit Sie jedes Fach gut einsehen k\u00f6nnen.[\/vc_column_text][vc_empty_space height=&#8221;24px&#8221;][\/vc_column_inner][\/vc_row_inner][vc_row_inner][vc_column_inner width=&#8221;1\/3&#8243;][vc_single_image image=&#8221;16182&#8243; img_size=&#8221;100px&#8221; alignment=&#8221;right&#8221;][\/vc_column_inner][vc_column_inner width=&#8221;2\/3&#8243;][vc_column_text]<strong>F\u00fcr jede Art von Waschmittel<\/strong><br \/>\nGeeignet sowohl f\u00fcr Waschpulver als auch f\u00fcr Fl\u00fcssigwaschmittel, separates Fach f\u00fcr Bleichmittel.[\/vc_column_text][\/vc_column_inner][\/vc_row_inner][\/vc_column][vc_column width=&#8221;1\/2&#8243; css=&#8221;.vc_custom_1697465335349{margin-top: 50px !important;padding-top: 50px !important;}&#8221;][vc_row_inner][vc_column_inner width=&#8221;1\/3&#8243;][vc_single_image image=&#8221;16183&#8243; img_size=&#8221;100px&#8221; alignment=&#8221;right&#8221;][\/vc_column_inner][vc_column_inner width=&#8221;2\/3&#8243;][vc_column_text]<strong>Hygienische Sicherheit durch einfache Reinigung<\/strong><br \/>\nDie gut einsehbare, entnehmbare Waschmittelschublade stellt eine einfache Reinigung sicher.[\/vc_column_text][vc_empty_space height=&#8221;24px&#8221;][\/vc_column_inner][\/vc_row_inner][vc_row_inner][vc_column_inner width=&#8221;1\/3&#8243;][vc_single_image image=&#8221;16184&#8243; img_size=&#8221;100px&#8221; alignment=&#8221;right&#8221;][\/vc_column_inner][vc_column_inner width=&#8221;2\/3&#8243;][vc_column_text]<strong>Unkomplizierte Dosierung<\/strong><br \/>\nFarblich gekennzeichnete F\u00e4cher erm\u00f6glichen eine einfache und zuverl\u00e4ssige Dosierung. Sie sind sich nicht sicher, welches Fach Sie womit bef\u00fcllen m\u00fcssen? Folgen Sie einfach den Anweisungen am Display.[\/vc_column_text][\/vc_column_inner][\/vc_row_inner][\/vc_column][\/vc_row][vc_row][vc_column][vc_empty_space height=&#8221;50px&#8221;][elx_video_block background_image=&#8221;16173&#8243; video_link=&#8221;https:\/\/www.youtube.com\/watch?v=4Wkfs_JW_0Y&#8221; minimum_height=&#8221;600px&#8221;][vc_empty_space height=&#8221;50px&#8221;][elx_heading font_size=&#8221;h3&#8243; text_color=&#8221;inherit&#8221;]Sparen Sie Zeit dank der automatischen Dosierung[\/elx_heading][vc_empty_space height=&#8221;16px&#8221;][vc_column_text]Schliessen Sie die Waschmaschine einfach mit einem einzigen Kabel an eine oder mehrere Pumpen (f\u00fcr bis zu 15 unterschiedliche Waschmittel) an. Waschmittel wird automatisch je nach gew\u00e4hltem Programm und Gewicht der Waschladung dosiert. Einfacher geht es f\u00fcr Sie nicht![\/vc_column_text][vc_empty_space height=&#8221;16px&#8221;][vc_column_text]<strong>Intelligent Dosing<\/strong> f\u00fcr automatische Dosierung der richtigen Waschmittelmenge arbeitet perfekt im Team mit unseren beiden Dosierpumpenl\u00f6sungen. <strong>JETSAVE<\/strong> und <strong>DOSAVE<\/strong> optimieren den Prozess. Sie verhindern so eine falsche Dosierung von Waschmittel und erm\u00f6glichen ein stets ausgezeichnetes Waschergebnis.<br \/>\nDas klingt aufwendig? \u00dcberhaupt nicht! Ihre Maschine ist bereits daf\u00fcr vorbereitet, und die Dosierpumpen k\u00f6nnen \u00fcber Stecker einfach verbunden werden.[\/vc_column_text][vc_empty_space][\/vc_column][\/vc_row][vc_row][vc_column width=&#8221;1\/2&#8243;][vc_single_image image=&#8221;16185&#8243; img_size=&#8221;medium&#8221;][vc_column_text]<span class=\"Y2IQFc\" lang=\"de\">Die JETSAVE-Option verwendet wasserbetriebene Venturi-Pumpen, die einen geringen Wartungsaufwand erfordern. Dank des eingebauten Sp\u00fclverteilers erfolgt die Dosierung zuverl\u00e4ssig und mit geringem Installationsaufwand.<\/span>[\/vc_column_text][vc_empty_space height=&#8221;16px&#8221;][vc_empty_space height=&#8221;16px&#8221;][vc_row_inner][vc_column_inner width=&#8221;1\/2&#8243;][elx_heading font_container=&#8221;h3&#8243; text_color=&#8221;inherit&#8221;]JETSAVE-Option[\/elx_heading][vc_single_image image=&#8221;16186&#8243; img_size=&#8221;medium&#8221;][\/vc_column_inner][vc_column_inner width=&#8221;1\/2&#8243;][elx_heading font_container=&#8221;h3&#8243; text_color=&#8221;inherit&#8221;]DOSAVE-Option[\/elx_heading][vc_single_image image=&#8221;16187&#8243; img_size=&#8221;medium&#8221;][\/vc_column_inner][\/vc_row_inner][\/vc_column][vc_column width=&#8221;1\/2&#8243;][vc_single_image image=&#8221;16188&#8243; img_size=&#8221;medium&#8221;][vc_column_text]<span class=\"Y2IQFc\" lang=\"de\">Bei allen CompassPro\u00ae-Modellen ist die effiziente Dosierung Ihr verantwortlicher Partner, der sicherstellt, dass bei jedem Zyklus nur die notwendige Menge an Reinigungsmitteln verwendet wird, wodurch Ressourcen und Geld eingespart werden.<\/span>[\/vc_column_text][vc_empty_space height=&#8221;16px&#8221;][vc_row_inner][vc_column_inner width=&#8221;1\/2&#8243;][vc_empty_space height=&#8221;60px&#8221;][vc_single_image image=&#8221;16189&#8243; img_size=&#8221;medium&#8221;][\/vc_column_inner][vc_column_inner width=&#8221;1\/2&#8243;][vc_empty_space height=&#8221;60px&#8221;][vc_single_image image=&#8221;16190&#8243; img_size=&#8221;medium&#8221;][\/vc_column_inner][\/vc_row_inner][\/vc_column][\/vc_row][vc_row][vc_column][vc_empty_space height=&#8221;50px&#8221;][vc_empty_space height=&#8221;50px&#8221;][vc_empty_space height=&#8221;50px&#8221;][\/vc_column][\/vc_row][vc_row][vc_column][elx_heading text_color=&#8221;inherit&#8221; text_align=&#8221;text-center&#8221;]Finden Sie heraus, wie wir Sie unterst\u00fctzen k\u00f6nnen.[\/elx_heading][vc_empty_space height=&#8221;50px&#8221;][elx_o2000_contact_us s=&#8221;Anfrage: Efficient Dosing System&#8221; request_type=&#8221;Other&#8221; country=&#8221;Switzerland&#8221; b=&#8221;laundry&#8221; container=&#8221;elxcontactus1473756279&#8243; r=&#8221;Ich w\u00fcrde gerne mehr \u00fcber das Efficient Dosing System erfahren. Bitte kontaktieren Sie mich.&#8221; l=&#8221;de&#8221;][vc_empty_space height=&#8221;50px&#8221;][\/vc_column][\/vc_row][vc_row][vc_column][\/vc_column][\/vc_row][vc_row][vc_column width=&#8221;1\/3&#8243;][elx_maylike_box id_box=&#8221;16192&#8243;][\/vc_column][vc_column width=&#8221;1\/3&#8243;][elx_maylike_box id_box=&#8221;16194&#8243;][\/vc_column][\/vc_row][vc_row][vc_column][vc_empty_space height=&#8221;50px&#8221;][\/vc_column][\/vc_row]<\/p>\n","protected":false},"excerpt":{"rendered":"<p>[vc_row full_width=&#8221;electroluxpro-full-width-no-padding&#8221;][vc_column][elx_hero_slider label_text_color=&#8221;inherit&#8221; images=&#8221;16174&#8243;][elx_heading font_container=&#8221;h1&#8243; font_size=&#8221;h3&#8243; text_color=&#8221;inherit&#8221; css=&#8221;.vc_custom_1719843010618{margin-bottom: 0px !important;border-bottom-width: 0px !important;padding-bottom: 0px !important;}&#8221;]\u00d6kologisch, effizient und RKI-konform*[\/elx_heading][vc_column_text]*Voraussetzung RKI-konforme Programme[\/vc_column_text][\/elx_hero_slider][\/vc_column][\/vc_row][vc_row][vc_column][vc_empty_space height=&#8221;50px&#8221;][\/vc_column][\/vc_row][vc_row][vc_column width=&#8221;1\/3&#8243;][vc_single_image image=&#8221;16175&#8243; img_size=&#8221;full&#8221;][\/vc_column][vc_column width=&#8221;2\/3&#8243;][vc_empty_space][vc_empty_space][vc_column_text]Die Waschmaschinen der Line 6000 sind f\u00fcr minimalen Wasser-, Energie- und Waschmittelverbrauch ausgelegt. Mit durchdachten Funktionen wie Automatic oder Integrated Savings, Intelligent oder Efficient Dosing sowie Power Balance minimieren wir Ihre Kosten [&hellip;]<\/p>\n","protected":false},"author":5,"featured_media":0,"parent":745,"menu_order":0,"comment_status":"closed","ping_status":"closed","template":"","meta":{"footnotes":""},"class_list":["post-816","page","type-page","status-publish","hentry"],"acf":[],"yoast_head":"<!-- This site is optimized with the Yoast SEO plugin v23.3 - https:\/\/yoast.com\/wordpress\/plugins\/seo\/ -->\n<title>Efficient Dosing | Electrolux Professional<\/title>\n<meta name=\"description\" content=\"Mit Funktionen wie Intelligent oder Efficient Dosing sowie Power Balance minimieren wir Ihre Kosten pro Waschzyklus.\" \/>\n<meta name=\"robots\" content=\"index, follow, max-snippet:-1, max-image-preview:large, max-video-preview:-1\" \/>\n<link rel=\"canonical\" href=\"https:\/\/www.electroluxprofessional.com\/de-ch\/waeschereitechnik\/efficient-dosing-system\/\" \/>\n<meta property=\"og:locale\" content=\"de_DE\" \/>\n<meta property=\"og:type\" content=\"article\" \/>\n<meta property=\"og:title\" content=\"Efficient Dosing | Electrolux Professional\" \/>\n<meta property=\"og:description\" content=\"Mit Funktionen wie Intelligent oder Efficient Dosing sowie Power Balance minimieren wir Ihre Kosten pro Waschzyklus.\" \/>\n<meta property=\"og:url\" content=\"https:\/\/www.electroluxprofessional.com\/de-ch\/waeschereitechnik\/efficient-dosing-system\/\" \/>\n<meta property=\"og:site_name\" content=\"Electrolux Professional Schweiz\" \/>\n<meta property=\"article:modified_time\" content=\"2026-03-25T07:00:08+00:00\" \/>\n<meta property=\"og:image\" content=\"https:\/\/www.electroluxprofessional.com\/de-ch\/wp-content\/uploads\/2024\/02\/0S0809_ClarusVibe_ressoucenschonend_und_effizient_waschen-150x150-1.webp\" \/>\n<meta name=\"twitter:card\" content=\"summary_large_image\" \/>\n<meta name=\"twitter:label1\" content=\"Gesch\u00e4tzte Lesezeit\" \/>\n\t<meta name=\"twitter:data1\" content=\"5 Minuten\" \/>\n<script type=\"application\/ld+json\" class=\"yoast-schema-graph\">{\"@context\":\"https:\/\/schema.org\",\"@graph\":[{\"@type\":\"WebPage\",\"@id\":\"https:\/\/www.electroluxprofessional.com\/de-ch\/waeschereitechnik\/efficient-dosing-system\/\",\"url\":\"https:\/\/www.electroluxprofessional.com\/de-ch\/waeschereitechnik\/efficient-dosing-system\/\",\"name\":\"Efficient Dosing | Electrolux Professional\",\"isPartOf\":{\"@id\":\"https:\/\/www.electroluxprofessional.com\/de-ch\/#website\"},\"primaryImageOfPage\":{\"@id\":\"https:\/\/www.electroluxprofessional.com\/de-ch\/waeschereitechnik\/efficient-dosing-system\/#primaryimage\"},\"image\":{\"@id\":\"https:\/\/www.electroluxprofessional.com\/de-ch\/waeschereitechnik\/efficient-dosing-system\/#primaryimage\"},\"thumbnailUrl\":\"https:\/\/www.electroluxprofessional.com\/de-ch\/wp-content\/uploads\/2024\/02\/0S0809_ClarusVibe_ressoucenschonend_und_effizient_waschen-150x150-1.webp\",\"datePublished\":\"2016-09-06T12:05:04+00:00\",\"dateModified\":\"2026-03-25T07:00:08+00:00\",\"description\":\"Mit Funktionen wie Intelligent oder Efficient Dosing sowie Power Balance minimieren wir Ihre Kosten pro Waschzyklus.\",\"breadcrumb\":{\"@id\":\"https:\/\/www.electroluxprofessional.com\/de-ch\/waeschereitechnik\/efficient-dosing-system\/#breadcrumb\"},\"inLanguage\":\"de-CH\",\"potentialAction\":[{\"@type\":\"ReadAction\",\"target\":[\"https:\/\/www.electroluxprofessional.com\/de-ch\/waeschereitechnik\/efficient-dosing-system\/\"]}]},{\"@type\":\"ImageObject\",\"inLanguage\":\"de-CH\",\"@id\":\"https:\/\/www.electroluxprofessional.com\/de-ch\/waeschereitechnik\/efficient-dosing-system\/#primaryimage\",\"url\":\"https:\/\/www.electroluxprofessional.com\/de-ch\/wp-content\/uploads\/2024\/02\/0S0809_ClarusVibe_ressoucenschonend_und_effizient_waschen-150x150-1.webp\",\"contentUrl\":\"https:\/\/www.electroluxprofessional.com\/de-ch\/wp-content\/uploads\/2024\/02\/0S0809_ClarusVibe_ressoucenschonend_und_effizient_waschen-150x150-1.webp\",\"width\":150,\"height\":150,\"caption\":\"Dosiersysteme f\u00fcr W\u00e4schereil\u00f6sungen von Electrolux Professional\"},{\"@type\":\"BreadcrumbList\",\"@id\":\"https:\/\/www.electroluxprofessional.com\/de-ch\/waeschereitechnik\/efficient-dosing-system\/#breadcrumb\",\"itemListElement\":[{\"@type\":\"ListItem\",\"position\":1,\"name\":\"Home\",\"item\":\"https:\/\/www.electroluxprofessional.com\/de-ch\/\"},{\"@type\":\"ListItem\",\"position\":2,\"name\":\"W\u00e4schereitechnik\",\"item\":\"https:\/\/www.electroluxprofessional.com\/de-ch\/waeschereitechnik\/\"},{\"@type\":\"ListItem\",\"position\":3,\"name\":\"Efficient Dosing System\"}]},{\"@type\":\"WebSite\",\"@id\":\"https:\/\/www.electroluxprofessional.com\/de-ch\/#website\",\"url\":\"https:\/\/www.electroluxprofessional.com\/de-ch\/\",\"name\":\"Electrolux Professional Schweiz\",\"description\":\"\",\"potentialAction\":[{\"@type\":\"SearchAction\",\"target\":{\"@type\":\"EntryPoint\",\"urlTemplate\":\"https:\/\/www.electroluxprofessional.com\/de-ch\/?src={search_term_string}\"},\"query-input\":\"required name=search_term_string\"}],\"inLanguage\":\"de-CH\"}]}<\/script>\n<!-- \/ Yoast SEO plugin. -->","yoast_head_json":{"title":"Efficient Dosing | Electrolux Professional","description":"Mit Funktionen wie Intelligent oder Efficient Dosing sowie Power Balance minimieren wir Ihre Kosten pro Waschzyklus.","robots":{"index":"index","follow":"follow","max-snippet":"max-snippet:-1","max-image-preview":"max-image-preview:large","max-video-preview":"max-video-preview:-1"},"canonical":"https:\/\/www.electroluxprofessional.com\/de-ch\/waeschereitechnik\/efficient-dosing-system\/","og_locale":"de_DE","og_type":"article","og_title":"Efficient Dosing | Electrolux Professional","og_description":"Mit Funktionen wie Intelligent oder Efficient Dosing sowie Power Balance minimieren wir Ihre Kosten pro Waschzyklus.","og_url":"https:\/\/www.electroluxprofessional.com\/de-ch\/waeschereitechnik\/efficient-dosing-system\/","og_site_name":"Electrolux Professional Schweiz","article_modified_time":"2026-03-25T07:00:08+00:00","og_image":[{"url":"https:\/\/www.electroluxprofessional.com\/de-ch\/wp-content\/uploads\/2024\/02\/0S0809_ClarusVibe_ressoucenschonend_und_effizient_waschen-150x150-1.webp"}],"twitter_card":"summary_large_image","twitter_misc":{"Gesch\u00e4tzte Lesezeit":"5 Minuten"},"schema":{"@context":"https:\/\/schema.org","@graph":[{"@type":"WebPage","@id":"https:\/\/www.electroluxprofessional.com\/de-ch\/waeschereitechnik\/efficient-dosing-system\/","url":"https:\/\/www.electroluxprofessional.com\/de-ch\/waeschereitechnik\/efficient-dosing-system\/","name":"Efficient Dosing | Electrolux Professional","isPartOf":{"@id":"https:\/\/www.electroluxprofessional.com\/de-ch\/#website"},"primaryImageOfPage":{"@id":"https:\/\/www.electroluxprofessional.com\/de-ch\/waeschereitechnik\/efficient-dosing-system\/#primaryimage"},"image":{"@id":"https:\/\/www.electroluxprofessional.com\/de-ch\/waeschereitechnik\/efficient-dosing-system\/#primaryimage"},"thumbnailUrl":"https:\/\/www.electroluxprofessional.com\/de-ch\/wp-content\/uploads\/2024\/02\/0S0809_ClarusVibe_ressoucenschonend_und_effizient_waschen-150x150-1.webp","datePublished":"2016-09-06T12:05:04+00:00","dateModified":"2026-03-25T07:00:08+00:00","description":"Mit Funktionen wie Intelligent oder Efficient Dosing sowie Power Balance minimieren wir Ihre Kosten pro Waschzyklus.","breadcrumb":{"@id":"https:\/\/www.electroluxprofessional.com\/de-ch\/waeschereitechnik\/efficient-dosing-system\/#breadcrumb"},"inLanguage":"de-CH","potentialAction":[{"@type":"ReadAction","target":["https:\/\/www.electroluxprofessional.com\/de-ch\/waeschereitechnik\/efficient-dosing-system\/"]}]},{"@type":"ImageObject","inLanguage":"de-CH","@id":"https:\/\/www.electroluxprofessional.com\/de-ch\/waeschereitechnik\/efficient-dosing-system\/#primaryimage","url":"https:\/\/www.electroluxprofessional.com\/de-ch\/wp-content\/uploads\/2024\/02\/0S0809_ClarusVibe_ressoucenschonend_und_effizient_waschen-150x150-1.webp","contentUrl":"https:\/\/www.electroluxprofessional.com\/de-ch\/wp-content\/uploads\/2024\/02\/0S0809_ClarusVibe_ressoucenschonend_und_effizient_waschen-150x150-1.webp","width":150,"height":150,"caption":"Dosiersysteme f\u00fcr W\u00e4schereil\u00f6sungen von Electrolux Professional"},{"@type":"BreadcrumbList","@id":"https:\/\/www.electroluxprofessional.com\/de-ch\/waeschereitechnik\/efficient-dosing-system\/#breadcrumb","itemListElement":[{"@type":"ListItem","position":1,"name":"Home","item":"https:\/\/www.electroluxprofessional.com\/de-ch\/"},{"@type":"ListItem","position":2,"name":"W\u00e4schereitechnik","item":"https:\/\/www.electroluxprofessional.com\/de-ch\/waeschereitechnik\/"},{"@type":"ListItem","position":3,"name":"Efficient Dosing System"}]},{"@type":"WebSite","@id":"https:\/\/www.electroluxprofessional.com\/de-ch\/#website","url":"https:\/\/www.electroluxprofessional.com\/de-ch\/","name":"Electrolux Professional Schweiz","description":"","potentialAction":[{"@type":"SearchAction","target":{"@type":"EntryPoint","urlTemplate":"https:\/\/www.electroluxprofessional.com\/de-ch\/?src={search_term_string}"},"query-input":"required name=search_term_string"}],"inLanguage":"de-CH"}]}},"_links":{"self":[{"href":"https:\/\/www.electroluxprofessional.com\/de-ch\/wp-json\/wp\/v2\/pages\/816"}],"collection":[{"href":"https:\/\/www.electroluxprofessional.com\/de-ch\/wp-json\/wp\/v2\/pages"}],"about":[{"href":"https:\/\/www.electroluxprofessional.com\/de-ch\/wp-json\/wp\/v2\/types\/page"}],"author":[{"embeddable":true,"href":"https:\/\/www.electroluxprofessional.com\/de-ch\/wp-json\/wp\/v2\/users\/5"}],"replies":[{"embeddable":true,"href":"https:\/\/www.electroluxprofessional.com\/de-ch\/wp-json\/wp\/v2\/comments?post=816"}],"version-history":[{"count":12,"href":"https:\/\/www.electroluxprofessional.com\/de-ch\/wp-json\/wp\/v2\/pages\/816\/revisions"}],"predecessor-version":[{"id":20435,"href":"https:\/\/www.electroluxprofessional.com\/de-ch\/wp-json\/wp\/v2\/pages\/816\/revisions\/20435"}],"up":[{"embeddable":true,"href":"https:\/\/www.electroluxprofessional.com\/de-ch\/wp-json\/wp\/v2\/pages\/745"}],"wp:attachment":[{"href":"https:\/\/www.electroluxprofessional.com\/de-ch\/wp-json\/wp\/v2\/media?parent=816"}],"curies":[{"name":"wp","href":"https:\/\/api.w.org\/{rel}","templated":true}]}}