{"id":810,"date":"2016-08-25T08:47:14","date_gmt":"2016-08-25T08:47:14","guid":{"rendered":"http:\/\/testepr.jobinformatica.it\/?page_id=2876"},"modified":"2024-03-06T18:50:25","modified_gmt":"2024-03-06T18:50:25","slug":"zubehoer","status":"publish","type":"page","link":"https:\/\/www.electroluxprofessional.com\/de-ch\/zubehoer\/","title":{"rendered":"Zubeh\u00f6r und Verbrauchsmaterialien"},"content":{"rendered":"<p>[vc_row full_width=&#8221;electroluxpro-full-width-no-padding&#8221;][vc_column][elx_hero_title label=&#8221;&#8221; background_image=&#8221;335&#8243;][elx_heading font_container=&#8221;h1&#8243; text_color=&#8221;white&#8221;]Zubeh\u00f6r und Verbrauchsmaterialien[\/elx_heading][\/elx_hero_title][\/vc_column][\/vc_row][vc_row][vc_column width=&#8221;1\/3&#8243;][elx_maylike_box id_box=&#8221;1433&#8243;][\/vc_column][vc_column width=&#8221;1\/3&#8243;][elx_maylike_box id_box=&#8221;1435&#8243;][\/vc_column][vc_column width=&#8221;1\/3&#8243;][elx_maylike_box id_box=&#8221;1437&#8243;][\/vc_column][\/vc_row][vc_row][vc_column width=&#8221;1\/3&#8243;][elx_maylike_box id_box=&#8221;1438&#8243;][\/vc_column][vc_column width=&#8221;1\/3&#8243;][elx_maylike_box id_box=&#8221;1440&#8243;][\/vc_column][vc_column width=&#8221;1\/3&#8243;][elx_maylike_box id_box=&#8221;1442&#8243;][\/vc_column][\/vc_row][vc_row][vc_column][vc_empty_space height=&#8221;50px&#8221;][\/vc_column][\/vc_row][vc_row][vc_column width=&#8221;1\/3&#8243;][elx_download_block text=&#8221;Accessories &amp; Consumables<br \/>\nLaundry&#8221; link=&#8221;files.professional.electrolux.com\/docs\/?n=A0026&amp;b=5&amp;l=1&#8243; background_color=&#8221;orange&#8221; reveal_effect=&#8221;&#8221; reveal_duration=&#8221;&#8221; reveal_delay=&#8221;&#8221;][\/vc_column][vc_column width=&#8221;1\/3&#8243;][elx_download_block text=&#8221;Accessories &amp; Consumables<br \/>\nModular cooking&#8221; link=&#8221;files.professional.electrolux.com\/docs\/?n=BR-9JE00045&amp;b=5&amp;l=1&#8243; background_color=&#8221;orange&#8221; reveal_effect=&#8221;&#8221; reveal_duration=&#8221;&#8221; reveal_delay=&#8221;&#8221;][\/vc_column][vc_column width=&#8221;1\/3&#8243;][elx_download_block text=&#8221;Accessories &amp; Consumables<br \/>\nCook and Chill&#8221; link=&#8221;files.professional.electrolux.com\/docs\/?n=BR-9JE00044&amp;b=5&amp;l=1&#8243; background_color=&#8221;orange&#8221; reveal_effect=&#8221;&#8221; reveal_duration=&#8221;&#8221; reveal_delay=&#8221;&#8221;][\/vc_column][\/vc_row][vc_row][vc_column width=&#8221;1\/3&#8243;][elx_download_block text=&#8221;Accessories &amp; Consumables<br \/>\nRefrigeration&#8221; link=&#8221;files.professional.electrolux.com\/docs\/?n=BR-9JE00043&amp;b=5&amp;l=1&#8243; background_color=&#8221;orange&#8221; reveal_effect=&#8221;&#8221; reveal_duration=&#8221;&#8221; reveal_delay=&#8221;&#8221;][\/vc_column][vc_column width=&#8221;1\/3&#8243;][elx_download_block text=&#8221;Accessories &amp; Consumables<br \/>\nDishwashing&#8221; link=&#8221;files.professional.electrolux.com\/docs\/?n=BR-9JE00039&amp;b=5&amp;l=1&#8243; background_color=&#8221;orange&#8221; reveal_effect=&#8221;&#8221; reveal_duration=&#8221;&#8221; reveal_delay=&#8221;&#8221;][\/vc_column][vc_column width=&#8221;1\/3&#8243;][\/vc_column][\/vc_row][vc_row][vc_column][vc_empty_space][elx_heading font_container=&#8221;h3&#8243; text_color=&#8221;inherit&#8221;]Erfahren Sie mehr \u00fcber Zubeh\u00f6r und Verbrauchsmaterialien.[\/elx_heading][elx_o2000_contact_us s=&#8221;Anfrage betreffend Zubeh\u00f6r und Verbrauchsmaterialien.&#8221; country=&#8221;Switzerland&#8221; container=&#8221;elxcontactus1484303211&#8243; r=&#8221;Ich w\u00fcrde gerne mehr \u00fcber Zubeh\u00f6r und Verbrauchsmaterialien erfahren. Bitte nehmen Sie Kontakt mit mir auf.&#8221; l=&#8221;de-ch&#8221;][\/vc_column][\/vc_row]<\/p>\n","protected":false},"excerpt":{"rendered":"<p>[vc_row full_width=&#8221;electroluxpro-full-width-no-padding&#8221;][vc_column][elx_hero_title label=&#8221;&#8221; background_image=&#8221;335&#8243;][elx_heading font_container=&#8221;h1&#8243; text_color=&#8221;white&#8221;]Zubeh\u00f6r und Verbrauchsmaterialien[\/elx_heading][\/elx_hero_title][\/vc_column][\/vc_row][vc_row][vc_column width=&#8221;1\/3&#8243;][elx_maylike_box id_box=&#8221;1433&#8243;][\/vc_column][vc_column width=&#8221;1\/3&#8243;][elx_maylike_box id_box=&#8221;1435&#8243;][\/vc_column][vc_column width=&#8221;1\/3&#8243;][elx_maylike_box id_box=&#8221;1437&#8243;][\/vc_column][\/vc_row][vc_row][vc_column width=&#8221;1\/3&#8243;][elx_maylike_box id_box=&#8221;1438&#8243;][\/vc_column][vc_column width=&#8221;1\/3&#8243;][elx_maylike_box id_box=&#8221;1440&#8243;][\/vc_column][vc_column width=&#8221;1\/3&#8243;][elx_maylike_box id_box=&#8221;1442&#8243;][\/vc_column][\/vc_row][vc_row][vc_column][vc_empty_space height=&#8221;50px&#8221;][\/vc_column][\/vc_row][vc_row][vc_column width=&#8221;1\/3&#8243;][elx_download_block text=&#8221;Accessories &amp; Consumables Laundry&#8221; link=&#8221;files.professional.electrolux.com\/docs\/?n=A0026&amp;b=5&amp;l=1&#8243; background_color=&#8221;orange&#8221; reveal_effect=&#8221;&#8221; reveal_duration=&#8221;&#8221; reveal_delay=&#8221;&#8221;][\/vc_column][vc_column width=&#8221;1\/3&#8243;][elx_download_block text=&#8221;Accessories &amp; Consumables Modular cooking&#8221; link=&#8221;files.professional.electrolux.com\/docs\/?n=BR-9JE00045&amp;b=5&amp;l=1&#8243; background_color=&#8221;orange&#8221; reveal_effect=&#8221;&#8221; reveal_duration=&#8221;&#8221; reveal_delay=&#8221;&#8221;][\/vc_column][vc_column width=&#8221;1\/3&#8243;][elx_download_block text=&#8221;Accessories &amp; Consumables Cook and Chill&#8221; link=&#8221;files.professional.electrolux.com\/docs\/?n=BR-9JE00044&amp;b=5&amp;l=1&#8243; background_color=&#8221;orange&#8221; reveal_effect=&#8221;&#8221; reveal_duration=&#8221;&#8221; reveal_delay=&#8221;&#8221;][\/vc_column][\/vc_row][vc_row][vc_column width=&#8221;1\/3&#8243;][elx_download_block [&hellip;]<\/p>\n","protected":false},"author":1,"featured_media":0,"parent":0,"menu_order":0,"comment_status":"closed","ping_status":"closed","template":"","meta":{"footnotes":""},"class_list":["post-810","page","type-page","status-publish","hentry"],"acf":[],"yoast_head":"<!-- This site is optimized with the Yoast SEO plugin v23.3 - https:\/\/yoast.com\/wordpress\/plugins\/seo\/ -->\n<title>Zubeh\u00f6r und Verbrauchsmaterialien | Electrolux Professional<\/title>\n<meta name=\"description\" content=\"Erfahren Sie mehr \u00fcber Zubeh\u00f6r und Verbrauchsmaterialien f\u00fcr Cook&amp;Chill, modulares Kochen, SpeeDelight, K\u00fchl- und Sp\u00fcltechnik.\" \/>\n<meta name=\"robots\" content=\"index, follow, max-snippet:-1, max-image-preview:large, max-video-preview:-1\" \/>\n<link rel=\"canonical\" href=\"https:\/\/www.electroluxprofessional.com\/de-ch\/zubehoer\/\" \/>\n<meta property=\"og:locale\" content=\"de_DE\" \/>\n<meta property=\"og:type\" content=\"article\" \/>\n<meta property=\"og:title\" content=\"Zubeh\u00f6r und Verbrauchsmaterialien | Electrolux Professional\" \/>\n<meta property=\"og:description\" content=\"Erfahren Sie mehr \u00fcber Zubeh\u00f6r und Verbrauchsmaterialien f\u00fcr Cook&amp;Chill, modulares Kochen, SpeeDelight, K\u00fchl- und Sp\u00fcltechnik.\" \/>\n<meta property=\"og:url\" content=\"https:\/\/www.electroluxprofessional.com\/de-ch\/zubehoer\/\" \/>\n<meta property=\"og:site_name\" content=\"Electrolux Professional Schweiz\" \/>\n<meta property=\"article:modified_time\" content=\"2024-03-06T18:50:25+00:00\" \/>\n<meta name=\"twitter:card\" content=\"summary_large_image\" \/>\n<meta name=\"twitter:label1\" content=\"Gesch\u00e4tzte Lesezeit\" \/>\n\t<meta name=\"twitter:data1\" content=\"1 Minute\" \/>\n<script type=\"application\/ld+json\" class=\"yoast-schema-graph\">{\"@context\":\"https:\/\/schema.org\",\"@graph\":[{\"@type\":\"WebPage\",\"@id\":\"https:\/\/www.electroluxprofessional.com\/de-ch\/zubehoer\/\",\"url\":\"https:\/\/www.electroluxprofessional.com\/de-ch\/zubehoer\/\",\"name\":\"Zubeh\u00f6r und Verbrauchsmaterialien | Electrolux Professional\",\"isPartOf\":{\"@id\":\"https:\/\/www.electroluxprofessional.com\/de-ch\/#website\"},\"datePublished\":\"2016-08-25T08:47:14+00:00\",\"dateModified\":\"2024-03-06T18:50:25+00:00\",\"description\":\"Erfahren Sie mehr \u00fcber Zubeh\u00f6r und Verbrauchsmaterialien f\u00fcr Cook&Chill, modulares Kochen, SpeeDelight, K\u00fchl- und Sp\u00fcltechnik.\",\"breadcrumb\":{\"@id\":\"https:\/\/www.electroluxprofessional.com\/de-ch\/zubehoer\/#breadcrumb\"},\"inLanguage\":\"de-CH\",\"potentialAction\":[{\"@type\":\"ReadAction\",\"target\":[\"https:\/\/www.electroluxprofessional.com\/de-ch\/zubehoer\/\"]}]},{\"@type\":\"BreadcrumbList\",\"@id\":\"https:\/\/www.electroluxprofessional.com\/de-ch\/zubehoer\/#breadcrumb\",\"itemListElement\":[{\"@type\":\"ListItem\",\"position\":1,\"name\":\"Home\",\"item\":\"https:\/\/www.electroluxprofessional.com\/de-ch\/\"},{\"@type\":\"ListItem\",\"position\":2,\"name\":\"Zubeh\u00f6r und Verbrauchsmaterialien\"}]},{\"@type\":\"WebSite\",\"@id\":\"https:\/\/www.electroluxprofessional.com\/de-ch\/#website\",\"url\":\"https:\/\/www.electroluxprofessional.com\/de-ch\/\",\"name\":\"Electrolux Professional Schweiz\",\"description\":\"\",\"potentialAction\":[{\"@type\":\"SearchAction\",\"target\":{\"@type\":\"EntryPoint\",\"urlTemplate\":\"https:\/\/www.electroluxprofessional.com\/de-ch\/?src={search_term_string}\"},\"query-input\":\"required name=search_term_string\"}],\"inLanguage\":\"de-CH\"}]}<\/script>\n<!-- \/ Yoast SEO plugin. -->","yoast_head_json":{"title":"Zubeh\u00f6r und Verbrauchsmaterialien | Electrolux Professional","description":"Erfahren Sie mehr \u00fcber Zubeh\u00f6r und Verbrauchsmaterialien f\u00fcr Cook&Chill, modulares Kochen, SpeeDelight, K\u00fchl- und Sp\u00fcltechnik.","robots":{"index":"index","follow":"follow","max-snippet":"max-snippet:-1","max-image-preview":"max-image-preview:large","max-video-preview":"max-video-preview:-1"},"canonical":"https:\/\/www.electroluxprofessional.com\/de-ch\/zubehoer\/","og_locale":"de_DE","og_type":"article","og_title":"Zubeh\u00f6r und Verbrauchsmaterialien | Electrolux Professional","og_description":"Erfahren Sie mehr \u00fcber Zubeh\u00f6r und Verbrauchsmaterialien f\u00fcr Cook&Chill, modulares Kochen, SpeeDelight, K\u00fchl- und Sp\u00fcltechnik.","og_url":"https:\/\/www.electroluxprofessional.com\/de-ch\/zubehoer\/","og_site_name":"Electrolux Professional Schweiz","article_modified_time":"2024-03-06T18:50:25+00:00","twitter_card":"summary_large_image","twitter_misc":{"Gesch\u00e4tzte Lesezeit":"1 Minute"},"schema":{"@context":"https:\/\/schema.org","@graph":[{"@type":"WebPage","@id":"https:\/\/www.electroluxprofessional.com\/de-ch\/zubehoer\/","url":"https:\/\/www.electroluxprofessional.com\/de-ch\/zubehoer\/","name":"Zubeh\u00f6r und Verbrauchsmaterialien | Electrolux Professional","isPartOf":{"@id":"https:\/\/www.electroluxprofessional.com\/de-ch\/#website"},"datePublished":"2016-08-25T08:47:14+00:00","dateModified":"2024-03-06T18:50:25+00:00","description":"Erfahren Sie mehr \u00fcber Zubeh\u00f6r und Verbrauchsmaterialien f\u00fcr Cook&Chill, modulares Kochen, SpeeDelight, K\u00fchl- und Sp\u00fcltechnik.","breadcrumb":{"@id":"https:\/\/www.electroluxprofessional.com\/de-ch\/zubehoer\/#breadcrumb"},"inLanguage":"de-CH","potentialAction":[{"@type":"ReadAction","target":["https:\/\/www.electroluxprofessional.com\/de-ch\/zubehoer\/"]}]},{"@type":"BreadcrumbList","@id":"https:\/\/www.electroluxprofessional.com\/de-ch\/zubehoer\/#breadcrumb","itemListElement":[{"@type":"ListItem","position":1,"name":"Home","item":"https:\/\/www.electroluxprofessional.com\/de-ch\/"},{"@type":"ListItem","position":2,"name":"Zubeh\u00f6r und Verbrauchsmaterialien"}]},{"@type":"WebSite","@id":"https:\/\/www.electroluxprofessional.com\/de-ch\/#website","url":"https:\/\/www.electroluxprofessional.com\/de-ch\/","name":"Electrolux Professional Schweiz","description":"","potentialAction":[{"@type":"SearchAction","target":{"@type":"EntryPoint","urlTemplate":"https:\/\/www.electroluxprofessional.com\/de-ch\/?src={search_term_string}"},"query-input":"required name=search_term_string"}],"inLanguage":"de-CH"}]}},"_links":{"self":[{"href":"https:\/\/www.electroluxprofessional.com\/de-ch\/wp-json\/wp\/v2\/pages\/810"}],"collection":[{"href":"https:\/\/www.electroluxprofessional.com\/de-ch\/wp-json\/wp\/v2\/pages"}],"about":[{"href":"https:\/\/www.electroluxprofessional.com\/de-ch\/wp-json\/wp\/v2\/types\/page"}],"author":[{"embeddable":true,"href":"https:\/\/www.electroluxprofessional.com\/de-ch\/wp-json\/wp\/v2\/users\/1"}],"replies":[{"embeddable":true,"href":"https:\/\/www.electroluxprofessional.com\/de-ch\/wp-json\/wp\/v2\/comments?post=810"}],"version-history":[{"count":6,"href":"https:\/\/www.electroluxprofessional.com\/de-ch\/wp-json\/wp\/v2\/pages\/810\/revisions"}],"predecessor-version":[{"id":17089,"href":"https:\/\/www.electroluxprofessional.com\/de-ch\/wp-json\/wp\/v2\/pages\/810\/revisions\/17089"}],"wp:attachment":[{"href":"https:\/\/www.electroluxprofessional.com\/de-ch\/wp-json\/wp\/v2\/media?parent=810"}],"curies":[{"name":"wp","href":"https:\/\/api.w.org\/{rel}","templated":true}]}}