{"id":745,"date":"2016-06-09T10:12:23","date_gmt":"2016-06-09T10:12:23","guid":{"rendered":"http:\/\/testepr.jobinformatica.it\/?page_id=2101"},"modified":"2026-02-20T07:27:23","modified_gmt":"2026-02-20T07:27:23","slug":"waeschereitechnik","status":"publish","type":"page","link":"https:\/\/www.electroluxprofessional.com\/de-ch\/waeschereitechnik\/","title":{"rendered":"W\u00e4schereitechnik"},"content":{"rendered":"<p>[vc_row full_width=&#8221;electroluxpro-full-width-no-padding&#8221;][vc_column][vc_empty_space height=&#8221;80px&#8221;][\/vc_column][\/vc_row][vc_row][vc_column width=&#8221;1\/4&#8243;][elx_navigation_branch title_link=&#8221;title-linkable&#8221; menu_list=&#8221;18638&#8243; image=&#8221;17914&#8243;][\/vc_column][vc_column width=&#8221;1\/4&#8243;][elx_navigation_branch menu_list=&#8221;15725&#8243; image=&#8221;17909&#8243;][\/vc_column][vc_column width=&#8221;1\/4&#8243;][elx_navigation_branch menu_list=&#8221;15726&#8243; image=&#8221;17915&#8243;][\/vc_column][vc_column width=&#8221;1\/4&#8243;][elx_navigation_branch image=&#8221;17913&#8243; menu_list=&#8221;15727&#8243;][\/vc_column][\/vc_row][vc_row][vc_column][vc_empty_space height=&#8221;80px&#8221;][\/vc_column][\/vc_row][vc_row][vc_column width=&#8221;1\/4&#8243;][elx_navigation_branch menu_list=&#8221;15738&#8243; image=&#8221;17912&#8243;][\/vc_column][vc_column width=&#8221;1\/4&#8243;][elx_navigation_branch menu_list=&#8221;15739&#8243; image=&#8221;17911&#8243;][\/vc_column][vc_column width=&#8221;1\/4&#8243;][elx_navigation_branch title_link=&#8221;title-linkable&#8221; menu_list=&#8221;15740&#8243; image=&#8221;17917&#8243;][\/vc_column][vc_column width=&#8221;1\/4&#8243;][elx_navigation_branch menu_list=&#8221;15741&#8243; image=&#8221;17910&#8243;][\/vc_column][\/vc_row][vc_row][vc_column][vc_empty_space height=&#8221;70px&#8221;][elx_heading font_size=&#8221;h3&#8243; text_color=&#8221;inherit&#8221;]Erfahren Sie mehr zu W\u00e4schereitechnik[\/elx_heading][elx_o2000_contact_us s=&#8221;Anfrage zu W\u00e4schereitechnik&#8221; country=&#8221;Switzerland&#8221; b=&#8221;food&#8221; r=&#8221;Ich w\u00fcrde gerne mehr \u00fcber Ihre W\u00e4schereitechnik. Bitte nehmen Sie Kontakt mit mir auf. Danke.&#8221;][vc_empty_space height=&#8221;100px&#8221;][\/vc_column][\/vc_row][vc_row][vc_column][elx_heading font_size=&#8221;h3&#8243; text_color=&#8221;inherit&#8221; text_align=&#8221;text-center&#8221;]Finden Sie Ihre ideale L\u00f6sung[\/elx_heading][\/vc_column][\/vc_row][vc_row][vc_column][vc_empty_space][\/vc_column][\/vc_row][vc_row][vc_column width=&#8221;1\/3&#8243;][elx_maylike_box id_box=&#8221;3437&#8243;][\/vc_column][vc_column width=&#8221;1\/3&#8243;][elx_maylike_box id_box=&#8221;1414&#8243;][\/vc_column][vc_column width=&#8221;1\/3&#8243;][elx_maylike_box id_box=&#8221;387&#8243;][\/vc_column][\/vc_row][vc_row][vc_column width=&#8221;1\/3&#8243;][elx_maylike_box id_box=&#8221;744&#8243;][\/vc_column][vc_column width=&#8221;1\/3&#8243;][elx_maylike_box id_box=&#8221;1429&#8243;][\/vc_column][vc_column width=&#8221;1\/3&#8243;][elx_maylike_box id_box=&#8221;742&#8243;][\/vc_column][\/vc_row]<\/p>\n","protected":false},"excerpt":{"rendered":"<p>[vc_row full_width=&#8221;electroluxpro-full-width-no-padding&#8221;][vc_column][vc_empty_space height=&#8221;80px&#8221;][\/vc_column][\/vc_row][vc_row][vc_column width=&#8221;1\/4&#8243;][elx_navigation_branch title_link=&#8221;title-linkable&#8221; menu_list=&#8221;18638&#8243; image=&#8221;17914&#8243;][\/vc_column][vc_column width=&#8221;1\/4&#8243;][elx_navigation_branch menu_list=&#8221;15725&#8243; image=&#8221;17909&#8243;][\/vc_column][vc_column width=&#8221;1\/4&#8243;][elx_navigation_branch menu_list=&#8221;15726&#8243; image=&#8221;17915&#8243;][\/vc_column][vc_column width=&#8221;1\/4&#8243;][elx_navigation_branch image=&#8221;17913&#8243; menu_list=&#8221;15727&#8243;][\/vc_column][\/vc_row][vc_row][vc_column][vc_empty_space height=&#8221;80px&#8221;][\/vc_column][\/vc_row][vc_row][vc_column width=&#8221;1\/4&#8243;][elx_navigation_branch menu_list=&#8221;15738&#8243; image=&#8221;17912&#8243;][\/vc_column][vc_column width=&#8221;1\/4&#8243;][elx_navigation_branch menu_list=&#8221;15739&#8243; image=&#8221;17911&#8243;][\/vc_column][vc_column width=&#8221;1\/4&#8243;][elx_navigation_branch title_link=&#8221;title-linkable&#8221; menu_list=&#8221;15740&#8243; image=&#8221;17917&#8243;][\/vc_column][vc_column width=&#8221;1\/4&#8243;][elx_navigation_branch menu_list=&#8221;15741&#8243; image=&#8221;17910&#8243;][\/vc_column][\/vc_row][vc_row][vc_column][vc_empty_space height=&#8221;70px&#8221;][elx_heading font_size=&#8221;h3&#8243; text_color=&#8221;inherit&#8221;]Erfahren Sie mehr zu W\u00e4schereitechnik[\/elx_heading][elx_o2000_contact_us s=&#8221;Anfrage zu W\u00e4schereitechnik&#8221; country=&#8221;Switzerland&#8221; b=&#8221;food&#8221; r=&#8221;Ich w\u00fcrde gerne mehr \u00fcber Ihre W\u00e4schereitechnik. Bitte nehmen Sie Kontakt mit mir [&hellip;]<\/p>\n","protected":false},"author":5,"featured_media":0,"parent":0,"menu_order":0,"comment_status":"closed","ping_status":"closed","template":"","meta":{"footnotes":""},"class_list":["post-745","page","type-page","status-publish","hentry"],"acf":[],"yoast_head":"<!-- This site is optimized with the Yoast SEO plugin v23.3 - https:\/\/yoast.com\/wordpress\/plugins\/seo\/ -->\n<title>W\u00e4schereitechnik | Electrolux Professional<\/title>\n<meta name=\"description\" content=\"Ausr\u00fcstung f\u00fcr gewerbliche W\u00e4schereien. Mit den W\u00e4schereil\u00f6sungen von Electrolux Professional sparen Sie Wasser und Energie.\" \/>\n<meta name=\"robots\" content=\"index, follow, max-snippet:-1, max-image-preview:large, max-video-preview:-1\" \/>\n<link rel=\"canonical\" href=\"https:\/\/www.electroluxprofessional.com\/de-ch\/waeschereitechnik\/\" \/>\n<meta property=\"og:locale\" content=\"de_DE\" \/>\n<meta property=\"og:type\" content=\"article\" \/>\n<meta property=\"og:title\" content=\"W\u00e4schereitechnik | Electrolux Professional\" \/>\n<meta property=\"og:description\" content=\"Ausr\u00fcstung f\u00fcr gewerbliche W\u00e4schereien. Mit den W\u00e4schereil\u00f6sungen von Electrolux Professional sparen Sie Wasser und Energie.\" \/>\n<meta property=\"og:url\" content=\"https:\/\/www.electroluxprofessional.com\/de-ch\/waeschereitechnik\/\" \/>\n<meta property=\"og:site_name\" content=\"Electrolux Professional Schweiz\" \/>\n<meta property=\"article:modified_time\" content=\"2026-02-20T07:27:23+00:00\" \/>\n<meta name=\"twitter:card\" content=\"summary_large_image\" \/>\n<meta name=\"twitter:label1\" content=\"Gesch\u00e4tzte Lesezeit\" \/>\n\t<meta name=\"twitter:data1\" content=\"1 Minute\" \/>\n<script type=\"application\/ld+json\" class=\"yoast-schema-graph\">{\"@context\":\"https:\/\/schema.org\",\"@graph\":[{\"@type\":\"WebPage\",\"@id\":\"https:\/\/www.electroluxprofessional.com\/de-ch\/waeschereitechnik\/\",\"url\":\"https:\/\/www.electroluxprofessional.com\/de-ch\/waeschereitechnik\/\",\"name\":\"W\u00e4schereitechnik | Electrolux Professional\",\"isPartOf\":{\"@id\":\"https:\/\/www.electroluxprofessional.com\/de-ch\/#website\"},\"datePublished\":\"2016-06-09T10:12:23+00:00\",\"dateModified\":\"2026-02-20T07:27:23+00:00\",\"description\":\"Ausr\u00fcstung f\u00fcr gewerbliche W\u00e4schereien. Mit den W\u00e4schereil\u00f6sungen von Electrolux Professional sparen Sie Wasser und Energie.\",\"breadcrumb\":{\"@id\":\"https:\/\/www.electroluxprofessional.com\/de-ch\/waeschereitechnik\/#breadcrumb\"},\"inLanguage\":\"de-CH\",\"potentialAction\":[{\"@type\":\"ReadAction\",\"target\":[\"https:\/\/www.electroluxprofessional.com\/de-ch\/waeschereitechnik\/\"]}]},{\"@type\":\"BreadcrumbList\",\"@id\":\"https:\/\/www.electroluxprofessional.com\/de-ch\/waeschereitechnik\/#breadcrumb\",\"itemListElement\":[{\"@type\":\"ListItem\",\"position\":1,\"name\":\"Home\",\"item\":\"https:\/\/www.electroluxprofessional.com\/de-ch\/\"},{\"@type\":\"ListItem\",\"position\":2,\"name\":\"W\u00e4schereitechnik\"}]},{\"@type\":\"WebSite\",\"@id\":\"https:\/\/www.electroluxprofessional.com\/de-ch\/#website\",\"url\":\"https:\/\/www.electroluxprofessional.com\/de-ch\/\",\"name\":\"Electrolux Professional Schweiz\",\"description\":\"\",\"potentialAction\":[{\"@type\":\"SearchAction\",\"target\":{\"@type\":\"EntryPoint\",\"urlTemplate\":\"https:\/\/www.electroluxprofessional.com\/de-ch\/?src={search_term_string}\"},\"query-input\":\"required name=search_term_string\"}],\"inLanguage\":\"de-CH\"}]}<\/script>\n<!-- \/ Yoast SEO plugin. -->","yoast_head_json":{"title":"W\u00e4schereitechnik | Electrolux Professional","description":"Ausr\u00fcstung f\u00fcr gewerbliche W\u00e4schereien. Mit den W\u00e4schereil\u00f6sungen von Electrolux Professional sparen Sie Wasser und Energie.","robots":{"index":"index","follow":"follow","max-snippet":"max-snippet:-1","max-image-preview":"max-image-preview:large","max-video-preview":"max-video-preview:-1"},"canonical":"https:\/\/www.electroluxprofessional.com\/de-ch\/waeschereitechnik\/","og_locale":"de_DE","og_type":"article","og_title":"W\u00e4schereitechnik | Electrolux Professional","og_description":"Ausr\u00fcstung f\u00fcr gewerbliche W\u00e4schereien. Mit den W\u00e4schereil\u00f6sungen von Electrolux Professional sparen Sie Wasser und Energie.","og_url":"https:\/\/www.electroluxprofessional.com\/de-ch\/waeschereitechnik\/","og_site_name":"Electrolux Professional Schweiz","article_modified_time":"2026-02-20T07:27:23+00:00","twitter_card":"summary_large_image","twitter_misc":{"Gesch\u00e4tzte Lesezeit":"1 Minute"},"schema":{"@context":"https:\/\/schema.org","@graph":[{"@type":"WebPage","@id":"https:\/\/www.electroluxprofessional.com\/de-ch\/waeschereitechnik\/","url":"https:\/\/www.electroluxprofessional.com\/de-ch\/waeschereitechnik\/","name":"W\u00e4schereitechnik | Electrolux Professional","isPartOf":{"@id":"https:\/\/www.electroluxprofessional.com\/de-ch\/#website"},"datePublished":"2016-06-09T10:12:23+00:00","dateModified":"2026-02-20T07:27:23+00:00","description":"Ausr\u00fcstung f\u00fcr gewerbliche W\u00e4schereien. Mit den W\u00e4schereil\u00f6sungen von Electrolux Professional sparen Sie Wasser und Energie.","breadcrumb":{"@id":"https:\/\/www.electroluxprofessional.com\/de-ch\/waeschereitechnik\/#breadcrumb"},"inLanguage":"de-CH","potentialAction":[{"@type":"ReadAction","target":["https:\/\/www.electroluxprofessional.com\/de-ch\/waeschereitechnik\/"]}]},{"@type":"BreadcrumbList","@id":"https:\/\/www.electroluxprofessional.com\/de-ch\/waeschereitechnik\/#breadcrumb","itemListElement":[{"@type":"ListItem","position":1,"name":"Home","item":"https:\/\/www.electroluxprofessional.com\/de-ch\/"},{"@type":"ListItem","position":2,"name":"W\u00e4schereitechnik"}]},{"@type":"WebSite","@id":"https:\/\/www.electroluxprofessional.com\/de-ch\/#website","url":"https:\/\/www.electroluxprofessional.com\/de-ch\/","name":"Electrolux Professional Schweiz","description":"","potentialAction":[{"@type":"SearchAction","target":{"@type":"EntryPoint","urlTemplate":"https:\/\/www.electroluxprofessional.com\/de-ch\/?src={search_term_string}"},"query-input":"required name=search_term_string"}],"inLanguage":"de-CH"}]}},"_links":{"self":[{"href":"https:\/\/www.electroluxprofessional.com\/de-ch\/wp-json\/wp\/v2\/pages\/745"}],"collection":[{"href":"https:\/\/www.electroluxprofessional.com\/de-ch\/wp-json\/wp\/v2\/pages"}],"about":[{"href":"https:\/\/www.electroluxprofessional.com\/de-ch\/wp-json\/wp\/v2\/types\/page"}],"author":[{"embeddable":true,"href":"https:\/\/www.electroluxprofessional.com\/de-ch\/wp-json\/wp\/v2\/users\/5"}],"replies":[{"embeddable":true,"href":"https:\/\/www.electroluxprofessional.com\/de-ch\/wp-json\/wp\/v2\/comments?post=745"}],"version-history":[{"count":21,"href":"https:\/\/www.electroluxprofessional.com\/de-ch\/wp-json\/wp\/v2\/pages\/745\/revisions"}],"predecessor-version":[{"id":19953,"href":"https:\/\/www.electroluxprofessional.com\/de-ch\/wp-json\/wp\/v2\/pages\/745\/revisions\/19953"}],"wp:attachment":[{"href":"https:\/\/www.electroluxprofessional.com\/de-ch\/wp-json\/wp\/v2\/media?parent=745"}],"curies":[{"name":"wp","href":"https:\/\/api.w.org\/{rel}","templated":true}]}}