{"id":7391,"date":"2019-03-28T17:06:27","date_gmt":"2019-03-28T16:06:27","guid":{"rendered":"https:\/\/www.electroluxprofessional.com\/?page_id=22169"},"modified":"2026-03-27T06:50:40","modified_gmt":"2026-03-27T06:50:40","slug":"heissgetraenkespender","status":"publish","type":"page","link":"https:\/\/www.electroluxprofessional.com\/de-ch\/getraenkeloesungen\/heissgetraenkespender\/","title":{"rendered":"Hei\u00dfgetr\u00e4nkespender"},"content":{"rendered":"<p>[vc_row full_width=&#8221;electroluxpro-full-width-no-padding&#8221;][vc_column][elx_image_block background_image=&#8221;7384&#8243; minimum_height=&#8221;350px&#8221;][vc_empty_space][\/vc_column][\/vc_row][vc_row][vc_column width=&#8221;2\/3&#8243;][elx_heading font_container=&#8221;h1&#8243; font_size=&#8221;h3&#8243; text_color=&#8221;inherit&#8221;]Heissgetr\u00e4nkespender[\/elx_heading][vc_column_text]Ein inspirierendes Geschmackserlebnis: k\u00f6stliche Heissgetr\u00e4nke f\u00fcr jede Tageszeit.[\/vc_column_text][\/vc_column][vc_column width=&#8221;1\/3&#8243;][elx_download_block text=&#8221;Ger\u00e4tel\u00f6sungen f\u00fcr Heiss- und Kaltgetr\u00e4nke<br \/>\nProduktkatalog (englisch) herunterladen&#8221; link=&#8221;https:\/\/tools.professional.electrolux.com\/Mirror\/Doc\/BR\/BR_BR-9JE00131_1_5_1_3_brochure-beverage-LOW-RES.pdf&#8221; background_color=&#8221;electrolux-blue&#8221; background_hover_color=&#8221;lighter-hover&#8221;][\/vc_column][\/vc_row][vc_row][vc_column width=&#8221;2\/3&#8243;][elx_heading font_size=&#8221;h3&#8243; text_color=&#8221;electrolux-blue&#8221; text_align=&#8221;text-left&#8221;]Heissgetr\u00e4nkespender<br \/>\nf\u00fcr l\u00f6sliche Produkte[\/elx_heading][elx_heading font_container=&#8221;h3&#8243; font_size=&#8221;h5&#8243; text_color=&#8221;electrolux-blue&#8221; text_align=&#8221;text-left&#8221;]Qualitativ hochwertige Heissgetr\u00e4nke auf Knopfdruck[\/elx_heading][vc_column_text]Praktische benutzer- und wartungsfreundliche <strong>Heissgetr\u00e4nkespender f\u00fcr l\u00f6sliche Produkte<\/strong>.<br \/>\nDie optisch ansprechende\u00a0<strong>Ger\u00e4tefront mit Hintergrundbeleuchtung<\/strong>\u00a0verdeutlicht die Getr\u00e4nkeauswahl.<br \/>\nDer Heissgetr\u00e4nkespender passt in jede Umgebung und sorgt f\u00fcr eine Aufwertung Ihres Betriebs.[\/vc_column_text][\/vc_column][vc_column width=&#8221;1\/3&#8243;][vc_single_image image=&#8221;8364&#8243; img_size=&#8221;full&#8221; alignment=&#8221;right&#8221;][\/vc_column][\/vc_row][vc_row][vc_column][vc_empty_space height=&#8221;42px&#8221;][\/vc_column][\/vc_row][vc_row][vc_column width=&#8221;3\/4&#8243;][elx_heading font_size=&#8221;h3&#8243; text_color=&#8221;inherit&#8221;]Kakaospender[\/elx_heading][elx_heading font_container=&#8221;h3&#8243; font_size=&#8221;h5&#8243; text_color=&#8221;inherit&#8221;]Geniessen Sie ein einzigartiges Kakaoerlebnis![\/elx_heading][vc_column_text]Unsere Kakaospender sind nicht nur <strong>leicht, kompakt und funktional<\/strong>, sondern auch schnell und einfach zu reinigen.<br \/>\nProbieren Sie unsere heisse Schokolade aus dem Zapfhahn.[\/vc_column_text][vc_empty_space][\/vc_column][vc_column width=&#8221;1\/4&#8243;][vc_single_image image=&#8221;8360&#8243; img_size=&#8221;full&#8221;][\/vc_column][\/vc_row][vc_row][vc_column][vc_empty_space height=&#8221;60px&#8221;][\/vc_column][\/vc_row][vc_row][vc_column width=&#8221;1\/3&#8243;][elx_image_block background_image=&#8221;7386&#8243; minimum_height=&#8221;360px&#8221;][\/vc_column][vc_column width=&#8221;1\/3&#8243;][elx_image_block background_image=&#8221;7387&#8243; minimum_height=&#8221;360px&#8221;][\/vc_column][vc_column width=&#8221;1\/3&#8243;][elx_image_block background_image=&#8221;7388&#8243; minimum_height=&#8221;360px&#8221;][\/vc_column][\/vc_row][vc_row disable_element=&#8221;yes&#8221;][vc_column][vc_empty_space height=&#8221;50px&#8221;][\/vc_column][\/vc_row][vc_row matched_labels=&#8221;&#8221; css=&#8221;.vc_custom_1774594210037{border-top-width: 1px !important;background-color: #ffffff !important;border-top-color: #eeeeee !important;border-top-style: solid !important;}&#8221;][vc_column reveal_effect=&#8221;&#8221;][vc_empty_space height=&#8221;80px&#8221;][elx_heading font_size=&#8221;h3&#8243; text_color=&#8221;inherit&#8221; text_align=&#8221;text-left&#8221;]Erfahren Sie mehr \u00fcber unsere Hei\u00dfgetr\u00e4nkespender[\/elx_heading][elx_o2000_contact_us s=&#8221;Request of information about Hot beverage dispensers&#8221; request_type=&#8221;Other&#8221; country=&#8221;Switzerland&#8221; b=&#8221;beverage&#8221; r=&#8221;I&#8217;d like to find out more about Hot beverage dispensers. Please get in touch with me. Thanks.&#8221; l=&#8221;en&#8221;][\/vc_column][\/vc_row][vc_row css=&#8221;.vc_custom_1516904946877{border-top-width: 1px !important;background-color: #ffffff !important;border-top-color: #eeeeee !important;border-top-style: solid !important;}&#8221;][vc_column reveal_effect=&#8221;&#8221;][vc_empty_space height=&#8221;80px&#8221;][elx_heading font_size=&#8221;h3&#8243; text_color=&#8221;inherit&#8221; text_align=&#8221;text-left&#8221;]Erfahren Sie mehr \u00fcber unsere Heissgetr\u00e4nkespender[\/elx_heading][elx_button button_text=&#8221;Zu den Produkten (englische Webseite)&#8221; button_link=&#8221;url:https%3A%2F%2Fwww.electroluxprofessional.com%2Fbeverage-solutions%2Fhot-beverage-dispensers%2F|title:Hei%C3%9Fgetr%C3%A4nkespender||&#8221;][\/vc_column][\/vc_row][vc_row][vc_column][vc_empty_space height=&#8221;100px&#8221;][elx_heading font_size=&#8221;h3&#8243; text_color=&#8221;inherit&#8221; text_align=&#8221;text-left&#8221;]Finden Sie Ihre Komplett-L\u00f6sung[\/elx_heading][\/vc_column][\/vc_row][vc_row][vc_column width=&#8221;1\/3&#8243;][elx_maylike_box id_box=&#8221;337&#8243;][\/vc_column][vc_column width=&#8221;1\/3&#8243;][elx_maylike_box id_box=&#8221;374&#8243;][\/vc_column][vc_column width=&#8221;1\/3&#8243;][elx_maylike_box id_box=&#8221;1398&#8243;][\/vc_column][\/vc_row]<\/p>\n","protected":false},"excerpt":{"rendered":"<p>[vc_row full_width=&#8221;electroluxpro-full-width-no-padding&#8221;][vc_column][elx_image_block background_image=&#8221;7384&#8243; minimum_height=&#8221;350px&#8221;][vc_empty_space][\/vc_column][\/vc_row][vc_row][vc_column width=&#8221;2\/3&#8243;][elx_heading font_container=&#8221;h1&#8243; font_size=&#8221;h3&#8243; text_color=&#8221;inherit&#8221;]Heissgetr\u00e4nkespender[\/elx_heading][vc_column_text]Ein inspirierendes Geschmackserlebnis: k\u00f6stliche Heissgetr\u00e4nke f\u00fcr jede Tageszeit.[\/vc_column_text][\/vc_column][vc_column width=&#8221;1\/3&#8243;][elx_download_block text=&#8221;Ger\u00e4tel\u00f6sungen f\u00fcr Heiss- und Kaltgetr\u00e4nke Produktkatalog (englisch) herunterladen&#8221; link=&#8221;https:\/\/tools.professional.electrolux.com\/Mirror\/Doc\/BR\/BR_BR-9JE00131_1_5_1_3_brochure-beverage-LOW-RES.pdf&#8221; background_color=&#8221;electrolux-blue&#8221; background_hover_color=&#8221;lighter-hover&#8221;][\/vc_column][\/vc_row][vc_row][vc_column width=&#8221;2\/3&#8243;][elx_heading font_size=&#8221;h3&#8243; text_color=&#8221;electrolux-blue&#8221; text_align=&#8221;text-left&#8221;]Heissgetr\u00e4nkespender f\u00fcr l\u00f6sliche Produkte[\/elx_heading][elx_heading font_container=&#8221;h3&#8243; font_size=&#8221;h5&#8243; text_color=&#8221;electrolux-blue&#8221; text_align=&#8221;text-left&#8221;]Qualitativ hochwertige Heissgetr\u00e4nke auf Knopfdruck[\/elx_heading][vc_column_text]Praktische benutzer- und wartungsfreundliche Heissgetr\u00e4nkespender f\u00fcr l\u00f6sliche Produkte. Die optisch ansprechende\u00a0Ger\u00e4tefront mit Hintergrundbeleuchtung\u00a0verdeutlicht die [&hellip;]<\/p>\n","protected":false},"author":1,"featured_media":0,"parent":7324,"menu_order":0,"comment_status":"closed","ping_status":"closed","template":"","meta":{"footnotes":""},"class_list":["post-7391","page","type-page","status-publish","hentry"],"acf":[],"yoast_head":"<!-- This site is optimized with the Yoast SEO plugin v23.3 - https:\/\/yoast.com\/wordpress\/plugins\/seo\/ -->\n<title>Heissgetr\u00e4nkespender | Electrolux Professional<\/title>\n<meta name=\"description\" content=\"Praktische benutzer- und wartungsfreundliche Heissgetr\u00e4nkespender f\u00fcr l\u00f6sliche Produkte mit optisch ansprechenden Ger\u00e4tefronten.\" \/>\n<meta name=\"robots\" content=\"index, follow, max-snippet:-1, max-image-preview:large, max-video-preview:-1\" \/>\n<link rel=\"canonical\" href=\"https:\/\/www.electroluxprofessional.com\/de-ch\/getraenkeloesungen\/heissgetraenkespender\/\" \/>\n<meta property=\"og:locale\" content=\"de_DE\" \/>\n<meta property=\"og:type\" content=\"article\" \/>\n<meta property=\"og:title\" content=\"Heissgetr\u00e4nkespender | Electrolux Professional\" \/>\n<meta property=\"og:description\" content=\"Praktische benutzer- und wartungsfreundliche Heissgetr\u00e4nkespender f\u00fcr l\u00f6sliche Produkte mit optisch ansprechenden Ger\u00e4tefronten.\" \/>\n<meta property=\"og:url\" content=\"https:\/\/www.electroluxprofessional.com\/de-ch\/getraenkeloesungen\/heissgetraenkespender\/\" \/>\n<meta property=\"og:site_name\" content=\"Electrolux Professional Schweiz\" \/>\n<meta property=\"article:modified_time\" content=\"2026-03-27T06:50:40+00:00\" \/>\n<meta name=\"twitter:card\" content=\"summary_large_image\" \/>\n<meta name=\"twitter:label1\" content=\"Gesch\u00e4tzte Lesezeit\" \/>\n\t<meta name=\"twitter:data1\" content=\"3 Minuten\" \/>\n<script type=\"application\/ld+json\" class=\"yoast-schema-graph\">{\"@context\":\"https:\/\/schema.org\",\"@graph\":[{\"@type\":\"WebPage\",\"@id\":\"https:\/\/www.electroluxprofessional.com\/de-ch\/getraenkeloesungen\/heissgetraenkespender\/\",\"url\":\"https:\/\/www.electroluxprofessional.com\/de-ch\/getraenkeloesungen\/heissgetraenkespender\/\",\"name\":\"Heissgetr\u00e4nkespender | Electrolux Professional\",\"isPartOf\":{\"@id\":\"https:\/\/www.electroluxprofessional.com\/de-ch\/#website\"},\"datePublished\":\"2019-03-28T16:06:27+00:00\",\"dateModified\":\"2026-03-27T06:50:40+00:00\",\"description\":\"Praktische benutzer- und wartungsfreundliche Heissgetr\u00e4nkespender f\u00fcr l\u00f6sliche Produkte mit optisch ansprechenden Ger\u00e4tefronten.\",\"breadcrumb\":{\"@id\":\"https:\/\/www.electroluxprofessional.com\/de-ch\/getraenkeloesungen\/heissgetraenkespender\/#breadcrumb\"},\"inLanguage\":\"de-CH\",\"potentialAction\":[{\"@type\":\"ReadAction\",\"target\":[\"https:\/\/www.electroluxprofessional.com\/de-ch\/getraenkeloesungen\/heissgetraenkespender\/\"]}]},{\"@type\":\"BreadcrumbList\",\"@id\":\"https:\/\/www.electroluxprofessional.com\/de-ch\/getraenkeloesungen\/heissgetraenkespender\/#breadcrumb\",\"itemListElement\":[{\"@type\":\"ListItem\",\"position\":1,\"name\":\"Home\",\"item\":\"https:\/\/www.electroluxprofessional.com\/de-ch\/\"},{\"@type\":\"ListItem\",\"position\":2,\"name\":\"Getr\u00e4nkel\u00f6sungen\",\"item\":\"https:\/\/www.electroluxprofessional.com\/de-ch\/getraenkeloesungen\/\"},{\"@type\":\"ListItem\",\"position\":3,\"name\":\"Hei\u00dfgetr\u00e4nkespender\"}]},{\"@type\":\"WebSite\",\"@id\":\"https:\/\/www.electroluxprofessional.com\/de-ch\/#website\",\"url\":\"https:\/\/www.electroluxprofessional.com\/de-ch\/\",\"name\":\"Electrolux Professional Schweiz\",\"description\":\"\",\"potentialAction\":[{\"@type\":\"SearchAction\",\"target\":{\"@type\":\"EntryPoint\",\"urlTemplate\":\"https:\/\/www.electroluxprofessional.com\/de-ch\/?src={search_term_string}\"},\"query-input\":\"required name=search_term_string\"}],\"inLanguage\":\"de-CH\"}]}<\/script>\n<!-- \/ Yoast SEO plugin. -->","yoast_head_json":{"title":"Heissgetr\u00e4nkespender | Electrolux Professional","description":"Praktische benutzer- und wartungsfreundliche Heissgetr\u00e4nkespender f\u00fcr l\u00f6sliche Produkte mit optisch ansprechenden Ger\u00e4tefronten.","robots":{"index":"index","follow":"follow","max-snippet":"max-snippet:-1","max-image-preview":"max-image-preview:large","max-video-preview":"max-video-preview:-1"},"canonical":"https:\/\/www.electroluxprofessional.com\/de-ch\/getraenkeloesungen\/heissgetraenkespender\/","og_locale":"de_DE","og_type":"article","og_title":"Heissgetr\u00e4nkespender | Electrolux Professional","og_description":"Praktische benutzer- und wartungsfreundliche Heissgetr\u00e4nkespender f\u00fcr l\u00f6sliche Produkte mit optisch ansprechenden Ger\u00e4tefronten.","og_url":"https:\/\/www.electroluxprofessional.com\/de-ch\/getraenkeloesungen\/heissgetraenkespender\/","og_site_name":"Electrolux Professional Schweiz","article_modified_time":"2026-03-27T06:50:40+00:00","twitter_card":"summary_large_image","twitter_misc":{"Gesch\u00e4tzte Lesezeit":"3 Minuten"},"schema":{"@context":"https:\/\/schema.org","@graph":[{"@type":"WebPage","@id":"https:\/\/www.electroluxprofessional.com\/de-ch\/getraenkeloesungen\/heissgetraenkespender\/","url":"https:\/\/www.electroluxprofessional.com\/de-ch\/getraenkeloesungen\/heissgetraenkespender\/","name":"Heissgetr\u00e4nkespender | Electrolux Professional","isPartOf":{"@id":"https:\/\/www.electroluxprofessional.com\/de-ch\/#website"},"datePublished":"2019-03-28T16:06:27+00:00","dateModified":"2026-03-27T06:50:40+00:00","description":"Praktische benutzer- und wartungsfreundliche Heissgetr\u00e4nkespender f\u00fcr l\u00f6sliche Produkte mit optisch ansprechenden Ger\u00e4tefronten.","breadcrumb":{"@id":"https:\/\/www.electroluxprofessional.com\/de-ch\/getraenkeloesungen\/heissgetraenkespender\/#breadcrumb"},"inLanguage":"de-CH","potentialAction":[{"@type":"ReadAction","target":["https:\/\/www.electroluxprofessional.com\/de-ch\/getraenkeloesungen\/heissgetraenkespender\/"]}]},{"@type":"BreadcrumbList","@id":"https:\/\/www.electroluxprofessional.com\/de-ch\/getraenkeloesungen\/heissgetraenkespender\/#breadcrumb","itemListElement":[{"@type":"ListItem","position":1,"name":"Home","item":"https:\/\/www.electroluxprofessional.com\/de-ch\/"},{"@type":"ListItem","position":2,"name":"Getr\u00e4nkel\u00f6sungen","item":"https:\/\/www.electroluxprofessional.com\/de-ch\/getraenkeloesungen\/"},{"@type":"ListItem","position":3,"name":"Hei\u00dfgetr\u00e4nkespender"}]},{"@type":"WebSite","@id":"https:\/\/www.electroluxprofessional.com\/de-ch\/#website","url":"https:\/\/www.electroluxprofessional.com\/de-ch\/","name":"Electrolux Professional Schweiz","description":"","potentialAction":[{"@type":"SearchAction","target":{"@type":"EntryPoint","urlTemplate":"https:\/\/www.electroluxprofessional.com\/de-ch\/?src={search_term_string}"},"query-input":"required name=search_term_string"}],"inLanguage":"de-CH"}]}},"_links":{"self":[{"href":"https:\/\/www.electroluxprofessional.com\/de-ch\/wp-json\/wp\/v2\/pages\/7391"}],"collection":[{"href":"https:\/\/www.electroluxprofessional.com\/de-ch\/wp-json\/wp\/v2\/pages"}],"about":[{"href":"https:\/\/www.electroluxprofessional.com\/de-ch\/wp-json\/wp\/v2\/types\/page"}],"author":[{"embeddable":true,"href":"https:\/\/www.electroluxprofessional.com\/de-ch\/wp-json\/wp\/v2\/users\/1"}],"replies":[{"embeddable":true,"href":"https:\/\/www.electroluxprofessional.com\/de-ch\/wp-json\/wp\/v2\/comments?post=7391"}],"version-history":[{"count":14,"href":"https:\/\/www.electroluxprofessional.com\/de-ch\/wp-json\/wp\/v2\/pages\/7391\/revisions"}],"predecessor-version":[{"id":20537,"href":"https:\/\/www.electroluxprofessional.com\/de-ch\/wp-json\/wp\/v2\/pages\/7391\/revisions\/20537"}],"up":[{"embeddable":true,"href":"https:\/\/www.electroluxprofessional.com\/de-ch\/wp-json\/wp\/v2\/pages\/7324"}],"wp:attachment":[{"href":"https:\/\/www.electroluxprofessional.com\/de-ch\/wp-json\/wp\/v2\/media?parent=7391"}],"curies":[{"name":"wp","href":"https:\/\/api.w.org\/{rel}","templated":true}]}}