{"id":7382,"date":"2019-09-06T10:57:24","date_gmt":"2019-09-06T08:57:24","guid":{"rendered":"https:\/\/www.electroluxprofessional.com\/?page_id=25033"},"modified":"2026-04-14T05:04:57","modified_gmt":"2026-04-14T05:04:57","slug":"espressomaschinen","status":"publish","type":"page","link":"https:\/\/www.electroluxprofessional.com\/de-ch\/getraenkeloesungen\/espressomaschinen\/","title":{"rendered":"Espressomaschinen"},"content":{"rendered":"<p>[vc_row full_width=&#8221;electroluxpro-full-width-no-padding&#8221;][vc_column][elx_image_block background_image=&#8221;7374&#8243; minimum_height=&#8221;350px&#8221;][vc_empty_space][\/vc_column][\/vc_row][vc_row][vc_column][elx_heading font_container=&#8221;h1&#8243; text_color=&#8221;inherit&#8221;]Espressomaschinen[\/elx_heading][vc_empty_space][\/vc_column][\/vc_row][vc_row][vc_column width=&#8221;1\/2&#8243;][vc_empty_space][vc_single_image image=&#8221;8355&#8243; img_size=&#8221;full&#8221;][\/vc_column][vc_column width=&#8221;1\/2&#8243;][vc_column_text]<strong>Espressomaschinen<\/strong> von Electrolux Professional bieten Ihnen das volle Geschmackserlebnis. Dank einer perfekten Kombination aus Design und Technologie steht Ihnen die beste Espressomaschine zur Verf\u00fcgung, ganz gleich, ob Sie ein kleines Restaurant oder ein grosses Caf\u00e9 betreiben.[\/vc_column_text][vc_empty_space][elx_download_block text=&#8221;Ger\u00e4tel\u00f6sungen f\u00fcr Heiss- und Kaltgetr\u00e4nke Produktkatalog (Englisch) herunterladen&#8221; file_picker=&#8221;9617&#8243; background_color=&#8221;electrolux-blue&#8221; background_image=&#8221;7375&#8243;][vc_empty_space][elx_o2000_contact_us s=&#8221;Anfrage zu: Espressomaschinen&#8221; request_type=&#8221;Other&#8221; country=&#8221;Switzerland&#8221; b=&#8221;beverage&#8221; thanks=&#8221;Vielen Dank f\u00fcr Ihre Kontaktanfrage. Wir freuen uns \u00fcber Ihr Interesse und melden uns schnellstm\u00f6glich mit den gew\u00fcnschten Informationen bei Ihnen.&#8221; button_mode=&#8221;true&#8221; button_style=&#8221;secondary-bordered&#8221; postion_button=&#8221;text-left&#8221; postion_button_mobile=&#8221;text-left-mobile&#8221; text_btn_contact=&#8221;Kontaktieren Sie uns&#8221;][vc_empty_space][elx_button button_text=&#8221;Zu den Produkten (englische Webseite)&#8221; button_style=&#8221;secondary-bordered&#8221; button_link=&#8221;url:https%3A%2F%2Fwww.electroluxprofessional.com%2Fbeverage-solutions%2Fespresso-coffee-machines%2F%23products||target:%20_blank|&#8221;][vc_empty_space height=&#8221;68px&#8221;][\/vc_column][\/vc_row][vc_row][vc_column width=&#8221;2\/3&#8243;][elx_heading text_color=&#8221;inherit&#8221;]Kr\u00e4ftiges Aroma, perfekte Leistung![\/elx_heading][vc_column_text]Unsere Espressomaschinen arbeiten schnell und lassen sich <strong>auf verschiedene Br\u00fchverfahren einstellen<\/strong>. Sie bieten ein exzellentes Ergebnis, Tasse f\u00fcr Tasse, ganz gleich, ob Sie Bohnen, Pads oder Kapseln verwenden.<\/p>\n<p>Electrolux Professional bietet Ihnen Espressomaschinen in verschiedenen Ausf\u00fchrungen, die <strong>ganz auf Ihre Bed\u00fcrfnisse abgestimmt<\/strong> werden k\u00f6nnen. W\u00e4hlen Sie aus unserem breiten Ger\u00e4tespektrum \u2013 von herk\u00f6mmlichen Espressomaschinen bis hin zu Vollautomaten bzw. Eintassen-Vollautomaten \u2013 die beste L\u00f6sung f\u00fcr Ihre Anforderungen. Ganz gleich, wie Sie sich entscheiden, es erwartet Sie ein Espresso der besten Qualit\u00e4t.[\/vc_column_text][\/vc_column][vc_column width=&#8221;1\/3&#8243;][vc_empty_space][elx_image_block background_image=&#8221;7376&#8243; minimum_height=&#8221;260px&#8221;][\/vc_column][\/vc_row][vc_row disable_element=&#8221;yes&#8221;][vc_column width=&#8221;1\/3&#8243;][vc_empty_space][elx_image_block background_image=&#8221;7377&#8243; minimum_height=&#8221;250px&#8221;][\/vc_column][vc_column width=&#8221;2\/3&#8243;][elx_heading text_color=&#8221;inherit&#8221;]TANGO \u2013 der einzigartige Vollautomat f\u00fcr die automatisierte Espressozubereitung[\/elx_heading][vc_column_text]Der <strong>Espresso-Vollautomat TANGO<\/strong>\u00a0hebt Ihre Ger\u00e4tel\u00f6sungen f\u00fcr die Kaffeezubereitung auf ein neues Niveau. Als absolute Branchenneuheit erm\u00f6glicht die Ausf\u00fchrung <strong>TANGO DUO<\/strong> die <strong>gleichzeitige Zubereitung von 4 Espressi<\/strong>. Dies erm\u00f6glicht eine hohe Ger\u00e4teleistung bei bester Espressoqualit\u00e4t.<\/p>\n<p>Die TANGO-Technologie beinhaltet ferner den neuen Milchbeh\u00e4lter TANGO\u00a0STP Fridge, die perfekte L\u00f6sung, um Milch zu k\u00fchlen und zur Zubereitung der unterschiedlichsten Kaffeevariationen der Maschine zuzuf\u00fchren.[\/vc_column_text][\/vc_column][\/vc_row][vc_row][vc_column width=&#8221;1\/3&#8243;][vc_empty_space][elx_image_block background_image=&#8221;7378&#8243; minimum_height=&#8221;350px&#8221;][\/vc_column][vc_column width=&#8221;1\/3&#8243;][vc_empty_space][elx_image_block background_image=&#8221;7379&#8243; minimum_height=&#8221;350px&#8221;][\/vc_column][vc_column width=&#8221;1\/3&#8243;][vc_empty_space][elx_image_block background_image=&#8221;7380&#8243; minimum_height=&#8221;350px&#8221;][\/vc_column][\/vc_row][vc_row disable_element=&#8221;yes&#8221; el_id=&#8221;products&#8221;][vc_column][vc_empty_space][\/vc_column][\/vc_row][vc_row][vc_column][vc_empty_space][elx_heading text_color=&#8221;inherit&#8221; text_align=&#8221;text-center&#8221;]Erfahren Sie mehr \u00fcber Espressomaschinen[\/elx_heading][elx_o2000_contact_us s=&#8221;Anfrage zu: Espressomaschinen&#8221; request_type=&#8221;Other&#8221; country=&#8221;Switzerland&#8221; b=&#8221;beverage&#8221; thanks=&#8221;Vielen Dank f\u00fcr Ihre Kontaktanfrage. Wir freuen uns \u00fcber Ihr Interesse und melden uns schnellstm\u00f6glich mit den gew\u00fcnschten Informationen bei Ihnen.&#8221;][\/vc_column][\/vc_row][vc_row][vc_column][vc_empty_space][elx_heading text_color=&#8221;inherit&#8221;]Finden Sie Ihre Komplett-L\u00f6sung[\/elx_heading][\/vc_column][\/vc_row][vc_row][vc_column width=&#8221;1\/3&#8243;][elx_maylike_box id_box=&#8221;337&#8243;][\/vc_column][vc_column width=&#8221;1\/3&#8243;][elx_maylike_box id_box=&#8221;374&#8243;][\/vc_column][vc_column width=&#8221;1\/3&#8243;][elx_maylike_box id_box=&#8221;1445&#8243;][\/vc_column][\/vc_row]<\/p>\n","protected":false},"excerpt":{"rendered":"<p>[vc_row full_width=&#8221;electroluxpro-full-width-no-padding&#8221;][vc_column][elx_image_block background_image=&#8221;7374&#8243; minimum_height=&#8221;350px&#8221;][vc_empty_space][\/vc_column][\/vc_row][vc_row][vc_column][elx_heading font_container=&#8221;h1&#8243; text_color=&#8221;inherit&#8221;]Espressomaschinen[\/elx_heading][vc_empty_space][\/vc_column][\/vc_row][vc_row][vc_column width=&#8221;1\/2&#8243;][vc_empty_space][vc_single_image image=&#8221;8355&#8243; img_size=&#8221;full&#8221;][\/vc_column][vc_column width=&#8221;1\/2&#8243;][vc_column_text]Espressomaschinen von Electrolux Professional bieten Ihnen das volle Geschmackserlebnis. Dank einer perfekten Kombination aus Design und Technologie steht Ihnen die beste Espressomaschine zur Verf\u00fcgung, ganz gleich, ob Sie ein kleines Restaurant oder ein grosses Caf\u00e9 betreiben.[\/vc_column_text][vc_empty_space][elx_download_block text=&#8221;Ger\u00e4tel\u00f6sungen f\u00fcr Heiss- und Kaltgetr\u00e4nke Produktkatalog (Englisch) herunterladen&#8221; file_picker=&#8221;9617&#8243; background_color=&#8221;electrolux-blue&#8221; [&hellip;]<\/p>\n","protected":false},"author":1,"featured_media":7373,"parent":7324,"menu_order":0,"comment_status":"closed","ping_status":"closed","template":"","meta":{"footnotes":""},"class_list":["post-7382","page","type-page","status-publish","has-post-thumbnail","hentry"],"acf":[],"yoast_head":"<!-- This site is optimized with the Yoast SEO plugin v23.3 - https:\/\/yoast.com\/wordpress\/plugins\/seo\/ -->\n<title>Espressomaschinen | Electrolux Professional<\/title>\n<meta name=\"description\" content=\"Dank einer perfekten Kombination aus Design und Technologie bieten Ihnen unsere Espressomaschinen das volle Geschmackserlebnis.\" \/>\n<meta name=\"robots\" content=\"index, follow, max-snippet:-1, max-image-preview:large, max-video-preview:-1\" \/>\n<link rel=\"canonical\" href=\"https:\/\/www.electroluxprofessional.com\/de-ch\/getraenkeloesungen\/espressomaschinen\/\" \/>\n<meta property=\"og:locale\" content=\"de_DE\" \/>\n<meta property=\"og:type\" content=\"article\" \/>\n<meta property=\"og:title\" content=\"Espressomaschinen | Electrolux Professional\" \/>\n<meta property=\"og:description\" content=\"Dank einer perfekten Kombination aus Design und Technologie bieten Ihnen unsere Espressomaschinen das volle Geschmackserlebnis.\" \/>\n<meta property=\"og:url\" content=\"https:\/\/www.electroluxprofessional.com\/de-ch\/getraenkeloesungen\/espressomaschinen\/\" \/>\n<meta property=\"og:site_name\" content=\"Electrolux Professional Schweiz\" \/>\n<meta property=\"article:modified_time\" content=\"2026-04-14T05:04:57+00:00\" \/>\n<meta property=\"og:image\" content=\"https:\/\/www.electroluxprofessional.com\/de-ch\/wp-content\/uploads\/2019\/09\/espresso-coffee-machines-1.jpg\" \/>\n\t<meta property=\"og:image:width\" content=\"878\" \/>\n\t<meta property=\"og:image:height\" content=\"586\" \/>\n\t<meta property=\"og:image:type\" content=\"image\/jpeg\" \/>\n<meta name=\"twitter:card\" content=\"summary_large_image\" \/>\n<meta name=\"twitter:label1\" content=\"Gesch\u00e4tzte Lesezeit\" \/>\n\t<meta name=\"twitter:data1\" content=\"4 Minuten\" \/>\n<script type=\"application\/ld+json\" class=\"yoast-schema-graph\">{\"@context\":\"https:\/\/schema.org\",\"@graph\":[{\"@type\":\"WebPage\",\"@id\":\"https:\/\/www.electroluxprofessional.com\/de-ch\/getraenkeloesungen\/espressomaschinen\/\",\"url\":\"https:\/\/www.electroluxprofessional.com\/de-ch\/getraenkeloesungen\/espressomaschinen\/\",\"name\":\"Espressomaschinen | Electrolux Professional\",\"isPartOf\":{\"@id\":\"https:\/\/www.electroluxprofessional.com\/de-ch\/#website\"},\"primaryImageOfPage\":{\"@id\":\"https:\/\/www.electroluxprofessional.com\/de-ch\/getraenkeloesungen\/espressomaschinen\/#primaryimage\"},\"image\":{\"@id\":\"https:\/\/www.electroluxprofessional.com\/de-ch\/getraenkeloesungen\/espressomaschinen\/#primaryimage\"},\"thumbnailUrl\":\"https:\/\/www.electroluxprofessional.com\/de-ch\/wp-content\/uploads\/2019\/09\/espresso-coffee-machines-1.jpg\",\"datePublished\":\"2019-09-06T08:57:24+00:00\",\"dateModified\":\"2026-04-14T05:04:57+00:00\",\"description\":\"Dank einer perfekten Kombination aus Design und Technologie bieten Ihnen unsere Espressomaschinen das volle Geschmackserlebnis.\",\"breadcrumb\":{\"@id\":\"https:\/\/www.electroluxprofessional.com\/de-ch\/getraenkeloesungen\/espressomaschinen\/#breadcrumb\"},\"inLanguage\":\"de-CH\",\"potentialAction\":[{\"@type\":\"ReadAction\",\"target\":[\"https:\/\/www.electroluxprofessional.com\/de-ch\/getraenkeloesungen\/espressomaschinen\/\"]}]},{\"@type\":\"ImageObject\",\"inLanguage\":\"de-CH\",\"@id\":\"https:\/\/www.electroluxprofessional.com\/de-ch\/getraenkeloesungen\/espressomaschinen\/#primaryimage\",\"url\":\"https:\/\/www.electroluxprofessional.com\/de-ch\/wp-content\/uploads\/2019\/09\/espresso-coffee-machines-1.jpg\",\"contentUrl\":\"https:\/\/www.electroluxprofessional.com\/de-ch\/wp-content\/uploads\/2019\/09\/espresso-coffee-machines-1.jpg\",\"width\":878,\"height\":586,\"caption\":\"Espresso coffee machines\"},{\"@type\":\"BreadcrumbList\",\"@id\":\"https:\/\/www.electroluxprofessional.com\/de-ch\/getraenkeloesungen\/espressomaschinen\/#breadcrumb\",\"itemListElement\":[{\"@type\":\"ListItem\",\"position\":1,\"name\":\"Home\",\"item\":\"https:\/\/www.electroluxprofessional.com\/de-ch\/\"},{\"@type\":\"ListItem\",\"position\":2,\"name\":\"Getr\u00e4nkel\u00f6sungen\",\"item\":\"https:\/\/www.electroluxprofessional.com\/de-ch\/getraenkeloesungen\/\"},{\"@type\":\"ListItem\",\"position\":3,\"name\":\"Espressomaschinen\"}]},{\"@type\":\"WebSite\",\"@id\":\"https:\/\/www.electroluxprofessional.com\/de-ch\/#website\",\"url\":\"https:\/\/www.electroluxprofessional.com\/de-ch\/\",\"name\":\"Electrolux Professional Schweiz\",\"description\":\"\",\"potentialAction\":[{\"@type\":\"SearchAction\",\"target\":{\"@type\":\"EntryPoint\",\"urlTemplate\":\"https:\/\/www.electroluxprofessional.com\/de-ch\/?src={search_term_string}\"},\"query-input\":\"required name=search_term_string\"}],\"inLanguage\":\"de-CH\"}]}<\/script>\n<!-- \/ Yoast SEO plugin. -->","yoast_head_json":{"title":"Espressomaschinen | Electrolux Professional","description":"Dank einer perfekten Kombination aus Design und Technologie bieten Ihnen unsere Espressomaschinen das volle Geschmackserlebnis.","robots":{"index":"index","follow":"follow","max-snippet":"max-snippet:-1","max-image-preview":"max-image-preview:large","max-video-preview":"max-video-preview:-1"},"canonical":"https:\/\/www.electroluxprofessional.com\/de-ch\/getraenkeloesungen\/espressomaschinen\/","og_locale":"de_DE","og_type":"article","og_title":"Espressomaschinen | Electrolux Professional","og_description":"Dank einer perfekten Kombination aus Design und Technologie bieten Ihnen unsere Espressomaschinen das volle Geschmackserlebnis.","og_url":"https:\/\/www.electroluxprofessional.com\/de-ch\/getraenkeloesungen\/espressomaschinen\/","og_site_name":"Electrolux Professional Schweiz","article_modified_time":"2026-04-14T05:04:57+00:00","og_image":[{"width":878,"height":586,"url":"https:\/\/www.electroluxprofessional.com\/de-ch\/wp-content\/uploads\/2019\/09\/espresso-coffee-machines-1.jpg","type":"image\/jpeg"}],"twitter_card":"summary_large_image","twitter_misc":{"Gesch\u00e4tzte Lesezeit":"4 Minuten"},"schema":{"@context":"https:\/\/schema.org","@graph":[{"@type":"WebPage","@id":"https:\/\/www.electroluxprofessional.com\/de-ch\/getraenkeloesungen\/espressomaschinen\/","url":"https:\/\/www.electroluxprofessional.com\/de-ch\/getraenkeloesungen\/espressomaschinen\/","name":"Espressomaschinen | Electrolux Professional","isPartOf":{"@id":"https:\/\/www.electroluxprofessional.com\/de-ch\/#website"},"primaryImageOfPage":{"@id":"https:\/\/www.electroluxprofessional.com\/de-ch\/getraenkeloesungen\/espressomaschinen\/#primaryimage"},"image":{"@id":"https:\/\/www.electroluxprofessional.com\/de-ch\/getraenkeloesungen\/espressomaschinen\/#primaryimage"},"thumbnailUrl":"https:\/\/www.electroluxprofessional.com\/de-ch\/wp-content\/uploads\/2019\/09\/espresso-coffee-machines-1.jpg","datePublished":"2019-09-06T08:57:24+00:00","dateModified":"2026-04-14T05:04:57+00:00","description":"Dank einer perfekten Kombination aus Design und Technologie bieten Ihnen unsere Espressomaschinen das volle Geschmackserlebnis.","breadcrumb":{"@id":"https:\/\/www.electroluxprofessional.com\/de-ch\/getraenkeloesungen\/espressomaschinen\/#breadcrumb"},"inLanguage":"de-CH","potentialAction":[{"@type":"ReadAction","target":["https:\/\/www.electroluxprofessional.com\/de-ch\/getraenkeloesungen\/espressomaschinen\/"]}]},{"@type":"ImageObject","inLanguage":"de-CH","@id":"https:\/\/www.electroluxprofessional.com\/de-ch\/getraenkeloesungen\/espressomaschinen\/#primaryimage","url":"https:\/\/www.electroluxprofessional.com\/de-ch\/wp-content\/uploads\/2019\/09\/espresso-coffee-machines-1.jpg","contentUrl":"https:\/\/www.electroluxprofessional.com\/de-ch\/wp-content\/uploads\/2019\/09\/espresso-coffee-machines-1.jpg","width":878,"height":586,"caption":"Espresso coffee machines"},{"@type":"BreadcrumbList","@id":"https:\/\/www.electroluxprofessional.com\/de-ch\/getraenkeloesungen\/espressomaschinen\/#breadcrumb","itemListElement":[{"@type":"ListItem","position":1,"name":"Home","item":"https:\/\/www.electroluxprofessional.com\/de-ch\/"},{"@type":"ListItem","position":2,"name":"Getr\u00e4nkel\u00f6sungen","item":"https:\/\/www.electroluxprofessional.com\/de-ch\/getraenkeloesungen\/"},{"@type":"ListItem","position":3,"name":"Espressomaschinen"}]},{"@type":"WebSite","@id":"https:\/\/www.electroluxprofessional.com\/de-ch\/#website","url":"https:\/\/www.electroluxprofessional.com\/de-ch\/","name":"Electrolux Professional Schweiz","description":"","potentialAction":[{"@type":"SearchAction","target":{"@type":"EntryPoint","urlTemplate":"https:\/\/www.electroluxprofessional.com\/de-ch\/?src={search_term_string}"},"query-input":"required name=search_term_string"}],"inLanguage":"de-CH"}]}},"_links":{"self":[{"href":"https:\/\/www.electroluxprofessional.com\/de-ch\/wp-json\/wp\/v2\/pages\/7382"}],"collection":[{"href":"https:\/\/www.electroluxprofessional.com\/de-ch\/wp-json\/wp\/v2\/pages"}],"about":[{"href":"https:\/\/www.electroluxprofessional.com\/de-ch\/wp-json\/wp\/v2\/types\/page"}],"author":[{"embeddable":true,"href":"https:\/\/www.electroluxprofessional.com\/de-ch\/wp-json\/wp\/v2\/users\/1"}],"replies":[{"embeddable":true,"href":"https:\/\/www.electroluxprofessional.com\/de-ch\/wp-json\/wp\/v2\/comments?post=7382"}],"version-history":[{"count":17,"href":"https:\/\/www.electroluxprofessional.com\/de-ch\/wp-json\/wp\/v2\/pages\/7382\/revisions"}],"predecessor-version":[{"id":20674,"href":"https:\/\/www.electroluxprofessional.com\/de-ch\/wp-json\/wp\/v2\/pages\/7382\/revisions\/20674"}],"up":[{"embeddable":true,"href":"https:\/\/www.electroluxprofessional.com\/de-ch\/wp-json\/wp\/v2\/pages\/7324"}],"wp:featuredmedia":[{"embeddable":true,"href":"https:\/\/www.electroluxprofessional.com\/de-ch\/wp-json\/wp\/v2\/media\/7373"}],"wp:attachment":[{"href":"https:\/\/www.electroluxprofessional.com\/de-ch\/wp-json\/wp\/v2\/media?parent=7382"}],"curies":[{"name":"wp","href":"https:\/\/api.w.org\/{rel}","templated":true}]}}