{"id":718,"date":"2016-06-01T13:56:56","date_gmt":"2016-06-01T13:56:56","guid":{"rendered":"http:\/\/testepr.jobinformatica.it\/?page_id=1763"},"modified":"2024-07-25T11:25:27","modified_gmt":"2024-07-25T11:25:27","slug":"service-ersatzteillieferung","status":"publish","type":"page","link":"https:\/\/www.electroluxprofessional.com\/de-ch\/service-ersatzteillieferung\/","title":{"rendered":"Service &#038; Support"},"content":{"rendered":"<p>[vc_row full_width=&#8221;electroluxpro-full-width-no-padding&#8221;][vc_column][elx_hero_slider label_text_color=&#8221;inherit&#8221; images=&#8221;13884&#8243;][elx_heading font_container=&#8221;h1&#8243; font_size=&#8221;h2&#8243; text_color=&#8221;inherit&#8221;]Service &amp; Support[\/elx_heading][vc_column_text]<\/p>\n<h3>Unser globaler Service<\/h3>\n<p>\u00dcber 10.000 kompetente Techniker in \u00fcber 149 L\u00e4ndern.<\/p>\n<p>55.000 verf\u00fcgbare Ersatzteile auf Lager.<\/p>\n<p>Verf\u00fcgbarkeit der Ersatzteile f\u00fcr mindestens 10 Jahre nach Ende der Produktion.<\/p>\n<p>Ersatzteillieferung weltweit innerhalb von 24\u201348 Stunden[\/vc_column_text][\/elx_hero_slider][\/vc_column][\/vc_row][vc_row disable_element=&#8221;yes&#8221;][vc_column][vc_column_text]98,000\u00a0available spare parts in stock.<\/p>\n<p>24 &#8211; 48 hours spare parts delivery worldwide[\/vc_column_text][\/vc_column][\/vc_row][vc_row][vc_column][vc_empty_space height=&#8221;50px&#8221;][\/vc_column][\/vc_row][vc_row full_width=&#8221;electroluxpro-full-width-no-padding&#8221; css=&#8221;.vc_custom_1465478787353{background-color: #041e41 !important;}&#8221;][vc_column width=&#8221;1\/2&#8243;][elx_video_block background_image=&#8221;715&#8243; video_link=&#8221;https:\/\/www.youtube.com\/watch?v=k4olzrfBpHM&#8221; minimum_height=&#8221;500px&#8221;][\/vc_column][vc_column width=&#8221;1\/2&#8243;][vc_empty_space height=&#8221;50px&#8221;][elx_simple_block background_color=&#8221;inherit&#8221;][elx_heading font_container=&#8221;h3&#8243; text_color=&#8221;white&#8221;]Immer in Ihrer N\u00e4he.<br \/>\nImmer f\u00fcr Sie da.[\/elx_heading][elx_button button_text=&#8221;Servicepartner in Ihrer N\u00e4he&#8221; css=&#8221;.vc_custom_1497011197257{margin-top: 20px !important;}&#8221; button_link=&#8221;url:https%3A%2F%2Fprofessional.electrolux.ch%2Fsales-und-service-locator%2F|title:Find%20a%20dealer||&#8221;][vc_column_text]_[\/vc_column_text][vc_column_text]<span style=\"color: #ffffff;\">Bei dringenden Service-Anfragen w\u00e4hlen Sie bitte eine der folgenden Telefonnummern:<br \/>\n<span style=\"color: #ffffff;\"><em>HOT\/WET: <\/em><strong>+41\u00a0848 80 50 02<\/strong><br \/>\n<span style=\"color: #ffffff;\"><em>COLD:<\/em>\u00a0<strong>+41 848 80 40 01<\/strong><\/span><\/span><\/span>[\/vc_column_text][\/elx_simple_block][\/vc_column][\/vc_row][vc_row full_width=&#8221;electroluxpro-full-width-no-padding&#8221; equal_height=&#8221;yes&#8221; css=&#8221;.vc_custom_1469780461824{background-color: #f8f6f9 !important;}&#8221;][vc_column width=&#8221;1\/2&#8243;][elx_simple_block background_color=&#8221;inherit&#8221;][elx_heading text_color=&#8221;inherit&#8221;]Rufen Sie mit Ihren Ger\u00e4ten stets H\u00f6chstleistungen ab[\/elx_heading][vc_column_text]Eine professionelle und konsequente Instandhaltung ist der wichtigste Erfolgsfaktor, um unerwartete Probleme zu vermeiden.<\/p>\n<p>Hierbei geht es nicht nur um das richtige Timing oder da zu sein, wen man etwas braucht. Es geht viel mehr darum, <strong>vor Ort zu sein, bevor etwas passiert <\/strong>und wenn es am bequemsten f\u00fcr unsere Kunden ist.[\/vc_column_text][elx_heading font_container=&#8221;h3&#8243; font_size=&#8221;h3&#8243; text_color=&#8221;electrolux-blue-for-small&#8221;]Korrektive Instandhaltung[\/elx_heading][vc_column_text]Unser umfangreiches autorisiertes Service-Netzwerk passt alle Fehler so an, dass das Ger\u00e4t wieder in den normalen Betriebszustand gebracht wird.[\/vc_column_text][elx_heading font_container=&#8221;h3&#8243; text_color=&#8221;electrolux-blue-for-small&#8221;]Vorbeugende Wartung[\/elx_heading][vc_column_text]Regelm\u00e4ssige Inspektionen werden durchgef\u00fchrt, um zu verhindern, dass Fehler \u00fcberhaupt auftreten.[\/vc_column_text][elx_heading font_container=&#8221;h3&#8243; text_color=&#8221;electrolux-blue-for-small&#8221; css=&#8221;.vc_custom_1497012208501{margin-bottom: 0px !important;border-bottom-width: 0px !important;padding-bottom: 0px !important;}&#8221;]Vollst\u00e4ndiges Wartungsprogramm[\/elx_heading][vc_column_text]Massgeschneiderte Servicevereinbarungen, um Ihre Bed\u00fcrfnisse vollst\u00e4ndig abzudecken.[\/vc_column_text][\/elx_simple_block][\/vc_column][vc_column width=&#8221;1\/2&#8243;][elx_image_block background_image=&#8221;716&#8243; minimum_height=&#8221;600px&#8221;][\/vc_column][\/vc_row][vc_row][vc_column][vc_empty_space][\/vc_column][\/vc_row][vc_row][vc_column][elx_heading font_container=&#8221;h3&#8243; text_color=&#8221;inherit&#8221;]Treten Sie mit uns in Kontakt[\/elx_heading][elx_o2000_contact_us s=&#8221;Anfrage Service-Leistungen&#8221; country=&#8221;Switzerland&#8221; container=&#8221;elxcontactus1484293813&#8243; r=&#8221;Bitte geben Sie hier Ihre Nachricht ein.&#8221; l=&#8221;de-ch&#8221;][\/vc_column][\/vc_row][vc_row][vc_column][vc_empty_space][\/vc_column][\/vc_row]<\/p>\n","protected":false},"excerpt":{"rendered":"<p>[vc_row full_width=&#8221;electroluxpro-full-width-no-padding&#8221;][vc_column][elx_hero_slider label_text_color=&#8221;inherit&#8221; images=&#8221;13884&#8243;][elx_heading font_container=&#8221;h1&#8243; font_size=&#8221;h2&#8243; text_color=&#8221;inherit&#8221;]Service &amp; Support[\/elx_heading][vc_column_text] Unser globaler Service \u00dcber 10.000 kompetente Techniker in \u00fcber 149 L\u00e4ndern. 55.000 verf\u00fcgbare Ersatzteile auf Lager. Verf\u00fcgbarkeit der Ersatzteile f\u00fcr mindestens 10 Jahre nach Ende der Produktion. Ersatzteillieferung weltweit innerhalb von 24\u201348 Stunden[\/vc_column_text][\/elx_hero_slider][\/vc_column][\/vc_row][vc_row disable_element=&#8221;yes&#8221;][vc_column][vc_column_text]98,000\u00a0available spare parts in stock. 24 &#8211; 48 hours spare parts delivery worldwide[\/vc_column_text][\/vc_column][\/vc_row][vc_row][vc_column][vc_empty_space [&hellip;]<\/p>\n","protected":false},"author":1,"featured_media":0,"parent":0,"menu_order":0,"comment_status":"closed","ping_status":"closed","template":"","meta":{"footnotes":""},"class_list":["post-718","page","type-page","status-publish","hentry"],"acf":[],"yoast_head":"<!-- This site is optimized with the Yoast SEO plugin v23.3 - https:\/\/yoast.com\/wordpress\/plugins\/seo\/ -->\n<title>Service &amp; Support | Electrolux Professional<\/title>\n<meta name=\"description\" content=\"Einmaliger globaler Service: \u00dcber 10.000 kompetente Techniker in \u00fcber 149 L\u00e4ndern und 55.000 verf\u00fcgbare Ersatzteile auf Lager.\" \/>\n<meta name=\"robots\" content=\"index, follow, max-snippet:-1, max-image-preview:large, max-video-preview:-1\" \/>\n<link rel=\"canonical\" href=\"https:\/\/www.electroluxprofessional.com\/de-ch\/service-ersatzteillieferung\/\" \/>\n<meta property=\"og:locale\" content=\"de_DE\" \/>\n<meta property=\"og:type\" content=\"article\" \/>\n<meta property=\"og:title\" content=\"Service &amp; Support | Electrolux Professional\" \/>\n<meta property=\"og:description\" content=\"Einmaliger globaler Service: \u00dcber 10.000 kompetente Techniker in \u00fcber 149 L\u00e4ndern und 55.000 verf\u00fcgbare Ersatzteile auf Lager.\" \/>\n<meta property=\"og:url\" content=\"https:\/\/www.electroluxprofessional.com\/de-ch\/service-ersatzteillieferung\/\" \/>\n<meta property=\"og:site_name\" content=\"Electrolux Professional Schweiz\" \/>\n<meta property=\"article:modified_time\" content=\"2024-07-25T11:25:27+00:00\" \/>\n<meta name=\"twitter:card\" content=\"summary_large_image\" \/>\n<meta name=\"twitter:label1\" content=\"Gesch\u00e4tzte Lesezeit\" \/>\n\t<meta name=\"twitter:data1\" content=\"3 Minuten\" \/>\n<script type=\"application\/ld+json\" class=\"yoast-schema-graph\">{\"@context\":\"https:\/\/schema.org\",\"@graph\":[{\"@type\":\"WebPage\",\"@id\":\"https:\/\/www.electroluxprofessional.com\/de-ch\/service-ersatzteillieferung\/\",\"url\":\"https:\/\/www.electroluxprofessional.com\/de-ch\/service-ersatzteillieferung\/\",\"name\":\"Service & Support | Electrolux Professional\",\"isPartOf\":{\"@id\":\"https:\/\/www.electroluxprofessional.com\/de-ch\/#website\"},\"datePublished\":\"2016-06-01T13:56:56+00:00\",\"dateModified\":\"2024-07-25T11:25:27+00:00\",\"description\":\"Einmaliger globaler Service: \u00dcber 10.000 kompetente Techniker in \u00fcber 149 L\u00e4ndern und 55.000 verf\u00fcgbare Ersatzteile auf Lager.\",\"breadcrumb\":{\"@id\":\"https:\/\/www.electroluxprofessional.com\/de-ch\/service-ersatzteillieferung\/#breadcrumb\"},\"inLanguage\":\"de-CH\",\"potentialAction\":[{\"@type\":\"ReadAction\",\"target\":[\"https:\/\/www.electroluxprofessional.com\/de-ch\/service-ersatzteillieferung\/\"]}]},{\"@type\":\"BreadcrumbList\",\"@id\":\"https:\/\/www.electroluxprofessional.com\/de-ch\/service-ersatzteillieferung\/#breadcrumb\",\"itemListElement\":[{\"@type\":\"ListItem\",\"position\":1,\"name\":\"Home\",\"item\":\"https:\/\/www.electroluxprofessional.com\/de-ch\/\"},{\"@type\":\"ListItem\",\"position\":2,\"name\":\"Service &#038; Support\"}]},{\"@type\":\"WebSite\",\"@id\":\"https:\/\/www.electroluxprofessional.com\/de-ch\/#website\",\"url\":\"https:\/\/www.electroluxprofessional.com\/de-ch\/\",\"name\":\"Electrolux Professional Schweiz\",\"description\":\"\",\"potentialAction\":[{\"@type\":\"SearchAction\",\"target\":{\"@type\":\"EntryPoint\",\"urlTemplate\":\"https:\/\/www.electroluxprofessional.com\/de-ch\/?src={search_term_string}\"},\"query-input\":\"required name=search_term_string\"}],\"inLanguage\":\"de-CH\"}]}<\/script>\n<!-- \/ Yoast SEO plugin. -->","yoast_head_json":{"title":"Service & Support | Electrolux Professional","description":"Einmaliger globaler Service: \u00dcber 10.000 kompetente Techniker in \u00fcber 149 L\u00e4ndern und 55.000 verf\u00fcgbare Ersatzteile auf Lager.","robots":{"index":"index","follow":"follow","max-snippet":"max-snippet:-1","max-image-preview":"max-image-preview:large","max-video-preview":"max-video-preview:-1"},"canonical":"https:\/\/www.electroluxprofessional.com\/de-ch\/service-ersatzteillieferung\/","og_locale":"de_DE","og_type":"article","og_title":"Service & Support | Electrolux Professional","og_description":"Einmaliger globaler Service: \u00dcber 10.000 kompetente Techniker in \u00fcber 149 L\u00e4ndern und 55.000 verf\u00fcgbare Ersatzteile auf Lager.","og_url":"https:\/\/www.electroluxprofessional.com\/de-ch\/service-ersatzteillieferung\/","og_site_name":"Electrolux Professional Schweiz","article_modified_time":"2024-07-25T11:25:27+00:00","twitter_card":"summary_large_image","twitter_misc":{"Gesch\u00e4tzte Lesezeit":"3 Minuten"},"schema":{"@context":"https:\/\/schema.org","@graph":[{"@type":"WebPage","@id":"https:\/\/www.electroluxprofessional.com\/de-ch\/service-ersatzteillieferung\/","url":"https:\/\/www.electroluxprofessional.com\/de-ch\/service-ersatzteillieferung\/","name":"Service & Support | Electrolux Professional","isPartOf":{"@id":"https:\/\/www.electroluxprofessional.com\/de-ch\/#website"},"datePublished":"2016-06-01T13:56:56+00:00","dateModified":"2024-07-25T11:25:27+00:00","description":"Einmaliger globaler Service: \u00dcber 10.000 kompetente Techniker in \u00fcber 149 L\u00e4ndern und 55.000 verf\u00fcgbare Ersatzteile auf Lager.","breadcrumb":{"@id":"https:\/\/www.electroluxprofessional.com\/de-ch\/service-ersatzteillieferung\/#breadcrumb"},"inLanguage":"de-CH","potentialAction":[{"@type":"ReadAction","target":["https:\/\/www.electroluxprofessional.com\/de-ch\/service-ersatzteillieferung\/"]}]},{"@type":"BreadcrumbList","@id":"https:\/\/www.electroluxprofessional.com\/de-ch\/service-ersatzteillieferung\/#breadcrumb","itemListElement":[{"@type":"ListItem","position":1,"name":"Home","item":"https:\/\/www.electroluxprofessional.com\/de-ch\/"},{"@type":"ListItem","position":2,"name":"Service &#038; Support"}]},{"@type":"WebSite","@id":"https:\/\/www.electroluxprofessional.com\/de-ch\/#website","url":"https:\/\/www.electroluxprofessional.com\/de-ch\/","name":"Electrolux Professional Schweiz","description":"","potentialAction":[{"@type":"SearchAction","target":{"@type":"EntryPoint","urlTemplate":"https:\/\/www.electroluxprofessional.com\/de-ch\/?src={search_term_string}"},"query-input":"required name=search_term_string"}],"inLanguage":"de-CH"}]}},"_links":{"self":[{"href":"https:\/\/www.electroluxprofessional.com\/de-ch\/wp-json\/wp\/v2\/pages\/718"}],"collection":[{"href":"https:\/\/www.electroluxprofessional.com\/de-ch\/wp-json\/wp\/v2\/pages"}],"about":[{"href":"https:\/\/www.electroluxprofessional.com\/de-ch\/wp-json\/wp\/v2\/types\/page"}],"author":[{"embeddable":true,"href":"https:\/\/www.electroluxprofessional.com\/de-ch\/wp-json\/wp\/v2\/users\/1"}],"replies":[{"embeddable":true,"href":"https:\/\/www.electroluxprofessional.com\/de-ch\/wp-json\/wp\/v2\/comments?post=718"}],"version-history":[{"count":15,"href":"https:\/\/www.electroluxprofessional.com\/de-ch\/wp-json\/wp\/v2\/pages\/718\/revisions"}],"predecessor-version":[{"id":16964,"href":"https:\/\/www.electroluxprofessional.com\/de-ch\/wp-json\/wp\/v2\/pages\/718\/revisions\/16964"}],"wp:attachment":[{"href":"https:\/\/www.electroluxprofessional.com\/de-ch\/wp-json\/wp\/v2\/media?parent=718"}],"curies":[{"name":"wp","href":"https:\/\/api.w.org\/{rel}","templated":true}]}}