{"id":6850,"date":"2017-01-24T15:30:41","date_gmt":"2017-01-24T14:30:41","guid":{"rendered":"https:\/\/www.electroluxprofessional.com\/?page_id=8636"},"modified":"2024-03-25T19:14:03","modified_gmt":"2024-03-25T19:14:03","slug":"speedelight-produktivitaet","status":"publish","type":"page","link":"https:\/\/www.electroluxprofessional.com\/de-ch\/kueche\/speedelight\/speedelight-produktivitaet\/","title":{"rendered":"SpeeDelight &#8211; Produktivit\u00e4t"},"content":{"rendered":"<p>[vc_row full_width=&#8221;electroluxpro-full-width-no-padding&#8221;][vc_column][elx_image_block background_image=&#8221;6849&#8243; minimum_height=&#8221;400px&#8221;][\/vc_column][\/vc_row][vc_row][vc_column][elx_heading font_container=&#8221;h1&#8243; font_size=&#8221;h3&#8243; text_color=&#8221;inherit&#8221;]Erfahren Sie mehr \u00fcber Produktivit\u00e4t und Einsparm\u00f6glichkeiten mit dem SpeeDelight[\/elx_heading][elx_heading font_size=&#8221;h5&#8243; text_color=&#8221;inherit&#8221;]Minimale Anstrengung f\u00fcr maximale Leistung[\/elx_heading][vc_raw_html]JTNDZGl2JTIwaWQlM0QlMjJDYWxjdWxhdG9yJTIyJTNFJTNDJTJGZGl2JTNF[\/vc_raw_html][vc_empty_space height=&#8221;50px&#8221;][vc_raw_js]JTNDc2NyaXB0JTIwc3JjJTNEJTIyaHR0cHMlM0ElMkYlMkZ3d3cuZXByLWFwcHMuY29tJTJGd2lkZ2V0cyUyRmNvZGUlMkZqcXVlcnktdWkuanMlMjIlM0UlM0MlMkZzY3JpcHQlM0UlMEElM0NzY3JpcHQlMjBzcmMlM0QlMjJodHRwcyUzQSUyRiUyRnd3dy5lcHItYXBwcy5jb20lMkZ3aWRnZXRzJTJGY29kZSUyRmFuZ3VsYXIubWluLmpzJTIyJTNFJTNDJTJGc2NyaXB0JTNFJTBBJTNDc2NyaXB0JTIwc3JjJTNEJTIyaHR0cHMlM0ElMkYlMkZ3d3cuZXByLWFwcHMuY29tJTJGd2lkZ2V0cyUyRmNvZGUlMkZhbmd1bGFyLXNhbml0aXplLmpzJTIyJTNFJTNDJTJGc2NyaXB0JTNFJTBBJTNDc2NyaXB0JTIwc3JjJTNEJTIyaHR0cHMlM0ElMkYlMkZ3d3cuZXByLWFwcHMuY29tJTJGd2lkZ2V0cyUyRmNvZGUlMkZoaWdoY2hhcnRzJTJGSGlnaGNoYXJ0c0NhbGN1bGF0b3JzLmpzJTIyJTNFJTNDJTJGc2NyaXB0JTNFJTBBJTNDc2NyaXB0JTIwc3JjJTNEJTIyaHR0cHMlM0ElMkYlMkZ3d3cuZXByLWFwcHMuY29tJTJGY2FsY3VsYXRvcnMlMkZzcGVlZGVsaWdodCUyRnJlc291cmNlcyUyRmpzJTJGbWFpbi5taW4uanMlMjIlM0UlM0MlMkZzY3JpcHQlM0UlMEElM0NzY3JpcHQlMjB0eXBlJTNEJTIydGV4dCUyRmphdmFzY3JpcHQlMjIlM0UlMkYlMkYlMjAlM0MlMjElNUJDREFUQSU1QiUwQXZhciUyMHNldHRpbmdTcGVlZGVsaWdodCUyMCUzRCUyMCU3QiUwQWxhbmd1YWdlJTNBJTI3ZGUlMjclMkMlMEFjb3VudHJ5JTNBJTI3U3dpdHplcmxhbmQlMjclMkMlMEFjb250YWluZXIlM0ElMjdzcGVlZGVsaWdodF9qc29uX3dyYXBwZXIlMjclMEElN0QlMEF3aW5kb3cub25sb2FkJTIwJTNEJTIwb25Mb2FkYm9vdHN0cmFwU3BlZWRlbGlnaHQlMjhzZXR0aW5nU3BlZWRlbGlnaHQlMjklM0IlMEElMkYlMkYlMjAlNUQlNUQlM0UlM0MlMkZzY3JpcHQlM0UlMEElM0NkaXYlMjBpZCUzRCUyMnNwZWVkZWxpZ2h0X2pzb25fd3JhcHBlciUyMiUzRSUzQyUyRmRpdiUzRQ==[\/vc_raw_js][\/vc_column][\/vc_row]<\/p>\n","protected":false},"excerpt":{"rendered":"<p>[vc_row full_width=&#8221;electroluxpro-full-width-no-padding&#8221;][vc_column][elx_image_block background_image=&#8221;6849&#8243; minimum_height=&#8221;400px&#8221;][\/vc_column][\/vc_row][vc_row][vc_column][elx_heading font_container=&#8221;h1&#8243; font_size=&#8221;h3&#8243; text_color=&#8221;inherit&#8221;]Erfahren Sie mehr \u00fcber Produktivit\u00e4t und Einsparm\u00f6glichkeiten mit dem SpeeDelight[\/elx_heading][elx_heading font_size=&#8221;h5&#8243; text_color=&#8221;inherit&#8221;]Minimale Anstrengung f\u00fcr maximale Leistung[\/elx_heading][vc_raw_html]JTNDZGl2JTIwaWQlM0QlMjJDYWxjdWxhdG9yJTIyJTNFJTNDJTJGZGl2JTNF[\/vc_raw_html][vc_empty_space height=&#8221;50px&#8221;][vc_raw_js]JTNDc2NyaXB0JTIwc3JjJTNEJTIyaHR0cHMlM0ElMkYlMkZ3d3cuZXByLWFwcHMuY29tJTJGd2lkZ2V0cyUyRmNvZGUlMkZqcXVlcnktdWkuanMlMjIlM0UlM0MlMkZzY3JpcHQlM0UlMEElM0NzY3JpcHQlMjBzcmMlM0QlMjJodHRwcyUzQSUyRiUyRnd3dy5lcHItYXBwcy5jb20lMkZ3aWRnZXRzJTJGY29kZSUyRmFuZ3VsYXIubWluLmpzJTIyJTNFJTNDJTJGc2NyaXB0JTNFJTBBJTNDc2NyaXB0JTIwc3JjJTNEJTIyaHR0cHMlM0ElMkYlMkZ3d3cuZXByLWFwcHMuY29tJTJGd2lkZ2V0cyUyRmNvZGUlMkZhbmd1bGFyLXNhbml0aXplLmpzJTIyJTNFJTNDJTJGc2NyaXB0JTNFJTBBJTNDc2NyaXB0JTIwc3JjJTNEJTIyaHR0cHMlM0ElMkYlMkZ3d3cuZXByLWFwcHMuY29tJTJGd2lkZ2V0cyUyRmNvZGUlMkZoaWdoY2hhcnRzJTJGSGlnaGNoYXJ0c0NhbGN1bGF0b3JzLmpzJTIyJTNFJTNDJTJGc2NyaXB0JTNFJTBBJTNDc2NyaXB0JTIwc3JjJTNEJTIyaHR0cHMlM0ElMkYlMkZ3d3cuZXByLWFwcHMuY29tJTJGY2FsY3VsYXRvcnMlMkZzcGVlZGVsaWdodCUyRnJlc291cmNlcyUyRmpzJTJGbWFpbi5taW4uanMlMjIlM0UlM0MlMkZzY3JpcHQlM0UlMEElM0NzY3JpcHQlMjB0eXBlJTNEJTIydGV4dCUyRmphdmFzY3JpcHQlMjIlM0UlMkYlMkYlMjAlM0MlMjElNUJDREFUQSU1QiUwQXZhciUyMHNldHRpbmdTcGVlZGVsaWdodCUyMCUzRCUyMCU3QiUwQWxhbmd1YWdlJTNBJTI3ZGUlMjclMkMlMEFjb3VudHJ5JTNBJTI3U3dpdHplcmxhbmQlMjclMkMlMEFjb250YWluZXIlM0ElMjdzcGVlZGVsaWdodF9qc29uX3dyYXBwZXIlMjclMEElN0QlMEF3aW5kb3cub25sb2FkJTIwJTNEJTIwb25Mb2FkYm9vdHN0cmFwU3BlZWRlbGlnaHQlMjhzZXR0aW5nU3BlZWRlbGlnaHQlMjklM0IlMEElMkYlMkYlMjAlNUQlNUQlM0UlM0MlMkZzY3JpcHQlM0UlMEElM0NkaXYlMjBpZCUzRCUyMnNwZWVkZWxpZ2h0X2pzb25fd3JhcHBlciUyMiUzRSUzQyUyRmRpdiUzRQ==[\/vc_raw_js][\/vc_column][\/vc_row]<\/p>\n","protected":false},"author":62,"featured_media":6848,"parent":6842,"menu_order":0,"comment_status":"closed","ping_status":"closed","template":"","meta":{"footnotes":""},"class_list":["post-6850","page","type-page","status-publish","has-post-thumbnail","hentry"],"acf":[],"yoast_head":"<!-- This site is optimized with the Yoast SEO plugin v23.3 - https:\/\/yoast.com\/wordpress\/plugins\/seo\/ -->\n<title>Einsparm\u00f6glichkeiten mit SpeeDelight | Electrolux Professional<\/title>\n<meta name=\"description\" content=\"Erfahren Sie mehr \u00fcber Produktivit\u00e4t und Einsparm\u00f6glichkeiten mit dem SpeeDelight \u2013 minimale Anstrengung f\u00fcr maximale Leistung.\" \/>\n<meta name=\"robots\" content=\"index, follow, max-snippet:-1, max-image-preview:large, max-video-preview:-1\" \/>\n<link rel=\"canonical\" href=\"https:\/\/www.electroluxprofessional.com\/de-ch\/kueche\/speedelight\/speedelight-produktivitaet\/\" \/>\n<meta property=\"og:locale\" content=\"de_DE\" \/>\n<meta property=\"og:type\" content=\"article\" \/>\n<meta property=\"og:title\" content=\"Einsparm\u00f6glichkeiten mit SpeeDelight | Electrolux Professional\" \/>\n<meta property=\"og:description\" content=\"Erfahren Sie mehr \u00fcber Produktivit\u00e4t und Einsparm\u00f6glichkeiten mit dem SpeeDelight \u2013 minimale Anstrengung f\u00fcr maximale Leistung.\" \/>\n<meta property=\"og:url\" content=\"https:\/\/www.electroluxprofessional.com\/de-ch\/kueche\/speedelight\/speedelight-produktivitaet\/\" \/>\n<meta property=\"og:site_name\" content=\"Electrolux Professional Schweiz\" \/>\n<meta property=\"article:modified_time\" content=\"2024-03-25T19:14:03+00:00\" \/>\n<meta property=\"og:image\" content=\"https:\/\/www.electroluxprofessional.com\/de-ch\/wp-content\/uploads\/2017\/01\/resultsNoArrow-1.png\" \/>\n\t<meta property=\"og:image:width\" content=\"532\" \/>\n\t<meta property=\"og:image:height\" content=\"628\" \/>\n\t<meta property=\"og:image:type\" content=\"image\/png\" \/>\n<meta name=\"twitter:card\" content=\"summary_large_image\" \/>\n<meta name=\"twitter:label1\" content=\"Gesch\u00e4tzte Lesezeit\" \/>\n\t<meta name=\"twitter:data1\" content=\"1 Minute\" \/>\n<script type=\"application\/ld+json\" class=\"yoast-schema-graph\">{\"@context\":\"https:\/\/schema.org\",\"@graph\":[{\"@type\":\"WebPage\",\"@id\":\"https:\/\/www.electroluxprofessional.com\/de-ch\/kueche\/speedelight\/speedelight-produktivitaet\/\",\"url\":\"https:\/\/www.electroluxprofessional.com\/de-ch\/kueche\/speedelight\/speedelight-produktivitaet\/\",\"name\":\"Einsparm\u00f6glichkeiten mit SpeeDelight | Electrolux Professional\",\"isPartOf\":{\"@id\":\"https:\/\/www.electroluxprofessional.com\/de-ch\/#website\"},\"primaryImageOfPage\":{\"@id\":\"https:\/\/www.electroluxprofessional.com\/de-ch\/kueche\/speedelight\/speedelight-produktivitaet\/#primaryimage\"},\"image\":{\"@id\":\"https:\/\/www.electroluxprofessional.com\/de-ch\/kueche\/speedelight\/speedelight-produktivitaet\/#primaryimage\"},\"thumbnailUrl\":\"https:\/\/www.electroluxprofessional.com\/de-ch\/wp-content\/uploads\/2017\/01\/resultsNoArrow-1.png\",\"datePublished\":\"2017-01-24T14:30:41+00:00\",\"dateModified\":\"2024-03-25T19:14:03+00:00\",\"description\":\"Erfahren Sie mehr \u00fcber Produktivit\u00e4t und Einsparm\u00f6glichkeiten mit dem SpeeDelight \u2013 minimale Anstrengung f\u00fcr maximale Leistung.\",\"breadcrumb\":{\"@id\":\"https:\/\/www.electroluxprofessional.com\/de-ch\/kueche\/speedelight\/speedelight-produktivitaet\/#breadcrumb\"},\"inLanguage\":\"de-CH\",\"potentialAction\":[{\"@type\":\"ReadAction\",\"target\":[\"https:\/\/www.electroluxprofessional.com\/de-ch\/kueche\/speedelight\/speedelight-produktivitaet\/\"]}]},{\"@type\":\"ImageObject\",\"inLanguage\":\"de-CH\",\"@id\":\"https:\/\/www.electroluxprofessional.com\/de-ch\/kueche\/speedelight\/speedelight-produktivitaet\/#primaryimage\",\"url\":\"https:\/\/www.electroluxprofessional.com\/de-ch\/wp-content\/uploads\/2017\/01\/resultsNoArrow-1.png\",\"contentUrl\":\"https:\/\/www.electroluxprofessional.com\/de-ch\/wp-content\/uploads\/2017\/01\/resultsNoArrow-1.png\",\"width\":532,\"height\":628,\"caption\":\"SpeeDelight calculator\"},{\"@type\":\"BreadcrumbList\",\"@id\":\"https:\/\/www.electroluxprofessional.com\/de-ch\/kueche\/speedelight\/speedelight-produktivitaet\/#breadcrumb\",\"itemListElement\":[{\"@type\":\"ListItem\",\"position\":1,\"name\":\"Home\",\"item\":\"https:\/\/www.electroluxprofessional.com\/de-ch\/\"},{\"@type\":\"ListItem\",\"position\":2,\"name\":\"K\u00fcche\",\"item\":\"https:\/\/www.electroluxprofessional.com\/de-ch\/kueche\/\"},{\"@type\":\"ListItem\",\"position\":3,\"name\":\"SpeeDelight\",\"item\":\"https:\/\/www.electroluxprofessional.com\/de-ch\/kueche\/speedelight\/\"},{\"@type\":\"ListItem\",\"position\":4,\"name\":\"SpeeDelight &#8211; Produktivit\u00e4t\"}]},{\"@type\":\"WebSite\",\"@id\":\"https:\/\/www.electroluxprofessional.com\/de-ch\/#website\",\"url\":\"https:\/\/www.electroluxprofessional.com\/de-ch\/\",\"name\":\"Electrolux Professional Schweiz\",\"description\":\"\",\"potentialAction\":[{\"@type\":\"SearchAction\",\"target\":{\"@type\":\"EntryPoint\",\"urlTemplate\":\"https:\/\/www.electroluxprofessional.com\/de-ch\/?src={search_term_string}\"},\"query-input\":\"required name=search_term_string\"}],\"inLanguage\":\"de-CH\"}]}<\/script>\n<!-- \/ Yoast SEO plugin. -->","yoast_head_json":{"title":"Einsparm\u00f6glichkeiten mit SpeeDelight | Electrolux Professional","description":"Erfahren Sie mehr \u00fcber Produktivit\u00e4t und Einsparm\u00f6glichkeiten mit dem SpeeDelight \u2013 minimale Anstrengung f\u00fcr maximale Leistung.","robots":{"index":"index","follow":"follow","max-snippet":"max-snippet:-1","max-image-preview":"max-image-preview:large","max-video-preview":"max-video-preview:-1"},"canonical":"https:\/\/www.electroluxprofessional.com\/de-ch\/kueche\/speedelight\/speedelight-produktivitaet\/","og_locale":"de_DE","og_type":"article","og_title":"Einsparm\u00f6glichkeiten mit SpeeDelight | Electrolux Professional","og_description":"Erfahren Sie mehr \u00fcber Produktivit\u00e4t und Einsparm\u00f6glichkeiten mit dem SpeeDelight \u2013 minimale Anstrengung f\u00fcr maximale Leistung.","og_url":"https:\/\/www.electroluxprofessional.com\/de-ch\/kueche\/speedelight\/speedelight-produktivitaet\/","og_site_name":"Electrolux Professional Schweiz","article_modified_time":"2024-03-25T19:14:03+00:00","og_image":[{"width":532,"height":628,"url":"https:\/\/www.electroluxprofessional.com\/de-ch\/wp-content\/uploads\/2017\/01\/resultsNoArrow-1.png","type":"image\/png"}],"twitter_card":"summary_large_image","twitter_misc":{"Gesch\u00e4tzte Lesezeit":"1 Minute"},"schema":{"@context":"https:\/\/schema.org","@graph":[{"@type":"WebPage","@id":"https:\/\/www.electroluxprofessional.com\/de-ch\/kueche\/speedelight\/speedelight-produktivitaet\/","url":"https:\/\/www.electroluxprofessional.com\/de-ch\/kueche\/speedelight\/speedelight-produktivitaet\/","name":"Einsparm\u00f6glichkeiten mit SpeeDelight | Electrolux Professional","isPartOf":{"@id":"https:\/\/www.electroluxprofessional.com\/de-ch\/#website"},"primaryImageOfPage":{"@id":"https:\/\/www.electroluxprofessional.com\/de-ch\/kueche\/speedelight\/speedelight-produktivitaet\/#primaryimage"},"image":{"@id":"https:\/\/www.electroluxprofessional.com\/de-ch\/kueche\/speedelight\/speedelight-produktivitaet\/#primaryimage"},"thumbnailUrl":"https:\/\/www.electroluxprofessional.com\/de-ch\/wp-content\/uploads\/2017\/01\/resultsNoArrow-1.png","datePublished":"2017-01-24T14:30:41+00:00","dateModified":"2024-03-25T19:14:03+00:00","description":"Erfahren Sie mehr \u00fcber Produktivit\u00e4t und Einsparm\u00f6glichkeiten mit dem SpeeDelight \u2013 minimale Anstrengung f\u00fcr maximale Leistung.","breadcrumb":{"@id":"https:\/\/www.electroluxprofessional.com\/de-ch\/kueche\/speedelight\/speedelight-produktivitaet\/#breadcrumb"},"inLanguage":"de-CH","potentialAction":[{"@type":"ReadAction","target":["https:\/\/www.electroluxprofessional.com\/de-ch\/kueche\/speedelight\/speedelight-produktivitaet\/"]}]},{"@type":"ImageObject","inLanguage":"de-CH","@id":"https:\/\/www.electroluxprofessional.com\/de-ch\/kueche\/speedelight\/speedelight-produktivitaet\/#primaryimage","url":"https:\/\/www.electroluxprofessional.com\/de-ch\/wp-content\/uploads\/2017\/01\/resultsNoArrow-1.png","contentUrl":"https:\/\/www.electroluxprofessional.com\/de-ch\/wp-content\/uploads\/2017\/01\/resultsNoArrow-1.png","width":532,"height":628,"caption":"SpeeDelight calculator"},{"@type":"BreadcrumbList","@id":"https:\/\/www.electroluxprofessional.com\/de-ch\/kueche\/speedelight\/speedelight-produktivitaet\/#breadcrumb","itemListElement":[{"@type":"ListItem","position":1,"name":"Home","item":"https:\/\/www.electroluxprofessional.com\/de-ch\/"},{"@type":"ListItem","position":2,"name":"K\u00fcche","item":"https:\/\/www.electroluxprofessional.com\/de-ch\/kueche\/"},{"@type":"ListItem","position":3,"name":"SpeeDelight","item":"https:\/\/www.electroluxprofessional.com\/de-ch\/kueche\/speedelight\/"},{"@type":"ListItem","position":4,"name":"SpeeDelight &#8211; Produktivit\u00e4t"}]},{"@type":"WebSite","@id":"https:\/\/www.electroluxprofessional.com\/de-ch\/#website","url":"https:\/\/www.electroluxprofessional.com\/de-ch\/","name":"Electrolux Professional Schweiz","description":"","potentialAction":[{"@type":"SearchAction","target":{"@type":"EntryPoint","urlTemplate":"https:\/\/www.electroluxprofessional.com\/de-ch\/?src={search_term_string}"},"query-input":"required name=search_term_string"}],"inLanguage":"de-CH"}]}},"_links":{"self":[{"href":"https:\/\/www.electroluxprofessional.com\/de-ch\/wp-json\/wp\/v2\/pages\/6850"}],"collection":[{"href":"https:\/\/www.electroluxprofessional.com\/de-ch\/wp-json\/wp\/v2\/pages"}],"about":[{"href":"https:\/\/www.electroluxprofessional.com\/de-ch\/wp-json\/wp\/v2\/types\/page"}],"author":[{"embeddable":true,"href":"https:\/\/www.electroluxprofessional.com\/de-ch\/wp-json\/wp\/v2\/users\/62"}],"replies":[{"embeddable":true,"href":"https:\/\/www.electroluxprofessional.com\/de-ch\/wp-json\/wp\/v2\/comments?post=6850"}],"version-history":[{"count":2,"href":"https:\/\/www.electroluxprofessional.com\/de-ch\/wp-json\/wp\/v2\/pages\/6850\/revisions"}],"predecessor-version":[{"id":6852,"href":"https:\/\/www.electroluxprofessional.com\/de-ch\/wp-json\/wp\/v2\/pages\/6850\/revisions\/6852"}],"up":[{"embeddable":true,"href":"https:\/\/www.electroluxprofessional.com\/de-ch\/wp-json\/wp\/v2\/pages\/6842"}],"wp:featuredmedia":[{"embeddable":true,"href":"https:\/\/www.electroluxprofessional.com\/de-ch\/wp-json\/wp\/v2\/media\/6848"}],"wp:attachment":[{"href":"https:\/\/www.electroluxprofessional.com\/de-ch\/wp-json\/wp\/v2\/media?parent=6850"}],"curies":[{"name":"wp","href":"https:\/\/api.w.org\/{rel}","templated":true}]}}