{"id":6327,"date":"2018-01-17T14:24:42","date_gmt":"2018-01-17T13:24:42","guid":{"rendered":"https:\/\/www.electroluxprofessional.com\/?page_id=14181"},"modified":"2026-03-27T06:35:14","modified_gmt":"2026-03-27T06:35:14","slug":"multislim-kompaktofen","status":"publish","type":"page","link":"https:\/\/www.electroluxprofessional.com\/de-ch\/kueche\/multislim-kompaktofen\/","title":{"rendered":"MultiSlim Kompaktofen"},"content":{"rendered":"<p>[vc_row full_width=&#8221;electroluxpro-full-width-no-padding&#8221;][vc_column][vc_single_image image=&#8221;8374&#8243; img_size=&#8221;2000*350&#8243; alignment=&#8221;center&#8221;][\/vc_column][\/vc_row][vc_row][vc_column width=&#8221;2\/3&#8243;][elx_heading font_container=&#8221;h1&#8243; font_size=&#8221;h3&#8243; text_color=&#8221;inherit&#8221;]MultiSlim Kompaktofen[\/elx_heading][vc_column_text]Sie haben wenig Platz in Ihrer K\u00fcche? Sie m\u00fcssen Ihre Betriebsausgaben senken, ohne dass dies auf Kosten Ihrer Leistung geht? Der neue <strong>MultiSlim Kompaktofen\u00a0<\/strong>ist die perfekte L\u00f6sung f\u00fcr Ihr <strong>Restaurant<\/strong> oder Ihre <strong>Bar<\/strong>.[\/vc_column_text][vc_empty_space][elx_button button_text=&#8221;Zu den Produkten&#8221; button_link=&#8221;url:%23produkt-filter&#8221;][vc_empty_space][vc_empty_space][\/vc_column][vc_column width=&#8221;1\/3&#8243;][\/vc_column][\/vc_row][vc_row][vc_column width=&#8221;1\/3&#8243;][vc_single_image image=&#8221;6316&#8243; img_size=&#8221;full&#8221;][elx_heading font_size=&#8221;h5&#8243; text_color=&#8221;inherit&#8221;]Umweltschonend[\/elx_heading][vc_column_text]Bis zu 15 % niedrigerer Wasserverbrauch als herk\u00f6mmliche Dampfgarer. Der <strong>MultiSlim<\/strong>\u00a0<strong>Kompaktofen<\/strong> schont die Umwelt und senkt Ihre Betriebskosten.<\/p>\n<p>Erfahren Sie mehr in der <a href=\"https:\/\/www.electroluxprofessional.com\/de-ch\/wp-content\/uploads\/2018\/02\/MultiSlim.pdf\" target=\"_blank\" rel=\"noopener\">MultiSlim Kompaktofen Brosch\u00fcre<\/a>.[\/vc_column_text][\/vc_column][vc_column width=&#8221;1\/3&#8243;][vc_single_image image=&#8221;6317&#8243; img_size=&#8221;full&#8221;][elx_heading font_size=&#8221;h5&#8243; text_color=&#8221;inherit&#8221;]Kompakt[\/elx_heading][vc_column_text]Dank seiner platzsparenden Ausf\u00fchrung mit einer Stellfl\u00e4che von nur 0,42 m2 ist der MultiSlim die <strong>ideale L\u00f6sung f\u00fcr kleine K\u00fcchen<\/strong>.<br \/>\nT\u00fcranschlag rechts oder links. Wenn Sie den Ofen an einer anderen Stelle installieren m\u00f6chten, kann die T\u00fcr vor Ort durch eine T\u00fcr mit T\u00fcranschlag auf der anderen Seite ersetzt werden.[\/vc_column_text][\/vc_column][vc_column width=&#8221;1\/3&#8243;][vc_single_image image=&#8221;6318&#8243; img_size=&#8221;full&#8221;][elx_heading font_size=&#8221;h5&#8243; text_color=&#8221;inherit&#8221;]Robust[\/elx_heading][vc_column_text]<strong>Lange Lebensdauer<\/strong> selbst bei hoher Beanspruchung: Diesen Anforderungen wird der MultiSlim, welcher nur 72 kg wiegt, dank des Einsatzes qualitativ <strong>hochwertiger Materialien<\/strong> gerecht.[\/vc_column_text][\/vc_column][\/vc_row][vc_row][vc_column css=&#8221;.vc_custom_1516182416648{padding-top: 40px !important;}&#8221;][elx_heading font_size=&#8221;h3&#8243; text_color=&#8221;inherit&#8221;]Teilen Sie Ihre Meinung[\/elx_heading][vc_empty_space][\/vc_column][\/vc_row][vc_row css=&#8221;.vc_custom_1516626289472{background-color: #eeeeee !important;}&#8221;][vc_column width=&#8221;1\/2&#8243;][vc_empty_space height=&#8221;20px&#8221;][vc_single_image image=&#8221;6319&#8243; img_size=&#8221;full&#8221;][vc_empty_space height=&#8221;20px&#8221;][\/vc_column][vc_column width=&#8221;1\/2&#8243;][vc_empty_space height=&#8221;20px&#8221;][elx_heading font_container=&#8221;h3&#8243; font_size=&#8221;h5&#8243; text_color=&#8221;inherit&#8221;]MultiSlim Kompaktofen.<br \/>\nIhr Men\u00fc, wie Sie es sich w\u00fcnschen[\/elx_heading][vc_column_text]Schnelles und einfaches Navigieren durch Programme, Funktionen und Garparameter mit einem einzigen Pr\u00e4zisionsdrehknopf. <strong>Dr\u00fccken Sie zur<\/strong><br \/>\n<strong>Auswahl einer Funktion einfach den Drehknopf.<\/strong><\/p>\n<p>Perfekte Ergebnisse bei jedem Einsatz. \u00dcber das benutzerfreundliche Bedienpanel k\u00f6nnen Sie bis <strong>zu 99 Lieblingsrezepte<\/strong> erstellen, speichern und programmieren.[\/vc_column_text][\/vc_column][\/vc_row][vc_row][vc_column css=&#8221;.vc_custom_1516182416648{padding-top: 40px !important;}&#8221;][vc_empty_space][\/vc_column][\/vc_row][vc_row][vc_column width=&#8221;1\/3&#8243;][vc_single_image image=&#8221;6320&#8243; img_size=&#8221;full&#8221;][\/vc_column][vc_column width=&#8221;1\/3&#8243;][vc_empty_space][elx_heading font_container=&#8221;h3&#8243; font_size=&#8221;h5&#8243; text_color=&#8221;inherit&#8221;]Das richtige Ger\u00e4t f\u00fcr das perfekte Rezept[\/elx_heading][vc_column_text]Leicht und schnell. Hier finden Sie eine kleine Auswahl an <strong>Rezepten<\/strong> und Zubeh\u00f6r. Holen Sie sich jetzt Ihr Exemplar.[\/vc_column_text][\/vc_column][vc_column width=&#8221;1\/3&#8243;][elx_download_block text=&#8221;MultiSlim Kompaktofen<br \/>\nBrosch\u00fcre &amp; Rezepte&#8221; link=&#8221;https:\/\/www.electroluxprofessional.com\/de-ch\/wp-content\/uploads\/2018\/02\/MultiSlim.pdf&#8221; background_color=&#8221;orange&#8221;][\/vc_column][\/vc_row][vc_row][vc_column][vc_empty_space][elx_heading font_size=&#8221;h3&#8243; text_color=&#8221;inherit&#8221; text_align=&#8221;text-center&#8221;]Sie ben\u00f6tigen weitere Informationen?[\/elx_heading][elx_o2000_contact_us s=&#8221;Anfrage MultiSlim Kompaktofen&#8221; request_type=&#8221;Other&#8221; country=&#8221;Switzerland&#8221; b=&#8221;food&#8221; r=&#8221;Guten Tag, ich w\u00fcrde gerne mehr \u00fcber den MultiSlim Kompaktofen erfahren. Bitte kontaktieren Sie mich.&#8221; l=&#8221;de&#8221;][\/vc_column][\/vc_row][vc_row el_id=&#8221;produkt-filter&#8221;][vc_column][vc_empty_space][vc_empty_space][elx_heading font_size=&#8221;h3&#8243; text_color=&#8221;inherit&#8221;]MultiSlim Kompaktofen: technische Details.[\/elx_heading]<div class=\"com21-product-filter-container 65\"><div class=\"\"><h4 class=\"text-center\">2 Produkte<\/h4><hr><\/div>\n                    <!-- PROD LIST -->\n                    <div class=\"product-list container\">\n                        <!--Hidden parameters-->\n                        <input type=\"hidden\" name=\"navigation_level_1\" id=\"navigation_level_1\" value=\"E\">\n                        <input type=\"hidden\" name=\"navigation_level_2\" id=\"navigation_level_2\" value=\"2\">\n                        <input type=\"hidden\" name=\"navigation_level_3\" id=\"navigation_level_3\" value=\"\">\n                        <input type=\"hidden\" name=\"navigation_level_4\" id=\"navigation_level_4\" value=\"\">\n                        <input type=\"hidden\" name=\"filter_id\" id=\"filter_id\" value=\"65\">\n                        <input type=\"hidden\" name=\"navigation_language\" id=\"navigation_language\" value=\"5014\">\n                        <input type=\"hidden\" name=\"navigation_language_code\" id=\"navigation_language\" value=\"5014\">\n                        <input type=\"hidden\" name=\"page_id\" id=\"page_id\" value=\"6327\">\n                        <!--END Hidden parameters--><ul class=\"row\" ><li data-product-paged=\"\" class=\"anchor_tags_prod col-sm-6 col-md-3 wow fadeIn single-product-list 260652\"><div class=\"product-list-item\"><div class=\"product-content\"><a href=\"https:\/\/www.electroluxprofessional.com\/de-ch\/pd\/cook-chill\/multislim-kompakt-hei\u00dfluftd\u00e4mpfer\/multislim-kompaktofen\/-compact-touch-electric-oven-6gn-1-1-with-cleaning-system-260652\/\" target=\"_blank\" ><figure><img decoding=\"async\" src=\"https:\/\/tools.electroluxprofessional.com\/Mirror\/Doc\/PH_255x255%2FPH_260650_1_1_MultiSlimOven_US_260650.jpg\" alt=\"Compact touch electric oven 6GN 1\/1 with cleaning system\"\/><\/figure><div class=\"product-internal\"><div class=\"product-liv\">MultiSlim Kompaktofen<\/div><h3 class=\"product-title\"><br>Compact touch electric oven 6GN 1\/1 with cleaning system<\/h3><div class=\"product-icons\"><div class=\"product-green\"><\/div><div class=\"product-cod\"><div class=\"hidden type_code\">0<\/div>COD <span class=\"product-code\" >260652<\/span><\/div><div class=\"product-fast\"><\/div>\n<\/div><div class=\"product-description-fast-green\"><\/div>\n<\/div><div class=\"product-actions\"><a href=\"https:\/\/www.electroluxprofessional.com\/de-ch\/pd\/cook-chill\/multislim-kompakt-hei\u00dfluftd\u00e4mpfer\/multislim-kompaktofen\/-compact-touch-electric-oven-6gn-1-1-with-cleaning-system-260652\/\" class=\"btn btn-primary-blue\">Mehr erfahren<\/a><span class=\"compare-product\"><span class=\"compare-checkbox\"><span class=\"compare-checkbox-shape\"><input type=\"checkbox\" class=\"product-comparer\" id=\"prod_260652\"\/><label class=\"btn\" for=\"prod_260652\"><span class=\"label-bg\"><\/span>Vergleichen<\/label><\/span><\/span><\/span><\/div><\/a><\/div><\/div><\/li><li data-product-paged=\"\" class=\"anchor_tags_prod col-sm-6 col-md-3 wow fadeIn single-product-list 260654\"><div class=\"product-list-item\"><div class=\"product-content\"><a href=\"https:\/\/www.electroluxprofessional.com\/de-ch\/pd\/cook-chill\/multislim-kompakt-hei\u00dfluftd\u00e4mpfer\/multislim-kompaktofen\/-compact-touch-electric-oven-6gn-1-1-with-cleaning-system-260654\/\" target=\"_blank\" ><figure><img decoding=\"async\" src=\"https:\/\/tools.electroluxprofessional.com\/Mirror\/Doc\/PH_255x255%2FPH_260654_1_1_260654.jpg\" alt=\"Compact touch electric oven 6GN 1\/1 with cleaning system\"\/><\/figure><div class=\"product-internal\"><div class=\"product-liv\">MultiSlim Kompaktofen<\/div><h3 class=\"product-title\"><br>Compact touch electric oven 6GN 1\/1 with cleaning system<\/h3><div class=\"product-icons\"><div class=\"product-green\"><\/div><div class=\"product-cod\"><div class=\"hidden type_code\">0<\/div>COD <span class=\"product-code\" >260654<\/span><\/div><div class=\"product-fast\"><\/div>\n<\/div><div class=\"product-description-fast-green\"><\/div>\n<\/div><div class=\"product-actions\"><a href=\"https:\/\/www.electroluxprofessional.com\/de-ch\/pd\/cook-chill\/multislim-kompakt-hei\u00dfluftd\u00e4mpfer\/multislim-kompaktofen\/-compact-touch-electric-oven-6gn-1-1-with-cleaning-system-260654\/\" class=\"btn btn-primary-blue\">Mehr erfahren<\/a><span class=\"compare-product\"><span class=\"compare-checkbox\"><span class=\"compare-checkbox-shape\"><input type=\"checkbox\" class=\"product-comparer\" id=\"prod_260654\"\/><label class=\"btn\" for=\"prod_260654\"><span class=\"label-bg\"><\/span>Vergleichen<\/label><\/span><\/span><\/span><\/div><\/a><\/div><\/div><\/li>\n                        <\/ul>\n                        <div class=\"text-center more-products\">\n                        <\/div>\n                    <\/div>\n                    <!-- END PRODUCT LIST -->\n                    <\/div>\n                    <!-- END PRODUCT LIST -->[\/vc_column][\/vc_row][vc_row css=&#8221;.vc_custom_1517485643770{background-color: #eeeeee !important;}&#8221;][vc_column][elx_heading font_size=&#8221;h3&#8243; text_color=&#8221;inherit&#8221;]Das k\u00f6nnte Sie auch interessieren[\/elx_heading][vc_row_inner css=&#8221;.vc_custom_1517485631687{background-color: #eeeeee !important;}&#8221;][vc_column_inner width=&#8221;1\/3&#8243;][elx_maylike_box id_box=&#8221;6322&#8243; matched_labels_activation=&#8221;true&#8221;][\/vc_column_inner][vc_column_inner width=&#8221;1\/3&#8243;][elx_maylike_box id_box=&#8221;6324&#8243; matched_labels_activation=&#8221;true&#8221;][\/vc_column_inner][vc_column_inner width=&#8221;1\/3&#8243;][elx_maylike_box id_box=&#8221;6326&#8243; matched_labels_activation=&#8221;true&#8221;][\/vc_column_inner][\/vc_row_inner][\/vc_column][\/vc_row]<\/p>\n","protected":false},"excerpt":{"rendered":"<p>[vc_row full_width=&#8221;electroluxpro-full-width-no-padding&#8221;][vc_column][vc_single_image image=&#8221;8374&#8243; img_size=&#8221;2000*350&#8243; alignment=&#8221;center&#8221;][\/vc_column][\/vc_row][vc_row][vc_column width=&#8221;2\/3&#8243;][elx_heading font_container=&#8221;h1&#8243; font_size=&#8221;h3&#8243; text_color=&#8221;inherit&#8221;]MultiSlim Kompaktofen[\/elx_heading][vc_column_text]Sie haben wenig Platz in Ihrer K\u00fcche? Sie m\u00fcssen Ihre Betriebsausgaben senken, ohne dass dies auf Kosten Ihrer Leistung geht? Der neue MultiSlim Kompaktofen\u00a0ist die perfekte L\u00f6sung f\u00fcr Ihr Restaurant oder Ihre Bar.[\/vc_column_text][vc_empty_space][elx_button button_text=&#8221;Zu den Produkten&#8221; button_link=&#8221;url:%23produkt-filter&#8221;][vc_empty_space][vc_empty_space][\/vc_column][vc_column width=&#8221;1\/3&#8243;][\/vc_column][\/vc_row][vc_row][vc_column width=&#8221;1\/3&#8243;][vc_single_image image=&#8221;6316&#8243; img_size=&#8221;full&#8221;][elx_heading font_size=&#8221;h5&#8243; text_color=&#8221;inherit&#8221;]Umweltschonend[\/elx_heading][vc_column_text]Bis zu 15 % [&hellip;]<\/p>\n","protected":false},"author":5,"featured_media":0,"parent":731,"menu_order":0,"comment_status":"closed","ping_status":"closed","template":"","meta":{"footnotes":""},"class_list":["post-6327","page","type-page","status-publish","hentry"],"acf":[],"yoast_head":"<!-- This site is optimized with the Yoast SEO plugin v23.3 - https:\/\/yoast.com\/wordpress\/plugins\/seo\/ -->\n<title>MultiSlim Kompaktofen | Electrolux Professional<\/title>\n<meta name=\"description\" content=\"Sie haben wenig Platz in Ihrer K\u00fcche? Der neue MultiSlim Kompaktofen ist die perfekte L\u00f6sung f\u00fcr Ihr Restaurant oder Ihre Bar.\" \/>\n<meta name=\"robots\" content=\"index, follow, max-snippet:-1, max-image-preview:large, max-video-preview:-1\" \/>\n<link rel=\"canonical\" href=\"https:\/\/www.electroluxprofessional.com\/de-ch\/kueche\/multislim-kompaktofen\/\" \/>\n<meta property=\"og:locale\" content=\"de_DE\" \/>\n<meta property=\"og:type\" content=\"article\" \/>\n<meta property=\"og:title\" content=\"MultiSlim Kompaktofen\" \/>\n<meta property=\"og:description\" content=\"Sie haben wenig Platz in Ihrer K\u00fcche oder m\u00fcssen Ihre Betriebsausgaben senken, ohne dass dies auf Kosten Ihrer Leistung geht? Der neue MultiSlim Kompaktofen ist die perfekte L\u00f6sung.\" \/>\n<meta property=\"og:url\" content=\"https:\/\/www.electroluxprofessional.com\/de-ch\/kueche\/multislim-kompaktofen\/\" \/>\n<meta property=\"og:site_name\" content=\"Electrolux Professional Schweiz\" \/>\n<meta property=\"article:modified_time\" content=\"2026-03-27T06:35:14+00:00\" \/>\n<meta property=\"og:image\" content=\"https:\/\/www.electroluxprofessional.com\/de-ch\/wp-content\/uploads\/2018\/01\/MultiSlim_FB.jpg\" \/>\n<meta name=\"twitter:card\" content=\"summary_large_image\" \/>\n<meta name=\"twitter:label1\" content=\"Gesch\u00e4tzte Lesezeit\" \/>\n\t<meta name=\"twitter:data1\" content=\"4 Minuten\" \/>\n<script type=\"application\/ld+json\" class=\"yoast-schema-graph\">{\"@context\":\"https:\/\/schema.org\",\"@graph\":[{\"@type\":\"WebPage\",\"@id\":\"https:\/\/www.electroluxprofessional.com\/de-ch\/kueche\/multislim-kompaktofen\/\",\"url\":\"https:\/\/www.electroluxprofessional.com\/de-ch\/kueche\/multislim-kompaktofen\/\",\"name\":\"MultiSlim Kompaktofen | Electrolux Professional\",\"isPartOf\":{\"@id\":\"https:\/\/www.electroluxprofessional.com\/de-ch\/#website\"},\"datePublished\":\"2018-01-17T13:24:42+00:00\",\"dateModified\":\"2026-03-27T06:35:14+00:00\",\"description\":\"Sie haben wenig Platz in Ihrer K\u00fcche? Der neue MultiSlim Kompaktofen ist die perfekte L\u00f6sung f\u00fcr Ihr Restaurant oder Ihre Bar.\",\"breadcrumb\":{\"@id\":\"https:\/\/www.electroluxprofessional.com\/de-ch\/kueche\/multislim-kompaktofen\/#breadcrumb\"},\"inLanguage\":\"de-CH\",\"potentialAction\":[{\"@type\":\"ReadAction\",\"target\":[\"https:\/\/www.electroluxprofessional.com\/de-ch\/kueche\/multislim-kompaktofen\/\"]}]},{\"@type\":\"BreadcrumbList\",\"@id\":\"https:\/\/www.electroluxprofessional.com\/de-ch\/kueche\/multislim-kompaktofen\/#breadcrumb\",\"itemListElement\":[{\"@type\":\"ListItem\",\"position\":1,\"name\":\"Home\",\"item\":\"https:\/\/www.electroluxprofessional.com\/de-ch\/\"},{\"@type\":\"ListItem\",\"position\":2,\"name\":\"K\u00fcche\",\"item\":\"https:\/\/www.electroluxprofessional.com\/de-ch\/kueche\/\"},{\"@type\":\"ListItem\",\"position\":3,\"name\":\"MultiSlim Kompaktofen\"}]},{\"@type\":\"WebSite\",\"@id\":\"https:\/\/www.electroluxprofessional.com\/de-ch\/#website\",\"url\":\"https:\/\/www.electroluxprofessional.com\/de-ch\/\",\"name\":\"Electrolux Professional Schweiz\",\"description\":\"\",\"potentialAction\":[{\"@type\":\"SearchAction\",\"target\":{\"@type\":\"EntryPoint\",\"urlTemplate\":\"https:\/\/www.electroluxprofessional.com\/de-ch\/?src={search_term_string}\"},\"query-input\":\"required name=search_term_string\"}],\"inLanguage\":\"de-CH\"}]}<\/script>\n<!-- \/ Yoast SEO plugin. -->","yoast_head_json":{"title":"MultiSlim Kompaktofen | Electrolux Professional","description":"Sie haben wenig Platz in Ihrer K\u00fcche? Der neue MultiSlim Kompaktofen ist die perfekte L\u00f6sung f\u00fcr Ihr Restaurant oder Ihre Bar.","robots":{"index":"index","follow":"follow","max-snippet":"max-snippet:-1","max-image-preview":"max-image-preview:large","max-video-preview":"max-video-preview:-1"},"canonical":"https:\/\/www.electroluxprofessional.com\/de-ch\/kueche\/multislim-kompaktofen\/","og_locale":"de_DE","og_type":"article","og_title":"MultiSlim Kompaktofen","og_description":"Sie haben wenig Platz in Ihrer K\u00fcche oder m\u00fcssen Ihre Betriebsausgaben senken, ohne dass dies auf Kosten Ihrer Leistung geht? Der neue MultiSlim Kompaktofen ist die perfekte L\u00f6sung.","og_url":"https:\/\/www.electroluxprofessional.com\/de-ch\/kueche\/multislim-kompaktofen\/","og_site_name":"Electrolux Professional Schweiz","article_modified_time":"2026-03-27T06:35:14+00:00","og_image":[{"url":"https:\/\/www.electroluxprofessional.com\/de-ch\/wp-content\/uploads\/2018\/01\/MultiSlim_FB.jpg"}],"twitter_card":"summary_large_image","twitter_misc":{"Gesch\u00e4tzte Lesezeit":"4 Minuten"},"schema":{"@context":"https:\/\/schema.org","@graph":[{"@type":"WebPage","@id":"https:\/\/www.electroluxprofessional.com\/de-ch\/kueche\/multislim-kompaktofen\/","url":"https:\/\/www.electroluxprofessional.com\/de-ch\/kueche\/multislim-kompaktofen\/","name":"MultiSlim Kompaktofen | Electrolux Professional","isPartOf":{"@id":"https:\/\/www.electroluxprofessional.com\/de-ch\/#website"},"datePublished":"2018-01-17T13:24:42+00:00","dateModified":"2026-03-27T06:35:14+00:00","description":"Sie haben wenig Platz in Ihrer K\u00fcche? Der neue MultiSlim Kompaktofen ist die perfekte L\u00f6sung f\u00fcr Ihr Restaurant oder Ihre Bar.","breadcrumb":{"@id":"https:\/\/www.electroluxprofessional.com\/de-ch\/kueche\/multislim-kompaktofen\/#breadcrumb"},"inLanguage":"de-CH","potentialAction":[{"@type":"ReadAction","target":["https:\/\/www.electroluxprofessional.com\/de-ch\/kueche\/multislim-kompaktofen\/"]}]},{"@type":"BreadcrumbList","@id":"https:\/\/www.electroluxprofessional.com\/de-ch\/kueche\/multislim-kompaktofen\/#breadcrumb","itemListElement":[{"@type":"ListItem","position":1,"name":"Home","item":"https:\/\/www.electroluxprofessional.com\/de-ch\/"},{"@type":"ListItem","position":2,"name":"K\u00fcche","item":"https:\/\/www.electroluxprofessional.com\/de-ch\/kueche\/"},{"@type":"ListItem","position":3,"name":"MultiSlim Kompaktofen"}]},{"@type":"WebSite","@id":"https:\/\/www.electroluxprofessional.com\/de-ch\/#website","url":"https:\/\/www.electroluxprofessional.com\/de-ch\/","name":"Electrolux Professional Schweiz","description":"","potentialAction":[{"@type":"SearchAction","target":{"@type":"EntryPoint","urlTemplate":"https:\/\/www.electroluxprofessional.com\/de-ch\/?src={search_term_string}"},"query-input":"required name=search_term_string"}],"inLanguage":"de-CH"}]}},"_links":{"self":[{"href":"https:\/\/www.electroluxprofessional.com\/de-ch\/wp-json\/wp\/v2\/pages\/6327"}],"collection":[{"href":"https:\/\/www.electroluxprofessional.com\/de-ch\/wp-json\/wp\/v2\/pages"}],"about":[{"href":"https:\/\/www.electroluxprofessional.com\/de-ch\/wp-json\/wp\/v2\/types\/page"}],"author":[{"embeddable":true,"href":"https:\/\/www.electroluxprofessional.com\/de-ch\/wp-json\/wp\/v2\/users\/5"}],"replies":[{"embeddable":true,"href":"https:\/\/www.electroluxprofessional.com\/de-ch\/wp-json\/wp\/v2\/comments?post=6327"}],"version-history":[{"count":9,"href":"https:\/\/www.electroluxprofessional.com\/de-ch\/wp-json\/wp\/v2\/pages\/6327\/revisions"}],"predecessor-version":[{"id":20508,"href":"https:\/\/www.electroluxprofessional.com\/de-ch\/wp-json\/wp\/v2\/pages\/6327\/revisions\/20508"}],"up":[{"embeddable":true,"href":"https:\/\/www.electroluxprofessional.com\/de-ch\/wp-json\/wp\/v2\/pages\/731"}],"wp:attachment":[{"href":"https:\/\/www.electroluxprofessional.com\/de-ch\/wp-json\/wp\/v2\/media?parent=6327"}],"curies":[{"name":"wp","href":"https:\/\/api.w.org\/{rel}","templated":true}]}}