{"id":3860,"date":"2017-09-22T13:03:56","date_gmt":"2017-09-22T13:03:56","guid":{"rendered":"https:\/\/www.electroluxprofessional.com\/de-ch\/?page_id=3860"},"modified":"2019-06-07T06:31:17","modified_gmt":"2019-06-07T06:31:17","slug":"speedelight_alt","status":"publish","type":"page","link":"https:\/\/www.electroluxprofessional.com\/de-ch\/kueche\/speedelight_alt\/","title":{"rendered":"SpeeDelight_alt"},"content":{"rendered":"<p>[vc_row full_width=&#8221;electroluxpro-full-width-no-padding&#8221;][vc_column][elx_video_block background_image=&#8221;1657&#8243; video_link=&#8221;https:\/\/www.youtube.com\/watch?v=fS-6d3TVsNI&amp;t=3s&#8221; minimum_height=&#8221;500px&#8221;][\/vc_column][\/vc_row][vc_row][vc_column][vc_empty_space][\/vc_column][\/vc_row][vc_row][vc_column width=&#8221;1\/3&#8243;][vc_empty_space height=&#8221;20px&#8221;][vc_single_image image=&#8221;1661&#8243; img_size=&#8221;full&#8221; css_animation=&#8221;left-to-right&#8221;][\/vc_column][vc_column width=&#8221;2\/3&#8243; css=&#8221;.vc_custom_1481115738117{margin-left: 50px !important;}&#8221;][elx_heading font_container=&#8221;h1&#8243; font_size=&#8221;h2&#8243; text_color=&#8221;inherit&#8221;]<strong>SpeeDelight high speed snack grill<\/strong>[\/elx_heading][elx_heading font_size=&#8221;h3&#8243; text_color=&#8221;inherit&#8221;]Unglaublich schnell. Extrem lecker.[\/elx_heading][vc_empty_space height=&#8221;15px&#8221;][\/vc_column][\/vc_row][vc_row full_width=&#8221;electroluxpro-full-width-no-padding&#8221;][vc_column][vc_empty_space][elx_image_block background_image=&#8221;1658&#8243; minimum_height=&#8221;500px&#8221;][\/vc_column][\/vc_row][vc_row][vc_column][vc_empty_space][\/vc_column][\/vc_row][vc_row][vc_column width=&#8221;1\/3&#8243;][elx_heading font_size=&#8221;h3&#8243; text_color=&#8221;inherit&#8221;]TRIPLE PLAY[\/elx_heading][vc_column_text]<\/p>\n<h4><strong>Professionell kochen kann jetzt jeder!<\/strong><\/h4>\n<p>Snacks wie vom Profi \u2013 dank der Kombination aus 3 Kochtechnologien: <strong>Kontaktplatten, Infrarotstrahlung<\/strong> und <strong>Mikrowelle<\/strong>.<\/p>\n<p><strong>Das bedeutet f\u00fcr Sie:<\/strong><br \/>\nAu\u00dfen knusprig und innen perfekt gegart.[\/vc_column_text][\/vc_column][vc_column width=&#8221;1\/3&#8243;][elx_heading font_size=&#8221;h3&#8243; text_color=&#8221;inherit&#8221;]HAS YOUR BACK[\/elx_heading][vc_column_text]<\/p>\n<h4><strong><br \/>\nSorgenfreie Zubereitung<\/strong><\/h4>\n<p>Dr\u00fccken Sie die Taste und Ihre Arbeit ist erledigt: <strong>der Deckel \u00f6ffnet sich<\/strong><br \/>\n<strong>automatisch<\/strong>, wenn der Snack fertig ist.<\/p>\n<p><strong><br \/>\nDas bedeutet f\u00fcr Sie:<br \/>\n<\/strong>Nichts kann mehr anbrennen und Sie haben den Kopf frei f\u00fcr andere Aufgaben![\/vc_column_text][\/vc_column][vc_column width=&#8221;1\/3&#8243;][elx_heading font_size=&#8221;h3&#8243; text_color=&#8221;inherit&#8221;]PERFECT SQUEEZE[\/elx_heading][vc_column_text]<\/p>\n<h4><strong><br \/>\nIntelligente Presstechnik<br \/>\n<\/strong><\/h4>\n<p>Die obere <strong>Platte senkt sich automatisch<\/strong> auf die Speise mit <strong>perfektem Druck<\/strong>.<\/p>\n<p>&nbsp;<\/p>\n<p><strong>Das bedeutet f\u00fcr Sie:<\/strong><br \/>\nSchluss mit Sandwiches, die platt gedr\u00fcckt oder nicht knusprig genug sind.[\/vc_column_text][\/vc_column][\/vc_row][vc_row][vc_column][vc_empty_space height=&#8221;10px&#8221;][\/vc_column][\/vc_row][vc_row css=&#8221;.vc_custom_1485268650691{margin-right: 0px !important;border-right-width: 0px !important;padding-right: 0px !important;}&#8221;][vc_column width=&#8221;1\/2&#8243;][vc_empty_space height=&#8221;50px&#8221;][vc_single_image image=&#8221;1662&#8243; img_size=&#8221;400&#8243; onclick=&#8221;custom_link&#8221; link=&#8221;https:\/\/www.electroluxprofessional.com\/de-ch\/kueche\/speedelight&#8221; css=&#8221;.vc_custom_1506086614537{margin-right: 20px !important;border-right-width: 20px !important;padding-right: 20px !important;}&#8221;][\/vc_column][vc_column width=&#8221;1\/2&#8243; css=&#8221;.vc_custom_1485268657619{margin-right: 0px !important;border-right-width: 0px !important;padding-right: 0px !important;}&#8221;][vc_empty_space height=&#8221;50px&#8221;][vc_column_text]<\/p>\n<div>\n<h2><a href=\"https:\/\/www.electroluxprofessional.com\/de-ch\/kueche\/speedelight-produktivitaet\/\"><span style=\"color: #eb6852;\">Minimale Anstrengung f\u00fcr maximale Leistung<\/span><\/a><\/h2>\n<h3><span style=\"color: #041e41;\"><a style=\"color: #041e41;\" href=\"https:\/\/www.electroluxprofessional.com\/de-ch\/kueche\/speedelight-produktivitaet\/\">Erfahren Sie mehr \u00fcber Produktivit\u00e4t und Einsparm\u00f6glichkeiten mit dem SpeeDelight<\/a><\/span><\/h3>\n<\/div>\n<div>\n<h4><span style=\"color: #eb6852;\"><a style=\"color: #eb6852;\" href=\"https:\/\/www.electroluxprofessional.com\/de-ch\/kueche\/speedelight-produktivitaet\/\">Jetzt berechnen &gt;&gt;<\/a><\/span><\/h4>\n<\/div>\n<p>[\/vc_column_text][\/vc_column][\/vc_row][vc_row css=&#8221;.vc_custom_1485268650691{margin-right: 0px !important;border-right-width: 0px !important;padding-right: 0px !important;}&#8221;][vc_column width=&#8221;1\/2&#8243;][vc_empty_space height=&#8221;50px&#8221;][vc_column_text]<\/p>\n<div>\n<h2><span style=\"color: #eb6852;\">Rund um die Uhr<\/span><br \/>\n<span style=\"color: #eb6852;\">Rund um die Welt<\/span><\/h2>\n<h3><span style=\"color: #041e41;\">Erweitern Sie Ihre Vielfalt mit neuen Rezepten, dank derer Sie zu verschiedenen Tageszeiten verschiedene Snacks anbieten.<\/span><\/h3>\n<\/div>\n<div>\n<h4><span style=\"color: #eb6852;\"><a style=\"color: #eb6852;\" href=\"https:\/\/www.electroluxprofessional.com\/de-ch\/wp-content\/uploads\/2017\/09\/SpeeDelight_Rezeptbuch_DE.pdf\">Hier geht&#8217;s zum SpeeDelight Kochbuch &gt;&gt;<\/a><\/span><\/h4>\n<\/div>\n<p>[\/vc_column_text][\/vc_column][vc_column width=&#8221;1\/2&#8243; css=&#8221;.vc_custom_1485268657619{margin-right: 0px !important;border-right-width: 0px !important;padding-right: 0px !important;}&#8221;][vc_single_image image=&#8221;3851&#8243; img_size=&#8221;500&#8243; alignment=&#8221;right&#8221; onclick=&#8221;custom_link&#8221; link=&#8221;https:\/\/www.electroluxprofessional.com\/de-ch\/wp-content\/uploads\/2017\/09\/SpeeDelight_Rezeptbuch_DE.pdf&#8221; css=&#8221;.vc_custom_1506086646165{margin-right: 20px !important;border-right-width: 20px !important;padding-right: 20px !important;}&#8221;][\/vc_column][\/vc_row][vc_row][vc_column][vc_empty_space height=&#8221;50px&#8221;][elx_heading font_size=&#8221;h3&#8243; text_color=&#8221;inherit&#8221; text_align=&#8221;text-left&#8221;]<strong>Optimale Reinigung<\/strong> \u2013<br \/>\ndank Zubeh\u00f6r und Verbrauchsmaterialien von Electrolux[\/elx_heading][vc_empty_space][vc_row_inner css=&#8221;.vc_custom_1484554869336{margin-left: 0px !important;border-left-width: 0px !important;padding-left: 0px !important;}&#8221;][vc_column_inner width=&#8221;1\/2&#8243; css=&#8221;.vc_custom_1484554876152{margin-left: 0px !important;border-left-width: 0px !important;padding-left: 0px !important;}&#8221;][vc_single_image image=&#8221;1663&#8243; img_size=&#8221;full&#8221;][elx_heading font_container=&#8221;h4&#8243; text_color=&#8221;inherit&#8221;]Zubeh\u00f6r und Verbrauchsmaterialien zur Premiumwartung.[\/elx_heading][vc_column_text]Mit diesen Materialien\u00a0halten Sie Ihren SpeeDelight in H\u00f6chstform, damit er das macht, was er am besten kann: B\u00fcrste, Spatel, Schaber, abnehmbare Teflonplatte, Backpapier, Silikonschutz, Reinigungsl\u00f6sungen, Schnellreiniger.[\/vc_column_text][\/vc_column_inner][vc_column_inner width=&#8221;1\/2&#8243;][elx_video_block background_image=&#8221;6387&#8243; video_link=&#8221;https:\/\/www.youtube-nocookie.com\/embed\/ecohJ499lSk&#8221; minimum_height=&#8221;300px&#8221;][vc_empty_space height=&#8221;20px&#8221;][vc_column_text]Schauen Sie sich im Video an, wie Sie Ihren SpeeDelight am Einfachsten und Effizientesten reinigen.[\/vc_column_text][\/vc_column_inner][\/vc_row_inner][vc_empty_space height=&#8221;50px&#8221;][\/vc_column][\/vc_row][vc_row][vc_column][elx_heading font_size=&#8221;h3&#8243; text_color=&#8221;inherit&#8221; text_align=&#8221;text-center&#8221;]Anwendungsvideos[\/elx_heading][elx_video_block background_image=&#8221;1660&#8243; video_link=&#8221;https:\/\/www.youtube.com\/watch?v=tuwcizuSpRs&amp;list=PLPHkDbiayOiof2JQrzLd0ackUItYMZqXq&#8221; minimum_height=&#8221;500px&#8221;][\/vc_column][\/vc_row][vc_row][vc_column][vc_empty_space height=&#8221;50px&#8221;][\/vc_column][\/vc_row][vc_row][vc_column width=&#8221;1\/3&#8243;][vc_empty_space height=&#8221;15px&#8221;][elx_download_block text=&#8221;SpeeDelight<br \/>\nBrosch\u00fcre&#8221; link=&#8221;https:\/\/www.electroluxprofessional.com\/de-ch\/wp-content\/uploads\/2017\/06\/EFS_SpeeDelight_Quick_Guide_DE.pdf&#8221; background_color=&#8221;cat-cook&#8221; reveal_effect=&#8221;&#8221; reveal_duration=&#8221;&#8221; reveal_delay=&#8221;&#8221;][elx_download_block text=&#8221;SpeeDelight<br \/>\nRezeptbuch&#8221; link=&#8221;https:\/\/www.electroluxprofessional.com\/de-ch\/wp-content\/uploads\/2017\/09\/SpeeDelight_Rezeptbuch_DE.pdf&#8221; background_color=&#8221;cat-cook&#8221; reveal_effect=&#8221;&#8221; reveal_duration=&#8221;&#8221; reveal_delay=&#8221;&#8221;][elx_download_block text=&#8221;SpeeDelight<br \/>\nPressemitteilung&#8221; link=&#8221;https:\/\/www.electroluxprofessional.com\/de-ch\/wp-content\/uploads\/2017\/06\/PM_Electrolux_Professional_SpeeDelight.pdf&#8221; background_color=&#8221;cat-cook&#8221; reveal_effect=&#8221;&#8221; reveal_duration=&#8221;&#8221; reveal_delay=&#8221;&#8221;][\/vc_column][vc_column width=&#8221;2\/3&#8243; css=&#8221;.vc_custom_1484036190001{margin-top: 0px !important;border-top-width: 0px !important;padding-top: 0px !important;}&#8221;][elx_heading font_container=&#8221;h3&#8243; text_color=&#8221;inherit&#8221;]Revolutionieren Sie Ihr Business[\/elx_heading][elx_o2000_contact_us r=&#8221;Ich w\u00fcrde gerne mehr \u00fcber den SpeeDelight erfahren. Bitte kontaktieren Sie mich.&#8221; s=&#8221;Anfrage SpeeDelight&#8221; country=&#8221;Germany&#8221; l=&#8221;de&#8221; container=&#8221;elxcontactus1481115393&#8243;][\/vc_column][\/vc_row][vc_row][vc_column][vc_empty_space height=&#8221;50px&#8221;][\/vc_column][\/vc_row][vc_row][vc_column][vc_empty_space][elx_heading font_size=&#8221;h3&#8243; text_color=&#8221;inherit&#8221; text_align=&#8221;text-center&#8221;]Finden Sie Ihre ideale L\u00f6sung[\/elx_heading][\/vc_column][\/vc_row][vc_row][vc_column width=&#8221;1\/3&#8243;][elx_maylike_box id_box=&#8221;1445&#8243;][\/vc_column][vc_column width=&#8221;1\/3&#8243;][elx_maylike_box id_box=&#8221;337&#8243;][\/vc_column][vc_column width=&#8221;1\/3&#8243;][elx_maylike_box id_box=&#8221;1398&#8243;][\/vc_column][\/vc_row][vc_row disable_element=&#8221;yes&#8221;][vc_column][vc_raw_html]JTNDZGl2JTIwaWQlM0QlMjJDYWxjdWxhdG9yJTIyJTNFJTNDJTJGZGl2JTNF[\/vc_raw_html][vc_empty_space height=&#8221;50px&#8221;][elx_heading text_color=&#8221;inherit&#8221;]Minimum effort for maximum performance[\/elx_heading][elx_heading font_container=&#8221;h3&#8243; text_color=&#8221;inherit&#8221;]Discover your new productivity and savings with SpeeDelight[\/elx_heading][vc_empty_space height=&#8221;50px&#8221;][vc_raw_js]JTNDc2NyaXB0JTIwc3JjJTNEJTIyaHR0cHMlM0ElMkYlMkZ3d3cuZXByLWFwcHMuY29tJTJGd2lkZ2V0cyUyRmNvZGUlMkZqcXVlcnktdWkuanMlMjIlM0UlM0MlMkZzY3JpcHQlM0UlMEElM0NzY3JpcHQlMjBzcmMlM0QlMjJodHRwcyUzQSUyRiUyRnd3dy5lcHItYXBwcy5jb20lMkZ3aWRnZXRzJTJGY29kZSUyRmFuZ3VsYXIubWluLmpzJTIyJTNFJTNDJTJGc2NyaXB0JTNFJTBBJTNDc2NyaXB0JTIwc3JjJTNEJTIyaHR0cHMlM0ElMkYlMkZ3d3cuZXByLWFwcHMuY29tJTJGd2lkZ2V0cyUyRmNvZGUlMkZhbmd1bGFyLXNhbml0aXplLmpzJTIyJTNFJTNDJTJGc2NyaXB0JTNFJTBBJTNDc2NyaXB0JTIwc3JjJTNEJTIyaHR0cHMlM0ElMkYlMkZ3d3cuZXByLWFwcHMuY29tJTJGd2lkZ2V0cyUyRmNvZGUlMkZoaWdoY2hhcnRzJTJGSGlnaGNoYXJ0c0NhbGN1bGF0b3JzLmpzJTIyJTNFJTNDJTJGc2NyaXB0JTNFJTBBJTNDc2NyaXB0JTIwc3JjJTNEJTIyaHR0cHMlM0ElMkYlMkZ3d3cuZXByLWFwcHMuY29tJTJGY2FsY3VsYXRvcnMlMkZzcGVlZGVsaWdodCUyRnJlc291cmNlcyUyRmpzJTJGbWFpbi5taW4uanMlMjIlM0UlM0MlMkZzY3JpcHQlM0UlMEElM0NzY3JpcHQlMjB0eXBlJTNEJTIydGV4dCUyRmphdmFzY3JpcHQlMjIlM0UlMkYlMkYlMjAlM0MlMjElNUJDREFUQSU1QiUwQXZhciUyMHNldHRpbmdTcGVlZGVsaWdodCUyMCUzRCUyMCU3QiUwQWxhbmd1YWdlJTNBJTI3ZW4lMjclMkMlMEFjb3VudHJ5JTNBJTI3SXRhbHklMjclMkMlMEFjb250YWluZXIlM0ElMjdzcGVlZGVsaWdodF9qc29uX3dyYXBwZXIlMjclMEElN0QlMEF3aW5kb3cub25sb2FkJTIwJTNEJTIwb25Mb2FkYm9vdHN0cmFwU3BlZWRlbGlnaHQlMjhzZXR0aW5nU3BlZWRlbGlnaHQlMjklM0IlMEElMkYlMkYlMjAlNUQlNUQlM0UlM0MlMkZzY3JpcHQlM0UlMEElM0NkaXYlMjBpZCUzRCUyMnNwZWVkZWxpZ2h0X2pzb25fd3JhcHBlciUyMiUzRSUzQyUyRmRpdiUzRQ==[\/vc_raw_js][\/vc_column][\/vc_row]<\/p>\n","protected":false},"excerpt":{"rendered":"<p>[vc_row full_width=&#8221;electroluxpro-full-width-no-padding&#8221;][vc_column][elx_video_block background_image=&#8221;1657&#8243; video_link=&#8221;https:\/\/www.youtube.com\/watch?v=fS-6d3TVsNI&amp;t=3s&#8221; minimum_height=&#8221;500px&#8221;][\/vc_column][\/vc_row][vc_row][vc_column][vc_empty_space][\/vc_column][\/vc_row][vc_row][vc_column width=&#8221;1\/3&#8243;][vc_empty_space height=&#8221;20px&#8221;][vc_single_image image=&#8221;1661&#8243; img_size=&#8221;full&#8221; css_animation=&#8221;left-to-right&#8221;][\/vc_column][vc_column width=&#8221;2\/3&#8243; css=&#8221;.vc_custom_1481115738117{margin-left: 50px !important;}&#8221;][elx_heading font_container=&#8221;h1&#8243; font_size=&#8221;h2&#8243; text_color=&#8221;inherit&#8221;]SpeeDelight high speed snack grill[\/elx_heading][elx_heading font_size=&#8221;h3&#8243; text_color=&#8221;inherit&#8221;]Unglaublich schnell. Extrem lecker.[\/elx_heading][vc_empty_space height=&#8221;15px&#8221;][\/vc_column][\/vc_row][vc_row full_width=&#8221;electroluxpro-full-width-no-padding&#8221;][vc_column][vc_empty_space][elx_image_block background_image=&#8221;1658&#8243; minimum_height=&#8221;500px&#8221;][\/vc_column][\/vc_row][vc_row][vc_column][vc_empty_space][\/vc_column][\/vc_row][vc_row][vc_column width=&#8221;1\/3&#8243;][elx_heading font_size=&#8221;h3&#8243; text_color=&#8221;inherit&#8221;]TRIPLE PLAY[\/elx_heading][vc_column_text] Professionell kochen kann jetzt jeder! Snacks wie vom Profi \u2013 dank der Kombination aus 3 Kochtechnologien: Kontaktplatten, Infrarotstrahlung und Mikrowelle. Das [&hellip;]<\/p>\n","protected":false},"author":1,"featured_media":0,"parent":731,"menu_order":0,"comment_status":"closed","ping_status":"closed","template":"","meta":{"footnotes":""},"class_list":["post-3860","page","type-page","status-publish","hentry"],"acf":[],"yoast_head":"<!-- This site is optimized with the Yoast SEO plugin v23.3 - https:\/\/yoast.com\/wordpress\/plugins\/seo\/ -->\n<title>SpeeDelight_alt - Electrolux Professional Schweiz<\/title>\n<meta name=\"robots\" content=\"index, follow, max-snippet:-1, max-image-preview:large, max-video-preview:-1\" \/>\n<link rel=\"canonical\" href=\"https:\/\/www.electroluxprofessional.com\/de-ch\/kueche\/speedelight_alt\/\" \/>\n<meta property=\"og:locale\" content=\"de_DE\" \/>\n<meta property=\"og:type\" content=\"article\" \/>\n<meta property=\"og:title\" content=\"SpeeDelight_alt - Electrolux Professional Schweiz\" \/>\n<meta property=\"og:description\" content=\"[vc_row full_width=&#8221;electroluxpro-full-width-no-padding&#8221;][vc_column][elx_video_block background_image=&#8221;1657&#8243; video_link=&#8221;https:\/\/www.youtube.com\/watch?v=fS-6d3TVsNI&amp;t=3s&#8221; minimum_height=&#8221;500px&#8221;][\/vc_column][\/vc_row][vc_row][vc_column][vc_empty_space][\/vc_column][\/vc_row][vc_row][vc_column width=&#8221;1\/3&#8243;][vc_empty_space height=&#8221;20px&#8221;][vc_single_image image=&#8221;1661&#8243; img_size=&#8221;full&#8221; css_animation=&#8221;left-to-right&#8221;][\/vc_column][vc_column width=&#8221;2\/3&#8243; css=&#8221;.vc_custom_1481115738117{margin-left: 50px !important;}&#8221;][elx_heading font_container=&#8221;h1&#8243; font_size=&#8221;h2&#8243; text_color=&#8221;inherit&#8221;]SpeeDelight high speed snack grill[\/elx_heading][elx_heading font_size=&#8221;h3&#8243; text_color=&#8221;inherit&#8221;]Unglaublich schnell. Extrem lecker.[\/elx_heading][vc_empty_space height=&#8221;15px&#8221;][\/vc_column][\/vc_row][vc_row full_width=&#8221;electroluxpro-full-width-no-padding&#8221;][vc_column][vc_empty_space][elx_image_block background_image=&#8221;1658&#8243; minimum_height=&#8221;500px&#8221;][\/vc_column][\/vc_row][vc_row][vc_column][vc_empty_space][\/vc_column][\/vc_row][vc_row][vc_column width=&#8221;1\/3&#8243;][elx_heading font_size=&#8221;h3&#8243; text_color=&#8221;inherit&#8221;]TRIPLE PLAY[\/elx_heading][vc_column_text] Professionell kochen kann jetzt jeder! Snacks wie vom Profi \u2013 dank der Kombination aus 3 Kochtechnologien: Kontaktplatten, Infrarotstrahlung und Mikrowelle. Das [&hellip;]\" \/>\n<meta property=\"og:url\" content=\"https:\/\/www.electroluxprofessional.com\/de-ch\/kueche\/speedelight_alt\/\" \/>\n<meta property=\"og:site_name\" content=\"Electrolux Professional Schweiz\" \/>\n<meta property=\"article:modified_time\" content=\"2019-06-07T06:31:17+00:00\" \/>\n<meta name=\"twitter:card\" content=\"summary_large_image\" \/>\n<meta name=\"twitter:label1\" content=\"Gesch\u00e4tzte Lesezeit\" \/>\n\t<meta name=\"twitter:data1\" content=\"6 Minuten\" \/>\n<script type=\"application\/ld+json\" class=\"yoast-schema-graph\">{\"@context\":\"https:\/\/schema.org\",\"@graph\":[{\"@type\":\"WebPage\",\"@id\":\"https:\/\/www.electroluxprofessional.com\/de-ch\/kueche\/speedelight_alt\/\",\"url\":\"https:\/\/www.electroluxprofessional.com\/de-ch\/kueche\/speedelight_alt\/\",\"name\":\"SpeeDelight_alt - Electrolux Professional Schweiz\",\"isPartOf\":{\"@id\":\"https:\/\/www.electroluxprofessional.com\/de-ch\/#website\"},\"datePublished\":\"2017-09-22T13:03:56+00:00\",\"dateModified\":\"2019-06-07T06:31:17+00:00\",\"breadcrumb\":{\"@id\":\"https:\/\/www.electroluxprofessional.com\/de-ch\/kueche\/speedelight_alt\/#breadcrumb\"},\"inLanguage\":\"de-CH\",\"potentialAction\":[{\"@type\":\"ReadAction\",\"target\":[\"https:\/\/www.electroluxprofessional.com\/de-ch\/kueche\/speedelight_alt\/\"]}]},{\"@type\":\"BreadcrumbList\",\"@id\":\"https:\/\/www.electroluxprofessional.com\/de-ch\/kueche\/speedelight_alt\/#breadcrumb\",\"itemListElement\":[{\"@type\":\"ListItem\",\"position\":1,\"name\":\"Home\",\"item\":\"https:\/\/www.electroluxprofessional.com\/de-ch\/\"},{\"@type\":\"ListItem\",\"position\":2,\"name\":\"K\u00fcche\",\"item\":\"https:\/\/www.electroluxprofessional.com\/de-ch\/kueche\/\"},{\"@type\":\"ListItem\",\"position\":3,\"name\":\"SpeeDelight_alt\"}]},{\"@type\":\"WebSite\",\"@id\":\"https:\/\/www.electroluxprofessional.com\/de-ch\/#website\",\"url\":\"https:\/\/www.electroluxprofessional.com\/de-ch\/\",\"name\":\"Electrolux Professional Schweiz\",\"description\":\"\",\"potentialAction\":[{\"@type\":\"SearchAction\",\"target\":{\"@type\":\"EntryPoint\",\"urlTemplate\":\"https:\/\/www.electroluxprofessional.com\/de-ch\/?src={search_term_string}\"},\"query-input\":\"required name=search_term_string\"}],\"inLanguage\":\"de-CH\"}]}<\/script>\n<!-- \/ Yoast SEO plugin. -->","yoast_head_json":{"title":"SpeeDelight_alt - Electrolux Professional Schweiz","robots":{"index":"index","follow":"follow","max-snippet":"max-snippet:-1","max-image-preview":"max-image-preview:large","max-video-preview":"max-video-preview:-1"},"canonical":"https:\/\/www.electroluxprofessional.com\/de-ch\/kueche\/speedelight_alt\/","og_locale":"de_DE","og_type":"article","og_title":"SpeeDelight_alt - Electrolux Professional Schweiz","og_description":"[vc_row full_width=&#8221;electroluxpro-full-width-no-padding&#8221;][vc_column][elx_video_block background_image=&#8221;1657&#8243; video_link=&#8221;https:\/\/www.youtube.com\/watch?v=fS-6d3TVsNI&amp;t=3s&#8221; minimum_height=&#8221;500px&#8221;][\/vc_column][\/vc_row][vc_row][vc_column][vc_empty_space][\/vc_column][\/vc_row][vc_row][vc_column width=&#8221;1\/3&#8243;][vc_empty_space height=&#8221;20px&#8221;][vc_single_image image=&#8221;1661&#8243; img_size=&#8221;full&#8221; css_animation=&#8221;left-to-right&#8221;][\/vc_column][vc_column width=&#8221;2\/3&#8243; css=&#8221;.vc_custom_1481115738117{margin-left: 50px !important;}&#8221;][elx_heading font_container=&#8221;h1&#8243; font_size=&#8221;h2&#8243; text_color=&#8221;inherit&#8221;]SpeeDelight high speed snack grill[\/elx_heading][elx_heading font_size=&#8221;h3&#8243; text_color=&#8221;inherit&#8221;]Unglaublich schnell. Extrem lecker.[\/elx_heading][vc_empty_space height=&#8221;15px&#8221;][\/vc_column][\/vc_row][vc_row full_width=&#8221;electroluxpro-full-width-no-padding&#8221;][vc_column][vc_empty_space][elx_image_block background_image=&#8221;1658&#8243; minimum_height=&#8221;500px&#8221;][\/vc_column][\/vc_row][vc_row][vc_column][vc_empty_space][\/vc_column][\/vc_row][vc_row][vc_column width=&#8221;1\/3&#8243;][elx_heading font_size=&#8221;h3&#8243; text_color=&#8221;inherit&#8221;]TRIPLE PLAY[\/elx_heading][vc_column_text] Professionell kochen kann jetzt jeder! Snacks wie vom Profi \u2013 dank der Kombination aus 3 Kochtechnologien: Kontaktplatten, Infrarotstrahlung und Mikrowelle. Das [&hellip;]","og_url":"https:\/\/www.electroluxprofessional.com\/de-ch\/kueche\/speedelight_alt\/","og_site_name":"Electrolux Professional Schweiz","article_modified_time":"2019-06-07T06:31:17+00:00","twitter_card":"summary_large_image","twitter_misc":{"Gesch\u00e4tzte Lesezeit":"6 Minuten"},"schema":{"@context":"https:\/\/schema.org","@graph":[{"@type":"WebPage","@id":"https:\/\/www.electroluxprofessional.com\/de-ch\/kueche\/speedelight_alt\/","url":"https:\/\/www.electroluxprofessional.com\/de-ch\/kueche\/speedelight_alt\/","name":"SpeeDelight_alt - Electrolux Professional Schweiz","isPartOf":{"@id":"https:\/\/www.electroluxprofessional.com\/de-ch\/#website"},"datePublished":"2017-09-22T13:03:56+00:00","dateModified":"2019-06-07T06:31:17+00:00","breadcrumb":{"@id":"https:\/\/www.electroluxprofessional.com\/de-ch\/kueche\/speedelight_alt\/#breadcrumb"},"inLanguage":"de-CH","potentialAction":[{"@type":"ReadAction","target":["https:\/\/www.electroluxprofessional.com\/de-ch\/kueche\/speedelight_alt\/"]}]},{"@type":"BreadcrumbList","@id":"https:\/\/www.electroluxprofessional.com\/de-ch\/kueche\/speedelight_alt\/#breadcrumb","itemListElement":[{"@type":"ListItem","position":1,"name":"Home","item":"https:\/\/www.electroluxprofessional.com\/de-ch\/"},{"@type":"ListItem","position":2,"name":"K\u00fcche","item":"https:\/\/www.electroluxprofessional.com\/de-ch\/kueche\/"},{"@type":"ListItem","position":3,"name":"SpeeDelight_alt"}]},{"@type":"WebSite","@id":"https:\/\/www.electroluxprofessional.com\/de-ch\/#website","url":"https:\/\/www.electroluxprofessional.com\/de-ch\/","name":"Electrolux Professional Schweiz","description":"","potentialAction":[{"@type":"SearchAction","target":{"@type":"EntryPoint","urlTemplate":"https:\/\/www.electroluxprofessional.com\/de-ch\/?src={search_term_string}"},"query-input":"required name=search_term_string"}],"inLanguage":"de-CH"}]}},"_links":{"self":[{"href":"https:\/\/www.electroluxprofessional.com\/de-ch\/wp-json\/wp\/v2\/pages\/3860"}],"collection":[{"href":"https:\/\/www.electroluxprofessional.com\/de-ch\/wp-json\/wp\/v2\/pages"}],"about":[{"href":"https:\/\/www.electroluxprofessional.com\/de-ch\/wp-json\/wp\/v2\/types\/page"}],"author":[{"embeddable":true,"href":"https:\/\/www.electroluxprofessional.com\/de-ch\/wp-json\/wp\/v2\/users\/1"}],"replies":[{"embeddable":true,"href":"https:\/\/www.electroluxprofessional.com\/de-ch\/wp-json\/wp\/v2\/comments?post=3860"}],"version-history":[{"count":9,"href":"https:\/\/www.electroluxprofessional.com\/de-ch\/wp-json\/wp\/v2\/pages\/3860\/revisions"}],"predecessor-version":[{"id":6846,"href":"https:\/\/www.electroluxprofessional.com\/de-ch\/wp-json\/wp\/v2\/pages\/3860\/revisions\/6846"}],"up":[{"embeddable":true,"href":"https:\/\/www.electroluxprofessional.com\/de-ch\/wp-json\/wp\/v2\/pages\/731"}],"wp:attachment":[{"href":"https:\/\/www.electroluxprofessional.com\/de-ch\/wp-json\/wp\/v2\/media?parent=3860"}],"curies":[{"name":"wp","href":"https:\/\/api.w.org\/{rel}","templated":true}]}}