{"id":3571,"date":"2017-07-28T08:33:28","date_gmt":"2017-07-28T08:33:28","guid":{"rendered":"https:\/\/www.electroluxprofessional.com\/de-ch\/?page_id=3571"},"modified":"2024-02-15T10:52:25","modified_gmt":"2024-02-15T10:52:25","slug":"ecoknit","status":"publish","type":"page","link":"https:\/\/www.electroluxprofessional.com\/de-ch\/branchenloesungen\/hotels\/ecoknit\/","title":{"rendered":"EcoKnit"},"content":{"rendered":"<p>[vc_row full_width=&#8221;electroluxpro-full-width-no-padding&#8221;][vc_column][elx_hero_title label=&#8221;&#8221; label_background_color=&#8221;inherit&#8221; video_link=&#8221;https:\/\/www.youtube.com\/watch?v=oPP0GSYG5JU&#8221; background_image=&#8221;3586&#8243;][elx_heading text_color=&#8221;inherit&#8221;]Jetzt geht&#8217;s Ihnen an die W\u00e4sche![\/elx_heading][\/elx_hero_title][\/vc_column][\/vc_row][vc_row][vc_column][vc_empty_space][elx_heading font_size=&#8221;h2&#8243; text_color=&#8221;inherit&#8221; text_align=&#8221;text-center&#8221;]EcoKnit by Electrolux Professional[\/elx_heading][vc_empty_space][\/vc_column][\/vc_row][vc_row full_width=&#8221;electroluxpro-full-width-no-padding&#8221; equal_height=&#8221;yes&#8221;][vc_column width=&#8221;1\/2&#8243;][elx_simple_block background_color=&#8221;inherit&#8221;][vc_column_text css_animation=&#8221;left-to-right&#8221;]<\/p>\n<h3>Hotellerie.<\/h3>\n<p>Kaum eine andere Branche hat solch zentrale Kernanliegen \u2013 Servicequalit\u00e4t und die Zufriedenheit der G\u00e4ste- und ist trotzdem so individuell.<\/p>\n<h3>W\u00e4sche ist ein integraler Bestandteil der subjektiven G\u00e4stewahrnehmung.<\/h3>\n<p>Wunderbar wohlriechende und saubere W\u00e4sche, ein flauschiges, gut abtrocknendes Handtuch bei der morgendlichen Dusche. Dies wird oftmals untersch\u00e4tzt.<\/p>\n<h3>Hauseigene W\u00e4scherei? Lohnw\u00e4sche? Mietw\u00e4sche?<\/h3>\n<p>An dieser Frage scheiden sich \u2013 zurecht \u2013\u00a0oft die Geister.<br \/>\nHier gibt es kein \u201eweiss oder schwarz\u201c, keine ultimative L\u00f6sung. Jedes Konzept hat f\u00fcr den individuellen Bedarf in der Hotellerie seine Berechtigung.[\/vc_column_text][\/elx_simple_block][\/vc_column][vc_column width=&#8221;1\/2&#8243;][elx_image_block background_image=&#8221;3591&#8243; minimum_height=&#8221;300px&#8221;][\/vc_column][\/vc_row][vc_row full_width=&#8221;electroluxpro-full-width&#8221;][vc_column][vc_empty_space][elx_heading font_size=&#8221;h2&#8243; text_color=&#8221;inherit&#8221; text_align=&#8221;text-center&#8221;]Entdecken Sie Ecoknit by Electrolux Professional![\/elx_heading][\/vc_column][\/vc_row][vc_row][vc_column width=&#8221;1\/2&#8243;][vc_empty_space height=&#8221;50px&#8221;][elx_image_block background_image=&#8221;3606&#8243; minimum_height=&#8221;700px&#8221;][\/vc_column][vc_column width=&#8221;1\/2&#8243;][elx_simple_block background_color=&#8221;inherit&#8221;][vc_column_text css_animation=&#8221;left-to-right&#8221;]<\/p>\n<h3>Ihr Leasing-Komplettpaket besteht aus:<\/h3>\n<ul>\n<li>Individuell konfigurierbarer<strong>\u00a0Frotteeausstattung \u201eEcoknit\u201c\u00a0<\/strong>(Handt\u00fccher, Badem\u00e4ntel, etc.)<\/li>\n<li><strong>Waschmaschinen &amp; Trockner\u00a0<\/strong>der neuesten Generation<\/li>\n<li><strong>Zubeh\u00f6r<\/strong>\u00a0(Sockel, Dosiersystem, etc.)<\/li>\n<li><strong>4 Jahre \u201eSorglos-Garantie\u201c<\/strong><\/li>\n<\/ul>\n<p>&nbsp;<\/p>\n<h3>Ihre Vorteile:<\/h3>\n<ul>\n<li><strong>Eine Leasing-Rate pro Monat<\/strong>\u00a0<strong>f\u00fcr alles<\/strong>\u00a0(gleichbleibende Kosten, kein Investment)<\/li>\n<li><strong>High-Tech Textilien\u00a0<\/strong>(Hohe Haltbarkeit, Energieersparnis beim Trocknen ca. 20%)<\/li>\n<li><strong>High-Tech Maschinen\u00a0<\/strong>(Restfeuchtemessung, automatische Wasserersparnis, etc.)<\/li>\n<li><strong>Keine versteckten Kosten f\u00fcr Folgereparaturen<\/strong><\/li>\n<li><strong>Fl\u00e4chendeckendes Servicenetzwerk<\/strong><\/li>\n<li><strong>Geringer Personal- &amp; Platzbedarf<\/strong><\/li>\n<\/ul>\n<p>[\/vc_column_text][\/elx_simple_block][\/vc_column][\/vc_row][vc_row full_width=&#8221;electroluxpro-full-width-no-padding&#8221; equal_height=&#8221;yes&#8221; disable_element=&#8221;yes&#8221;][vc_column width=&#8221;1\/2&#8243;][elx_simple_block background_color=&#8221;inherit&#8221;][elx_heading text_color=&#8221;inherit&#8221;]<span style=\"color: #37c0c9;\">\u201cWer zukunftsorientiert denkt, entscheidet sich f\u00fcr lagoon\u00ae Advanced Care\u201d<\/span>[\/elx_heading][vc_column_text css_animation=&#8221;left-to-right&#8221;]\u201cDank lagoon\u00ae Advanced Care k\u00f6nnen wir jetzt wirklich alles mit Wasser reinigen. Die Kleidungsst\u00fccke kommen extrem sauber aus dem Prozess und es ist ein Kinderspiel, sie wieder in Form zu bringen. <strong>Wir brauchen keine L\u00f6sungsmittel mehr.<\/strong><\/p>\n<p>Wir arbeiten ausschlie\u00dflich mit Nassreinigung, seit wir lagoon\u00ae Advanced Care haben. Mit Wasser zu arbeiten, ist sicherer f\u00fcr uns und auch f\u00fcr die Umwelt. <strong>Die Kleidungsst\u00fccke sind nicht nur wirklich sauber, sie haben einen angenehmen, frischen Geruch und f\u00fchlen sich richtig gut an.<\/strong><\/p>\n<p><strong>Inklusive Finishing brauchen wir nur eine Stunde um ein Kleidungsst\u00fcck perfekt zu reinigen.<\/strong> Wenn Bedarf besteht, k\u00f6nnen wir jetzt auch einen Expressservice anbieten. Wir sind absolut zufrieden mit den Arbeitsabl\u00e4ufen und unsere Kunden lieben die Ergebnisse!\u201d<\/p>\n<p>James Leat, Inhaber von \u2018ideal CLEANERS\u2019[\/vc_column_text][\/elx_simple_block][\/vc_column][vc_column width=&#8221;1\/2&#8243;][elx_video_block background_image=&#8221;1360&#8243; video_link=&#8221;https:\/\/www.youtube.com\/watch?v=QdkA0xDSqqY&#8221; minimum_height=&#8221;600px&#8221;][\/vc_column][\/vc_row][vc_row][vc_column][\/vc_column][\/vc_row][vc_row][vc_column][elx_heading text_color=&#8221;inherit&#8221;]Das k\u00f6nnte Sie auch interessieren:[\/elx_heading][\/vc_column][\/vc_row][vc_row][vc_column width=&#8221;1\/3&#8243;][vc_empty_space height=&#8221;100px&#8221;][elx_download_block text=&#8221;Download Brosch\u00fcre EcoKnit&#8221; link=&#8221;https:\/\/www.electroluxprofessional.com\/de-ch\/wp-content\/uploads\/2017\/07\/EcoKnit_by_Electrolux.pdf&#8221; background_color=&#8221;eco-green&#8221; reveal_effect=&#8221;&#8221; reveal_duration=&#8221;&#8221; reveal_delay=&#8221;&#8221;][\/vc_column][vc_column width=&#8221;1\/3&#8243;][elx_maylike_box id_box=&#8221;2059&#8243;][\/vc_column][vc_column width=&#8221;1\/3&#8243;][elx_maylike_box id_box=&#8221;389&#8243;][\/vc_column][\/vc_row][vc_row][vc_column][vc_empty_space][\/vc_column][\/vc_row][vc_row][vc_column][elx_heading text_color=&#8221;inherit&#8221;]Finden Sie heraus, wie wir Sie unterst\u00fctzen k\u00f6nnen[\/elx_heading][elx_o2000_contact_us s=&#8221;Anfrage: EcoKnit&#8221; country=&#8221;Switzerland&#8221; b=&#8221;laundry&#8221; container=&#8221;elxcontactus1466432885&#8243; r=&#8221;Ich w\u00fcrde gerne mehr \u00fcber EcoKnit erfahren. Bitte kontaktieren Sie mich.&#8221; l=&#8221;de-ch&#8221;][\/vc_column][\/vc_row][vc_row disable_element=&#8221;yes&#8221;][vc_column][vc_empty_space][elx_heading text_color=&#8221;inherit&#8221;]Von Experten empfohlen[\/elx_heading][vc_empty_space][vc_row_inner][vc_column_inner width=&#8221;1\/2&#8243;][vc_column_text]Kein Textilverschleiss, Farbverlust oder permanente Ma\u00df\u00e4nderung nach mehrfachen Reinigungszyklen\u00a0&#8211; zertifiziert durch das Hohenstein Institut.[\/vc_column_text][\/vc_column_inner][vc_column_inner width=&#8221;1\/2&#8243; css=&#8221;.vc_custom_1484731309853{margin-top: 0px !important;border-top-width: 0px !important;padding-top: 0px !important;}&#8221;][vc_single_image image=&#8221;1633&#8243; img_size=&#8221;full&#8221;][\/vc_column_inner][\/vc_row_inner][vc_row_inner][vc_column_inner width=&#8221;1\/2&#8243;][vc_empty_space][vc_column_text]lagoon\u00ae wurde von &#8220;The Woolmark Company&#8221; als geeignetes System ausgewiesen um sogar die feinsten Wollen, welche nur f\u00fcr chemische Reinigung gekennzeichnet sind, zu reinigen.[\/vc_column_text][\/vc_column_inner][vc_column_inner width=&#8221;1\/2&#8243;][vc_single_image image=&#8221;1634&#8243; img_size=&#8221;full&#8221;][\/vc_column_inner][\/vc_row_inner][\/vc_column][\/vc_row][vc_row disable_element=&#8221;yes&#8221;][vc_column][vc_empty_space height=&#8221;50px&#8221;][elx_heading font_size=&#8221;h2&#8243; text_color=&#8221;inherit&#8221; text_align=&#8221;text-center&#8221;]Eine flexible, modulare L\u00f6sung, die sich auf Ihre Bed\u00fcrfnisse ma\u00dfschneidern l\u00e4sst.[\/elx_heading][vc_row_inner][vc_column_inner width=&#8221;1\/2&#8243;][elx_heading font_container=&#8221;h3&#8243; font_size=&#8221;h2&#8243; text_color=&#8221;inherit&#8221; text_align=&#8221;text-left&#8221;]<strong>Essential-Set<\/strong>[\/elx_heading][elx_heading font_container=&#8221;h4&#8243; font_size=&#8221;h4&#8243; text_color=&#8221;inherit&#8221; text_align=&#8221;text-left&#8221;]70 Teile \/ Tag[\/elx_heading][vc_column_text]Das Essential-Set als Grundausstattung eignet sich hervor-ragend, wenn Sie die professionelle Nassreinigung neben Ihrer bestehenden Trockenreinigung anbieten wollen. Beste Leistung auf kleinem Raum: Das ist lagoon\u00ae Advanced Care.<\/p>\n<p><strong>Kapazit\u00e4t<\/strong><br \/>\n6 bis\u00a08 kleinere Teile pro Zyklus.[\/vc_column_text][\/vc_column_inner][vc_column_inner width=&#8221;1\/2&#8243;][elx_heading font_container=&#8221;h3&#8243; font_size=&#8221;h2&#8243; text_color=&#8221;inherit&#8221; text_align=&#8221;text-left&#8221;]<strong>Absolute-Set<\/strong>[\/elx_heading][elx_heading font_container=&#8221;h4&#8243; font_size=&#8221;h4&#8243; text_color=&#8221;inherit&#8221; text_align=&#8221;text-left&#8221;]250 Teile \/ Tag[\/elx_heading][vc_column_text]Mit dieser L\u00f6sung k\u00f6nnen Sie ein 15-kg-Trockenreinigungssystem ersetzen. Sie behalten die volle Flexibilit\u00e4t, da Sie das System jederzeit erweitern k\u00f6nnen. Das Absolute-Set enth\u00e4lt neben einer leistungsf\u00e4higen Maschinenkombination mit gro\u00dfem Trommelvolumen auch die Ger\u00e4te der Grundausstattung. Damit k\u00f6nnen Sie Ihren Kunden auch einen Expressservice anbieten. Mit den gr\u00f6\u00dferen Maschinen k\u00f6nnen auch gro\u00dfe St\u00fccke wie zum Beispiel Bettdecken gereinigt werden.<\/p>\n<p><strong>Kapazit\u00e4t<\/strong><br \/>\n6 bis 8 kleinere Teile\u00a0+ 18 bis\u00a027\u00a0Teile pro Zyklus[\/vc_column_text][\/vc_column_inner][\/vc_row_inner][\/vc_column][\/vc_row][vc_row disable_element=&#8221;yes&#8221;][vc_column][elx_heading font_size=&#8221;h2&#8243; text_color=&#8221;inherit&#8221; text_align=&#8221;text-center&#8221;]Verbrauchsmaterialien[\/elx_heading][\/vc_column][\/vc_row][vc_row disable_element=&#8221;yes&#8221;][vc_column width=&#8221;1\/4&#8243;][vc_single_image image=&#8221;1635&#8243; img_size=&#8221;full&#8221;][\/vc_column][vc_column width=&#8221;3\/4&#8243;][vc_column_text]<\/p>\n<p style=\"text-align: left;\">lagoon\u00ae Advanced Care\u00a0erm\u00f6glicht die sanfte und umweltschonende Reinigung aller Textilien und bietet ebenso kurze Prozesszeiten, hohe Produktivit\u00e4t und nahtlose Arbeitsabl\u00e4ufe wie die Trockenreinigung.\u00a0Electrolux Professional bietet Ihnen neben der maschinellen Ausstattung auch das passende Reinigungsmittelsortiment.<\/p>\n<p>[\/vc_column_text][elx_heading font_container=&#8221;h3&#8243; font_size=&#8221;h4&#8243; text_color=&#8221;inherit&#8221;]Reinigungsmittel[\/elx_heading][vc_column_text css=&#8221;.vc_custom_1496247767238{margin-bottom: 0px !important;border-bottom-width: 0px !important;padding-bottom: 0px !important;}&#8221;]Mit unserem Reinigungsmittelsortiment erzielen Sie hervorragende Ergebnisse f\u00fcr alle Textilien[\/vc_column_text][elx_heading font_container=&#8221;h3&#8243; font_size=&#8221;h4&#8243; text_color=&#8221;inherit&#8221; css=&#8221;.vc_custom_1496247782124{margin-top: 0px !important;border-top-width: 0px !important;padding-top: 0px !important;}&#8221;]Anb\u00fcrst- und Vordetachiermittel[\/elx_heading][vc_column_text css=&#8221;.vc_custom_1496247801265{margin-bottom: 5px !important;border-bottom-width: 5px !important;padding-bottom: 5px !important;}&#8221;]F\u00fcr jeden Fleck die richtige L\u00f6sung[\/vc_column_text][elx_button button_text=&#8221;Zubeh\u00f6r und Verbrauchsmaterialien&#8221; button_style=&#8221;icon&#8221; css=&#8221;.vc_custom_1496247832064{margin-top: 0px !important;border-top-width: 0px !important;padding-top: 0px !important;}&#8221; button_link=&#8221;url:https%3A%2F%2Fprofessional.electrolux.ch%2Fzubehoer%2Fwaescherei%2F|title:Accessories%20and%20consumables%20for%20laundry%20solutions||&#8221;][\/vc_column][\/vc_row][vc_row][vc_column][vc_empty_space][\/vc_column][\/vc_row][vc_row disable_element=&#8221;yes&#8221;][vc_column][vc_empty_space][elx_heading text_color=&#8221;inherit&#8221;]Treten Sie mit unseren Experten in Kontakt[\/elx_heading][elx_o2000_contact_us s=&#8221;Anfrage lagoon\u00ae Advanced Care&#8221; country=&#8221;Germany&#8221; b=&#8221;laundry&#8221; container=&#8221;elxcontactus1466431453&#8243; r=&#8221;Ich w\u00fcrde gerne mehr \u00fcber lagoon\u00ae Advanced Care erfahren&#8221; l=&#8221;de&#8221;][\/vc_column][\/vc_row]<\/p>\n","protected":false},"excerpt":{"rendered":"<p>[vc_row full_width=&#8221;electroluxpro-full-width-no-padding&#8221;][vc_column][elx_hero_title label=&#8221;&#8221; label_background_color=&#8221;inherit&#8221; video_link=&#8221;https:\/\/www.youtube.com\/watch?v=oPP0GSYG5JU&#8221; background_image=&#8221;3586&#8243;][elx_heading text_color=&#8221;inherit&#8221;]Jetzt geht&#8217;s Ihnen an die W\u00e4sche![\/elx_heading][\/elx_hero_title][\/vc_column][\/vc_row][vc_row][vc_column][vc_empty_space][elx_heading font_size=&#8221;h2&#8243; text_color=&#8221;inherit&#8221; text_align=&#8221;text-center&#8221;]EcoKnit by Electrolux Professional[\/elx_heading][vc_empty_space][\/vc_column][\/vc_row][vc_row full_width=&#8221;electroluxpro-full-width-no-padding&#8221; equal_height=&#8221;yes&#8221;][vc_column width=&#8221;1\/2&#8243;][elx_simple_block background_color=&#8221;inherit&#8221;][vc_column_text css_animation=&#8221;left-to-right&#8221;] Hotellerie. Kaum eine andere Branche hat solch zentrale Kernanliegen \u2013 Servicequalit\u00e4t und die Zufriedenheit der G\u00e4ste- und ist trotzdem so individuell. W\u00e4sche ist ein integraler Bestandteil der subjektiven G\u00e4stewahrnehmung. Wunderbar wohlriechende und [&hellip;]<\/p>\n","protected":false},"author":5,"featured_media":0,"parent":3433,"menu_order":0,"comment_status":"closed","ping_status":"closed","template":"","meta":{"footnotes":""},"class_list":["post-3571","page","type-page","status-publish","hentry"],"acf":[],"yoast_head":"<!-- This site is optimized with the Yoast SEO plugin v23.3 - https:\/\/yoast.com\/wordpress\/plugins\/seo\/ -->\n<title>EcoKnit | Electrolux Professional<\/title>\n<meta name=\"description\" content=\"Entdecken Sie Ecoknit, das Leasing-Komplettpaket von Electrolux Professional und heben Sie die Zufriedenheit Ihrer G\u00e4ste auf ein neues Level.\" \/>\n<meta name=\"robots\" content=\"index, follow, max-snippet:-1, max-image-preview:large, max-video-preview:-1\" \/>\n<link rel=\"canonical\" href=\"https:\/\/www.electroluxprofessional.com\/de-ch\/branchenloesungen\/hotels\/ecoknit\/\" \/>\n<meta property=\"og:locale\" content=\"de_DE\" \/>\n<meta property=\"og:type\" content=\"article\" \/>\n<meta property=\"og:title\" content=\"EcoKnit | Electrolux Professional\" \/>\n<meta property=\"og:description\" content=\"Entdecken Sie Ecoknit, das Leasing-Komplettpaket von Electrolux Professional und heben Sie die Zufriedenheit Ihrer G\u00e4ste auf ein neues Level.\" \/>\n<meta property=\"og:url\" content=\"https:\/\/www.electroluxprofessional.com\/de-ch\/branchenloesungen\/hotels\/ecoknit\/\" \/>\n<meta property=\"og:site_name\" content=\"Electrolux Professional Schweiz\" \/>\n<meta property=\"article:modified_time\" content=\"2024-02-15T10:52:25+00:00\" \/>\n<meta name=\"twitter:card\" content=\"summary_large_image\" \/>\n<meta name=\"twitter:label1\" content=\"Gesch\u00e4tzte Lesezeit\" \/>\n\t<meta name=\"twitter:data1\" content=\"7 Minuten\" \/>\n<script type=\"application\/ld+json\" class=\"yoast-schema-graph\">{\"@context\":\"https:\/\/schema.org\",\"@graph\":[{\"@type\":\"WebPage\",\"@id\":\"https:\/\/www.electroluxprofessional.com\/de-ch\/branchenloesungen\/hotels\/ecoknit\/\",\"url\":\"https:\/\/www.electroluxprofessional.com\/de-ch\/branchenloesungen\/hotels\/ecoknit\/\",\"name\":\"EcoKnit | Electrolux Professional\",\"isPartOf\":{\"@id\":\"https:\/\/www.electroluxprofessional.com\/de-ch\/#website\"},\"datePublished\":\"2017-07-28T08:33:28+00:00\",\"dateModified\":\"2024-02-15T10:52:25+00:00\",\"description\":\"Entdecken Sie Ecoknit, das Leasing-Komplettpaket von Electrolux Professional und heben Sie die Zufriedenheit Ihrer G\u00e4ste auf ein neues Level.\",\"breadcrumb\":{\"@id\":\"https:\/\/www.electroluxprofessional.com\/de-ch\/branchenloesungen\/hotels\/ecoknit\/#breadcrumb\"},\"inLanguage\":\"de-CH\",\"potentialAction\":[{\"@type\":\"ReadAction\",\"target\":[\"https:\/\/www.electroluxprofessional.com\/de-ch\/branchenloesungen\/hotels\/ecoknit\/\"]}]},{\"@type\":\"BreadcrumbList\",\"@id\":\"https:\/\/www.electroluxprofessional.com\/de-ch\/branchenloesungen\/hotels\/ecoknit\/#breadcrumb\",\"itemListElement\":[{\"@type\":\"ListItem\",\"position\":1,\"name\":\"Home\",\"item\":\"https:\/\/www.electroluxprofessional.com\/de-ch\/\"},{\"@type\":\"ListItem\",\"position\":2,\"name\":\"Branchenl\u00f6sungen\",\"item\":\"https:\/\/www.electroluxprofessional.com\/de-ch\/branchenloesungen\/\"},{\"@type\":\"ListItem\",\"position\":3,\"name\":\"Hotels\",\"item\":\"https:\/\/www.electroluxprofessional.com\/de-ch\/branchenloesungen\/hotels\/\"},{\"@type\":\"ListItem\",\"position\":4,\"name\":\"EcoKnit\"}]},{\"@type\":\"WebSite\",\"@id\":\"https:\/\/www.electroluxprofessional.com\/de-ch\/#website\",\"url\":\"https:\/\/www.electroluxprofessional.com\/de-ch\/\",\"name\":\"Electrolux Professional Schweiz\",\"description\":\"\",\"potentialAction\":[{\"@type\":\"SearchAction\",\"target\":{\"@type\":\"EntryPoint\",\"urlTemplate\":\"https:\/\/www.electroluxprofessional.com\/de-ch\/?src={search_term_string}\"},\"query-input\":\"required name=search_term_string\"}],\"inLanguage\":\"de-CH\"}]}<\/script>\n<!-- \/ Yoast SEO plugin. -->","yoast_head_json":{"title":"EcoKnit | Electrolux Professional","description":"Entdecken Sie Ecoknit, das Leasing-Komplettpaket von Electrolux Professional und heben Sie die Zufriedenheit Ihrer G\u00e4ste auf ein neues Level.","robots":{"index":"index","follow":"follow","max-snippet":"max-snippet:-1","max-image-preview":"max-image-preview:large","max-video-preview":"max-video-preview:-1"},"canonical":"https:\/\/www.electroluxprofessional.com\/de-ch\/branchenloesungen\/hotels\/ecoknit\/","og_locale":"de_DE","og_type":"article","og_title":"EcoKnit | Electrolux Professional","og_description":"Entdecken Sie Ecoknit, das Leasing-Komplettpaket von Electrolux Professional und heben Sie die Zufriedenheit Ihrer G\u00e4ste auf ein neues Level.","og_url":"https:\/\/www.electroluxprofessional.com\/de-ch\/branchenloesungen\/hotels\/ecoknit\/","og_site_name":"Electrolux Professional Schweiz","article_modified_time":"2024-02-15T10:52:25+00:00","twitter_card":"summary_large_image","twitter_misc":{"Gesch\u00e4tzte Lesezeit":"7 Minuten"},"schema":{"@context":"https:\/\/schema.org","@graph":[{"@type":"WebPage","@id":"https:\/\/www.electroluxprofessional.com\/de-ch\/branchenloesungen\/hotels\/ecoknit\/","url":"https:\/\/www.electroluxprofessional.com\/de-ch\/branchenloesungen\/hotels\/ecoknit\/","name":"EcoKnit | Electrolux Professional","isPartOf":{"@id":"https:\/\/www.electroluxprofessional.com\/de-ch\/#website"},"datePublished":"2017-07-28T08:33:28+00:00","dateModified":"2024-02-15T10:52:25+00:00","description":"Entdecken Sie Ecoknit, das Leasing-Komplettpaket von Electrolux Professional und heben Sie die Zufriedenheit Ihrer G\u00e4ste auf ein neues Level.","breadcrumb":{"@id":"https:\/\/www.electroluxprofessional.com\/de-ch\/branchenloesungen\/hotels\/ecoknit\/#breadcrumb"},"inLanguage":"de-CH","potentialAction":[{"@type":"ReadAction","target":["https:\/\/www.electroluxprofessional.com\/de-ch\/branchenloesungen\/hotels\/ecoknit\/"]}]},{"@type":"BreadcrumbList","@id":"https:\/\/www.electroluxprofessional.com\/de-ch\/branchenloesungen\/hotels\/ecoknit\/#breadcrumb","itemListElement":[{"@type":"ListItem","position":1,"name":"Home","item":"https:\/\/www.electroluxprofessional.com\/de-ch\/"},{"@type":"ListItem","position":2,"name":"Branchenl\u00f6sungen","item":"https:\/\/www.electroluxprofessional.com\/de-ch\/branchenloesungen\/"},{"@type":"ListItem","position":3,"name":"Hotels","item":"https:\/\/www.electroluxprofessional.com\/de-ch\/branchenloesungen\/hotels\/"},{"@type":"ListItem","position":4,"name":"EcoKnit"}]},{"@type":"WebSite","@id":"https:\/\/www.electroluxprofessional.com\/de-ch\/#website","url":"https:\/\/www.electroluxprofessional.com\/de-ch\/","name":"Electrolux Professional Schweiz","description":"","potentialAction":[{"@type":"SearchAction","target":{"@type":"EntryPoint","urlTemplate":"https:\/\/www.electroluxprofessional.com\/de-ch\/?src={search_term_string}"},"query-input":"required name=search_term_string"}],"inLanguage":"de-CH"}]}},"_links":{"self":[{"href":"https:\/\/www.electroluxprofessional.com\/de-ch\/wp-json\/wp\/v2\/pages\/3571"}],"collection":[{"href":"https:\/\/www.electroluxprofessional.com\/de-ch\/wp-json\/wp\/v2\/pages"}],"about":[{"href":"https:\/\/www.electroluxprofessional.com\/de-ch\/wp-json\/wp\/v2\/types\/page"}],"author":[{"embeddable":true,"href":"https:\/\/www.electroluxprofessional.com\/de-ch\/wp-json\/wp\/v2\/users\/5"}],"replies":[{"embeddable":true,"href":"https:\/\/www.electroluxprofessional.com\/de-ch\/wp-json\/wp\/v2\/comments?post=3571"}],"version-history":[{"count":41,"href":"https:\/\/www.electroluxprofessional.com\/de-ch\/wp-json\/wp\/v2\/pages\/3571\/revisions"}],"predecessor-version":[{"id":15927,"href":"https:\/\/www.electroluxprofessional.com\/de-ch\/wp-json\/wp\/v2\/pages\/3571\/revisions\/15927"}],"up":[{"embeddable":true,"href":"https:\/\/www.electroluxprofessional.com\/de-ch\/wp-json\/wp\/v2\/pages\/3433"}],"wp:attachment":[{"href":"https:\/\/www.electroluxprofessional.com\/de-ch\/wp-json\/wp\/v2\/media?parent=3571"}],"curies":[{"name":"wp","href":"https:\/\/api.w.org\/{rel}","templated":true}]}}