{"id":3433,"date":"2017-07-07T12:52:32","date_gmt":"2017-07-07T12:52:32","guid":{"rendered":"https:\/\/www.electroluxprofessional.com\/de-ch\/?page_id=3433"},"modified":"2024-03-07T10:40:02","modified_gmt":"2024-03-07T10:40:02","slug":"hotels","status":"publish","type":"page","link":"https:\/\/www.electroluxprofessional.com\/de-ch\/branchenloesungen\/hotels\/","title":{"rendered":"Hotels"},"content":{"rendered":"<p>[vc_row][vc_column][vc_column_text]<\/p>\n<h1 style=\"text-align: center;\"><span style=\"color: #bdd143;\">W\u00e4hlen Sie Ihren Bereich!<\/span><\/h1>\n<p>[\/vc_column_text][\/vc_column][vc_column width=&#8221;1\/2&#8243;][elx_maylike_box id_box=&#8221;3437&#8243;][\/vc_column][vc_column width=&#8221;1\/2&#8243;][elx_maylike_box id_box=&#8221;3439&#8243;][\/vc_column][\/vc_row][vc_row][vc_column][vc_empty_space][\/vc_column][\/vc_row]<\/p>\n","protected":false},"excerpt":{"rendered":"<p>[vc_row][vc_column][vc_column_text] W\u00e4hlen Sie Ihren Bereich! [\/vc_column_text][\/vc_column][vc_column width=&#8221;1\/2&#8243;][elx_maylike_box id_box=&#8221;3437&#8243;][\/vc_column][vc_column width=&#8221;1\/2&#8243;][elx_maylike_box id_box=&#8221;3439&#8243;][\/vc_column][\/vc_row][vc_row][vc_column][vc_empty_space][\/vc_column][\/vc_row]<\/p>\n","protected":false},"author":5,"featured_media":0,"parent":811,"menu_order":0,"comment_status":"closed","ping_status":"closed","template":"","meta":{"footnotes":""},"class_list":["post-3433","page","type-page","status-publish","hentry"],"acf":[],"yoast_head":"<!-- This site is optimized with the Yoast SEO plugin v23.3 - https:\/\/yoast.com\/wordpress\/plugins\/seo\/ -->\n<title>W\u00e4schereien und Gro\u00dfk\u00fcchen f\u00fcr Hotels | Electrolux Professional<\/title>\n<meta name=\"description\" content=\"Wir zeigen Ihnen nachhaltige L\u00f6sungen f\u00fcr hauseigene W\u00e4schereien und individuelle Gro\u00dfk\u00fcchen-L\u00f6sungen f\u00fcr Ihr Hotel.\" \/>\n<meta name=\"robots\" content=\"index, follow, max-snippet:-1, max-image-preview:large, max-video-preview:-1\" \/>\n<link rel=\"canonical\" href=\"https:\/\/www.electroluxprofessional.com\/de-ch\/branchenloesungen\/hotels\/\" \/>\n<meta property=\"og:locale\" content=\"de_DE\" \/>\n<meta property=\"og:type\" content=\"article\" \/>\n<meta property=\"og:title\" content=\"W\u00e4schereien und Gro\u00dfk\u00fcchen f\u00fcr Hotels | Electrolux Professional\" \/>\n<meta property=\"og:description\" content=\"Wir zeigen Ihnen nachhaltige L\u00f6sungen f\u00fcr hauseigene W\u00e4schereien und individuelle Gro\u00dfk\u00fcchen-L\u00f6sungen f\u00fcr Ihr Hotel.\" \/>\n<meta property=\"og:url\" content=\"https:\/\/www.electroluxprofessional.com\/de-ch\/branchenloesungen\/hotels\/\" \/>\n<meta property=\"og:site_name\" content=\"Electrolux Professional Schweiz\" \/>\n<meta property=\"article:modified_time\" content=\"2024-03-07T10:40:02+00:00\" \/>\n<meta name=\"twitter:card\" content=\"summary_large_image\" \/>\n<script type=\"application\/ld+json\" class=\"yoast-schema-graph\">{\"@context\":\"https:\/\/schema.org\",\"@graph\":[{\"@type\":\"WebPage\",\"@id\":\"https:\/\/www.electroluxprofessional.com\/de-ch\/branchenloesungen\/hotels\/\",\"url\":\"https:\/\/www.electroluxprofessional.com\/de-ch\/branchenloesungen\/hotels\/\",\"name\":\"W\u00e4schereien und Gro\u00dfk\u00fcchen f\u00fcr Hotels | Electrolux Professional\",\"isPartOf\":{\"@id\":\"https:\/\/www.electroluxprofessional.com\/de-ch\/#website\"},\"datePublished\":\"2017-07-07T12:52:32+00:00\",\"dateModified\":\"2024-03-07T10:40:02+00:00\",\"description\":\"Wir zeigen Ihnen nachhaltige L\u00f6sungen f\u00fcr hauseigene W\u00e4schereien und individuelle Gro\u00dfk\u00fcchen-L\u00f6sungen f\u00fcr Ihr Hotel.\",\"breadcrumb\":{\"@id\":\"https:\/\/www.electroluxprofessional.com\/de-ch\/branchenloesungen\/hotels\/#breadcrumb\"},\"inLanguage\":\"de-CH\",\"potentialAction\":[{\"@type\":\"ReadAction\",\"target\":[\"https:\/\/www.electroluxprofessional.com\/de-ch\/branchenloesungen\/hotels\/\"]}]},{\"@type\":\"BreadcrumbList\",\"@id\":\"https:\/\/www.electroluxprofessional.com\/de-ch\/branchenloesungen\/hotels\/#breadcrumb\",\"itemListElement\":[{\"@type\":\"ListItem\",\"position\":1,\"name\":\"Home\",\"item\":\"https:\/\/www.electroluxprofessional.com\/de-ch\/\"},{\"@type\":\"ListItem\",\"position\":2,\"name\":\"Branchenl\u00f6sungen\",\"item\":\"https:\/\/www.electroluxprofessional.com\/de-ch\/branchenloesungen\/\"},{\"@type\":\"ListItem\",\"position\":3,\"name\":\"Hotels\"}]},{\"@type\":\"WebSite\",\"@id\":\"https:\/\/www.electroluxprofessional.com\/de-ch\/#website\",\"url\":\"https:\/\/www.electroluxprofessional.com\/de-ch\/\",\"name\":\"Electrolux Professional Schweiz\",\"description\":\"\",\"potentialAction\":[{\"@type\":\"SearchAction\",\"target\":{\"@type\":\"EntryPoint\",\"urlTemplate\":\"https:\/\/www.electroluxprofessional.com\/de-ch\/?src={search_term_string}\"},\"query-input\":\"required name=search_term_string\"}],\"inLanguage\":\"de-CH\"}]}<\/script>\n<!-- \/ Yoast SEO plugin. -->","yoast_head_json":{"title":"W\u00e4schereien und Gro\u00dfk\u00fcchen f\u00fcr Hotels | Electrolux Professional","description":"Wir zeigen Ihnen nachhaltige L\u00f6sungen f\u00fcr hauseigene W\u00e4schereien und individuelle Gro\u00dfk\u00fcchen-L\u00f6sungen f\u00fcr Ihr Hotel.","robots":{"index":"index","follow":"follow","max-snippet":"max-snippet:-1","max-image-preview":"max-image-preview:large","max-video-preview":"max-video-preview:-1"},"canonical":"https:\/\/www.electroluxprofessional.com\/de-ch\/branchenloesungen\/hotels\/","og_locale":"de_DE","og_type":"article","og_title":"W\u00e4schereien und Gro\u00dfk\u00fcchen f\u00fcr Hotels | Electrolux Professional","og_description":"Wir zeigen Ihnen nachhaltige L\u00f6sungen f\u00fcr hauseigene W\u00e4schereien und individuelle Gro\u00dfk\u00fcchen-L\u00f6sungen f\u00fcr Ihr Hotel.","og_url":"https:\/\/www.electroluxprofessional.com\/de-ch\/branchenloesungen\/hotels\/","og_site_name":"Electrolux Professional Schweiz","article_modified_time":"2024-03-07T10:40:02+00:00","twitter_card":"summary_large_image","schema":{"@context":"https:\/\/schema.org","@graph":[{"@type":"WebPage","@id":"https:\/\/www.electroluxprofessional.com\/de-ch\/branchenloesungen\/hotels\/","url":"https:\/\/www.electroluxprofessional.com\/de-ch\/branchenloesungen\/hotels\/","name":"W\u00e4schereien und Gro\u00dfk\u00fcchen f\u00fcr Hotels | Electrolux Professional","isPartOf":{"@id":"https:\/\/www.electroluxprofessional.com\/de-ch\/#website"},"datePublished":"2017-07-07T12:52:32+00:00","dateModified":"2024-03-07T10:40:02+00:00","description":"Wir zeigen Ihnen nachhaltige L\u00f6sungen f\u00fcr hauseigene W\u00e4schereien und individuelle Gro\u00dfk\u00fcchen-L\u00f6sungen f\u00fcr Ihr Hotel.","breadcrumb":{"@id":"https:\/\/www.electroluxprofessional.com\/de-ch\/branchenloesungen\/hotels\/#breadcrumb"},"inLanguage":"de-CH","potentialAction":[{"@type":"ReadAction","target":["https:\/\/www.electroluxprofessional.com\/de-ch\/branchenloesungen\/hotels\/"]}]},{"@type":"BreadcrumbList","@id":"https:\/\/www.electroluxprofessional.com\/de-ch\/branchenloesungen\/hotels\/#breadcrumb","itemListElement":[{"@type":"ListItem","position":1,"name":"Home","item":"https:\/\/www.electroluxprofessional.com\/de-ch\/"},{"@type":"ListItem","position":2,"name":"Branchenl\u00f6sungen","item":"https:\/\/www.electroluxprofessional.com\/de-ch\/branchenloesungen\/"},{"@type":"ListItem","position":3,"name":"Hotels"}]},{"@type":"WebSite","@id":"https:\/\/www.electroluxprofessional.com\/de-ch\/#website","url":"https:\/\/www.electroluxprofessional.com\/de-ch\/","name":"Electrolux Professional Schweiz","description":"","potentialAction":[{"@type":"SearchAction","target":{"@type":"EntryPoint","urlTemplate":"https:\/\/www.electroluxprofessional.com\/de-ch\/?src={search_term_string}"},"query-input":"required name=search_term_string"}],"inLanguage":"de-CH"}]}},"_links":{"self":[{"href":"https:\/\/www.electroluxprofessional.com\/de-ch\/wp-json\/wp\/v2\/pages\/3433"}],"collection":[{"href":"https:\/\/www.electroluxprofessional.com\/de-ch\/wp-json\/wp\/v2\/pages"}],"about":[{"href":"https:\/\/www.electroluxprofessional.com\/de-ch\/wp-json\/wp\/v2\/types\/page"}],"author":[{"embeddable":true,"href":"https:\/\/www.electroluxprofessional.com\/de-ch\/wp-json\/wp\/v2\/users\/5"}],"replies":[{"embeddable":true,"href":"https:\/\/www.electroluxprofessional.com\/de-ch\/wp-json\/wp\/v2\/comments?post=3433"}],"version-history":[{"count":5,"href":"https:\/\/www.electroluxprofessional.com\/de-ch\/wp-json\/wp\/v2\/pages\/3433\/revisions"}],"predecessor-version":[{"id":3449,"href":"https:\/\/www.electroluxprofessional.com\/de-ch\/wp-json\/wp\/v2\/pages\/3433\/revisions\/3449"}],"up":[{"embeddable":true,"href":"https:\/\/www.electroluxprofessional.com\/de-ch\/wp-json\/wp\/v2\/pages\/811"}],"wp:attachment":[{"href":"https:\/\/www.electroluxprofessional.com\/de-ch\/wp-json\/wp\/v2\/media?parent=3433"}],"curies":[{"name":"wp","href":"https:\/\/api.w.org\/{rel}","templated":true}]}}