{"id":20746,"date":"2026-04-14T13:12:27","date_gmt":"2026-04-14T13:12:27","guid":{"rendered":"https:\/\/www.electroluxprofessional.com\/de-ch\/?page_id=20746"},"modified":"2026-04-17T09:33:42","modified_gmt":"2026-04-17T09:33:42","slug":"innovation-foerdern","status":"publish","type":"page","link":"https:\/\/www.electroluxprofessional.com\/de-ch\/innovation-foerdern\/","title":{"rendered":"Innovation f\u00f6rdern"},"content":{"rendered":"<p>[vc_row full_width=&#8221;electroluxpro-full-width-no-padding&#8221;][vc_column][elx_image_block background_image=&#8221;20739&#8243; minimum_height=&#8221;400px&#8221;][vc_empty_space][\/vc_column][\/vc_row][vc_row full_width=&#8221;electroluxpro-container-no-padding&#8221;][vc_column][elx_heading font_container=&#8221;h1&#8243; text_color=&#8221;inherit&#8221; text_align=&#8221;text-center&#8221;]Innovation f\u00f6rdern.<br \/>\nEntdecken Sie Ideen &amp; Konzepte f\u00fcr mehr Effizienz und Nachhaltigkeit[\/elx_heading][vc_empty_space height=&#8221;50px&#8221;][\/vc_column][\/vc_row][vc_row][vc_column width=&#8221;2\/5&#8243;][elx_image_block background_image=&#8221;20740&#8243; minimum_height=&#8221;260px&#8221;][\/vc_column][vc_column width=&#8221;3\/5&#8243;][vc_column_text]<\/p>\n<h2>therma<em>line<\/em>\u00a0Modular 80, 85 &amp; 90<\/h2>\n<p>therma<em>line<\/em> vereint modernste Technologie und raffiniertes Design, um den hohen Anspr\u00fcchen professioneller K\u00f6che gerecht zu werden \u2013 und eignet sich sowohl f\u00fcr die gehobene Gastronomie als auch f\u00fcr K\u00fcchen mit hohem Durchsatz. St\u00e4rke und Eleganz in perfekter Balance. Kraft und Leistung in einem nahtlosen System.[\/vc_column_text][vc_empty_space height=&#8221;10px&#8221;][elx_button button_text=&#8221;MEHR ERFAHREN&#8221; button_link=&#8221;url:https%3A%2F%2Fwww.electroluxprofessional.com%2Fde-ch%2Fkueche%2Fthermaline-80-85-90%2F|title:MEHR%20ERFAHREN|target:_blank&#8221;][\/vc_column][\/vc_row][vc_row][vc_column][vc_empty_space][\/vc_column][\/vc_row][vc_row][vc_column width=&#8221;2\/5&#8243;][elx_image_block background_image=&#8221;20741&#8243; minimum_height=&#8221;260px&#8221;][\/vc_column][vc_column width=&#8221;3\/5&#8243;][vc_column_text]<\/p>\n<h2><strong>lagoon\u00ae Advance Care<\/strong><\/h2>\n<p>Seit seiner Anerkennung durch The Woolmark Company im Jahr 2005 hat sich lagoon\u00ae zu einer bew\u00e4hrten Nassreinigungsl\u00f6sung entwickelt, die nachhaltige und zuverl\u00e4ssige Ergebnisse f\u00fcr Textilien und Unternehmen liefert.[\/vc_column_text][vc_empty_space height=&#8221;10px&#8221;][elx_button button_text=&#8221;MEHR ERFAHREN&#8221; button_link=&#8221;url:https%3A%2F%2Fwww.electroluxprofessional.com%2Fde-ch%2Fbranchenloesungen%2Flagoon-advanced-care%2F|title:MEHR%20ERFAHREN|target:_blank&#8221;][\/vc_column][\/vc_row][vc_row][vc_column][vc_empty_space][\/vc_column][\/vc_row][vc_row][vc_column width=&#8221;2\/5&#8243;][elx_image_block background_image=&#8221;20742&#8243; minimum_height=&#8221;260px&#8221;][\/vc_column][vc_column width=&#8221;3\/5&#8243;][vc_column_text]<\/p>\n<h2>Umweltfreundliche W\u00e4schepflege f\u00fcr Ihr Hotel<\/h2>\n<p>Eine nachhaltige W\u00e4scherei ist f\u00fcr Hoteliers von entscheidender Bedeutung, da umweltbewusste Reisende umweltfreundliche Unterk\u00fcnfte bevorzugen. Dar\u00fcber hinaus senkt der Einsatz professioneller W\u00e4schereiausr\u00fcstung die Kosten f\u00fcr Energie, Wasser und Waschmittel. Diese Ma\u00dfnahmen steigern die betriebliche Effizienz und sorgen f\u00fcr langfristige Einsparungen.[\/vc_column_text][vc_empty_space height=&#8221;10px&#8221;][elx_button button_text=&#8221;MEHR ERFAHREN&#8221; button_link=&#8221;url:https%3A%2F%2Fwww.electroluxprofessional.com%2Fde-ch%2Fbranchenloesungen%2Fhotel-waescherei%2F|title:MEHR%20ERFAHREN|target:_blank&#8221;][\/vc_column][\/vc_row][vc_row][vc_column][vc_empty_space][\/vc_column][\/vc_row][vc_row][vc_column width=&#8221;2\/5&#8243;][elx_image_block background_image=&#8221;20743&#8243; minimum_height=&#8221;260px&#8221;][\/vc_column][vc_column width=&#8221;3\/5&#8243;][vc_column_text]<\/p>\n<h2>K\u00f6nnen Sie Ihre K\u00fcche abfallfrei gestalten?<\/h2>\n<p>Unter den Verbrauchern gibt es einen wachsenden Trend zur Einrichtung abfallfreier K\u00fcchen. Und da laut dem Umweltprogramm der Vereinten Nationen 17 % aller auf Verbraucherebene verf\u00fcgbaren Lebensmittel verschwendet werden, ist dies zweifellos ein lobenswertes Ziel.[\/vc_column_text][vc_empty_space height=&#8221;10px&#8221;][elx_button button_text=&#8221;MEHR ERFAHREN&#8221; button_link=&#8221;url:https%3A%2F%2Fwww.electroluxprofessional.com%2Fde-ch%2Fabfallfreie-kueche-blog%2F|title:Mehr%20erfahren|target:_blank&#8221;][\/vc_column][\/vc_row][vc_row][vc_column][vc_empty_space][\/vc_column][\/vc_row][vc_row][vc_column width=&#8221;2\/5&#8243;][elx_image_block background_image=&#8221;20744&#8243; minimum_height=&#8221;260px&#8221;][\/vc_column][vc_column width=&#8221;3\/5&#8243;][vc_column_text]<\/p>\n<h2>Reduzieren, wiederverwenden, recyceln \u2013 mit HeroDry, dem freistehenden Trockner<\/h2>\n<p>Der \u00dcbergang zu einer gr\u00fcneren Welt hat begonnen, und HeroDry, das freistehende Trocknungsger\u00e4t f\u00fcr wiederverwendbare Becher und Geschirr, ist eine unserer nachhaltigen L\u00f6sungen im Rahmen unserer Initiative \u201eKreislaufwirtschaft\u201c.[\/vc_column_text][vc_empty_space height=&#8221;10px&#8221;][elx_button button_text=&#8221;MEHR ERFAHREN&#8221; button_link=&#8221;url:https%3A%2F%2Fwww.electroluxprofessional.com%2Fde-ch%2Fgrosskuechentechnik%2Fherodry-trockner-einweggeschirr%2F|title:MEHR%20ERFAHREN|target:_blank&#8221;][\/vc_column][\/vc_row][vc_row][vc_column][vc_empty_space][\/vc_column][\/vc_row][vc_row][vc_column width=&#8221;2\/5&#8243;][elx_image_block background_image=&#8221;20745&#8243; minimum_height=&#8221;260px&#8221;][\/vc_column][vc_column width=&#8221;3\/5&#8243;][vc_column_text]<\/p>\n<h2>Verhindern Sie die Ausbreitung von Infektionen im Rahmen des Waschzyklusmanagements<\/h2>\n<p>Die Einf\u00fchrung eines effektiven Waschzyklusmanagements ist entscheidend f\u00fcr die Verringerung von nosokomialen Infektionen (HCAIs) in medizinischen Einrichtungen. Durch die richtige Handhabung, Reinigung und Lagerung von W\u00e4sche lassen sich Infektionsrisiken erheblich minimieren.[\/vc_column_text][vc_empty_space height=&#8221;10px&#8221;][elx_button button_text=&#8221;MEHR ERFAHREN&#8221; button_link=&#8221;url:https%3A%2F%2Fwww.electroluxprofessional.com%2Fde-ch%2Fverhindern-sie-die-uebertragung-von-kreuzinfektionen-im-waeschekreislauf%2F|title:MEHR%20ERFAHREN|target:_blank&#8221;][\/vc_column][\/vc_row][vc_row][vc_column][vc_empty_space][\/vc_column][\/vc_row]<\/p>\n","protected":false},"excerpt":{"rendered":"<p>[vc_row full_width=&#8221;electroluxpro-full-width-no-padding&#8221;][vc_column][elx_image_block background_image=&#8221;20739&#8243; minimum_height=&#8221;400px&#8221;][vc_empty_space][\/vc_column][\/vc_row][vc_row full_width=&#8221;electroluxpro-container-no-padding&#8221;][vc_column][elx_heading font_container=&#8221;h1&#8243; text_color=&#8221;inherit&#8221; text_align=&#8221;text-center&#8221;]Innovation f\u00f6rdern. Entdecken Sie Ideen &amp; Konzepte f\u00fcr mehr Effizienz und Nachhaltigkeit[\/elx_heading][vc_empty_space height=&#8221;50px&#8221;][\/vc_column][\/vc_row][vc_row][vc_column width=&#8221;2\/5&#8243;][elx_image_block background_image=&#8221;20740&#8243; minimum_height=&#8221;260px&#8221;][\/vc_column][vc_column width=&#8221;3\/5&#8243;][vc_column_text] thermaline\u00a0Modular 80, 85 &amp; 90 thermaline vereint modernste Technologie und raffiniertes Design, um den hohen Anspr\u00fcchen professioneller K\u00f6che gerecht zu werden \u2013 und eignet sich sowohl f\u00fcr die gehobene Gastronomie als [&hellip;]<\/p>\n","protected":false},"author":1,"featured_media":0,"parent":0,"menu_order":0,"comment_status":"closed","ping_status":"closed","template":"template-consultants.php","meta":{"footnotes":""},"class_list":["post-20746","page","type-page","status-publish","hentry"],"acf":[],"yoast_head":"<!-- This site is optimized with the Yoast SEO plugin v23.3 - https:\/\/yoast.com\/wordpress\/plugins\/seo\/ -->\n<title>Innovation f\u00f6rdern - Electrolux Professional Schweiz<\/title>\n<meta name=\"description\" content=\"Innovation f\u00f6rdern: Entdecken Sie Ideen und Konzepte, um Effizienz zu steigern und nachhaltige L\u00f6sungen erfolgreich umzusetzen.\" \/>\n<meta name=\"robots\" content=\"index, follow, max-snippet:-1, max-image-preview:large, max-video-preview:-1\" \/>\n<link rel=\"canonical\" href=\"https:\/\/www.electroluxprofessional.com\/de-ch\/innovation-foerdern\/\" \/>\n<meta property=\"og:locale\" content=\"de_DE\" \/>\n<meta property=\"og:type\" content=\"article\" \/>\n<meta property=\"og:title\" content=\"Innovation f\u00f6rdern - Electrolux Professional Schweiz\" \/>\n<meta property=\"og:description\" content=\"Innovation f\u00f6rdern: Entdecken Sie Ideen und Konzepte, um Effizienz zu steigern und nachhaltige L\u00f6sungen erfolgreich umzusetzen.\" \/>\n<meta property=\"og:url\" content=\"https:\/\/www.electroluxprofessional.com\/de-ch\/innovation-foerdern\/\" \/>\n<meta property=\"og:site_name\" content=\"Electrolux Professional Schweiz\" \/>\n<meta property=\"article:modified_time\" content=\"2026-04-17T09:33:42+00:00\" \/>\n<meta name=\"twitter:card\" content=\"summary_large_image\" \/>\n<meta name=\"twitter:label1\" content=\"Gesch\u00e4tzte Lesezeit\" \/>\n\t<meta name=\"twitter:data1\" content=\"4 Minuten\" \/>\n<script type=\"application\/ld+json\" class=\"yoast-schema-graph\">{\"@context\":\"https:\/\/schema.org\",\"@graph\":[{\"@type\":\"WebPage\",\"@id\":\"https:\/\/www.electroluxprofessional.com\/de-ch\/innovation-foerdern\/\",\"url\":\"https:\/\/www.electroluxprofessional.com\/de-ch\/innovation-foerdern\/\",\"name\":\"Innovation f\u00f6rdern - Electrolux Professional Schweiz\",\"isPartOf\":{\"@id\":\"https:\/\/www.electroluxprofessional.com\/de-ch\/#website\"},\"datePublished\":\"2026-04-14T13:12:27+00:00\",\"dateModified\":\"2026-04-17T09:33:42+00:00\",\"description\":\"Innovation f\u00f6rdern: Entdecken Sie Ideen und Konzepte, um Effizienz zu steigern und nachhaltige L\u00f6sungen erfolgreich umzusetzen.\",\"breadcrumb\":{\"@id\":\"https:\/\/www.electroluxprofessional.com\/de-ch\/innovation-foerdern\/#breadcrumb\"},\"inLanguage\":\"de-CH\",\"potentialAction\":[{\"@type\":\"ReadAction\",\"target\":[\"https:\/\/www.electroluxprofessional.com\/de-ch\/innovation-foerdern\/\"]}]},{\"@type\":\"BreadcrumbList\",\"@id\":\"https:\/\/www.electroluxprofessional.com\/de-ch\/innovation-foerdern\/#breadcrumb\",\"itemListElement\":[{\"@type\":\"ListItem\",\"position\":1,\"name\":\"Home\",\"item\":\"https:\/\/www.electroluxprofessional.com\/de-ch\/\"},{\"@type\":\"ListItem\",\"position\":2,\"name\":\"Innovation f\u00f6rdern\"}]},{\"@type\":\"WebSite\",\"@id\":\"https:\/\/www.electroluxprofessional.com\/de-ch\/#website\",\"url\":\"https:\/\/www.electroluxprofessional.com\/de-ch\/\",\"name\":\"Electrolux Professional Schweiz\",\"description\":\"\",\"potentialAction\":[{\"@type\":\"SearchAction\",\"target\":{\"@type\":\"EntryPoint\",\"urlTemplate\":\"https:\/\/www.electroluxprofessional.com\/de-ch\/?src={search_term_string}\"},\"query-input\":\"required name=search_term_string\"}],\"inLanguage\":\"de-CH\"}]}<\/script>\n<!-- \/ Yoast SEO plugin. -->","yoast_head_json":{"title":"Innovation f\u00f6rdern - Electrolux Professional Schweiz","description":"Innovation f\u00f6rdern: Entdecken Sie Ideen und Konzepte, um Effizienz zu steigern und nachhaltige L\u00f6sungen erfolgreich umzusetzen.","robots":{"index":"index","follow":"follow","max-snippet":"max-snippet:-1","max-image-preview":"max-image-preview:large","max-video-preview":"max-video-preview:-1"},"canonical":"https:\/\/www.electroluxprofessional.com\/de-ch\/innovation-foerdern\/","og_locale":"de_DE","og_type":"article","og_title":"Innovation f\u00f6rdern - Electrolux Professional Schweiz","og_description":"Innovation f\u00f6rdern: Entdecken Sie Ideen und Konzepte, um Effizienz zu steigern und nachhaltige L\u00f6sungen erfolgreich umzusetzen.","og_url":"https:\/\/www.electroluxprofessional.com\/de-ch\/innovation-foerdern\/","og_site_name":"Electrolux Professional Schweiz","article_modified_time":"2026-04-17T09:33:42+00:00","twitter_card":"summary_large_image","twitter_misc":{"Gesch\u00e4tzte Lesezeit":"4 Minuten"},"schema":{"@context":"https:\/\/schema.org","@graph":[{"@type":"WebPage","@id":"https:\/\/www.electroluxprofessional.com\/de-ch\/innovation-foerdern\/","url":"https:\/\/www.electroluxprofessional.com\/de-ch\/innovation-foerdern\/","name":"Innovation f\u00f6rdern - Electrolux Professional Schweiz","isPartOf":{"@id":"https:\/\/www.electroluxprofessional.com\/de-ch\/#website"},"datePublished":"2026-04-14T13:12:27+00:00","dateModified":"2026-04-17T09:33:42+00:00","description":"Innovation f\u00f6rdern: Entdecken Sie Ideen und Konzepte, um Effizienz zu steigern und nachhaltige L\u00f6sungen erfolgreich umzusetzen.","breadcrumb":{"@id":"https:\/\/www.electroluxprofessional.com\/de-ch\/innovation-foerdern\/#breadcrumb"},"inLanguage":"de-CH","potentialAction":[{"@type":"ReadAction","target":["https:\/\/www.electroluxprofessional.com\/de-ch\/innovation-foerdern\/"]}]},{"@type":"BreadcrumbList","@id":"https:\/\/www.electroluxprofessional.com\/de-ch\/innovation-foerdern\/#breadcrumb","itemListElement":[{"@type":"ListItem","position":1,"name":"Home","item":"https:\/\/www.electroluxprofessional.com\/de-ch\/"},{"@type":"ListItem","position":2,"name":"Innovation f\u00f6rdern"}]},{"@type":"WebSite","@id":"https:\/\/www.electroluxprofessional.com\/de-ch\/#website","url":"https:\/\/www.electroluxprofessional.com\/de-ch\/","name":"Electrolux Professional Schweiz","description":"","potentialAction":[{"@type":"SearchAction","target":{"@type":"EntryPoint","urlTemplate":"https:\/\/www.electroluxprofessional.com\/de-ch\/?src={search_term_string}"},"query-input":"required name=search_term_string"}],"inLanguage":"de-CH"}]}},"_links":{"self":[{"href":"https:\/\/www.electroluxprofessional.com\/de-ch\/wp-json\/wp\/v2\/pages\/20746"}],"collection":[{"href":"https:\/\/www.electroluxprofessional.com\/de-ch\/wp-json\/wp\/v2\/pages"}],"about":[{"href":"https:\/\/www.electroluxprofessional.com\/de-ch\/wp-json\/wp\/v2\/types\/page"}],"author":[{"embeddable":true,"href":"https:\/\/www.electroluxprofessional.com\/de-ch\/wp-json\/wp\/v2\/users\/1"}],"replies":[{"embeddable":true,"href":"https:\/\/www.electroluxprofessional.com\/de-ch\/wp-json\/wp\/v2\/comments?post=20746"}],"version-history":[{"count":7,"href":"https:\/\/www.electroluxprofessional.com\/de-ch\/wp-json\/wp\/v2\/pages\/20746\/revisions"}],"predecessor-version":[{"id":20769,"href":"https:\/\/www.electroluxprofessional.com\/de-ch\/wp-json\/wp\/v2\/pages\/20746\/revisions\/20769"}],"wp:attachment":[{"href":"https:\/\/www.electroluxprofessional.com\/de-ch\/wp-json\/wp\/v2\/media?parent=20746"}],"curies":[{"name":"wp","href":"https:\/\/api.w.org\/{rel}","templated":true}]}}