{"id":20709,"date":"2026-04-14T09:13:45","date_gmt":"2026-04-14T09:13:45","guid":{"rendered":"https:\/\/www.electroluxprofessional.com\/de-ch\/?page_id=20709"},"modified":"2026-04-17T09:48:31","modified_gmt":"2026-04-17T09:48:31","slug":"consultants","status":"publish","type":"page","link":"https:\/\/www.electroluxprofessional.com\/de-ch\/consultants\/","title":{"rendered":"Consultants"},"content":{"rendered":"<p>[vc_row full_width=&#8221;electroluxpro-full-width-no-padding&#8221;][vc_column][elx_image_block background_image=&#8221;20698&#8243; minimum_height=&#8221;400px&#8221;][\/vc_column][\/vc_row][vc_row full_width=&#8221;electroluxpro-full-width&#8221;][vc_column width=&#8221;1\/6&#8243;][vc_empty_space][\/vc_column][vc_column width=&#8221;4\/6&#8243;][vc_empty_space][elx_heading font_container=&#8221;h1&#8243; text_color=&#8221;inherit&#8221; text_align=&#8221;text-center&#8221;]Willkommen in unserem Consultants Hub<br \/>\nExzellenz beginnt gemeinsam[\/elx_heading][vc_empty_space][vc_column_text]<\/p>\n<p style=\"text-align: center;\">Entdecken Sie zahlreiche Ressourcen in unserem <strong>exklusiven Consultants-Bereich<\/strong> \u2013 von <strong>umfassenden Produktdokumentationen \u00fcber innovative und nachhaltige Konzepte<\/strong> bis hin zu <strong>eindrucksvollen Kundenstimmen<\/strong>. Alles jederzeit griffbereit.<\/p>\n<p>[\/vc_column_text][\/vc_column][vc_column width=&#8221;1\/6&#8243;][vc_empty_space][\/vc_column][\/vc_row][vc_row el_id=&#8221;documentlibrary&#8221;][vc_column width=&#8221;1\/2&#8243;][vc_empty_space height=&#8221;50px&#8221;][elx_heading text_color=&#8221;inherit&#8221;]Optimieren Sie Ihre Projekte<br \/>\nEntdecken Sie unsere Dokumentenbibliothek[\/elx_heading][vc_column_text]Greifen Sie in unserer Dokumentenbibliothek einfach auf alle wichtigen Unterlagen f\u00fcr Ihre Projekte zu. Finden Sie schnell, was Sie ben\u00f6tigen, um Ihre Projekte effizient und erfolgreich umzusetzen.[\/vc_column_text][vc_empty_space][elx_button button_text=&#8221;ZUR DOKUMENTENBIBLIOTHEK&#8221; button_link=&#8221;url:https%3A%2F%2Fwww.electroluxprofessional.com%2Fde-ch%2Fconsultants-dokumentenbibliothek%2F|title:ZUR%20DOKUMENTENBIBLIOTHEK|target:_blank&#8221;][\/vc_column][vc_column width=&#8221;1\/2&#8243;][vc_empty_space height=&#8221;50px&#8221;][vc_single_image image=&#8221;20699&#8243; img_size=&#8221;500&#215;300&#8243; alignment=&#8221;center&#8221;][vc_empty_space height=&#8221;50px&#8221;][\/vc_column][\/vc_row][vc_row css=&#8221;.vc_custom_1716211814536{background-color: #e9eff5 !important;}&#8221;][vc_column][vc_empty_space][elx_heading text_color=&#8221;inherit&#8221;]Innovation f\u00f6rdern<br \/>\nEntdecken Sie Ideen &amp; Konzepte f\u00fcr mehr Effizienz und Nachhaltigkeit[\/elx_heading][vc_column_text]Unsere Mission ist es, den Arbeitsalltag unserer Kunden einfacher, profitabler und wahrhaft nachhaltig zu gestalten. Jeden Tag. Hier finden Sie <strong>inspirierende Ideen und Konzepte<\/strong>, die f\u00fcr Electrolux Professional entscheidend sind.[\/vc_column_text][vc_empty_space][\/vc_column][\/vc_row][vc_row css=&#8221;.vc_custom_1716211820431{background-color: #e9eff5 !important;}&#8221;][vc_column width=&#8221;1\/3&#8243;][vc_single_image image=&#8221;20700&#8243; img_size=&#8221;400&#215;250&#8243; alignment=&#8221;center&#8221;][vc_empty_space height=&#8221;20px&#8221;][vc_column_text]<strong>thermaline\u00a0Modular 80, 85 &amp; 90<\/strong><br \/>\n<a href=\"https:\/\/www.electroluxprofessional.com\/de-ch\/kueche\/thermaline-80-85-90\/\" rel=\"noopener\">Mehr erfahren &gt;<\/a>[\/vc_column_text][vc_empty_space height=&#8221;20px&#8221;][\/vc_column][vc_column width=&#8221;1\/3&#8243;][vc_single_image image=&#8221;20701&#8243; img_size=&#8221;400&#215;250&#8243; alignment=&#8221;center&#8221;][vc_empty_space height=&#8221;20px&#8221;][vc_column_text]<strong>EcoVadis Gold Rating: Ein Meilenstein auf unserem Weg zur Nachhaltigkeit<\/strong><br \/>\n<a href=\"https:\/\/www.electroluxprofessional.com\/de-ch\/nachhaltige-loesungen\/nachhaltigkeitsbewertungen-und-zertifikate\/\" rel=\"noopener\">Mehr erfahren &gt;<\/a>[\/vc_column_text][vc_empty_space height=&#8221;20px&#8221;][\/vc_column][vc_column width=&#8221;1\/3&#8243;][vc_single_image image=&#8221;20702&#8243; img_size=&#8221;400&#215;250&#8243; alignment=&#8221;center&#8221;][vc_empty_space height=&#8221;20px&#8221;][vc_column_text]<strong>lagoon\u00ae Advance Care \u2013 20 Jahre Innovation feiern<\/strong><br \/>\n<a href=\"https:\/\/www.electroluxprofessional.com\/de-ch\/branchenloesungen\/lagoon-advanced-care\/\" rel=\"noopener\">Mehr erfahren &gt;<\/a>[\/vc_column_text][vc_empty_space height=&#8221;20px&#8221;][\/vc_column][\/vc_row][vc_row css=&#8221;.vc_custom_1716211839097{background-color: #e9eff5 !important;}&#8221;][vc_column][vc_empty_space][elx_button button_text=&#8221;ALLE KONZEPTE ANSEHEN&#8221; button_link=&#8221;url:https%3A%2F%2Fwww.electroluxprofessional.com%2Fde-ch%2Finnovation-foerdern%2F|title:ALLE%20KONZEPTE%20ANSEHEN|target:_blank&#8221;][vc_empty_space][\/vc_column][\/vc_row][vc_row full_width=&#8221;electroluxpro-container-no-padding&#8221; disable_element=&#8221;yes&#8221; css=&#8221;.vc_custom_1730123498439{background-color: #000000 !important;}&#8221;][vc_column][vc_empty_space][elx_heading font_size=&#8221;h1&#8243; text_color=&#8221;white&#8221; text_align=&#8221;text-center&#8221;]Molteni \u2013 Werden Sie Teil der Legende[\/elx_heading][vc_empty_space][vc_row_inner][vc_column_inner width=&#8221;1\/2&#8243;][vc_single_image image=&#8221;53031&#8243; img_size=&#8221;full&#8221;][\/vc_column_inner][vc_column_inner width=&#8221;1\/2&#8243;][vc_empty_space][elx_heading font_container=&#8221;h4&#8243; text_color=&#8221;white&#8221; text_align=&#8221;text-left&#8221;]Tr\u00e4ume sind das eine \u2013 sie Wirklichkeit werden zu lassen, erfordert wahre Expertise und Hingabe. Handwerkliches K\u00f6nnen und eine langj\u00e4hrige Tradition haben uns einen ausgezeichneten Ruf in der professionellen Gastronomie verschafft.<\/p>\n<p>Mit Molteni kennt Ihre Kreativit\u00e4t keine Grenzen.[\/elx_heading][vc_empty_space][elx_button button_text=&#8221;MOLTENI ENTDECKEN&#8221; button_link=&#8221;url:https%3A%2F%2Fwww.molteni.com%2F|target:_blank&#8221;][vc_empty_space][\/vc_column_inner][\/vc_row_inner][\/vc_column][\/vc_row][vc_row full_width=&#8221;electroluxpro-container-no-padding&#8221; css=&#8221;.vc_custom_1716210401859{background-color: #ffffff !important;}&#8221;][vc_column width=&#8221;1\/6&#8243;][vc_empty_space][\/vc_column][vc_column width=&#8221;4\/6&#8243;][vc_empty_space][elx_heading font_size=&#8221;h1&#8243; text_color=&#8221;electrolux-blue&#8221; text_align=&#8221;text-center&#8221;]Molteni \u2013 Werden Sie Teil der Legende[\/elx_heading][vc_empty_space][elx_text_image number_images=&#8221;n&#8221; style_image=&#8221;image_square&#8221; image_position=&#8221;image_left&#8221; columns_proportion=&#8221;half&#8221; bg_row=&#8221;bg-download-white&#8221; lists=&#8221;%5B%7B%7D%5D&#8221; values=&#8221;%5B%7B%22tag_icon_title%22%3A%22h4%22%7D%5D&#8221; link=&#8221;url:https%3A%2F%2Fwww.molteni.com%2Fde%2F|title:MOLTENI%20ENTDECKEN|target:_blank&#8221; multi_images=&#8221;20706,20707,20708&#8243;]Tr\u00e4ume sind das eine \u2013 sie Wirklichkeit werden zu lassen, erfordert wahre Expertise und Hingabe.<\/p>\n<p><strong>Handwerkliches K\u00f6nnen<\/strong> und eine <strong>langj\u00e4hrige Tradition<\/strong> haben uns einen ausgezeichneten Ruf in der professionellen Gastronomie verschafft.<\/p>\n<p><strong>Mit Molteni kennt Ihre Kreativit\u00e4t keine Grenzen.<\/strong>[\/elx_text_image][vc_empty_space][\/vc_column][vc_column width=&#8221;1\/6&#8243;][vc_empty_space][\/vc_column][\/vc_row][vc_row css=&#8221;.vc_custom_1716211877110{background-color: #e9eff5 !important;}&#8221; el_id=&#8221;references&#8221;][vc_column][elx_heading text_color=&#8221;electrolux-blue&#8221; text_align=&#8221;text-center&#8221;]Unsere Kundenreferenzen[\/elx_heading][vc_empty_space][vc_row_inner css=&#8221;.vc_custom_1716211884170{padding-bottom: 20px !important;background-color: #e9eff5 !important;}&#8221;][vc_column_inner width=&#8221;1\/3&#8243;][vc_single_image image=&#8221;20703&#8243; img_size=&#8221;400&#215;250&#8243; alignment=&#8221;center&#8221;][vc_column_text css=&#8221;.vc_custom_1776157651018{padding-right: 10px !important;padding-left: 10px !important;}&#8221;]<\/p>\n<h3 class=\"entry-title\">EHL Hospitality Business School<\/h3>\n<p><strong>Lausanne \u2013 Schweiz<\/strong><\/p>\n<p>Die EHL, weltweit f\u00fchrende Hochschule f\u00fcr Hospitality\u2011 und Business\u2011Management in Lausanne, verbindet akademische Exzellenz mit praxisnahem Lernen. Ihr neues veganes Restaurant Shadwood spiegelt diesen Ansatz wider.<\/p>\n<p><a href=\"https:\/\/www.electroluxprofessional.com\/de-ch\/references\/ehl-lausanne\/\" rel=\"noopener\">Mehr erfahren &gt;<\/a>[\/vc_column_text][\/vc_column_inner][vc_column_inner width=&#8221;1\/3&#8243;][vc_single_image image=&#8221;20704&#8243; img_size=&#8221;400&#215;250&#8243; alignment=&#8221;center&#8221;][vc_column_text css=&#8221;.vc_custom_1776157193425{padding-right: 10px !important;padding-left: 10px !important;}&#8221;]<\/p>\n<h3 class=\"entry-title\">Feuerwehr Dresden<\/h3>\n<p><strong>Dresden \u2013 Deutschland<\/strong><\/p>\n<p>Die Feuerwehr Dresden ist eine gro\u00dfe Feuerwehr mit \u00fcber 500 Kameradinnen und Kameraden im Einsatz bei der Berufsfeuerwehr sowie weiteren rund 650 ehrenamtlichen Einsatzkr\u00e4ften in den Stadtteilfeuerwehren.<\/p>\n<p><a href=\"https:\/\/www.electroluxprofessional.com\/de-ch\/references\/feuerwehr-dresden\/\" target=\"_blank\" rel=\"noopener\">Mehr erfahren &gt;<\/a>[\/vc_column_text][\/vc_column_inner][vc_column_inner width=&#8221;1\/3&#8243;][vc_single_image image=&#8221;20705&#8243; img_size=&#8221;400&#215;250&#8243; alignment=&#8221;center&#8221;][vc_column_text css=&#8221;.vc_custom_1776157232297{padding-right: 10px !important;padding-left: 10px !important;}&#8221;]<\/p>\n<h3 class=\"entry-title\">Aponiente Restaurant<\/h3>\n<header class=\"entry-header\">\n<div class=\"container header-container\">\n<p><strong>C\u00e1diz \u2013 Spanien<\/strong><\/p>\n<p>Unter der Leitung von \u00c1ngel Le\u00f3n, international bekannt als \u201eThe Chef of the Sea\u201c, hat Aponiente dank seines kompromisslosen Strebens nach Exzellenz, Innovation und Nachhaltigkeit drei Michelin-Sterne erhalten.<\/p>\n<\/div>\n<\/header>\n<p><a href=\"https:\/\/www.electroluxprofessional.com\/references\/aponiente-restaurant\/\" target=\"_blank\" rel=\"noopener\">Mehr erfahren &gt;<\/a>[\/vc_column_text][\/vc_column_inner][\/vc_row_inner][\/vc_column][\/vc_row][vc_row css=&#8221;.vc_custom_1716211839097{background-color: #e9eff5 !important;}&#8221;][vc_column][vc_empty_space][elx_button button_text=&#8221;ALLE REFERENZEN ANSEHEN&#8221; button_link=&#8221;url:https%3A%2F%2Fwww.electroluxprofessional.com%2Fde-ch%2Funsere-kundenreferenzen%2F|title:ALLE%20REFERENZEN%20ANSEHEN|target:_blank&#8221;][vc_empty_space][\/vc_column][\/vc_row][vc_row full_width=&#8221;electroluxpro-container-no-padding&#8221; disable_element=&#8221;yes&#8221; el_id=&#8221;contacts&#8221;][vc_column width=&#8221;1\/6&#8243; content_position=&#8221;center&#8221;][vc_empty_space height=&#8221;5px&#8221;][\/vc_column][vc_column width=&#8221;4\/6&#8243;][vc_empty_space][elx_heading text_color=&#8221;inherit&#8221; text_align=&#8221;text-center&#8221;]Connect with Our Experts Today[\/elx_heading][elx_text_image style_image=&#8221;image_square&#8221; title_position=&#8221;top&#8221; bg_row=&#8221;bg-download-white&#8221; lists=&#8221;%5B%7B%7D%5D&#8221; values=&#8221;%5B%7B%22icon_electroluxpro%22%3A%22elx-icon%20icon-circle-envelope-blue%22%2C%22title_icon%22%3A%22Food%20Service%20Enquiries%5Cn%22%2C%22text_icon%22%3A%22%3Ca%20href%3D%20%5C%22mailto%3Afood-service%40electroluxprofessional.com%3B%5C%22%3Efood-service%40electroluxprofessional.com%3C%2Fa%3E%22%7D%2C%7B%22icon_electroluxpro%22%3A%22elx-icon%20icon-circle-envelope-blue%22%2C%22title_icon%22%3A%22Laundry%20Service%20Enquiries%5Cn%22%2C%22text_icon%22%3A%22%3Ca%20href%3D%20%5C%22mailto%3Alaundry-solutions%40electroluxprofessional.com%3B%5C%22%3Elaundry-solutions%40electroluxprofessional.com%3C%2Fa%3E%22%7D%5D&#8221;][\/elx_text_image][\/vc_column][vc_column width=&#8221;1\/6&#8243;][\/vc_column][\/vc_row][vc_row full_width=&#8221;electroluxpro-container-no-padding&#8221; content_placement=&#8221;middle&#8221; el_id=&#8221;contacts&#8221;][vc_column][vc_empty_space height=&#8221;42px&#8221;][elx_heading text_color=&#8221;inherit&#8221; text_align=&#8221;text-center&#8221;]Nehmen Sie Kontakt mit unseren Experten auf[\/elx_heading][vc_empty_space][vc_row_inner full_width=&#8221;electroluxpro-container-no-padding&#8221; content_placement=&#8221;middle&#8221;][vc_column_inner width=&#8221;1\/4&#8243;][\/vc_column_inner][vc_column_inner width=&#8221;1\/4&#8243;][elx_button button_text=&#8221;KONTAKT GRO\u00dfK\u00dcCHENTECHNIK&#8221; button_link=&#8221;url:mailto%3Afood-service%40electroluxprofessional.com&#8221;][\/vc_column_inner][vc_column_inner width=&#8221;1\/4&#8243;][elx_button button_text=&#8221;KONTAKT W\u00c4SCHEREIL\u00d6SUNGEN&#8221; button_link=&#8221;url:mailto%3Alaundry-solutions%40electroluxprofessional.com&#8221;][\/vc_column_inner][vc_column_inner width=&#8221;1\/4&#8243;][\/vc_column_inner][\/vc_row_inner][vc_empty_space height=&#8221;64px&#8221;][\/vc_column][\/vc_row]<\/p>\n","protected":false},"excerpt":{"rendered":"<p>[vc_row full_width=&#8221;electroluxpro-full-width-no-padding&#8221;][vc_column][elx_image_block background_image=&#8221;20698&#8243; minimum_height=&#8221;400px&#8221;][\/vc_column][\/vc_row][vc_row full_width=&#8221;electroluxpro-full-width&#8221;][vc_column width=&#8221;1\/6&#8243;][vc_empty_space][\/vc_column][vc_column width=&#8221;4\/6&#8243;][vc_empty_space][elx_heading font_container=&#8221;h1&#8243; text_color=&#8221;inherit&#8221; text_align=&#8221;text-center&#8221;]Willkommen in unserem Consultants Hub Exzellenz beginnt gemeinsam[\/elx_heading][vc_empty_space][vc_column_text] Entdecken Sie zahlreiche Ressourcen in unserem exklusiven Consultants-Bereich \u2013 von umfassenden Produktdokumentationen \u00fcber innovative und nachhaltige Konzepte bis hin zu eindrucksvollen Kundenstimmen. Alles jederzeit griffbereit. [\/vc_column_text][\/vc_column][vc_column width=&#8221;1\/6&#8243;][vc_empty_space][\/vc_column][\/vc_row][vc_row el_id=&#8221;documentlibrary&#8221;][vc_column width=&#8221;1\/2&#8243;][vc_empty_space height=&#8221;50px&#8221;][elx_heading text_color=&#8221;inherit&#8221;]Optimieren Sie Ihre Projekte Entdecken Sie unsere Dokumentenbibliothek[\/elx_heading][vc_column_text]Greifen [&hellip;]<\/p>\n","protected":false},"author":1,"featured_media":0,"parent":0,"menu_order":0,"comment_status":"closed","ping_status":"closed","template":"template-consultants.php","meta":{"footnotes":""},"class_list":["post-20709","page","type-page","status-publish","hentry"],"acf":[],"yoast_head":"<!-- This site is optimized with the Yoast SEO plugin v23.3 - https:\/\/yoast.com\/wordpress\/plugins\/seo\/ -->\n<title>Consultants - Electrolux Professional Schweiz<\/title>\n<meta name=\"description\" content=\"Exklusiver Bereich f\u00fcr Consultants: Produktdokumentationen, innovative und nachhaltige Konzepte sowie authentische Kundenstimmen.\" \/>\n<meta name=\"robots\" content=\"index, follow, max-snippet:-1, max-image-preview:large, max-video-preview:-1\" \/>\n<link rel=\"canonical\" href=\"https:\/\/www.electroluxprofessional.com\/de-ch\/consultants\/\" \/>\n<meta property=\"og:locale\" content=\"de_DE\" \/>\n<meta property=\"og:type\" content=\"article\" \/>\n<meta property=\"og:title\" content=\"Consultants - Electrolux Professional Schweiz\" \/>\n<meta property=\"og:description\" content=\"Exklusiver Bereich f\u00fcr Consultants: Produktdokumentationen, innovative und nachhaltige Konzepte sowie authentische Kundenstimmen.\" \/>\n<meta property=\"og:url\" content=\"https:\/\/www.electroluxprofessional.com\/de-ch\/consultants\/\" \/>\n<meta property=\"og:site_name\" content=\"Electrolux Professional Schweiz\" \/>\n<meta property=\"article:modified_time\" content=\"2026-04-17T09:48:31+00:00\" \/>\n<meta name=\"twitter:card\" content=\"summary_large_image\" \/>\n<meta name=\"twitter:label1\" content=\"Gesch\u00e4tzte Lesezeit\" \/>\n\t<meta name=\"twitter:data1\" content=\"3 Minuten\" \/>\n<script type=\"application\/ld+json\" class=\"yoast-schema-graph\">{\"@context\":\"https:\/\/schema.org\",\"@graph\":[{\"@type\":\"WebPage\",\"@id\":\"https:\/\/www.electroluxprofessional.com\/de-ch\/consultants\/\",\"url\":\"https:\/\/www.electroluxprofessional.com\/de-ch\/consultants\/\",\"name\":\"Consultants - Electrolux Professional Schweiz\",\"isPartOf\":{\"@id\":\"https:\/\/www.electroluxprofessional.com\/de-ch\/#website\"},\"datePublished\":\"2026-04-14T09:13:45+00:00\",\"dateModified\":\"2026-04-17T09:48:31+00:00\",\"description\":\"Exklusiver Bereich f\u00fcr Consultants: Produktdokumentationen, innovative und nachhaltige Konzepte sowie authentische Kundenstimmen.\",\"breadcrumb\":{\"@id\":\"https:\/\/www.electroluxprofessional.com\/de-ch\/consultants\/#breadcrumb\"},\"inLanguage\":\"de-CH\",\"potentialAction\":[{\"@type\":\"ReadAction\",\"target\":[\"https:\/\/www.electroluxprofessional.com\/de-ch\/consultants\/\"]}]},{\"@type\":\"BreadcrumbList\",\"@id\":\"https:\/\/www.electroluxprofessional.com\/de-ch\/consultants\/#breadcrumb\",\"itemListElement\":[{\"@type\":\"ListItem\",\"position\":1,\"name\":\"Home\",\"item\":\"https:\/\/www.electroluxprofessional.com\/de-ch\/\"},{\"@type\":\"ListItem\",\"position\":2,\"name\":\"Consultants\"}]},{\"@type\":\"WebSite\",\"@id\":\"https:\/\/www.electroluxprofessional.com\/de-ch\/#website\",\"url\":\"https:\/\/www.electroluxprofessional.com\/de-ch\/\",\"name\":\"Electrolux Professional Schweiz\",\"description\":\"\",\"potentialAction\":[{\"@type\":\"SearchAction\",\"target\":{\"@type\":\"EntryPoint\",\"urlTemplate\":\"https:\/\/www.electroluxprofessional.com\/de-ch\/?src={search_term_string}\"},\"query-input\":\"required name=search_term_string\"}],\"inLanguage\":\"de-CH\"}]}<\/script>\n<!-- \/ Yoast SEO plugin. -->","yoast_head_json":{"title":"Consultants - Electrolux Professional Schweiz","description":"Exklusiver Bereich f\u00fcr Consultants: Produktdokumentationen, innovative und nachhaltige Konzepte sowie authentische Kundenstimmen.","robots":{"index":"index","follow":"follow","max-snippet":"max-snippet:-1","max-image-preview":"max-image-preview:large","max-video-preview":"max-video-preview:-1"},"canonical":"https:\/\/www.electroluxprofessional.com\/de-ch\/consultants\/","og_locale":"de_DE","og_type":"article","og_title":"Consultants - Electrolux Professional Schweiz","og_description":"Exklusiver Bereich f\u00fcr Consultants: Produktdokumentationen, innovative und nachhaltige Konzepte sowie authentische Kundenstimmen.","og_url":"https:\/\/www.electroluxprofessional.com\/de-ch\/consultants\/","og_site_name":"Electrolux Professional Schweiz","article_modified_time":"2026-04-17T09:48:31+00:00","twitter_card":"summary_large_image","twitter_misc":{"Gesch\u00e4tzte Lesezeit":"3 Minuten"},"schema":{"@context":"https:\/\/schema.org","@graph":[{"@type":"WebPage","@id":"https:\/\/www.electroluxprofessional.com\/de-ch\/consultants\/","url":"https:\/\/www.electroluxprofessional.com\/de-ch\/consultants\/","name":"Consultants - Electrolux Professional Schweiz","isPartOf":{"@id":"https:\/\/www.electroluxprofessional.com\/de-ch\/#website"},"datePublished":"2026-04-14T09:13:45+00:00","dateModified":"2026-04-17T09:48:31+00:00","description":"Exklusiver Bereich f\u00fcr Consultants: Produktdokumentationen, innovative und nachhaltige Konzepte sowie authentische Kundenstimmen.","breadcrumb":{"@id":"https:\/\/www.electroluxprofessional.com\/de-ch\/consultants\/#breadcrumb"},"inLanguage":"de-CH","potentialAction":[{"@type":"ReadAction","target":["https:\/\/www.electroluxprofessional.com\/de-ch\/consultants\/"]}]},{"@type":"BreadcrumbList","@id":"https:\/\/www.electroluxprofessional.com\/de-ch\/consultants\/#breadcrumb","itemListElement":[{"@type":"ListItem","position":1,"name":"Home","item":"https:\/\/www.electroluxprofessional.com\/de-ch\/"},{"@type":"ListItem","position":2,"name":"Consultants"}]},{"@type":"WebSite","@id":"https:\/\/www.electroluxprofessional.com\/de-ch\/#website","url":"https:\/\/www.electroluxprofessional.com\/de-ch\/","name":"Electrolux Professional Schweiz","description":"","potentialAction":[{"@type":"SearchAction","target":{"@type":"EntryPoint","urlTemplate":"https:\/\/www.electroluxprofessional.com\/de-ch\/?src={search_term_string}"},"query-input":"required name=search_term_string"}],"inLanguage":"de-CH"}]}},"_links":{"self":[{"href":"https:\/\/www.electroluxprofessional.com\/de-ch\/wp-json\/wp\/v2\/pages\/20709"}],"collection":[{"href":"https:\/\/www.electroluxprofessional.com\/de-ch\/wp-json\/wp\/v2\/pages"}],"about":[{"href":"https:\/\/www.electroluxprofessional.com\/de-ch\/wp-json\/wp\/v2\/types\/page"}],"author":[{"embeddable":true,"href":"https:\/\/www.electroluxprofessional.com\/de-ch\/wp-json\/wp\/v2\/users\/1"}],"replies":[{"embeddable":true,"href":"https:\/\/www.electroluxprofessional.com\/de-ch\/wp-json\/wp\/v2\/comments?post=20709"}],"version-history":[{"count":12,"href":"https:\/\/www.electroluxprofessional.com\/de-ch\/wp-json\/wp\/v2\/pages\/20709\/revisions"}],"predecessor-version":[{"id":20782,"href":"https:\/\/www.electroluxprofessional.com\/de-ch\/wp-json\/wp\/v2\/pages\/20709\/revisions\/20782"}],"wp:attachment":[{"href":"https:\/\/www.electroluxprofessional.com\/de-ch\/wp-json\/wp\/v2\/media?parent=20709"}],"curies":[{"name":"wp","href":"https:\/\/api.w.org\/{rel}","templated":true}]}}