{"id":18804,"date":"2025-08-07T09:01:37","date_gmt":"2025-08-07T09:01:37","guid":{"rendered":"https:\/\/www.electroluxprofessional.com\/de-ch\/?page_id=18804"},"modified":"2025-11-19T07:11:12","modified_gmt":"2025-11-19T07:11:12","slug":"igeho-2025","status":"publish","type":"page","link":"https:\/\/www.electroluxprofessional.com\/de-ch\/igeho-2025\/","title":{"rendered":"Electrolux Professional auf der Igeho 2025"},"content":{"rendered":"<p>[vc_row full_width=&#8221;electroluxpro-full-width-no-padding&#8221;][vc_column][elx_full_banner title=&#8221;Electrolux Professional auf der Igeho 2025&#8243; set_as_h1=&#8221;true&#8221; background_image_media_library=&#8221;18990&#8243; link=&#8221;url:%23contact|title:Kontaktieren%20Sie%20uns&#8221; background_image_media_library_mobile=&#8221;18988&#8243;][\/vc_column][\/vc_row][vc_row full_width=&#8221;electroluxpro-container-no-padding&#8221; disable_element=&#8221;yes&#8221; matched_labels=&#8221;&#8221; css=&#8221;.vc_custom_1763536092807{padding-top: 50px !important;padding-bottom: 50px !important;}&#8221;][vc_column width=&#8221;2\/3&#8243; css=&#8221;.vc_custom_1723562715687{padding-top: 30px !important;padding-bottom: 30px !important;}&#8221;][elx_image_block background_image=&#8221;18835&#8243; minimum_height=&#8221;575px&#8221;][\/vc_column][vc_column width=&#8221;1\/3&#8243;][vc_empty_space height=&#8221;75px&#8221; el_class=&#8221;space_between&#8221;][elx_simple_block text_color=&#8221;white&#8221; background_color=&#8221;electrolux-blue&#8221;][elx_heading text_color=&#8221;white&#8221; text_align=&#8221;text-left&#8221;]Erleben Sie die Grossk\u00fcchentechnik von Electrolux Professional auf der Igeho 2025[\/elx_heading][vc_column_text]\u25ab\ufe0f Neue Induktions-Technologie<br \/>\n\u25ab\ufe0f Cook&amp;Chill<br \/>\n\u25ab\ufe0f High Speed L\u00f6sungen<br \/>\n\u25ab\ufe0f Sp\u00fcltechnik<br \/>\n\u25ab\ufe0f K\u00fchltechnik<\/p>\n<p><span style=\"color: #d7b782;\"><strong>Halle 1.0, Stand B126<\/strong><\/span>[\/vc_column_text][\/elx_simple_block][\/vc_column][\/vc_row][vc_row disable_element=&#8221;yes&#8221; matched_labels=&#8221;&#8221;][vc_column][vc_column_text]<\/p>\n<h4 style=\"text-align: center;\">Sichern Sie sich einen kostenlosen Eintrittscode!<\/h4>\n<p>[\/vc_column_text][vc_empty_space height=&#8221;16px&#8221;][elx_button button_text=&#8221;Kostenlosen Eintrittscode anfragen&#8221; button_style=&#8221;secondary&#8221; button_display_block=&#8221;display_block_on&#8221; button_alignment=&#8221;align_center&#8221; button_link=&#8221;url:%23contact&#8221;][vc_empty_space][vc_empty_space][\/vc_column][\/vc_row][vc_row full_width=&#8221;electroluxpro-full-width-no-padding&#8221; disable_element=&#8221;yes&#8221; matched_labels=&#8221;&#8221;][vc_column][elx_hero_slider text_position=&#8221;hero_slider_text_align_right&#8221; text_color=&#8221;electrolux-blue&#8221; label_text_color=&#8221;white&#8221; background_colors=&#8221;background-blue&#8221; width_box=&#8221;col-md-12&#8243; images=&#8221;18929&#8243; extra_class=&#8221;background-banner&#8221;][elx_heading text_color=&#8221;white&#8221;]Kommen Sie zu unseren Demos und entdecken Sie die neue Induktions-Technologie live![\/elx_heading][vc_column_text]<span style=\"color: #ffffff;\">T\u00e4glich in <span style=\"color: #d7b782;\"><strong>Halle 1.0, Stand B126<\/strong> <\/span>um:<\/span><\/p>\n<p><span style=\"color: #ffffff;\"><strong>\u25ab\ufe0f 10:30 &#8211; 11:00 Uhr<br \/>\n\u25ab\ufe0f 12:30 &#8211; 13:00 Uhr<br \/>\n\u25ab\ufe0f 14:30 &#8211; 15:00 Uhr<br \/>\n<\/strong><\/span><\/p>\n<p><span style=\"color: #ffffff;\">Oder kommen Sie jederzeit f\u00fcr einen leckeren Snack aus unserem <strong>SpeeDelight High Speed Panini Grill<\/strong> oder dem <strong>GourmeXpress High Speed Ofen<\/strong> vorbei.<br \/>\nAuch <strong>SkyDuo<\/strong> wird durchgehend im Einsatz sein.\u00a0<\/span><\/p>\n<p><strong><span style=\"color: #d7b782;\">Wir freuen uns auf Sie!<\/span><\/strong>[\/vc_column_text][vc_empty_space height=&#8221;10px&#8221;][\/elx_hero_slider][\/vc_column][\/vc_row][vc_row full_width=&#8221;electroluxpro-container-no-padding&#8221; css=&#8221;.vc_custom_1724250555827{padding-top: 50px !important;padding-bottom: 50px !important;}&#8221;][vc_column width=&#8221;2\/3&#8243; css=&#8221;.vc_custom_1723562715687{padding-top: 30px !important;padding-bottom: 30px !important;}&#8221;][elx_image_block background_image=&#8221;18062&#8243; minimum_height=&#8221;575px&#8221;][\/vc_column][vc_column width=&#8221;1\/3&#8243;][vc_empty_space height=&#8221;75px&#8221; el_class=&#8221;space_between&#8221;][elx_simple_block text_color=&#8221;white&#8221; background_color=&#8221;electrolux-blue&#8221;][elx_heading text_color=&#8221;white&#8221;]Unsere Messeaktion[\/elx_heading][vc_column_text]<span style=\"color: #ffffff;\">\u25ab\ufe0f NeoBlue Touch Gl\u00e4ser- und Untertischsp\u00fclmaschine<\/span><br \/>\n<span style=\"color: #ffffff;\">\u25ab\ufe0f Inklusive Waschmittel-Starter-Set<\/span><br \/>\n<span style=\"color: #ffffff;\"><span style=\"color: #d7b782;\">\u25ab\ufe0f CHF 2&#8217;690.-<\/span><\/span><br \/>\n<span style=\"color: #ffffff;\">\u25ab\ufe0f G\u00fcltig: 15.11. &#8211; 31.12.2025<\/span><\/p>\n<p><img loading=\"lazy\" decoding=\"async\" class=\"alignnone wp-image-18977\" src=\"https:\/\/www.electroluxprofessional.com\/de-ch\/wp-content\/uploads\/2025\/09\/NeoBlue_Aktion_Igeho_2-300x253.png\" alt=\"\" width=\"450\" height=\"379\" srcset=\"https:\/\/www.electroluxprofessional.com\/de-ch\/wp-content\/uploads\/2025\/09\/NeoBlue_Aktion_Igeho_2-300x253.png 300w, https:\/\/www.electroluxprofessional.com\/de-ch\/wp-content\/uploads\/2025\/09\/NeoBlue_Aktion_Igeho_2-768x647.png 768w, https:\/\/www.electroluxprofessional.com\/de-ch\/wp-content\/uploads\/2025\/09\/NeoBlue_Aktion_Igeho_2.png 1000w\" sizes=\"(max-width: 450px) 100vw, 450px\" \/>[\/vc_column_text][elx_button button_text=&#8221;Zur Aktion&#8221; button_link=&#8221;url:https%3A%2F%2Fwww.electroluxprofessional.com%2Fde-ch%2Fneoblue-touch-messeaktion-2025-igeho%2F|target:_blank&#8221;][\/elx_simple_block][\/vc_column][\/vc_row][vc_row matched_labels=&#8221;&#8221; css=&#8221;.vc_custom_1763536004527{margin-top: 50px !important;margin-bottom: 50px !important;}&#8221;][vc_column][elx_heading font_size=&#8221;h1&#8243; text_color=&#8221;electrolux-blue&#8221; text_align=&#8221;text-center&#8221;]Sie haben uns auf der Igeho verpasst?<br \/>\nEntdecken Sie unsere Grossk\u00fcchentechnik:[\/elx_heading][vc_row_inner css=&#8221;.vc_custom_1723557507987{padding-bottom: 50px !important;}&#8221;][vc_column_inner][elx_triple_banner title_1=&#8221;Cook&amp;Chill L\u00f6sungen mit SkyLine&#8221; text_1=&#8221;&#8221; title_2=&#8221;thermaline Kochbl\u00f6cke&#8221; text_2=&#8221;&#8221; title_3=&#8221;XP Modulare Herdbl\u00f6cke&#8221; text_3=&#8221;&#8221; link_1=&#8221;url:https%3A%2F%2Fwww.electroluxprofessional.com%2Fde-ch%2Fkueche%2Fcook-chill%2F|title:Entdecken|target:_blank&#8221; link_2=&#8221;url:https%3A%2F%2Fwww.electroluxprofessional.com%2Fde-ch%2Fkueche%2Fthermaline-kochbloecke%2F|title:Entdecken|target:_blank&#8221; link_3=&#8221;url:https%3A%2F%2Fwww.electroluxprofessional.com%2Fde-ch%2Fkueche%2F900xp-700xp%2F|title:Entdecken|target:_blank&#8221; background_image_media_library_1=&#8221;18795&#8243; background_image_media_library_2=&#8221;18798&#8243; background_image_media_library_3=&#8221;18801&#8243;][elx_triple_banner title_1=&#8221;High Speed Ofen GourmeXpress&#8221; text_1=&#8221;&#8221; title_2=&#8221;SpeeDelight High Speed Snack-Grill&#8221; text_2=&#8221;&#8221; title_3=&#8221;Gl\u00e4ser- und Untertischsp\u00fclmaschine NeoBlue Touch&#8221; text_3=&#8221;&#8221; link_1=&#8221;url:https%3A%2F%2Fwww.electroluxprofessional.com%2Fde-ch%2Fkueche%2Fgourmexpress-high-speed-ofen%2F|title:Entdecken|target:_blank&#8221; link_2=&#8221;url:https%3A%2F%2Fwww.electroluxprofessional.com%2Fde-ch%2Fkueche%2Fspeedelight%2F|title:Entdecken|target:_blank&#8221; link_3=&#8221;url:https%3A%2F%2Fwww.electroluxprofessional.com%2Fde-ch%2Fkueche%2Fspueltechnik%2Fneoblue-touch-untertischspuelmaschine%2F|title:Entdecken|target:_blank&#8221; background_image_media_library_1=&#8221;18796&#8243; background_image_media_library_2=&#8221;18799&#8243; background_image_media_library_3=&#8221;18802&#8243;][elx_triple_banner title_1=&#8221;Koch- und Warmhaltel\u00f6sungen LiberoPro und LiberoLight&#8221; text_1=&#8221;&#8221; title_2=&#8221;K\u00fchltechnik&#8221; text_2=&#8221;&#8221; title_3=&#8221;Eisw\u00fcrfelbereiter&#8221; text_3=&#8221;&#8221; link_1=&#8221;url:https%3A%2F%2Fwww.electroluxprofessional.com%2Fde-ch%2Fkueche%2Fliberopro-and-liberolight%2F|title:Entdecken|target:_blank&#8221; link_2=&#8221;url:https%3A%2F%2Fwww.electroluxprofessional.com%2Fde-ch%2Fkueche%2Fkuehlschraenke%2F|title:Entdecken|target:_blank&#8221; link_3=&#8221;url:https%3A%2F%2Fwww.electroluxprofessional.com%2Fde-ch%2Fkueche%2Feiswuerfelbereiter%2F|title:Entdecken|target:_blank&#8221; background_image_media_library_1=&#8221;18803&#8243; background_image_media_library_2=&#8221;18872&#8243; background_image_media_library_3=&#8221;18886&#8243;][\/vc_column_inner][\/vc_row_inner][\/vc_column][\/vc_row][vc_row full_width=&#8221;electroluxpro-full-width-no-padding&#8221; content_placement=&#8221;middle&#8221; matched_labels=&#8221;&#8221; css=&#8221;.vc_custom_1763536011010{padding-top: 50px !important;padding-bottom: 50px !important;background-color: #e9eff5 !important;}&#8221; el_class=&#8221;background_row&#8221;][vc_column width=&#8221;1\/6&#8243;][vc_empty_space][\/vc_column][vc_column width=&#8221;2\/6&#8243; css=&#8221;.vc_custom_1755680758409{padding-top: 30px !important;}&#8221;][vc_single_image image=&#8221;13104&#8243; img_size=&#8221;medium&#8221; alignment=&#8221;right&#8221;][vc_empty_space height=&#8221;15px&#8221;][\/vc_column][vc_column width=&#8221;2\/6&#8243; css=&#8221;.vc_custom_1755680749885{padding-right: 15px !important;padding-left: 15px !important;}&#8221;][elx_heading font_container=&#8221;h3&#8243; font_size=&#8221;h1&#8243; text_color=&#8221;electrolux-blue&#8221; text_align=&#8221;text-left&#8221;]Oder entdecken Sie unsere Grossk\u00fcchentechnik in unserem Showroom in Sursee![\/elx_heading][vc_empty_space height=&#8221;30px&#8221;][elx_button button_text=&#8221;Mehr erfahren&#8221; button_style=&#8221;secondary-bordered&#8221; button_display_block=&#8221;display_block_on&#8221; button_alignment_mobile=&#8221;text-center-mobile&#8221; button_link=&#8221;url:https%3A%2F%2Fwww.electroluxprofessional.com%2Fde-ch%2Fueber-uns%2Fcenters-of-excellence%2F|target:_blank&#8221;][vc_empty_space height=&#8221;30px&#8221;][vc_empty_space height=&#8221;30px&#8221;][\/vc_column][vc_column width=&#8221;1\/6&#8243;][vc_empty_space][\/vc_column][\/vc_row][vc_row css=&#8221;.vc_custom_1733474084092{padding-top: 50px !important;padding-bottom: 50px !important;}&#8221; el_id=&#8221;contact&#8221;][vc_column][elx_heading font_size=&#8221;h1&#8243; text_color=&#8221;electrolux-blue&#8221; text_align=&#8221;text-center&#8221;]Kontaktieren Sie uns und erfahren Sie mehr \u00fcber unsere Grossk\u00fcchentechnik[\/elx_heading][vc_empty_space height=&#8221;20px&#8221;][elx_o2000_contact_us s=&#8221;Besuch auf der Igeho 2025&#8243; campaign=&#8221;701SX00000QFZOyYAP&#8221; flag_hide_request_type=&#8221;true&#8221; country=&#8221;Switzerland&#8221; b=&#8221;food&#8221;][vc_empty_space height=&#8221;20px&#8221;][\/vc_column][\/vc_row]<\/p>\n","protected":false},"excerpt":{"rendered":"<p>[vc_row full_width=&#8221;electroluxpro-full-width-no-padding&#8221;][vc_column][elx_full_banner title=&#8221;Electrolux Professional auf der Igeho 2025&#8243; set_as_h1=&#8221;true&#8221; background_image_media_library=&#8221;18990&#8243; link=&#8221;url:%23contact|title:Kontaktieren%20Sie%20uns&#8221; background_image_media_library_mobile=&#8221;18988&#8243;][\/vc_column][\/vc_row][vc_row full_width=&#8221;electroluxpro-container-no-padding&#8221; disable_element=&#8221;yes&#8221; matched_labels=&#8221;&#8221; css=&#8221;.vc_custom_1763536092807{padding-top: 50px !important;padding-bottom: 50px !important;}&#8221;][vc_column width=&#8221;2\/3&#8243; css=&#8221;.vc_custom_1723562715687{padding-top: 30px !important;padding-bottom: 30px !important;}&#8221;][elx_image_block background_image=&#8221;18835&#8243; minimum_height=&#8221;575px&#8221;][\/vc_column][vc_column width=&#8221;1\/3&#8243;][vc_empty_space height=&#8221;75px&#8221; el_class=&#8221;space_between&#8221;][elx_simple_block text_color=&#8221;white&#8221; background_color=&#8221;electrolux-blue&#8221;][elx_heading text_color=&#8221;white&#8221; text_align=&#8221;text-left&#8221;]Erleben Sie die Grossk\u00fcchentechnik von Electrolux Professional auf der Igeho 2025[\/elx_heading][vc_column_text]\u25ab\ufe0f Neue Induktions-Technologie \u25ab\ufe0f Cook&amp;Chill \u25ab\ufe0f High Speed L\u00f6sungen \u25ab\ufe0f Sp\u00fcltechnik [&hellip;]<\/p>\n","protected":false},"author":209,"featured_media":0,"parent":0,"menu_order":0,"comment_status":"closed","ping_status":"closed","template":"","meta":{"footnotes":""},"class_list":["post-18804","page","type-page","status-publish","hentry"],"acf":[],"yoast_head":"<!-- This site is optimized with the Yoast SEO plugin v23.3 - https:\/\/yoast.com\/wordpress\/plugins\/seo\/ -->\n<title>Electrolux Professional auf der Igeho 2025 - Electrolux Professional Schweiz<\/title>\n<meta name=\"description\" content=\"Venez tester les \u00e9quipements de votre future cuisine lors du SIRHA du 23 au 27 janvier 2025 \u00e0 Lyon !\" \/>\n<meta name=\"robots\" content=\"index, follow, max-snippet:-1, max-image-preview:large, max-video-preview:-1\" \/>\n<link rel=\"canonical\" href=\"https:\/\/www.electroluxprofessional.com\/de-ch\/igeho-2025\/\" \/>\n<meta property=\"og:locale\" content=\"de_DE\" \/>\n<meta property=\"og:type\" content=\"article\" \/>\n<meta property=\"og:title\" content=\"Sirha 2025\" \/>\n<meta property=\"og:description\" content=\"Venez tester les \u00e9quipements de votre future cuisine lors du SIRHA du 23 au 27 janvier 2025 \u00e0 Lyon !\" \/>\n<meta property=\"og:url\" content=\"https:\/\/www.electroluxprofessional.com\/de-ch\/igeho-2025\/\" \/>\n<meta property=\"og:site_name\" content=\"Electrolux Professional Schweiz\" \/>\n<meta property=\"article:modified_time\" content=\"2025-11-19T07:11:12+00:00\" \/>\n<meta name=\"twitter:card\" content=\"summary_large_image\" \/>\n<meta name=\"twitter:image\" content=\"https:\/\/www.electroluxprofessional.com\/de-ch\/wp-content\/uploads\/2025\/09\/NeoBlue_Aktion_Igeho_2.png\" \/>\n<meta name=\"twitter:label1\" content=\"Gesch\u00e4tzte Lesezeit\" \/>\n\t<meta name=\"twitter:data1\" content=\"3 Minuten\" \/>\n<script type=\"application\/ld+json\" class=\"yoast-schema-graph\">{\"@context\":\"https:\/\/schema.org\",\"@graph\":[{\"@type\":\"WebPage\",\"@id\":\"https:\/\/www.electroluxprofessional.com\/de-ch\/igeho-2025\/\",\"url\":\"https:\/\/www.electroluxprofessional.com\/de-ch\/igeho-2025\/\",\"name\":\"Electrolux Professional auf der Igeho 2025 - Electrolux Professional Schweiz\",\"isPartOf\":{\"@id\":\"https:\/\/www.electroluxprofessional.com\/de-ch\/#website\"},\"primaryImageOfPage\":{\"@id\":\"https:\/\/www.electroluxprofessional.com\/de-ch\/igeho-2025\/#primaryimage\"},\"image\":{\"@id\":\"https:\/\/www.electroluxprofessional.com\/de-ch\/igeho-2025\/#primaryimage\"},\"thumbnailUrl\":\"https:\/\/www.electroluxprofessional.com\/de-ch\/wp-content\/uploads\/2025\/09\/NeoBlue_Aktion_Igeho_2-300x253.png\",\"datePublished\":\"2025-08-07T09:01:37+00:00\",\"dateModified\":\"2025-11-19T07:11:12+00:00\",\"description\":\"Venez tester les \u00e9quipements de votre future cuisine lors du SIRHA du 23 au 27 janvier 2025 \u00e0 Lyon !\",\"breadcrumb\":{\"@id\":\"https:\/\/www.electroluxprofessional.com\/de-ch\/igeho-2025\/#breadcrumb\"},\"inLanguage\":\"de-CH\",\"potentialAction\":[{\"@type\":\"ReadAction\",\"target\":[\"https:\/\/www.electroluxprofessional.com\/de-ch\/igeho-2025\/\"]}]},{\"@type\":\"ImageObject\",\"inLanguage\":\"de-CH\",\"@id\":\"https:\/\/www.electroluxprofessional.com\/de-ch\/igeho-2025\/#primaryimage\",\"url\":\"https:\/\/www.electroluxprofessional.com\/de-ch\/wp-content\/uploads\/2025\/09\/NeoBlue_Aktion_Igeho_2.png\",\"contentUrl\":\"https:\/\/www.electroluxprofessional.com\/de-ch\/wp-content\/uploads\/2025\/09\/NeoBlue_Aktion_Igeho_2.png\",\"width\":1000,\"height\":843},{\"@type\":\"BreadcrumbList\",\"@id\":\"https:\/\/www.electroluxprofessional.com\/de-ch\/igeho-2025\/#breadcrumb\",\"itemListElement\":[{\"@type\":\"ListItem\",\"position\":1,\"name\":\"Home\",\"item\":\"https:\/\/www.electroluxprofessional.com\/de-ch\/\"},{\"@type\":\"ListItem\",\"position\":2,\"name\":\"Electrolux Professional auf der Igeho 2025\"}]},{\"@type\":\"WebSite\",\"@id\":\"https:\/\/www.electroluxprofessional.com\/de-ch\/#website\",\"url\":\"https:\/\/www.electroluxprofessional.com\/de-ch\/\",\"name\":\"Electrolux Professional Schweiz\",\"description\":\"\",\"potentialAction\":[{\"@type\":\"SearchAction\",\"target\":{\"@type\":\"EntryPoint\",\"urlTemplate\":\"https:\/\/www.electroluxprofessional.com\/de-ch\/?src={search_term_string}\"},\"query-input\":\"required name=search_term_string\"}],\"inLanguage\":\"de-CH\"}]}<\/script>\n<!-- \/ Yoast SEO plugin. -->","yoast_head_json":{"title":"Electrolux Professional auf der Igeho 2025 - Electrolux Professional Schweiz","description":"Venez tester les \u00e9quipements de votre future cuisine lors du SIRHA du 23 au 27 janvier 2025 \u00e0 Lyon !","robots":{"index":"index","follow":"follow","max-snippet":"max-snippet:-1","max-image-preview":"max-image-preview:large","max-video-preview":"max-video-preview:-1"},"canonical":"https:\/\/www.electroluxprofessional.com\/de-ch\/igeho-2025\/","og_locale":"de_DE","og_type":"article","og_title":"Sirha 2025","og_description":"Venez tester les \u00e9quipements de votre future cuisine lors du SIRHA du 23 au 27 janvier 2025 \u00e0 Lyon !","og_url":"https:\/\/www.electroluxprofessional.com\/de-ch\/igeho-2025\/","og_site_name":"Electrolux Professional Schweiz","article_modified_time":"2025-11-19T07:11:12+00:00","twitter_card":"summary_large_image","twitter_image":"https:\/\/www.electroluxprofessional.com\/de-ch\/wp-content\/uploads\/2025\/09\/NeoBlue_Aktion_Igeho_2.png","twitter_misc":{"Gesch\u00e4tzte Lesezeit":"3 Minuten"},"schema":{"@context":"https:\/\/schema.org","@graph":[{"@type":"WebPage","@id":"https:\/\/www.electroluxprofessional.com\/de-ch\/igeho-2025\/","url":"https:\/\/www.electroluxprofessional.com\/de-ch\/igeho-2025\/","name":"Electrolux Professional auf der Igeho 2025 - Electrolux Professional Schweiz","isPartOf":{"@id":"https:\/\/www.electroluxprofessional.com\/de-ch\/#website"},"primaryImageOfPage":{"@id":"https:\/\/www.electroluxprofessional.com\/de-ch\/igeho-2025\/#primaryimage"},"image":{"@id":"https:\/\/www.electroluxprofessional.com\/de-ch\/igeho-2025\/#primaryimage"},"thumbnailUrl":"https:\/\/www.electroluxprofessional.com\/de-ch\/wp-content\/uploads\/2025\/09\/NeoBlue_Aktion_Igeho_2-300x253.png","datePublished":"2025-08-07T09:01:37+00:00","dateModified":"2025-11-19T07:11:12+00:00","description":"Venez tester les \u00e9quipements de votre future cuisine lors du SIRHA du 23 au 27 janvier 2025 \u00e0 Lyon !","breadcrumb":{"@id":"https:\/\/www.electroluxprofessional.com\/de-ch\/igeho-2025\/#breadcrumb"},"inLanguage":"de-CH","potentialAction":[{"@type":"ReadAction","target":["https:\/\/www.electroluxprofessional.com\/de-ch\/igeho-2025\/"]}]},{"@type":"ImageObject","inLanguage":"de-CH","@id":"https:\/\/www.electroluxprofessional.com\/de-ch\/igeho-2025\/#primaryimage","url":"https:\/\/www.electroluxprofessional.com\/de-ch\/wp-content\/uploads\/2025\/09\/NeoBlue_Aktion_Igeho_2.png","contentUrl":"https:\/\/www.electroluxprofessional.com\/de-ch\/wp-content\/uploads\/2025\/09\/NeoBlue_Aktion_Igeho_2.png","width":1000,"height":843},{"@type":"BreadcrumbList","@id":"https:\/\/www.electroluxprofessional.com\/de-ch\/igeho-2025\/#breadcrumb","itemListElement":[{"@type":"ListItem","position":1,"name":"Home","item":"https:\/\/www.electroluxprofessional.com\/de-ch\/"},{"@type":"ListItem","position":2,"name":"Electrolux Professional auf der Igeho 2025"}]},{"@type":"WebSite","@id":"https:\/\/www.electroluxprofessional.com\/de-ch\/#website","url":"https:\/\/www.electroluxprofessional.com\/de-ch\/","name":"Electrolux Professional Schweiz","description":"","potentialAction":[{"@type":"SearchAction","target":{"@type":"EntryPoint","urlTemplate":"https:\/\/www.electroluxprofessional.com\/de-ch\/?src={search_term_string}"},"query-input":"required name=search_term_string"}],"inLanguage":"de-CH"}]}},"_links":{"self":[{"href":"https:\/\/www.electroluxprofessional.com\/de-ch\/wp-json\/wp\/v2\/pages\/18804"}],"collection":[{"href":"https:\/\/www.electroluxprofessional.com\/de-ch\/wp-json\/wp\/v2\/pages"}],"about":[{"href":"https:\/\/www.electroluxprofessional.com\/de-ch\/wp-json\/wp\/v2\/types\/page"}],"author":[{"embeddable":true,"href":"https:\/\/www.electroluxprofessional.com\/de-ch\/wp-json\/wp\/v2\/users\/209"}],"replies":[{"embeddable":true,"href":"https:\/\/www.electroluxprofessional.com\/de-ch\/wp-json\/wp\/v2\/comments?post=18804"}],"version-history":[{"count":52,"href":"https:\/\/www.electroluxprofessional.com\/de-ch\/wp-json\/wp\/v2\/pages\/18804\/revisions"}],"predecessor-version":[{"id":19256,"href":"https:\/\/www.electroluxprofessional.com\/de-ch\/wp-json\/wp\/v2\/pages\/18804\/revisions\/19256"}],"wp:attachment":[{"href":"https:\/\/www.electroluxprofessional.com\/de-ch\/wp-json\/wp\/v2\/media?parent=18804"}],"curies":[{"name":"wp","href":"https:\/\/api.w.org\/{rel}","templated":true}]}}