{"id":18335,"date":"2025-05-21T13:22:38","date_gmt":"2025-05-21T13:22:38","guid":{"rendered":"https:\/\/www.electroluxprofessional.com\/de-ch\/?page_id=18335"},"modified":"2025-06-02T05:42:04","modified_gmt":"2025-06-02T05:42:04","slug":"gourmexpress-aktion-2025","status":"publish","type":"page","link":"https:\/\/www.electroluxprofessional.com\/de-ch\/gourmexpress-aktion-2025\/","title":{"rendered":"GourmeXpress Aktion Schweiz 2025"},"content":{"rendered":"<p>[vc_row full_width=&#8221;electroluxpro-full-width-no-padding&#8221;][vc_column content_position=&#8221;center&#8221;][vc_single_image image=&#8221;18369&#8243; img_size=&#8221;1920&#215;500&#8243; alignment=&#8221;center&#8221;][vc_empty_space][\/vc_column][\/vc_row][vc_row full_width=&#8221;electroluxpro-container-no-padding&#8221;][vc_column][elx_text_image tag_title=&#8221;h1&#8243; class_title=&#8221;h1&#8243; style_image=&#8221;image_square&#8221; button_style=&#8221;secondary-bordered&#8221; columns_proportion=&#8221;three_fifth&#8221; bg_row=&#8221;bg-download-white&#8221; title=&#8221;Sichern Sie sich Ihren GourmeXpress zum Aktionspreis*!&#8221; lists=&#8221;%5B%7B%7D%5D&#8221; values=&#8221;%5B%7B%7D%5D&#8221; link=&#8221;url:%23contact_us|title:Kontaktieren%20Sie%20uns&#8221; single_image=&#8221;18347&#8243; note=&#8221;*Nur g\u00fcltig f\u00fcr Kunden aus der Schweiz im Aktionszeitraum 01.06.-31.12.2025.&#8221;]<\/p>\n<h2 id=\"tw-target-text\" class=\"tw-data-text tw-text-large tw-ta\" dir=\"ltr\" data-placeholder=\"\u00dcbersetzung\">High Speed f\u00fcr Ihr To-go-Gesch\u00e4ft<\/h2>\n<p class=\"tw-data-text tw-text-large tw-ta\" dir=\"ltr\" data-placeholder=\"\u00dcbersetzung\">Das<strong> To-go-Gesch\u00e4ft<\/strong> boomt. Kunden w\u00fcnschen frische Snacks, die lecker und appetitlich in k\u00fcrzester Zeit und ohne lange Wartezeit verzehrbereit sind. Der GourmeXpress ist eine schnelle und einfach zu bedienende L\u00f6sung, die einen schnellen Service sicherstellt.<br \/>\nEr ben\u00f6tigt kaum Platz, keinen Wasseranschluss und keine Ablufthaube.<br \/>\nEntdecken Sie die vielseitige Kombination von <strong>drei Erhitzungsmethoden<\/strong>: Heissluft, hohe Luftgeschwindigkeit und Mikrowelle \u2013 perfekt zum Braten, Grillen und Aufw\u00e4rmen.<\/p>\n<p>[\/elx_text_image][elx_button button_text=&#8221;Erfahren Sie mehr \u00fcber den GourmeXpress&#8221; button_style=&#8221;secondary&#8221; button_link=&#8221;url:https%3A%2F%2Fwww.electroluxprofessional.com%2Fde-ch%2Fgourmexpress-high-speed-ofen%2F|target:_blank&#8221;][\/vc_column][\/vc_row][vc_row full_width=&#8221;electroluxpro-full-width-no-padding&#8221;][vc_column][vc_empty_space][elx_features_download title=&#8221;&#8221; tag_title=&#8221;h2&#8243; class_title=&#8221;h2&#8243; title_download=&#8221;Herunterladen&#8221; bg_download_color=&#8221;bg-download-white&#8221; link_download_color=&#8221;download-text-blue&#8221; title_discover=&#8221;Mehr erfahren&#8221; bg_discover_color=&#8221;bg-download-white&#8221; link_discover_color=&#8221;download-text-blue&#8221; bg_row=&#8221;bg-download-blue&#8221; color_text_row=&#8221;text-white&#8221; values=&#8221;%5B%7B%22select_type%22%3A%22link%22%2C%22link_download%22%3A%22url%3Ahttps%253A%252F%252Fwww.electroluxprofessional.com%252Fde-ch%252Fwp-content%252Fuploads%252F2025%252F05%252F25031_EPR_Aktionsflyer-GourmeXpress.pdf%7Ctitle%3AAktionsflyer%2520GourmeXpress%7Ctarget%3A_blank%22%2C%22label_pride_document%22%3A%22GourmeXpress%20Flyer%22%2C%22document_type%22%3A%22leaflets%22%7D%5D&#8221; discover=&#8221;%5B%7B%22link_discover%22%3A%22url%3Ahttps%253A%252F%252Fwww.electroluxprofessional.com%252Fde-ch%252Fgourmexpress-high-speed-ofen%252F%7Ctitle%3AGourmeXpress%2520Produktinfo%7Ctarget%3A_blank%22%7D%2C%7B%22link_discover%22%3A%22url%3Ahttps%253A%252F%252Ftools.electroluxprofessional.com%252FMirror%252FDoc%252FMAD2%252FElectrolux%252520Professional%252FGerman%252F603955_GourmeXpress%252520High%252520Speed%252520Oven%252C%252520black%252520230V-50Hz%252520(Schuko%252520Plug)_German.pdf%253Fversion%253D1748265386%7Ctitle%3ATechnisches%2520Datenblatt%7Ctarget%3A_blank%22%7D%5D&#8221; features=&#8221;%5B%7B%22icon_electroluxpro%22%3A%22elx-icon%20icon-circle-productivity-liberopro-white%22%2C%22title_icon%22%3A%22%3Ch3%3ESchnelles%20Garen%3C%2Fh3%3E%22%2C%22text_icon%22%3A%22mit%20qualitativ%20hochwertigen%20Ergebnissen%22%7D%2C%7B%22icon_electroluxpro%22%3A%22elx-icon%20icon-circle-easy-white%22%2C%22title_icon%22%3A%22%3Ch3%3EVielseitigkeit%3C%2Fh3%3E%22%2C%22text_icon%22%3A%22eine%20grosse%20Vielzahl%20an%20Lebensmitteln%20zu%20kreieren%22%7D%2C%7B%22icon_electroluxpro%22%3A%22elx-icon%20icon-circle-flexibility-white%22%2C%22title_icon%22%3A%22%3Ch3%3EEinfache%20Bedienung%3C%2Fh3%3E%22%2C%22text_icon%22%3A%22der%20Kochprogramme%20und%20Reinigungsabl%C3%A4ufe%5Cn%22%7D%5D&#8221;][\/elx_features_download][vc_empty_space][\/vc_column][\/vc_row][vc_row el_id=&#8221;contact_us&#8221;][vc_column][vc_empty_space][vc_column_text]<\/p>\n<h3 style=\"text-align: center;\">F\u00fcllen Sie gerne das <a href=\"https:\/\/www.electroluxprofessional.com\/de-ch\/wp-content\/uploads\/2025\/05\/25031_EPR_Aktionsflyer-GourmeXpress.pdf\" target=\"_blank\" rel=\"noopener\">Bestellformular<\/a> aus und senden Sie es an <a href=\"mailto:info.ch@electroluxprofessional.com\">info.ch@electroluxprofessional.com<\/a>.<\/h3>\n<p>[\/vc_column_text][vc_empty_space][vc_column_text]<\/p>\n<h3 style=\"text-align: center;\">Oder kontaktieren Sie uns, um mehr Informationen \u00fcber den<br \/>\nGourmeXpress High Speed Ofen zu erfahren.<\/h3>\n<p>[\/vc_column_text][vc_empty_space][elx_o2000_contact_us s=&#8221;Kontaktanfrage von der Website (GourmeXpress, High Speed Ofen)&#8221; campaign=&#8221;701SX00000M5sUbYAJ&#8221; flag_hide_request_type=&#8221;true&#8221; country=&#8221;Switzerland&#8221; b=&#8221;food&#8221; r=&#8221;Ich w\u00fcrde gerne mehr \u00fcber den GourmeXpress High Speed Ofen erfahren. Bitte nehmen Sie Kontakt mit mir auf.&#8221;][vc_empty_space][vc_empty_space][\/vc_column][\/vc_row]<\/p>\n","protected":false},"excerpt":{"rendered":"<p>[vc_row full_width=&#8221;electroluxpro-full-width-no-padding&#8221;][vc_column content_position=&#8221;center&#8221;][vc_single_image image=&#8221;18369&#8243; img_size=&#8221;1920&#215;500&#8243; alignment=&#8221;center&#8221;][vc_empty_space][\/vc_column][\/vc_row][vc_row full_width=&#8221;electroluxpro-container-no-padding&#8221;][vc_column][elx_text_image tag_title=&#8221;h1&#8243; class_title=&#8221;h1&#8243; style_image=&#8221;image_square&#8221; button_style=&#8221;secondary-bordered&#8221; columns_proportion=&#8221;three_fifth&#8221; bg_row=&#8221;bg-download-white&#8221; title=&#8221;Sichern Sie sich Ihren GourmeXpress zum Aktionspreis*!&#8221; lists=&#8221;%5B%7B%7D%5D&#8221; values=&#8221;%5B%7B%7D%5D&#8221; link=&#8221;url:%23contact_us|title:Kontaktieren%20Sie%20uns&#8221; single_image=&#8221;18347&#8243; note=&#8221;*Nur g\u00fcltig f\u00fcr Kunden aus der Schweiz im Aktionszeitraum 01.06.-31.12.2025.&#8221;] High Speed f\u00fcr Ihr To-go-Gesch\u00e4ft Das To-go-Gesch\u00e4ft boomt. Kunden w\u00fcnschen frische Snacks, die lecker und appetitlich in k\u00fcrzester Zeit und ohne [&hellip;]<\/p>\n","protected":false},"author":209,"featured_media":14799,"parent":0,"menu_order":0,"comment_status":"closed","ping_status":"closed","template":"","meta":{"footnotes":""},"class_list":["post-18335","page","type-page","status-publish","has-post-thumbnail","hentry"],"acf":[],"yoast_head":"<!-- This site is optimized with the Yoast SEO plugin v23.3 - https:\/\/yoast.com\/wordpress\/plugins\/seo\/ -->\n<title>High Speed Ofen GourmeXpress | Electrolux Professional<\/title>\n<meta name=\"description\" content=\"Mit dem professionellen GourmeXpress High Speed Ofen k\u00f6nnen Sie k\u00f6stliche Speisen schnell und einfach servieren.\" \/>\n<meta name=\"robots\" content=\"index, follow, max-snippet:-1, max-image-preview:large, max-video-preview:-1\" \/>\n<link rel=\"canonical\" href=\"https:\/\/www.electroluxprofessional.com\/de-ch\/gourmexpress-aktion-2025\/\" \/>\n<meta property=\"og:locale\" content=\"de_DE\" \/>\n<meta property=\"og:type\" content=\"article\" \/>\n<meta property=\"og:title\" content=\"High Speed Ofen GourmeXpress | Electrolux Professional\" \/>\n<meta property=\"og:description\" content=\"Mit dem professionellen GourmeXpress High Speed Ofen k\u00f6nnen Sie k\u00f6stliche Speisen schnell und einfach servieren.\" \/>\n<meta property=\"og:url\" content=\"https:\/\/www.electroluxprofessional.com\/de-ch\/gourmexpress-aktion-2025\/\" \/>\n<meta property=\"og:site_name\" content=\"Electrolux Professional Schweiz\" \/>\n<meta property=\"article:modified_time\" content=\"2025-06-02T05:42:04+00:00\" \/>\n<meta property=\"og:image\" content=\"https:\/\/www.electroluxprofessional.com\/de-ch\/wp-content\/uploads\/2023\/07\/GourmeXpress-966x712-1.jpg\" \/>\n\t<meta property=\"og:image:width\" content=\"966\" \/>\n\t<meta property=\"og:image:height\" content=\"712\" \/>\n\t<meta property=\"og:image:type\" content=\"image\/jpeg\" \/>\n<meta name=\"twitter:card\" content=\"summary_large_image\" \/>\n<meta name=\"twitter:label1\" content=\"Gesch\u00e4tzte Lesezeit\" \/>\n\t<meta name=\"twitter:data1\" content=\"2 Minuten\" \/>\n<script type=\"application\/ld+json\" class=\"yoast-schema-graph\">{\"@context\":\"https:\/\/schema.org\",\"@graph\":[{\"@type\":\"WebPage\",\"@id\":\"https:\/\/www.electroluxprofessional.com\/de-ch\/gourmexpress-aktion-2025\/\",\"url\":\"https:\/\/www.electroluxprofessional.com\/de-ch\/gourmexpress-aktion-2025\/\",\"name\":\"High Speed Ofen GourmeXpress | Electrolux Professional\",\"isPartOf\":{\"@id\":\"https:\/\/www.electroluxprofessional.com\/de-ch\/#website\"},\"primaryImageOfPage\":{\"@id\":\"https:\/\/www.electroluxprofessional.com\/de-ch\/gourmexpress-aktion-2025\/#primaryimage\"},\"image\":{\"@id\":\"https:\/\/www.electroluxprofessional.com\/de-ch\/gourmexpress-aktion-2025\/#primaryimage\"},\"thumbnailUrl\":\"https:\/\/www.electroluxprofessional.com\/de-ch\/wp-content\/uploads\/2023\/07\/GourmeXpress-966x712-1.jpg\",\"datePublished\":\"2025-05-21T13:22:38+00:00\",\"dateModified\":\"2025-06-02T05:42:04+00:00\",\"description\":\"Mit dem professionellen GourmeXpress High Speed Ofen k\u00f6nnen Sie k\u00f6stliche Speisen schnell und einfach servieren.\",\"breadcrumb\":{\"@id\":\"https:\/\/www.electroluxprofessional.com\/de-ch\/gourmexpress-aktion-2025\/#breadcrumb\"},\"inLanguage\":\"de-CH\",\"potentialAction\":[{\"@type\":\"ReadAction\",\"target\":[\"https:\/\/www.electroluxprofessional.com\/de-ch\/gourmexpress-aktion-2025\/\"]}]},{\"@type\":\"ImageObject\",\"inLanguage\":\"de-CH\",\"@id\":\"https:\/\/www.electroluxprofessional.com\/de-ch\/gourmexpress-aktion-2025\/#primaryimage\",\"url\":\"https:\/\/www.electroluxprofessional.com\/de-ch\/wp-content\/uploads\/2023\/07\/GourmeXpress-966x712-1.jpg\",\"contentUrl\":\"https:\/\/www.electroluxprofessional.com\/de-ch\/wp-content\/uploads\/2023\/07\/GourmeXpress-966x712-1.jpg\",\"width\":966,\"height\":712,\"caption\":\"GourmeXpress High Speed Ofen von Electrolux Professional\"},{\"@type\":\"BreadcrumbList\",\"@id\":\"https:\/\/www.electroluxprofessional.com\/de-ch\/gourmexpress-aktion-2025\/#breadcrumb\",\"itemListElement\":[{\"@type\":\"ListItem\",\"position\":1,\"name\":\"Home\",\"item\":\"https:\/\/www.electroluxprofessional.com\/de-ch\/\"},{\"@type\":\"ListItem\",\"position\":2,\"name\":\"GourmeXpress Aktion Schweiz 2025\"}]},{\"@type\":\"WebSite\",\"@id\":\"https:\/\/www.electroluxprofessional.com\/de-ch\/#website\",\"url\":\"https:\/\/www.electroluxprofessional.com\/de-ch\/\",\"name\":\"Electrolux Professional Schweiz\",\"description\":\"\",\"potentialAction\":[{\"@type\":\"SearchAction\",\"target\":{\"@type\":\"EntryPoint\",\"urlTemplate\":\"https:\/\/www.electroluxprofessional.com\/de-ch\/?src={search_term_string}\"},\"query-input\":\"required name=search_term_string\"}],\"inLanguage\":\"de-CH\"}]}<\/script>\n<!-- \/ Yoast SEO plugin. -->","yoast_head_json":{"title":"High Speed Ofen GourmeXpress | Electrolux Professional","description":"Mit dem professionellen GourmeXpress High Speed Ofen k\u00f6nnen Sie k\u00f6stliche Speisen schnell und einfach servieren.","robots":{"index":"index","follow":"follow","max-snippet":"max-snippet:-1","max-image-preview":"max-image-preview:large","max-video-preview":"max-video-preview:-1"},"canonical":"https:\/\/www.electroluxprofessional.com\/de-ch\/gourmexpress-aktion-2025\/","og_locale":"de_DE","og_type":"article","og_title":"High Speed Ofen GourmeXpress | Electrolux Professional","og_description":"Mit dem professionellen GourmeXpress High Speed Ofen k\u00f6nnen Sie k\u00f6stliche Speisen schnell und einfach servieren.","og_url":"https:\/\/www.electroluxprofessional.com\/de-ch\/gourmexpress-aktion-2025\/","og_site_name":"Electrolux Professional Schweiz","article_modified_time":"2025-06-02T05:42:04+00:00","og_image":[{"width":966,"height":712,"url":"https:\/\/www.electroluxprofessional.com\/de-ch\/wp-content\/uploads\/2023\/07\/GourmeXpress-966x712-1.jpg","type":"image\/jpeg"}],"twitter_card":"summary_large_image","twitter_misc":{"Gesch\u00e4tzte Lesezeit":"2 Minuten"},"schema":{"@context":"https:\/\/schema.org","@graph":[{"@type":"WebPage","@id":"https:\/\/www.electroluxprofessional.com\/de-ch\/gourmexpress-aktion-2025\/","url":"https:\/\/www.electroluxprofessional.com\/de-ch\/gourmexpress-aktion-2025\/","name":"High Speed Ofen GourmeXpress | Electrolux Professional","isPartOf":{"@id":"https:\/\/www.electroluxprofessional.com\/de-ch\/#website"},"primaryImageOfPage":{"@id":"https:\/\/www.electroluxprofessional.com\/de-ch\/gourmexpress-aktion-2025\/#primaryimage"},"image":{"@id":"https:\/\/www.electroluxprofessional.com\/de-ch\/gourmexpress-aktion-2025\/#primaryimage"},"thumbnailUrl":"https:\/\/www.electroluxprofessional.com\/de-ch\/wp-content\/uploads\/2023\/07\/GourmeXpress-966x712-1.jpg","datePublished":"2025-05-21T13:22:38+00:00","dateModified":"2025-06-02T05:42:04+00:00","description":"Mit dem professionellen GourmeXpress High Speed Ofen k\u00f6nnen Sie k\u00f6stliche Speisen schnell und einfach servieren.","breadcrumb":{"@id":"https:\/\/www.electroluxprofessional.com\/de-ch\/gourmexpress-aktion-2025\/#breadcrumb"},"inLanguage":"de-CH","potentialAction":[{"@type":"ReadAction","target":["https:\/\/www.electroluxprofessional.com\/de-ch\/gourmexpress-aktion-2025\/"]}]},{"@type":"ImageObject","inLanguage":"de-CH","@id":"https:\/\/www.electroluxprofessional.com\/de-ch\/gourmexpress-aktion-2025\/#primaryimage","url":"https:\/\/www.electroluxprofessional.com\/de-ch\/wp-content\/uploads\/2023\/07\/GourmeXpress-966x712-1.jpg","contentUrl":"https:\/\/www.electroluxprofessional.com\/de-ch\/wp-content\/uploads\/2023\/07\/GourmeXpress-966x712-1.jpg","width":966,"height":712,"caption":"GourmeXpress High Speed Ofen von Electrolux Professional"},{"@type":"BreadcrumbList","@id":"https:\/\/www.electroluxprofessional.com\/de-ch\/gourmexpress-aktion-2025\/#breadcrumb","itemListElement":[{"@type":"ListItem","position":1,"name":"Home","item":"https:\/\/www.electroluxprofessional.com\/de-ch\/"},{"@type":"ListItem","position":2,"name":"GourmeXpress Aktion Schweiz 2025"}]},{"@type":"WebSite","@id":"https:\/\/www.electroluxprofessional.com\/de-ch\/#website","url":"https:\/\/www.electroluxprofessional.com\/de-ch\/","name":"Electrolux Professional Schweiz","description":"","potentialAction":[{"@type":"SearchAction","target":{"@type":"EntryPoint","urlTemplate":"https:\/\/www.electroluxprofessional.com\/de-ch\/?src={search_term_string}"},"query-input":"required name=search_term_string"}],"inLanguage":"de-CH"}]}},"_links":{"self":[{"href":"https:\/\/www.electroluxprofessional.com\/de-ch\/wp-json\/wp\/v2\/pages\/18335"}],"collection":[{"href":"https:\/\/www.electroluxprofessional.com\/de-ch\/wp-json\/wp\/v2\/pages"}],"about":[{"href":"https:\/\/www.electroluxprofessional.com\/de-ch\/wp-json\/wp\/v2\/types\/page"}],"author":[{"embeddable":true,"href":"https:\/\/www.electroluxprofessional.com\/de-ch\/wp-json\/wp\/v2\/users\/209"}],"replies":[{"embeddable":true,"href":"https:\/\/www.electroluxprofessional.com\/de-ch\/wp-json\/wp\/v2\/comments?post=18335"}],"version-history":[{"count":28,"href":"https:\/\/www.electroluxprofessional.com\/de-ch\/wp-json\/wp\/v2\/pages\/18335\/revisions"}],"predecessor-version":[{"id":18397,"href":"https:\/\/www.electroluxprofessional.com\/de-ch\/wp-json\/wp\/v2\/pages\/18335\/revisions\/18397"}],"wp:featuredmedia":[{"embeddable":true,"href":"https:\/\/www.electroluxprofessional.com\/de-ch\/wp-json\/wp\/v2\/media\/14799"}],"wp:attachment":[{"href":"https:\/\/www.electroluxprofessional.com\/de-ch\/wp-json\/wp\/v2\/media?parent=18335"}],"curies":[{"name":"wp","href":"https:\/\/api.w.org\/{rel}","templated":true}]}}