{"id":1775,"date":"2017-02-22T11:45:40","date_gmt":"2017-02-22T11:45:40","guid":{"rendered":"https:\/\/www.electroluxprofessional.com\/?page_id=9796"},"modified":"2018-01-10T15:38:00","modified_gmt":"2018-01-10T15:38:00","slug":"land-und-sprache","status":"publish","type":"page","link":"https:\/\/www.electroluxprofessional.com\/de-ch\/land-und-sprache\/","title":{"rendered":"Land und Sprache"},"content":{"rendered":"<p>[vc_row full_width=&#8221;electroluxpro-full-width-no-padding&#8221;][vc_column][elx_hero_title label=&#8221;&#8221; background_image=&#8221;637&#8243;][elx_heading font_container=&#8221;h1&#8243; font_size=&#8221;h3&#8243; text_color=&#8221;white&#8221;]Land und Sprache \u00e4ndern[\/elx_heading][\/elx_hero_title][\/vc_column][\/vc_row][vc_row][vc_column][vc_empty_space][\/vc_column][\/vc_row][vc_row][vc_column width=&#8221;2\/3&#8243;][elx_heading text_color=&#8221;inherit&#8221;]International[\/elx_heading][vc_column_text]<\/p>\n<ul>\n<li><a href=\"https:\/\/www.electroluxprofessional.com\/\" target=\"_blank\">International<\/a><\/li>\n<\/ul>\n<p>[\/vc_column_text][elx_heading text_color=&#8221;inherit&#8221;]Americas[\/elx_heading][vc_column_text]<\/p>\n<ul>\n<li><a href=\"http:\/\/professional.electroluxusa.com\/\" target=\"_blank\">North America<\/a><\/li>\n<li><a href=\"http:\/\/professional.electrolux.la\/\" target=\"_blank\">Am\u00e9rica Latina (Espa\u00f1ol)<\/a><\/li>\n<li><a href=\"https:\/\/www.electroluxprofessional.com.br\/\" target=\"_blank\">Brasil<\/a><\/li>\n<\/ul>\n<p>[\/vc_column_text][elx_heading text_color=&#8221;inherit&#8221;]Middle East[\/elx_heading][vc_column_text]<\/p>\n<ul>\n<li><a href=\"http:\/\/professional.electrolux.me\/\" target=\"_blank\">Middle East (English)<\/a><\/li>\n<\/ul>\n<p>[\/vc_column_text][elx_heading text_color=&#8221;inherit&#8221;]South-East Asia and Oceania[\/elx_heading][vc_column_text]<\/p>\n<ul>\n<li><a href=\"https:\/\/www.electroluxprofessional.com.sg\/\" target=\"_blank\">South East Asia and India (English)<\/a><\/li>\n<li><a href=\"https:\/\/www.electroluxprofessional.com.my\/\" target=\"_blank\">Malaysia (English)<\/a><\/li>\n<li><a href=\"https:\/\/www.electroluxprofessional.com.au\/\" target=\"_blank\">Australia and New Zealand<\/a><\/li>\n<li><a href=\"https:\/\/www.electroluxprofessional.com.cn\/\" target=\"_blank\">\u4e2d\u56fd<\/a><\/li>\n<li><a href=\"http:\/\/professional.electrolux.co.jp\" target=\"_blank\">\u65e5\u672c<\/a><\/li>\n<\/ul>\n<p>[\/vc_column_text][\/vc_column][vc_column width=&#8221;1\/3&#8243;][elx_heading text_color=&#8221;inherit&#8221;]Europe[\/elx_heading][vc_column_text]<\/p>\n<ul>\n<li><a href=\"http:\/\/professional.electrolux.be\/nl-be\/?redirect=true\" target=\"_blank\" rel=\"noopener\">Belgi\u00eb<\/a><\/li>\n<li><a href=\"http:\/\/professional.electrolux.be\/fr-BE\/\" target=\"_blank\" rel=\"noopener\">Belgique<\/a><\/li>\n<li><a href=\"http:\/\/professional.electrolux.cz\/\" target=\"_blank\" rel=\"noopener\">\u010cesk\u00e1 republika<\/a><\/li>\n<li><a href=\"http:\/\/professional.electrolux.dk\/\" target=\"_blank\" rel=\"noopener\">Danmark<\/a><\/li>\n<li><a href=\"https:\/\/www.electroluxprofessional.com\/de-ch\/\" target=\"_blank\" rel=\"noopener\">Deutschland<\/a><\/li>\n<li><a href=\"http:\/\/professional.electrolux.ee\/\" target=\"_blank\" rel=\"noopener\">Eesti<\/a><\/li>\n<li><a href=\"http:\/\/professional.electrolux.es\/\" target=\"_blank\" rel=\"noopener\">Espa\u00f1a<\/a><\/li>\n<li><a href=\"http:\/\/professional.electrolux.fr\/\" target=\"_blank\" rel=\"noopener\">France<\/a><\/li>\n<li><a href=\"http:\/\/professional.electrolux.gr\/\" target=\"_blank\" rel=\"noopener\">\u0395\u03bb\u03bb\u03b7\u03bd\u03b9\u03ba\u03ac<\/a><\/li>\n<li><a href=\"http:\/\/professional.electrolux.hr\/\" target=\"_blank\" rel=\"noopener\">Hrvatska<\/a><\/li>\n<li><a href=\"http:\/\/professional.electrolux.it\/\" target=\"_blank\" rel=\"noopener\">Italia<\/a><\/li>\n<li><a href=\"http:\/\/professional.electrolux.hu\/\" target=\"_blank\" rel=\"noopener\">Magyarorsz\u00e1g<\/a><\/li>\n<li><a href=\"http:\/\/professional.electrolux.nl\/\" target=\"_blank\" rel=\"noopener\">Nederland<\/a><\/li>\n<li><a href=\"http:\/\/professional.electrolux.no\/\" target=\"_blank\" rel=\"noopener\">Norge<\/a><\/li>\n<li><a href=\"http:\/\/professional.electrolux.at\">\u00d6sterreich<\/a><\/li>\n<li><a href=\"http:\/\/professional.electrolux.pl\/\" target=\"_blank\" rel=\"noopener\">Polska<\/a><\/li>\n<li><a href=\"http:\/\/professional.electrolux.pt\/\" target=\"_blank\" rel=\"noopener\">Portugal<\/a><\/li>\n<li><a href=\"http:\/\/professional.electrolux.ro\/\" target=\"_blank\" rel=\"noopener\">Rom\u00e2nia<\/a><\/li>\n<li><a href=\"http:\/\/professional.electrolux.ru\/\" target=\"_blank\" rel=\"noopener\">\u0420\u043e\u0441\u0441\u0438\u044f<\/a><\/li>\n<li><a href=\"http:\/\/professional.electrolux.si\/\" target=\"_blank\" rel=\"noopener\">Slovenia<\/a><\/li>\n<li><a href=\"https:\/\/www.electroluxprofessional.com\/de-ch\/\" target=\"_blank\" rel=\"noopener\">Schweiz<\/a><\/li>\n<li><a href=\"http:\/\/professional.electrolux.rs\/\" target=\"_blank\" rel=\"noopener\">Srbija<\/a><\/li>\n<li><a href=\"http:\/\/professional.electrolux.fi\/\" target=\"_blank\" rel=\"noopener\">Suomi<\/a><\/li>\n<li><a href=\"http:\/\/professional.electrolux.se\/\" target=\"_blank\" rel=\"noopener\">Sverige<\/a><\/li>\n<li><a href=\"https:\/\/www.electroluxprofessional.com.tr\/\" target=\"_blank\" rel=\"noopener\">T\u00fcrkiye<\/a><\/li>\n<li><a href=\"http:\/\/professional.electrolux.co.uk\/\" target=\"_blank\" rel=\"noopener\">UK<\/a><\/li>\n<\/ul>\n<p>[\/vc_column_text][\/vc_column][\/vc_row]<\/p>\n","protected":false},"excerpt":{"rendered":"<p>[vc_row full_width=&#8221;electroluxpro-full-width-no-padding&#8221;][vc_column][elx_hero_title label=&#8221;&#8221; background_image=&#8221;637&#8243;][elx_heading font_container=&#8221;h1&#8243; font_size=&#8221;h3&#8243; text_color=&#8221;white&#8221;]Land und Sprache \u00e4ndern[\/elx_heading][\/elx_hero_title][\/vc_column][\/vc_row][vc_row][vc_column][vc_empty_space][\/vc_column][\/vc_row][vc_row][vc_column width=&#8221;2\/3&#8243;][elx_heading text_color=&#8221;inherit&#8221;]International[\/elx_heading][vc_column_text] International [\/vc_column_text][elx_heading text_color=&#8221;inherit&#8221;]Americas[\/elx_heading][vc_column_text] North America Am\u00e9rica Latina (Espa\u00f1ol) Brasil [\/vc_column_text][elx_heading text_color=&#8221;inherit&#8221;]Middle East[\/elx_heading][vc_column_text] Middle East (English) [\/vc_column_text][elx_heading text_color=&#8221;inherit&#8221;]South-East Asia and Oceania[\/elx_heading][vc_column_text] South East Asia and India (English) Malaysia (English) Australia and New Zealand \u4e2d\u56fd \u65e5\u672c [\/vc_column_text][\/vc_column][vc_column width=&#8221;1\/3&#8243;][elx_heading text_color=&#8221;inherit&#8221;]Europe[\/elx_heading][vc_column_text] Belgi\u00eb Belgique \u010cesk\u00e1 republika Danmark Deutschland [&hellip;]<\/p>\n","protected":false},"author":1,"featured_media":0,"parent":0,"menu_order":0,"comment_status":"closed","ping_status":"closed","template":"","meta":{"footnotes":""},"class_list":["post-1775","page","type-page","status-publish","hentry"],"acf":[],"yoast_head":"<!-- This site is optimized with the Yoast SEO plugin v23.3 - https:\/\/yoast.com\/wordpress\/plugins\/seo\/ -->\n<title>Land und Sprache - Electrolux Professional Schweiz<\/title>\n<meta name=\"robots\" content=\"index, follow, max-snippet:-1, max-image-preview:large, max-video-preview:-1\" \/>\n<link rel=\"canonical\" href=\"https:\/\/www.electroluxprofessional.com\/de-ch\/land-und-sprache\/\" \/>\n<meta property=\"og:locale\" content=\"de_DE\" \/>\n<meta property=\"og:type\" content=\"article\" \/>\n<meta property=\"og:title\" content=\"Land und Sprache - Electrolux Professional Schweiz\" \/>\n<meta property=\"og:description\" content=\"[vc_row full_width=&#8221;electroluxpro-full-width-no-padding&#8221;][vc_column][elx_hero_title label=&#8221;&#8221; background_image=&#8221;637&#8243;][elx_heading font_container=&#8221;h1&#8243; font_size=&#8221;h3&#8243; text_color=&#8221;white&#8221;]Land und Sprache \u00e4ndern[\/elx_heading][\/elx_hero_title][\/vc_column][\/vc_row][vc_row][vc_column][vc_empty_space][\/vc_column][\/vc_row][vc_row][vc_column width=&#8221;2\/3&#8243;][elx_heading text_color=&#8221;inherit&#8221;]International[\/elx_heading][vc_column_text] International [\/vc_column_text][elx_heading text_color=&#8221;inherit&#8221;]Americas[\/elx_heading][vc_column_text] North America Am\u00e9rica Latina (Espa\u00f1ol) Brasil [\/vc_column_text][elx_heading text_color=&#8221;inherit&#8221;]Middle East[\/elx_heading][vc_column_text] Middle East (English) [\/vc_column_text][elx_heading text_color=&#8221;inherit&#8221;]South-East Asia and Oceania[\/elx_heading][vc_column_text] South East Asia and India (English) Malaysia (English) Australia and New Zealand \u4e2d\u56fd \u65e5\u672c [\/vc_column_text][\/vc_column][vc_column width=&#8221;1\/3&#8243;][elx_heading text_color=&#8221;inherit&#8221;]Europe[\/elx_heading][vc_column_text] Belgi\u00eb Belgique \u010cesk\u00e1 republika Danmark Deutschland [&hellip;]\" \/>\n<meta property=\"og:url\" content=\"https:\/\/www.electroluxprofessional.com\/de-ch\/land-und-sprache\/\" \/>\n<meta property=\"og:site_name\" content=\"Electrolux Professional Schweiz\" \/>\n<meta property=\"article:modified_time\" content=\"2018-01-10T15:38:00+00:00\" \/>\n<meta name=\"twitter:card\" content=\"summary_large_image\" \/>\n<meta name=\"twitter:label1\" content=\"Gesch\u00e4tzte Lesezeit\" \/>\n\t<meta name=\"twitter:data1\" content=\"1 Minute\" \/>\n<script type=\"application\/ld+json\" class=\"yoast-schema-graph\">{\"@context\":\"https:\/\/schema.org\",\"@graph\":[{\"@type\":\"WebPage\",\"@id\":\"https:\/\/www.electroluxprofessional.com\/de-ch\/land-und-sprache\/\",\"url\":\"https:\/\/www.electroluxprofessional.com\/de-ch\/land-und-sprache\/\",\"name\":\"Land und Sprache - Electrolux Professional Schweiz\",\"isPartOf\":{\"@id\":\"https:\/\/www.electroluxprofessional.com\/de-ch\/#website\"},\"datePublished\":\"2017-02-22T11:45:40+00:00\",\"dateModified\":\"2018-01-10T15:38:00+00:00\",\"breadcrumb\":{\"@id\":\"https:\/\/www.electroluxprofessional.com\/de-ch\/land-und-sprache\/#breadcrumb\"},\"inLanguage\":\"de-CH\",\"potentialAction\":[{\"@type\":\"ReadAction\",\"target\":[\"https:\/\/www.electroluxprofessional.com\/de-ch\/land-und-sprache\/\"]}]},{\"@type\":\"BreadcrumbList\",\"@id\":\"https:\/\/www.electroluxprofessional.com\/de-ch\/land-und-sprache\/#breadcrumb\",\"itemListElement\":[{\"@type\":\"ListItem\",\"position\":1,\"name\":\"Home\",\"item\":\"https:\/\/www.electroluxprofessional.com\/de-ch\/\"},{\"@type\":\"ListItem\",\"position\":2,\"name\":\"Land und Sprache\"}]},{\"@type\":\"WebSite\",\"@id\":\"https:\/\/www.electroluxprofessional.com\/de-ch\/#website\",\"url\":\"https:\/\/www.electroluxprofessional.com\/de-ch\/\",\"name\":\"Electrolux Professional Schweiz\",\"description\":\"\",\"potentialAction\":[{\"@type\":\"SearchAction\",\"target\":{\"@type\":\"EntryPoint\",\"urlTemplate\":\"https:\/\/www.electroluxprofessional.com\/de-ch\/?src={search_term_string}\"},\"query-input\":\"required name=search_term_string\"}],\"inLanguage\":\"de-CH\"}]}<\/script>\n<!-- \/ Yoast SEO plugin. -->","yoast_head_json":{"title":"Land und Sprache - Electrolux Professional Schweiz","robots":{"index":"index","follow":"follow","max-snippet":"max-snippet:-1","max-image-preview":"max-image-preview:large","max-video-preview":"max-video-preview:-1"},"canonical":"https:\/\/www.electroluxprofessional.com\/de-ch\/land-und-sprache\/","og_locale":"de_DE","og_type":"article","og_title":"Land und Sprache - Electrolux Professional Schweiz","og_description":"[vc_row full_width=&#8221;electroluxpro-full-width-no-padding&#8221;][vc_column][elx_hero_title label=&#8221;&#8221; background_image=&#8221;637&#8243;][elx_heading font_container=&#8221;h1&#8243; font_size=&#8221;h3&#8243; text_color=&#8221;white&#8221;]Land und Sprache \u00e4ndern[\/elx_heading][\/elx_hero_title][\/vc_column][\/vc_row][vc_row][vc_column][vc_empty_space][\/vc_column][\/vc_row][vc_row][vc_column width=&#8221;2\/3&#8243;][elx_heading text_color=&#8221;inherit&#8221;]International[\/elx_heading][vc_column_text] International [\/vc_column_text][elx_heading text_color=&#8221;inherit&#8221;]Americas[\/elx_heading][vc_column_text] North America Am\u00e9rica Latina (Espa\u00f1ol) Brasil [\/vc_column_text][elx_heading text_color=&#8221;inherit&#8221;]Middle East[\/elx_heading][vc_column_text] Middle East (English) [\/vc_column_text][elx_heading text_color=&#8221;inherit&#8221;]South-East Asia and Oceania[\/elx_heading][vc_column_text] South East Asia and India (English) Malaysia (English) Australia and New Zealand \u4e2d\u56fd \u65e5\u672c [\/vc_column_text][\/vc_column][vc_column width=&#8221;1\/3&#8243;][elx_heading text_color=&#8221;inherit&#8221;]Europe[\/elx_heading][vc_column_text] Belgi\u00eb Belgique \u010cesk\u00e1 republika Danmark Deutschland [&hellip;]","og_url":"https:\/\/www.electroluxprofessional.com\/de-ch\/land-und-sprache\/","og_site_name":"Electrolux Professional Schweiz","article_modified_time":"2018-01-10T15:38:00+00:00","twitter_card":"summary_large_image","twitter_misc":{"Gesch\u00e4tzte Lesezeit":"1 Minute"},"schema":{"@context":"https:\/\/schema.org","@graph":[{"@type":"WebPage","@id":"https:\/\/www.electroluxprofessional.com\/de-ch\/land-und-sprache\/","url":"https:\/\/www.electroluxprofessional.com\/de-ch\/land-und-sprache\/","name":"Land und Sprache - Electrolux Professional Schweiz","isPartOf":{"@id":"https:\/\/www.electroluxprofessional.com\/de-ch\/#website"},"datePublished":"2017-02-22T11:45:40+00:00","dateModified":"2018-01-10T15:38:00+00:00","breadcrumb":{"@id":"https:\/\/www.electroluxprofessional.com\/de-ch\/land-und-sprache\/#breadcrumb"},"inLanguage":"de-CH","potentialAction":[{"@type":"ReadAction","target":["https:\/\/www.electroluxprofessional.com\/de-ch\/land-und-sprache\/"]}]},{"@type":"BreadcrumbList","@id":"https:\/\/www.electroluxprofessional.com\/de-ch\/land-und-sprache\/#breadcrumb","itemListElement":[{"@type":"ListItem","position":1,"name":"Home","item":"https:\/\/www.electroluxprofessional.com\/de-ch\/"},{"@type":"ListItem","position":2,"name":"Land und Sprache"}]},{"@type":"WebSite","@id":"https:\/\/www.electroluxprofessional.com\/de-ch\/#website","url":"https:\/\/www.electroluxprofessional.com\/de-ch\/","name":"Electrolux Professional Schweiz","description":"","potentialAction":[{"@type":"SearchAction","target":{"@type":"EntryPoint","urlTemplate":"https:\/\/www.electroluxprofessional.com\/de-ch\/?src={search_term_string}"},"query-input":"required name=search_term_string"}],"inLanguage":"de-CH"}]}},"_links":{"self":[{"href":"https:\/\/www.electroluxprofessional.com\/de-ch\/wp-json\/wp\/v2\/pages\/1775"}],"collection":[{"href":"https:\/\/www.electroluxprofessional.com\/de-ch\/wp-json\/wp\/v2\/pages"}],"about":[{"href":"https:\/\/www.electroluxprofessional.com\/de-ch\/wp-json\/wp\/v2\/types\/page"}],"author":[{"embeddable":true,"href":"https:\/\/www.electroluxprofessional.com\/de-ch\/wp-json\/wp\/v2\/users\/1"}],"replies":[{"embeddable":true,"href":"https:\/\/www.electroluxprofessional.com\/de-ch\/wp-json\/wp\/v2\/comments?post=1775"}],"version-history":[{"count":4,"href":"https:\/\/www.electroluxprofessional.com\/de-ch\/wp-json\/wp\/v2\/pages\/1775\/revisions"}],"predecessor-version":[{"id":6283,"href":"https:\/\/www.electroluxprofessional.com\/de-ch\/wp-json\/wp\/v2\/pages\/1775\/revisions\/6283"}],"wp:attachment":[{"href":"https:\/\/www.electroluxprofessional.com\/de-ch\/wp-json\/wp\/v2\/media?parent=1775"}],"curies":[{"name":"wp","href":"https:\/\/api.w.org\/{rel}","templated":true}]}}