{"id":1770,"date":"2017-02-15T14:02:41","date_gmt":"2017-02-15T14:02:41","guid":{"rendered":"https:\/\/www.electroluxprofessional.com\/?page_id=9529"},"modified":"2024-07-24T13:28:08","modified_gmt":"2024-07-24T13:28:08","slug":"produkt-registrierung","status":"publish","type":"page","link":"https:\/\/www.electroluxprofessional.com\/de-ch\/produkt-registrierung\/","title":{"rendered":"Produktregistrierung"},"content":{"rendered":"<p>[vc_row full_width=&#8221;electroluxpro-full-width-no-padding&#8221;][vc_column][elx_hero_title label=&#8221;&#8221; background_image=&#8221;637&#8243;][elx_heading font_size=&#8221;h3&#8243; text_color=&#8221;white&#8221;]MyProfessional[\/elx_heading][elx_heading font_container=&#8221;h3&#8243; font_size=&#8221;h4&#8243; text_color=&#8221;white&#8221;]Ihr privater Raum[\/elx_heading][\/elx_hero_title][\/vc_column][\/vc_row][vc_row][vc_column][vc_empty_space][elx_menu menu_name=&#8221;myprofessional&#8221;][\/vc_column][\/vc_row][vc_row][vc_column width=&#8221;1\/6&#8243;][vc_single_image image=&#8221;1452&#8243; img_size=&#8221;full&#8221;][\/vc_column][vc_column width=&#8221;5\/6&#8243;][elx_heading font_container=&#8221;h1&#8243; font_size=&#8221;h3&#8243; text_color=&#8221;inherit&#8221;]Wozu Ihre Produkte registrieren?[\/elx_heading][vc_column_text]<strong>Danke, dass Sie Electrolux Professional Produkte gekauft haben.<\/strong><\/p>\n<p>Indem Sie heute Ihre Produkte registrieren, helfen Sie uns, Ihnen den bestem\u00f6glichen Kundendienst zu bieten. Unsere Spezialisten werden Sie stets bei Ihrer t\u00e4glichen Arbeit unterst\u00fctzen und sicherstellen, dass Sie mit unserer professionellen Excellence versorgt werden.<\/p>\n<p>[\/vc_column_text][\/vc_column][\/vc_row][vc_row][vc_column][elx_o2000_product_registration l=&#8221;de&#8221; c=&#8221;Germany&#8221;][vc_empty_space][\/vc_column][\/vc_row]<\/p>\n","protected":false},"excerpt":{"rendered":"<p>[vc_row full_width=&#8221;electroluxpro-full-width-no-padding&#8221;][vc_column][elx_hero_title label=&#8221;&#8221; background_image=&#8221;637&#8243;][elx_heading font_size=&#8221;h3&#8243; text_color=&#8221;white&#8221;]MyProfessional[\/elx_heading][elx_heading font_container=&#8221;h3&#8243; font_size=&#8221;h4&#8243; text_color=&#8221;white&#8221;]Ihr privater Raum[\/elx_heading][\/elx_hero_title][\/vc_column][\/vc_row][vc_row][vc_column][vc_empty_space][elx_menu menu_name=&#8221;myprofessional&#8221;][\/vc_column][\/vc_row][vc_row][vc_column width=&#8221;1\/6&#8243;][vc_single_image image=&#8221;1452&#8243; img_size=&#8221;full&#8221;][\/vc_column][vc_column width=&#8221;5\/6&#8243;][elx_heading font_container=&#8221;h1&#8243; font_size=&#8221;h3&#8243; text_color=&#8221;inherit&#8221;]Wozu Ihre Produkte registrieren?[\/elx_heading][vc_column_text]Danke, dass Sie Electrolux Professional Produkte gekauft haben. Indem Sie heute Ihre Produkte registrieren, helfen Sie uns, Ihnen den bestem\u00f6glichen Kundendienst zu bieten. Unsere Spezialisten werden Sie stets bei Ihrer t\u00e4glichen Arbeit unterst\u00fctzen und [&hellip;]<\/p>\n","protected":false},"author":5,"featured_media":0,"parent":0,"menu_order":0,"comment_status":"closed","ping_status":"closed","template":"","meta":{"footnotes":""},"class_list":["post-1770","page","type-page","status-publish","hentry"],"acf":[],"yoast_head":"<!-- This site is optimized with the Yoast SEO plugin v23.3 - https:\/\/yoast.com\/wordpress\/plugins\/seo\/ -->\n<title>Produktregistrierung | Electrolux Professional<\/title>\n<meta name=\"description\" content=\"Indem Sie heute Ihre Produkte registrieren, helfen Sie uns, Ihnen den bestem\u00f6glichen Kundendienst zu bieten.\" \/>\n<meta name=\"robots\" content=\"index, follow, max-snippet:-1, max-image-preview:large, max-video-preview:-1\" \/>\n<link rel=\"canonical\" href=\"https:\/\/www.electroluxprofessional.com\/de-ch\/produkt-registrierung\/\" \/>\n<meta property=\"og:locale\" content=\"de_DE\" \/>\n<meta property=\"og:type\" content=\"article\" \/>\n<meta property=\"og:title\" content=\"Produktregistrierung | Electrolux Professional\" \/>\n<meta property=\"og:description\" content=\"Indem Sie heute Ihre Produkte registrieren, helfen Sie uns, Ihnen den bestem\u00f6glichen Kundendienst zu bieten.\" \/>\n<meta property=\"og:url\" content=\"https:\/\/www.electroluxprofessional.com\/de-ch\/produkt-registrierung\/\" \/>\n<meta property=\"og:site_name\" content=\"Electrolux Professional Schweiz\" \/>\n<meta property=\"article:modified_time\" content=\"2024-07-24T13:28:08+00:00\" \/>\n<meta name=\"twitter:card\" content=\"summary_large_image\" \/>\n<meta name=\"twitter:label1\" content=\"Gesch\u00e4tzte Lesezeit\" \/>\n\t<meta name=\"twitter:data1\" content=\"1 Minute\" \/>\n<script type=\"application\/ld+json\" class=\"yoast-schema-graph\">{\"@context\":\"https:\/\/schema.org\",\"@graph\":[{\"@type\":\"WebPage\",\"@id\":\"https:\/\/www.electroluxprofessional.com\/de-ch\/produkt-registrierung\/\",\"url\":\"https:\/\/www.electroluxprofessional.com\/de-ch\/produkt-registrierung\/\",\"name\":\"Produktregistrierung | Electrolux Professional\",\"isPartOf\":{\"@id\":\"https:\/\/www.electroluxprofessional.com\/de-ch\/#website\"},\"datePublished\":\"2017-02-15T14:02:41+00:00\",\"dateModified\":\"2024-07-24T13:28:08+00:00\",\"description\":\"Indem Sie heute Ihre Produkte registrieren, helfen Sie uns, Ihnen den bestem\u00f6glichen Kundendienst zu bieten.\",\"breadcrumb\":{\"@id\":\"https:\/\/www.electroluxprofessional.com\/de-ch\/produkt-registrierung\/#breadcrumb\"},\"inLanguage\":\"de-CH\",\"potentialAction\":[{\"@type\":\"ReadAction\",\"target\":[\"https:\/\/www.electroluxprofessional.com\/de-ch\/produkt-registrierung\/\"]}]},{\"@type\":\"BreadcrumbList\",\"@id\":\"https:\/\/www.electroluxprofessional.com\/de-ch\/produkt-registrierung\/#breadcrumb\",\"itemListElement\":[{\"@type\":\"ListItem\",\"position\":1,\"name\":\"Home\",\"item\":\"https:\/\/www.electroluxprofessional.com\/de-ch\/\"},{\"@type\":\"ListItem\",\"position\":2,\"name\":\"Produktregistrierung\"}]},{\"@type\":\"WebSite\",\"@id\":\"https:\/\/www.electroluxprofessional.com\/de-ch\/#website\",\"url\":\"https:\/\/www.electroluxprofessional.com\/de-ch\/\",\"name\":\"Electrolux Professional Schweiz\",\"description\":\"\",\"potentialAction\":[{\"@type\":\"SearchAction\",\"target\":{\"@type\":\"EntryPoint\",\"urlTemplate\":\"https:\/\/www.electroluxprofessional.com\/de-ch\/?src={search_term_string}\"},\"query-input\":\"required name=search_term_string\"}],\"inLanguage\":\"de-CH\"}]}<\/script>\n<!-- \/ Yoast SEO plugin. -->","yoast_head_json":{"title":"Produktregistrierung | Electrolux Professional","description":"Indem Sie heute Ihre Produkte registrieren, helfen Sie uns, Ihnen den bestem\u00f6glichen Kundendienst zu bieten.","robots":{"index":"index","follow":"follow","max-snippet":"max-snippet:-1","max-image-preview":"max-image-preview:large","max-video-preview":"max-video-preview:-1"},"canonical":"https:\/\/www.electroluxprofessional.com\/de-ch\/produkt-registrierung\/","og_locale":"de_DE","og_type":"article","og_title":"Produktregistrierung | Electrolux Professional","og_description":"Indem Sie heute Ihre Produkte registrieren, helfen Sie uns, Ihnen den bestem\u00f6glichen Kundendienst zu bieten.","og_url":"https:\/\/www.electroluxprofessional.com\/de-ch\/produkt-registrierung\/","og_site_name":"Electrolux Professional Schweiz","article_modified_time":"2024-07-24T13:28:08+00:00","twitter_card":"summary_large_image","twitter_misc":{"Gesch\u00e4tzte Lesezeit":"1 Minute"},"schema":{"@context":"https:\/\/schema.org","@graph":[{"@type":"WebPage","@id":"https:\/\/www.electroluxprofessional.com\/de-ch\/produkt-registrierung\/","url":"https:\/\/www.electroluxprofessional.com\/de-ch\/produkt-registrierung\/","name":"Produktregistrierung | Electrolux Professional","isPartOf":{"@id":"https:\/\/www.electroluxprofessional.com\/de-ch\/#website"},"datePublished":"2017-02-15T14:02:41+00:00","dateModified":"2024-07-24T13:28:08+00:00","description":"Indem Sie heute Ihre Produkte registrieren, helfen Sie uns, Ihnen den bestem\u00f6glichen Kundendienst zu bieten.","breadcrumb":{"@id":"https:\/\/www.electroluxprofessional.com\/de-ch\/produkt-registrierung\/#breadcrumb"},"inLanguage":"de-CH","potentialAction":[{"@type":"ReadAction","target":["https:\/\/www.electroluxprofessional.com\/de-ch\/produkt-registrierung\/"]}]},{"@type":"BreadcrumbList","@id":"https:\/\/www.electroluxprofessional.com\/de-ch\/produkt-registrierung\/#breadcrumb","itemListElement":[{"@type":"ListItem","position":1,"name":"Home","item":"https:\/\/www.electroluxprofessional.com\/de-ch\/"},{"@type":"ListItem","position":2,"name":"Produktregistrierung"}]},{"@type":"WebSite","@id":"https:\/\/www.electroluxprofessional.com\/de-ch\/#website","url":"https:\/\/www.electroluxprofessional.com\/de-ch\/","name":"Electrolux Professional Schweiz","description":"","potentialAction":[{"@type":"SearchAction","target":{"@type":"EntryPoint","urlTemplate":"https:\/\/www.electroluxprofessional.com\/de-ch\/?src={search_term_string}"},"query-input":"required name=search_term_string"}],"inLanguage":"de-CH"}]}},"_links":{"self":[{"href":"https:\/\/www.electroluxprofessional.com\/de-ch\/wp-json\/wp\/v2\/pages\/1770"}],"collection":[{"href":"https:\/\/www.electroluxprofessional.com\/de-ch\/wp-json\/wp\/v2\/pages"}],"about":[{"href":"https:\/\/www.electroluxprofessional.com\/de-ch\/wp-json\/wp\/v2\/types\/page"}],"author":[{"embeddable":true,"href":"https:\/\/www.electroluxprofessional.com\/de-ch\/wp-json\/wp\/v2\/users\/5"}],"replies":[{"embeddable":true,"href":"https:\/\/www.electroluxprofessional.com\/de-ch\/wp-json\/wp\/v2\/comments?post=1770"}],"version-history":[{"count":8,"href":"https:\/\/www.electroluxprofessional.com\/de-ch\/wp-json\/wp\/v2\/pages\/1770\/revisions"}],"predecessor-version":[{"id":16948,"href":"https:\/\/www.electroluxprofessional.com\/de-ch\/wp-json\/wp\/v2\/pages\/1770\/revisions\/16948"}],"wp:attachment":[{"href":"https:\/\/www.electroluxprofessional.com\/de-ch\/wp-json\/wp\/v2\/media?parent=1770"}],"curies":[{"name":"wp","href":"https:\/\/api.w.org\/{rel}","templated":true}]}}