{"id":1693,"date":"2016-12-19T16:15:56","date_gmt":"2016-12-19T16:15:56","guid":{"rendered":"https:\/\/www.electroluxprofessional.com\/?page_id=7612"},"modified":"2025-10-21T12:12:42","modified_gmt":"2025-10-21T12:12:42","slug":"electrolux-chef-academy","status":"publish","type":"page","link":"https:\/\/www.electroluxprofessional.com\/de-ch\/zentrum-des-kochens\/electrolux-chef-academy\/","title":{"rendered":"Electrolux Professional chef academy"},"content":{"rendered":"<p>[vc_row full_width=&#8221;electroluxpro-full-width-no-padding&#8221;][vc_column][elx_hero_title label=&#8221;&#8221; background_image=&#8221;1690&#8243;][elx_heading font_container=&#8221;h1&#8243; text_color=&#8221;white&#8221;]Electrolux Chef Academy[\/elx_heading][\/elx_hero_title][\/vc_column][\/vc_row][vc_row][vc_column][vc_empty_space][elx_image_block background_image=&#8221;1691&#8243; minimum_height=&#8221;500px&#8221;][\/vc_column][\/vc_row][vc_row][vc_column][elx_heading text_color=&#8221;inherit&#8221;]Entdecken Sie das einzigartige globale Netzwerk von K\u00fcchenchefs[\/elx_heading][vc_empty_space height=&#8221;20px&#8221;][\/vc_column][\/vc_row][vc_row][vc_column width=&#8221;1\/2&#8243;][elx_image_block background_image=&#8221;581&#8243; minimum_height=&#8221;400px&#8221;][elx_heading font_size=&#8221;h4&#8243; text_color=&#8221;inherit&#8221;]Der Chef Academy Spirit<br \/>\nEine Kultur der Kundenorientierung[\/elx_heading][vc_column_text]Electrolux Professional bietet einen einzigartigen Service mit sechzig K\u00f6chen auf der ganzen Welt, die in Seminaren, bei\u00a0<strong>Inbetriebnahmen<\/strong>\u00a0und neuen Dienstleistungen\u00a0<strong>beraten<\/strong>,\u00a0<strong>zuh\u00f6ren<\/strong>\u00a0und\u00a0<strong>schulen<\/strong>, um gemeinsam mit Kunden neue Ideen und Produkte zu entwickeln.[\/vc_column_text][vc_empty_space height=&#8221;16px&#8221;][vc_column_text]<\/p>\n<h4>Stellen Sie sich vor:<\/h4>\n<h4>Mitglieder der Chef Academy, die sich Ihren Bed\u00fcrfnissen widmen<\/h4>\n<p>[\/vc_column_text][\/vc_column][vc_column width=&#8221;1\/2&#8243;][elx_image_block background_image=&#8221;1418&#8243; minimum_height=&#8221;400px&#8221;][elx_heading font_size=&#8221;h4&#8243; text_color=&#8221;inherit&#8221;]Ideen&amp;Freundschaften<br \/>\ninspirieren und inspiriert werden[\/elx_heading][vc_column_text]Die Chef Academy ist ein Zentrum der\u00a0<strong>Inspiration<\/strong>. Dieses\u00a0<strong>einzigartige und globale Netzwerk<\/strong>, das von erfahrenen kulinarischen Mentoren aus verschiedenen Teilen der Welt geleitet wird, h\u00f6rt auf Ihre Ideen und setzt Ihre Bed\u00fcrfnisse auf der Grundlage von Vertrauen und Professionalit\u00e4t in die Praxis um.<\/p>\n<p>Unsere Art, Gesch\u00e4fte zu machen, unsere Haltung dreht sich um Ideen und Freunde. Jeder ist herzlich eingeladen, Ideen, Herausforderungen und Testl\u00f6sungen an einem \u201erunden Tisch\u201c auszutauschen. Lassen Sie uns Beziehungen aufbauen, die darauf abzielen, Ihr Unternehmen zu st\u00e4rken.[\/vc_column_text][\/vc_column][\/vc_row][vc_row][vc_column][vc_empty_space][elx_heading font_container=&#8221;h3&#8243; text_color=&#8221;inherit&#8221;]Buchen Sie noch heute Ihre Sitzung mit einem unserer Chefk\u00f6che[\/elx_heading][elx_o2000_contact_us s=&#8221;Anfrage: Informationen \u00fcber Chefkoch Sessions&#8221; country=&#8221;Switzerland&#8221; container=&#8221;elxcontactus1482162874&#8243; r=&#8221;Ich m\u00f6chte mehr \u00fcber Ihre Chefkoch Sessions erfahren, bitte kontaktieren Sie mich.&#8221; l=&#8221;de-ch&#8221;][vc_empty_space][\/vc_column][\/vc_row][vc_row][vc_column width=&#8221;1\/3&#8243;][elx_maylike_box id_box=&#8221;8188&#8243;][\/vc_column][vc_column width=&#8221;1\/3&#8243;][elx_maylike_box id_box=&#8221;330&#8243;][\/vc_column][vc_column width=&#8221;1\/3&#8243;][elx_maylike_box id_box=&#8221;1676&#8243;][\/vc_column][\/vc_row]<\/p>\n","protected":false},"excerpt":{"rendered":"<p>[vc_row full_width=&#8221;electroluxpro-full-width-no-padding&#8221;][vc_column][elx_hero_title label=&#8221;&#8221; background_image=&#8221;1690&#8243;][elx_heading font_container=&#8221;h1&#8243; text_color=&#8221;white&#8221;]Electrolux Chef Academy[\/elx_heading][\/elx_hero_title][\/vc_column][\/vc_row][vc_row][vc_column][vc_empty_space][elx_image_block background_image=&#8221;1691&#8243; minimum_height=&#8221;500px&#8221;][\/vc_column][\/vc_row][vc_row][vc_column][elx_heading text_color=&#8221;inherit&#8221;]Entdecken Sie das einzigartige globale Netzwerk von K\u00fcchenchefs[\/elx_heading][vc_empty_space height=&#8221;20px&#8221;][\/vc_column][\/vc_row][vc_row][vc_column width=&#8221;1\/2&#8243;][elx_image_block background_image=&#8221;581&#8243; minimum_height=&#8221;400px&#8221;][elx_heading font_size=&#8221;h4&#8243; text_color=&#8221;inherit&#8221;]Der Chef Academy Spirit Eine Kultur der Kundenorientierung[\/elx_heading][vc_column_text]Electrolux Professional bietet einen einzigartigen Service mit sechzig K\u00f6chen auf der ganzen Welt, die in Seminaren, bei\u00a0Inbetriebnahmen\u00a0und neuen Dienstleistungen\u00a0beraten,\u00a0zuh\u00f6ren\u00a0und\u00a0schulen, um gemeinsam mit Kunden neue Ideen [&hellip;]<\/p>\n","protected":false},"author":1,"featured_media":0,"parent":1680,"menu_order":0,"comment_status":"closed","ping_status":"closed","template":"","meta":{"footnotes":""},"class_list":["post-1693","page","type-page","status-publish","hentry"],"acf":[],"yoast_head":"<!-- This site is optimized with the Yoast SEO plugin v23.3 - https:\/\/yoast.com\/wordpress\/plugins\/seo\/ -->\n<title>Chef Academy | Electrolux Professional<\/title>\n<meta name=\"description\" content=\"Einzigartig: Sechzig K\u00f6chen auf der ganzen Welt, beraten, h\u00f6ren zu und schulen, um gemeinsam neue Ideen und Produkte zu entwickeln.\" \/>\n<meta name=\"robots\" content=\"index, follow, max-snippet:-1, max-image-preview:large, max-video-preview:-1\" \/>\n<link rel=\"canonical\" href=\"https:\/\/www.electroluxprofessional.com\/de-ch\/zentrum-des-kochens\/electrolux-chef-academy\/\" \/>\n<meta property=\"og:locale\" content=\"de_DE\" \/>\n<meta property=\"og:type\" content=\"article\" \/>\n<meta property=\"og:title\" content=\"Chef Academy | Electrolux Professional\" \/>\n<meta property=\"og:description\" content=\"Einzigartig: Sechzig K\u00f6chen auf der ganzen Welt, beraten, h\u00f6ren zu und schulen, um gemeinsam neue Ideen und Produkte zu entwickeln.\" \/>\n<meta property=\"og:url\" content=\"https:\/\/www.electroluxprofessional.com\/de-ch\/zentrum-des-kochens\/electrolux-chef-academy\/\" \/>\n<meta property=\"og:site_name\" content=\"Electrolux Professional Schweiz\" \/>\n<meta property=\"article:modified_time\" content=\"2025-10-21T12:12:42+00:00\" \/>\n<meta name=\"twitter:card\" content=\"summary_large_image\" \/>\n<meta name=\"twitter:label1\" content=\"Gesch\u00e4tzte Lesezeit\" \/>\n\t<meta name=\"twitter:data1\" content=\"2 Minuten\" \/>\n<script type=\"application\/ld+json\" class=\"yoast-schema-graph\">{\"@context\":\"https:\/\/schema.org\",\"@graph\":[{\"@type\":\"WebPage\",\"@id\":\"https:\/\/www.electroluxprofessional.com\/de-ch\/zentrum-des-kochens\/electrolux-chef-academy\/\",\"url\":\"https:\/\/www.electroluxprofessional.com\/de-ch\/zentrum-des-kochens\/electrolux-chef-academy\/\",\"name\":\"Chef Academy | Electrolux Professional\",\"isPartOf\":{\"@id\":\"https:\/\/www.electroluxprofessional.com\/de-ch\/#website\"},\"datePublished\":\"2016-12-19T16:15:56+00:00\",\"dateModified\":\"2025-10-21T12:12:42+00:00\",\"description\":\"Einzigartig: Sechzig K\u00f6chen auf der ganzen Welt, beraten, h\u00f6ren zu und schulen, um gemeinsam neue Ideen und Produkte zu entwickeln.\",\"breadcrumb\":{\"@id\":\"https:\/\/www.electroluxprofessional.com\/de-ch\/zentrum-des-kochens\/electrolux-chef-academy\/#breadcrumb\"},\"inLanguage\":\"de-CH\",\"potentialAction\":[{\"@type\":\"ReadAction\",\"target\":[\"https:\/\/www.electroluxprofessional.com\/de-ch\/zentrum-des-kochens\/electrolux-chef-academy\/\"]}]},{\"@type\":\"BreadcrumbList\",\"@id\":\"https:\/\/www.electroluxprofessional.com\/de-ch\/zentrum-des-kochens\/electrolux-chef-academy\/#breadcrumb\",\"itemListElement\":[{\"@type\":\"ListItem\",\"position\":1,\"name\":\"Home\",\"item\":\"https:\/\/www.electroluxprofessional.com\/de-ch\/\"},{\"@type\":\"ListItem\",\"position\":2,\"name\":\"Zentrum des Kochens\",\"item\":\"https:\/\/www.electroluxprofessional.com\/de-ch\/zentrum-des-kochens\/\"},{\"@type\":\"ListItem\",\"position\":3,\"name\":\"Electrolux Professional chef academy\"}]},{\"@type\":\"WebSite\",\"@id\":\"https:\/\/www.electroluxprofessional.com\/de-ch\/#website\",\"url\":\"https:\/\/www.electroluxprofessional.com\/de-ch\/\",\"name\":\"Electrolux Professional Schweiz\",\"description\":\"\",\"potentialAction\":[{\"@type\":\"SearchAction\",\"target\":{\"@type\":\"EntryPoint\",\"urlTemplate\":\"https:\/\/www.electroluxprofessional.com\/de-ch\/?src={search_term_string}\"},\"query-input\":\"required name=search_term_string\"}],\"inLanguage\":\"de-CH\"}]}<\/script>\n<!-- \/ Yoast SEO plugin. -->","yoast_head_json":{"title":"Chef Academy | Electrolux Professional","description":"Einzigartig: Sechzig K\u00f6chen auf der ganzen Welt, beraten, h\u00f6ren zu und schulen, um gemeinsam neue Ideen und Produkte zu entwickeln.","robots":{"index":"index","follow":"follow","max-snippet":"max-snippet:-1","max-image-preview":"max-image-preview:large","max-video-preview":"max-video-preview:-1"},"canonical":"https:\/\/www.electroluxprofessional.com\/de-ch\/zentrum-des-kochens\/electrolux-chef-academy\/","og_locale":"de_DE","og_type":"article","og_title":"Chef Academy | Electrolux Professional","og_description":"Einzigartig: Sechzig K\u00f6chen auf der ganzen Welt, beraten, h\u00f6ren zu und schulen, um gemeinsam neue Ideen und Produkte zu entwickeln.","og_url":"https:\/\/www.electroluxprofessional.com\/de-ch\/zentrum-des-kochens\/electrolux-chef-academy\/","og_site_name":"Electrolux Professional Schweiz","article_modified_time":"2025-10-21T12:12:42+00:00","twitter_card":"summary_large_image","twitter_misc":{"Gesch\u00e4tzte Lesezeit":"2 Minuten"},"schema":{"@context":"https:\/\/schema.org","@graph":[{"@type":"WebPage","@id":"https:\/\/www.electroluxprofessional.com\/de-ch\/zentrum-des-kochens\/electrolux-chef-academy\/","url":"https:\/\/www.electroluxprofessional.com\/de-ch\/zentrum-des-kochens\/electrolux-chef-academy\/","name":"Chef Academy | Electrolux Professional","isPartOf":{"@id":"https:\/\/www.electroluxprofessional.com\/de-ch\/#website"},"datePublished":"2016-12-19T16:15:56+00:00","dateModified":"2025-10-21T12:12:42+00:00","description":"Einzigartig: Sechzig K\u00f6chen auf der ganzen Welt, beraten, h\u00f6ren zu und schulen, um gemeinsam neue Ideen und Produkte zu entwickeln.","breadcrumb":{"@id":"https:\/\/www.electroluxprofessional.com\/de-ch\/zentrum-des-kochens\/electrolux-chef-academy\/#breadcrumb"},"inLanguage":"de-CH","potentialAction":[{"@type":"ReadAction","target":["https:\/\/www.electroluxprofessional.com\/de-ch\/zentrum-des-kochens\/electrolux-chef-academy\/"]}]},{"@type":"BreadcrumbList","@id":"https:\/\/www.electroluxprofessional.com\/de-ch\/zentrum-des-kochens\/electrolux-chef-academy\/#breadcrumb","itemListElement":[{"@type":"ListItem","position":1,"name":"Home","item":"https:\/\/www.electroluxprofessional.com\/de-ch\/"},{"@type":"ListItem","position":2,"name":"Zentrum des Kochens","item":"https:\/\/www.electroluxprofessional.com\/de-ch\/zentrum-des-kochens\/"},{"@type":"ListItem","position":3,"name":"Electrolux Professional chef academy"}]},{"@type":"WebSite","@id":"https:\/\/www.electroluxprofessional.com\/de-ch\/#website","url":"https:\/\/www.electroluxprofessional.com\/de-ch\/","name":"Electrolux Professional Schweiz","description":"","potentialAction":[{"@type":"SearchAction","target":{"@type":"EntryPoint","urlTemplate":"https:\/\/www.electroluxprofessional.com\/de-ch\/?src={search_term_string}"},"query-input":"required name=search_term_string"}],"inLanguage":"de-CH"}]}},"_links":{"self":[{"href":"https:\/\/www.electroluxprofessional.com\/de-ch\/wp-json\/wp\/v2\/pages\/1693"}],"collection":[{"href":"https:\/\/www.electroluxprofessional.com\/de-ch\/wp-json\/wp\/v2\/pages"}],"about":[{"href":"https:\/\/www.electroluxprofessional.com\/de-ch\/wp-json\/wp\/v2\/types\/page"}],"author":[{"embeddable":true,"href":"https:\/\/www.electroluxprofessional.com\/de-ch\/wp-json\/wp\/v2\/users\/1"}],"replies":[{"embeddable":true,"href":"https:\/\/www.electroluxprofessional.com\/de-ch\/wp-json\/wp\/v2\/comments?post=1693"}],"version-history":[{"count":8,"href":"https:\/\/www.electroluxprofessional.com\/de-ch\/wp-json\/wp\/v2\/pages\/1693\/revisions"}],"predecessor-version":[{"id":19070,"href":"https:\/\/www.electroluxprofessional.com\/de-ch\/wp-json\/wp\/v2\/pages\/1693\/revisions\/19070"}],"up":[{"embeddable":true,"href":"https:\/\/www.electroluxprofessional.com\/de-ch\/wp-json\/wp\/v2\/pages\/1680"}],"wp:attachment":[{"href":"https:\/\/www.electroluxprofessional.com\/de-ch\/wp-json\/wp\/v2\/media?parent=1693"}],"curies":[{"name":"wp","href":"https:\/\/api.w.org\/{rel}","templated":true}]}}