{"id":16658,"date":"2024-04-23T08:46:08","date_gmt":"2024-04-23T08:46:08","guid":{"rendered":"https:\/\/www.electroluxprofessional.com\/de-ch\/?page_id=16658"},"modified":"2026-03-27T06:38:58","modified_gmt":"2026-03-27T06:38:58","slug":"topfspuelmaschinen","status":"publish","type":"page","link":"https:\/\/www.electroluxprofessional.com\/de-ch\/kueche\/spueltechnik\/topfspuelmaschinen\/","title":{"rendered":"Topfsp\u00fclmaschinen"},"content":{"rendered":"<p>[vc_row full_width=&#8221;electroluxpro-full-width-no-padding&#8221;][vc_column][elx_image_block background_image=&#8221;16662&#8243; minimum_height=&#8221;400px&#8221;][vc_empty_space][\/vc_column][\/vc_row][vc_row full_width=&#8221;electroluxpro-container-no-padding&#8221;][vc_column][elx_text_image tag_title=&#8221;h1&#8243; class_title=&#8221;h1&#8243; style_image=&#8221;image_square&#8221; columns_proportion=&#8221;three_fifth&#8221; bg_row=&#8221;bg-download-white&#8221; title=&#8221;Hygiene f\u00fcr Ihr Kochgeschirr&#8221; lists=&#8221;%5B%7B%7D%5D&#8221; values=&#8221;%5B%7B%7D%5D&#8221; link=&#8221;url:%23contact_us|title:Kontaktieren%20Sie%20uns&#8221; single_image=&#8221;16661&#8243;]<\/p>\n<p id=\"tw-target-text\" class=\"tw-data-text tw-text-large tw-ta\" dir=\"ltr\" data-placeholder=\"\u00dcbersetzung\">Entdecken Sie die Topfsp\u00fclmaschinen von Electrolux Professional.<\/p>\n<p class=\"tw-data-text tw-text-large tw-ta\" dir=\"ltr\" data-placeholder=\"\u00dcbersetzung\">Perfekt zugeschnitten auf Kunden mit anspruchsvollen Anforderungen, bieten sie eine optimale L\u00f6sung f\u00fcr die Reinigung von T\u00f6pfen, Pfannen, Blechen, Gastronorm-Beh\u00e4ltern sowie Metzgerei- und B\u00e4ckereiblechen.<\/p>\n<p class=\"tw-data-text tw-text-large tw-ta\" dir=\"ltr\" data-placeholder=\"\u00dcbersetzung\">Mit einem H\u00f6chstmass an Hygiene und herausragenden Sp\u00fclergebnissen erm\u00f6glichen sie flexible und ergonomische Arbeitsabl\u00e4ufe. Electrolux Professional steht f\u00fcr zuverl\u00e4ssige Sp\u00fclqualit\u00e4t und niedrige Betriebskosten, sodass Sie stets optimal ausgestattet sind.<\/p>\n<p>[\/elx_text_image][vc_empty_space][elx_button button_text=&#8221;Zu den Produkten&#8221; button_link=&#8221;url:%23products&#8221;][vc_empty_space][\/vc_column][\/vc_row][vc_row custom_color_row=&#8221;bg-row-light-blue&#8221;][vc_column width=&#8221;1\/3&#8243;][vc_empty_space][elx_icons icon_size=&#8221;elx-icon-medium&#8221; icon_electroluxpro=&#8221;elx-icon icon-circle-star-perfomance-blue&#8221;][vc_column_text]<\/p>\n<h4 class=\"feature-image-row-content-title title-center\" style=\"text-align: center;\">Aussergew\u00f6hnliche Leistung<\/h4>\n<p class=\"p1\" style=\"text-align: center;\">Beste Sp\u00fcl- und Nachsp\u00fclleistung, mit verl\u00e4sslicher Entfernung aller Reinigungsmittelr\u00fcckst\u00e4nde.<br \/>\nDank leistungsstarken Sp\u00fclpumpen und der speziellen Innenkonstruktion der Haube werden die Topfsp\u00fclmaschinen auch den h\u00f6chsten Erwartungen gerecht.<\/p>\n<p>[\/vc_column_text][vc_empty_space][\/vc_column][vc_column width=&#8221;1\/3&#8243;][vc_empty_space][vc_single_image image=&#8221;16660&#8243; img_size=&#8221;medium&#8221; alignment=&#8221;center&#8221;][\/vc_column][vc_column width=&#8221;1\/3&#8243;][vc_empty_space][elx_icons icon_size=&#8221;elx-icon-medium&#8221; icon_electroluxpro=&#8221;elx-icon icon-circle-clean-blue&#8221;][vc_column_text]<\/p>\n<h4 class=\"feature-image-row-content-title title-center\" style=\"text-align: center;\">Sauber, zuverl\u00e4ssig und sicher<\/h4>\n<p style=\"text-align: center;\">Erleben Sie mit der konstanten Nachsp\u00fcltemperatur von 84\u00b0C h\u00f6chste Hygienestandards in Aktion. Dank des WASH SAFE CONTROL Systems bieten wir Ihnen einen zuverl\u00e4ssigen Weg zu Sicherheit, Hygiene, Energieeffizienz und niedrigen Betriebskosten.<\/p>\n<p>[\/vc_column_text][vc_empty_space][\/vc_column][\/vc_row][vc_row custom_color_row=&#8221;bg-row-light-blue&#8221;][vc_column width=&#8221;1\/3&#8243;][elx_icons icon_size=&#8221;elx-icon-medium&#8221; icon_electroluxpro=&#8221;elx-icon icon-circle-easy-blue&#8221;][vc_column_text]<\/p>\n<h4 class=\"feature-image-row-content-title title-center\" style=\"text-align: center;\">Verl\u00e4sslichkeit und Flexibilit\u00e4t<\/h4>\n<p class=\"p1\" style=\"text-align: center;\">Konstruktion und Komponenten, auf dem Stand modernster Technik, sichern den h\u00f6chsten Grad an Verl\u00e4sslichkeit und Flexibilit\u00e4t vereint in einer Maschine.<\/p>\n<p>[\/vc_column_text][vc_empty_space][\/vc_column][vc_column width=&#8221;1\/3&#8243;][vc_single_image image=&#8221;16659&#8243; img_size=&#8221;medium&#8221; alignment=&#8221;center&#8221;][vc_empty_space][\/vc_column][vc_column width=&#8221;1\/3&#8243;][elx_icons icon_size=&#8221;elx-icon-medium&#8221; icon_electroluxpro=&#8221;elx-icon icon-circle-ergonomics-blue&#8221;][vc_column_text]<\/p>\n<h4 class=\"feature-image-row-content-title title-center\" style=\"text-align: center;\">Speziell f\u00fcr Sie entwickelt<\/h4>\n<p style=\"text-align: center;\">Die ergonomisch durchdachte Bauweise schafft optimale Arbeitsbedingungen f\u00fcr den Anwender und vereinfacht so Ihre Arbeitsabl\u00e4ufe.<\/p>\n<p>[\/vc_column_text][vc_empty_space][\/vc_column][\/vc_row][vc_row el_id=&#8221;products&#8221;][vc_column][vc_empty_space][vc_empty_space][elx_heading text_color=&#8221;inherit&#8221; text_align=&#8221;text-center&#8221;]Kontaktieren Sie uns, um weitere Informationen<br \/>\nzu unseren Topfsp\u00fclmaschinen zu erhalten[\/elx_heading][vc_empty_space][elx_o2000_contact_us s=&#8221;Kontaktanfrage von der Website (HeroDry)&#8221; request_type=&#8221;Other&#8221; country=&#8221;Switzerland&#8221; b=&#8221;food&#8221; r=&#8221;Ich w\u00fcrde gerne mehr \u00fcber den freistehenden Trockner HeroDry erfahren. Bitte nehmen Sie Kontakt mit mir auf.&#8221;][\/vc_column][\/vc_row]<\/p>\n","protected":false},"excerpt":{"rendered":"<p>[vc_row full_width=&#8221;electroluxpro-full-width-no-padding&#8221;][vc_column][elx_image_block background_image=&#8221;16662&#8243; minimum_height=&#8221;400px&#8221;][vc_empty_space][\/vc_column][\/vc_row][vc_row full_width=&#8221;electroluxpro-container-no-padding&#8221;][vc_column][elx_text_image tag_title=&#8221;h1&#8243; class_title=&#8221;h1&#8243; style_image=&#8221;image_square&#8221; columns_proportion=&#8221;three_fifth&#8221; bg_row=&#8221;bg-download-white&#8221; title=&#8221;Hygiene f\u00fcr Ihr Kochgeschirr&#8221; lists=&#8221;%5B%7B%7D%5D&#8221; values=&#8221;%5B%7B%7D%5D&#8221; link=&#8221;url:%23contact_us|title:Kontaktieren%20Sie%20uns&#8221; single_image=&#8221;16661&#8243;] Entdecken Sie die Topfsp\u00fclmaschinen von Electrolux Professional. Perfekt zugeschnitten auf Kunden mit anspruchsvollen Anforderungen, bieten sie eine optimale L\u00f6sung f\u00fcr die Reinigung von T\u00f6pfen, Pfannen, Blechen, Gastronorm-Beh\u00e4ltern sowie Metzgerei- und B\u00e4ckereiblechen. Mit einem H\u00f6chstmass an Hygiene und [&hellip;]<\/p>\n","protected":false},"author":209,"featured_media":0,"parent":1560,"menu_order":0,"comment_status":"closed","ping_status":"closed","template":"","meta":{"footnotes":""},"class_list":["post-16658","page","type-page","status-publish","hentry"],"acf":[],"yoast_head":"<!-- This site is optimized with the Yoast SEO plugin v23.3 - https:\/\/yoast.com\/wordpress\/plugins\/seo\/ -->\n<title>Topfsp\u00fclmaschinen von Electrolux Professional<\/title>\n<meta name=\"description\" content=\"Topfsp\u00fclmaschinen von Electrolux Professional sind die beste Wahl f\u00fcr Kunden mit gehobenen Anspr\u00fcchen f\u00fcr exzellente Sp\u00fclergebnisse.\" \/>\n<meta name=\"robots\" content=\"index, follow, max-snippet:-1, max-image-preview:large, max-video-preview:-1\" \/>\n<link rel=\"canonical\" href=\"https:\/\/www.electroluxprofessional.com\/de-ch\/kueche\/spueltechnik\/topfspuelmaschinen\/\" \/>\n<meta property=\"og:locale\" content=\"de_DE\" \/>\n<meta property=\"og:type\" content=\"article\" \/>\n<meta property=\"og:title\" content=\"Topfsp\u00fclmaschinen von Electrolux Professional\" \/>\n<meta property=\"og:description\" content=\"Topfsp\u00fclmaschinen von Electrolux Professional sind die beste Wahl f\u00fcr Kunden mit gehobenen Anspr\u00fcchen f\u00fcr exzellente Sp\u00fclergebnisse.\" \/>\n<meta property=\"og:url\" content=\"https:\/\/www.electroluxprofessional.com\/de-ch\/kueche\/spueltechnik\/topfspuelmaschinen\/\" \/>\n<meta property=\"og:site_name\" content=\"Electrolux Professional Schweiz\" \/>\n<meta property=\"article:modified_time\" content=\"2026-03-27T06:38:58+00:00\" \/>\n<meta name=\"twitter:card\" content=\"summary_large_image\" \/>\n<meta name=\"twitter:label1\" content=\"Gesch\u00e4tzte Lesezeit\" \/>\n\t<meta name=\"twitter:data1\" content=\"3 Minuten\" \/>\n<script type=\"application\/ld+json\" class=\"yoast-schema-graph\">{\"@context\":\"https:\/\/schema.org\",\"@graph\":[{\"@type\":\"WebPage\",\"@id\":\"https:\/\/www.electroluxprofessional.com\/de-ch\/kueche\/spueltechnik\/topfspuelmaschinen\/\",\"url\":\"https:\/\/www.electroluxprofessional.com\/de-ch\/kueche\/spueltechnik\/topfspuelmaschinen\/\",\"name\":\"Topfsp\u00fclmaschinen von Electrolux Professional\",\"isPartOf\":{\"@id\":\"https:\/\/www.electroluxprofessional.com\/de-ch\/#website\"},\"datePublished\":\"2024-04-23T08:46:08+00:00\",\"dateModified\":\"2026-03-27T06:38:58+00:00\",\"description\":\"Topfsp\u00fclmaschinen von Electrolux Professional sind die beste Wahl f\u00fcr Kunden mit gehobenen Anspr\u00fcchen f\u00fcr exzellente Sp\u00fclergebnisse.\",\"breadcrumb\":{\"@id\":\"https:\/\/www.electroluxprofessional.com\/de-ch\/kueche\/spueltechnik\/topfspuelmaschinen\/#breadcrumb\"},\"inLanguage\":\"de-CH\",\"potentialAction\":[{\"@type\":\"ReadAction\",\"target\":[\"https:\/\/www.electroluxprofessional.com\/de-ch\/kueche\/spueltechnik\/topfspuelmaschinen\/\"]}]},{\"@type\":\"BreadcrumbList\",\"@id\":\"https:\/\/www.electroluxprofessional.com\/de-ch\/kueche\/spueltechnik\/topfspuelmaschinen\/#breadcrumb\",\"itemListElement\":[{\"@type\":\"ListItem\",\"position\":1,\"name\":\"Home\",\"item\":\"https:\/\/www.electroluxprofessional.com\/de-ch\/\"},{\"@type\":\"ListItem\",\"position\":2,\"name\":\"K\u00fcche\",\"item\":\"https:\/\/www.electroluxprofessional.com\/de-ch\/kueche\/\"},{\"@type\":\"ListItem\",\"position\":3,\"name\":\"Sp\u00fcltechnik\",\"item\":\"https:\/\/www.electroluxprofessional.com\/de-ch\/kueche\/spueltechnik\/\"},{\"@type\":\"ListItem\",\"position\":4,\"name\":\"Topfsp\u00fclmaschinen\"}]},{\"@type\":\"WebSite\",\"@id\":\"https:\/\/www.electroluxprofessional.com\/de-ch\/#website\",\"url\":\"https:\/\/www.electroluxprofessional.com\/de-ch\/\",\"name\":\"Electrolux Professional Schweiz\",\"description\":\"\",\"potentialAction\":[{\"@type\":\"SearchAction\",\"target\":{\"@type\":\"EntryPoint\",\"urlTemplate\":\"https:\/\/www.electroluxprofessional.com\/de-ch\/?src={search_term_string}\"},\"query-input\":\"required name=search_term_string\"}],\"inLanguage\":\"de-CH\"}]}<\/script>\n<!-- \/ Yoast SEO plugin. -->","yoast_head_json":{"title":"Topfsp\u00fclmaschinen von Electrolux Professional","description":"Topfsp\u00fclmaschinen von Electrolux Professional sind die beste Wahl f\u00fcr Kunden mit gehobenen Anspr\u00fcchen f\u00fcr exzellente Sp\u00fclergebnisse.","robots":{"index":"index","follow":"follow","max-snippet":"max-snippet:-1","max-image-preview":"max-image-preview:large","max-video-preview":"max-video-preview:-1"},"canonical":"https:\/\/www.electroluxprofessional.com\/de-ch\/kueche\/spueltechnik\/topfspuelmaschinen\/","og_locale":"de_DE","og_type":"article","og_title":"Topfsp\u00fclmaschinen von Electrolux Professional","og_description":"Topfsp\u00fclmaschinen von Electrolux Professional sind die beste Wahl f\u00fcr Kunden mit gehobenen Anspr\u00fcchen f\u00fcr exzellente Sp\u00fclergebnisse.","og_url":"https:\/\/www.electroluxprofessional.com\/de-ch\/kueche\/spueltechnik\/topfspuelmaschinen\/","og_site_name":"Electrolux Professional Schweiz","article_modified_time":"2026-03-27T06:38:58+00:00","twitter_card":"summary_large_image","twitter_misc":{"Gesch\u00e4tzte Lesezeit":"3 Minuten"},"schema":{"@context":"https:\/\/schema.org","@graph":[{"@type":"WebPage","@id":"https:\/\/www.electroluxprofessional.com\/de-ch\/kueche\/spueltechnik\/topfspuelmaschinen\/","url":"https:\/\/www.electroluxprofessional.com\/de-ch\/kueche\/spueltechnik\/topfspuelmaschinen\/","name":"Topfsp\u00fclmaschinen von Electrolux Professional","isPartOf":{"@id":"https:\/\/www.electroluxprofessional.com\/de-ch\/#website"},"datePublished":"2024-04-23T08:46:08+00:00","dateModified":"2026-03-27T06:38:58+00:00","description":"Topfsp\u00fclmaschinen von Electrolux Professional sind die beste Wahl f\u00fcr Kunden mit gehobenen Anspr\u00fcchen f\u00fcr exzellente Sp\u00fclergebnisse.","breadcrumb":{"@id":"https:\/\/www.electroluxprofessional.com\/de-ch\/kueche\/spueltechnik\/topfspuelmaschinen\/#breadcrumb"},"inLanguage":"de-CH","potentialAction":[{"@type":"ReadAction","target":["https:\/\/www.electroluxprofessional.com\/de-ch\/kueche\/spueltechnik\/topfspuelmaschinen\/"]}]},{"@type":"BreadcrumbList","@id":"https:\/\/www.electroluxprofessional.com\/de-ch\/kueche\/spueltechnik\/topfspuelmaschinen\/#breadcrumb","itemListElement":[{"@type":"ListItem","position":1,"name":"Home","item":"https:\/\/www.electroluxprofessional.com\/de-ch\/"},{"@type":"ListItem","position":2,"name":"K\u00fcche","item":"https:\/\/www.electroluxprofessional.com\/de-ch\/kueche\/"},{"@type":"ListItem","position":3,"name":"Sp\u00fcltechnik","item":"https:\/\/www.electroluxprofessional.com\/de-ch\/kueche\/spueltechnik\/"},{"@type":"ListItem","position":4,"name":"Topfsp\u00fclmaschinen"}]},{"@type":"WebSite","@id":"https:\/\/www.electroluxprofessional.com\/de-ch\/#website","url":"https:\/\/www.electroluxprofessional.com\/de-ch\/","name":"Electrolux Professional Schweiz","description":"","potentialAction":[{"@type":"SearchAction","target":{"@type":"EntryPoint","urlTemplate":"https:\/\/www.electroluxprofessional.com\/de-ch\/?src={search_term_string}"},"query-input":"required name=search_term_string"}],"inLanguage":"de-CH"}]}},"_links":{"self":[{"href":"https:\/\/www.electroluxprofessional.com\/de-ch\/wp-json\/wp\/v2\/pages\/16658"}],"collection":[{"href":"https:\/\/www.electroluxprofessional.com\/de-ch\/wp-json\/wp\/v2\/pages"}],"about":[{"href":"https:\/\/www.electroluxprofessional.com\/de-ch\/wp-json\/wp\/v2\/types\/page"}],"author":[{"embeddable":true,"href":"https:\/\/www.electroluxprofessional.com\/de-ch\/wp-json\/wp\/v2\/users\/209"}],"replies":[{"embeddable":true,"href":"https:\/\/www.electroluxprofessional.com\/de-ch\/wp-json\/wp\/v2\/comments?post=16658"}],"version-history":[{"count":14,"href":"https:\/\/www.electroluxprofessional.com\/de-ch\/wp-json\/wp\/v2\/pages\/16658\/revisions"}],"predecessor-version":[{"id":20516,"href":"https:\/\/www.electroluxprofessional.com\/de-ch\/wp-json\/wp\/v2\/pages\/16658\/revisions\/20516"}],"up":[{"embeddable":true,"href":"https:\/\/www.electroluxprofessional.com\/de-ch\/wp-json\/wp\/v2\/pages\/1560"}],"wp:attachment":[{"href":"https:\/\/www.electroluxprofessional.com\/de-ch\/wp-json\/wp\/v2\/media?parent=16658"}],"curies":[{"name":"wp","href":"https:\/\/api.w.org\/{rel}","templated":true}]}}