{"id":16525,"date":"2024-03-25T10:45:02","date_gmt":"2024-03-25T10:45:02","guid":{"rendered":"https:\/\/www.electroluxprofessional.com\/de-ch\/?page_id=16525"},"modified":"2026-03-25T07:08:39","modified_gmt":"2026-03-25T07:08:39","slug":"ncircl-u-rundum-sorglos-waschraumloesung","status":"publish","type":"page","link":"https:\/\/www.electroluxprofessional.com\/de-ch\/waeschereitechnik\/ncircl-u-rundum-sorglos-waschraumloesung\/","title":{"rendered":"NCircl-U: Die Rundum-sorglos-Waschrauml\u00f6sung f\u00fcr Facility-Unternehmen"},"content":{"rendered":"<p>[vc_row full_width=&#8221;electroluxpro-full-width-no-padding&#8221;][vc_column][elx_image_block background_image=&#8221;16552&#8243; minimum_height=&#8221;400px&#8221;][vc_empty_space][\/vc_column][\/vc_row][vc_row][vc_column][elx_text_image tag_title=&#8221;h1&#8243; style_image=&#8221;image_square&#8221; bg_row=&#8221;bg-download-white&#8221; title=&#8221;NCircl-U: Die Rundum-sorglos-Waschrauml\u00f6sung f\u00fcr Facility-Unternehmen&#8221; lists=&#8221;%5B%7B%7D%5D&#8221; values=&#8221;%5B%7B%7D%5D&#8221; link=&#8221;url:%23contactus|title:Kontaktieren%20Sie%20uns&#8221; single_image=&#8221;16589&#8243;]Entscheiden Sie sich jetzt f\u00fcr NCircl-U. Mit NCircl-U gewinnen Sie Zeit sich Ihrem Gesch\u00e4ft zu widmen.<br \/>\nWir k\u00fcmmern uns um Ihre Wasch- und Trockentechnik.<\/p>\n<p>Ein monatlicher Festpreis deckt ALLE Eventualit\u00e4ten ab. Es erwarten Sie keine versteckten Kosten.[\/elx_text_image][vc_empty_space][\/vc_column][\/vc_row][vc_row full_width=&#8221;electroluxpro-full-width-no-padding&#8221;][vc_column][elx_features_download title=&#8221;NCircl-U: Die einzige All-inclusive-Facilityl\u00f6sung ohne b\u00f6se \u00dcberraschungen!&#8221; class_title=&#8221;h2&#8243; title_download=&#8221;Herunterladen&#8221; title_discover=&#8221;Entdecken&#8221; bg_discover_color=&#8221;bg-download-white&#8221; link_discover_color=&#8221;download-text-blue&#8221; title_position=&#8221;top&#8221; bg_row=&#8221;bg-row-light-blue&#8221; values=&#8221;%5B%7B%22select_type%22%3A%22link%22%2C%22link_download%22%3A%22url%3Ahttps%253A%252F%252Fwww.electroluxprofessional.com%252Fde-ch%252Fwp-content%252Fuploads%252F2024%252F04%252FEPR_Leaflet-NCircleU_CH_Screen.pdf%7Ctitle%3ANCircl-U%2520Leaflet%7Ctarget%3A_blank%22%2C%22label_pride_document%22%3A%22Line%206000%20Washers%20and%20Dryers%20brochure%22%2C%22document_type%22%3A%22brochures%22%2C%22br_document_number%22%3A%22A0109%22%7D%5D&#8221; discover=&#8221;%5B%7B%22link_discover%22%3A%22url%3Ahttp%253A%252F%252FPermalink%253A%2520https%253A%252F%252Fwww.electroluxprofessional.com%252Fde-ch%252Fwaschrauml%25C3%25B6sungen-f%25C3%25BCr-das-facility-management%252F%25E2%2580%258E%7Ctitle%3AWaschrauml%25C3%25B6sungen%2520f%25C3%25BCr%2520das%2520Facility%2520Management%7Ctarget%3A_blank%22%7D%5D&#8221; features=&#8221;%5B%7B%22icon_electroluxpro%22%3A%22elx-icon%20icon-circle-star-perfomance-blue%22%2C%22title_icon%22%3A%22Rundum-Kundensupport%22%2C%22text_icon%22%3A%22Inklusive%20Planung%2C%20Installation%2C%20Einrichtung%20und%20Wartung%20der%20Maschinen%22%7D%2C%7B%22icon_electroluxpro%22%3A%22elx-icon%20icon-circle-easy-blue%22%2C%22title_icon%22%3A%22Monatliche%20Zahlung%22%2C%22text_icon%22%3A%22Keine%20unerwarteten%20Kosten%22%7D%2C%7B%22icon_electroluxpro%22%3A%22elx-icon%20icon-circle-laundry-productivity-blue%22%2C%22title_icon%22%3A%22Spezielle%20Maschinen%22%2C%22text_icon%22%3A%22Wirksame%20Reinigung%20von%20Mikrofaser-Reinigungst%C3%BCchern%20und%20Mopps%22%7D%5D&#8221;][\/elx_features_download][vc_empty_space height=&#8221;40px&#8221;][\/vc_column][\/vc_row][vc_row][vc_column][elx_video_text link_video=&#8221;https:\/\/youtu.be\/c_lY6YlDmtY&#8221; title=&#8221;Rundum-Kundensupport&#8221; bg_row=&#8221;bg-download-blue&#8221; color_text_row=&#8221;text-white&#8221; image_preview=&#8221;16612&#8243;]NCircl-U beinhaltet die Planung, Installation, Programmierung und Wartung Ihrer Wasch- und Trockentechnik. Bei Bedarf werden die Maschinen ausser Betrieb genommen, z.B. bei Verlust eines Objektes, bis zu 3 Monate eingelagert und an einem neuen Standort installiert.[\/elx_video_text][\/vc_column][\/vc_row][vc_row][vc_column][vc_empty_space][elx_text_image style_image=&#8221;image_square&#8221; bg_row=&#8221;bg-download-white&#8221; title=&#8221;Monatliche Zahlung&#8221; lists=&#8221;%5B%7B%7D%5D&#8221; values=&#8221;%5B%7B%7D%5D&#8221; single_image=&#8221;16522&#8243;]F\u00fcr einen monatlichen Festpreis sind Sie <strong>immer auf der sicheren Seite<\/strong>. Er deckt die Kosten f\u00fcr die Maschinen, inklusive Installation, Einrichtung, Wartung und Ersatzteile ab. Selbst Kosten durch einen unvorhergesehenen Maschinenausfall sowie Reparaturkosten sind enthalten.<\/p>\n<p>Bei einem irreparablen Defekt liefern wir Ihnen <strong>neue Maschinen<\/strong>. Ohne zus\u00e4tzliche Kosten f\u00fcr Sie.[\/elx_text_image][vc_empty_space][\/vc_column][\/vc_row][vc_row][vc_column][elx_text_image style_image=&#8221;image_square&#8221; image_position=&#8221;image_left&#8221; bg_row=&#8221;bg-download-white&#8221; title=&#8221;Spezielle Maschinen&#8221; lists=&#8221;%5B%7B%7D%5D&#8221; values=&#8221;%5B%7B%7D%5D&#8221; single_image=&#8221;16523&#8243;]Im Rahmen der NCircl-U-Vertr\u00e4ge werden <strong>spezielle gewerbliche Waschmaschinen und Tumbler<\/strong> f\u00fcr eine zuverl\u00e4ssige Reinigung von Mikrofaser-Reinigungst\u00fcchern und Mopps eingesetzt.<\/p>\n<p>Waschmaschinen f\u00fcr den professionellen Einsatz stellen sicher, dass s\u00e4mtliche Reinigungstextilien am Ende des Reinigungszyklus hygienisch sauber sind. Dar\u00fcber hinaus tragen passende Programme dazu bei, die Lebensdauer von Mikrofaser-T\u00fcchern und Mopps zu verl\u00e4ngern und die Betriebskosten zu senken.[\/elx_text_image][vc_empty_space][\/vc_column][\/vc_row][vc_row custom_color_row=&#8221;bg-row-light-blue&#8221; full_width=&#8221;electroluxpro-full-width-no-padding&#8221;][vc_column][elx_features_download title=&#8221;Die All-inclusive-Facilityl\u00f6sung ist perfekt auf Ihre Bed\u00fcrfnisse zugeschnitten!&#8221; title_download=&#8221;&#8221; bg_row=&#8221;bg-row-light-blue&#8221; values=&#8221;%5B%7B%22select_type%22%3A%22link%22%7D%5D&#8221; discover=&#8221;%5B%7B%7D%5D&#8221; features=&#8221;%5B%7B%7D%5D&#8221;]Entscheiden Sie sich jetzt f\u00fcr NCircl-U, wir k\u00fcmmern uns um Ihre Wasch- und Trockentechnik.[\/elx_features_download][\/vc_column][\/vc_row][vc_row el_id=&#8221;contactus&#8221;][vc_column][vc_empty_space height=&#8221;32pt&#8221;][elx_heading font_container=&#8221;h1&#8243; text_color=&#8221;inherit&#8221; text_align=&#8221;text-center&#8221;]Kontaktieren Sie uns, um mehr \u00fcber NCircl-U zu erfahren.[\/elx_heading][vc_empty_space height=&#8221;15pt&#8221;][elx_o2000_contact_us request_type=&#8221;Other&#8221; country=&#8221;Switzerland&#8221; b=&#8221;functional-sales&#8221; r=&#8221;I&#8217;m interested in learning more about NCircl-U.&#8221;][vc_empty_space height=&#8221;32pt&#8221;][\/vc_column][\/vc_row]<\/p>\n","protected":false},"excerpt":{"rendered":"<p>[vc_row full_width=&#8221;electroluxpro-full-width-no-padding&#8221;][vc_column][elx_image_block background_image=&#8221;16552&#8243; minimum_height=&#8221;400px&#8221;][vc_empty_space][\/vc_column][\/vc_row][vc_row][vc_column][elx_text_image tag_title=&#8221;h1&#8243; style_image=&#8221;image_square&#8221; bg_row=&#8221;bg-download-white&#8221; title=&#8221;NCircl-U: Die Rundum-sorglos-Waschrauml\u00f6sung f\u00fcr Facility-Unternehmen&#8221; lists=&#8221;%5B%7B%7D%5D&#8221; values=&#8221;%5B%7B%7D%5D&#8221; link=&#8221;url:%23contactus|title:Kontaktieren%20Sie%20uns&#8221; single_image=&#8221;16589&#8243;]Entscheiden Sie sich jetzt f\u00fcr NCircl-U. Mit NCircl-U gewinnen Sie Zeit sich Ihrem Gesch\u00e4ft zu widmen. Wir k\u00fcmmern uns um Ihre Wasch- und Trockentechnik. Ein monatlicher Festpreis deckt ALLE Eventualit\u00e4ten ab. Es erwarten Sie keine versteckten Kosten.[\/elx_text_image][vc_empty_space][\/vc_column][\/vc_row][vc_row full_width=&#8221;electroluxpro-full-width-no-padding&#8221;][vc_column][elx_features_download title=&#8221;NCircl-U: Die [&hellip;]<\/p>\n","protected":false},"author":209,"featured_media":0,"parent":745,"menu_order":0,"comment_status":"closed","ping_status":"closed","template":"","meta":{"footnotes":""},"class_list":["post-16525","page","type-page","status-publish","hentry"],"acf":[],"yoast_head":"<!-- This site is optimized with the Yoast SEO plugin v23.3 - https:\/\/yoast.com\/wordpress\/plugins\/seo\/ -->\n<title>NCircl-U: Die Rundum-sorglos-Waschrauml\u00f6sung f\u00fcr Facility-Unternehmen - Electrolux Professional Schweiz<\/title>\n<meta name=\"robots\" content=\"index, follow, max-snippet:-1, max-image-preview:large, max-video-preview:-1\" \/>\n<link rel=\"canonical\" href=\"https:\/\/www.electroluxprofessional.com\/de-ch\/waeschereitechnik\/ncircl-u-rundum-sorglos-waschraumloesung\/\" \/>\n<meta property=\"og:locale\" content=\"de_DE\" \/>\n<meta property=\"og:type\" content=\"article\" \/>\n<meta property=\"og:title\" content=\"NCircl-U: Die Rundum-sorglos-Waschrauml\u00f6sung f\u00fcr Facility-Unternehmen - Electrolux Professional Schweiz\" \/>\n<meta property=\"og:description\" content=\"[vc_row full_width=&#8221;electroluxpro-full-width-no-padding&#8221;][vc_column][elx_image_block background_image=&#8221;16552&#8243; minimum_height=&#8221;400px&#8221;][vc_empty_space][\/vc_column][\/vc_row][vc_row][vc_column][elx_text_image tag_title=&#8221;h1&#8243; style_image=&#8221;image_square&#8221; bg_row=&#8221;bg-download-white&#8221; title=&#8221;NCircl-U: Die Rundum-sorglos-Waschrauml\u00f6sung f\u00fcr Facility-Unternehmen&#8221; lists=&#8221;%5B%7B%7D%5D&#8221; values=&#8221;%5B%7B%7D%5D&#8221; link=&#8221;url:%23contactus|title:Kontaktieren%20Sie%20uns&#8221; single_image=&#8221;16589&#8243;]Entscheiden Sie sich jetzt f\u00fcr NCircl-U. Mit NCircl-U gewinnen Sie Zeit sich Ihrem Gesch\u00e4ft zu widmen. Wir k\u00fcmmern uns um Ihre Wasch- und Trockentechnik. Ein monatlicher Festpreis deckt ALLE Eventualit\u00e4ten ab. Es erwarten Sie keine versteckten Kosten.[\/elx_text_image][vc_empty_space][\/vc_column][\/vc_row][vc_row full_width=&#8221;electroluxpro-full-width-no-padding&#8221;][vc_column][elx_features_download title=&#8221;NCircl-U: Die [&hellip;]\" \/>\n<meta property=\"og:url\" content=\"https:\/\/www.electroluxprofessional.com\/de-ch\/waeschereitechnik\/ncircl-u-rundum-sorglos-waschraumloesung\/\" \/>\n<meta property=\"og:site_name\" content=\"Electrolux Professional Schweiz\" \/>\n<meta property=\"article:modified_time\" content=\"2026-03-25T07:08:39+00:00\" \/>\n<meta name=\"twitter:card\" content=\"summary_large_image\" \/>\n<meta name=\"twitter:label1\" content=\"Gesch\u00e4tzte Lesezeit\" \/>\n\t<meta name=\"twitter:data1\" content=\"3 Minuten\" \/>\n<script type=\"application\/ld+json\" class=\"yoast-schema-graph\">{\"@context\":\"https:\/\/schema.org\",\"@graph\":[{\"@type\":\"WebPage\",\"@id\":\"https:\/\/www.electroluxprofessional.com\/de-ch\/waeschereitechnik\/ncircl-u-rundum-sorglos-waschraumloesung\/\",\"url\":\"https:\/\/www.electroluxprofessional.com\/de-ch\/waeschereitechnik\/ncircl-u-rundum-sorglos-waschraumloesung\/\",\"name\":\"NCircl-U: Die Rundum-sorglos-Waschrauml\u00f6sung f\u00fcr Facility-Unternehmen - Electrolux Professional Schweiz\",\"isPartOf\":{\"@id\":\"https:\/\/www.electroluxprofessional.com\/de-ch\/#website\"},\"datePublished\":\"2024-03-25T10:45:02+00:00\",\"dateModified\":\"2026-03-25T07:08:39+00:00\",\"breadcrumb\":{\"@id\":\"https:\/\/www.electroluxprofessional.com\/de-ch\/waeschereitechnik\/ncircl-u-rundum-sorglos-waschraumloesung\/#breadcrumb\"},\"inLanguage\":\"de-CH\",\"potentialAction\":[{\"@type\":\"ReadAction\",\"target\":[\"https:\/\/www.electroluxprofessional.com\/de-ch\/waeschereitechnik\/ncircl-u-rundum-sorglos-waschraumloesung\/\"]}]},{\"@type\":\"BreadcrumbList\",\"@id\":\"https:\/\/www.electroluxprofessional.com\/de-ch\/waeschereitechnik\/ncircl-u-rundum-sorglos-waschraumloesung\/#breadcrumb\",\"itemListElement\":[{\"@type\":\"ListItem\",\"position\":1,\"name\":\"Home\",\"item\":\"https:\/\/www.electroluxprofessional.com\/de-ch\/\"},{\"@type\":\"ListItem\",\"position\":2,\"name\":\"W\u00e4schereitechnik\",\"item\":\"https:\/\/www.electroluxprofessional.com\/de-ch\/waeschereitechnik\/\"},{\"@type\":\"ListItem\",\"position\":3,\"name\":\"NCircl-U: Die Rundum-sorglos-Waschrauml\u00f6sung f\u00fcr Facility-Unternehmen\"}]},{\"@type\":\"WebSite\",\"@id\":\"https:\/\/www.electroluxprofessional.com\/de-ch\/#website\",\"url\":\"https:\/\/www.electroluxprofessional.com\/de-ch\/\",\"name\":\"Electrolux Professional Schweiz\",\"description\":\"\",\"potentialAction\":[{\"@type\":\"SearchAction\",\"target\":{\"@type\":\"EntryPoint\",\"urlTemplate\":\"https:\/\/www.electroluxprofessional.com\/de-ch\/?src={search_term_string}\"},\"query-input\":\"required name=search_term_string\"}],\"inLanguage\":\"de-CH\"}]}<\/script>\n<!-- \/ Yoast SEO plugin. -->","yoast_head_json":{"title":"NCircl-U: Die Rundum-sorglos-Waschrauml\u00f6sung f\u00fcr Facility-Unternehmen - Electrolux Professional Schweiz","robots":{"index":"index","follow":"follow","max-snippet":"max-snippet:-1","max-image-preview":"max-image-preview:large","max-video-preview":"max-video-preview:-1"},"canonical":"https:\/\/www.electroluxprofessional.com\/de-ch\/waeschereitechnik\/ncircl-u-rundum-sorglos-waschraumloesung\/","og_locale":"de_DE","og_type":"article","og_title":"NCircl-U: Die Rundum-sorglos-Waschrauml\u00f6sung f\u00fcr Facility-Unternehmen - Electrolux Professional Schweiz","og_description":"[vc_row full_width=&#8221;electroluxpro-full-width-no-padding&#8221;][vc_column][elx_image_block background_image=&#8221;16552&#8243; minimum_height=&#8221;400px&#8221;][vc_empty_space][\/vc_column][\/vc_row][vc_row][vc_column][elx_text_image tag_title=&#8221;h1&#8243; style_image=&#8221;image_square&#8221; bg_row=&#8221;bg-download-white&#8221; title=&#8221;NCircl-U: Die Rundum-sorglos-Waschrauml\u00f6sung f\u00fcr Facility-Unternehmen&#8221; lists=&#8221;%5B%7B%7D%5D&#8221; values=&#8221;%5B%7B%7D%5D&#8221; link=&#8221;url:%23contactus|title:Kontaktieren%20Sie%20uns&#8221; single_image=&#8221;16589&#8243;]Entscheiden Sie sich jetzt f\u00fcr NCircl-U. Mit NCircl-U gewinnen Sie Zeit sich Ihrem Gesch\u00e4ft zu widmen. Wir k\u00fcmmern uns um Ihre Wasch- und Trockentechnik. Ein monatlicher Festpreis deckt ALLE Eventualit\u00e4ten ab. Es erwarten Sie keine versteckten Kosten.[\/elx_text_image][vc_empty_space][\/vc_column][\/vc_row][vc_row full_width=&#8221;electroluxpro-full-width-no-padding&#8221;][vc_column][elx_features_download title=&#8221;NCircl-U: Die [&hellip;]","og_url":"https:\/\/www.electroluxprofessional.com\/de-ch\/waeschereitechnik\/ncircl-u-rundum-sorglos-waschraumloesung\/","og_site_name":"Electrolux Professional Schweiz","article_modified_time":"2026-03-25T07:08:39+00:00","twitter_card":"summary_large_image","twitter_misc":{"Gesch\u00e4tzte Lesezeit":"3 Minuten"},"schema":{"@context":"https:\/\/schema.org","@graph":[{"@type":"WebPage","@id":"https:\/\/www.electroluxprofessional.com\/de-ch\/waeschereitechnik\/ncircl-u-rundum-sorglos-waschraumloesung\/","url":"https:\/\/www.electroluxprofessional.com\/de-ch\/waeschereitechnik\/ncircl-u-rundum-sorglos-waschraumloesung\/","name":"NCircl-U: Die Rundum-sorglos-Waschrauml\u00f6sung f\u00fcr Facility-Unternehmen - Electrolux Professional Schweiz","isPartOf":{"@id":"https:\/\/www.electroluxprofessional.com\/de-ch\/#website"},"datePublished":"2024-03-25T10:45:02+00:00","dateModified":"2026-03-25T07:08:39+00:00","breadcrumb":{"@id":"https:\/\/www.electroluxprofessional.com\/de-ch\/waeschereitechnik\/ncircl-u-rundum-sorglos-waschraumloesung\/#breadcrumb"},"inLanguage":"de-CH","potentialAction":[{"@type":"ReadAction","target":["https:\/\/www.electroluxprofessional.com\/de-ch\/waeschereitechnik\/ncircl-u-rundum-sorglos-waschraumloesung\/"]}]},{"@type":"BreadcrumbList","@id":"https:\/\/www.electroluxprofessional.com\/de-ch\/waeschereitechnik\/ncircl-u-rundum-sorglos-waschraumloesung\/#breadcrumb","itemListElement":[{"@type":"ListItem","position":1,"name":"Home","item":"https:\/\/www.electroluxprofessional.com\/de-ch\/"},{"@type":"ListItem","position":2,"name":"W\u00e4schereitechnik","item":"https:\/\/www.electroluxprofessional.com\/de-ch\/waeschereitechnik\/"},{"@type":"ListItem","position":3,"name":"NCircl-U: Die Rundum-sorglos-Waschrauml\u00f6sung f\u00fcr Facility-Unternehmen"}]},{"@type":"WebSite","@id":"https:\/\/www.electroluxprofessional.com\/de-ch\/#website","url":"https:\/\/www.electroluxprofessional.com\/de-ch\/","name":"Electrolux Professional Schweiz","description":"","potentialAction":[{"@type":"SearchAction","target":{"@type":"EntryPoint","urlTemplate":"https:\/\/www.electroluxprofessional.com\/de-ch\/?src={search_term_string}"},"query-input":"required name=search_term_string"}],"inLanguage":"de-CH"}]}},"_links":{"self":[{"href":"https:\/\/www.electroluxprofessional.com\/de-ch\/wp-json\/wp\/v2\/pages\/16525"}],"collection":[{"href":"https:\/\/www.electroluxprofessional.com\/de-ch\/wp-json\/wp\/v2\/pages"}],"about":[{"href":"https:\/\/www.electroluxprofessional.com\/de-ch\/wp-json\/wp\/v2\/types\/page"}],"author":[{"embeddable":true,"href":"https:\/\/www.electroluxprofessional.com\/de-ch\/wp-json\/wp\/v2\/users\/209"}],"replies":[{"embeddable":true,"href":"https:\/\/www.electroluxprofessional.com\/de-ch\/wp-json\/wp\/v2\/comments?post=16525"}],"version-history":[{"count":17,"href":"https:\/\/www.electroluxprofessional.com\/de-ch\/wp-json\/wp\/v2\/pages\/16525\/revisions"}],"predecessor-version":[{"id":20445,"href":"https:\/\/www.electroluxprofessional.com\/de-ch\/wp-json\/wp\/v2\/pages\/16525\/revisions\/20445"}],"up":[{"embeddable":true,"href":"https:\/\/www.electroluxprofessional.com\/de-ch\/wp-json\/wp\/v2\/pages\/745"}],"wp:attachment":[{"href":"https:\/\/www.electroluxprofessional.com\/de-ch\/wp-json\/wp\/v2\/media?parent=16525"}],"curies":[{"name":"wp","href":"https:\/\/api.w.org\/{rel}","templated":true}]}}