{"id":1605,"date":"2016-11-23T13:46:28","date_gmt":"2016-11-23T13:46:28","guid":{"rendered":"https:\/\/www.electroluxprofessional.com\/?page_id=5782"},"modified":"2022-04-26T10:24:12","modified_gmt":"2022-04-26T10:24:12","slug":"thermaline-geschichte","status":"publish","type":"page","link":"https:\/\/www.electroluxprofessional.com\/de-ch\/kueche\/thermaline-kochbloecke\/thermaline-geschichte\/","title":{"rendered":"thermaline Geschichte"},"content":{"rendered":"<p>[vc_row full_width=&#8221;electroluxpro-full-width-no-padding&#8221;][vc_column][elx_hero_slider label_text_color=&#8221;inherit&#8221; images=&#8221;706&#8243;][elx_heading font_container=&#8221;h1&#8243; font_size=&#8221;h2&#8243; text_color=&#8221;inherit&#8221;]therma<em>line<\/em><br \/>\ndie Electrolux Swiss Quality Premium Kochger\u00e4teserie[\/elx_heading][\/elx_hero_slider][\/vc_column][\/vc_row][vc_row full_width=&#8221;electroluxpro-container-no-padding&#8221; equal_height=&#8221;yes&#8221; css=&#8221;.vc_custom_1472714193540{padding-top: 50px !important;}&#8221;][vc_column width=&#8221;1\/2&#8243;][elx_heading font_size=&#8221;h4&#8243; text_color=&#8221;inherit&#8221;]Seit 1871.<br \/>\n\u00dcber 150 Jahre Tradition, Produktion und Pr\u00e4zision.[\/elx_heading][vc_column_text]Die therma<em>line<\/em>\u00a0Geschichte reicht zur\u00fcck bis 1871, damals in Sursee, Schweiz und bis zum heutigen Tag.<\/p>\n<p>Electrolux Swiss\u00a0Quality steht in direkter Verbindung mit der Marke Therma, welche den Marktf\u00fchrer darstellt.<\/p>\n<p>therma<em>line<\/em>\u00a0offeriert Spitzentechnologie in h\u00f6chster Qualit\u00e4t, innovativen Design und Ger\u00e4te f\u00fcr einfache Anwendung.<\/p>\n<p>Erfahrung von \u00fcber mehr als 130 Jahren untermauert diese Aussage.[\/vc_column_text][\/vc_column][vc_column width=&#8221;1\/2&#8243;][vc_single_image image=&#8221;850&#8243; img_size=&#8221;full&#8221; style=&#8221;vc_box_circle_2&#8243;][\/vc_column][\/vc_row][vc_row][vc_column css=&#8221;.vc_custom_1472631578547{padding-top: 50px !important;padding-bottom: 50px !important;}&#8221;][elx_heading font_container=&#8221;h3&#8243; text_color=&#8221;inherit&#8221; text_align=&#8221;text-center&#8221; css=&#8221;.vc_custom_1496938928926{padding-top: 50px !important;padding-bottom: 50px !important;}&#8221;]Ausdruck Ihrer Kreativit\u00e4t in der K\u00fcche[\/elx_heading][\/vc_column][\/vc_row][vc_row full_width=&#8221;electroluxpro-container-no-padding&#8221; equal_height=&#8221;yes&#8221;][vc_column width=&#8221;1\/2&#8243;][elx_simple_block background_color=&#8221;inherit&#8221;][vc_column_text]<\/p>\n<h4><strong>Zuverl\u00e4ssige Innovation<\/strong><\/h4>\n<ul>\n<li><b><strong>Effiziente Brenner beschleunigen Kochzeiten<\/strong>:<\/b> patentierte, fl\u00e4chenb\u00fcndig montierte Brenner und h\u00f6chste Effizienz durch flower flame verringert W\u00e4rmeabstrahlung.<\/li>\n<li><strong>Gleichm\u00e4\u00dfige Temperaturen: <\/strong>das patentierte hocheffiziente Heizsystem des High Power Grills garantiert exzellente Grillergebnisse.<\/li>\n<li><strong>Hygienische Antihaft Oberfl\u00e4che<\/strong>:\u00a0Bratplatten sind mit hochresistenten Oberfl\u00e4chen ausgestattet. Das garantiert beste W\u00e4remverteilung und gleichm\u00e4\u00dfige Ergebnisse.<\/li>\n<li><strong>Mehrfachanwendung<\/strong>: der Aquacooker ist das ideale Ger\u00e4t f\u00fcr mehrfache Anwendungen wie, Sous-vide, Bainmarie und Pastakocher.<\/li>\n<li><strong>Ganz nach Belieben<\/strong>: das free cooking top erlaubt direktes und indirektes Kochen.<\/li>\n<\/ul>\n<p>[\/vc_column_text][\/elx_simple_block][\/vc_column][vc_column width=&#8221;1\/2&#8243;][elx_simple_block background_color=&#8221;inherit&#8221;][vc_single_image image=&#8221;852&#8243; img_size=&#8221;full&#8221; alignment=&#8221;center&#8221; style=&#8221;vc_box_shadow&#8221; onclick=&#8221;img_link_large&#8221;][\/elx_simple_block][\/vc_column][\/vc_row][vc_row full_width=&#8221;electroluxpro-container-no-padding&#8221; equal_height=&#8221;yes&#8221;][vc_column width=&#8221;1\/2&#8243;][elx_simple_block background_color=&#8221;inherit&#8221;][vc_single_image image=&#8221;853&#8243; img_size=&#8221;full&#8221;][\/elx_simple_block][\/vc_column][vc_column width=&#8221;1\/2&#8243;][elx_simple_block background_color=&#8221;inherit&#8221;][vc_column_text]<\/p>\n<h4>Maximale\u00a0Effizienz<\/h4>\n<ul>\n<li><strong>Ecotop\u00a0<\/strong>garantiert h\u00f6chste Effizienz und Reduktion der W\u00e4rmeabstrahlung f\u00fcr angenehmeres Arbeitsklima.<\/li>\n<li><strong>Ecoflame: <\/strong>mechanische Topferkennung bei Gasherden. Was bleibt, ist die Pilotflamme, wenn die Pfanne vom Herd genommen wird.<\/li>\n<li><strong>Vollfl\u00e4cheninduktion:\u00a0<\/strong>bis zu 16 T\u00f6pfe zur gleichen Zeit f\u00fcr h\u00f6chste Flexibilit\u00e4t mit den Vorteilen der Induktionstechnik.<\/li>\n<\/ul>\n<p>[\/vc_column_text][\/elx_simple_block][\/vc_column][\/vc_row][vc_row][vc_column width=&#8221;1\/2&#8243;][elx_simple_block background_color=&#8221;inherit&#8221;][vc_column_text]<\/p>\n<h4>Swissfinish<\/h4>\n<ul>\n<li><strong>Hygiene und Robustheit:\u00a0<\/strong>die 3mm starke swissfinish Oberplatte aus einem St\u00fcck bietet maximale Hygiene und Stabilit\u00e4t.<\/li>\n<li><strong>Sicherheit:\u00a0<\/strong>Beckenfunktionen wie Fritteusen, Br\u00e4ter, Bainmarie und Pastakocher haben einen erh\u00f6hten Beckenrand, damit Fl\u00fcssigkeiten nicht aus danebenliegenden Ger\u00e4ten eindringen k\u00f6nnen.<\/li>\n<li><strong>Funktionalit\u00e4t: <\/strong>jedes Detail zeichnet sich durch maximale Funktion aus. T\u00fcrgriffe und Schaltknebel sind mit Silikonauflagen ausgef\u00fchrt.<\/li>\n<\/ul>\n<p>[\/vc_column_text][\/elx_simple_block][\/vc_column][vc_column width=&#8221;1\/2&#8243;][elx_simple_block background_color=&#8221;inherit&#8221;][vc_single_image image=&#8221;854&#8243; img_size=&#8221;full&#8221;][\/elx_simple_block][\/vc_column][\/vc_row][vc_row][vc_column][vc_empty_space][\/vc_column][\/vc_row][vc_row css=&#8221;.vc_custom_1472551359919{padding-bottom: 10px !important;}&#8221;][vc_column][elx_heading font_container=&#8221;h3&#8243; text_color=&#8221;inherit&#8221; text_align=&#8221;text-center&#8221;]Treten Sie mit uns in Kontakt und finden Sie heraus, wie wir Sie unterst\u00fctzen k\u00f6nnen[\/elx_heading][elx_o2000_contact_us r=&#8221;Ich w\u00fcrde gerne mehr \u00fcber die thermaline Kochger\u00e4tserie erfahren. Bitte kontaktieren Sie mich.&#8221; s=&#8221;Anfrage thermaline Kochger\u00e4teserie&#8221; country=&#8221;Switzerland&#8221; l=&#8221;de-ch&#8221; container=&#8221;elxcontactus1466428041&#8243;][\/vc_column][\/vc_row][vc_row][vc_column][vc_empty_space height=&#8221;50px&#8221;][\/vc_column][\/vc_row][vc_row][vc_column][elx_heading font_container=&#8221;h3&#8243; text_color=&#8221;inherit&#8221; text_align=&#8221;text-center&#8221;]Finden Sie Ihre Komplett-L\u00f6sung[\/elx_heading][\/vc_column][\/vc_row][vc_row][vc_column width=&#8221;1\/3&#8243;][elx_maylike_box id_box=&#8221;337&#8243;][\/vc_column][vc_column width=&#8221;1\/3&#8243;][elx_maylike_box id_box=&#8221;374&#8243;][\/vc_column][vc_column width=&#8221;1\/3&#8243;][elx_maylike_box id_box=&#8221;705&#8243;][\/vc_column][\/vc_row][vc_row][vc_column][vc_empty_space height=&#8221;50px&#8221;][\/vc_column][\/vc_row]<\/p>\n","protected":false},"excerpt":{"rendered":"<p>[vc_row full_width=&#8221;electroluxpro-full-width-no-padding&#8221;][vc_column][elx_hero_slider label_text_color=&#8221;inherit&#8221; images=&#8221;706&#8243;][elx_heading font_container=&#8221;h1&#8243; font_size=&#8221;h2&#8243; text_color=&#8221;inherit&#8221;]thermaline die Electrolux Swiss Quality Premium Kochger\u00e4teserie[\/elx_heading][\/elx_hero_slider][\/vc_column][\/vc_row][vc_row full_width=&#8221;electroluxpro-container-no-padding&#8221; equal_height=&#8221;yes&#8221; css=&#8221;.vc_custom_1472714193540{padding-top: 50px !important;}&#8221;][vc_column width=&#8221;1\/2&#8243;][elx_heading font_size=&#8221;h4&#8243; text_color=&#8221;inherit&#8221;]Seit 1871. \u00dcber 150 Jahre Tradition, Produktion und Pr\u00e4zision.[\/elx_heading][vc_column_text]Die thermaline\u00a0Geschichte reicht zur\u00fcck bis 1871, damals in Sursee, Schweiz und bis zum heutigen Tag. Electrolux Swiss\u00a0Quality steht in direkter Verbindung mit der Marke Therma, welche den [&hellip;]<\/p>\n","protected":false},"author":5,"featured_media":0,"parent":857,"menu_order":0,"comment_status":"closed","ping_status":"closed","template":"","meta":{"footnotes":""},"class_list":["post-1605","page","type-page","status-publish","hentry"],"acf":[],"yoast_head":"<!-- This site is optimized with the Yoast SEO plugin v23.3 - https:\/\/yoast.com\/wordpress\/plugins\/seo\/ -->\n<title>Die thermaline Geschichte - Electrolux Professional<\/title>\n<meta name=\"description\" content=\"Wir erz\u00e4hlen Ihnen die Geschichte der Marke Therma von Electrolux Professional. thermaline existiert nun seit 130 Jahren. Erfahren Sie mehr!\" \/>\n<meta name=\"robots\" content=\"index, follow, max-snippet:-1, max-image-preview:large, max-video-preview:-1\" \/>\n<link rel=\"canonical\" href=\"https:\/\/www.electroluxprofessional.com\/de-ch\/kueche\/thermaline-kochbloecke\/thermaline-geschichte\/\" \/>\n<meta property=\"og:locale\" content=\"de_DE\" \/>\n<meta property=\"og:type\" content=\"article\" \/>\n<meta property=\"og:title\" content=\"Die thermaline Geschichte - Electrolux Professional\" \/>\n<meta property=\"og:description\" content=\"Wir erz\u00e4hlen Ihnen die Geschichte der Marke Therma von Electrolux Professional. thermaline existiert nun seit 130 Jahren. Erfahren Sie mehr!\" \/>\n<meta property=\"og:url\" content=\"https:\/\/www.electroluxprofessional.com\/de-ch\/kueche\/thermaline-kochbloecke\/thermaline-geschichte\/\" \/>\n<meta property=\"og:site_name\" content=\"Electrolux Professional Schweiz\" \/>\n<meta property=\"article:modified_time\" content=\"2022-04-26T10:24:12+00:00\" \/>\n<meta name=\"twitter:card\" content=\"summary_large_image\" \/>\n<meta name=\"twitter:label1\" content=\"Gesch\u00e4tzte Lesezeit\" \/>\n\t<meta name=\"twitter:data1\" content=\"4 Minuten\" \/>\n<script type=\"application\/ld+json\" class=\"yoast-schema-graph\">{\"@context\":\"https:\/\/schema.org\",\"@graph\":[{\"@type\":\"WebPage\",\"@id\":\"https:\/\/www.electroluxprofessional.com\/de-ch\/kueche\/thermaline-kochbloecke\/thermaline-geschichte\/\",\"url\":\"https:\/\/www.electroluxprofessional.com\/de-ch\/kueche\/thermaline-kochbloecke\/thermaline-geschichte\/\",\"name\":\"Die thermaline Geschichte - Electrolux Professional\",\"isPartOf\":{\"@id\":\"https:\/\/www.electroluxprofessional.com\/de-ch\/#website\"},\"datePublished\":\"2016-11-23T13:46:28+00:00\",\"dateModified\":\"2022-04-26T10:24:12+00:00\",\"description\":\"Wir erz\u00e4hlen Ihnen die Geschichte der Marke Therma von Electrolux Professional. thermaline existiert nun seit 130 Jahren. Erfahren Sie mehr!\",\"breadcrumb\":{\"@id\":\"https:\/\/www.electroluxprofessional.com\/de-ch\/kueche\/thermaline-kochbloecke\/thermaline-geschichte\/#breadcrumb\"},\"inLanguage\":\"de-CH\",\"potentialAction\":[{\"@type\":\"ReadAction\",\"target\":[\"https:\/\/www.electroluxprofessional.com\/de-ch\/kueche\/thermaline-kochbloecke\/thermaline-geschichte\/\"]}]},{\"@type\":\"BreadcrumbList\",\"@id\":\"https:\/\/www.electroluxprofessional.com\/de-ch\/kueche\/thermaline-kochbloecke\/thermaline-geschichte\/#breadcrumb\",\"itemListElement\":[{\"@type\":\"ListItem\",\"position\":1,\"name\":\"Home\",\"item\":\"https:\/\/www.electroluxprofessional.com\/de-ch\/\"},{\"@type\":\"ListItem\",\"position\":2,\"name\":\"K\u00fcche\",\"item\":\"https:\/\/www.electroluxprofessional.com\/de-ch\/kueche\/\"},{\"@type\":\"ListItem\",\"position\":3,\"name\":\"thermaline Kochbl\u00f6cke\",\"item\":\"https:\/\/www.electroluxprofessional.com\/de-ch\/kueche\/thermaline-kochbloecke\/\"},{\"@type\":\"ListItem\",\"position\":4,\"name\":\"thermaline Geschichte\"}]},{\"@type\":\"WebSite\",\"@id\":\"https:\/\/www.electroluxprofessional.com\/de-ch\/#website\",\"url\":\"https:\/\/www.electroluxprofessional.com\/de-ch\/\",\"name\":\"Electrolux Professional Schweiz\",\"description\":\"\",\"potentialAction\":[{\"@type\":\"SearchAction\",\"target\":{\"@type\":\"EntryPoint\",\"urlTemplate\":\"https:\/\/www.electroluxprofessional.com\/de-ch\/?src={search_term_string}\"},\"query-input\":\"required name=search_term_string\"}],\"inLanguage\":\"de-CH\"}]}<\/script>\n<!-- \/ Yoast SEO plugin. -->","yoast_head_json":{"title":"Die thermaline Geschichte - Electrolux Professional","description":"Wir erz\u00e4hlen Ihnen die Geschichte der Marke Therma von Electrolux Professional. thermaline existiert nun seit 130 Jahren. Erfahren Sie mehr!","robots":{"index":"index","follow":"follow","max-snippet":"max-snippet:-1","max-image-preview":"max-image-preview:large","max-video-preview":"max-video-preview:-1"},"canonical":"https:\/\/www.electroluxprofessional.com\/de-ch\/kueche\/thermaline-kochbloecke\/thermaline-geschichte\/","og_locale":"de_DE","og_type":"article","og_title":"Die thermaline Geschichte - Electrolux Professional","og_description":"Wir erz\u00e4hlen Ihnen die Geschichte der Marke Therma von Electrolux Professional. thermaline existiert nun seit 130 Jahren. Erfahren Sie mehr!","og_url":"https:\/\/www.electroluxprofessional.com\/de-ch\/kueche\/thermaline-kochbloecke\/thermaline-geschichte\/","og_site_name":"Electrolux Professional Schweiz","article_modified_time":"2022-04-26T10:24:12+00:00","twitter_card":"summary_large_image","twitter_misc":{"Gesch\u00e4tzte Lesezeit":"4 Minuten"},"schema":{"@context":"https:\/\/schema.org","@graph":[{"@type":"WebPage","@id":"https:\/\/www.electroluxprofessional.com\/de-ch\/kueche\/thermaline-kochbloecke\/thermaline-geschichte\/","url":"https:\/\/www.electroluxprofessional.com\/de-ch\/kueche\/thermaline-kochbloecke\/thermaline-geschichte\/","name":"Die thermaline Geschichte - Electrolux Professional","isPartOf":{"@id":"https:\/\/www.electroluxprofessional.com\/de-ch\/#website"},"datePublished":"2016-11-23T13:46:28+00:00","dateModified":"2022-04-26T10:24:12+00:00","description":"Wir erz\u00e4hlen Ihnen die Geschichte der Marke Therma von Electrolux Professional. thermaline existiert nun seit 130 Jahren. Erfahren Sie mehr!","breadcrumb":{"@id":"https:\/\/www.electroluxprofessional.com\/de-ch\/kueche\/thermaline-kochbloecke\/thermaline-geschichte\/#breadcrumb"},"inLanguage":"de-CH","potentialAction":[{"@type":"ReadAction","target":["https:\/\/www.electroluxprofessional.com\/de-ch\/kueche\/thermaline-kochbloecke\/thermaline-geschichte\/"]}]},{"@type":"BreadcrumbList","@id":"https:\/\/www.electroluxprofessional.com\/de-ch\/kueche\/thermaline-kochbloecke\/thermaline-geschichte\/#breadcrumb","itemListElement":[{"@type":"ListItem","position":1,"name":"Home","item":"https:\/\/www.electroluxprofessional.com\/de-ch\/"},{"@type":"ListItem","position":2,"name":"K\u00fcche","item":"https:\/\/www.electroluxprofessional.com\/de-ch\/kueche\/"},{"@type":"ListItem","position":3,"name":"thermaline Kochbl\u00f6cke","item":"https:\/\/www.electroluxprofessional.com\/de-ch\/kueche\/thermaline-kochbloecke\/"},{"@type":"ListItem","position":4,"name":"thermaline Geschichte"}]},{"@type":"WebSite","@id":"https:\/\/www.electroluxprofessional.com\/de-ch\/#website","url":"https:\/\/www.electroluxprofessional.com\/de-ch\/","name":"Electrolux Professional Schweiz","description":"","potentialAction":[{"@type":"SearchAction","target":{"@type":"EntryPoint","urlTemplate":"https:\/\/www.electroluxprofessional.com\/de-ch\/?src={search_term_string}"},"query-input":"required name=search_term_string"}],"inLanguage":"de-CH"}]}},"_links":{"self":[{"href":"https:\/\/www.electroluxprofessional.com\/de-ch\/wp-json\/wp\/v2\/pages\/1605"}],"collection":[{"href":"https:\/\/www.electroluxprofessional.com\/de-ch\/wp-json\/wp\/v2\/pages"}],"about":[{"href":"https:\/\/www.electroluxprofessional.com\/de-ch\/wp-json\/wp\/v2\/types\/page"}],"author":[{"embeddable":true,"href":"https:\/\/www.electroluxprofessional.com\/de-ch\/wp-json\/wp\/v2\/users\/5"}],"replies":[{"embeddable":true,"href":"https:\/\/www.electroluxprofessional.com\/de-ch\/wp-json\/wp\/v2\/comments?post=1605"}],"version-history":[{"count":4,"href":"https:\/\/www.electroluxprofessional.com\/de-ch\/wp-json\/wp\/v2\/pages\/1605\/revisions"}],"predecessor-version":[{"id":13110,"href":"https:\/\/www.electroluxprofessional.com\/de-ch\/wp-json\/wp\/v2\/pages\/1605\/revisions\/13110"}],"up":[{"embeddable":true,"href":"https:\/\/www.electroluxprofessional.com\/de-ch\/wp-json\/wp\/v2\/pages\/857"}],"wp:attachment":[{"href":"https:\/\/www.electroluxprofessional.com\/de-ch\/wp-json\/wp\/v2\/media?parent=1605"}],"curies":[{"name":"wp","href":"https:\/\/api.w.org\/{rel}","templated":true}]}}