{"id":14701,"date":"2023-06-14T09:45:15","date_gmt":"2023-06-14T09:45:15","guid":{"rendered":"https:\/\/www.electroluxprofessional.com\/de-ch\/?page_id=14701"},"modified":"2026-04-09T10:24:49","modified_gmt":"2026-04-09T10:24:49","slug":"lieferfaehigkeit-skyline","status":"publish","type":"page","link":"https:\/\/www.electroluxprofessional.com\/de-ch\/lieferfaehigkeit-skyline\/","title":{"rendered":"FAST RUNNER &#8211; SkyLine"},"content":{"rendered":"<p>[vc_row full_width=&#8221;electroluxpro-full-width-no-padding&#8221;][vc_column css=&#8221;.vc_custom_1618358802266{margin-top: -40px !important;border-top-width: -40px !important;padding-top: -40px !important;}&#8221;][elx_full_banner title=&#8221;FAST RUNNER &#8211; SkyLine&#8221; set_as_h1=&#8221;true&#8221; background_image_media_library=&#8221;14700&#8243; background_image_media_library_mobile=&#8221;48826&#8243; link=&#8221;url:%23contact|title:Heute%20bestellt%20-%20morgen%20auf%20dem%20Weg&#8221;][vc_empty_space][\/vc_column][\/vc_row][vc_row][vc_column width=&#8221;1\/3&#8243;][elx_icons icon_size=&#8221;elx-icon-medium&#8221; alignment=&#8221;right&#8221; icon_electroluxpro=&#8221;elx-icon icon-info-gold&#8221;][\/vc_column][vc_column width=&#8221;2\/3&#8243;][vc_column_text]<strong>FAST RUNNER &#8211; <\/strong>Command\u00e9 aujourd&#8217;hui &#8211; en route demain[\/vc_column_text][elx_button button_text=&#8221;Cliquez ici pour plus d&#8217;informations&#8221; button_style=&#8221;icon-blue&#8221; button_link=&#8221;url:https%3A%2F%2Fwww.electroluxprofessional.com%2Fde-ch%2Fwp-content%2Fuploads%2F2023%2F06%2FFast-Runner-CH_FR.pdf|target:_blank&#8221;][\/vc_column][\/vc_row][vc_row][vc_column][vc_empty_space][elx_menu][\/vc_column][\/vc_row][vc_row][vc_column][vc_column_text]<\/p>\n<h3 style=\"text-align: center;\"><span class=\"ui-provider gp b c d e f g h i j k l m n o p q r s t u v w x y z ab ac ae af ag ah ai aj ak\" dir=\"ltr\">Schnelle Lieferf\u00e4higkeit ist in vielen Situationen das A&amp;O.<\/span><\/h3>\n<p style=\"text-align: center;\">Ab sofort sind unsere beliebtesten Produkte aus den Bereichen Kombid\u00e4mpfer,<br \/>\nSp\u00fclmaschinen, K\u00fchltechnik und modularer Kochtechnik im Lager verf\u00fcgbar.[\/vc_column_text][vc_empty_space][vc_row_inner][vc_column_inner][elx_button button_text=&#8221;Erfahren Sie mehr \u00fcber SkyLine Kombid\u00e4mpfer &amp; \u00d6fen&#8221; button_display_block=&#8221;display_block_on&#8221; button_alignment=&#8221;align_center&#8221; button_link=&#8221;url:https%3A%2F%2Fwww.electroluxprofessional.com%2Fde-ch%2Fgrosskuechentechnik%2Fkombidaempfer-und-ofen%2F%3Futm_campaign%3Dfood-skyline-2023-05-DE%26utm_content%3Dovens%26utm_medium%3Dbutton%26utm_source%3Dwebsite%26utm_term%3Dc2705f25a04e463492a7b943a32180ee|target:_blank&#8221;][\/vc_column_inner][\/vc_row_inner][vc_empty_space height=&#8221;62px&#8221;][\/vc_column][\/vc_row][vc_row][vc_column width=&#8221;1\/3&#8243;][vc_single_image image=&#8221;14692&#8243; img_size=&#8221;medium&#8221; alignment=&#8221;center&#8221; css_animation=&#8221;none&#8221;][elx_heading font_size=&#8221;h5&#8243; text_color=&#8221;inherit&#8221; text_align=&#8221;text-center&#8221;]SkyLine Pro<sup>s<\/sup> Kombid\u00e4mpfer[\/elx_heading][vc_column_text]<\/p>\n<p style=\"text-align: center;\">Dampferzeugung im Garraum<br \/>\n6 GN 1\/1, Elektro[\/vc_column_text][elx_heading font_container=&#8221;h6&#8243; font_size=&#8221;h6&#8243; text_color=&#8221;inherit&#8221; text_align=&#8221;text-center&#8221;]Art.-Nr. 217620[\/elx_heading][elx_button button_text=&#8221;Mehr erfahren&#8221; button_style=&#8221;default&#8221; button_display_block=&#8221;display_block_on&#8221; button_alignment=&#8221;align_center&#8221; button_link=&#8221;url:https%3A%2F%2Fwww.electroluxprofessional.com%2Fde-ch%2Fpd%2Fcook-chill%2Fskyline-pros-hei%25C3%259Fluftd%25C3%25A4mpfer%2Fskyline-pros-heissluftd%25C3%25A4mpfer-elektro%2Fskyline-pros-6&#215;1-1-elektro%2Fskyline-pros-skyline-pro-s-heissluftofen-direkteinspritzung-ohne-boiler6-gn-1-1-elektro-230v-217620%2F|target:_blank&#8221;][\/vc_column][vc_column width=&#8221;1\/3&#8243;][vc_empty_space height=&#8221;12px&#8221;][vc_single_image image=&#8221;14693&#8243; img_size=&#8221;medium&#8221; alignment=&#8221;center&#8221; css_animation=&#8221;none&#8221;][elx_heading font_size=&#8221;h5&#8243; text_color=&#8221;inherit&#8221; text_align=&#8221;text-center&#8221;]SkyLine Premium Kombid\u00e4mpfer[\/elx_heading][vc_column_text]<\/p>\n<p style=\"text-align: center;\">Mit Boiler und digitaler Steuerung<br \/>\n6 GN 1\/1, Elektro[\/vc_column_text][elx_heading font_container=&#8221;h6&#8243; font_size=&#8221;h6&#8243; text_color=&#8221;inherit&#8221; text_align=&#8221;text-center&#8221;]Art.-Nr. 217820[\/elx_heading][elx_button button_text=&#8221;Mehr erfahren&#8221; button_style=&#8221;default&#8221; button_display_block=&#8221;display_block_on&#8221; button_alignment=&#8221;align_center&#8221; button_link=&#8221;url:https%3A%2F%2Fwww.electroluxprofessional.com%2Fde-ch%2Fpd%2Fcook-chill%2Fskyline-premium-hei%25C3%259Fluftd%25C3%25A4mpfer%2Fskyline-premium-hei%25C3%259Fluftd%25C3%25A4mpferelektro%2Fskyline-premium-6&#215;1-1-elektro%2Fskyline-premium-skyline-premium-ofen-6-gn-1-1-elektro-217820%2F|target:_blank&#8221;][vc_empty_space height=&#8221;100px&#8221;][vc_empty_space height=&#8221;10px&#8221;][\/vc_column][vc_column width=&#8221;1\/3&#8243;][vc_single_image image=&#8221;14694&#8243; img_size=&#8221;medium&#8221; alignment=&#8221;center&#8221; css_animation=&#8221;none&#8221;][elx_heading font_size=&#8221;h5&#8243; text_color=&#8221;inherit&#8221; text_align=&#8221;text-center&#8221;]SkyLine Premium<sup>s<\/sup> Kombid\u00e4mpfer[\/elx_heading][vc_column_text]<\/p>\n<p style=\"text-align: center;\">Mit Boiler und Touchscreen, 6 GN 1\/1<\/p>\n<p>[\/vc_column_text][elx_heading font_container=&#8221;h6&#8243; font_size=&#8221;h6&#8243; text_color=&#8221;inherit&#8221; text_align=&#8221;text-center&#8221;]Art.-Nr. 217720 (Elektro)<br \/>\nArt.-Nr. 217780 (Gas)[\/elx_heading][elx_button button_text=&#8221;Mehr erfahren&#8221; button_style=&#8221;default&#8221; button_display_block=&#8221;display_block_on&#8221; button_alignment=&#8221;align_center&#8221; button_link=&#8221;url:https%3A%2F%2Fwww.electroluxprofessional.com%2Fde-ch%2Fpd%2Fcook-chill%2Fskyline-premiums-hei%25C3%259Fluftd%25C3%25A4mpfer%2Fskyline-premiums-hei%25C3%259Fluftd%25C3%25A4mpferelektro%2Fskyline-premiums-6&#215;1-1-elektro%2Fskyline-premium-s-skyline-premiums-skyline-premium-s-ofen-6gn1-1-elektro-217720%2F|target:_blank&#8221;][vc_empty_space height=&#8221;10px&#8221;][vc_empty_space height=&#8221;10px&#8221;][\/vc_column][\/vc_row][vc_row][vc_column width=&#8221;1\/3&#8243;][vc_single_image image=&#8221;14695&#8243; img_size=&#8221;medium&#8221; alignment=&#8221;center&#8221; css_animation=&#8221;none&#8221;][elx_heading font_size=&#8221;h5&#8243; text_color=&#8221;inherit&#8221; text_align=&#8221;text-center&#8221;]SkyLine Premium<sup>s<\/sup> Kombid\u00e4mpfer[\/elx_heading][vc_column_text]<\/p>\n<p style=\"text-align: center;\">Mit Boiler und Touchscreen, 10 GN 1\/1<\/p>\n<p>[\/vc_column_text][elx_heading font_container=&#8221;h6&#8243; font_size=&#8221;h6&#8243; text_color=&#8221;inherit&#8221; text_align=&#8221;text-center&#8221;]Art.-Nr. 217722 (Elektro)<br \/>\nArt.-Nr. 217782 (Gas)[\/elx_heading][elx_button button_text=&#8221;Mehr erfahren&#8221; button_style=&#8221;default&#8221; button_display_block=&#8221;display_block_on&#8221; button_alignment=&#8221;align_center&#8221; button_link=&#8221;url:https%3A%2F%2Fwww.electroluxprofessional.com%2Fde-ch%2Fpd%2Fcook-chill%2Fskyline-premiums-hei%25C3%259Fluftd%25C3%25A4mpfer%2Fskyline-premiums-hei%25C3%259Fluftd%25C3%25A4mpferelektro%2Fskyline-premiums-10&#215;1-1-elektro%2Fskyline-premium-s-skyline-premium-s-ofen-10-gn-1-1-elektro-217722%2F|target:_blank&#8221;][\/vc_column][vc_column width=&#8221;1\/3&#8243;][vc_empty_space height=&#8221;10px&#8221;][\/vc_column][vc_column width=&#8221;1\/3&#8243;][vc_empty_space height=&#8221;10px&#8221;][vc_empty_space height=&#8221;10px&#8221;][\/vc_column][\/vc_row][vc_row][vc_column][vc_empty_space height=&#8221;82px&#8221;][elx_heading font_container=&#8221;h4&#8243; font_size=&#8221;h3&#8243; text_color=&#8221;inherit&#8221; text_align=&#8221;text-center&#8221;]Erfahren Sie mehr \u00fcber SkyLine Kombid\u00e4mpfer[\/elx_heading][\/vc_column][\/vc_row][vc_row disable_element=&#8221;yes&#8221;][vc_column width=&#8221;1\/3&#8243;][elx_maylike_box id_box=&#8221;14699&#8243;][\/vc_column][vc_column width=&#8221;1\/3&#8243;][elx_maylike_box id_box=&#8221;701&#8243;][\/vc_column][vc_column width=&#8221;1\/3&#8243;][elx_maylike_box id_box=&#8221;703&#8243; link_target=&#8221;blank&#8221;][\/vc_column][\/vc_row][vc_row el_id=&#8221;contact&#8221;][vc_column][vc_empty_space][elx_o2000_contact_us s=&#8221;Lieferf\u00e4higkeit &#8211; SkyLine &#8211; Anfrage&#8221; campaign=&#8221;7015p000000rXS2AAM&#8221; country=&#8221;Switzerland&#8221; b=&#8221;food&#8221; container=&#8221;elxcontactus1484304163&#8243; r=&#8221;Ich habe Interesse an den lieferf\u00e4higen Produkten von SkyLine. Bitte kontaktieren Sie mich.&#8221;][vc_empty_space][\/vc_column][\/vc_row][vc_row][vc_column][vc_column_text][\/vc_column_text][\/vc_column][\/vc_row]<\/p>\n","protected":false},"excerpt":{"rendered":"<p>[vc_row full_width=&#8221;electroluxpro-full-width-no-padding&#8221;][vc_column css=&#8221;.vc_custom_1618358802266{margin-top: -40px !important;border-top-width: -40px !important;padding-top: -40px !important;}&#8221;][elx_full_banner title=&#8221;FAST RUNNER &#8211; SkyLine&#8221; set_as_h1=&#8221;true&#8221; background_image_media_library=&#8221;14700&#8243; background_image_media_library_mobile=&#8221;48826&#8243; link=&#8221;url:%23contact|title:Heute%20bestellt%20-%20morgen%20auf%20dem%20Weg&#8221;][vc_empty_space][\/vc_column][\/vc_row][vc_row][vc_column width=&#8221;1\/3&#8243;][elx_icons icon_size=&#8221;elx-icon-medium&#8221; alignment=&#8221;right&#8221; icon_electroluxpro=&#8221;elx-icon icon-info-gold&#8221;][\/vc_column][vc_column width=&#8221;2\/3&#8243;][vc_column_text]FAST RUNNER &#8211; Command\u00e9 aujourd&#8217;hui &#8211; en route demain[\/vc_column_text][elx_button button_text=&#8221;Cliquez ici pour plus d&#8217;informations&#8221; button_style=&#8221;icon-blue&#8221; button_link=&#8221;url:https%3A%2F%2Fwww.electroluxprofessional.com%2Fde-ch%2Fwp-content%2Fuploads%2F2023%2F06%2FFast-Runner-CH_FR.pdf|target:_blank&#8221;][\/vc_column][\/vc_row][vc_row][vc_column][vc_empty_space][elx_menu][\/vc_column][\/vc_row][vc_row][vc_column][vc_column_text] Schnelle Lieferf\u00e4higkeit ist in vielen Situationen das A&amp;O. Ab sofort sind unsere beliebtesten Produkte aus den Bereichen [&hellip;]<\/p>\n","protected":false},"author":209,"featured_media":0,"parent":0,"menu_order":0,"comment_status":"closed","ping_status":"closed","template":"","meta":{"footnotes":""},"class_list":["post-14701","page","type-page","status-publish","hentry"],"acf":[],"yoast_head":"<!-- This site is optimized with the Yoast SEO plugin v23.3 - https:\/\/yoast.com\/wordpress\/plugins\/seo\/ -->\n<title>Schnelle Lieferf\u00e4higkeit - SkyLine | Electrolux Professional<\/title>\n<meta name=\"description\" content=\"Ab sofort sind viele Produkte aus den Bereichen Kombid\u00e4mpfer, Sp\u00fclmaschinen, K\u00fchltechnik und modularer Kochtechnik im Lager verf\u00fcgbar.\" \/>\n<meta name=\"robots\" content=\"index, follow, max-snippet:-1, max-image-preview:large, max-video-preview:-1\" \/>\n<link rel=\"canonical\" href=\"https:\/\/www.electroluxprofessional.com\/de-ch\/lieferfaehigkeit-skyline\/\" \/>\n<meta property=\"og:locale\" content=\"de_DE\" \/>\n<meta property=\"og:type\" content=\"article\" \/>\n<meta property=\"og:title\" content=\"Schnelle Lieferf\u00e4higkeit - SkyLine | Electrolux Professional\" \/>\n<meta property=\"og:description\" content=\"Ab sofort sind viele Produkte aus den Bereichen Kombid\u00e4mpfer, Sp\u00fclmaschinen, K\u00fchltechnik und modularer Kochtechnik im Lager verf\u00fcgbar.\" \/>\n<meta property=\"og:url\" content=\"https:\/\/www.electroluxprofessional.com\/de-ch\/lieferfaehigkeit-skyline\/\" \/>\n<meta property=\"og:site_name\" content=\"Electrolux Professional Schweiz\" \/>\n<meta property=\"article:modified_time\" content=\"2026-04-09T10:24:49+00:00\" \/>\n<meta name=\"twitter:card\" content=\"summary_large_image\" \/>\n<meta name=\"twitter:label1\" content=\"Gesch\u00e4tzte Lesezeit\" \/>\n\t<meta name=\"twitter:data1\" content=\"3 Minuten\" \/>\n<script type=\"application\/ld+json\" class=\"yoast-schema-graph\">{\"@context\":\"https:\/\/schema.org\",\"@graph\":[{\"@type\":\"WebPage\",\"@id\":\"https:\/\/www.electroluxprofessional.com\/de-ch\/lieferfaehigkeit-skyline\/\",\"url\":\"https:\/\/www.electroluxprofessional.com\/de-ch\/lieferfaehigkeit-skyline\/\",\"name\":\"Schnelle Lieferf\u00e4higkeit - SkyLine | Electrolux Professional\",\"isPartOf\":{\"@id\":\"https:\/\/www.electroluxprofessional.com\/de-ch\/#website\"},\"datePublished\":\"2023-06-14T09:45:15+00:00\",\"dateModified\":\"2026-04-09T10:24:49+00:00\",\"description\":\"Ab sofort sind viele Produkte aus den Bereichen Kombid\u00e4mpfer, Sp\u00fclmaschinen, K\u00fchltechnik und modularer Kochtechnik im Lager verf\u00fcgbar.\",\"breadcrumb\":{\"@id\":\"https:\/\/www.electroluxprofessional.com\/de-ch\/lieferfaehigkeit-skyline\/#breadcrumb\"},\"inLanguage\":\"de-CH\",\"potentialAction\":[{\"@type\":\"ReadAction\",\"target\":[\"https:\/\/www.electroluxprofessional.com\/de-ch\/lieferfaehigkeit-skyline\/\"]}]},{\"@type\":\"BreadcrumbList\",\"@id\":\"https:\/\/www.electroluxprofessional.com\/de-ch\/lieferfaehigkeit-skyline\/#breadcrumb\",\"itemListElement\":[{\"@type\":\"ListItem\",\"position\":1,\"name\":\"Home\",\"item\":\"https:\/\/www.electroluxprofessional.com\/de-ch\/\"},{\"@type\":\"ListItem\",\"position\":2,\"name\":\"FAST RUNNER &#8211; SkyLine\"}]},{\"@type\":\"WebSite\",\"@id\":\"https:\/\/www.electroluxprofessional.com\/de-ch\/#website\",\"url\":\"https:\/\/www.electroluxprofessional.com\/de-ch\/\",\"name\":\"Electrolux Professional Schweiz\",\"description\":\"\",\"potentialAction\":[{\"@type\":\"SearchAction\",\"target\":{\"@type\":\"EntryPoint\",\"urlTemplate\":\"https:\/\/www.electroluxprofessional.com\/de-ch\/?src={search_term_string}\"},\"query-input\":\"required name=search_term_string\"}],\"inLanguage\":\"de-CH\"}]}<\/script>\n<!-- \/ Yoast SEO plugin. -->","yoast_head_json":{"title":"Schnelle Lieferf\u00e4higkeit - SkyLine | Electrolux Professional","description":"Ab sofort sind viele Produkte aus den Bereichen Kombid\u00e4mpfer, Sp\u00fclmaschinen, K\u00fchltechnik und modularer Kochtechnik im Lager verf\u00fcgbar.","robots":{"index":"index","follow":"follow","max-snippet":"max-snippet:-1","max-image-preview":"max-image-preview:large","max-video-preview":"max-video-preview:-1"},"canonical":"https:\/\/www.electroluxprofessional.com\/de-ch\/lieferfaehigkeit-skyline\/","og_locale":"de_DE","og_type":"article","og_title":"Schnelle Lieferf\u00e4higkeit - SkyLine | Electrolux Professional","og_description":"Ab sofort sind viele Produkte aus den Bereichen Kombid\u00e4mpfer, Sp\u00fclmaschinen, K\u00fchltechnik und modularer Kochtechnik im Lager verf\u00fcgbar.","og_url":"https:\/\/www.electroluxprofessional.com\/de-ch\/lieferfaehigkeit-skyline\/","og_site_name":"Electrolux Professional Schweiz","article_modified_time":"2026-04-09T10:24:49+00:00","twitter_card":"summary_large_image","twitter_misc":{"Gesch\u00e4tzte Lesezeit":"3 Minuten"},"schema":{"@context":"https:\/\/schema.org","@graph":[{"@type":"WebPage","@id":"https:\/\/www.electroluxprofessional.com\/de-ch\/lieferfaehigkeit-skyline\/","url":"https:\/\/www.electroluxprofessional.com\/de-ch\/lieferfaehigkeit-skyline\/","name":"Schnelle Lieferf\u00e4higkeit - SkyLine | Electrolux Professional","isPartOf":{"@id":"https:\/\/www.electroluxprofessional.com\/de-ch\/#website"},"datePublished":"2023-06-14T09:45:15+00:00","dateModified":"2026-04-09T10:24:49+00:00","description":"Ab sofort sind viele Produkte aus den Bereichen Kombid\u00e4mpfer, Sp\u00fclmaschinen, K\u00fchltechnik und modularer Kochtechnik im Lager verf\u00fcgbar.","breadcrumb":{"@id":"https:\/\/www.electroluxprofessional.com\/de-ch\/lieferfaehigkeit-skyline\/#breadcrumb"},"inLanguage":"de-CH","potentialAction":[{"@type":"ReadAction","target":["https:\/\/www.electroluxprofessional.com\/de-ch\/lieferfaehigkeit-skyline\/"]}]},{"@type":"BreadcrumbList","@id":"https:\/\/www.electroluxprofessional.com\/de-ch\/lieferfaehigkeit-skyline\/#breadcrumb","itemListElement":[{"@type":"ListItem","position":1,"name":"Home","item":"https:\/\/www.electroluxprofessional.com\/de-ch\/"},{"@type":"ListItem","position":2,"name":"FAST RUNNER &#8211; SkyLine"}]},{"@type":"WebSite","@id":"https:\/\/www.electroluxprofessional.com\/de-ch\/#website","url":"https:\/\/www.electroluxprofessional.com\/de-ch\/","name":"Electrolux Professional Schweiz","description":"","potentialAction":[{"@type":"SearchAction","target":{"@type":"EntryPoint","urlTemplate":"https:\/\/www.electroluxprofessional.com\/de-ch\/?src={search_term_string}"},"query-input":"required name=search_term_string"}],"inLanguage":"de-CH"}]}},"_links":{"self":[{"href":"https:\/\/www.electroluxprofessional.com\/de-ch\/wp-json\/wp\/v2\/pages\/14701"}],"collection":[{"href":"https:\/\/www.electroluxprofessional.com\/de-ch\/wp-json\/wp\/v2\/pages"}],"about":[{"href":"https:\/\/www.electroluxprofessional.com\/de-ch\/wp-json\/wp\/v2\/types\/page"}],"author":[{"embeddable":true,"href":"https:\/\/www.electroluxprofessional.com\/de-ch\/wp-json\/wp\/v2\/users\/209"}],"replies":[{"embeddable":true,"href":"https:\/\/www.electroluxprofessional.com\/de-ch\/wp-json\/wp\/v2\/comments?post=14701"}],"version-history":[{"count":14,"href":"https:\/\/www.electroluxprofessional.com\/de-ch\/wp-json\/wp\/v2\/pages\/14701\/revisions"}],"predecessor-version":[{"id":20657,"href":"https:\/\/www.electroluxprofessional.com\/de-ch\/wp-json\/wp\/v2\/pages\/14701\/revisions\/20657"}],"wp:attachment":[{"href":"https:\/\/www.electroluxprofessional.com\/de-ch\/wp-json\/wp\/v2\/media?parent=14701"}],"curies":[{"name":"wp","href":"https:\/\/api.w.org\/{rel}","templated":true}]}}