{"id":14124,"date":"2023-04-26T10:54:25","date_gmt":"2023-04-26T10:54:25","guid":{"rendered":"https:\/\/www.electroluxprofessional.com\/de-ch\/?page_id=14124"},"modified":"2026-03-27T06:43:06","modified_gmt":"2026-03-27T06:43:06","slug":"modulares-kochen","status":"publish","type":"page","link":"https:\/\/www.electroluxprofessional.com\/de-ch\/zubehoer\/modulares-kochen\/","title":{"rendered":"Zubeh\u00f6r und Verbrauchsmaterialien &#8211; Modulares Kochen"},"content":{"rendered":"<p>[vc_row full_width=&#8221;electroluxpro-full-width-no-padding&#8221;][vc_column][elx_image_block background_image=&#8221;14117&#8243; minimum_height=&#8221;400px&#8221;][\/vc_column][\/vc_row][vc_row][vc_column][elx_menu menu_name=&#8221;Zubeh\u00f6r Food&#8221;][vc_empty_space][elx_heading font_container=&#8221;h1&#8243; font_size=&#8221;h3&#8243; text_color=&#8221;electrolux-blue&#8221; text_align=&#8221;text-center&#8221;]Zubeh\u00f6r und Verbrauchsmaterialien f\u00fcr<br \/>\nhorizontale Grossk\u00fcchentechnik[\/elx_heading][vc_empty_space][vc_column_text]<\/p>\n<p style=\"text-align: center;\">Pastakocher, professionelle Entfetter f\u00fcr heisse Oberfl\u00e4chen, Grills, Fritteusen. Entdecken Sie Zubeh\u00f6r und Verbrauchsmaterialien f\u00fcr modulares Kochen.<\/p>\n<p>[\/vc_column_text][vc_empty_space][vc_empty_space][\/vc_column][\/vc_row][vc_row][vc_column width=&#8221;1\/3&#8243;][vc_single_image image=&#8221;14118&#8243; img_size=&#8221;full&#8221; alignment=&#8221;center&#8221; css_animation=&#8221;none&#8221;][vc_empty_space height=&#8221;10px&#8221;][elx_heading font_container=&#8221;h3&#8243; font_size=&#8221;h5&#8243; text_color=&#8221;inherit&#8221;]Pastakocher K\u00f6rbe[\/elx_heading][vc_column_text]Komplett aus Edelstahl AISI 304 gefertigt, um maximale Hygiene sicherzustellen. Unsere K\u00f6rbe wurden so designt, dass sie maximale Ergonomie bieten.[\/vc_column_text][vc_empty_space][\/vc_column][vc_column width=&#8221;1\/3&#8243;][vc_single_image image=&#8221;14119&#8243; img_size=&#8221;full&#8221; css_animation=&#8221;none&#8221;][elx_heading font_container=&#8221;h3&#8243; font_size=&#8221;h5&#8243; text_color=&#8221;inherit&#8221;]Professioneller Entfetter[\/elx_heading][vc_column_text]Der idealer Entfetter f\u00fcr heisse Oberfl\u00e4chen bei hohen Temperaturen. Perfekt f\u00fcr Bratplatten, Braisi\u00e8ren und Multifunktionsherde.[\/vc_column_text][vc_empty_space][\/vc_column][vc_column width=&#8221;1\/3&#8243;][vc_single_image image=&#8221;14120&#8243; img_size=&#8221;260*260&#8243; css_animation=&#8221;none&#8221;][elx_heading font_container=&#8221;h3&#8243; font_size=&#8221;h5&#8243; text_color=&#8221;inherit&#8221;]Tester f\u00fcr Speise\u00f6l[\/elx_heading][vc_column_text]<\/p>\n<p id=\"tw-target-text\" class=\"tw-data-text tw-text-large tw-ta\" dir=\"ltr\" data-placeholder=\"\u00dcbersetzung\"><span class=\"Y2IQFc\" lang=\"de\">Vermeiden Sie die Verwendung von Alt\u00f6l f\u00fcr die Lebensmittelzubereitung durch das elektronische \u00d6lkontrollsystem, um einen nachhaltigen Betrieb, Kosteneinsparungen und die Vermeidung von Gesundheitsrisiken sicherzustellen.<\/span><\/p>\n<p>[\/vc_column_text][vc_empty_space][\/vc_column][\/vc_row][vc_row][vc_column width=&#8221;1\/3&#8243;][vc_single_image image=&#8221;14121&#8243; img_size=&#8221;280*260&#8243; alignment=&#8221;center&#8221; css_animation=&#8221;none&#8221;][elx_heading font_container=&#8221;h3&#8243; font_size=&#8221;h5&#8243; text_color=&#8221;inherit&#8221;]Papierfilter f\u00fcr Filtersystem f\u00fcr 23l Fritteuse[\/elx_heading][vc_column_text]<\/p>\n<p id=\"tw-target-text\" class=\"tw-data-text tw-text-large tw-ta\" dir=\"ltr\" data-placeholder=\"\u00dcbersetzung\"><span class=\"Y2IQFc\" lang=\"de\">Kit f\u00fcr fortschrittliches Filtersystem f\u00fcr 23-Liter-Fritteuse, das es erm\u00f6glicht, die kleinsten Speisereste zu entfernen und die Lebensdauer des \u00d6ls zu verl\u00e4ngern.<\/span><\/p>\n<p>[\/vc_column_text][vc_empty_space][\/vc_column][vc_column width=&#8221;1\/3&#8243;][vc_single_image image=&#8221;14122&#8243; img_size=&#8221;300*260&#8243; alignment=&#8221;center&#8221; css_animation=&#8221;none&#8221;][elx_heading font_container=&#8221;h3&#8243; font_size=&#8221;h5&#8243; text_color=&#8221;inherit&#8221;]Fritteusenk\u00f6rbe[\/elx_heading][vc_column_text]<\/p>\n<p id=\"tw-target-text\" class=\"tw-data-text tw-text-large tw-ta\" dir=\"ltr\" data-placeholder=\"\u00dcbersetzung\"><span class=\"Y2IQFc\" lang=\"de\">Unsere K\u00f6rbe sind vollst\u00e4ndig aus AISI 304 gefertigt, um maximale Hygiene sicherzustellen, und bieten maximale Ergonomie.<\/span><\/p>\n<p>[\/vc_column_text][vc_empty_space][\/vc_column][vc_column width=&#8221;1\/3&#8243;][vc_empty_space][vc_single_image image=&#8221;14123&#8243; img_size=&#8221;500*500&#8243; alignment=&#8221;center&#8221; css_animation=&#8221;none&#8221;][vc_empty_space][vc_empty_space height=&#8221;12px&#8221;][elx_heading font_container=&#8221;h3&#8243; font_size=&#8221;h5&#8243; text_color=&#8221;inherit&#8221;]Induktion-Wokpfanne aus Edelstahl mit Griff[\/elx_heading][vc_column_text]<\/p>\n<p id=\"tw-target-text\" class=\"tw-data-text tw-text-large tw-ta\" dir=\"ltr\" data-placeholder=\"\u00dcbersetzung\"><span class=\"Y2IQFc\" lang=\"de\">Passgenaue Wokpfanne f\u00fcr den Induktionsherd f\u00fcr optimale Hitzeverteilung.<\/span><\/p>\n<p>[\/vc_column_text][vc_empty_space][\/vc_column][\/vc_row][vc_row][vc_column][vc_empty_space][vc_empty_space][elx_heading text_color=&#8221;inherit&#8221; text_align=&#8221;text-center&#8221;]Sie haben noch Fragen? Kontaktieren Sie uns.[\/elx_heading][elx_o2000_contact_us s=&#8221;Anfrage Zubeh\u00f6r und Verbrauchsmaterialien &#8211; Modulares Kochen&#8221; request_type=&#8221;Other&#8221; country=&#8221;Switzerland&#8221; b=&#8221;food&#8221; container=&#8221;elxcontactus1484304163&#8243; r=&#8221;Ich m\u00f6chte mehr erfahren \u00fcber Zubeh\u00f6r und Verbrauchsmaterialien zum modularen Kochen. Bitte kontaktieren Sie mich.&#8221; l=&#8221;de&#8221;][vc_empty_space][\/vc_column][\/vc_row]<\/p>\n","protected":false},"excerpt":{"rendered":"<p>[vc_row full_width=&#8221;electroluxpro-full-width-no-padding&#8221;][vc_column][elx_image_block background_image=&#8221;14117&#8243; minimum_height=&#8221;400px&#8221;][\/vc_column][\/vc_row][vc_row][vc_column][elx_menu menu_name=&#8221;Zubeh\u00f6r Food&#8221;][vc_empty_space][elx_heading font_container=&#8221;h1&#8243; font_size=&#8221;h3&#8243; text_color=&#8221;electrolux-blue&#8221; text_align=&#8221;text-center&#8221;]Zubeh\u00f6r und Verbrauchsmaterialien f\u00fcr horizontale Grossk\u00fcchentechnik[\/elx_heading][vc_empty_space][vc_column_text] Pastakocher, professionelle Entfetter f\u00fcr heisse Oberfl\u00e4chen, Grills, Fritteusen. Entdecken Sie Zubeh\u00f6r und Verbrauchsmaterialien f\u00fcr modulares Kochen. [\/vc_column_text][vc_empty_space][vc_empty_space][\/vc_column][\/vc_row][vc_row][vc_column width=&#8221;1\/3&#8243;][vc_single_image image=&#8221;14118&#8243; img_size=&#8221;full&#8221; alignment=&#8221;center&#8221; css_animation=&#8221;none&#8221;][vc_empty_space height=&#8221;10px&#8221;][elx_heading font_container=&#8221;h3&#8243; font_size=&#8221;h5&#8243; text_color=&#8221;inherit&#8221;]Pastakocher K\u00f6rbe[\/elx_heading][vc_column_text]Komplett aus Edelstahl AISI 304 gefertigt, um maximale Hygiene sicherzustellen. Unsere K\u00f6rbe wurden so [&hellip;]<\/p>\n","protected":false},"author":209,"featured_media":14117,"parent":810,"menu_order":0,"comment_status":"closed","ping_status":"closed","template":"","meta":{"footnotes":""},"class_list":["post-14124","page","type-page","status-publish","has-post-thumbnail","hentry"],"acf":[],"yoast_head":"<!-- This site is optimized with the Yoast SEO plugin v23.3 - https:\/\/yoast.com\/wordpress\/plugins\/seo\/ -->\n<title>Zubeh\u00f6r modulares Kochen | Electrolux Professional<\/title>\n<meta name=\"description\" content=\"Entdecken Sie Zubeh\u00f6r und Verbrauchsmaterial f\u00fcr modulares Kochen, wie z. B. Pastakocher, professionelle Entfetter und vieles mehr.\" \/>\n<meta name=\"robots\" content=\"index, follow, max-snippet:-1, max-image-preview:large, max-video-preview:-1\" \/>\n<link rel=\"canonical\" href=\"https:\/\/www.electroluxprofessional.com\/de-ch\/zubehoer\/modulares-kochen\/\" \/>\n<meta property=\"og:locale\" content=\"de_DE\" \/>\n<meta property=\"og:type\" content=\"article\" \/>\n<meta property=\"og:title\" content=\"Zubeh\u00f6r modulares Kochen | Electrolux Professional\" \/>\n<meta property=\"og:description\" content=\"Entdecken Sie Zubeh\u00f6r und Verbrauchsmaterial f\u00fcr modulares Kochen, wie z. B. Pastakocher, professionelle Entfetter und vieles mehr.\" \/>\n<meta property=\"og:url\" content=\"https:\/\/www.electroluxprofessional.com\/de-ch\/zubehoer\/modulares-kochen\/\" \/>\n<meta property=\"og:site_name\" content=\"Electrolux Professional Schweiz\" \/>\n<meta property=\"article:modified_time\" content=\"2026-03-27T06:43:06+00:00\" \/>\n<meta property=\"og:image\" content=\"https:\/\/www.electroluxprofessional.com\/de-ch\/wp-content\/uploads\/2023\/04\/xp1-1.jpg\" \/>\n\t<meta property=\"og:image:width\" content=\"2000\" \/>\n\t<meta property=\"og:image:height\" content=\"1333\" \/>\n\t<meta property=\"og:image:type\" content=\"image\/jpeg\" \/>\n<meta name=\"twitter:card\" content=\"summary_large_image\" \/>\n<meta name=\"twitter:label1\" content=\"Gesch\u00e4tzte Lesezeit\" \/>\n\t<meta name=\"twitter:data1\" content=\"3 Minuten\" \/>\n<script type=\"application\/ld+json\" class=\"yoast-schema-graph\">{\"@context\":\"https:\/\/schema.org\",\"@graph\":[{\"@type\":\"WebPage\",\"@id\":\"https:\/\/www.electroluxprofessional.com\/de-ch\/zubehoer\/modulares-kochen\/\",\"url\":\"https:\/\/www.electroluxprofessional.com\/de-ch\/zubehoer\/modulares-kochen\/\",\"name\":\"Zubeh\u00f6r modulares Kochen | Electrolux Professional\",\"isPartOf\":{\"@id\":\"https:\/\/www.electroluxprofessional.com\/de-ch\/#website\"},\"primaryImageOfPage\":{\"@id\":\"https:\/\/www.electroluxprofessional.com\/de-ch\/zubehoer\/modulares-kochen\/#primaryimage\"},\"image\":{\"@id\":\"https:\/\/www.electroluxprofessional.com\/de-ch\/zubehoer\/modulares-kochen\/#primaryimage\"},\"thumbnailUrl\":\"https:\/\/www.electroluxprofessional.com\/de-ch\/wp-content\/uploads\/2023\/04\/xp1-1.jpg\",\"datePublished\":\"2023-04-26T10:54:25+00:00\",\"dateModified\":\"2026-03-27T06:43:06+00:00\",\"description\":\"Entdecken Sie Zubeh\u00f6r und Verbrauchsmaterial f\u00fcr modulares Kochen, wie z. B. Pastakocher, professionelle Entfetter und vieles mehr.\",\"breadcrumb\":{\"@id\":\"https:\/\/www.electroluxprofessional.com\/de-ch\/zubehoer\/modulares-kochen\/#breadcrumb\"},\"inLanguage\":\"de-CH\",\"potentialAction\":[{\"@type\":\"ReadAction\",\"target\":[\"https:\/\/www.electroluxprofessional.com\/de-ch\/zubehoer\/modulares-kochen\/\"]}]},{\"@type\":\"ImageObject\",\"inLanguage\":\"de-CH\",\"@id\":\"https:\/\/www.electroluxprofessional.com\/de-ch\/zubehoer\/modulares-kochen\/#primaryimage\",\"url\":\"https:\/\/www.electroluxprofessional.com\/de-ch\/wp-content\/uploads\/2023\/04\/xp1-1.jpg\",\"contentUrl\":\"https:\/\/www.electroluxprofessional.com\/de-ch\/wp-content\/uploads\/2023\/04\/xp1-1.jpg\",\"width\":2000,\"height\":1333,\"caption\":\"Ideal f\u00fcr Schnell-Service- und Full-Service-Restaurants: 900XP und 700XP Herdbl\u00f6cke von Electrolux Professional\"},{\"@type\":\"BreadcrumbList\",\"@id\":\"https:\/\/www.electroluxprofessional.com\/de-ch\/zubehoer\/modulares-kochen\/#breadcrumb\",\"itemListElement\":[{\"@type\":\"ListItem\",\"position\":1,\"name\":\"Home\",\"item\":\"https:\/\/www.electroluxprofessional.com\/de-ch\/\"},{\"@type\":\"ListItem\",\"position\":2,\"name\":\"Zubeh\u00f6r und Verbrauchsmaterialien\",\"item\":\"https:\/\/www.electroluxprofessional.com\/de-ch\/zubehoer\/\"},{\"@type\":\"ListItem\",\"position\":3,\"name\":\"Zubeh\u00f6r und Verbrauchsmaterialien &#8211; Modulares Kochen\"}]},{\"@type\":\"WebSite\",\"@id\":\"https:\/\/www.electroluxprofessional.com\/de-ch\/#website\",\"url\":\"https:\/\/www.electroluxprofessional.com\/de-ch\/\",\"name\":\"Electrolux Professional Schweiz\",\"description\":\"\",\"potentialAction\":[{\"@type\":\"SearchAction\",\"target\":{\"@type\":\"EntryPoint\",\"urlTemplate\":\"https:\/\/www.electroluxprofessional.com\/de-ch\/?src={search_term_string}\"},\"query-input\":\"required name=search_term_string\"}],\"inLanguage\":\"de-CH\"}]}<\/script>\n<!-- \/ Yoast SEO plugin. -->","yoast_head_json":{"title":"Zubeh\u00f6r modulares Kochen | Electrolux Professional","description":"Entdecken Sie Zubeh\u00f6r und Verbrauchsmaterial f\u00fcr modulares Kochen, wie z. B. Pastakocher, professionelle Entfetter und vieles mehr.","robots":{"index":"index","follow":"follow","max-snippet":"max-snippet:-1","max-image-preview":"max-image-preview:large","max-video-preview":"max-video-preview:-1"},"canonical":"https:\/\/www.electroluxprofessional.com\/de-ch\/zubehoer\/modulares-kochen\/","og_locale":"de_DE","og_type":"article","og_title":"Zubeh\u00f6r modulares Kochen | Electrolux Professional","og_description":"Entdecken Sie Zubeh\u00f6r und Verbrauchsmaterial f\u00fcr modulares Kochen, wie z. B. Pastakocher, professionelle Entfetter und vieles mehr.","og_url":"https:\/\/www.electroluxprofessional.com\/de-ch\/zubehoer\/modulares-kochen\/","og_site_name":"Electrolux Professional Schweiz","article_modified_time":"2026-03-27T06:43:06+00:00","og_image":[{"width":2000,"height":1333,"url":"https:\/\/www.electroluxprofessional.com\/de-ch\/wp-content\/uploads\/2023\/04\/xp1-1.jpg","type":"image\/jpeg"}],"twitter_card":"summary_large_image","twitter_misc":{"Gesch\u00e4tzte Lesezeit":"3 Minuten"},"schema":{"@context":"https:\/\/schema.org","@graph":[{"@type":"WebPage","@id":"https:\/\/www.electroluxprofessional.com\/de-ch\/zubehoer\/modulares-kochen\/","url":"https:\/\/www.electroluxprofessional.com\/de-ch\/zubehoer\/modulares-kochen\/","name":"Zubeh\u00f6r modulares Kochen | Electrolux Professional","isPartOf":{"@id":"https:\/\/www.electroluxprofessional.com\/de-ch\/#website"},"primaryImageOfPage":{"@id":"https:\/\/www.electroluxprofessional.com\/de-ch\/zubehoer\/modulares-kochen\/#primaryimage"},"image":{"@id":"https:\/\/www.electroluxprofessional.com\/de-ch\/zubehoer\/modulares-kochen\/#primaryimage"},"thumbnailUrl":"https:\/\/www.electroluxprofessional.com\/de-ch\/wp-content\/uploads\/2023\/04\/xp1-1.jpg","datePublished":"2023-04-26T10:54:25+00:00","dateModified":"2026-03-27T06:43:06+00:00","description":"Entdecken Sie Zubeh\u00f6r und Verbrauchsmaterial f\u00fcr modulares Kochen, wie z. B. Pastakocher, professionelle Entfetter und vieles mehr.","breadcrumb":{"@id":"https:\/\/www.electroluxprofessional.com\/de-ch\/zubehoer\/modulares-kochen\/#breadcrumb"},"inLanguage":"de-CH","potentialAction":[{"@type":"ReadAction","target":["https:\/\/www.electroluxprofessional.com\/de-ch\/zubehoer\/modulares-kochen\/"]}]},{"@type":"ImageObject","inLanguage":"de-CH","@id":"https:\/\/www.electroluxprofessional.com\/de-ch\/zubehoer\/modulares-kochen\/#primaryimage","url":"https:\/\/www.electroluxprofessional.com\/de-ch\/wp-content\/uploads\/2023\/04\/xp1-1.jpg","contentUrl":"https:\/\/www.electroluxprofessional.com\/de-ch\/wp-content\/uploads\/2023\/04\/xp1-1.jpg","width":2000,"height":1333,"caption":"Ideal f\u00fcr Schnell-Service- und Full-Service-Restaurants: 900XP und 700XP Herdbl\u00f6cke von Electrolux Professional"},{"@type":"BreadcrumbList","@id":"https:\/\/www.electroluxprofessional.com\/de-ch\/zubehoer\/modulares-kochen\/#breadcrumb","itemListElement":[{"@type":"ListItem","position":1,"name":"Home","item":"https:\/\/www.electroluxprofessional.com\/de-ch\/"},{"@type":"ListItem","position":2,"name":"Zubeh\u00f6r und Verbrauchsmaterialien","item":"https:\/\/www.electroluxprofessional.com\/de-ch\/zubehoer\/"},{"@type":"ListItem","position":3,"name":"Zubeh\u00f6r und Verbrauchsmaterialien &#8211; Modulares Kochen"}]},{"@type":"WebSite","@id":"https:\/\/www.electroluxprofessional.com\/de-ch\/#website","url":"https:\/\/www.electroluxprofessional.com\/de-ch\/","name":"Electrolux Professional Schweiz","description":"","potentialAction":[{"@type":"SearchAction","target":{"@type":"EntryPoint","urlTemplate":"https:\/\/www.electroluxprofessional.com\/de-ch\/?src={search_term_string}"},"query-input":"required name=search_term_string"}],"inLanguage":"de-CH"}]}},"_links":{"self":[{"href":"https:\/\/www.electroluxprofessional.com\/de-ch\/wp-json\/wp\/v2\/pages\/14124"}],"collection":[{"href":"https:\/\/www.electroluxprofessional.com\/de-ch\/wp-json\/wp\/v2\/pages"}],"about":[{"href":"https:\/\/www.electroluxprofessional.com\/de-ch\/wp-json\/wp\/v2\/types\/page"}],"author":[{"embeddable":true,"href":"https:\/\/www.electroluxprofessional.com\/de-ch\/wp-json\/wp\/v2\/users\/209"}],"replies":[{"embeddable":true,"href":"https:\/\/www.electroluxprofessional.com\/de-ch\/wp-json\/wp\/v2\/comments?post=14124"}],"version-history":[{"count":11,"href":"https:\/\/www.electroluxprofessional.com\/de-ch\/wp-json\/wp\/v2\/pages\/14124\/revisions"}],"predecessor-version":[{"id":20526,"href":"https:\/\/www.electroluxprofessional.com\/de-ch\/wp-json\/wp\/v2\/pages\/14124\/revisions\/20526"}],"up":[{"embeddable":true,"href":"https:\/\/www.electroluxprofessional.com\/de-ch\/wp-json\/wp\/v2\/pages\/810"}],"wp:featuredmedia":[{"embeddable":true,"href":"https:\/\/www.electroluxprofessional.com\/de-ch\/wp-json\/wp\/v2\/media\/14117"}],"wp:attachment":[{"href":"https:\/\/www.electroluxprofessional.com\/de-ch\/wp-json\/wp\/v2\/media?parent=14124"}],"curies":[{"name":"wp","href":"https:\/\/api.w.org\/{rel}","templated":true}]}}