{"id":13846,"date":"2023-01-17T07:52:47","date_gmt":"2023-01-17T07:52:47","guid":{"rendered":"https:\/\/www.electroluxprofessional.com\/de-ch\/?page_id=13846"},"modified":"2026-03-25T07:06:31","modified_gmt":"2026-03-25T07:06:31","slug":"loesungen-fuer-ferienunterkuenfte","status":"publish","type":"page","link":"https:\/\/www.electroluxprofessional.com\/de-ch\/branchenloesungen\/loesungen-fuer-ferienunterkuenfte\/","title":{"rendered":"L\u00f6sungen f\u00fcr Ferienunterk\u00fcnfte"},"content":{"rendered":"<p>[vc_row full_width=&#8221;electroluxpro-full-width-no-padding&#8221; css=&#8221;.vc_custom_1670500643788{margin-top: -30px !important;border-top-width: -30px !important;padding-top: -30px !important;}&#8221;][vc_column][elx_full_banner title=&#8221;W\u00e4schereil\u00f6sungen f\u00fcr Ferienunterk\u00fcnfte&#8221; set_as_h1=&#8221;true&#8221; link=&#8221;url:%23Kontakt|title:Mehr%20erfahren&#8221; background_image_media_library=&#8221;13845&#8243; background_image_media_library_mobile=&#8221;18004&#8243;][vc_empty_space][\/vc_column][\/vc_row][vc_row][vc_column width=&#8221;1\/4&#8243;][vc_empty_space][vc_single_image image=&#8221;13828&#8243; img_size=&#8221;medium&#8221; alignment=&#8221;center&#8221;][elx_heading font_container=&#8221;h3&#8243; font_size=&#8221;h4&#8243; text_color=&#8221;inherit&#8221; text_align=&#8221;text-center&#8221;]Campingpl\u00e4tze[\/elx_heading][vc_empty_space][\/vc_column][vc_column width=&#8221;1\/4&#8243;][vc_empty_space][vc_single_image image=&#8221;13829&#8243; img_size=&#8221;medium&#8221; alignment=&#8221;center&#8221;][elx_heading font_container=&#8221;h3&#8243; font_size=&#8221;h4&#8243; text_color=&#8221;inherit&#8221; text_align=&#8221;text-center&#8221;]H\u00fctten und Pensionen[\/elx_heading][vc_empty_space][\/vc_column][vc_column width=&#8221;1\/4&#8243;][vc_empty_space][vc_single_image image=&#8221;13830&#8243; img_size=&#8221;medium&#8221; alignment=&#8221;center&#8221;][elx_heading font_container=&#8221;h3&#8243; font_size=&#8221;h4&#8243; text_color=&#8221;inherit&#8221; text_align=&#8221;text-center&#8221;]Ferienzentren[\/elx_heading][vc_empty_space][\/vc_column][vc_column width=&#8221;1\/4&#8243;][vc_empty_space][vc_single_image image=&#8221;13831&#8243; img_size=&#8221;medium&#8221; alignment=&#8221;center&#8221;][elx_heading font_container=&#8221;h3&#8243; font_size=&#8221;h4&#8243; text_color=&#8221;inherit&#8221; text_align=&#8221;text-center&#8221;]Thermen, Spas<br \/>\n&amp; Hotels[\/elx_heading][vc_empty_space][\/vc_column][\/vc_row][vc_row][vc_column][vc_column_text]<\/p>\n<p style=\"text-align: center;\">Hier finden Sie einen \u00dcberblick \u00fcber W\u00e4schereil\u00f6sungen von Electrolux Professional, die am besten f\u00fcr Ferienunterk\u00fcnfte, wie Campingpl\u00e4tze oder Pensionen geeignet sind:<\/p>\n<p>[\/vc_column_text][vc_empty_space height=&#8221;15px&#8221;][elx_menu menu_name=&#8221;Menu h\u00f4tellerie de plein air&#8221;][\/vc_column][\/vc_row][vc_row full_width=&#8221;electroluxpro-full-width&#8221; el_id=&#8221;blanchisserie&#8221;][vc_column][elx_hero_slider text_color=&#8221;electrolux-blue&#8221; label_text_color=&#8221;electrolux-blue&#8221; images=&#8221;13843&#8243;][elx_heading font_size=&#8221;h1&#8243; text_color=&#8221;electrolux-blue&#8221;]Waschen mit myPRO[\/elx_heading][\/elx_hero_slider][vc_empty_space][\/vc_column][\/vc_row][vc_row][vc_column][vc_empty_space height=&#8221;15px&#8221;][elx_heading font_container=&#8221;h3&#8243; font_size=&#8221;h5&#8243; text_color=&#8221;inherit&#8221; text_align=&#8221;text-left&#8221;]myPROzip: Kurbeln Sie das Gesch\u00e4ft in Ihrer Waschk\u00fcche an![\/elx_heading][vc_column_text]<strong>Wir bieten Ihnen effiziente Maschinen f\u00fcr stark frequentierte Waschk\u00fcchen.<\/strong><br \/>\nWo Menschen keine eigene Waschmaschine haben, ist eine schnelle, unkomplizierte L\u00f6sung f\u00fcrs W\u00e4schemachen gefragt. Smart-professionelle myPROzip Waschmaschinen und Trockner mit flexibler Bezahlfunktion bieten h\u00f6chste Leistungsf\u00e4higkeit f\u00fcr Gemeinschaftswaschk\u00fcchen: Unsere robusten Maschinen erledigen eine volle Ladung in halber Zeit* und kurbeln dank doppelter Kapazit\u00e4t das Gesch\u00e4ft in Ihrer Anlage an.<br \/>\n* im Vergleich zu herk\u00f6mmlichen Haushaltswaschmaschinen[\/vc_column_text][vc_empty_space height=&#8221;15px&#8221;][vc_row_inner][vc_column_inner width=&#8221;1\/4&#8243;][vc_empty_space height=&#8221;15px&#8221;][vc_single_image image=&#8221;7348&#8243; img_size=&#8221;large&#8221;][\/vc_column_inner][vc_column_inner width=&#8221;3\/4&#8243;][vc_empty_space height=&#8221;15px&#8221;][vc_column_text]<strong>myPROzip bietet:<\/strong><\/p>\n<ul>\n<li>verschiedene Zahlungsm\u00f6glichkeiten<\/li>\n<li>steckerfertige Anschl\u00fcsse: Plug&amp;Play f\u00fcr 240-Volt-Steckdosen<\/li>\n<li>2 Jahre Herstellergarantie f\u00fcr gewerbliche Anwendungen*<\/li>\n<li>langlebige Bedienelemente<br \/>\n* bei 1000 Betriebsstunden pro Jahr<\/li>\n<\/ul>\n<p>[\/vc_column_text][vc_empty_space height=&#8221;15px&#8221;][elx_button button_text=&#8221;Mehr \u00fcber myPROzip erfahren&#8221; button_display_block=&#8221;display_block_on&#8221; button_link=&#8221;url:https%3A%2F%2Fwww.electroluxprofessional.com%2Fde-ch%2Fwaeschereitechnik%2Fmyprozip-professionelles-waschen-von-ihren-gaesten-selbst-bedient%2F|target:_blank&#8221;][\/vc_column_inner][\/vc_row_inner][vc_empty_space height=&#8221;15px&#8221;][vc_empty_space height=&#8221;15px&#8221;][vc_empty_space height=&#8221;15px&#8221;][vc_empty_space height=&#8221;15px&#8221;][vc_empty_space height=&#8221;15px&#8221;][vc_row_inner][vc_column_inner][vc_column_text]<\/p>\n<h2 style=\"text-align: center;\"><strong>myPROzip Waschmaschine (8 kg) &amp; myPROzip W\u00e4schetrockner (8 kg)<\/strong><\/h2>\n<p>[\/vc_column_text][vc_empty_space height=&#8221;15px&#8221;][vc_empty_space height=&#8221;15px&#8221;][vc_empty_space height=&#8221;15px&#8221;][\/vc_column_inner][\/vc_row_inner][vc_row_inner][vc_column_inner width=&#8221;1\/3&#8243;][vc_column_text]<\/p>\n<ul>\n<li>Einfache, leicht verst\u00e4ndliche Programmwahl \u00fcber 6 solide Programmtasten<\/li>\n<li>Auf Wunsch mit verschiedenen Bezahlsystemen erh\u00e4ltlich<\/li>\n<li>K\u00fcrzeste Waschzeiten: 70 Minuten im 60\u00b0C-Buntw\u00e4sche-Programm<\/li>\n<li>Gewerbekonform (Maschinenrichtlinien [2006\/42EG])<\/li>\n<\/ul>\n<p>[\/vc_column_text][\/vc_column_inner][vc_column_inner width=&#8221;1\/3&#8243;][vc_empty_space height=&#8221;12px&#8221;][vc_single_image image=&#8221;13832&#8243; img_size=&#8221;large&#8221; alignment=&#8221;center&#8221;][vc_empty_space height=&#8221;15px&#8221;][\/vc_column_inner][vc_column_inner width=&#8221;1\/3&#8243;][vc_column_text]<\/p>\n<ul>\n<li>Unkomplizierte Bedienung mit zwei zur Wahl stehenden Temperaturbereichen<\/li>\n<li>Automatische Feuchtigkeitskontrolle f\u00fcr schonende W\u00e4schetrocknung<\/li>\n<li>Auf Wunsch mit verschiedenen Bezahlsystemen erh\u00e4ltlich<\/li>\n<li>Gewerbekonform (Maschinenrichtlinien [2006\/42EG])<\/li>\n<\/ul>\n<p>[\/vc_column_text][\/vc_column_inner][\/vc_row_inner][vc_empty_space height=&#8221;15px&#8221;][\/vc_column][\/vc_row][vc_row][vc_column][vc_empty_space height=&#8221;15px&#8221;][vc_empty_space height=&#8221;15px&#8221;][vc_empty_space][\/vc_column][\/vc_row][vc_row full_width=&#8221;electroluxpro-full-width&#8221; disable_element=&#8221;yes&#8221; el_id=&#8221;cuisine&#8221;][vc_column][vc_empty_space][elx_hero_slider text_color=&#8221;electrolux-blue&#8221; label_text_color=&#8221;electrolux-blue&#8221; images=&#8221;13844&#8243;][elx_heading font_size=&#8221;h1&#8243; text_color=&#8221;electrolux-blue&#8221;]Ein komplettes Sortiment f\u00fcr Ihre K\u00fcche[\/elx_heading][\/elx_hero_slider][vc_empty_space][\/vc_column][\/vc_row][vc_row disable_element=&#8221;yes&#8221;][vc_column][vc_column_text]<\/p>\n<p style=\"text-align: center;\">Entdecken Sie eine Reihe <strong>professioneller, effizienter und langlebiger L\u00f6sungen<\/strong> f\u00fcr immer schmackhaftere Rezepte!<\/p>\n<p>[\/vc_column_text][vc_empty_space][vc_row_inner][vc_column_inner width=&#8221;1\/4&#8243;][elx_heading font_container=&#8221;h4&#8243; text_color=&#8221;inherit&#8221; text_align=&#8221;text-center&#8221;]SpeeDelight<br \/>\nhigh speed grill[\/elx_heading][vc_empty_space][vc_single_image image=&#8221;13833&#8243; img_size=&#8221;medium&#8221; alignment=&#8221;center&#8221; onclick=&#8221;custom_link&#8221; link=&#8221;https:\/\/www.electroluxprofessional.com\/de-ch\/solutions\/camping-gites-hotellerie-plein-air\/#speedelight&#8221;][vc_empty_space][vc_column_text]<\/p>\n<p id=\"tw-target-text\" class=\"tw-data-text tw-text-large tw-ta\" dir=\"ltr\" data-placeholder=\"\u00dcbersetzung\"><span class=\"Y2IQFc\" lang=\"de\">SpeedDelight ist die L\u00f6sung f\u00fcr perfekte Sandwiches in weniger als einer Minute. Seine Garprogramme sind perfekt auf viele Rezepte abgestimmt und sind die ideale L\u00f6sung zum Naschen.<\/span><\/p>\n<h3 class=\" h4 inherit inherit\"><\/h3>\n<p>[\/vc_column_text][vc_empty_space][elx_button button_text=&#8221;Mehr \u00fcber SpeeDelight erfahren&#8221; button_display_block=&#8221;display_block_on&#8221; button_alignment=&#8221;align_center&#8221; button_link=&#8221;url:https%3A%2F%2Fwww.electroluxprofessional.com%2Fde-ch%2Fgrosskuechentechnik%2Fspeedelight%2F|target:_blank&#8221;][\/vc_column_inner][vc_column_inner width=&#8221;1\/4&#8243;][elx_heading font_container=&#8221;h4&#8243; text_color=&#8221;inherit&#8221; text_align=&#8221;text-center&#8221;]Dynamische Vorbereitung[\/elx_heading][vc_empty_space][vc_single_image image=&#8221;13834&#8243; img_size=&#8221;medium&#8221; alignment=&#8221;center&#8221; onclick=&#8221;custom_link&#8221; link=&#8221;https:\/\/www.electroluxprofessional.com\/de-ch\/equipement-cuisine\/preparation-dynamique\/couper-melanger-trancher\/&#8221;][vc_empty_space][vc_column_text]Schneiden, w\u00fcrfeln, raspeln, mischen, hacken und emulgieren Sie Ihre Zubereitungen mit einer Vielzahl von L\u00f6sungen und passendem Zubeh\u00f6r. Alle Lebensmittelkontaktkomponenten aus Kunststoff sind BPA-frei.[\/vc_column_text][vc_empty_space][elx_button button_text=&#8221;Contact&#8221; button_display_block=&#8221;display_block_on&#8221; button_alignment=&#8221;align_center&#8221; button_link=&#8221;url:https%3A%2F%2Fwww.electroluxprofessional.com%2Fde-ch%2Fsolutions%2Fcamping-gites-hotellerie-plein-air%2F%23contact&#8221;][\/vc_column_inner][vc_column_inner width=&#8221;1\/4&#8243;][elx_heading font_container=&#8221;h4&#8243; text_color=&#8221;inherit&#8221; text_align=&#8221;text-center&#8221;]Kombid\u00e4mpfer und Ofen[\/elx_heading][vc_empty_space][vc_single_image image=&#8221;13835&#8243; img_size=&#8221;medium&#8221; alignment=&#8221;center&#8221; onclick=&#8221;custom_link&#8221; link=&#8221;https:\/\/www.electroluxprofessional.com\/de-ch\/equipement-cuisine\/fours\/fours-mixtes-skyline\/&#8221;][vc_empty_space][vc_column_text]<\/p>\n<p id=\"tw-target-text\" class=\"tw-data-text tw-text-large tw-ta\" dir=\"ltr\" data-placeholder=\"\u00dcbersetzung\"><span class=\"Y2IQFc\" lang=\"de\">SkyLine Kombid\u00e4mpfer und Ofen, eine L\u00f6sung, die sich durch reduzierte Betriebskosten auszeichnet und auf bessere Ergonomie und Benutzerfreundlichkeit ausgelegt ist. Intuitiv und einfach zu bedienen, revolutionieren Sie Ihre K\u00fcche.<\/span><\/p>\n<p>[\/vc_column_text][vc_empty_space][elx_button button_text=&#8221;Mehr \u00fcber Kombid\u00e4mpfer und Ofen erfahren&#8221; button_display_block=&#8221;display_block_on&#8221; button_alignment=&#8221;align_center&#8221; button_link=&#8221;url:https%3A%2F%2Fwww.electroluxprofessional.com%2Fde-ch%2Fgrosskuechentechnik%2Fkombidaempfer-und-ofen%2F|target:_blank&#8221;][\/vc_column_inner][vc_column_inner width=&#8221;1\/4&#8243;][elx_heading font_container=&#8221;h4&#8243; text_color=&#8221;inherit&#8221; text_align=&#8221;text-center&#8221;]LiberoPro<br \/>\nmobile K\u00fcche[\/elx_heading][vc_empty_space height=&#8221;70px&#8221;][vc_single_image image=&#8221;13836&#8243; img_size=&#8221;medium&#8221; alignment=&#8221;center&#8221; onclick=&#8221;custom_link&#8221; link=&#8221;https:\/\/www.electroluxprofessional.com\/de-ch\/solutions\/camping-gites-hotellerie-plein-air\/#cuisine-snacking&#8221;][vc_empty_space height=&#8221;60px&#8221;][vc_column_text]<\/p>\n<p id=\"tw-target-text\" class=\"tw-data-text tw-text-large tw-ta\" dir=\"ltr\" data-placeholder=\"\u00dcbersetzung\"><span class=\"Y2IQFc\" lang=\"de\">LiberoPro ist der perfekte Verb\u00fcndete f\u00fcr die Gestaltung von Kochevents im Innen- und Au\u00dfenbereich. Mit seinen Induktionsplatten, Grillplatten und Wok l\u00e4sst LiberoPro Sie mit allen Kochstilen spielen!<\/span><\/p>\n<p>[\/vc_column_text][vc_empty_space][elx_button button_text=&#8221;Mehr \u00fcber LiberoPro erfahren&#8221; button_display_block=&#8221;display_block_on&#8221; button_alignment=&#8221;align_center&#8221; button_link=&#8221;url:https%3A%2F%2Fwww.electroluxprofessional.com%2Fde-ch%2Fgrosskuechentechnik%2Fliberopro-neue-freiheiten-beim-kochen%2F|target:_blank&#8221;][\/vc_column_inner][\/vc_row_inner][\/vc_column][\/vc_row][vc_row disable_element=&#8221;yes&#8221; el_id=&#8221;Kontakt&#8221;][vc_column][vc_empty_space][vc_empty_space][vc_empty_space][\/vc_column][\/vc_row][vc_row el_id=&#8221;Kontakt&#8221;][vc_column][elx_heading font_size=&#8221;h1&#8243; text_color=&#8221;inherit&#8221; text_align=&#8221;text-center&#8221;]Kontaktieren Sie uns f\u00fcr weitere Informationen \u00fcber unsere L\u00f6sungen f\u00fcr Ferienunterk\u00fcnfte:[\/elx_heading][vc_empty_space][elx_o2000_contact_us s=&#8221;Informationsanfrage zu L\u00f6sungen f\u00fcr Ferienunterk\u00fcnfte&#8221; campaign=&#8221;701SX000002fFzfYAE&#8221; request_type=&#8221;Other&#8221; country=&#8221;Switzerland&#8221; b=&#8221;laundry-semi-professional&#8221; r=&#8221;Ich w\u00fcrde gerne mehr \u00fcber die L\u00f6sungen f\u00fcr Ferienunterk\u00fcnfte erfahren \u2013 bitte nehmen Sie Kontakt mit mir auf.&#8221; l=&#8221;fr&#8221;][vc_empty_space height=&#8221;52px&#8221;][\/vc_column][\/vc_row][vc_row][vc_column][elx_heading text_color=&#8221;inherit&#8221; text_align=&#8221;text-center&#8221;]Finden Sie Ihre L\u00f6sung f\u00fcr Ihr Business[\/elx_heading][vc_empty_space][\/vc_column][\/vc_row][vc_row][vc_column width=&#8221;1\/3&#8243;][elx_maylike_box id_box=&#8221;13838&#8243;][\/vc_column][vc_column width=&#8221;1\/3&#8243;][elx_maylike_box id_box=&#8221;13840&#8243;][vc_empty_space][\/vc_column][vc_column width=&#8221;1\/3&#8243;][elx_maylike_box id_box=&#8221;13842&#8243;][\/vc_column][\/vc_row]<\/p>\n","protected":false},"excerpt":{"rendered":"<p>[vc_row full_width=&#8221;electroluxpro-full-width-no-padding&#8221; css=&#8221;.vc_custom_1670500643788{margin-top: -30px !important;border-top-width: -30px !important;padding-top: -30px !important;}&#8221;][vc_column][elx_full_banner title=&#8221;W\u00e4schereil\u00f6sungen f\u00fcr Ferienunterk\u00fcnfte&#8221; set_as_h1=&#8221;true&#8221; link=&#8221;url:%23Kontakt|title:Mehr%20erfahren&#8221; background_image_media_library=&#8221;13845&#8243; background_image_media_library_mobile=&#8221;18004&#8243;][vc_empty_space][\/vc_column][\/vc_row][vc_row][vc_column width=&#8221;1\/4&#8243;][vc_empty_space][vc_single_image image=&#8221;13828&#8243; img_size=&#8221;medium&#8221; alignment=&#8221;center&#8221;][elx_heading font_container=&#8221;h3&#8243; font_size=&#8221;h4&#8243; text_color=&#8221;inherit&#8221; text_align=&#8221;text-center&#8221;]Campingpl\u00e4tze[\/elx_heading][vc_empty_space][\/vc_column][vc_column width=&#8221;1\/4&#8243;][vc_empty_space][vc_single_image image=&#8221;13829&#8243; img_size=&#8221;medium&#8221; alignment=&#8221;center&#8221;][elx_heading font_container=&#8221;h3&#8243; font_size=&#8221;h4&#8243; text_color=&#8221;inherit&#8221; text_align=&#8221;text-center&#8221;]H\u00fctten und Pensionen[\/elx_heading][vc_empty_space][\/vc_column][vc_column width=&#8221;1\/4&#8243;][vc_empty_space][vc_single_image image=&#8221;13830&#8243; img_size=&#8221;medium&#8221; alignment=&#8221;center&#8221;][elx_heading font_container=&#8221;h3&#8243; font_size=&#8221;h4&#8243; text_color=&#8221;inherit&#8221; text_align=&#8221;text-center&#8221;]Ferienzentren[\/elx_heading][vc_empty_space][\/vc_column][vc_column width=&#8221;1\/4&#8243;][vc_empty_space][vc_single_image image=&#8221;13831&#8243; img_size=&#8221;medium&#8221; alignment=&#8221;center&#8221;][elx_heading font_container=&#8221;h3&#8243; font_size=&#8221;h4&#8243; text_color=&#8221;inherit&#8221; text_align=&#8221;text-center&#8221;]Thermen, Spas &amp; Hotels[\/elx_heading][vc_empty_space][\/vc_column][\/vc_row][vc_row][vc_column][vc_column_text] Hier finden [&hellip;]<\/p>\n","protected":false},"author":209,"featured_media":13827,"parent":811,"menu_order":0,"comment_status":"closed","ping_status":"closed","template":"","meta":{"footnotes":""},"class_list":["post-13846","page","type-page","status-publish","has-post-thumbnail","hentry"],"acf":[],"yoast_head":"<!-- This site is optimized with the Yoast SEO plugin v23.3 - https:\/\/yoast.com\/wordpress\/plugins\/seo\/ -->\n<title>W\u00e4schereil\u00f6sungen f\u00fcr Ferienunterk\u00fcnfte | Electrolux Professional<\/title>\n<meta name=\"description\" content=\"Entdecken Sie die W\u00e4schereil\u00f6sungen von Electrolux Professional f\u00fcr Ferienunterk\u00fcnfte, wie bspw. Campingpl\u00e4tze.\" \/>\n<meta name=\"robots\" content=\"index, follow, max-snippet:-1, max-image-preview:large, max-video-preview:-1\" \/>\n<link rel=\"canonical\" href=\"https:\/\/www.electroluxprofessional.com\/de-ch\/branchenloesungen\/loesungen-fuer-ferienunterkuenfte\/\" \/>\n<meta property=\"og:locale\" content=\"de_DE\" \/>\n<meta property=\"og:type\" content=\"article\" \/>\n<meta property=\"og:title\" content=\"W\u00e4schereil\u00f6sungen f\u00fcr Ferienunterk\u00fcnfte | Electrolux Professional\" \/>\n<meta property=\"og:description\" content=\"Entdecken Sie die W\u00e4schereil\u00f6sungen von Electrolux Professional f\u00fcr Ferienunterk\u00fcnfte, wie bspw. Campingpl\u00e4tze.\" \/>\n<meta property=\"og:url\" content=\"https:\/\/www.electroluxprofessional.com\/de-ch\/branchenloesungen\/loesungen-fuer-ferienunterkuenfte\/\" \/>\n<meta property=\"og:site_name\" content=\"Electrolux Professional Schweiz\" \/>\n<meta property=\"article:modified_time\" content=\"2026-03-25T07:06:31+00:00\" \/>\n<meta property=\"og:image\" content=\"https:\/\/www.electroluxprofessional.com\/de-ch\/wp-content\/uploads\/2023\/01\/myPROzip-Motiv_Camping_myPROzip.jpg\" \/>\n\t<meta property=\"og:image:width\" content=\"700\" \/>\n\t<meta property=\"og:image:height\" content=\"700\" \/>\n\t<meta property=\"og:image:type\" content=\"image\/jpeg\" \/>\n<meta name=\"twitter:card\" content=\"summary_large_image\" \/>\n<meta name=\"twitter:label1\" content=\"Gesch\u00e4tzte Lesezeit\" \/>\n\t<meta name=\"twitter:data1\" content=\"4 Minuten\" \/>\n<script type=\"application\/ld+json\" class=\"yoast-schema-graph\">{\"@context\":\"https:\/\/schema.org\",\"@graph\":[{\"@type\":\"WebPage\",\"@id\":\"https:\/\/www.electroluxprofessional.com\/de-ch\/branchenloesungen\/loesungen-fuer-ferienunterkuenfte\/\",\"url\":\"https:\/\/www.electroluxprofessional.com\/de-ch\/branchenloesungen\/loesungen-fuer-ferienunterkuenfte\/\",\"name\":\"W\u00e4schereil\u00f6sungen f\u00fcr Ferienunterk\u00fcnfte | Electrolux Professional\",\"isPartOf\":{\"@id\":\"https:\/\/www.electroluxprofessional.com\/de-ch\/#website\"},\"primaryImageOfPage\":{\"@id\":\"https:\/\/www.electroluxprofessional.com\/de-ch\/branchenloesungen\/loesungen-fuer-ferienunterkuenfte\/#primaryimage\"},\"image\":{\"@id\":\"https:\/\/www.electroluxprofessional.com\/de-ch\/branchenloesungen\/loesungen-fuer-ferienunterkuenfte\/#primaryimage\"},\"thumbnailUrl\":\"https:\/\/www.electroluxprofessional.com\/de-ch\/wp-content\/uploads\/2023\/01\/myPROzip-Motiv_Camping_myPROzip.jpg\",\"datePublished\":\"2023-01-17T07:52:47+00:00\",\"dateModified\":\"2026-03-25T07:06:31+00:00\",\"description\":\"Entdecken Sie die W\u00e4schereil\u00f6sungen von Electrolux Professional f\u00fcr Ferienunterk\u00fcnfte, wie bspw. Campingpl\u00e4tze.\",\"breadcrumb\":{\"@id\":\"https:\/\/www.electroluxprofessional.com\/de-ch\/branchenloesungen\/loesungen-fuer-ferienunterkuenfte\/#breadcrumb\"},\"inLanguage\":\"de-CH\",\"potentialAction\":[{\"@type\":\"ReadAction\",\"target\":[\"https:\/\/www.electroluxprofessional.com\/de-ch\/branchenloesungen\/loesungen-fuer-ferienunterkuenfte\/\"]}]},{\"@type\":\"ImageObject\",\"inLanguage\":\"de-CH\",\"@id\":\"https:\/\/www.electroluxprofessional.com\/de-ch\/branchenloesungen\/loesungen-fuer-ferienunterkuenfte\/#primaryimage\",\"url\":\"https:\/\/www.electroluxprofessional.com\/de-ch\/wp-content\/uploads\/2023\/01\/myPROzip-Motiv_Camping_myPROzip.jpg\",\"contentUrl\":\"https:\/\/www.electroluxprofessional.com\/de-ch\/wp-content\/uploads\/2023\/01\/myPROzip-Motiv_Camping_myPROzip.jpg\",\"width\":700,\"height\":700,\"caption\":\"Smart-professionelle myPROzip Waschmaschine und W\u00e4schetrockner mit flexibler Bezahlfunktion von Electrolux Professional\"},{\"@type\":\"BreadcrumbList\",\"@id\":\"https:\/\/www.electroluxprofessional.com\/de-ch\/branchenloesungen\/loesungen-fuer-ferienunterkuenfte\/#breadcrumb\",\"itemListElement\":[{\"@type\":\"ListItem\",\"position\":1,\"name\":\"Home\",\"item\":\"https:\/\/www.electroluxprofessional.com\/de-ch\/\"},{\"@type\":\"ListItem\",\"position\":2,\"name\":\"Branchenl\u00f6sungen\",\"item\":\"https:\/\/www.electroluxprofessional.com\/de-ch\/branchenloesungen\/\"},{\"@type\":\"ListItem\",\"position\":3,\"name\":\"L\u00f6sungen f\u00fcr Ferienunterk\u00fcnfte\"}]},{\"@type\":\"WebSite\",\"@id\":\"https:\/\/www.electroluxprofessional.com\/de-ch\/#website\",\"url\":\"https:\/\/www.electroluxprofessional.com\/de-ch\/\",\"name\":\"Electrolux Professional Schweiz\",\"description\":\"\",\"potentialAction\":[{\"@type\":\"SearchAction\",\"target\":{\"@type\":\"EntryPoint\",\"urlTemplate\":\"https:\/\/www.electroluxprofessional.com\/de-ch\/?src={search_term_string}\"},\"query-input\":\"required name=search_term_string\"}],\"inLanguage\":\"de-CH\"}]}<\/script>\n<!-- \/ Yoast SEO plugin. -->","yoast_head_json":{"title":"W\u00e4schereil\u00f6sungen f\u00fcr Ferienunterk\u00fcnfte | Electrolux Professional","description":"Entdecken Sie die W\u00e4schereil\u00f6sungen von Electrolux Professional f\u00fcr Ferienunterk\u00fcnfte, wie bspw. Campingpl\u00e4tze.","robots":{"index":"index","follow":"follow","max-snippet":"max-snippet:-1","max-image-preview":"max-image-preview:large","max-video-preview":"max-video-preview:-1"},"canonical":"https:\/\/www.electroluxprofessional.com\/de-ch\/branchenloesungen\/loesungen-fuer-ferienunterkuenfte\/","og_locale":"de_DE","og_type":"article","og_title":"W\u00e4schereil\u00f6sungen f\u00fcr Ferienunterk\u00fcnfte | Electrolux Professional","og_description":"Entdecken Sie die W\u00e4schereil\u00f6sungen von Electrolux Professional f\u00fcr Ferienunterk\u00fcnfte, wie bspw. Campingpl\u00e4tze.","og_url":"https:\/\/www.electroluxprofessional.com\/de-ch\/branchenloesungen\/loesungen-fuer-ferienunterkuenfte\/","og_site_name":"Electrolux Professional Schweiz","article_modified_time":"2026-03-25T07:06:31+00:00","og_image":[{"width":700,"height":700,"url":"https:\/\/www.electroluxprofessional.com\/de-ch\/wp-content\/uploads\/2023\/01\/myPROzip-Motiv_Camping_myPROzip.jpg","type":"image\/jpeg"}],"twitter_card":"summary_large_image","twitter_misc":{"Gesch\u00e4tzte Lesezeit":"4 Minuten"},"schema":{"@context":"https:\/\/schema.org","@graph":[{"@type":"WebPage","@id":"https:\/\/www.electroluxprofessional.com\/de-ch\/branchenloesungen\/loesungen-fuer-ferienunterkuenfte\/","url":"https:\/\/www.electroluxprofessional.com\/de-ch\/branchenloesungen\/loesungen-fuer-ferienunterkuenfte\/","name":"W\u00e4schereil\u00f6sungen f\u00fcr Ferienunterk\u00fcnfte | Electrolux Professional","isPartOf":{"@id":"https:\/\/www.electroluxprofessional.com\/de-ch\/#website"},"primaryImageOfPage":{"@id":"https:\/\/www.electroluxprofessional.com\/de-ch\/branchenloesungen\/loesungen-fuer-ferienunterkuenfte\/#primaryimage"},"image":{"@id":"https:\/\/www.electroluxprofessional.com\/de-ch\/branchenloesungen\/loesungen-fuer-ferienunterkuenfte\/#primaryimage"},"thumbnailUrl":"https:\/\/www.electroluxprofessional.com\/de-ch\/wp-content\/uploads\/2023\/01\/myPROzip-Motiv_Camping_myPROzip.jpg","datePublished":"2023-01-17T07:52:47+00:00","dateModified":"2026-03-25T07:06:31+00:00","description":"Entdecken Sie die W\u00e4schereil\u00f6sungen von Electrolux Professional f\u00fcr Ferienunterk\u00fcnfte, wie bspw. Campingpl\u00e4tze.","breadcrumb":{"@id":"https:\/\/www.electroluxprofessional.com\/de-ch\/branchenloesungen\/loesungen-fuer-ferienunterkuenfte\/#breadcrumb"},"inLanguage":"de-CH","potentialAction":[{"@type":"ReadAction","target":["https:\/\/www.electroluxprofessional.com\/de-ch\/branchenloesungen\/loesungen-fuer-ferienunterkuenfte\/"]}]},{"@type":"ImageObject","inLanguage":"de-CH","@id":"https:\/\/www.electroluxprofessional.com\/de-ch\/branchenloesungen\/loesungen-fuer-ferienunterkuenfte\/#primaryimage","url":"https:\/\/www.electroluxprofessional.com\/de-ch\/wp-content\/uploads\/2023\/01\/myPROzip-Motiv_Camping_myPROzip.jpg","contentUrl":"https:\/\/www.electroluxprofessional.com\/de-ch\/wp-content\/uploads\/2023\/01\/myPROzip-Motiv_Camping_myPROzip.jpg","width":700,"height":700,"caption":"Smart-professionelle myPROzip Waschmaschine und W\u00e4schetrockner mit flexibler Bezahlfunktion von Electrolux Professional"},{"@type":"BreadcrumbList","@id":"https:\/\/www.electroluxprofessional.com\/de-ch\/branchenloesungen\/loesungen-fuer-ferienunterkuenfte\/#breadcrumb","itemListElement":[{"@type":"ListItem","position":1,"name":"Home","item":"https:\/\/www.electroluxprofessional.com\/de-ch\/"},{"@type":"ListItem","position":2,"name":"Branchenl\u00f6sungen","item":"https:\/\/www.electroluxprofessional.com\/de-ch\/branchenloesungen\/"},{"@type":"ListItem","position":3,"name":"L\u00f6sungen f\u00fcr Ferienunterk\u00fcnfte"}]},{"@type":"WebSite","@id":"https:\/\/www.electroluxprofessional.com\/de-ch\/#website","url":"https:\/\/www.electroluxprofessional.com\/de-ch\/","name":"Electrolux Professional Schweiz","description":"","potentialAction":[{"@type":"SearchAction","target":{"@type":"EntryPoint","urlTemplate":"https:\/\/www.electroluxprofessional.com\/de-ch\/?src={search_term_string}"},"query-input":"required name=search_term_string"}],"inLanguage":"de-CH"}]}},"_links":{"self":[{"href":"https:\/\/www.electroluxprofessional.com\/de-ch\/wp-json\/wp\/v2\/pages\/13846"}],"collection":[{"href":"https:\/\/www.electroluxprofessional.com\/de-ch\/wp-json\/wp\/v2\/pages"}],"about":[{"href":"https:\/\/www.electroluxprofessional.com\/de-ch\/wp-json\/wp\/v2\/types\/page"}],"author":[{"embeddable":true,"href":"https:\/\/www.electroluxprofessional.com\/de-ch\/wp-json\/wp\/v2\/users\/209"}],"replies":[{"embeddable":true,"href":"https:\/\/www.electroluxprofessional.com\/de-ch\/wp-json\/wp\/v2\/comments?post=13846"}],"version-history":[{"count":12,"href":"https:\/\/www.electroluxprofessional.com\/de-ch\/wp-json\/wp\/v2\/pages\/13846\/revisions"}],"predecessor-version":[{"id":20441,"href":"https:\/\/www.electroluxprofessional.com\/de-ch\/wp-json\/wp\/v2\/pages\/13846\/revisions\/20441"}],"up":[{"embeddable":true,"href":"https:\/\/www.electroluxprofessional.com\/de-ch\/wp-json\/wp\/v2\/pages\/811"}],"wp:featuredmedia":[{"embeddable":true,"href":"https:\/\/www.electroluxprofessional.com\/de-ch\/wp-json\/wp\/v2\/media\/13827"}],"wp:attachment":[{"href":"https:\/\/www.electroluxprofessional.com\/de-ch\/wp-json\/wp\/v2\/media?parent=13846"}],"curies":[{"name":"wp","href":"https:\/\/api.w.org\/{rel}","templated":true}]}}