{"id":13564,"date":"2022-10-21T10:17:28","date_gmt":"2022-10-21T10:17:28","guid":{"rendered":"https:\/\/www.electroluxprofessional.com\/de-ch\/?page_id=13564"},"modified":"2026-04-09T10:19:18","modified_gmt":"2026-04-09T10:19:18","slug":"1000auf10","status":"publish","type":"page","link":"https:\/\/www.electroluxprofessional.com\/de-ch\/1000auf10\/","title":{"rendered":"1000auf10"},"content":{"rendered":"<p>[vc_row full_width=&#8221;electroluxpro-full-width-no-padding&#8221;][vc_column][elx_step_banner background_image=&#8221;13558&#8243; media_position=&#8221;media_left&#8221; background_colors_button=&#8221;secondary&#8221; title_box=&#8221;1.000 auf 10<br \/>\n&#8221; text_box=&#8221;1.000 Mahlzeiten auf 10m\u00b2 in 8 Stunden. Erfahren Sie hier, wie das geht.&#8221;][\/vc_column][\/vc_row][vc_row][vc_column][vc_empty_space height=&#8221;50px&#8221;][\/vc_column][\/vc_row][vc_row][vc_column width=&#8221;1\/2&#8243; offset=&#8221;vc_col-xs-12&#8243;][vc_column_text css=&#8221;.vc_custom_1651211928418{padding-right: 100px !important;padding-left: 100px !important;}&#8221; el_class=&#8221;kapa&#8221;]<\/p>\n<h2 class=\"kapa\">Kapazit\u00e4tsverdopplung auf kleinster Fl\u00e4che:<br \/>\nDas Electrolux Professional High-Performance-Konzept f\u00fcr moderne K\u00fcchen in der Gemeinschafts-<br \/>\nverpflegung<\/h2>\n<p>[\/vc_column_text][vc_empty_space][\/vc_column][vc_column width=&#8221;1\/2&#8243;][vc_column_text css=&#8221;.vc_custom_1710163304107{padding-right: 50px !important;}&#8221;]<strong>Das Hochleistungs-Quartett:<\/strong><\/p>\n<ul>\n<li>SkyLine Kombid\u00e4mpfer (20 GN 1\/1)<\/li>\n<li>SkyLine Schockk\u00fchler &amp; -froster (20 GN 1\/1)<\/li>\n<li>Elektro Kippkochkessel mit optionaler R\u00fcckk\u00fchlung (300 L)<\/li>\n<li>Multifunktionale Kippdruckgarbraisi\u00e8re (170 Liter)<\/li>\n<\/ul>\n<p>Die Kombination dieser vier Ger\u00e4te erlaubt es, auf geringster Fl\u00e4che den Anforderungen eines GV-Betriebs (Seniorenheim, Personalrestaurant, Krankenhaus, usw.) gerecht zu werden.\u00a0D\u00e4mpfer und Schockk\u00fchler stimmen Ihre Prozesse aufeinander ab, Multifunktions-Braisi\u00e8re und R\u00fcckk\u00fchl-Kessel sorgen f\u00fcr h\u00f6chste Kapazit\u00e4t und Performance. Die optionale Vernetzung und Auswertung bringt den vollen Durchblick auf Ger\u00e4te und Prozesse \u2013 von jedem beliebigen Ort aus.<\/p>\n<p>F\u00fcr mehr Informationen hilft Ihnen gerne ihr zust\u00e4ndiger Ansprechpartner im Vertrieb:[\/vc_column_text][vc_empty_space][elx_button button_text=&#8221;Ansprechpartner&#8221; button_style=&#8221;default&#8221; button_link=&#8221;url:https%3A%2F%2Fwww.electroluxprofessional.com%2Fde-ch%2Fuebersicht-vertriebsteam-schweiz%2F|title:Ansprechpartner|target:_blank&#8221;][vc_empty_space][\/vc_column][\/vc_row][vc_row][vc_column][vc_empty_space height=&#8221;50px&#8221;][\/vc_column][\/vc_row][vc_row][vc_column][vc_single_image image=&#8221;13559&#8243; img_size=&#8221;full&#8221;][vc_column_text]<\/p>\n<blockquote><p>\u201eDer Einsatz der vier Ger\u00e4te erlaubt es, auf geringster Fl\u00e4che den Anforderungen eines GV-Betriebs (Seniorenheim, Personalrestaurant, Krankenhaus, usw.) gerecht zu werden. F\u00fcr das schnelle Garen und die sichere R\u00fcckk\u00fchlung im Rahmen von Cook&amp;Chill-Prozessen sorgt einerseits das Electrolux Professional \u201eSkyDuo&#8221; eine weltweit einmalige Kombination von Kombid\u00e4mpfer und Schockk\u00fchler, andererseits der R\u00fcckk\u00fchl-Kippkochkessel mit bis zu 300 Litern. Zusammen mit der Multifunktions-Druckgarbrisi\u00e8re verdoppelt das Gesamtsystem die Kapazit\u00e4ten auf gleicher Fl\u00e4che bzw. halbiert den Fl\u00e4chenbedarf bei unver\u00e4nderter Kapazit\u00e4t&#8221;, so Hagen Fietz, Vertriebsleiter Foodservice Equipment Deutschland.<\/p><\/blockquote>\n<p>[\/vc_column_text][\/vc_column][\/vc_row][vc_row][vc_column][vc_empty_space height=&#8221;50px&#8221;][\/vc_column][\/vc_row][vc_row][vc_column][vc_empty_space height=&#8221;50px&#8221;][vc_empty_space height=&#8221;50px&#8221;][\/vc_column][\/vc_row][vc_row][vc_column][elx_image_text_box attach_image_text_box=&#8221;13572&#8243; image_position=&#8221;image_left&#8221; text_block_position=&#8221;text_block_bottom&#8221; image_text_block=&#8221;<\/p>\n<h2>So bereiten Sie 1.000 Essen auf 10m\u00b2 in 8 Stunden zu.<\/h2>\n<p>&#8220;][\/vc_column][\/vc_row][vc_row][vc_column][vc_empty_space height=&#8221;50px&#8221;][\/vc_column][\/vc_row][vc_row css=&#8221;.vc_custom_1648297336965{padding-top: 50px !important;background-color: #02143c !important;}&#8221;][vc_column][vc_empty_space][elx_heading font_size=&#8221;h1&#8243; text_color=&#8221;white&#8221;]1. Produktion der Hauptkomponenten in der Druckgarbraisi\u00e8re[\/elx_heading][vc_column_text el_class=&#8221;white&#8221;]In weniger als 5 Stunden k\u00f6nnen Sie beispielsweise in mehreren Chargen 1.000 Portionen Gulasch mit Sauerkraut in der multifunktionalen therma<em>line<\/em> Druckgarbraisi\u00e8re zubereiten.[\/vc_column_text][vc_empty_space][\/vc_column][vc_column width=&#8221;1\/2&#8243;][vc_single_image image=&#8221;13560&#8243; img_size=&#8221;medium&#8221; alignment=&#8221;center&#8221; css=&#8221;.vc_custom_1649668029399{padding-top: 30px !important;}&#8221;][vc_empty_space height=&#8221;64px&#8221;][\/vc_column][vc_column width=&#8221;1\/2&#8243;][vc_column_text el_class=&#8221;white&#8221;]<\/p>\n<h3>Zeiteinsparungen mit der multifunktionalen 170 Liter Druckgarbraisi\u00e8re<\/h3>\n<p>Gestalten Sie Ihre Arbeitsabl\u00e4ufe effizient und rentabel. Die therma<em>line<\/em> Druckgarbraisi\u00e8ren eignen sich perfekt f\u00fcr die Zubereitung jeder Art von Speisen \u2013 in grossen Mengen, in k\u00fcrzester Zeit und bei hervorragender Qualit\u00e4t.[\/vc_column_text][vc_empty_space][elx_button button_text=&#8221;Zum Produkt&#8221; button_link=&#8221;url:https%3A%2F%2Fwww.electroluxprofessional.com%2Fde-ch%2Fpd%2Fprothermetic-kochkessel-und-bratpfannen%2Fkipp-druckgarbraisi%25C3%25A8ren%2Felektrisch%2Fwandh%25C3%25A4ngend-tiefe-%3D-800-mm%2Fthermaline-elektro-kippdruckgarpfanne-170lt-wandmontage-mit-kerntemperaturf%25C3%25BChler-586225%2F|target:_blank&#8221;][vc_empty_space height=&#8221;72px&#8221;][\/vc_column][\/vc_row][vc_row css=&#8221;.vc_custom_1648360340749{padding-top: 50px !important;}&#8221;][vc_column][vc_empty_space][elx_heading font_size=&#8221;h1&#8243; text_color=&#8221;electrolux-blue&#8221;]2. R\u00fcckk\u00fchlung der Hauptkomponenten im SkyLine Cill-S[\/elx_heading][vc_column_text]<\/p>\n<p style=\"margin: 0cm; background: white;\"><span style=\"color: #14133b;\">Nach jedem abgeschlossenen Garvorgang in der Multifunktions-Druckgarbraisi\u00e8re oder im SkyLine Kombid\u00e4mpfer werden die Chargen im SkyLine Chiller schockgek\u00fchlt. <\/span><\/p>\n<p>[\/vc_column_text][vc_empty_space][\/vc_column][vc_column width=&#8221;1\/2&#8243;][vc_single_image image=&#8221;13561&#8243; img_size=&#8221;full&#8221; alignment=&#8221;center&#8221;][vc_empty_space height=&#8221;64px&#8221;][\/vc_column][vc_column width=&#8221;1\/2&#8243;][vc_empty_space][vc_column_text]<\/p>\n<h3>Steigern Sie Ihre Produktivit\u00e4t und Arbeitsabl\u00e4ufe mit dem SkyLine Chill-S<\/h3>\n<p style=\"margin: 0cm; background: white;\"><span style=\"color: #14133b;\">Der <strong>SkyLine Schockk\u00fchler<span style=\"font-family: 'Calibri',sans-serif;\">\u00a0<\/span><\/strong>tr\u00e4gt dazu bei, dass Sie in Ruhe vorproduzieren und unter Beachtung aller HACCP-Vorgaben hygienisch sicher zur\u00fcckk\u00fchlen k\u00f6nnen. Bereiten Sie in aller Ruhe die Komponenten f\u00fcr die Tage vor, in denen die K\u00fcche \u201ekalt\u201c bleibt (z. B. am Wochenende), aber dennoch frisch regenerierte Speisen angeboten werden sollen. Und der moderne SkyLine Chill-S Schockk\u00fchler kann noch viel mehr\u2026<\/span><\/p>\n<p>[\/vc_column_text][vc_empty_space][elx_button button_text=&#8221;Zum Produkt&#8221; button_link=&#8221;url:https%3A%2F%2Fwww.electroluxprofessional.com%2Fde-ch%2Fgrosskuechentechnik%2Fschockkuehler-und-schockfroster%2F|target:_blank&#8221;][vc_empty_space][\/vc_column][\/vc_row][vc_row css=&#8221;.vc_custom_1648297336965{padding-top: 50px !important;background-color: #02143c !important;}&#8221;][vc_column][vc_empty_space][elx_heading font_size=&#8221;h1&#8243; text_color=&#8221;white&#8221;]3. Regeneration der Komponenten im SkyLine Kombid\u00e4mpfer[\/elx_heading][vc_column_text el_class=&#8221;white&#8221;]In k\u00fcrzester Zeit werden s\u00e4mtliche Men\u00fc-Komponenten schonend und pr\u00e4zise im SkyLine Kombid\u00e4mpfer regeneriert.[\/vc_column_text][vc_empty_space][\/vc_column][vc_column width=&#8221;1\/2&#8243;][vc_single_image image=&#8221;13562&#8243; img_size=&#8221;full&#8221; alignment=&#8221;center&#8221;][vc_empty_space height=&#8221;64px&#8221;][\/vc_column][vc_column width=&#8221;1\/2&#8243;][vc_column_text el_class=&#8221;white&#8221;]<\/p>\n<h3>SkyDuo: L\u00fcckenlose Kommunikation<\/h3>\n<p>SkyDuo ist die einzigartige Komplettl\u00f6sung f\u00fcr Cook&amp;Chill. Ein innovatives System mit der gleichen DNA. SkyLine Kombid\u00e4mpfer und Schockk\u00fchler teilen das identische Bedienkonzept, die gleiche einfache, intuitive Touch-Oberfl\u00e4che und kommunizieren nahtlos miteinander.[\/vc_column_text][vc_empty_space][elx_button button_text=&#8221;Zum Produkt&#8221; button_link=&#8221;url:https%3A%2F%2Fwww.electroluxprofessional.com%2Fde-ch%2Fgrosskuechentechnik%2Fkombidaempfer-und-ofen%2F|target:_blank&#8221;][vc_empty_space][\/vc_column][\/vc_row][vc_row css=&#8221;.vc_custom_1648360340749{padding-top: 50px !important;}&#8221;][vc_column][vc_empty_space][elx_heading font_size=&#8221;h1&#8243; text_color=&#8221;electrolux-blue&#8221;]4. Zubereitung von Beilagen, Vor- und Nachspeisen[\/elx_heading][vc_column_text]<\/p>\n<p style=\"margin: 0cm; background: white;\"><span style=\"color: #14133b;\">\u00dcber den gesamten Produktionszeitraum k\u00f6nnen Sie in unserem Kippkochkessel mit R\u00fchrwerk parallel bspw. eine Suppe, Beilagen wie frisches Kartoffelp\u00fcree oder Nachspeisen wie z. B. eine leckere Vanillecreme zubereiten. Und dank der optional erh\u00e4ltlichen R\u00fcckk\u00fchlung sogar auch ein paar Tage im Voraus \u2013 hygienisch, sicher und v\u00f6llig entspannt. <\/span><\/p>\n<p>[\/vc_column_text][vc_empty_space][\/vc_column][vc_column width=&#8221;1\/2&#8243;][vc_single_image image=&#8221;13563&#8243; img_size=&#8221;medium&#8221; alignment=&#8221;center&#8221; css=&#8221;.vc_custom_1649672875534{padding-top: 30px !important;}&#8221;][vc_empty_space height=&#8221;64px&#8221;][\/vc_column][vc_column width=&#8221;1\/2&#8243;][vc_empty_space][vc_column_text]<\/p>\n<h3>Hohe Produktivit\u00e4t bei perfekten Garergebnissen.<\/h3>\n<p style=\"margin: 0cm; background: white;\"><span style=\"color: #14133b;\">Die indirekte Beheizung des 300 Liter therma<em><span style=\"font-family: 'Calibri',sans-serif;\">line\u00a0<\/span><\/em>Kochkessels mit R\u00fchrwerk erm\u00f6glicht perfekte gleichm\u00e4ssige Kochergebnisse. Und dies bis zu 40% schneller dank 1,5 bar \/ 125 \u00b0C im Doppelmantel. Optional ist der Kochkessel auch R\u00fcckk\u00fchlung f\u00fcr perfektes Cook&amp;Chill verf\u00fcgbar.<\/span><\/p>\n<p>[\/vc_column_text][vc_empty_space][elx_button button_text=&#8221;Zum Produkt&#8221; button_link=&#8221;url:https%3A%2F%2Fwww.electroluxprofessional.com%2Fde-ch%2Fkueche%2Fprothermetic-kochkessel-und-bratpfannen%2F|target:_blank&#8221;][vc_empty_space][\/vc_column][\/vc_row][vc_row][vc_column][vc_empty_space height=&#8221;160px&#8221;][vc_column_text]<\/p>\n<h2 style=\"text-align: center;\">Downloads<\/h2>\n<p style=\"text-align: center;\">Hier finden Sie alle relevanten Brosch\u00fcre zu den genannten Produkten.<\/p>\n<p>[\/vc_column_text][vc_empty_space][vc_row_inner][vc_column_inner width=&#8221;1\/3&#8243;][elx_download_block text=&#8221;SkyLine Kombid\u00e4mpfer Brosch\u00fcre herunterladen&#8221; document_type=&#8221;brochures&#8221; link=&#8221;https:\/\/www.electroluxprofessional.com\/de-ch\/wp-content\/uploads\/2022\/10\/0S0411_Der-Weg-zur-kulinarischen-Perfektion_O\u0308fen_neues-Logo.pdf&#8221; background_color=&#8221;electrolux-blue&#8221; br_document_number=&#8221;BR-9JE00118&#8243;][\/vc_column_inner][vc_column_inner width=&#8221;1\/3&#8243;][elx_download_block text=&#8221;SkyLine Cook&amp;Chill Brosch\u00fcre herunterladen&#8221; document_type=&#8221;brochures&#8221; link=&#8221;https:\/\/www.electroluxprofessional.com\/de-ch\/wp-content\/uploads\/2022\/10\/0S0408_Der-Weg-zu-ultimativer-Leistung_Cook_Chill_neues-Logo.pdf&#8221; background_color=&#8221;electrolux-blue&#8221; br_document_number=&#8221;BR-9JE00120&#8243;][\/vc_column_inner][vc_column_inner width=&#8221;1\/3&#8243;][elx_download_block text=&#8221;SkyLine Schockk\u00fchler &amp; -froster Brosch\u00fcre herunterladen&#8221; document_type=&#8221;brochures&#8221; link=&#8221;https:\/\/www.electroluxprofessional.com\/de-ch\/wp-content\/uploads\/2022\/10\/0S0519_Der-Weg-zur-exzellenten-Ku\u0308hlung_Schockku\u0308hler_froster_low.pdf&#8221; background_color=&#8221;electrolux-blue&#8221; br_document_number=&#8221;BR-9JE00119&#8243;][\/vc_column_inner][\/vc_row_inner][vc_row_inner][vc_column_inner width=&#8221;1\/2&#8243;][elx_download_block text=&#8221;therma<em>line<\/em><br \/>\nDruckgarbraisi\u00e8ren Brosch\u00fcre herunterladen&#8221; document_type=&#8221;brochures&#8221; link=&#8221;https:\/\/www.electroluxprofessional.com\/de-ch\/wp-content\/uploads\/2022\/10\/0S0725_Druckgarbraisie\u0300re_neues-Logo.pdf&#8221; background_color=&#8221;electrolux-blue&#8221; br_document_number=&#8221;BR-9JE00108&#8243;][\/vc_column_inner][vc_column_inner width=&#8221;1\/2&#8243;][elx_download_block text=&#8221;Kippkochkessel mit R\u00fchrwerk Brosch\u00fcre herunterladen&#8221; document_type=&#8221;brochures&#8221; link=&#8221;https:\/\/www.electroluxprofessional.com\/de-ch\/wp-content\/uploads\/2022\/10\/070724_Effizient-produktiv-leistungsstark_ProThermetic_Ru\u0308ckku\u0308hlkessel_neues-Logo_neu.pdf&#8221; background_color=&#8221;electrolux-blue&#8221;][\/vc_column_inner][\/vc_row_inner][vc_empty_space][\/vc_column][\/vc_row][vc_row css=&#8221;.vc_custom_1637242026692{background-color: #14133b !important;}&#8221;][vc_column][vc_empty_space height=&#8221;50px&#8221;][elx_heading font_size=&#8221;h1&#8243; text_color=&#8221;white&#8221;]Kontaktieren Sie uns, wenn Sie mehr erfahren m\u00f6chten[\/elx_heading][vc_empty_space][elx_o2000_contact_us s=&#8221;Informationen zu 1000 auf 10&#8243; country=&#8221;Germany&#8221; flag_background=&#8221;true&#8221; r=&#8221;Ich m\u00f6chte mehr erfahren \u2013 bitte kontaktieren Sie mich.&#8221;][vc_empty_space height=&#8221;50px&#8221;][\/vc_column][\/vc_row]<\/p>\n","protected":false},"excerpt":{"rendered":"<p>[vc_row full_width=&#8221;electroluxpro-full-width-no-padding&#8221;][vc_column][elx_step_banner background_image=&#8221;13558&#8243; media_position=&#8221;media_left&#8221; background_colors_button=&#8221;secondary&#8221; title_box=&#8221;1.000 auf 10 &#8221; text_box=&#8221;1.000 Mahlzeiten auf 10m\u00b2 in 8 Stunden. Erfahren Sie hier, wie das geht.&#8221;][\/vc_column][\/vc_row][vc_row][vc_column][vc_empty_space height=&#8221;50px&#8221;][\/vc_column][\/vc_row][vc_row][vc_column width=&#8221;1\/2&#8243; offset=&#8221;vc_col-xs-12&#8243;][vc_column_text css=&#8221;.vc_custom_1651211928418{padding-right: 100px !important;padding-left: 100px !important;}&#8221; el_class=&#8221;kapa&#8221;] Kapazit\u00e4tsverdopplung auf kleinster Fl\u00e4che: Das Electrolux Professional High-Performance-Konzept f\u00fcr moderne K\u00fcchen in der Gemeinschafts- verpflegung [\/vc_column_text][vc_empty_space][\/vc_column][vc_column width=&#8221;1\/2&#8243;][vc_column_text css=&#8221;.vc_custom_1710163304107{padding-right: 50px !important;}&#8221;]Das Hochleistungs-Quartett: SkyLine Kombid\u00e4mpfer (20 [&hellip;]<\/p>\n","protected":false},"author":209,"featured_media":0,"parent":0,"menu_order":0,"comment_status":"closed","ping_status":"closed","template":"","meta":{"footnotes":""},"class_list":["post-13564","page","type-page","status-publish","hentry"],"acf":[],"yoast_head":"<!-- This site is optimized with the Yoast SEO plugin v23.3 - https:\/\/yoast.com\/wordpress\/plugins\/seo\/ -->\n<title>Kapazit\u00e4tsverdopplung | Electrolux Professional<\/title>\n<meta name=\"description\" content=\"Produzieren Sie mit nur 4 Ger\u00e4ten auf 10 Quadratmetern 1000 Essen in weniger als 8 Stunden. Wie? Das erfahren Sie hier!\" \/>\n<meta name=\"robots\" content=\"index, follow, max-snippet:-1, max-image-preview:large, max-video-preview:-1\" \/>\n<link rel=\"canonical\" href=\"https:\/\/www.electroluxprofessional.com\/de-ch\/1000auf10\/\" \/>\n<meta property=\"og:locale\" content=\"de_DE\" \/>\n<meta property=\"og:type\" content=\"article\" \/>\n<meta property=\"og:title\" content=\"Kapazit\u00e4tsverdopplung | Electrolux Professional\" \/>\n<meta property=\"og:description\" content=\"Produzieren Sie mit nur 4 Ger\u00e4ten auf 10 Quadratmetern 1000 Essen in weniger als 8 Stunden. Wie? Das erfahren Sie hier!\" \/>\n<meta property=\"og:url\" content=\"https:\/\/www.electroluxprofessional.com\/de-ch\/1000auf10\/\" \/>\n<meta property=\"og:site_name\" content=\"Electrolux Professional Schweiz\" \/>\n<meta property=\"article:modified_time\" content=\"2026-04-09T10:19:18+00:00\" \/>\n<meta name=\"twitter:card\" content=\"summary_large_image\" \/>\n<meta name=\"twitter:label1\" content=\"Gesch\u00e4tzte Lesezeit\" \/>\n\t<meta name=\"twitter:data1\" content=\"5 Minuten\" \/>\n<script type=\"application\/ld+json\" class=\"yoast-schema-graph\">{\"@context\":\"https:\/\/schema.org\",\"@graph\":[{\"@type\":\"WebPage\",\"@id\":\"https:\/\/www.electroluxprofessional.com\/de-ch\/1000auf10\/\",\"url\":\"https:\/\/www.electroluxprofessional.com\/de-ch\/1000auf10\/\",\"name\":\"Kapazit\u00e4tsverdopplung | Electrolux Professional\",\"isPartOf\":{\"@id\":\"https:\/\/www.electroluxprofessional.com\/de-ch\/#website\"},\"datePublished\":\"2022-10-21T10:17:28+00:00\",\"dateModified\":\"2026-04-09T10:19:18+00:00\",\"description\":\"Produzieren Sie mit nur 4 Ger\u00e4ten auf 10 Quadratmetern 1000 Essen in weniger als 8 Stunden. Wie? Das erfahren Sie hier!\",\"breadcrumb\":{\"@id\":\"https:\/\/www.electroluxprofessional.com\/de-ch\/1000auf10\/#breadcrumb\"},\"inLanguage\":\"de-CH\",\"potentialAction\":[{\"@type\":\"ReadAction\",\"target\":[\"https:\/\/www.electroluxprofessional.com\/de-ch\/1000auf10\/\"]}]},{\"@type\":\"BreadcrumbList\",\"@id\":\"https:\/\/www.electroluxprofessional.com\/de-ch\/1000auf10\/#breadcrumb\",\"itemListElement\":[{\"@type\":\"ListItem\",\"position\":1,\"name\":\"Home\",\"item\":\"https:\/\/www.electroluxprofessional.com\/de-ch\/\"},{\"@type\":\"ListItem\",\"position\":2,\"name\":\"1000auf10\"}]},{\"@type\":\"WebSite\",\"@id\":\"https:\/\/www.electroluxprofessional.com\/de-ch\/#website\",\"url\":\"https:\/\/www.electroluxprofessional.com\/de-ch\/\",\"name\":\"Electrolux Professional Schweiz\",\"description\":\"\",\"potentialAction\":[{\"@type\":\"SearchAction\",\"target\":{\"@type\":\"EntryPoint\",\"urlTemplate\":\"https:\/\/www.electroluxprofessional.com\/de-ch\/?src={search_term_string}\"},\"query-input\":\"required name=search_term_string\"}],\"inLanguage\":\"de-CH\"}]}<\/script>\n<!-- \/ Yoast SEO plugin. -->","yoast_head_json":{"title":"Kapazit\u00e4tsverdopplung | Electrolux Professional","description":"Produzieren Sie mit nur 4 Ger\u00e4ten auf 10 Quadratmetern 1000 Essen in weniger als 8 Stunden. Wie? Das erfahren Sie hier!","robots":{"index":"index","follow":"follow","max-snippet":"max-snippet:-1","max-image-preview":"max-image-preview:large","max-video-preview":"max-video-preview:-1"},"canonical":"https:\/\/www.electroluxprofessional.com\/de-ch\/1000auf10\/","og_locale":"de_DE","og_type":"article","og_title":"Kapazit\u00e4tsverdopplung | Electrolux Professional","og_description":"Produzieren Sie mit nur 4 Ger\u00e4ten auf 10 Quadratmetern 1000 Essen in weniger als 8 Stunden. Wie? Das erfahren Sie hier!","og_url":"https:\/\/www.electroluxprofessional.com\/de-ch\/1000auf10\/","og_site_name":"Electrolux Professional Schweiz","article_modified_time":"2026-04-09T10:19:18+00:00","twitter_card":"summary_large_image","twitter_misc":{"Gesch\u00e4tzte Lesezeit":"5 Minuten"},"schema":{"@context":"https:\/\/schema.org","@graph":[{"@type":"WebPage","@id":"https:\/\/www.electroluxprofessional.com\/de-ch\/1000auf10\/","url":"https:\/\/www.electroluxprofessional.com\/de-ch\/1000auf10\/","name":"Kapazit\u00e4tsverdopplung | Electrolux Professional","isPartOf":{"@id":"https:\/\/www.electroluxprofessional.com\/de-ch\/#website"},"datePublished":"2022-10-21T10:17:28+00:00","dateModified":"2026-04-09T10:19:18+00:00","description":"Produzieren Sie mit nur 4 Ger\u00e4ten auf 10 Quadratmetern 1000 Essen in weniger als 8 Stunden. Wie? Das erfahren Sie hier!","breadcrumb":{"@id":"https:\/\/www.electroluxprofessional.com\/de-ch\/1000auf10\/#breadcrumb"},"inLanguage":"de-CH","potentialAction":[{"@type":"ReadAction","target":["https:\/\/www.electroluxprofessional.com\/de-ch\/1000auf10\/"]}]},{"@type":"BreadcrumbList","@id":"https:\/\/www.electroluxprofessional.com\/de-ch\/1000auf10\/#breadcrumb","itemListElement":[{"@type":"ListItem","position":1,"name":"Home","item":"https:\/\/www.electroluxprofessional.com\/de-ch\/"},{"@type":"ListItem","position":2,"name":"1000auf10"}]},{"@type":"WebSite","@id":"https:\/\/www.electroluxprofessional.com\/de-ch\/#website","url":"https:\/\/www.electroluxprofessional.com\/de-ch\/","name":"Electrolux Professional Schweiz","description":"","potentialAction":[{"@type":"SearchAction","target":{"@type":"EntryPoint","urlTemplate":"https:\/\/www.electroluxprofessional.com\/de-ch\/?src={search_term_string}"},"query-input":"required name=search_term_string"}],"inLanguage":"de-CH"}]}},"_links":{"self":[{"href":"https:\/\/www.electroluxprofessional.com\/de-ch\/wp-json\/wp\/v2\/pages\/13564"}],"collection":[{"href":"https:\/\/www.electroluxprofessional.com\/de-ch\/wp-json\/wp\/v2\/pages"}],"about":[{"href":"https:\/\/www.electroluxprofessional.com\/de-ch\/wp-json\/wp\/v2\/types\/page"}],"author":[{"embeddable":true,"href":"https:\/\/www.electroluxprofessional.com\/de-ch\/wp-json\/wp\/v2\/users\/209"}],"replies":[{"embeddable":true,"href":"https:\/\/www.electroluxprofessional.com\/de-ch\/wp-json\/wp\/v2\/comments?post=13564"}],"version-history":[{"count":13,"href":"https:\/\/www.electroluxprofessional.com\/de-ch\/wp-json\/wp\/v2\/pages\/13564\/revisions"}],"predecessor-version":[{"id":20653,"href":"https:\/\/www.electroluxprofessional.com\/de-ch\/wp-json\/wp\/v2\/pages\/13564\/revisions\/20653"}],"wp:attachment":[{"href":"https:\/\/www.electroluxprofessional.com\/de-ch\/wp-json\/wp\/v2\/media?parent=13564"}],"curies":[{"name":"wp","href":"https:\/\/api.w.org\/{rel}","templated":true}]}}