{"id":10765,"date":"2020-11-11T05:48:58","date_gmt":"2020-11-11T03:48:58","guid":{"rendered":"https:\/\/www.electroluxprofessional.com\/?page_id=32855"},"modified":"2026-03-25T07:18:16","modified_gmt":"2026-03-25T07:18:16","slug":"waschsalons","status":"publish","type":"page","link":"https:\/\/www.electroluxprofessional.com\/de-ch\/branchenloesungen\/waschsalons\/","title":{"rendered":"Waschsalons"},"content":{"rendered":"<p>[vc_row full_width=&#8221;electroluxpro-full-width-no-padding&#8221; equal_height=&#8221;yes&#8221; css=&#8221;.vc_custom_1604054607517{margin-top: -30px !important;border-top-width: -30px !important;padding-top: -30px !important;}&#8221;][vc_column][elx_full_banner title=&#8221;L\u00f6sungen f\u00fcr Waschsalons, auch mit Bezahlsystemen&#8221; set_as_h1=&#8221;true&#8221; background_image_media_library=&#8221;18861&#8243; background_image_media_library_mobile=&#8221;18860&#8243; link=&#8221;url:%23contact|title:Kontaktieren%20Sie%20uns&#8221;][vc_empty_space][\/vc_column][\/vc_row][vc_row][vc_column][vc_empty_space][elx_heading font_size=&#8221;h2&#8243; text_color=&#8221;inherit&#8221; text_align=&#8221;text-center&#8221;]Maximale Effizienz. Minimale Betriebskosten. Zufriedene Kunden.[\/elx_heading][vc_empty_space][vc_column_text]<\/p>\n<p style=\"text-align: center;\">Mit Electrolux Professional gestalten Sie einen Waschsalon, den Ihre Kundschaft lieben wird \u2013 vom ersten Besuch bis zur regelm\u00e4ssigen Nutzung. Unsere L\u00f6sungen bieten schnellen Zugriff auf benutzerfreundliche Maschinen mit grosser Kapazit\u00e4t und hervorragenden Waschergebnissen. Dank niedriger Betriebskosten und effizienter Prozesse steigern Sie die Kundenrotation und senken gleichzeitig Ihre Ausgaben. Ob Waschmaschinen, Trockner oder Zubeh\u00f6r \u2013 alle Komponenten sind perfekt aufeinander abgestimmt und sorgen f\u00fcr ein reibungsloses, wirtschaftliches und komfortables Wascherlebnis.<\/p>\n<p>[\/vc_column_text][vc_empty_space][elx_button button_text=&#8221;Kontaktieren Sie unsere Experten und erfahren Sie mehr&#8221; button_display_block=&#8221;display_block_on&#8221; button_alignment=&#8221;align_center&#8221; button_link=&#8221;url:%23contact&#8221;][vc_empty_space][\/vc_column][\/vc_row][vc_row full_width=&#8221;electroluxpro-container-no-padding&#8221; el_id=&#8221;laundrettes&#8221;][vc_column][vc_empty_space][\/vc_column][\/vc_row][vc_row full_width=&#8221;electroluxpro-container-no-padding&#8221; css=&#8221;.vc_custom_1755784420614{background-color: #eaeaea !important;}&#8221;][vc_column][vc_empty_space][elx_heading font_size=&#8221;h2&#8243; text_color=&#8221;inherit&#8221; text_align=&#8221;text-center&#8221;]Entdecken Sie unsere L\u00f6sungen f\u00fcr Waschsalons[\/elx_heading][vc_empty_space][vc_row_inner][vc_column_inner][vc_column_text]<\/p>\n<h3 style=\"text-align: center;\">Line 6000 Waschmaschinen &amp; Trockner<\/h3>\n<p>[\/vc_column_text][vc_empty_space height=&#8221;16px&#8221;][vc_single_image image=&#8221;18863&#8243; img_size=&#8221;full&#8221; alignment=&#8221;center&#8221;][vc_empty_space height=&#8221;16px&#8221;][vc_column_text css=&#8221;.vc_custom_1756200937326{padding-right: 20px !important;}&#8221;]<\/p>\n<p style=\"text-align: center;\">Electrolux Professional bietet innovative W\u00e4schereil\u00f6sungen f\u00fcr Waschsalons, die <strong>Effizienz, Komfort und Flexibilit\u00e4t<\/strong> vereinen. Unsere Maschinen \u00fcberzeugen durch <strong>zertifizierte Ergonomie<\/strong> f\u00fcr eine komfortable Bedienung \u2013 auch f\u00fcr Menschen mit Einschr\u00e4nkungen \u2013 sowie durch<strong> intuitive Benutzeroberfl\u00e4chen<\/strong> wie Compass Pro und ClarusVibe. Mit Kapazit\u00e4ten von<strong> 6 bis<\/strong><br \/>\n<strong>33 kg<\/strong> passen sich unsere Ger\u00e4te jedem Bedarf an und erm\u00f6glichen eine platzsparende Installation. Die Line 6000 sorgt dank fortschrittlicher Technologie f\u00fcr <strong>erhebliche Einsparungen bei Wasser, Energie und Waschmittel<\/strong> und <strong>reduziert gleichzeitig die Betriebskosten langfristig<\/strong>.<\/p>\n<p>[\/vc_column_text][vc_empty_space][elx_button button_text=&#8221;Mehr \u00fcber die Line 6000 Waschmaschinen &amp; Trockner erfahren&#8221; button_display_block=&#8221;display_block_on&#8221; button_alignment=&#8221;align_center&#8221; button_link=&#8221;url:https%3A%2F%2Fwww.electroluxprofessional.com%2Fde-ch%2Fwaescherei%2Fline-6000-waeschereiloesungen%2F|target:_blank&#8221;][\/vc_column_inner][\/vc_row_inner][vc_empty_space][vc_empty_space][vc_column_text]<\/p>\n<h3 style=\"text-align: center;\">Flexible Bezahloptionen<\/h3>\n<p>[\/vc_column_text][vc_empty_space height=&#8221;16px&#8221;][vc_row_inner][vc_column_inner width=&#8221;1\/5&#8243;][vc_empty_space][\/vc_column_inner][vc_column_inner width=&#8221;1\/5&#8243;][vc_single_image image=&#8221;10717&#8243; alignment=&#8221;right&#8221;][\/vc_column_inner][vc_column_inner width=&#8221;1\/5&#8243;][vc_single_image image=&#8221;10748&#8243; alignment=&#8221;center&#8221;][\/vc_column_inner][vc_column_inner width=&#8221;1\/5&#8243;][vc_single_image image=&#8221;10718&#8243;][\/vc_column_inner][vc_column_inner width=&#8221;1\/5&#8243;][vc_empty_space][\/vc_column_inner][\/vc_row_inner][vc_empty_space height=&#8221;16px&#8221;][vc_row_inner][vc_column_inner width=&#8221;1\/3&#8243;][vc_empty_space][\/vc_column_inner][vc_column_inner width=&#8221;1\/3&#8243;][vc_column_text css=&#8221;.vc_custom_1756201054201{padding-right: 20px !important;}&#8221;]<\/p>\n<p style=\"text-align: center;\">M\u00fcnz- und Wertmarkensysteme<br \/>\nKartenleser (Prepaid, Bankkarten)<br \/>\nMobile Apps &amp; kontaktlose Buchung<br \/>\nZentrale Zahlstationen f\u00fcr mehrere Maschinen<\/p>\n<p>[\/vc_column_text][\/vc_column_inner][vc_column_inner width=&#8221;1\/3&#8243;][vc_empty_space][\/vc_column_inner][\/vc_row_inner][vc_empty_space][elx_button button_text=&#8221;Mehr \u00fcber die Bezahlsysteme erfahren&#8221; button_display_block=&#8221;display_block_on&#8221; button_alignment=&#8221;align_center&#8221; button_link=&#8221;url:https%3A%2F%2Fwww.electroluxprofessional.com%2Fde-ch%2Fwaescherei%2Fbezahlsysteme%2F|target:_blank&#8221;][vc_empty_space][vc_empty_space][\/vc_column][\/vc_row][vc_row full_width=&#8221;electroluxpro-container-no-padding&#8221;][vc_column width=&#8221;1\/3&#8243; css=&#8221;.vc_custom_1606950623004{margin-left: 10px !important;border-left-width: 10px !important;padding-left: 10px !important;}&#8221;][vc_empty_space][vc_empty_space][vc_empty_space][vc_single_image image=&#8221;18865&#8243; img_size=&#8221;medium&#8221; alignment=&#8221;center&#8221;][vc_empty_space][\/vc_column][vc_column width=&#8221;2\/3&#8243; css=&#8221;.vc_custom_1606971695132{margin-left: 0px !important;border-left-width: 0px !important;padding-left: 0px !important;}&#8221;][vc_empty_space][vc_column_text css=&#8221;.vc_custom_1756201002054{padding-right: 20px !important;}&#8221;]<\/p>\n<h3>Warum Electrolux Professional?<\/h3>\n<p>[\/vc_column_text][vc_empty_space height=&#8221;16px&#8221;][vc_column_text]Electrolux Professional ist die ideale Wahl f\u00fcr Betreiber von Selbstbedienungsw\u00e4schereien, die auf Effizienz, Komfort und Zuverl\u00e4ssigkeit setzen. Unsere einfach zu bedienenden Waschmaschinen und Trockner mit grosser Kapazit\u00e4t sind rund um die Uhr einsatzbereit und bieten eine schnelle, benutzerfreundliche Oberfl\u00e4che. Unsere L\u00f6sungen sind wirtschaftlich durch niedrige Betriebskosten, schnelle Installation und hohe Energieeffizienz. Dank innovativer Technologie sparen Sie Wasser, Energie und Waschmittel und vermeiden Ausfallzeiten durch zuverl\u00e4ssigen Betrieb. Von platzsparenden, stapelbaren Modellen bis hin zu Grossger\u00e4ten \u2013 Electrolux Professional passt sich flexibel Ihrem Gesch\u00e4ft an und bietet spezielle Programme f\u00fcr Hygiene und Textilschonung.[\/vc_column_text][vc_empty_space][vc_empty_space][\/vc_column][\/vc_row][vc_row el_id=&#8221;contact&#8221; css=&#8221;.vc_custom_1755784430293{background-color: #eaeaea !important;}&#8221;][vc_column][vc_empty_space][elx_heading text_color=&#8221;electrolux-blue&#8221; text_align=&#8221;text-center&#8221;]Sie m\u00f6chten einen Waschsalon er\u00f6ffnen oder Ihre Ausstattung aufr\u00fcsten? Kontaktieren Sie unsere Experten:[\/elx_heading][vc_empty_space][elx_o2000_contact_us s=&#8221;Anfrage: Informationen f\u00fcr Waschsalons&#8221; request_type=&#8221;Other&#8221; country=&#8221;Switzerland&#8221; b=&#8221;laundry&#8221; container=&#8221;elxcontactus1482242857&#8243; r=&#8221;Ich w\u00fcrde gerne mehr \u00fcber Waschsalons erfahren&#8221; l=&#8221;de&#8221;][vc_empty_space][\/vc_column][\/vc_row]<\/p>\n","protected":false},"excerpt":{"rendered":"<p>[vc_row full_width=&#8221;electroluxpro-full-width-no-padding&#8221; equal_height=&#8221;yes&#8221; css=&#8221;.vc_custom_1604054607517{margin-top: -30px !important;border-top-width: -30px !important;padding-top: -30px !important;}&#8221;][vc_column][elx_full_banner title=&#8221;L\u00f6sungen f\u00fcr Waschsalons, auch mit Bezahlsystemen&#8221; set_as_h1=&#8221;true&#8221; background_image_media_library=&#8221;18861&#8243; background_image_media_library_mobile=&#8221;18860&#8243; link=&#8221;url:%23contact|title:Kontaktieren%20Sie%20uns&#8221;][vc_empty_space][\/vc_column][\/vc_row][vc_row][vc_column][vc_empty_space][elx_heading font_size=&#8221;h2&#8243; text_color=&#8221;inherit&#8221; text_align=&#8221;text-center&#8221;]Maximale Effizienz. Minimale Betriebskosten. Zufriedene Kunden.[\/elx_heading][vc_empty_space][vc_column_text] Mit Electrolux Professional gestalten Sie einen Waschsalon, den Ihre Kundschaft lieben wird \u2013 vom ersten Besuch bis zur regelm\u00e4ssigen Nutzung. Unsere L\u00f6sungen bieten schnellen Zugriff auf benutzerfreundliche [&hellip;]<\/p>\n","protected":false},"author":182,"featured_media":18863,"parent":811,"menu_order":0,"comment_status":"closed","ping_status":"closed","template":"","meta":{"footnotes":""},"class_list":["post-10765","page","type-page","status-publish","has-post-thumbnail","hentry"],"acf":[],"yoast_head":"<!-- This site is optimized with the Yoast SEO plugin v23.3 - https:\/\/yoast.com\/wordpress\/plugins\/seo\/ -->\n<title>L\u00f6sungen f\u00fcr Waschsalons | Electrolux Professional<\/title>\n<meta name=\"description\" content=\"Wir bieten eine komplette Reihe von L\u00f6sungen f\u00fcr Waschsalons, bei denen Waschmaschinen, Trockner und Bezahlsysteme perfekt zusammenpassen.\" \/>\n<meta name=\"robots\" content=\"index, follow, max-snippet:-1, max-image-preview:large, max-video-preview:-1\" \/>\n<link rel=\"canonical\" href=\"https:\/\/www.electroluxprofessional.com\/de-ch\/branchenloesungen\/waschsalons\/\" \/>\n<meta property=\"og:locale\" content=\"de_DE\" \/>\n<meta property=\"og:type\" content=\"article\" \/>\n<meta property=\"og:title\" content=\"L\u00f6sungen f\u00fcr Waschsalons | Electrolux Professional\" \/>\n<meta property=\"og:description\" content=\"Wir bieten eine komplette Reihe von L\u00f6sungen f\u00fcr Waschsalons, bei denen Waschmaschinen, Trockner und Bezahlsysteme perfekt zusammenpassen.\" \/>\n<meta property=\"og:url\" content=\"https:\/\/www.electroluxprofessional.com\/de-ch\/branchenloesungen\/waschsalons\/\" \/>\n<meta property=\"og:site_name\" content=\"Electrolux Professional Schweiz\" \/>\n<meta property=\"article:modified_time\" content=\"2026-03-25T07:18:16+00:00\" \/>\n<meta property=\"og:image\" content=\"https:\/\/www.electroluxprofessional.com\/de-ch\/wp-content\/uploads\/2025\/08\/Coin-op-store-3-banner.jpg\" \/>\n\t<meta property=\"og:image:width\" content=\"1920\" \/>\n\t<meta property=\"og:image:height\" content=\"800\" \/>\n\t<meta property=\"og:image:type\" content=\"image\/jpeg\" \/>\n<meta name=\"twitter:card\" content=\"summary_large_image\" \/>\n<meta name=\"twitter:label1\" content=\"Gesch\u00e4tzte Lesezeit\" \/>\n\t<meta name=\"twitter:data1\" content=\"3 Minuten\" \/>\n<script type=\"application\/ld+json\" class=\"yoast-schema-graph\">{\"@context\":\"https:\/\/schema.org\",\"@graph\":[{\"@type\":\"WebPage\",\"@id\":\"https:\/\/www.electroluxprofessional.com\/de-ch\/branchenloesungen\/waschsalons\/\",\"url\":\"https:\/\/www.electroluxprofessional.com\/de-ch\/branchenloesungen\/waschsalons\/\",\"name\":\"L\u00f6sungen f\u00fcr Waschsalons | Electrolux Professional\",\"isPartOf\":{\"@id\":\"https:\/\/www.electroluxprofessional.com\/de-ch\/#website\"},\"primaryImageOfPage\":{\"@id\":\"https:\/\/www.electroluxprofessional.com\/de-ch\/branchenloesungen\/waschsalons\/#primaryimage\"},\"image\":{\"@id\":\"https:\/\/www.electroluxprofessional.com\/de-ch\/branchenloesungen\/waschsalons\/#primaryimage\"},\"thumbnailUrl\":\"https:\/\/www.electroluxprofessional.com\/de-ch\/wp-content\/uploads\/2025\/08\/Coin-op-store-3-banner.jpg\",\"datePublished\":\"2020-11-11T03:48:58+00:00\",\"dateModified\":\"2026-03-25T07:18:16+00:00\",\"description\":\"Wir bieten eine komplette Reihe von L\u00f6sungen f\u00fcr Waschsalons, bei denen Waschmaschinen, Trockner und Bezahlsysteme perfekt zusammenpassen.\",\"breadcrumb\":{\"@id\":\"https:\/\/www.electroluxprofessional.com\/de-ch\/branchenloesungen\/waschsalons\/#breadcrumb\"},\"inLanguage\":\"de-CH\",\"potentialAction\":[{\"@type\":\"ReadAction\",\"target\":[\"https:\/\/www.electroluxprofessional.com\/de-ch\/branchenloesungen\/waschsalons\/\"]}]},{\"@type\":\"ImageObject\",\"inLanguage\":\"de-CH\",\"@id\":\"https:\/\/www.electroluxprofessional.com\/de-ch\/branchenloesungen\/waschsalons\/#primaryimage\",\"url\":\"https:\/\/www.electroluxprofessional.com\/de-ch\/wp-content\/uploads\/2025\/08\/Coin-op-store-3-banner.jpg\",\"contentUrl\":\"https:\/\/www.electroluxprofessional.com\/de-ch\/wp-content\/uploads\/2025\/08\/Coin-op-store-3-banner.jpg\",\"width\":1920,\"height\":800,\"caption\":\"W\u00e4schereil\u00f6sungen f\u00fcr Waschsalons mit Bezahlsystemen von Electrolux Professional\"},{\"@type\":\"BreadcrumbList\",\"@id\":\"https:\/\/www.electroluxprofessional.com\/de-ch\/branchenloesungen\/waschsalons\/#breadcrumb\",\"itemListElement\":[{\"@type\":\"ListItem\",\"position\":1,\"name\":\"Home\",\"item\":\"https:\/\/www.electroluxprofessional.com\/de-ch\/\"},{\"@type\":\"ListItem\",\"position\":2,\"name\":\"Branchenl\u00f6sungen\",\"item\":\"https:\/\/www.electroluxprofessional.com\/de-ch\/branchenloesungen\/\"},{\"@type\":\"ListItem\",\"position\":3,\"name\":\"Waschsalons\"}]},{\"@type\":\"WebSite\",\"@id\":\"https:\/\/www.electroluxprofessional.com\/de-ch\/#website\",\"url\":\"https:\/\/www.electroluxprofessional.com\/de-ch\/\",\"name\":\"Electrolux Professional Schweiz\",\"description\":\"\",\"potentialAction\":[{\"@type\":\"SearchAction\",\"target\":{\"@type\":\"EntryPoint\",\"urlTemplate\":\"https:\/\/www.electroluxprofessional.com\/de-ch\/?src={search_term_string}\"},\"query-input\":\"required name=search_term_string\"}],\"inLanguage\":\"de-CH\"}]}<\/script>\n<!-- \/ Yoast SEO plugin. -->","yoast_head_json":{"title":"L\u00f6sungen f\u00fcr Waschsalons | Electrolux Professional","description":"Wir bieten eine komplette Reihe von L\u00f6sungen f\u00fcr Waschsalons, bei denen Waschmaschinen, Trockner und Bezahlsysteme perfekt zusammenpassen.","robots":{"index":"index","follow":"follow","max-snippet":"max-snippet:-1","max-image-preview":"max-image-preview:large","max-video-preview":"max-video-preview:-1"},"canonical":"https:\/\/www.electroluxprofessional.com\/de-ch\/branchenloesungen\/waschsalons\/","og_locale":"de_DE","og_type":"article","og_title":"L\u00f6sungen f\u00fcr Waschsalons | Electrolux Professional","og_description":"Wir bieten eine komplette Reihe von L\u00f6sungen f\u00fcr Waschsalons, bei denen Waschmaschinen, Trockner und Bezahlsysteme perfekt zusammenpassen.","og_url":"https:\/\/www.electroluxprofessional.com\/de-ch\/branchenloesungen\/waschsalons\/","og_site_name":"Electrolux Professional Schweiz","article_modified_time":"2026-03-25T07:18:16+00:00","og_image":[{"width":1920,"height":800,"url":"https:\/\/www.electroluxprofessional.com\/de-ch\/wp-content\/uploads\/2025\/08\/Coin-op-store-3-banner.jpg","type":"image\/jpeg"}],"twitter_card":"summary_large_image","twitter_misc":{"Gesch\u00e4tzte Lesezeit":"3 Minuten"},"schema":{"@context":"https:\/\/schema.org","@graph":[{"@type":"WebPage","@id":"https:\/\/www.electroluxprofessional.com\/de-ch\/branchenloesungen\/waschsalons\/","url":"https:\/\/www.electroluxprofessional.com\/de-ch\/branchenloesungen\/waschsalons\/","name":"L\u00f6sungen f\u00fcr Waschsalons | Electrolux Professional","isPartOf":{"@id":"https:\/\/www.electroluxprofessional.com\/de-ch\/#website"},"primaryImageOfPage":{"@id":"https:\/\/www.electroluxprofessional.com\/de-ch\/branchenloesungen\/waschsalons\/#primaryimage"},"image":{"@id":"https:\/\/www.electroluxprofessional.com\/de-ch\/branchenloesungen\/waschsalons\/#primaryimage"},"thumbnailUrl":"https:\/\/www.electroluxprofessional.com\/de-ch\/wp-content\/uploads\/2025\/08\/Coin-op-store-3-banner.jpg","datePublished":"2020-11-11T03:48:58+00:00","dateModified":"2026-03-25T07:18:16+00:00","description":"Wir bieten eine komplette Reihe von L\u00f6sungen f\u00fcr Waschsalons, bei denen Waschmaschinen, Trockner und Bezahlsysteme perfekt zusammenpassen.","breadcrumb":{"@id":"https:\/\/www.electroluxprofessional.com\/de-ch\/branchenloesungen\/waschsalons\/#breadcrumb"},"inLanguage":"de-CH","potentialAction":[{"@type":"ReadAction","target":["https:\/\/www.electroluxprofessional.com\/de-ch\/branchenloesungen\/waschsalons\/"]}]},{"@type":"ImageObject","inLanguage":"de-CH","@id":"https:\/\/www.electroluxprofessional.com\/de-ch\/branchenloesungen\/waschsalons\/#primaryimage","url":"https:\/\/www.electroluxprofessional.com\/de-ch\/wp-content\/uploads\/2025\/08\/Coin-op-store-3-banner.jpg","contentUrl":"https:\/\/www.electroluxprofessional.com\/de-ch\/wp-content\/uploads\/2025\/08\/Coin-op-store-3-banner.jpg","width":1920,"height":800,"caption":"W\u00e4schereil\u00f6sungen f\u00fcr Waschsalons mit Bezahlsystemen von Electrolux Professional"},{"@type":"BreadcrumbList","@id":"https:\/\/www.electroluxprofessional.com\/de-ch\/branchenloesungen\/waschsalons\/#breadcrumb","itemListElement":[{"@type":"ListItem","position":1,"name":"Home","item":"https:\/\/www.electroluxprofessional.com\/de-ch\/"},{"@type":"ListItem","position":2,"name":"Branchenl\u00f6sungen","item":"https:\/\/www.electroluxprofessional.com\/de-ch\/branchenloesungen\/"},{"@type":"ListItem","position":3,"name":"Waschsalons"}]},{"@type":"WebSite","@id":"https:\/\/www.electroluxprofessional.com\/de-ch\/#website","url":"https:\/\/www.electroluxprofessional.com\/de-ch\/","name":"Electrolux Professional Schweiz","description":"","potentialAction":[{"@type":"SearchAction","target":{"@type":"EntryPoint","urlTemplate":"https:\/\/www.electroluxprofessional.com\/de-ch\/?src={search_term_string}"},"query-input":"required name=search_term_string"}],"inLanguage":"de-CH"}]}},"_links":{"self":[{"href":"https:\/\/www.electroluxprofessional.com\/de-ch\/wp-json\/wp\/v2\/pages\/10765"}],"collection":[{"href":"https:\/\/www.electroluxprofessional.com\/de-ch\/wp-json\/wp\/v2\/pages"}],"about":[{"href":"https:\/\/www.electroluxprofessional.com\/de-ch\/wp-json\/wp\/v2\/types\/page"}],"author":[{"embeddable":true,"href":"https:\/\/www.electroluxprofessional.com\/de-ch\/wp-json\/wp\/v2\/users\/182"}],"replies":[{"embeddable":true,"href":"https:\/\/www.electroluxprofessional.com\/de-ch\/wp-json\/wp\/v2\/comments?post=10765"}],"version-history":[{"count":16,"href":"https:\/\/www.electroluxprofessional.com\/de-ch\/wp-json\/wp\/v2\/pages\/10765\/revisions"}],"predecessor-version":[{"id":20452,"href":"https:\/\/www.electroluxprofessional.com\/de-ch\/wp-json\/wp\/v2\/pages\/10765\/revisions\/20452"}],"up":[{"embeddable":true,"href":"https:\/\/www.electroluxprofessional.com\/de-ch\/wp-json\/wp\/v2\/pages\/811"}],"wp:featuredmedia":[{"embeddable":true,"href":"https:\/\/www.electroluxprofessional.com\/de-ch\/wp-json\/wp\/v2\/media\/18863"}],"wp:attachment":[{"href":"https:\/\/www.electroluxprofessional.com\/de-ch\/wp-json\/wp\/v2\/media?parent=10765"}],"curies":[{"name":"wp","href":"https:\/\/api.w.org\/{rel}","templated":true}]}}