{"id":10556,"date":"2016-11-22T14:26:38","date_gmt":"2016-11-22T14:26:38","guid":{"rendered":"https:\/\/www.electroluxprofessional.com\/?page_id=5710"},"modified":"2026-03-27T06:55:49","modified_gmt":"2026-03-27T06:55:49","slug":"kantinen","status":"publish","type":"page","link":"https:\/\/www.electroluxprofessional.com\/de-ch\/branchenloesungen\/kantinen\/","title":{"rendered":"Kantinen"},"content":{"rendered":"<p>[vc_row full_width=&#8221;electroluxpro-full-width-no-padding&#8221; css=&#8221;.vc_custom_1663586747054{margin-top: -50px !important;}&#8221;][vc_column][elx_full_banner title=&#8221;L\u00f6sungen f\u00fcr Kantinen&#8221; set_as_h1=&#8221;true&#8221; background_image_media_library=&#8221;13499&#8243; background_image_media_library_mobile=&#8221;13500&#8243;][\/vc_column][\/vc_row][vc_row disable_element=&#8221;yes&#8221; css=&#8221;.vc_custom_1663586704023{background-color: #041e41 !important;}&#8221;][vc_column reveal_effect=&#8221;&#8221; width=&#8221;2\/3&#8243;][vc_empty_space][vc_row_inner full_width=&#8221;electroluxpro-full-width-no-padding&#8221;][vc_column_inner width=&#8221;1\/4&#8243;][vc_single_image image=&#8221;8451&#8243; img_size=&#8221;full&#8221;][\/vc_column_inner][vc_column_inner width=&#8221;3\/4&#8243;][vc_empty_space height=&#8221;25px&#8221;][elx_heading font_container=&#8221;h1&#8243; font_size=&#8221;h3&#8243; text_color=&#8221;business&#8221; text_align=&#8221;text-left&#8221;]Staff canteens[\/elx_heading][\/vc_column_inner][\/vc_row_inner][elx_heading font_size=&#8221;h5&#8243; text_color=&#8221;white&#8221;]\u201cWe are very lucky to be working with world class equipment by Electrolux Professional which has not just given us the comfort and feel of a luxury space, but we are also able to maintain international standards of cleanliness and hygiene, in our kitchens. We are very proud to be associated with a world class company like Electrolux.\u201d[\/elx_heading][vc_column_text]<\/p>\n<p style=\"color: #fff;\"><strong>Mr. Ramesh Palagiri<\/strong>, Managing Director &amp; CEO<br \/>\n<strong>Mrs. Maithili Bhojwani<\/strong>, Administration<br \/>\n<strong>Wirtgen Group<\/strong> &#8211; Pune, India[\/vc_column_text][vc_column reveal_effect=&#8221;&#8221; width=&#8221;1\/2&#8243;][\/vc_column][\/vc_column][vc_column reveal_effect=&#8221;&#8221; width=&#8221;1\/3&#8243;][elx_image_block background_image=&#8221;478&#8243; minimum_height=&#8221;580px&#8221;][\/vc_column][\/vc_row][vc_row][vc_column][vc_empty_space][elx_heading font_size=&#8221;h1&#8243; text_color=&#8221;inherit&#8221; text_align=&#8221;text-center&#8221;]Geboren, um H\u00f6chstleistungen zu erbringen[\/elx_heading][vc_empty_space][vc_empty_space][\/vc_column][\/vc_row][vc_row][vc_column width=&#8221;1\/3&#8243;][elx_icons icon_size=&#8221;elx-icon-medium&#8221; icon_electroluxpro=&#8221;elx-icon icon-circle-savings-green-blue&#8221;][elx_heading font_container=&#8221;h3&#8243; text_color=&#8221;inherit&#8221; text_align=&#8221;text-center&#8221;]Produktionskosten<br \/>\nreduziert[\/elx_heading][vc_empty_space][\/vc_column][vc_column width=&#8221;1\/3&#8243;][elx_icons icon_size=&#8221;elx-icon-medium&#8221; icon_electroluxpro=&#8221;elx-icon icon-circle-food-quality-blue&#8221;][elx_heading font_container=&#8221;h3&#8243; text_color=&#8221;inherit&#8221; text_align=&#8221;text-center&#8221;]Lebensmittelqualit\u00e4t sichergestellt[\/elx_heading][\/vc_column][vc_column width=&#8221;1\/3&#8243;][elx_icons icon_size=&#8221;elx-icon-medium&#8221; icon_electroluxpro=&#8221;elx-icon icon-circle-cup-blue&#8221;][elx_heading font_container=&#8221;h3&#8243; text_color=&#8221;inherit&#8221; text_align=&#8221;text-center&#8221;]Lebensmittelsicherheit (HACCP)[\/elx_heading][\/vc_column][\/vc_row][vc_row][vc_column][vc_empty_space][vc_empty_space][elx_heading font_size=&#8221;h1&#8243; text_color=&#8221;inherit&#8221; text_align=&#8221;text-center&#8221;]Wie viel k\u00f6nnen Sie auf weniger als 10m<sup>2<\/sup> kochen?[\/elx_heading][vc_empty_space][\/vc_column][\/vc_row][vc_row][vc_column width=&#8221;1\/2&#8243; css=&#8221;.vc_custom_1590559110836{background-color: #deebec !important;}&#8221;][elx_heading font_container=&#8221;h3&#8243; font_size=&#8221;h2&#8243; text_color=&#8221;inherit&#8221; text_align=&#8221;text-center&#8221;]1013<br \/>\nHauptgerichte[\/elx_heading][vc_column_text]<\/p>\n<h3 style=\"text-align: center;\">150\u00a0 Gulasch +<br \/>\n75 g Sauerkraut<\/h3>\n<p>[\/vc_column_text][vc_single_image image=&#8221;10565&#8243; img_size=&#8221;full&#8221; alignment=&#8221;center&#8221;][elx_heading font_size=&#8221;h1&#8243; text_color=&#8221;inherit&#8221; text_align=&#8221;text-center&#8221;]in weniger als<br \/>\n10 Stunden[\/elx_heading][vc_single_image image=&#8221;10550&#8243; img_size=&#8221;full&#8221; alignment=&#8221;center&#8221;][vc_empty_space][\/vc_column][vc_column width=&#8221;1\/2&#8243;][elx_heading font_container=&#8221;h3&#8243; font_size=&#8221;h2&#8243; text_color=&#8221;inherit&#8221; text_align=&#8221;text-center&#8221;]Sehen Sie hier, wie viele Mahlzeiten Sie auf weniger als 10m<sup>2<\/sup> zubereiten k\u00f6nnen[\/elx_heading][vc_empty_space][elx_video_block background_image=&#8221;10558&#8243; video_link=&#8221;https:\/\/www.youtube.com\/watch?v=Tbnyre87yE0&#8243; minimum_height=&#8221;270px&#8221;][vc_empty_space][vc_empty_space][elx_button button_text=&#8221;Erfahren Sie mehr \u00fcber das High-Performance-Konzept&#8221; button_style=&#8221;default&#8221; button_display_block=&#8221;display_block_on&#8221; button_alignment=&#8221;align_center&#8221; button_link=&#8221;url:https%3A%2F%2Fwww.electroluxprofessional.com%2Fde-ch%2F1000auf10%2F|target:_blank&#8221;][\/vc_column][\/vc_row][vc_row][vc_column][vc_empty_space][vc_empty_space][elx_heading font_size=&#8221;h3&#8243; text_color=&#8221;inherit&#8221; text_align=&#8221;text-left&#8221;]Unsere drei Top-L\u00f6sungen f\u00fcr Kantinen[\/elx_heading][\/vc_column][\/vc_row][vc_row][vc_column width=&#8221;1\/3&#8243;][vc_single_image image=&#8221;748&#8243; img_size=&#8221;300&#215;200&#8243; alignment=&#8221;center&#8221;][elx_heading font_container=&#8221;h3&#8243; text_color=&#8221;inherit&#8221; text_align=&#8221;text-left&#8221;]therma<em>line<\/em>[\/elx_heading][vc_column_text]<\/p>\n<ul>\n<li>Sparen Sie bis zu 60% Ihrer Energiekosten und verbessern Sie Ihre Leistung mit der therma<em>line<\/em> Premium Kochserie<\/li>\n<li>Die Vollfl\u00e4chen-Induktion erm\u00f6glicht gleichzeitiges Kochen in kleineren Einheiten einfacher als je zuvor<\/li>\n<\/ul>\n<p>[\/vc_column_text][vc_empty_space][elx_button button_text=&#8221;Mehr erfahren&#8221; button_style=&#8221;default&#8221; button_display_block=&#8221;display_block_on&#8221; button_alignment=&#8221;align_center&#8221; button_link=&#8221;url:https%3A%2F%2Fwww.electroluxprofessional.com%2Fde-ch%2Fkueche%2Fthermaline-kochbloecke%2F|target:_blank&#8221;][\/vc_column][vc_column width=&#8221;1\/3&#8243;][vc_single_image image=&#8221;14893&#8243; img_size=&#8221;300&#215;200&#8243; alignment=&#8221;center&#8221;][elx_heading font_container=&#8221;h3&#8243; text_color=&#8221;inherit&#8221; text_align=&#8221;text-left&#8221;]SkyLine Cook&amp;Chill[\/elx_heading][vc_column_text]<\/p>\n<ul>\n<li>Kochen Sie auf umweltfreundliche Weise mit dem SkyLine Kombid\u00e4mpfer &amp; Ofen und Schockk\u00fchler &amp; -froster<\/li>\n<li>Flexiblere Men\u00fcs, schlankere Arbeitsabl\u00e4ufe, weniger Abfall sowie Zeit-, Kosten- und Energieeinsparungen<\/li>\n<\/ul>\n<p>[\/vc_column_text][vc_empty_space][elx_button button_text=&#8221;Mehr erfahren&#8221; button_style=&#8221;default&#8221; button_display_block=&#8221;display_block_on&#8221; button_alignment=&#8221;align_center&#8221; button_link=&#8221;url:https%3A%2F%2Fwww.electroluxprofessional.com%2Fde-ch%2Fkueche%2Fcook-chill%2F|target:_blank&#8221;][\/vc_column][vc_column width=&#8221;1\/3&#8243;][vc_single_image image=&#8221;14713&#8243; img_size=&#8221;300&#215;200&#8243;][elx_heading font_container=&#8221;h3&#8243; text_color=&#8221;inherit&#8221; text_align=&#8221;text-left&#8221;]K\u00fchltechnik[\/elx_heading][vc_column_text]<\/p>\n<ul>\n<li>K\u00fchlen Sie Ihre Lebensmittel mit den energieeffizienten ecostore K\u00fchlger\u00e4ten<\/li>\n<li>Das hilft Ihnen, Ihre K\u00fcche nachhaltiger und produktiver zu gestalten<\/li>\n<\/ul>\n<p>[\/vc_column_text][vc_empty_space][elx_button button_text=&#8221;Mehr erfahren&#8221; button_style=&#8221;default&#8221; button_display_block=&#8221;display_block_on&#8221; button_alignment=&#8221;align_center&#8221; button_link=&#8221;url:https%3A%2F%2Fwww.electroluxprofessional.com%2Fde-ch%2Fkueche%2Fkuehlschraenke%2F|target:_blank&#8221;][\/vc_column][\/vc_row][vc_row][vc_column][vc_empty_space][vc_empty_space][elx_heading font_size=&#8221;h3&#8243; text_color=&#8221;inherit&#8221; text_align=&#8221;text-left&#8221;]Unsere Kunden[\/elx_heading][\/vc_column][\/vc_row][vc_row][vc_column width=&#8221;1\/2&#8243;][elx_image_block background_image=&#8221;13340&#8243; minimum_height=&#8221;400px&#8221;][elx_heading font_container=&#8221;h3&#8243; font_size=&#8221;h5&#8243; text_color=&#8221;inherit&#8221;]Soziales Netzwerk Schauinsland[\/elx_heading][vc_column_text]Pforzheim, Deutschland[\/vc_column_text][vc_column_text]Die t\u00e4glich rund 500 Essen, die heute in der Grossk\u00fcche des Seniorenheims Schauinsland entstehen, sind schmackhaft und an den Bed\u00fcrfnissen der Heimbewohner ausgerichtet. Der K\u00fcchenkonzeption von Schauinsland liegt die Cook&amp;Chill-Methode zugrunde, die besonders f\u00fcr die Gemeinschaftsverpflegung geeignet ist.<\/p>\n<p>\u201e<em>Ich nutze [durch Garen \u00fcber Nacht] zum einen die Kapazit\u00e4ten des Kombid\u00e4mpfers optimal aus, zum anderen bleiben die Vitamine erhalten. Zudem kann ich unseren G\u00e4sten besonders zartes Fleisch servieren<\/em>\u201c, erkl\u00e4rt der\u00a0<strong>gastronomische Produktionsleiter Andr\u00e9 K\u00fchn<\/strong>.[\/vc_column_text][\/vc_column][vc_column width=&#8221;1\/2&#8243;][vc_single_image image=&#8221;479&#8243; img_size=&#8221;555*400&#8243; alignment=&#8221;right&#8221; css=&#8221;.vc_custom_1690380616043{padding-top: 5px !important;}&#8221;][elx_heading font_container=&#8221;h3&#8243; font_size=&#8221;h5&#8243; text_color=&#8221;inherit&#8221;]Wirtgen Group[\/elx_heading][vc_column_text]Pune, Indien[\/vc_column_text][vc_column_text]Der deutsche Baumaschinenhersteller Wirtgen Group ist Marktf\u00fchrer im Strassenbau und in der Strassensanierung und verf\u00fcgt \u00fcber ein hochmodernes Produktionswerk in Pune, Indien, sein drittes Werk ausserhalb Deutschlands. Die hochproduktive Personalkantine ist komplett von Electrolux Professional ausgestattet.<\/p>\n<p><em>\u201e\u2026 dies hat auch die Effizienz unserer Mitarbeiter erh\u00f6ht und unsere Energiekosten erheblich gesenkt,\u201d\u00a0<\/em>erz\u00e4hlt<strong>\u00a0K\u00fcchenchef Deepak<\/strong>.[\/vc_column_text][vc_empty_space][\/vc_column][\/vc_row][vc_row][vc_column][vc_empty_space height=&#8221;50px&#8221;][\/vc_column][\/vc_row][vc_row][vc_column][\/vc_column][\/vc_row][vc_row][vc_column][vc_empty_space][elx_heading font_size=&#8221;h3&#8243; text_color=&#8221;inherit&#8221; text_align=&#8221;text-center&#8221;]Finden Sie heraus, was Electrolux Professional f\u00fcr Sie tun kann[\/elx_heading][elx_o2000_contact_us s=&#8221;Your request for information: staff canteens&#8221; request_type=&#8221;Other&#8221; country=&#8221;Switzerland&#8221; b=&#8221;food&#8221; container=&#8221;elxcontactus1466430938&#8243; r=&#8221;Ich m\u00f6chte mehr erfahren \u00fcber L\u00f6sungen f\u00fcr Kantinen \u2013 bitte kontaktieren Sie mich.&#8221;][\/vc_column][\/vc_row]<\/p>\n","protected":false},"excerpt":{"rendered":"<p>[vc_row full_width=&#8221;electroluxpro-full-width-no-padding&#8221; css=&#8221;.vc_custom_1663586747054{margin-top: -50px !important;}&#8221;][vc_column][elx_full_banner title=&#8221;L\u00f6sungen f\u00fcr Kantinen&#8221; set_as_h1=&#8221;true&#8221; background_image_media_library=&#8221;13499&#8243; background_image_media_library_mobile=&#8221;13500&#8243;][\/vc_column][\/vc_row][vc_row disable_element=&#8221;yes&#8221; css=&#8221;.vc_custom_1663586704023{background-color: #041e41 !important;}&#8221;][vc_column reveal_effect=&#8221;&#8221; width=&#8221;2\/3&#8243;][vc_empty_space][vc_row_inner full_width=&#8221;electroluxpro-full-width-no-padding&#8221;][vc_column_inner width=&#8221;1\/4&#8243;][vc_single_image image=&#8221;8451&#8243; img_size=&#8221;full&#8221;][\/vc_column_inner][vc_column_inner width=&#8221;3\/4&#8243;][vc_empty_space height=&#8221;25px&#8221;][elx_heading font_container=&#8221;h1&#8243; font_size=&#8221;h3&#8243; text_color=&#8221;business&#8221; text_align=&#8221;text-left&#8221;]Staff canteens[\/elx_heading][\/vc_column_inner][\/vc_row_inner][elx_heading font_size=&#8221;h5&#8243; text_color=&#8221;white&#8221;]\u201cWe are very lucky to be working with world class equipment by Electrolux Professional which has not just given us the comfort and feel of a [&hellip;]<\/p>\n","protected":false},"author":182,"featured_media":6756,"parent":811,"menu_order":0,"comment_status":"closed","ping_status":"closed","template":"","meta":{"footnotes":""},"class_list":["post-10556","page","type-page","status-publish","has-post-thumbnail","hentry"],"acf":[],"yoast_head":"<!-- This site is optimized with the Yoast SEO plugin v23.3 - https:\/\/yoast.com\/wordpress\/plugins\/seo\/ -->\n<title>L\u00f6sungen f\u00fcr Kantinen | Electrolux Professional<\/title>\n<meta name=\"description\" content=\"Unsere drei Top-L\u00f6sungen f\u00fcr Kantinen: die modulare Kochanlage thermaline M2M, SkyLine Cook&amp;Chill und K\u00fchltechnik.\" \/>\n<meta name=\"robots\" content=\"index, follow, max-snippet:-1, max-image-preview:large, max-video-preview:-1\" \/>\n<link rel=\"canonical\" href=\"https:\/\/www.electroluxprofessional.com\/de-ch\/branchenloesungen\/kantinen\/\" \/>\n<meta property=\"og:locale\" content=\"de_DE\" \/>\n<meta property=\"og:type\" content=\"article\" \/>\n<meta property=\"og:title\" content=\"L\u00f6sungen f\u00fcr Kantinen | Electrolux Professional\" \/>\n<meta property=\"og:description\" content=\"Unsere drei Top-L\u00f6sungen f\u00fcr Kantinen: die modulare Kochanlage thermaline M2M, SkyLine Cook&amp;Chill und K\u00fchltechnik.\" \/>\n<meta property=\"og:url\" content=\"https:\/\/www.electroluxprofessional.com\/de-ch\/branchenloesungen\/kantinen\/\" \/>\n<meta property=\"og:site_name\" content=\"Electrolux Professional Schweiz\" \/>\n<meta property=\"article:modified_time\" content=\"2026-03-27T06:55:49+00:00\" \/>\n<meta property=\"og:image\" content=\"https:\/\/www.electroluxprofessional.com\/de-ch\/wp-content\/uploads\/2018\/09\/staff-canteens1.jpg\" \/>\n\t<meta property=\"og:image:width\" content=\"700\" \/>\n\t<meta property=\"og:image:height\" content=\"700\" \/>\n\t<meta property=\"og:image:type\" content=\"image\/jpeg\" \/>\n<meta name=\"twitter:card\" content=\"summary_large_image\" \/>\n<meta name=\"twitter:label1\" content=\"Gesch\u00e4tzte Lesezeit\" \/>\n\t<meta name=\"twitter:data1\" content=\"4 Minuten\" \/>\n<script type=\"application\/ld+json\" class=\"yoast-schema-graph\">{\"@context\":\"https:\/\/schema.org\",\"@graph\":[{\"@type\":\"WebPage\",\"@id\":\"https:\/\/www.electroluxprofessional.com\/de-ch\/branchenloesungen\/kantinen\/\",\"url\":\"https:\/\/www.electroluxprofessional.com\/de-ch\/branchenloesungen\/kantinen\/\",\"name\":\"L\u00f6sungen f\u00fcr Kantinen | Electrolux Professional\",\"isPartOf\":{\"@id\":\"https:\/\/www.electroluxprofessional.com\/de-ch\/#website\"},\"primaryImageOfPage\":{\"@id\":\"https:\/\/www.electroluxprofessional.com\/de-ch\/branchenloesungen\/kantinen\/#primaryimage\"},\"image\":{\"@id\":\"https:\/\/www.electroluxprofessional.com\/de-ch\/branchenloesungen\/kantinen\/#primaryimage\"},\"thumbnailUrl\":\"https:\/\/www.electroluxprofessional.com\/de-ch\/wp-content\/uploads\/2018\/09\/staff-canteens1.jpg\",\"datePublished\":\"2016-11-22T14:26:38+00:00\",\"dateModified\":\"2026-03-27T06:55:49+00:00\",\"description\":\"Unsere drei Top-L\u00f6sungen f\u00fcr Kantinen: die modulare Kochanlage thermaline M2M, SkyLine Cook&Chill und K\u00fchltechnik.\",\"breadcrumb\":{\"@id\":\"https:\/\/www.electroluxprofessional.com\/de-ch\/branchenloesungen\/kantinen\/#breadcrumb\"},\"inLanguage\":\"de-CH\",\"potentialAction\":[{\"@type\":\"ReadAction\",\"target\":[\"https:\/\/www.electroluxprofessional.com\/de-ch\/branchenloesungen\/kantinen\/\"]}]},{\"@type\":\"ImageObject\",\"inLanguage\":\"de-CH\",\"@id\":\"https:\/\/www.electroluxprofessional.com\/de-ch\/branchenloesungen\/kantinen\/#primaryimage\",\"url\":\"https:\/\/www.electroluxprofessional.com\/de-ch\/wp-content\/uploads\/2018\/09\/staff-canteens1.jpg\",\"contentUrl\":\"https:\/\/www.electroluxprofessional.com\/de-ch\/wp-content\/uploads\/2018\/09\/staff-canteens1.jpg\",\"width\":700,\"height\":700,\"caption\":\"staff-canteens1\"},{\"@type\":\"BreadcrumbList\",\"@id\":\"https:\/\/www.electroluxprofessional.com\/de-ch\/branchenloesungen\/kantinen\/#breadcrumb\",\"itemListElement\":[{\"@type\":\"ListItem\",\"position\":1,\"name\":\"Home\",\"item\":\"https:\/\/www.electroluxprofessional.com\/de-ch\/\"},{\"@type\":\"ListItem\",\"position\":2,\"name\":\"Branchenl\u00f6sungen\",\"item\":\"https:\/\/www.electroluxprofessional.com\/de-ch\/branchenloesungen\/\"},{\"@type\":\"ListItem\",\"position\":3,\"name\":\"Kantinen\"}]},{\"@type\":\"WebSite\",\"@id\":\"https:\/\/www.electroluxprofessional.com\/de-ch\/#website\",\"url\":\"https:\/\/www.electroluxprofessional.com\/de-ch\/\",\"name\":\"Electrolux Professional Schweiz\",\"description\":\"\",\"potentialAction\":[{\"@type\":\"SearchAction\",\"target\":{\"@type\":\"EntryPoint\",\"urlTemplate\":\"https:\/\/www.electroluxprofessional.com\/de-ch\/?src={search_term_string}\"},\"query-input\":\"required name=search_term_string\"}],\"inLanguage\":\"de-CH\"}]}<\/script>\n<!-- \/ Yoast SEO plugin. -->","yoast_head_json":{"title":"L\u00f6sungen f\u00fcr Kantinen | Electrolux Professional","description":"Unsere drei Top-L\u00f6sungen f\u00fcr Kantinen: die modulare Kochanlage thermaline M2M, SkyLine Cook&Chill und K\u00fchltechnik.","robots":{"index":"index","follow":"follow","max-snippet":"max-snippet:-1","max-image-preview":"max-image-preview:large","max-video-preview":"max-video-preview:-1"},"canonical":"https:\/\/www.electroluxprofessional.com\/de-ch\/branchenloesungen\/kantinen\/","og_locale":"de_DE","og_type":"article","og_title":"L\u00f6sungen f\u00fcr Kantinen | Electrolux Professional","og_description":"Unsere drei Top-L\u00f6sungen f\u00fcr Kantinen: die modulare Kochanlage thermaline M2M, SkyLine Cook&Chill und K\u00fchltechnik.","og_url":"https:\/\/www.electroluxprofessional.com\/de-ch\/branchenloesungen\/kantinen\/","og_site_name":"Electrolux Professional Schweiz","article_modified_time":"2026-03-27T06:55:49+00:00","og_image":[{"width":700,"height":700,"url":"https:\/\/www.electroluxprofessional.com\/de-ch\/wp-content\/uploads\/2018\/09\/staff-canteens1.jpg","type":"image\/jpeg"}],"twitter_card":"summary_large_image","twitter_misc":{"Gesch\u00e4tzte Lesezeit":"4 Minuten"},"schema":{"@context":"https:\/\/schema.org","@graph":[{"@type":"WebPage","@id":"https:\/\/www.electroluxprofessional.com\/de-ch\/branchenloesungen\/kantinen\/","url":"https:\/\/www.electroluxprofessional.com\/de-ch\/branchenloesungen\/kantinen\/","name":"L\u00f6sungen f\u00fcr Kantinen | Electrolux Professional","isPartOf":{"@id":"https:\/\/www.electroluxprofessional.com\/de-ch\/#website"},"primaryImageOfPage":{"@id":"https:\/\/www.electroluxprofessional.com\/de-ch\/branchenloesungen\/kantinen\/#primaryimage"},"image":{"@id":"https:\/\/www.electroluxprofessional.com\/de-ch\/branchenloesungen\/kantinen\/#primaryimage"},"thumbnailUrl":"https:\/\/www.electroluxprofessional.com\/de-ch\/wp-content\/uploads\/2018\/09\/staff-canteens1.jpg","datePublished":"2016-11-22T14:26:38+00:00","dateModified":"2026-03-27T06:55:49+00:00","description":"Unsere drei Top-L\u00f6sungen f\u00fcr Kantinen: die modulare Kochanlage thermaline M2M, SkyLine Cook&Chill und K\u00fchltechnik.","breadcrumb":{"@id":"https:\/\/www.electroluxprofessional.com\/de-ch\/branchenloesungen\/kantinen\/#breadcrumb"},"inLanguage":"de-CH","potentialAction":[{"@type":"ReadAction","target":["https:\/\/www.electroluxprofessional.com\/de-ch\/branchenloesungen\/kantinen\/"]}]},{"@type":"ImageObject","inLanguage":"de-CH","@id":"https:\/\/www.electroluxprofessional.com\/de-ch\/branchenloesungen\/kantinen\/#primaryimage","url":"https:\/\/www.electroluxprofessional.com\/de-ch\/wp-content\/uploads\/2018\/09\/staff-canteens1.jpg","contentUrl":"https:\/\/www.electroluxprofessional.com\/de-ch\/wp-content\/uploads\/2018\/09\/staff-canteens1.jpg","width":700,"height":700,"caption":"staff-canteens1"},{"@type":"BreadcrumbList","@id":"https:\/\/www.electroluxprofessional.com\/de-ch\/branchenloesungen\/kantinen\/#breadcrumb","itemListElement":[{"@type":"ListItem","position":1,"name":"Home","item":"https:\/\/www.electroluxprofessional.com\/de-ch\/"},{"@type":"ListItem","position":2,"name":"Branchenl\u00f6sungen","item":"https:\/\/www.electroluxprofessional.com\/de-ch\/branchenloesungen\/"},{"@type":"ListItem","position":3,"name":"Kantinen"}]},{"@type":"WebSite","@id":"https:\/\/www.electroluxprofessional.com\/de-ch\/#website","url":"https:\/\/www.electroluxprofessional.com\/de-ch\/","name":"Electrolux Professional Schweiz","description":"","potentialAction":[{"@type":"SearchAction","target":{"@type":"EntryPoint","urlTemplate":"https:\/\/www.electroluxprofessional.com\/de-ch\/?src={search_term_string}"},"query-input":"required name=search_term_string"}],"inLanguage":"de-CH"}]}},"_links":{"self":[{"href":"https:\/\/www.electroluxprofessional.com\/de-ch\/wp-json\/wp\/v2\/pages\/10556"}],"collection":[{"href":"https:\/\/www.electroluxprofessional.com\/de-ch\/wp-json\/wp\/v2\/pages"}],"about":[{"href":"https:\/\/www.electroluxprofessional.com\/de-ch\/wp-json\/wp\/v2\/types\/page"}],"author":[{"embeddable":true,"href":"https:\/\/www.electroluxprofessional.com\/de-ch\/wp-json\/wp\/v2\/users\/182"}],"replies":[{"embeddable":true,"href":"https:\/\/www.electroluxprofessional.com\/de-ch\/wp-json\/wp\/v2\/comments?post=10556"}],"version-history":[{"count":19,"href":"https:\/\/www.electroluxprofessional.com\/de-ch\/wp-json\/wp\/v2\/pages\/10556\/revisions"}],"predecessor-version":[{"id":20544,"href":"https:\/\/www.electroluxprofessional.com\/de-ch\/wp-json\/wp\/v2\/pages\/10556\/revisions\/20544"}],"up":[{"embeddable":true,"href":"https:\/\/www.electroluxprofessional.com\/de-ch\/wp-json\/wp\/v2\/pages\/811"}],"wp:featuredmedia":[{"embeddable":true,"href":"https:\/\/www.electroluxprofessional.com\/de-ch\/wp-json\/wp\/v2\/media\/6756"}],"wp:attachment":[{"href":"https:\/\/www.electroluxprofessional.com\/de-ch\/wp-json\/wp\/v2\/media?parent=10556"}],"curies":[{"name":"wp","href":"https:\/\/api.w.org\/{rel}","templated":true}]}}