{"id":10392,"date":"2019-10-23T17:11:11","date_gmt":"2019-10-23T15:11:11","guid":{"rendered":"https:\/\/www.electroluxprofessional.com\/?page_id=26335"},"modified":"2026-03-25T07:01:45","modified_gmt":"2026-03-25T07:01:45","slug":"hotels-bb-restaurants-mypro","status":"publish","type":"page","link":"https:\/\/www.electroluxprofessional.com\/de-ch\/branchenloesungen\/hotels-bb-restaurants-mypro\/","title":{"rendered":"Hotels, B&#038;B und Restaurants"},"content":{"rendered":"<p>[vc_row full_width=&#8221;electroluxpro-full-width-no-padding&#8221; css=&#8221;.vc_custom_1665044510475{margin-top: 50px !important;margin-bottom: 50px !important;}&#8221;][vc_column][elx_full_banner title=&#8221;L\u00f6sungen f\u00fcr Hotels, B&amp;B und Restaurants&#8221; set_as_h1=&#8221;true&#8221; background_image_media_library=&#8221;13502&#8243; background_image_media_library_mobile=&#8221;13503&#8243;][\/vc_column][\/vc_row][vc_row][vc_column][elx_heading text_color=&#8221;electrolux-blue&#8221;]W\u00e4schereil\u00f6sungen f\u00fcr Hotels, Bed &amp; Breakfasts und Restaurants[\/elx_heading][vc_column_text]Hartn\u00e4ckige Flecken auf Tischdecken, hohe Outsourcing-Kosten, das rechtzeitige Waschen, Trocknen und Austauschen der Bettw\u00e4sche sind allt\u00e4gliche Probleme beim Betrieb eines kleinen Hotels, einer Pension oder eines Restaurants. myPRO verschafft Ihnen <strong>mehr Zeit f\u00fcr Ihr Kerngesch\u00e4ft<\/strong>.<br \/>\nHochwertige W\u00e4scheergebnisse, schnell und unkompliziert, ohne Unannehmlichkeiten.[\/vc_column_text][elx_button button_text=&#8221;Zu den Produkten&#8221; button_style=&#8221;icon&#8221; button_link=&#8221;url:https%3A%2F%2Fwww.electroluxprofessional.com%2Fde-ch%2Fwaeschereitechnik%2Fmypro-waschmaschinen-trockner-und-mangeln-fuer-kleingewerbe%2F|title:myPRO%20Waschmaschinen%2C%20Trockner%20und%20Mangeln%20f%C3%BCr%20kleine%20Unternehmen|target:_blank&#8221;][\/vc_column][\/vc_row][vc_row disable_element=&#8221;yes&#8221;][vc_column width=&#8221;2\/3&#8243;][elx_heading font_container=&#8221;h1&#8243; text_color=&#8221;electrolux-blue&#8221;]W\u00e4schereil\u00f6sungen f\u00fcr Hotels, Bed &amp; Breakfasts und Restaurants[\/elx_heading][vc_column_text]Tough stains on tablecloths, high outsourcing costs, getting bed linen washed, dried and replaced in time are daily issues in running a small hotel, B&amp;B or restaurant.\u00a0myPRO\u00a0<strong>frees up more time for your core business<\/strong>.<br \/>\nTop-quality laundry results, quick and straightforward, without inconveniences.[\/vc_column_text][elx_button button_text=&#8221;Go to products&#8221; button_style=&#8221;icon&#8221; button_link=&#8221;url:https%3A%2F%2Fwww.electroluxprofessional.com%2Fde-ch%2Fcommercial-laundry-equipment%2Fmypro-washers-dryers-steam-ironers%2F|title:myPRO%20washers%2C%20dryers%20and%20steam%20ironers%20for%20small%20businesses||&#8221;][\/vc_column][vc_column width=&#8221;1\/3&#8243;][elx_heading text_color=&#8221;electrolux-blue&#8221;]Download your leaflet[\/elx_heading][elx_download_block text=&#8221;myPRO laundry solution<br \/>\nfor Hotel, B&amp;B and Restaurant&#8221; document_type=&#8221;leaflets&#8221; background_color=&#8221;laundry-solutions&#8221; le_document_number=&#8221;CLF-9JE00011&#8243;][\/vc_column][\/vc_row][vc_row][vc_column][vc_single_image image=&#8221;13383&#8243; img_size=&#8221;full&#8221; alignment=&#8221;center&#8221;][\/vc_column][\/vc_row][vc_row content_placement=&#8221;top&#8221; el_class=&#8221;marginNegative&#8221;][vc_column width=&#8221;1\/3&#8243;][vc_empty_space][elx_heading font_container=&#8221;h3&#8243; font_size=&#8221;h5&#8243; text_color=&#8221;inherit&#8221;]Flexibilit\u00e4t und Langlebigkeit[\/elx_heading][vc_column_text]H\u00f6here Langlebigkeit, mehr Flexibilit\u00e4t und hervorragende Qualit\u00e4tsergebnisse in k\u00fcrzerer Zeit dank der myPRO-W\u00e4schel\u00f6sungen: <strong>st\u00e4rker und schneller als herk\u00f6mmliche Haushaltsger\u00e4te<\/strong>.[\/vc_column_text][vc_empty_space height=&#8221;16px&#8221;][\/vc_column][vc_column width=&#8221;1\/3&#8243;][vc_empty_space][elx_heading font_container=&#8221;h3&#8243; font_size=&#8221;h5&#8243; text_color=&#8221;inherit&#8221;]Energieeffizienz[\/elx_heading][vc_column_text]<strong>Sparen Sie Wasser, Energie und Geld<\/strong><\/p>\n<ul>\n<li>energieeffiziente myPRO Waschmaschinen<\/li>\n<li>energieeffiziente myPRO W\u00e4rmepumpentrockner<\/li>\n<\/ul>\n<p>[\/vc_column_text][vc_empty_space height=&#8221;16px&#8221;][\/vc_column][vc_column width=&#8221;1\/3&#8243;][vc_empty_space][elx_heading font_container=&#8221;h3&#8243; font_size=&#8221;h5&#8243; text_color=&#8221;inherit&#8221;]Garantie f\u00fcr professionelle Anwendung[\/elx_heading][vc_column_text]Die myPRO Ger\u00e4te kommen mit einer <strong>professionellen Garantie<\/strong>, um Ihre Investition zu sch\u00fctzen. In vielen L\u00e4ndern gilt diese Art von Garantie nicht, wenn Sie Haushaltsger\u00e4te f\u00fcr professionelle Zwecke verwenden. Bei myPRO ist dies nie der Fall.[\/vc_column_text][vc_empty_space height=&#8221;16px&#8221;][\/vc_column][\/vc_row][vc_row content_placement=&#8221;top&#8221; el_class=&#8221;marginNegative&#8221;][vc_column width=&#8221;1\/3&#8243;][vc_single_image image=&#8221;10388&#8243; img_size=&#8221;large&#8221;][elx_heading font_container=&#8221;h3&#8243; font_size=&#8221;h5&#8243; text_color=&#8221;inherit&#8221;]Top-Qualit\u00e4t und hohe Flexibilit\u00e4t[\/elx_heading][vc_column_text css=&#8221;.vc_custom_1615305419947{margin-bottom: 0px !important;}&#8221; el_class=&#8221;minHeightCirclesText&#8221;]<em>\u201eMeine Kunden werden die h\u00f6here Textilqualit\u00e4t sofort bemerken. Sauberer, weicher und mit frischerem Geruch\u201c<\/em>[\/vc_column_text][vc_column_text css=&#8221;.vc_custom_1615305714647{margin-top: 15px !important;}&#8221;]<\/p>\n<ul>\n<li class=\"li1\"><strong>Beste Waschergebnisse<\/strong> dank der <em>SpeedCare-Trommel<\/em><\/li>\n<li class=\"li1\"><strong>H\u00f6here Flexibilit\u00e4t<\/strong> mit <em>professionellen Programmen<\/em> f\u00fcr eine Vielzahl von Anwendungen<\/li>\n<li><strong>Langanhaltende Dampfproduktion<\/strong> durch Wassertanks mit hoher Kapazit\u00e4t (1,9 l)<\/li>\n<\/ul>\n<p>[\/vc_column_text][\/vc_column][vc_column width=&#8221;1\/3&#8243;][vc_single_image image=&#8221;10389&#8243; img_size=&#8221;large&#8221;][elx_heading font_container=&#8221;h3&#8243; font_size=&#8221;h5&#8243; text_color=&#8221;inherit&#8221; css=&#8221;.vc_custom_1731576249424{margin-top: 0px !important;}&#8221;]Hohe Geschwindigkeit und Zuverl\u00e4ssigkeit[\/elx_heading][vc_column_text css=&#8221;.vc_custom_1615305489867{margin-bottom: 0px !important;}&#8221; el_class=&#8221;minHeightCirclesText&#8221;]<em>\u201eIch habe meine Ruhe und kann problemlos viele G\u00e4ste bedienen\u201c<\/em>[\/vc_column_text][vc_column_text css=&#8221;.vc_custom_1615305829471{margin-top: 15px !important;}&#8221;]<\/p>\n<ul>\n<li class=\"li1\"><strong>Bis zu 50 % schneller<\/strong> mit <em>professionellen Programmen<\/em><\/li>\n<li class=\"li1\"><strong>K\u00fcrzerer Trocknungszyklus<\/strong> dank <em>Automatic Moisture Control<\/em><\/li>\n<li class=\"li1\"><strong>Sparen Sie Zeit<\/strong> beim komfortablen B\u00fcgeln jeder Art von Stoffen<\/li>\n<\/ul>\n<p>[\/vc_column_text][\/vc_column][vc_column width=&#8221;1\/3&#8243;][vc_single_image image=&#8221;10390&#8243; img_size=&#8221;large&#8221;][elx_heading font_container=&#8221;h3&#8243; font_size=&#8221;h5&#8243; text_color=&#8221;inherit&#8221;]Zus\u00e4tzliche Einsparungen[\/elx_heading][vc_column_text css=&#8221;.vc_custom_1615305542637{margin-bottom: 0px !important;}&#8221; el_class=&#8221;minHeightCirclesText&#8221;]<em>\u201eIch spare Kosten dank meiner umweltfreundlichen und langlebigen Waschmaschine\u201c<\/em>[\/vc_column_text][vc_column_text css=&#8221;.vc_custom_1615305940747{margin-top: 15px !important;}&#8221;]<\/p>\n<ul>\n<li class=\"li1\"><span class=\"s1\"><b>Sparen Sie Energie und Kosten<\/b><\/span><em><br \/>\n<\/em><\/li>\n<li class=\"li1\">Waschmaschine und Trockner <strong>halten 3 mal l\u00e4nger<\/strong> als Haushaltsger\u00e4te<\/li>\n<li><strong>Sparen Sie Platz<\/strong> durch die faltbare Mangel (IS185)<\/li>\n<\/ul>\n<p>[\/vc_column_text][\/vc_column][\/vc_row][vc_row][vc_column][vc_empty_space][\/vc_column][\/vc_row][vc_row][vc_column width=&#8221;1\/2&#8243;][elx_video_block background_image=&#8221;10383&#8243; video_link=&#8221;https:\/\/www.youtube.com\/watch?v=Qv7C-dq2eGI&#8221; minimum_height=&#8221;300px&#8221;][\/vc_column][vc_column width=&#8221;1\/2&#8243;][vc_empty_space height=&#8221;16px&#8221;][elx_heading font_container=&#8221;h3&#8243; text_color=&#8221;inherit&#8221;]G\u00e4stehaus Fraune, Salzkotten (Deutschland)[\/elx_heading][vc_column_text]<\/p>\n<div>\n<div>\n<div>\n<div>\n<div>\n<div>\n<div>\n<div>\n<p>\u201eMein Tagesablauf ist um einiges einfacher geworden. Die Zeitersparnis gegen\u00fcber herk\u00f6mmlichen Haushaltswaschmaschinen ist enorm.\u201c<\/p>\n<\/div>\n<\/div>\n<\/div>\n<\/div>\n<\/div>\n<\/div>\n<\/div>\n<\/div>\n<p><strong>Stefanie L\u00fctkewitte-Fraune, Inhaberin<\/strong>[\/vc_column_text][\/vc_column][\/vc_row][vc_row][vc_column][vc_empty_space][\/vc_column][\/vc_row][vc_row][vc_column width=&#8221;1\/2&#8243;][elx_video_block background_image=&#8221;10385&#8243; video_link=&#8221;https:\/\/www.youtube.com\/watch?v=X0NnbrM_oDM&#8221; minimum_height=&#8221;300px&#8221;][\/vc_column][vc_column width=&#8221;1\/2&#8243;][vc_empty_space height=&#8221;16px&#8221;][elx_heading font_container=&#8221;h3&#8243; text_color=&#8221;inherit&#8221;]Zuani Casa,<br \/>\nSan Floriano del Collio (Italien)[\/elx_heading][vc_column_text]\u201eDer Name Zuani steht f\u00fcr ein\u00a0familiengef\u00fchrtes Weingut mit einer kleinen Pension. Unsere Kunden bleiben 2-3 N\u00e4chte bei uns und durch das hohe W\u00e4scheaufkommen und unsere hohen Qualit\u00e4tsanspr\u00fcche spielt der Zeitfaktor eine entscheidende Rolle. Fr\u00fcher haben wir Haushaltsger\u00e4te eingesetzt, was aber mit hohem Zeit- und Arbeitsaufwand verbunden war.\u201c[\/vc_column_text][\/vc_column][\/vc_row][vc_row][vc_column][vc_empty_space height=&#8221;64px&#8221;][\/vc_column][\/vc_row][vc_row][vc_column][elx_heading text_color=&#8221;inherit&#8221; text_align=&#8221;text-center&#8221;]Kontaktieren Sie unsere Experten, um mehr zu erfahren[\/elx_heading][elx_o2000_contact_us s=&#8221;Anfrage: W\u00e4schereil\u00f6sungen f\u00fcr Hotels, B&amp;B, Restaurants&#8221; campaign=&#8221;701SX00000EaD59YAF&#8221; request_type=&#8221;Other&#8221; country=&#8221;Switzerland&#8221; b=&#8221;laundry-semi-professional&#8221; r=&#8221;Ich m\u00f6chte mehr \u00fcber W\u00e4schereil\u00f6sungen f\u00fcr Hotels, Bed &amp; Breakfasts und Restaurants erfahren. Bitte kontaktieren Sie mich.&#8221; l=&#8221;de-ch&#8221;][\/vc_column][\/vc_row][vc_row][vc_column][vc_empty_space][\/vc_column][\/vc_row][vc_row css=&#8221;.vc_custom_1534772259989{background-color: #eeeeee !important;}&#8221;][vc_column width=&#8221;2\/3&#8243;][elx_heading font_size=&#8221;h3&#8243; text_color=&#8221;inherit&#8221;]Sie suchen nach leistungsf\u00e4higeren L\u00f6sungen?[\/elx_heading][elx_heading font_container=&#8221;h3&#8243; font_size=&#8221;h5&#8243; text_color=&#8221;inherit&#8221;]Sehen Sie sich unsere L\u00f6sungen f\u00fcr gewerbliche W\u00e4schereien an[\/elx_heading][vc_column_text]Electrolux Professional bietet ein umfassendes Sortiment an Produkten f\u00fcr Ihren professionellen W\u00e4schebedarf.[\/vc_column_text][elx_button button_text=&#8221;Entdecken Sie unsere gewerblichen Waschmaschinen&#8221; button_style=&#8221;icon&#8221; button_link=&#8221;url:https%3A%2F%2Fwww.electroluxprofessional.com%2Fde-ch%2Fwaeschereitechnik%2Fgewerbliche-waschmaschinen%2F|title:Gewerbliche%20Waschmaschinen&#8221;][\/vc_column][vc_column width=&#8221;1\/3&#8243;][vc_empty_space][vc_single_image image=&#8221;10391&#8243; img_size=&#8221;700px&#8221; onclick=&#8221;custom_link&#8221; link=&#8221;http:\/\/https:\/\/www.electroluxprofessional.com\/de-ch\/your-business\/commercial-laundries\/&#8221;][\/vc_column][\/vc_row]<\/p>\n","protected":false},"excerpt":{"rendered":"<p>[vc_row full_width=&#8221;electroluxpro-full-width-no-padding&#8221; css=&#8221;.vc_custom_1665044510475{margin-top: 50px !important;margin-bottom: 50px !important;}&#8221;][vc_column][elx_full_banner title=&#8221;L\u00f6sungen f\u00fcr Hotels, B&amp;B und Restaurants&#8221; set_as_h1=&#8221;true&#8221; background_image_media_library=&#8221;13502&#8243; background_image_media_library_mobile=&#8221;13503&#8243;][\/vc_column][\/vc_row][vc_row][vc_column][elx_heading text_color=&#8221;electrolux-blue&#8221;]W\u00e4schereil\u00f6sungen f\u00fcr Hotels, Bed &amp; Breakfasts und Restaurants[\/elx_heading][vc_column_text]Hartn\u00e4ckige Flecken auf Tischdecken, hohe Outsourcing-Kosten, das rechtzeitige Waschen, Trocknen und Austauschen der Bettw\u00e4sche sind allt\u00e4gliche Probleme beim Betrieb eines kleinen Hotels, einer Pension oder eines Restaurants. myPRO verschafft Ihnen mehr Zeit [&hellip;]<\/p>\n","protected":false},"author":182,"featured_media":10382,"parent":811,"menu_order":0,"comment_status":"closed","ping_status":"closed","template":"","meta":{"footnotes":""},"class_list":["post-10392","page","type-page","status-publish","has-post-thumbnail","hentry"],"acf":[],"yoast_head":"<!-- This site is optimized with the Yoast SEO plugin v23.3 - https:\/\/yoast.com\/wordpress\/plugins\/seo\/ -->\n<title>W\u00e4schereil\u00f6sungen f\u00fcr Hotels | Electrolux Professional<\/title>\n<meta name=\"description\" content=\"W\u00e4schereiergebnisse in Top-Qualit\u00e4t, schnell und unkompliziert \u2013 myPRO verschafft Ihnen mehr Zeit f\u00fcr Ihr Kerngesch\u00e4ft.\" \/>\n<meta name=\"robots\" content=\"index, follow, max-snippet:-1, max-image-preview:large, max-video-preview:-1\" \/>\n<link rel=\"canonical\" href=\"https:\/\/www.electroluxprofessional.com\/de-ch\/branchenloesungen\/hotels-bb-restaurants-mypro\/\" \/>\n<meta property=\"og:locale\" content=\"de_DE\" \/>\n<meta property=\"og:type\" content=\"article\" \/>\n<meta property=\"og:title\" content=\"W\u00e4schereil\u00f6sungen f\u00fcr Hotels | Electrolux Professional\" \/>\n<meta property=\"og:description\" content=\"W\u00e4schereiergebnisse in Top-Qualit\u00e4t, schnell und unkompliziert \u2013 myPRO verschafft Ihnen mehr Zeit f\u00fcr Ihr Kerngesch\u00e4ft.\" \/>\n<meta property=\"og:url\" content=\"https:\/\/www.electroluxprofessional.com\/de-ch\/branchenloesungen\/hotels-bb-restaurants-mypro\/\" \/>\n<meta property=\"og:site_name\" content=\"Electrolux Professional Schweiz\" \/>\n<meta property=\"article:modified_time\" content=\"2026-03-25T07:01:45+00:00\" \/>\n<meta property=\"og:image\" content=\"https:\/\/www.electroluxprofessional.com\/de-ch\/wp-content\/uploads\/2019\/11\/hotel-BB-restaurant.jpg\" \/>\n\t<meta property=\"og:image:width\" content=\"800\" \/>\n\t<meta property=\"og:image:height\" content=\"500\" \/>\n\t<meta property=\"og:image:type\" content=\"image\/jpeg\" \/>\n<meta name=\"twitter:card\" content=\"summary_large_image\" \/>\n<meta name=\"twitter:label1\" content=\"Gesch\u00e4tzte Lesezeit\" \/>\n\t<meta name=\"twitter:data1\" content=\"4 Minuten\" \/>\n<script type=\"application\/ld+json\" class=\"yoast-schema-graph\">{\"@context\":\"https:\/\/schema.org\",\"@graph\":[{\"@type\":\"WebPage\",\"@id\":\"https:\/\/www.electroluxprofessional.com\/de-ch\/branchenloesungen\/hotels-bb-restaurants-mypro\/\",\"url\":\"https:\/\/www.electroluxprofessional.com\/de-ch\/branchenloesungen\/hotels-bb-restaurants-mypro\/\",\"name\":\"W\u00e4schereil\u00f6sungen f\u00fcr Hotels | Electrolux Professional\",\"isPartOf\":{\"@id\":\"https:\/\/www.electroluxprofessional.com\/de-ch\/#website\"},\"primaryImageOfPage\":{\"@id\":\"https:\/\/www.electroluxprofessional.com\/de-ch\/branchenloesungen\/hotels-bb-restaurants-mypro\/#primaryimage\"},\"image\":{\"@id\":\"https:\/\/www.electroluxprofessional.com\/de-ch\/branchenloesungen\/hotels-bb-restaurants-mypro\/#primaryimage\"},\"thumbnailUrl\":\"https:\/\/www.electroluxprofessional.com\/de-ch\/wp-content\/uploads\/2019\/11\/hotel-BB-restaurant.jpg\",\"datePublished\":\"2019-10-23T15:11:11+00:00\",\"dateModified\":\"2026-03-25T07:01:45+00:00\",\"description\":\"W\u00e4schereiergebnisse in Top-Qualit\u00e4t, schnell und unkompliziert \u2013 myPRO verschafft Ihnen mehr Zeit f\u00fcr Ihr Kerngesch\u00e4ft.\",\"breadcrumb\":{\"@id\":\"https:\/\/www.electroluxprofessional.com\/de-ch\/branchenloesungen\/hotels-bb-restaurants-mypro\/#breadcrumb\"},\"inLanguage\":\"de-CH\",\"potentialAction\":[{\"@type\":\"ReadAction\",\"target\":[\"https:\/\/www.electroluxprofessional.com\/de-ch\/branchenloesungen\/hotels-bb-restaurants-mypro\/\"]}]},{\"@type\":\"ImageObject\",\"inLanguage\":\"de-CH\",\"@id\":\"https:\/\/www.electroluxprofessional.com\/de-ch\/branchenloesungen\/hotels-bb-restaurants-mypro\/#primaryimage\",\"url\":\"https:\/\/www.electroluxprofessional.com\/de-ch\/wp-content\/uploads\/2019\/11\/hotel-BB-restaurant.jpg\",\"contentUrl\":\"https:\/\/www.electroluxprofessional.com\/de-ch\/wp-content\/uploads\/2019\/11\/hotel-BB-restaurant.jpg\",\"width\":800,\"height\":500,\"caption\":\"hotel B&B restaurant\"},{\"@type\":\"BreadcrumbList\",\"@id\":\"https:\/\/www.electroluxprofessional.com\/de-ch\/branchenloesungen\/hotels-bb-restaurants-mypro\/#breadcrumb\",\"itemListElement\":[{\"@type\":\"ListItem\",\"position\":1,\"name\":\"Home\",\"item\":\"https:\/\/www.electroluxprofessional.com\/de-ch\/\"},{\"@type\":\"ListItem\",\"position\":2,\"name\":\"Branchenl\u00f6sungen\",\"item\":\"https:\/\/www.electroluxprofessional.com\/de-ch\/branchenloesungen\/\"},{\"@type\":\"ListItem\",\"position\":3,\"name\":\"Hotels, B&#038;B und Restaurants\"}]},{\"@type\":\"WebSite\",\"@id\":\"https:\/\/www.electroluxprofessional.com\/de-ch\/#website\",\"url\":\"https:\/\/www.electroluxprofessional.com\/de-ch\/\",\"name\":\"Electrolux Professional Schweiz\",\"description\":\"\",\"potentialAction\":[{\"@type\":\"SearchAction\",\"target\":{\"@type\":\"EntryPoint\",\"urlTemplate\":\"https:\/\/www.electroluxprofessional.com\/de-ch\/?src={search_term_string}\"},\"query-input\":\"required name=search_term_string\"}],\"inLanguage\":\"de-CH\"}]}<\/script>\n<!-- \/ Yoast SEO plugin. -->","yoast_head_json":{"title":"W\u00e4schereil\u00f6sungen f\u00fcr Hotels | Electrolux Professional","description":"W\u00e4schereiergebnisse in Top-Qualit\u00e4t, schnell und unkompliziert \u2013 myPRO verschafft Ihnen mehr Zeit f\u00fcr Ihr Kerngesch\u00e4ft.","robots":{"index":"index","follow":"follow","max-snippet":"max-snippet:-1","max-image-preview":"max-image-preview:large","max-video-preview":"max-video-preview:-1"},"canonical":"https:\/\/www.electroluxprofessional.com\/de-ch\/branchenloesungen\/hotels-bb-restaurants-mypro\/","og_locale":"de_DE","og_type":"article","og_title":"W\u00e4schereil\u00f6sungen f\u00fcr Hotels | Electrolux Professional","og_description":"W\u00e4schereiergebnisse in Top-Qualit\u00e4t, schnell und unkompliziert \u2013 myPRO verschafft Ihnen mehr Zeit f\u00fcr Ihr Kerngesch\u00e4ft.","og_url":"https:\/\/www.electroluxprofessional.com\/de-ch\/branchenloesungen\/hotels-bb-restaurants-mypro\/","og_site_name":"Electrolux Professional Schweiz","article_modified_time":"2026-03-25T07:01:45+00:00","og_image":[{"width":800,"height":500,"url":"https:\/\/www.electroluxprofessional.com\/de-ch\/wp-content\/uploads\/2019\/11\/hotel-BB-restaurant.jpg","type":"image\/jpeg"}],"twitter_card":"summary_large_image","twitter_misc":{"Gesch\u00e4tzte Lesezeit":"4 Minuten"},"schema":{"@context":"https:\/\/schema.org","@graph":[{"@type":"WebPage","@id":"https:\/\/www.electroluxprofessional.com\/de-ch\/branchenloesungen\/hotels-bb-restaurants-mypro\/","url":"https:\/\/www.electroluxprofessional.com\/de-ch\/branchenloesungen\/hotels-bb-restaurants-mypro\/","name":"W\u00e4schereil\u00f6sungen f\u00fcr Hotels | Electrolux Professional","isPartOf":{"@id":"https:\/\/www.electroluxprofessional.com\/de-ch\/#website"},"primaryImageOfPage":{"@id":"https:\/\/www.electroluxprofessional.com\/de-ch\/branchenloesungen\/hotels-bb-restaurants-mypro\/#primaryimage"},"image":{"@id":"https:\/\/www.electroluxprofessional.com\/de-ch\/branchenloesungen\/hotels-bb-restaurants-mypro\/#primaryimage"},"thumbnailUrl":"https:\/\/www.electroluxprofessional.com\/de-ch\/wp-content\/uploads\/2019\/11\/hotel-BB-restaurant.jpg","datePublished":"2019-10-23T15:11:11+00:00","dateModified":"2026-03-25T07:01:45+00:00","description":"W\u00e4schereiergebnisse in Top-Qualit\u00e4t, schnell und unkompliziert \u2013 myPRO verschafft Ihnen mehr Zeit f\u00fcr Ihr Kerngesch\u00e4ft.","breadcrumb":{"@id":"https:\/\/www.electroluxprofessional.com\/de-ch\/branchenloesungen\/hotels-bb-restaurants-mypro\/#breadcrumb"},"inLanguage":"de-CH","potentialAction":[{"@type":"ReadAction","target":["https:\/\/www.electroluxprofessional.com\/de-ch\/branchenloesungen\/hotels-bb-restaurants-mypro\/"]}]},{"@type":"ImageObject","inLanguage":"de-CH","@id":"https:\/\/www.electroluxprofessional.com\/de-ch\/branchenloesungen\/hotels-bb-restaurants-mypro\/#primaryimage","url":"https:\/\/www.electroluxprofessional.com\/de-ch\/wp-content\/uploads\/2019\/11\/hotel-BB-restaurant.jpg","contentUrl":"https:\/\/www.electroluxprofessional.com\/de-ch\/wp-content\/uploads\/2019\/11\/hotel-BB-restaurant.jpg","width":800,"height":500,"caption":"hotel B&B restaurant"},{"@type":"BreadcrumbList","@id":"https:\/\/www.electroluxprofessional.com\/de-ch\/branchenloesungen\/hotels-bb-restaurants-mypro\/#breadcrumb","itemListElement":[{"@type":"ListItem","position":1,"name":"Home","item":"https:\/\/www.electroluxprofessional.com\/de-ch\/"},{"@type":"ListItem","position":2,"name":"Branchenl\u00f6sungen","item":"https:\/\/www.electroluxprofessional.com\/de-ch\/branchenloesungen\/"},{"@type":"ListItem","position":3,"name":"Hotels, B&#038;B und Restaurants"}]},{"@type":"WebSite","@id":"https:\/\/www.electroluxprofessional.com\/de-ch\/#website","url":"https:\/\/www.electroluxprofessional.com\/de-ch\/","name":"Electrolux Professional Schweiz","description":"","potentialAction":[{"@type":"SearchAction","target":{"@type":"EntryPoint","urlTemplate":"https:\/\/www.electroluxprofessional.com\/de-ch\/?src={search_term_string}"},"query-input":"required name=search_term_string"}],"inLanguage":"de-CH"}]}},"_links":{"self":[{"href":"https:\/\/www.electroluxprofessional.com\/de-ch\/wp-json\/wp\/v2\/pages\/10392"}],"collection":[{"href":"https:\/\/www.electroluxprofessional.com\/de-ch\/wp-json\/wp\/v2\/pages"}],"about":[{"href":"https:\/\/www.electroluxprofessional.com\/de-ch\/wp-json\/wp\/v2\/types\/page"}],"author":[{"embeddable":true,"href":"https:\/\/www.electroluxprofessional.com\/de-ch\/wp-json\/wp\/v2\/users\/182"}],"replies":[{"embeddable":true,"href":"https:\/\/www.electroluxprofessional.com\/de-ch\/wp-json\/wp\/v2\/comments?post=10392"}],"version-history":[{"count":10,"href":"https:\/\/www.electroluxprofessional.com\/de-ch\/wp-json\/wp\/v2\/pages\/10392\/revisions"}],"predecessor-version":[{"id":20438,"href":"https:\/\/www.electroluxprofessional.com\/de-ch\/wp-json\/wp\/v2\/pages\/10392\/revisions\/20438"}],"up":[{"embeddable":true,"href":"https:\/\/www.electroluxprofessional.com\/de-ch\/wp-json\/wp\/v2\/pages\/811"}],"wp:featuredmedia":[{"embeddable":true,"href":"https:\/\/www.electroluxprofessional.com\/de-ch\/wp-json\/wp\/v2\/media\/10382"}],"wp:attachment":[{"href":"https:\/\/www.electroluxprofessional.com\/de-ch\/wp-json\/wp\/v2\/media?parent=10392"}],"curies":[{"name":"wp","href":"https:\/\/api.w.org\/{rel}","templated":true}]}}