{"id":10381,"date":"2019-11-08T10:38:47","date_gmt":"2019-11-08T08:38:47","guid":{"rendered":"https:\/\/www.electroluxprofessional.com\/?page_id=26318"},"modified":"2026-03-25T07:07:33","modified_gmt":"2026-03-25T07:07:33","slug":"sport-fitnessclubs-mypro","status":"publish","type":"page","link":"https:\/\/www.electroluxprofessional.com\/de-ch\/branchenloesungen\/sport-fitnessclubs-mypro\/","title":{"rendered":"Sport- &#038; Fitnessclubs"},"content":{"rendered":"<p>[vc_row full_width=&#8221;electroluxpro-full-width-no-padding&#8221; css=&#8221;.vc_custom_1665043473250{margin-top: 50px !important;margin-bottom: 50px !important;}&#8221;][vc_column][elx_full_banner title=&#8221;L\u00f6sungen f\u00fcr Sport- &amp; Fitnessclubs&#8221; set_as_h1=&#8221;true&#8221; background_image_media_library=&#8221;13497&#8243; background_image_media_library_mobile=&#8221;13498&#8243;][\/vc_column][\/vc_row][vc_row][vc_column][elx_heading font_size=&#8221;h1&#8243; text_color=&#8221;electrolux-blue&#8221;]W\u00e4schereil\u00f6sungen f\u00fcr Sport- und Fitnessclubs[\/elx_heading][vc_column_text]<strong>Hartn\u00e4ckiges Gras, Schmutz und Schweissflecken<\/strong> sind oft mehr, als gew\u00f6hnliche Haushaltsmaschinen bew\u00e4ltigen k\u00f6nnen.<br \/>\nMit myPRO m\u00fcssen Sie sich nie wieder Gedanken \u00fcber schlechte Waschergebnisse oder Maschinenprobleme machen.\u00a0Einfach einlegen, starten und entspannen![\/vc_column_text][elx_button button_text=&#8221;Zu den Produkten&#8221; button_style=&#8221;icon&#8221; button_link=&#8221;url:https%3A%2F%2Fwww.electroluxprofessional.com%2Fde-ch%2Fwaeschereitechnik%2Fmypro-waschmaschinen-trockner-und-mangeln-fuer-kleingewerbe%2F|title:myPRO%20Waschmaschinen%2C%20Trockner%20und%20Mangeln%20f%C3%BCr%20kleine%20Unternehmen|target:_blank&#8221;][\/vc_column][\/vc_row][vc_row disable_element=&#8221;yes&#8221;][vc_column width=&#8221;2\/3&#8243;][elx_heading font_container=&#8221;h1&#8243; text_color=&#8221;electrolux-blue&#8221;]Laundry solutions for Sport &amp; Fitness clubs[\/elx_heading][vc_column_text]<strong>Stubborn grass, dirt and sweat stains<\/strong> are often more than ordinary domestic machines can handle.<br \/>\nWith myPRO, you\u2018ll never have to worry about poor washing results or machine problems again.\u00a0Just load, start and relax![\/vc_column_text][elx_button button_text=&#8221;Go to products&#8221; button_style=&#8221;icon&#8221; button_link=&#8221;url:https%3A%2F%2Fwww.electroluxprofessional.com%2Fde-ch%2Fcommercial-laundry-equipment%2Fmypro-washers-dryers-steam-ironers%2F|title:myPRO%20washers%2C%20dryers%20and%20steam%20ironers%20for%20small%20businesses||&#8221;][\/vc_column][vc_column width=&#8221;1\/3&#8243;][elx_heading text_color=&#8221;electrolux-blue&#8221;]Download your leaflet[\/elx_heading][elx_download_block text=&#8221;myPRO laundry solution<br \/>\nfor Sport &amp; Fitness clubs&#8221; document_type=&#8221;leaflets&#8221; background_color=&#8221;laundry-solutions&#8221; le_document_number=&#8221;CLF-9JE00014&#8243;][\/vc_column][\/vc_row][vc_row][vc_column][vc_single_image image=&#8221;10377&#8243; img_size=&#8221;full&#8221; alignment=&#8221;center&#8221;][\/vc_column][\/vc_row][vc_row content_placement=&#8221;top&#8221; el_class=&#8221;marginNegative&#8221;][vc_column width=&#8221;1\/3&#8243;][vc_empty_space][elx_heading font_container=&#8221;h3&#8243; font_size=&#8221;h5&#8243; text_color=&#8221;inherit&#8221;]Optimierte Trommellochung[\/elx_heading][vc_column_text]Sorgt f\u00fcr die Entfernung aller Verschmutzungen und Partikel. <strong>4,5 mm grosse L\u00f6cher<\/strong> sorgen daf\u00fcr, dass feste Partikel effizient aus der Trommel gesp\u00fclt werden und der Textilabrieb minimiert wird.[\/vc_column_text][vc_empty_space height=&#8221;16px&#8221;][\/vc_column][vc_column width=&#8221;1\/3&#8243;][vc_empty_space][elx_heading font_container=&#8221;h3&#8243; font_size=&#8221;h5&#8243; text_color=&#8221;inherit&#8221;]Top-Qualit\u00e4t in der H\u00e4lfte der Zeit[\/elx_heading][vc_column_text]<strong>Erstklassige Entw\u00e4sserung<\/strong>, f\u00fcr k\u00fcrzere Zykluszeiten, niedrigere Betriebskosten und jedes Mal grossartige Ergebnisse.[\/vc_column_text][vc_empty_space height=&#8221;16px&#8221;][\/vc_column][vc_column width=&#8221;1\/3&#8243;][vc_empty_space][elx_heading font_container=&#8221;h3&#8243; font_size=&#8221;h5&#8243; text_color=&#8221;inherit&#8221;]SpeedCare-Trommel[\/elx_heading][vc_column_text]K\u00fcrzere Trocknungszyklen dank <strong>Echtzeitkontrolle<\/strong> des Feuchtigkeitsniveaus im Inneren der Kleidungsst\u00fccke. Verhindert ein \u00dcbertrocknen der Fasern, spart Zeit und gibt dem Nutzer Sicherheit.[\/vc_column_text][vc_empty_space height=&#8221;16px&#8221;][\/vc_column][\/vc_row][vc_row content_placement=&#8221;top&#8221; el_class=&#8221;marginNegative&#8221;][vc_column width=&#8221;1\/3&#8243;][vc_single_image image=&#8221;10378&#8243; img_size=&#8221;large&#8221;][elx_heading font_container=&#8221;h3&#8243; font_size=&#8221;h5&#8243; text_color=&#8221;inherit&#8221;]Geld, Energie und Platz sparen[\/elx_heading][vc_column_text css=&#8221;.vc_custom_1615301151580{margin-bottom: 0px !important;}&#8221; el_class=&#8221;minHeightCirclesText&#8221;]<em>\u201eDas Trikot meiner Mannschaft sieht auf dem Spielfeld immer am besten aus\u201c<\/em>[\/vc_column_text][vc_column_text css=&#8221;.vc_custom_1615301346404{margin-top: 15px !important;}&#8221;]<\/p>\n<ul>\n<li>Beste Waschergebnisse dank der einzigartigen SpeedCare-Trommel<\/li>\n<li><strong>Sparen Sie Energie und Kosten<\/strong><\/li>\n<li>Hocheffiziente Waschmaschine im kompakten Format, die Ihren Gesch\u00e4ftsraum optimiert<\/li>\n<\/ul>\n<p>[\/vc_column_text][\/vc_column][vc_column width=&#8221;1\/3&#8243;][vc_single_image image=&#8221;10379&#8243; img_size=&#8221;large&#8221;][elx_heading font_container=&#8221;h3&#8243; font_size=&#8221;h5&#8243; text_color=&#8221;inherit&#8221; css=&#8221;.vc_custom_1731576039535{margin-top: 0px !important;}&#8221;]Top-Qualit\u00e4t in der H\u00e4lfte der Zeit[\/elx_heading][vc_column_text css=&#8221;.vc_custom_1615301180393{margin-bottom: 0px !important;}&#8221; el_class=&#8221;minHeightCirclesText&#8221;]<em>\u201eIch kann sicher sein, dass die W\u00e4sche rechtzeitig vor dem Spiel fertig wird<\/em><em>\u201c<\/em>[\/vc_column_text][vc_column_text css=&#8221;.vc_custom_1615371095513{margin-top: 15px !important;}&#8221;]<\/p>\n<ul>\n<li><strong>Hocheffiziente W\u00e4scherei<\/strong> in einem kompakten Format, um die Arbeit zu erledigen &#8211; immer rechtzeitig zum n\u00e4chsten Spiel!<\/li>\n<li>Effiziente Sp\u00fclung von Erde und Kieselsteinen aus der Trommel durch grosse 4,5 mm L\u00f6cher<\/li>\n<li><strong>K\u00fcrzerer Trocknungszyklus<\/strong> mit Automatic Moisture Control<\/li>\n<\/ul>\n<p>[\/vc_column_text][\/vc_column][vc_column width=&#8221;1\/3&#8243;][vc_single_image image=&#8221;10422&#8243; img_size=&#8221;large&#8221;][elx_heading font_container=&#8221;h3&#8243; font_size=&#8221;h5&#8243; text_color=&#8221;inherit&#8221;]Hohe Geschwindigkeit, die Ihre professionellen Anspr\u00fcche erf\u00fcllt[\/elx_heading][vc_column_text css=&#8221;.vc_custom_1615301234459{margin-bottom: 0px !important;}&#8221; el_class=&#8221;minHeightCirclesText&#8221;]<em>\u201eIch kann Handt\u00fccher an meine Clubmitglieder vermieten und so zus\u00e4tzliches Geld verdienen\u201c<\/em>[\/vc_column_text][vc_column_text css=&#8221;.vc_custom_1615301619474{margin-top: 15px !important;}&#8221;]<\/p>\n<ul>\n<li><strong>Professionelle Desinfektionsprogramme<\/strong> zur Sicherstellung eines hohen Hygienestandards<\/li>\n<li>Hochwertige L\u00f6sung, gebaut um <strong>l\u00e4nger zu halten<\/strong><\/li>\n<li><strong>Garantie<\/strong> f\u00fcr professionelle Anwendungen<\/li>\n<\/ul>\n<p>[\/vc_column_text][\/vc_column][\/vc_row][vc_row][vc_column][vc_empty_space][\/vc_column][\/vc_row][vc_row][vc_column][elx_heading text_color=&#8221;inherit&#8221; text_align=&#8221;text-center&#8221;]Kontaktieren Sie unsere Experten, um mehr zu erfahren[\/elx_heading][elx_o2000_contact_us s=&#8221;Anfrage: Sport- &amp; Fitnessclubs&#8221; request_type=&#8221;Other&#8221; country=&#8221;Switzerland&#8221; b=&#8221;laundry-semi-professional&#8221; r=&#8221;Ich m\u00f6chte mehr \u00fcber W\u00e4schereil\u00f6sungen f\u00fcr Sport- und Fitnessclubs erfahren. Bitte kontaktieren Sie mich.&#8221; l=&#8221;de-ch&#8221;][\/vc_column][\/vc_row][vc_row][vc_column][vc_empty_space][\/vc_column][\/vc_row][vc_row][vc_column width=&#8221;1\/2&#8243;][vc_single_image image=&#8221;10426&#8243; img_size=&#8221;full&#8221;][\/vc_column][vc_column width=&#8221;1\/2&#8243;][elx_heading font_container=&#8221;h3&#8243; text_color=&#8221;inherit&#8221;]Richmond Football Club, Melbourne (Australien)[\/elx_heading][vc_column_text]\u201eWir haben jetzt 3 Waschmaschinen und Trockner in unserem kleinen Waschraum installiert; die Maschinen sind kompakt, leise und leisten erstaunliche Arbeit bei 100-120 Waschladungen pro Woche. Keine Grasflecken oder \u00f6ligen R\u00fcckst\u00e4nde mehr, die eine Brandgefahr darstellen k\u00f6nnten.\u201c<\/p>\n<p><strong>Giuseppe Mamone, Geb\u00e4udemanager<\/strong>[\/vc_column_text][\/vc_column][\/vc_row][vc_row][vc_column][vc_empty_space][\/vc_column][\/vc_row][vc_row css=&#8221;.vc_custom_1534772259989{background-color: #eeeeee !important;}&#8221;][vc_column width=&#8221;2\/3&#8243;][elx_heading font_size=&#8221;h3&#8243; text_color=&#8221;inherit&#8221;]Sie suchen nach leistungsf\u00e4higeren L\u00f6sungen?[\/elx_heading][elx_heading font_container=&#8221;h3&#8243; font_size=&#8221;h5&#8243; text_color=&#8221;inherit&#8221;]Sehen Sie sich unsere L\u00f6sungen f\u00fcr gewerbliche W\u00e4schereien an[\/elx_heading][vc_column_text]Electrolux Professional bietet ein umfassendes Sortiment an Produkten f\u00fcr Ihren professionellen W\u00e4schebedarf.[\/vc_column_text][elx_button button_text=&#8221;Entdecken Sie unsere gewerblichen Waschmaschinen&#8221; button_style=&#8221;icon&#8221; button_link=&#8221;url:https%3A%2F%2Fwww.electroluxprofessional.com%2Fde-ch%2Fwaeschereitechnik%2Fgewerbliche-waschmaschinen%2F|title:Gewerbliche%20Waschmaschinen&#8221;][\/vc_column][vc_column width=&#8221;1\/3&#8243;][vc_empty_space][vc_single_image image=&#8221;10380&#8243; img_size=&#8221;700px&#8221; onclick=&#8221;custom_link&#8221; link=&#8221;http:\/\/https:\/\/www.electroluxprofessional.com\/de-ch\/your-business\/commercial-laundries\/&#8221;][\/vc_column][\/vc_row][vc_row][vc_column][vc_empty_space][vc_empty_space][elx_heading font_size=&#8221;h1&#8243; text_color=&#8221;inherit&#8221; text_align=&#8221;text-center&#8221;]FAQ[\/elx_heading][vc_empty_space]<div class=\"elx-accordion \">    <div class=\"elx-accordion-heading\">        <a class=\"elx-accordion-link elx-accordion-close\">            <h4 class=\" elx-accordion-title\">                Warum ist myPRO ideal f\u00fcr Sport- und Fitnessclubs geeignet?                <img decoding=\"async\" src=\"https:\/\/www.electroluxprofessional.com\/de-ch\/wp-content\/themes\/electroluxpro\/assets\/epr-icon-minus-blue.svg\" class=\"elx-minus elx-hidden\" \/>                <img decoding=\"async\" src=\"https:\/\/www.electroluxprofessional.com\/de-ch\/wp-content\/themes\/electroluxpro\/assets\/epr-icon-plus-blue.svg\" class=\"elx-plus\" \/>            <\/h4>        <\/a>    <\/div>    <div class=\"elx-accordion-body elx-accordion-close\"><p>[vc_column_text]In Sportvereinen und Fitnessstudios sind\u00a0<strong>Schweiss, Gras- und Schmutzflecken<\/strong>\u00a0an der Tagesordnung. myPRO wurde speziell f\u00fcr diese Anforderungen entwickelt und bietet\u00a0<strong>schnelle, hygienische und langlebige L\u00f6sungen<\/strong>\u00a0f\u00fcr Textil- und Geschirrreinigung.[\/vc_column_text][vc_empty_space]<\/p>\n    <\/div><\/div><div class=\"elx-accordion \">    <div class=\"elx-accordion-heading\">        <a class=\"elx-accordion-link elx-accordion-close\">            <h4 class=\" elx-accordion-title\">                Welche Vorteile bieten myPRO Waschmaschinen und Trockner im Sportbetrieb?                <img decoding=\"async\" src=\"https:\/\/www.electroluxprofessional.com\/de-ch\/wp-content\/themes\/electroluxpro\/assets\/epr-icon-minus-blue.svg\" class=\"elx-minus elx-hidden\" \/>                <img decoding=\"async\" src=\"https:\/\/www.electroluxprofessional.com\/de-ch\/wp-content\/themes\/electroluxpro\/assets\/epr-icon-plus-blue.svg\" class=\"elx-plus\" \/>            <\/h4>        <\/a>    <\/div>    <div class=\"elx-accordion-body elx-accordion-close\"><p>[vc_column_text]<\/p>\n<ul>\n<li><strong>Schnelligkeit<\/strong>: Bis zu doppelt so schnell wie Haushaltsger\u00e4te<\/li>\n<li><strong>Hygiene<\/strong>: Desinfektions- und Mopp-Programme f\u00fcr h\u00f6chste Hygieneanspr\u00fcche<\/li>\n<li><strong>Langlebigkeit<\/strong>: Bis zu 4 Zyklen t\u00e4glich, 24 Monate Garantie (bei max. 1.000 Betriebsstunden\/Jahr)<\/li>\n<li><strong>Wirtschaftlichkeit<\/strong>: Energie- und wassersparend<\/li>\n<\/ul>\n<p>[\/vc_column_text][vc_empty_space]<\/p>\n    <\/div><\/div><div class=\"elx-accordion \">    <div class=\"elx-accordion-heading\">        <a class=\"elx-accordion-link elx-accordion-close\">            <h4 class=\" elx-accordion-title\">                Welche Textilien k\u00f6nnen mit myPRO gewaschen werden?                <img decoding=\"async\" src=\"https:\/\/www.electroluxprofessional.com\/de-ch\/wp-content\/themes\/electroluxpro\/assets\/epr-icon-minus-blue.svg\" class=\"elx-minus elx-hidden\" \/>                <img decoding=\"async\" src=\"https:\/\/www.electroluxprofessional.com\/de-ch\/wp-content\/themes\/electroluxpro\/assets\/epr-icon-plus-blue.svg\" class=\"elx-plus\" \/>            <\/h4>        <\/a>    <\/div>    <div class=\"elx-accordion-body elx-accordion-close\"><p>[vc_column_text]myPRO eignet sich ideal f\u00fcr:<\/p>\n<ul>\n<li><strong>Frottierwaren<\/strong>\u00a0(Handt\u00fccher, Saunat\u00fccher)<\/li>\n<li><strong>Sportbekleidung<\/strong><\/li>\n<li><strong>Trainingsmattenbez\u00fcge<\/strong><\/li>\n<li><strong>Mikrofaser- und Reinigungstextilien<\/strong><\/li>\n<\/ul>\n<p>[\/vc_column_text][vc_empty_space]<\/p>\n    <\/div><\/div><div class=\"elx-accordion \">    <div class=\"elx-accordion-heading\">        <a class=\"elx-accordion-link elx-accordion-close\">            <h4 class=\" elx-accordion-title\">                Wie unterst\u00fctzt die myPRO Sp\u00fclmaschine den Clubbetrieb?                <img decoding=\"async\" src=\"https:\/\/www.electroluxprofessional.com\/de-ch\/wp-content\/themes\/electroluxpro\/assets\/epr-icon-minus-blue.svg\" class=\"elx-minus elx-hidden\" \/>                <img decoding=\"async\" src=\"https:\/\/www.electroluxprofessional.com\/de-ch\/wp-content\/themes\/electroluxpro\/assets\/epr-icon-plus-blue.svg\" class=\"elx-plus\" \/>            <\/h4>        <\/a>    <\/div>    <div class=\"elx-accordion-body elx-accordion-close\"><p>[vc_column_text]Die myPRO DW8548 Untertischsp\u00fclmaschine bietet:<\/p>\n<ul>\n<li><strong>3 Programme<\/strong>\u00a0mit Sp\u00fclzeiten ab 90 Sekunden bis max. 280 Sekunden<\/li>\n<li><strong>85 \u00b0C Nachsp\u00fcltemperatur<\/strong>\u00a0f\u00fcr hygienisch sauberes Geschirr<\/li>\n<li><strong>Nur 3 Liter Wasserverbrauch<\/strong>\u00a0pro Zyklus<\/li>\n<li><strong>Automatische Dosierung<\/strong>\u00a0von Sp\u00fcl- und Klarsp\u00fclmittel<\/li>\n<\/ul>\n<p>[\/vc_column_text][vc_empty_space]<\/p>\n    <\/div><\/div><div class=\"elx-accordion \">    <div class=\"elx-accordion-heading\">        <a class=\"elx-accordion-link elx-accordion-close\">            <h4 class=\" elx-accordion-title\">                Wie nachhaltig ist die myPRO L\u00f6sung f\u00fcr Fitnessclubs?                <img decoding=\"async\" src=\"https:\/\/www.electroluxprofessional.com\/de-ch\/wp-content\/themes\/electroluxpro\/assets\/epr-icon-minus-blue.svg\" class=\"elx-minus elx-hidden\" \/>                <img decoding=\"async\" src=\"https:\/\/www.electroluxprofessional.com\/de-ch\/wp-content\/themes\/electroluxpro\/assets\/epr-icon-plus-blue.svg\" class=\"elx-plus\" \/>            <\/h4>        <\/a>    <\/div>    <div class=\"elx-accordion-body elx-accordion-close\"><p>[vc_column_text]Die Ger\u00e4te sind besonders ressourcenschonend:<\/p>\n<ul>\n<li><strong>Wasser- und Energieeinsparung<\/strong><\/li>\n<li><strong>Langlebige Bauweise<\/strong><\/li>\n<li><strong>Reduzierter Chemikalieneinsatz<\/strong><\/li>\n<\/ul>\n<p>[\/vc_column_text][vc_empty_space]<\/p>\n    <\/div><\/div><div class=\"elx-accordion \">    <div class=\"elx-accordion-heading\">        <a class=\"elx-accordion-link elx-accordion-close\">            <h4 class=\" elx-accordion-title\">                Wie einfach ist die Bedienung f\u00fcr das Personal?                <img decoding=\"async\" src=\"https:\/\/www.electroluxprofessional.com\/de-ch\/wp-content\/themes\/electroluxpro\/assets\/epr-icon-minus-blue.svg\" class=\"elx-minus elx-hidden\" \/>                <img decoding=\"async\" src=\"https:\/\/www.electroluxprofessional.com\/de-ch\/wp-content\/themes\/electroluxpro\/assets\/epr-icon-plus-blue.svg\" class=\"elx-plus\" \/>            <\/h4>        <\/a>    <\/div>    <div class=\"elx-accordion-body elx-accordion-close\"><p>[vc_column_text]Die intuitive Benutzeroberfl\u00e4che mit klaren Programmtasten erm\u00f6glicht eine schnelle und fehlerfreie Bedienung \u2013 auch bei h\u00e4ufig wechselndem Personal oder Aushilfen.[\/vc_column_text][vc_empty_space]<\/p>\n    <\/div><\/div><div class=\"elx-accordion \">    <div class=\"elx-accordion-heading\">        <a class=\"elx-accordion-link elx-accordion-close\">            <h4 class=\" elx-accordion-title\">                Wie finde ich die passende L\u00f6sung f\u00fcr meinen Club?                <img decoding=\"async\" src=\"https:\/\/www.electroluxprofessional.com\/de-ch\/wp-content\/themes\/electroluxpro\/assets\/epr-icon-minus-blue.svg\" class=\"elx-minus elx-hidden\" \/>                <img decoding=\"async\" src=\"https:\/\/www.electroluxprofessional.com\/de-ch\/wp-content\/themes\/electroluxpro\/assets\/epr-icon-plus-blue.svg\" class=\"elx-plus\" \/>            <\/h4>        <\/a>    <\/div>    <div class=\"elx-accordion-body elx-accordion-close\"><p>[vc_column_text]Electrolux Professional bietet individuelle Beratung und massgeschneiderte Konzepte f\u00fcr Ihre W\u00e4scherei oder Sp\u00fclk\u00fcche. Nutzen Sie das Kontaktformular oder sprechen Sie direkt mit einem Fachberater.[\/vc_column_text][vc_empty_space]<\/p>\n    <\/div><\/div>[vc_empty_space][\/vc_column][\/vc_row]<\/p>\n","protected":false},"excerpt":{"rendered":"<p>[vc_row full_width=&#8221;electroluxpro-full-width-no-padding&#8221; css=&#8221;.vc_custom_1665043473250{margin-top: 50px !important;margin-bottom: 50px !important;}&#8221;][vc_column][elx_full_banner title=&#8221;L\u00f6sungen f\u00fcr Sport- &amp; Fitnessclubs&#8221; set_as_h1=&#8221;true&#8221; background_image_media_library=&#8221;13497&#8243; background_image_media_library_mobile=&#8221;13498&#8243;][\/vc_column][\/vc_row][vc_row][vc_column][elx_heading font_size=&#8221;h1&#8243; text_color=&#8221;electrolux-blue&#8221;]W\u00e4schereil\u00f6sungen f\u00fcr Sport- und Fitnessclubs[\/elx_heading][vc_column_text]Hartn\u00e4ckiges Gras, Schmutz und Schweissflecken sind oft mehr, als gew\u00f6hnliche Haushaltsmaschinen bew\u00e4ltigen k\u00f6nnen. Mit myPRO m\u00fcssen Sie sich nie wieder Gedanken \u00fcber schlechte Waschergebnisse oder Maschinenprobleme machen.\u00a0Einfach einlegen, starten und entspannen![\/vc_column_text][elx_button button_text=&#8221;Zu den Produkten&#8221; button_style=&#8221;icon&#8221; [&hellip;]<\/p>\n","protected":false},"author":182,"featured_media":0,"parent":811,"menu_order":0,"comment_status":"closed","ping_status":"closed","template":"","meta":{"footnotes":""},"class_list":["post-10381","page","type-page","status-publish","hentry"],"acf":[],"yoast_head":"<!-- This site is optimized with the Yoast SEO plugin v23.3 - https:\/\/yoast.com\/wordpress\/plugins\/seo\/ -->\n<title>L\u00f6sungen f\u00fcr Sport- und Fitnessclubs | Electrolux Professional<\/title>\n<meta name=\"description\" content=\"Mit myPRO m\u00fcssen Sie sich nie wieder Gedanken \u00fcber schlechte Waschergebnisse oder Maschinenprobleme machen.\" \/>\n<meta name=\"robots\" content=\"index, follow, max-snippet:-1, max-image-preview:large, max-video-preview:-1\" \/>\n<link rel=\"canonical\" href=\"https:\/\/www.electroluxprofessional.com\/de-ch\/branchenloesungen\/sport-fitnessclubs-mypro\/\" \/>\n<meta property=\"og:locale\" content=\"de_DE\" \/>\n<meta property=\"og:type\" content=\"article\" \/>\n<meta property=\"og:title\" content=\"L\u00f6sungen f\u00fcr Sport- und Fitnessclubs | Electrolux Professional\" \/>\n<meta property=\"og:description\" content=\"Mit myPRO m\u00fcssen Sie sich nie wieder Gedanken \u00fcber schlechte Waschergebnisse oder Maschinenprobleme machen.\" \/>\n<meta property=\"og:url\" content=\"https:\/\/www.electroluxprofessional.com\/de-ch\/branchenloesungen\/sport-fitnessclubs-mypro\/\" \/>\n<meta property=\"og:site_name\" content=\"Electrolux Professional Schweiz\" \/>\n<meta property=\"article:modified_time\" content=\"2026-03-25T07:07:33+00:00\" \/>\n<meta name=\"twitter:card\" content=\"summary_large_image\" \/>\n<meta name=\"twitter:label1\" content=\"Gesch\u00e4tzte Lesezeit\" \/>\n\t<meta name=\"twitter:data1\" content=\"5 Minuten\" \/>\n<script type=\"application\/ld+json\" class=\"yoast-schema-graph\">{\"@context\":\"https:\/\/schema.org\",\"@graph\":[{\"@type\":\"WebPage\",\"@id\":\"https:\/\/www.electroluxprofessional.com\/de-ch\/branchenloesungen\/sport-fitnessclubs-mypro\/\",\"url\":\"https:\/\/www.electroluxprofessional.com\/de-ch\/branchenloesungen\/sport-fitnessclubs-mypro\/\",\"name\":\"L\u00f6sungen f\u00fcr Sport- und Fitnessclubs | Electrolux Professional\",\"isPartOf\":{\"@id\":\"https:\/\/www.electroluxprofessional.com\/de-ch\/#website\"},\"datePublished\":\"2019-11-08T08:38:47+00:00\",\"dateModified\":\"2026-03-25T07:07:33+00:00\",\"description\":\"Mit myPRO m\u00fcssen Sie sich nie wieder Gedanken \u00fcber schlechte Waschergebnisse oder Maschinenprobleme machen.\",\"breadcrumb\":{\"@id\":\"https:\/\/www.electroluxprofessional.com\/de-ch\/branchenloesungen\/sport-fitnessclubs-mypro\/#breadcrumb\"},\"inLanguage\":\"de-CH\",\"potentialAction\":[{\"@type\":\"ReadAction\",\"target\":[\"https:\/\/www.electroluxprofessional.com\/de-ch\/branchenloesungen\/sport-fitnessclubs-mypro\/\"]}]},{\"@type\":\"BreadcrumbList\",\"@id\":\"https:\/\/www.electroluxprofessional.com\/de-ch\/branchenloesungen\/sport-fitnessclubs-mypro\/#breadcrumb\",\"itemListElement\":[{\"@type\":\"ListItem\",\"position\":1,\"name\":\"Home\",\"item\":\"https:\/\/www.electroluxprofessional.com\/de-ch\/\"},{\"@type\":\"ListItem\",\"position\":2,\"name\":\"Branchenl\u00f6sungen\",\"item\":\"https:\/\/www.electroluxprofessional.com\/de-ch\/branchenloesungen\/\"},{\"@type\":\"ListItem\",\"position\":3,\"name\":\"Sport- &#038; Fitnessclubs\"}]},{\"@type\":\"WebSite\",\"@id\":\"https:\/\/www.electroluxprofessional.com\/de-ch\/#website\",\"url\":\"https:\/\/www.electroluxprofessional.com\/de-ch\/\",\"name\":\"Electrolux Professional Schweiz\",\"description\":\"\",\"potentialAction\":[{\"@type\":\"SearchAction\",\"target\":{\"@type\":\"EntryPoint\",\"urlTemplate\":\"https:\/\/www.electroluxprofessional.com\/de-ch\/?src={search_term_string}\"},\"query-input\":\"required name=search_term_string\"}],\"inLanguage\":\"de-CH\"}]}<\/script>\n<!-- \/ Yoast SEO plugin. -->","yoast_head_json":{"title":"L\u00f6sungen f\u00fcr Sport- und Fitnessclubs | Electrolux Professional","description":"Mit myPRO m\u00fcssen Sie sich nie wieder Gedanken \u00fcber schlechte Waschergebnisse oder Maschinenprobleme machen.","robots":{"index":"index","follow":"follow","max-snippet":"max-snippet:-1","max-image-preview":"max-image-preview:large","max-video-preview":"max-video-preview:-1"},"canonical":"https:\/\/www.electroluxprofessional.com\/de-ch\/branchenloesungen\/sport-fitnessclubs-mypro\/","og_locale":"de_DE","og_type":"article","og_title":"L\u00f6sungen f\u00fcr Sport- und Fitnessclubs | Electrolux Professional","og_description":"Mit myPRO m\u00fcssen Sie sich nie wieder Gedanken \u00fcber schlechte Waschergebnisse oder Maschinenprobleme machen.","og_url":"https:\/\/www.electroluxprofessional.com\/de-ch\/branchenloesungen\/sport-fitnessclubs-mypro\/","og_site_name":"Electrolux Professional Schweiz","article_modified_time":"2026-03-25T07:07:33+00:00","twitter_card":"summary_large_image","twitter_misc":{"Gesch\u00e4tzte Lesezeit":"5 Minuten"},"schema":{"@context":"https:\/\/schema.org","@graph":[{"@type":"WebPage","@id":"https:\/\/www.electroluxprofessional.com\/de-ch\/branchenloesungen\/sport-fitnessclubs-mypro\/","url":"https:\/\/www.electroluxprofessional.com\/de-ch\/branchenloesungen\/sport-fitnessclubs-mypro\/","name":"L\u00f6sungen f\u00fcr Sport- und Fitnessclubs | Electrolux Professional","isPartOf":{"@id":"https:\/\/www.electroluxprofessional.com\/de-ch\/#website"},"datePublished":"2019-11-08T08:38:47+00:00","dateModified":"2026-03-25T07:07:33+00:00","description":"Mit myPRO m\u00fcssen Sie sich nie wieder Gedanken \u00fcber schlechte Waschergebnisse oder Maschinenprobleme machen.","breadcrumb":{"@id":"https:\/\/www.electroluxprofessional.com\/de-ch\/branchenloesungen\/sport-fitnessclubs-mypro\/#breadcrumb"},"inLanguage":"de-CH","potentialAction":[{"@type":"ReadAction","target":["https:\/\/www.electroluxprofessional.com\/de-ch\/branchenloesungen\/sport-fitnessclubs-mypro\/"]}]},{"@type":"BreadcrumbList","@id":"https:\/\/www.electroluxprofessional.com\/de-ch\/branchenloesungen\/sport-fitnessclubs-mypro\/#breadcrumb","itemListElement":[{"@type":"ListItem","position":1,"name":"Home","item":"https:\/\/www.electroluxprofessional.com\/de-ch\/"},{"@type":"ListItem","position":2,"name":"Branchenl\u00f6sungen","item":"https:\/\/www.electroluxprofessional.com\/de-ch\/branchenloesungen\/"},{"@type":"ListItem","position":3,"name":"Sport- &#038; Fitnessclubs"}]},{"@type":"WebSite","@id":"https:\/\/www.electroluxprofessional.com\/de-ch\/#website","url":"https:\/\/www.electroluxprofessional.com\/de-ch\/","name":"Electrolux Professional Schweiz","description":"","potentialAction":[{"@type":"SearchAction","target":{"@type":"EntryPoint","urlTemplate":"https:\/\/www.electroluxprofessional.com\/de-ch\/?src={search_term_string}"},"query-input":"required name=search_term_string"}],"inLanguage":"de-CH"}]}},"_links":{"self":[{"href":"https:\/\/www.electroluxprofessional.com\/de-ch\/wp-json\/wp\/v2\/pages\/10381"}],"collection":[{"href":"https:\/\/www.electroluxprofessional.com\/de-ch\/wp-json\/wp\/v2\/pages"}],"about":[{"href":"https:\/\/www.electroluxprofessional.com\/de-ch\/wp-json\/wp\/v2\/types\/page"}],"author":[{"embeddable":true,"href":"https:\/\/www.electroluxprofessional.com\/de-ch\/wp-json\/wp\/v2\/users\/182"}],"replies":[{"embeddable":true,"href":"https:\/\/www.electroluxprofessional.com\/de-ch\/wp-json\/wp\/v2\/comments?post=10381"}],"version-history":[{"count":15,"href":"https:\/\/www.electroluxprofessional.com\/de-ch\/wp-json\/wp\/v2\/pages\/10381\/revisions"}],"predecessor-version":[{"id":20443,"href":"https:\/\/www.electroluxprofessional.com\/de-ch\/wp-json\/wp\/v2\/pages\/10381\/revisions\/20443"}],"up":[{"embeddable":true,"href":"https:\/\/www.electroluxprofessional.com\/de-ch\/wp-json\/wp\/v2\/pages\/811"}],"wp:attachment":[{"href":"https:\/\/www.electroluxprofessional.com\/de-ch\/wp-json\/wp\/v2\/media?parent=10381"}],"curies":[{"name":"wp","href":"https:\/\/api.w.org\/{rel}","templated":true}]}}