{"id":9808,"date":"2022-10-12T14:52:25","date_gmt":"2022-10-12T14:52:25","guid":{"rendered":"https:\/\/www.electroluxprofessional.com\/cz\/?page_id=9808"},"modified":"2024-07-01T12:45:39","modified_gmt":"2024-07-01T12:45:39","slug":"line-6000-eco-range-detergents","status":"publish","type":"page","link":"https:\/\/www.electroluxprofessional.com\/cz\/accessories-consumables\/line-6000-eco-range-detergents\/","title":{"rendered":"Prac\u00ed prost\u0159edky"},"content":{"rendered":"<p>[vc_row full_width=&#8221;electroluxpro-full-width-no-padding&#8221;][vc_column][elx_image_block background_image=&#8221;9789&#8243; minimum_height=&#8221;350px&#8221;][vc_empty_space][\/vc_column][\/vc_row][vc_row][vc_column][vc_column_text]<\/p>\n<h1 style=\"text-align: center;\">Prac\u00ed prost\u0159edky \u0159ady eco 6000:<br \/>\np\u0159irozen\u00e1 volba pro pran\u00ed ve\u0161ker\u00e9ho pr\u00e1dla a textili\u00ed<\/h1>\n<p>[\/vc_column_text][vc_empty_space][\/vc_column][\/vc_row][vc_row disable_element=&#8221;yes&#8221;][vc_column width=&#8221;1\/2&#8243;][vc_column_text]<\/p>\n<p style=\"text-align: center; font-size: 40px;\">Expand the sustainability of your business<br \/>\nby choosing the right workmates<\/p>\n<p>[\/vc_column_text][\/vc_column][vc_column width=&#8221;1\/2&#8243;][elx_download_block background_color=&#8221;electrolux-blue&#8221;][\/vc_column][\/vc_row][vc_row][vc_column][vc_empty_space][\/vc_column][\/vc_row][vc_row equal_height=&#8221;yes&#8221; content_placement=&#8221;middle&#8221;][vc_column width=&#8221;1\/2&#8243; css=&#8221;.vc_custom_1634290239036{padding-right: 0px !important;padding-left: 0px !important;}&#8221;][elx_image_block background_image=&#8221;8866&#8243; minimum_height=&#8221;500px&#8221;][\/vc_column][vc_column width=&#8221;1\/2&#8243; css=&#8221;.vc_custom_1634290612414{padding-left: 0px !important;background-color: #e8eff5 !important;}&#8221;][vc_column_text css=&#8221;.vc_custom_1665586471664{padding-top: 160px !important;padding-right: 50px !important;padding-bottom: 160px !important;padding-left: 50px !important;}&#8221;]<span style=\"font-size: 30px;\">Certifikovan\u00e1 odbornost, kter\u00e1 v\u00e1m poskytne bezkonkuren\u010dn\u00ed v\u00fdkony a v\u00fdsledky ka\u017ed\u00fd den<\/span>[\/vc_column_text][\/vc_column][\/vc_row][vc_row][vc_column][vc_empty_space][vc_column_text]<\/p>\n<h2 style=\"text-align: center;\">Roz\u0161i\u0159te udr\u017eitelnost sv\u00e9ho podnik\u00e1n\u00ed<br \/>\nv\u00fdb\u011brem spr\u00e1vn\u00fdch spolupracovn\u00edk\u016f<\/h2>\n<p>[\/vc_column_text][vc_empty_space][\/vc_column][\/vc_row][vc_row css=&#8221;.vc_custom_1634290625159{background-color: #e8eff5 !important;}&#8221;][vc_column][vc_empty_space height=&#8221;60px&#8221;][vc_row_inner][vc_column_inner width=&#8221;1\/4&#8243;][vc_empty_space][\/vc_column_inner][vc_column_inner width=&#8221;1\/2&#8243;][vc_single_image image=&#8221;9790&#8243; img_size=&#8221;medium&#8221; alignment=&#8221;center&#8221;][\/vc_column_inner][vc_column_inner width=&#8221;1\/4&#8243;][vc_empty_space][\/vc_column_inner][\/vc_row_inner][vc_empty_space][vc_column_text]<\/p>\n<h3 style=\"text-align: center;\">Spln\u011bn\u00ed po\u017eadavk\u016f pro EUROPEAN ECOLABEL<\/h3>\n<p style=\"text-align: center;\">znamen\u00e1 respektovat velmi p\u0159\u00edsn\u00e9 specifikace surovin, vysok\u00e1 v\u00fdkonnostn\u00ed krit\u00e9ria a p\u0159\u00edsn\u00fd ekologick\u00fd p\u0159\u00edstup.<\/p>\n<p>[\/vc_column_text][vc_empty_space][vc_row_inner][vc_column_inner width=&#8221;1\/4&#8243;][vc_empty_space][\/vc_column_inner][vc_column_inner width=&#8221;1\/4&#8243;][vc_single_image image=&#8221;9791&#8243; img_size=&#8221;medium&#8221; alignment=&#8221;center&#8221;][\/vc_column_inner][vc_column_inner width=&#8221;1\/4&#8243;][vc_single_image image=&#8221;9792&#8243; img_size=&#8221;medium&#8221; alignment=&#8221;center&#8221;][\/vc_column_inner][vc_column_inner width=&#8221;1\/4&#8243;][vc_empty_space][\/vc_column_inner][\/vc_row_inner][vc_empty_space][vc_column_text]<\/p>\n<h3 style=\"text-align: center;\">Certifikov\u00e1no ekozna\u010dkou, dermatologicky testov\u00e1no a hypoalergenn\u00ed.<\/h3>\n<p style=\"text-align: center;\">Prac\u00ed prost\u0159edky \u0159ady 6000 eco byly vyvinuty tak, aby nab\u00edzely vysokou kvalitu,<br \/>\nbezpe\u010dnost a \u00fa\u010dinnost zaji\u0161\u0165uj\u00edc\u00ed n\u00edzk\u00fd dopad na \u017eivotn\u00ed prost\u0159ed\u00ed.<\/p>\n<p>[\/vc_column_text][vc_empty_space][elx_download_block text=&#8221;St\u00e1hn\u011bte si celou \u0159adu prac\u00edch prost\u0159edk\u016f Ecolab&#8221; document_type=&#8221;brochures&#8221; background_color=&#8221;electrolux-blue&#8221; br_document_number=&#8221;A0123&#8243;][vc_empty_space][vc_row_inner][vc_column_inner width=&#8221;1\/3&#8243;][vc_single_image image=&#8221;9793&#8243; img_size=&#8221;medium&#8221; alignment=&#8221;center&#8221;][vc_column_text]<\/p>\n<h4 style=\"text-align: center;\">L02 &#8211; Laundry<br \/>\nEco Wash<\/h4>\n<p>[\/vc_column_text][\/vc_column_inner][vc_column_inner width=&#8221;1\/3&#8243;][vc_single_image image=&#8221;9794&#8243; img_size=&#8221;medium&#8221; alignment=&#8221;center&#8221;][vc_column_text]<\/p>\n<h4 style=\"text-align: center;\">L01 &#8211; Laundry<br \/>\nEco Powder<\/h4>\n<p>[\/vc_column_text][\/vc_column_inner][vc_column_inner width=&#8221;1\/3&#8243;][vc_single_image image=&#8221;9795&#8243; img_size=&#8221;medium&#8221; alignment=&#8221;center&#8221;][vc_column_text]<\/p>\n<h4 style=\"text-align: center;\">L00 \u2013 Laundry<br \/>\nEco Degreaser<\/h4>\n<p>[\/vc_column_text][\/vc_column_inner][\/vc_row_inner][vc_empty_space][vc_row_inner][vc_column_inner width=&#8221;1\/3&#8243;][vc_single_image image=&#8221;9796&#8243; img_size=&#8221;medium&#8221; alignment=&#8221;center&#8221;][vc_column_text]<\/p>\n<h4 style=\"text-align: center;\">L05 &#8211; Laundry<br \/>\nEco Softener<\/h4>\n<p>[\/vc_column_text][\/vc_column_inner][vc_column_inner width=&#8221;1\/3&#8243;][vc_single_image image=&#8221;9797&#8243; img_size=&#8221;medium&#8221; alignment=&#8221;center&#8221;][vc_column_text]<\/p>\n<h4 style=\"text-align: center;\">L04 &#8211; Laundry<br \/>\nEco Bleach<\/h4>\n<p>[\/vc_column_text][\/vc_column_inner][vc_column_inner width=&#8221;1\/3&#8243;][vc_single_image image=&#8221;9798&#8243; img_size=&#8221;medium&#8221; alignment=&#8221;center&#8221;][vc_column_text]<\/p>\n<h4 style=\"text-align: center;\">L03 &#8211; Laundry<br \/>\nEco Booster<\/h4>\n<p>[\/vc_column_text][\/vc_column_inner][\/vc_row_inner][vc_empty_space height=&#8221;100px&#8221;][\/vc_column][\/vc_row][vc_row][vc_column][vc_empty_space height=&#8221;100px&#8221;][\/vc_column][\/vc_row][vc_row css=&#8221;.vc_custom_1634293530612{background-color: #f9f9f9 !important;}&#8221;][vc_column][vc_empty_space height=&#8221;60px&#8221;][vc_row_inner][vc_column_inner width=&#8221;1\/4&#8243;][vc_empty_space][\/vc_column_inner][vc_column_inner width=&#8221;1\/2&#8243;][vc_single_image image=&#8221;9799&#8243; img_size=&#8221;medium&#8221; alignment=&#8221;center&#8221;][\/vc_column_inner][vc_column_inner width=&#8221;1\/4&#8243;][vc_empty_space][\/vc_column_inner][\/vc_row_inner][vc_empty_space][vc_column_text]<\/p>\n<h3 style=\"text-align: center;\">Ekozna\u010dka Nordic Swan je zna\u010dka ISO 14024 typu 1<br \/>\nsyst\u00e9m je kontroln\u00edm org\u00e1nem t\u0159et\u00ed strany.<\/h3>\n<p style=\"text-align: center;\">Produkty nesouc\u00ed ekozna\u010dku Nordic Swan spl\u0148uj\u00ed extr\u00e9mn\u011b vysok\u00e9 ekologick\u00e9 a \u010dasto klimatick\u00e9 po\u017eadavky.<\/p>\n<p>[\/vc_column_text][vc_empty_space height=&#8221;50px&#8221;][vc_row_inner][vc_column_inner width=&#8221;1\/5&#8243;][vc_empty_space][\/vc_column_inner][vc_column_inner width=&#8221;1\/5&#8243;][vc_single_image image=&#8221;9800&#8243; img_size=&#8221;full&#8221; alignment=&#8221;center&#8221;][\/vc_column_inner][vc_column_inner width=&#8221;1\/5&#8243;][vc_single_image image=&#8221;9791&#8243; img_size=&#8221;full&#8221; alignment=&#8221;center&#8221;][\/vc_column_inner][vc_column_inner width=&#8221;1\/5&#8243;][vc_single_image image=&#8221;9792&#8243; img_size=&#8221;full&#8221; alignment=&#8221;center&#8221;][\/vc_column_inner][vc_column_inner width=&#8221;1\/5&#8243;][vc_empty_space][\/vc_column_inner][\/vc_row_inner][vc_empty_space height=&#8221;50px&#8221;][vc_column_text]<\/p>\n<h3 style=\"text-align: center;\">Certifikov\u00e1no ekozna\u010dkou, dermatologicky testov\u00e1no a hypoalergenn\u00ed.<\/h3>\n<p style=\"text-align: center;\">Prac\u00ed prost\u0159edky \u0159ady 6000 eco byly vyvinuty tak, aby nab\u00edzely vysokou kvalitu,<br \/>\nbezpe\u010dnost a \u00fa\u010dinnost zaji\u0161\u0165uj\u00edc\u00ed n\u00edzk\u00fd dopad na \u017eivotn\u00ed prost\u0159ed\u00ed.<\/p>\n<p>[\/vc_column_text][vc_empty_space height=&#8221;50px&#8221;][elx_download_block text=&#8221;St\u00e1hn\u011bte si celou \u0159adu prac\u00edch prost\u0159edk\u016f Nordic Swan&#8221; document_type=&#8221;brochures&#8221; background_color=&#8221;electrolux-blue&#8221; br_document_number=&#8221;A0124&#8243;][vc_empty_space height=&#8221;50px&#8221;][vc_row_inner][vc_column_inner width=&#8221;1\/4&#8243;][vc_empty_space][\/vc_column_inner][vc_column_inner width=&#8221;1\/4&#8243;][vc_single_image image=&#8221;9801&#8243; img_size=&#8221;full&#8221; alignment=&#8221;center&#8221;][vc_column_text]<\/p>\n<h4 style=\"text-align: center;\">L06 &#8211; Laundry<br \/>\nSwan Wash<\/h4>\n<p>[\/vc_column_text][\/vc_column_inner][vc_column_inner width=&#8221;1\/4&#8243;][vc_single_image image=&#8221;9802&#8243; img_size=&#8221;full&#8221; alignment=&#8221;center&#8221;][vc_column_text]<\/p>\n<h4 style=\"text-align: center;\">L07 \u2013 Laundry Swan<br \/>\nGentle Wash<\/h4>\n<p>[\/vc_column_text][\/vc_column_inner][vc_column_inner width=&#8221;1\/4&#8243;][vc_empty_space][\/vc_column_inner][\/vc_row_inner][vc_empty_space][vc_row_inner][vc_column_inner width=&#8221;1\/4&#8243;][vc_empty_space][\/vc_column_inner][vc_column_inner width=&#8221;1\/4&#8243;][vc_single_image image=&#8221;9803&#8243; img_size=&#8221;full&#8221; alignment=&#8221;center&#8221;][vc_column_text]<\/p>\n<h4 style=\"text-align: center;\">L08 &#8211; Laundry<br \/>\nSwan Bleach<\/h4>\n<p>[\/vc_column_text][\/vc_column_inner][vc_column_inner width=&#8221;1\/4&#8243;][vc_single_image image=&#8221;9804&#8243; img_size=&#8221;full&#8221; alignment=&#8221;center&#8221;][vc_column_text]<\/p>\n<h4 style=\"text-align: center;\">L09 \u2013 Laundry<br \/>\nSwan Softener<\/h4>\n<p>[\/vc_column_text][\/vc_column_inner][vc_column_inner width=&#8221;1\/4&#8243;][vc_empty_space][\/vc_column_inner][\/vc_row_inner][vc_empty_space height=&#8221;100px&#8221;][\/vc_column][\/vc_row][vc_row][vc_column][vc_column_text]<\/p>\n<h2 style=\"text-align: center;\">For your complete laundry operation<\/h2>\n<p>[\/vc_column_text][vc_empty_space height=&#8221;50px&#8221;][vc_row_inner][vc_column_inner width=&#8221;1\/2&#8243;][vc_single_image image=&#8221;9805&#8243; img_size=&#8221;large&#8221; alignment=&#8221;center&#8221;][vc_column_text]<\/p>\n<h5 style=\"text-align: center;\">Prespotting and Prebrushing agents<\/h5>\n<p>[\/vc_column_text][\/vc_column_inner][vc_column_inner width=&#8221;1\/2&#8243;][vc_single_image image=&#8221;9806&#8243; img_size=&#8221;large&#8221; alignment=&#8221;center&#8221;][vc_column_text]<\/p>\n<h5 style=\"text-align: center;\">Descaling agent<\/h5>\n<p>[\/vc_column_text][\/vc_column_inner][\/vc_row_inner][vc_empty_space height=&#8221;50px&#8221;][\/vc_column][\/vc_row][vc_row css=&#8221;.vc_custom_1634628370087{background-color: #f9f9f9 !important;}&#8221;][vc_column][vc_empty_space height=&#8221;50px&#8221;][vc_column_text]<\/p>\n<h2 style=\"text-align: center;\">Jsme hrd\u00ed na to, \u017ee jsem zelen\u00ed<\/h2>\n<p style=\"text-align: center;\">Sd\u011blte svou volbu sv\u00fdm z\u00e1kazn\u00edk\u016fm a<br \/>\nz\u00edskat p\u0159ednost a extra d\u016fv\u011bru.<\/p>\n<p>[\/vc_column_text][vc_empty_space height=&#8221;50px&#8221;][vc_single_image image=&#8221;9807&#8243; img_size=&#8221;full&#8221; alignment=&#8221;center&#8221;][vc_empty_space height=&#8221;50px&#8221;][\/vc_column][\/vc_row][vc_row][vc_column][elx_heading text_color=&#8221;inherit&#8221; text_align=&#8221;text-left&#8221;]Kontaktujte n\u00e1s pro v\u00edce informac\u00ed o na\u0161ich prac\u00edch prost\u0159edc\u00edch[\/elx_heading][elx_o2000_contact_us s=&#8221;Po\u017eadavek z webov\u00fdch str\u00e1nek Electrolux Professional&#8221; country=&#8221;Czech Republic&#8221; b=&#8221;food&#8221; r=&#8221;Pros\u00edm, za\u0161lete mi v\u00edce informac\u00ed o &#8230;&#8221; e=&#8221;&#8221; l=&#8221;cz&#8221;][\/vc_column][\/vc_row]<\/p>\n","protected":false},"excerpt":{"rendered":"<p>[vc_row full_width=&#8221;electroluxpro-full-width-no-padding&#8221;][vc_column][elx_image_block background_image=&#8221;9789&#8243; minimum_height=&#8221;350px&#8221;][vc_empty_space][\/vc_column][\/vc_row][vc_row][vc_column][vc_column_text] Prac\u00ed prost\u0159edky \u0159ady eco 6000: p\u0159irozen\u00e1 volba pro pran\u00ed ve\u0161ker\u00e9ho pr\u00e1dla a textili\u00ed [\/vc_column_text][vc_empty_space][\/vc_column][\/vc_row][vc_row disable_element=&#8221;yes&#8221;][vc_column width=&#8221;1\/2&#8243;][vc_column_text] Expand the sustainability of your business by choosing the right workmates [\/vc_column_text][\/vc_column][vc_column width=&#8221;1\/2&#8243;][elx_download_block background_color=&#8221;electrolux-blue&#8221;][\/vc_column][\/vc_row][vc_row][vc_column][vc_empty_space][\/vc_column][\/vc_row][vc_row equal_height=&#8221;yes&#8221; content_placement=&#8221;middle&#8221;][vc_column width=&#8221;1\/2&#8243; css=&#8221;.vc_custom_1634290239036{padding-right: 0px !important;padding-left: 0px !important;}&#8221;][elx_image_block background_image=&#8221;8866&#8243; minimum_height=&#8221;500px&#8221;][\/vc_column][vc_column width=&#8221;1\/2&#8243; css=&#8221;.vc_custom_1634290612414{padding-left: 0px !important;background-color: #e8eff5 !important;}&#8221;][vc_column_text css=&#8221;.vc_custom_1665586471664{padding-top: 160px !important;padding-right: 50px !important;padding-bottom: [&hellip;]<\/p>\n","protected":false},"author":39,"featured_media":8866,"parent":1572,"menu_order":0,"comment_status":"closed","ping_status":"closed","template":"","meta":{"footnotes":""},"class_list":["post-9808","page","type-page","status-publish","has-post-thumbnail","hentry"],"acf":[],"yoast_head":"<!-- This site is optimized with the Yoast SEO plugin v23.3 - https:\/\/yoast.com\/wordpress\/plugins\/seo\/ -->\n<title>Prac\u00ed prost\u0159edky - Electrolux Professional \u010cesk\u00e1 republika<\/title>\n<meta name=\"description\" content=\"Certified expertise to grant you unparalleled performances and results everyday. Expand the sustainability of your business by choosing the right workmates. Certified EU Ecolabel and Nordic Swan Ecolabel.\" \/>\n<meta name=\"robots\" content=\"index, follow, max-snippet:-1, max-image-preview:large, max-video-preview:-1\" \/>\n<link rel=\"canonical\" href=\"https:\/\/www.electroluxprofessional.com\/cz\/accessories-consumables\/line-6000-eco-range-detergents\/\" \/>\n<meta property=\"og:locale\" content=\"cs_CZ\" \/>\n<meta property=\"og:type\" content=\"article\" \/>\n<meta property=\"og:title\" content=\"Prac\u00ed prost\u0159edky - Electrolux Professional \u010cesk\u00e1 republika\" \/>\n<meta property=\"og:description\" content=\"Certified expertise to grant you unparalleled performances and results everyday. Expand the sustainability of your business by choosing the right workmates. Certified EU Ecolabel and Nordic Swan Ecolabel.\" \/>\n<meta property=\"og:url\" content=\"https:\/\/www.electroluxprofessional.com\/cz\/accessories-consumables\/line-6000-eco-range-detergents\/\" \/>\n<meta property=\"og:site_name\" content=\"Electrolux Professional \u010cesk\u00e1 republika\" \/>\n<meta property=\"article:publisher\" content=\"https:\/\/www.facebook.com\/electroluxprofessional\" \/>\n<meta property=\"article:modified_time\" content=\"2024-07-01T12:45:39+00:00\" \/>\n<meta property=\"og:image\" content=\"https:\/\/www.electroluxprofessional.com\/cz\/wp-content\/uploads\/2021\/10\/Calla.jpg\" \/>\n\t<meta property=\"og:image:width\" content=\"500\" \/>\n\t<meta property=\"og:image:height\" content=\"500\" \/>\n\t<meta property=\"og:image:type\" content=\"image\/jpeg\" \/>\n<meta name=\"twitter:card\" content=\"summary_large_image\" \/>\n<meta name=\"twitter:site\" content=\"@ElectroluxPro\" \/>\n<meta name=\"twitter:label1\" content=\"Odhadovan\u00e1 doba \u010dten\u00ed\" \/>\n\t<meta name=\"twitter:data1\" content=\"3 minuty\" \/>\n<script type=\"application\/ld+json\" class=\"yoast-schema-graph\">{\"@context\":\"https:\/\/schema.org\",\"@graph\":[{\"@type\":\"WebPage\",\"@id\":\"https:\/\/www.electroluxprofessional.com\/cz\/accessories-consumables\/line-6000-eco-range-detergents\/\",\"url\":\"https:\/\/www.electroluxprofessional.com\/cz\/accessories-consumables\/line-6000-eco-range-detergents\/\",\"name\":\"Prac\u00ed prost\u0159edky - Electrolux Professional \u010cesk\u00e1 republika\",\"isPartOf\":{\"@id\":\"https:\/\/www.electroluxprofessional.com\/cz\/#website\"},\"primaryImageOfPage\":{\"@id\":\"https:\/\/www.electroluxprofessional.com\/cz\/accessories-consumables\/line-6000-eco-range-detergents\/#primaryimage\"},\"image\":{\"@id\":\"https:\/\/www.electroluxprofessional.com\/cz\/accessories-consumables\/line-6000-eco-range-detergents\/#primaryimage\"},\"thumbnailUrl\":\"https:\/\/www.electroluxprofessional.com\/cz\/wp-content\/uploads\/2021\/10\/Calla.jpg\",\"datePublished\":\"2022-10-12T14:52:25+00:00\",\"dateModified\":\"2024-07-01T12:45:39+00:00\",\"description\":\"Certified expertise to grant you unparalleled performances and results everyday. Expand the sustainability of your business by choosing the right workmates. Certified EU Ecolabel and Nordic Swan Ecolabel.\",\"breadcrumb\":{\"@id\":\"https:\/\/www.electroluxprofessional.com\/cz\/accessories-consumables\/line-6000-eco-range-detergents\/#breadcrumb\"},\"inLanguage\":\"cs\",\"potentialAction\":[{\"@type\":\"ReadAction\",\"target\":[\"https:\/\/www.electroluxprofessional.com\/cz\/accessories-consumables\/line-6000-eco-range-detergents\/\"]}]},{\"@type\":\"ImageObject\",\"inLanguage\":\"cs\",\"@id\":\"https:\/\/www.electroluxprofessional.com\/cz\/accessories-consumables\/line-6000-eco-range-detergents\/#primaryimage\",\"url\":\"https:\/\/www.electroluxprofessional.com\/cz\/wp-content\/uploads\/2021\/10\/Calla.jpg\",\"contentUrl\":\"https:\/\/www.electroluxprofessional.com\/cz\/wp-content\/uploads\/2021\/10\/Calla.jpg\",\"width\":500,\"height\":500,\"caption\":\"Calla\"},{\"@type\":\"BreadcrumbList\",\"@id\":\"https:\/\/www.electroluxprofessional.com\/cz\/accessories-consumables\/line-6000-eco-range-detergents\/#breadcrumb\",\"itemListElement\":[{\"@type\":\"ListItem\",\"position\":1,\"name\":\"Home\",\"item\":\"https:\/\/www.electroluxprofessional.com\/cz\/\"},{\"@type\":\"ListItem\",\"position\":2,\"name\":\"P\u0159\u00edslu\u0161enstv\u00ed a spot\u0159ebn\u00ed materi\u00e1l\",\"item\":\"https:\/\/www.electroluxprofessional.com\/cz\/accessories-consumables\/\"},{\"@type\":\"ListItem\",\"position\":3,\"name\":\"Prac\u00ed prost\u0159edky\"}]},{\"@type\":\"WebSite\",\"@id\":\"https:\/\/www.electroluxprofessional.com\/cz\/#website\",\"url\":\"https:\/\/www.electroluxprofessional.com\/cz\/\",\"name\":\"Electrolux Professional \u010cesk\u00e1 republika\",\"description\":\"\",\"potentialAction\":[{\"@type\":\"SearchAction\",\"target\":{\"@type\":\"EntryPoint\",\"urlTemplate\":\"https:\/\/www.electroluxprofessional.com\/cz\/?src={search_term_string}\"},\"query-input\":\"required name=search_term_string\"}],\"inLanguage\":\"cs\"}]}<\/script>\n<!-- \/ Yoast SEO plugin. -->","yoast_head_json":{"title":"Prac\u00ed prost\u0159edky - Electrolux Professional \u010cesk\u00e1 republika","description":"Certified expertise to grant you unparalleled performances and results everyday. Expand the sustainability of your business by choosing the right workmates. Certified EU Ecolabel and Nordic Swan Ecolabel.","robots":{"index":"index","follow":"follow","max-snippet":"max-snippet:-1","max-image-preview":"max-image-preview:large","max-video-preview":"max-video-preview:-1"},"canonical":"https:\/\/www.electroluxprofessional.com\/cz\/accessories-consumables\/line-6000-eco-range-detergents\/","og_locale":"cs_CZ","og_type":"article","og_title":"Prac\u00ed prost\u0159edky - Electrolux Professional \u010cesk\u00e1 republika","og_description":"Certified expertise to grant you unparalleled performances and results everyday. Expand the sustainability of your business by choosing the right workmates. Certified EU Ecolabel and Nordic Swan Ecolabel.","og_url":"https:\/\/www.electroluxprofessional.com\/cz\/accessories-consumables\/line-6000-eco-range-detergents\/","og_site_name":"Electrolux Professional \u010cesk\u00e1 republika","article_publisher":"https:\/\/www.facebook.com\/electroluxprofessional","article_modified_time":"2024-07-01T12:45:39+00:00","og_image":[{"width":500,"height":500,"url":"https:\/\/www.electroluxprofessional.com\/cz\/wp-content\/uploads\/2021\/10\/Calla.jpg","type":"image\/jpeg"}],"twitter_card":"summary_large_image","twitter_site":"@ElectroluxPro","twitter_misc":{"Odhadovan\u00e1 doba \u010dten\u00ed":"3 minuty"},"schema":{"@context":"https:\/\/schema.org","@graph":[{"@type":"WebPage","@id":"https:\/\/www.electroluxprofessional.com\/cz\/accessories-consumables\/line-6000-eco-range-detergents\/","url":"https:\/\/www.electroluxprofessional.com\/cz\/accessories-consumables\/line-6000-eco-range-detergents\/","name":"Prac\u00ed prost\u0159edky - Electrolux Professional \u010cesk\u00e1 republika","isPartOf":{"@id":"https:\/\/www.electroluxprofessional.com\/cz\/#website"},"primaryImageOfPage":{"@id":"https:\/\/www.electroluxprofessional.com\/cz\/accessories-consumables\/line-6000-eco-range-detergents\/#primaryimage"},"image":{"@id":"https:\/\/www.electroluxprofessional.com\/cz\/accessories-consumables\/line-6000-eco-range-detergents\/#primaryimage"},"thumbnailUrl":"https:\/\/www.electroluxprofessional.com\/cz\/wp-content\/uploads\/2021\/10\/Calla.jpg","datePublished":"2022-10-12T14:52:25+00:00","dateModified":"2024-07-01T12:45:39+00:00","description":"Certified expertise to grant you unparalleled performances and results everyday. Expand the sustainability of your business by choosing the right workmates. Certified EU Ecolabel and Nordic Swan Ecolabel.","breadcrumb":{"@id":"https:\/\/www.electroluxprofessional.com\/cz\/accessories-consumables\/line-6000-eco-range-detergents\/#breadcrumb"},"inLanguage":"cs","potentialAction":[{"@type":"ReadAction","target":["https:\/\/www.electroluxprofessional.com\/cz\/accessories-consumables\/line-6000-eco-range-detergents\/"]}]},{"@type":"ImageObject","inLanguage":"cs","@id":"https:\/\/www.electroluxprofessional.com\/cz\/accessories-consumables\/line-6000-eco-range-detergents\/#primaryimage","url":"https:\/\/www.electroluxprofessional.com\/cz\/wp-content\/uploads\/2021\/10\/Calla.jpg","contentUrl":"https:\/\/www.electroluxprofessional.com\/cz\/wp-content\/uploads\/2021\/10\/Calla.jpg","width":500,"height":500,"caption":"Calla"},{"@type":"BreadcrumbList","@id":"https:\/\/www.electroluxprofessional.com\/cz\/accessories-consumables\/line-6000-eco-range-detergents\/#breadcrumb","itemListElement":[{"@type":"ListItem","position":1,"name":"Home","item":"https:\/\/www.electroluxprofessional.com\/cz\/"},{"@type":"ListItem","position":2,"name":"P\u0159\u00edslu\u0161enstv\u00ed a spot\u0159ebn\u00ed materi\u00e1l","item":"https:\/\/www.electroluxprofessional.com\/cz\/accessories-consumables\/"},{"@type":"ListItem","position":3,"name":"Prac\u00ed prost\u0159edky"}]},{"@type":"WebSite","@id":"https:\/\/www.electroluxprofessional.com\/cz\/#website","url":"https:\/\/www.electroluxprofessional.com\/cz\/","name":"Electrolux Professional \u010cesk\u00e1 republika","description":"","potentialAction":[{"@type":"SearchAction","target":{"@type":"EntryPoint","urlTemplate":"https:\/\/www.electroluxprofessional.com\/cz\/?src={search_term_string}"},"query-input":"required name=search_term_string"}],"inLanguage":"cs"}]}},"_links":{"self":[{"href":"https:\/\/www.electroluxprofessional.com\/cz\/wp-json\/wp\/v2\/pages\/9808"}],"collection":[{"href":"https:\/\/www.electroluxprofessional.com\/cz\/wp-json\/wp\/v2\/pages"}],"about":[{"href":"https:\/\/www.electroluxprofessional.com\/cz\/wp-json\/wp\/v2\/types\/page"}],"author":[{"embeddable":true,"href":"https:\/\/www.electroluxprofessional.com\/cz\/wp-json\/wp\/v2\/users\/39"}],"replies":[{"embeddable":true,"href":"https:\/\/www.electroluxprofessional.com\/cz\/wp-json\/wp\/v2\/comments?post=9808"}],"version-history":[{"count":9,"href":"https:\/\/www.electroluxprofessional.com\/cz\/wp-json\/wp\/v2\/pages\/9808\/revisions"}],"predecessor-version":[{"id":12312,"href":"https:\/\/www.electroluxprofessional.com\/cz\/wp-json\/wp\/v2\/pages\/9808\/revisions\/12312"}],"up":[{"embeddable":true,"href":"https:\/\/www.electroluxprofessional.com\/cz\/wp-json\/wp\/v2\/pages\/1572"}],"wp:featuredmedia":[{"embeddable":true,"href":"https:\/\/www.electroluxprofessional.com\/cz\/wp-json\/wp\/v2\/media\/8866"}],"wp:attachment":[{"href":"https:\/\/www.electroluxprofessional.com\/cz\/wp-json\/wp\/v2\/media?parent=9808"}],"curies":[{"name":"wp","href":"https:\/\/api.w.org\/{rel}","templated":true}]}}