{"id":9665,"date":"2022-06-08T18:39:56","date_gmt":"2022-06-08T18:39:56","guid":{"rendered":"https:\/\/www.electroluxprofessional.com\/cz\/?page_id=9665"},"modified":"2025-11-06T12:49:46","modified_gmt":"2025-11-06T12:49:46","slug":"hospitals-2","status":"publish","type":"page","link":"https:\/\/www.electroluxprofessional.com\/cz\/hospitals-2\/","title":{"rendered":"Nemocnice"},"content":{"rendered":"<p>[vc_row full_width=&#8221;electroluxpro-full-width-no-padding&#8221; css=&#8221;.vc_custom_1649420665358{margin-top: 0px !important;padding-top: 0px !important;}&#8221;][vc_column][elx_full_banner title=&#8221;Nemocnice&#8221; set_as_h1=&#8221;true&#8221; link=&#8221;url:%23book|title:Zamluvit%20demo%20uk%C3%A1zku%20prac%C3%ADho%20cyklu&#8221; background_image_media_library=&#8221;9664&#8243; background_image_media_library_mobile=&#8221;41449&#8243;][\/vc_column][\/vc_row][vc_row][vc_column][vc_empty_space][elx_heading text_color=&#8221;inherit&#8221; text_align=&#8221;text-center&#8221;]Pro kompletn\u00ed hygienu<br \/>\nbez kompromis\u016f[\/elx_heading][vc_empty_space][vc_column_text]<\/p>\n<p style=\"text-align: center;\"><strong>Nemocnice, kliniky a pe\u010dovatelsk\u00e9 domy maj\u00ed velmi p\u0159\u00edsn\u00e9 hygienick\u00e9 p\u0159edpisy<br \/>\nzahrnuj\u00edc\u00ed manipulaci, \u010di\u0161t\u011bn\u00ed a pran\u00ed pr\u00e1dla, ru\u010dn\u00edk\u016f, od\u011bv\u016f a uniforem zam\u011bstnanc\u016f.<\/strong>[\/vc_column_text][vc_empty_space][\/vc_column][\/vc_row][vc_row css=&#8221;.vc_custom_1649421294586{padding-top: 30px !important;padding-bottom: 30px !important;background-color: #f9f9f9 !important;}&#8221;][vc_column width=&#8221;1\/4&#8243;][vc_column_text]<\/p>\n<h2><strong>S Electrolux Professional z\u00edsk\u00e1te:<\/strong><\/h2>\n<p>[\/vc_column_text][\/vc_column][vc_column width=&#8221;3\/4&#8243;][vc_column_text]<\/p>\n<ul>\n<li>Profesion\u00e1ln\u00ed \u0159e\u0161en\u00ed pran\u00ed, kter\u00e1 spl\u0148uj\u00ed nejp\u0159\u00edsn\u011bj\u0161\u00ed po\u017eadavky na hygienu pr\u00e1dla ve zdravotnictv\u00ed a p\u00e9\u010di o seniory<\/li>\n<\/ul>\n<ul>\n<li>Glob\u00e1ln\u00ed l\u00eddr v \u0159e\u0161en\u00ed bari\u00e9rov\u00fdch pr\u00e1delen s v\u00edce ne\u017e 500 instalacemi ka\u017ed\u00fd rok<\/li>\n<\/ul>\n<ul>\n<li>Inteligentn\u00ed funkce, jako je jedine\u010dn\u00fd informa\u010dn\u00ed syst\u00e9m Certus Management\u2122 pro maxim\u00e1ln\u00ed kontrolu a sledovatelnost ve v\u0161ech prac\u00edch procesech<\/li>\n<\/ul>\n<ul>\n<li>Vy\u0161\u0161\u00ed \u00fa\u010dinnost a produktivita d\u00edky v\u011bt\u0161\u00edmu mno\u017estv\u00ed pr\u00e1dla za den<\/li>\n<\/ul>\n<ul>\n<li>Service Excellence: nejrozs\u00e1hlej\u0161\u00ed s\u00ed\u0165 na sv\u011bt\u011b pro instalaci, n\u00e1hradn\u00ed d\u00edly a \u00fadr\u017ebu<\/li>\n<\/ul>\n<p>[\/vc_column_text][\/vc_column][\/vc_row][vc_row][vc_column][vc_empty_space][\/vc_column][\/vc_row][vc_row css=&#8221;.vc_custom_1652169859222{padding-top: 30px !important;padding-bottom: 30px !important;background-color: #ffffff !important;}&#8221;][vc_column width=&#8221;1\/2&#8243;][elx_heading text_color=&#8221;inherit&#8221;]Bari\u00e9rov\u00e9 pra\u010dky \u0159ady 6000[\/elx_heading][vc_empty_space][vc_column_text]Nov\u00e9 <strong>bari\u00e9rov\u00e9 pra\u010dky \u0159ady 6000<\/strong> zabra\u0148uj\u00ed <strong>k\u0159\u00ed\u017eov\u00e9 kontaminaci<\/strong> \u010dist\u00e9ho pr\u00e1dla \u0161pinav\u00fdm pr\u00e1dlem a poskytuj\u00ed <strong>bezkonkuren\u010dn\u00ed produktivitu a vynikaj\u00edc\u00ed v\u00fdkon<\/strong>. Bari\u00e9rov\u00fd koncept je prvo\u0159ad\u00fd pro zaji\u0161t\u011bn\u00ed <strong>maxim\u00e1ln\u00ed hygieny v ka\u017ed\u00e9 f\u00e1zi prac\u00edho procesu<\/strong>, aby byla zaji\u0161t\u011bna <strong>ochrana va\u0161ich pacient\u016f, obyvatel a person\u00e1lu<\/strong>.[\/vc_column_text][vc_empty_space][elx_button button_text=&#8221;Objevte bari\u00e9rov\u00e9 pra\u010dky \u0159ady 6000&#8243; button_link=&#8221;url:https%3A%2F%2Fwww.electroluxprofessional.com%2Fcz%2Fcommercial-laundry-equipment%2Fbarrier-washers%2F|title:Bari%C3%A9rov%C3%A9%20pra%C4%8Dky%20%C5%99ady%206000&#8243;][\/vc_column][vc_column width=&#8221;1\/2&#8243;][vc_single_image image=&#8221;7470&#8243; img_size=&#8221;full&#8221; alignment=&#8221;center&#8221;][\/vc_column][\/vc_row][vc_row][vc_column][vc_empty_space][\/vc_column][\/vc_row][vc_row][vc_column width=&#8221;2\/3&#8243;][vc_column_text]<\/p>\n<h3>Zku\u0161enosti z\u00e1kazn\u00edka<\/h3>\n<p>[\/vc_column_text][vc_empty_space height=&#8221;15px&#8221;][vc_single_image image=&#8221;9663&#8243; img_size=&#8221;full&#8221; alignment=&#8221;center&#8221;][\/vc_column][vc_column width=&#8221;1\/3&#8243;][vc_empty_space][vc_empty_space][vc_column_text]<strong>Nemocnice &#8220;Peking Union Medical College Hospital&#8221;<\/strong><\/p>\n<p>S rychl\u00fdm tempem soci\u00e1ln\u00edho a m\u011bstsk\u00e9ho rozvoje v cel\u00e9 zemi se PUMCH sna\u017e\u00ed z\u016fstat na \u0161pici technologie p\u0159i uspokojov\u00e1n\u00ed sv\u00fdch pot\u0159eb v oblasti pr\u00e1delny.[\/vc_column_text][vc_empty_space][elx_button button_text=&#8221;P\u0159e\u010d\u00edst cel\u00fd \u010dl\u00e1nek&#8221; button_link=&#8221;url:https%3A%2F%2Fwww.electroluxprofessional.com%2Fcz%2Freferences%2Fpeking-union-medical-college-hospital-pumch%2F|title:%C4%8C%C3%ADst%20cel%C3%BD%20%C4%8Dl%C3%A1nek|target:_blank&#8221;][\/vc_column][\/vc_row][vc_row][vc_column][vc_empty_space][\/vc_column][\/vc_row][vc_row css=&#8221;.vc_custom_1649421613004{padding-top: 50px !important;padding-bottom: 50px !important;background-color: #f9f9f9 !important;}&#8221;][vc_column][vc_column_text]<\/p>\n<h2 style=\"text-align: center;\">\u0158\u00edzen\u00ed cyklu pran\u00ed<br \/>\nJak zabr\u00e1nit kontaminaci pr\u00e1dla nap\u0159\u00ed\u010d sektorem zdravotnictv\u00ed v osmi jednoduch\u00fdch kroc\u00edch<\/h2>\n<p>[\/vc_column_text][vc_empty_space][vc_column_text]<\/p>\n<p style=\"text-align: center;\">Efektivn\u00ed \u0159e\u0161en\u00ed p\u00e9\u010de pro v\u00e1s. Pohodln\u00fd \u017eivotn\u00ed styl pro pacienty a hosty.<br \/>\nPoskytn\u011bte sv\u00fdm obyvatel\u016fm nejlep\u0161\u00ed komfort, bezpe\u010dnost a nejvy\u0161\u0161\u00ed \u00farove\u0148 hygieny ve sv\u00e9 t\u0159\u00edd\u011b p\u0159i zachov\u00e1n\u00ed pln\u00e9 kontroly n\u00e1klad\u016f. Lo\u017en\u00ed pr\u00e1dlo, ru\u010dn\u00edky, ubrousky a od\u011bvy vy\u017eaduj\u00ed speci\u00e1ln\u00ed \u010distic\u00ed roztoky, kter\u00e9 eliminuj\u00ed riziko infekce a k\u0159\u00ed\u017eov\u00e9 kontaminace.<\/p>\n<p>[\/vc_column_text][\/vc_column][vc_column][elx_image align=&#8221;text-center&#8221; image_media_library=&#8221;41818&#8243; image_media_library_mobile=&#8221;41849&#8243;][\/vc_column][\/vc_row][vc_row][vc_column][vc_empty_space][vc_column_text]<\/p>\n<h2 style=\"text-align: center;\">Vyzkou\u0161ejte na\u0161i spr\u00e1vu cyklu pran\u00ed<\/h2>\n<p>[\/vc_column_text][vc_empty_space height=&#8221;20px&#8221;][elx_video_block background_image=&#8221;9662&#8243; video_link=&#8221;https:\/\/www.youtube.com\/watch?v=__vZMg1Y_6Q&#8221; minimum_height=&#8221;350px&#8221;][vc_empty_space height=&#8221;20px&#8221;][vc_column_text]<\/p>\n<p style=\"text-align: center;\">Objevte v\u0161echny kroky k dokonal\u00e9 spr\u00e1v\u011b ne\u010distot a hygieny prost\u0159ednictv\u00edm na\u0161eho LCM.<br \/>\nVyu\u017eijte p\u0159\u00edle\u017eitosti hned te\u010f!<\/p>\n<p>[\/vc_column_text][\/vc_column][\/vc_row][vc_row el_id=&#8221;book&#8221;][vc_column][vc_empty_space][vc_column_text]<\/p>\n<h2 style=\"text-align: center;\">Zamluvit demo uk\u00e1zku prac\u00edho cyklu<\/h2>\n<p>[\/vc_column_text][vc_empty_space][elx_o2000_contact_us request_type=&#8221;Other&#8221;][vc_empty_space][\/vc_column][\/vc_row]<\/p>\n","protected":false},"excerpt":{"rendered":"<p>[vc_row full_width=&#8221;electroluxpro-full-width-no-padding&#8221; css=&#8221;.vc_custom_1649420665358{margin-top: 0px !important;padding-top: 0px !important;}&#8221;][vc_column][elx_full_banner title=&#8221;Nemocnice&#8221; set_as_h1=&#8221;true&#8221; link=&#8221;url:%23book|title:Zamluvit%20demo%20uk%C3%A1zku%20prac%C3%ADho%20cyklu&#8221; background_image_media_library=&#8221;9664&#8243; background_image_media_library_mobile=&#8221;41449&#8243;][\/vc_column][\/vc_row][vc_row][vc_column][vc_empty_space][elx_heading text_color=&#8221;inherit&#8221; text_align=&#8221;text-center&#8221;]Pro kompletn\u00ed hygienu bez kompromis\u016f[\/elx_heading][vc_empty_space][vc_column_text] Nemocnice, kliniky a pe\u010dovatelsk\u00e9 domy maj\u00ed velmi p\u0159\u00edsn\u00e9 hygienick\u00e9 p\u0159edpisy zahrnuj\u00edc\u00ed manipulaci, \u010di\u0161t\u011bn\u00ed a pran\u00ed pr\u00e1dla, ru\u010dn\u00edk\u016f, od\u011bv\u016f a uniforem zam\u011bstnanc\u016f.[\/vc_column_text][vc_empty_space][\/vc_column][\/vc_row][vc_row css=&#8221;.vc_custom_1649421294586{padding-top: 30px !important;padding-bottom: 30px !important;background-color: #f9f9f9 !important;}&#8221;][vc_column width=&#8221;1\/4&#8243;][vc_column_text] S Electrolux Professional z\u00edsk\u00e1te: [\/vc_column_text][\/vc_column][vc_column width=&#8221;3\/4&#8243;][vc_column_text] Profesion\u00e1ln\u00ed \u0159e\u0161en\u00ed [&hellip;]<\/p>\n","protected":false},"author":39,"featured_media":9661,"parent":0,"menu_order":0,"comment_status":"closed","ping_status":"closed","template":"","meta":{"footnotes":""},"class_list":["post-9665","page","type-page","status-publish","has-post-thumbnail","hentry"],"acf":[],"yoast_head":"<!-- This site is optimized with the Yoast SEO plugin v23.3 - https:\/\/yoast.com\/wordpress\/plugins\/seo\/ -->\n<title>Nemocnice - Electrolux Professional \u010cesk\u00e1 republika<\/title>\n<meta name=\"description\" content=\"Jak zabr\u00e1nit kontaminaci pr\u00e1dla nap\u0159\u00ed\u010d sektorem zdravotnictv\u00ed v osmi jednoduch\u00fdch kroc\u00edch. Efektivn\u00ed \u0159e\u0161en\u00ed p\u00e9\u010de pro v\u00e1s. Pohodln\u00fd \u017eivotn\u00ed styl pro pacienty a hosty.\" \/>\n<meta name=\"robots\" content=\"index, follow, max-snippet:-1, max-image-preview:large, max-video-preview:-1\" \/>\n<link rel=\"canonical\" href=\"https:\/\/www.electroluxprofessional.com\/cz\/hospitals-2\/\" \/>\n<meta property=\"og:locale\" content=\"cs_CZ\" \/>\n<meta property=\"og:type\" content=\"article\" \/>\n<meta property=\"og:title\" content=\"Nemocnice - Electrolux Professional \u010cesk\u00e1 republika\" \/>\n<meta property=\"og:description\" content=\"Jak zabr\u00e1nit kontaminaci pr\u00e1dla nap\u0159\u00ed\u010d sektorem zdravotnictv\u00ed v osmi jednoduch\u00fdch kroc\u00edch. Efektivn\u00ed \u0159e\u0161en\u00ed p\u00e9\u010de pro v\u00e1s. Pohodln\u00fd \u017eivotn\u00ed styl pro pacienty a hosty.\" \/>\n<meta property=\"og:url\" content=\"https:\/\/www.electroluxprofessional.com\/cz\/hospitals-2\/\" \/>\n<meta property=\"og:site_name\" content=\"Electrolux Professional \u010cesk\u00e1 republika\" \/>\n<meta property=\"article:publisher\" content=\"https:\/\/www.facebook.com\/electroluxprofessional\" \/>\n<meta property=\"article:modified_time\" content=\"2025-11-06T12:49:46+00:00\" \/>\n<meta property=\"og:image\" content=\"https:\/\/www.electroluxprofessional.com\/cz\/wp-content\/uploads\/2022\/06\/EU8Q1359_LCM_banner_mobile.jpg\" \/>\n\t<meta property=\"og:image:width\" content=\"1125\" \/>\n\t<meta property=\"og:image:height\" content=\"1583\" \/>\n\t<meta property=\"og:image:type\" content=\"image\/jpeg\" \/>\n<meta name=\"twitter:card\" content=\"summary_large_image\" \/>\n<meta name=\"twitter:site\" content=\"@ElectroluxPro\" \/>\n<meta name=\"twitter:label1\" content=\"Odhadovan\u00e1 doba \u010dten\u00ed\" \/>\n\t<meta name=\"twitter:data1\" content=\"3 minuty\" \/>\n<script type=\"application\/ld+json\" class=\"yoast-schema-graph\">{\"@context\":\"https:\/\/schema.org\",\"@graph\":[{\"@type\":\"WebPage\",\"@id\":\"https:\/\/www.electroluxprofessional.com\/cz\/hospitals-2\/\",\"url\":\"https:\/\/www.electroluxprofessional.com\/cz\/hospitals-2\/\",\"name\":\"Nemocnice - Electrolux Professional \u010cesk\u00e1 republika\",\"isPartOf\":{\"@id\":\"https:\/\/www.electroluxprofessional.com\/cz\/#website\"},\"primaryImageOfPage\":{\"@id\":\"https:\/\/www.electroluxprofessional.com\/cz\/hospitals-2\/#primaryimage\"},\"image\":{\"@id\":\"https:\/\/www.electroluxprofessional.com\/cz\/hospitals-2\/#primaryimage\"},\"thumbnailUrl\":\"https:\/\/www.electroluxprofessional.com\/cz\/wp-content\/uploads\/2022\/06\/EU8Q1359_LCM_banner_mobile.jpg\",\"datePublished\":\"2022-06-08T18:39:56+00:00\",\"dateModified\":\"2025-11-06T12:49:46+00:00\",\"description\":\"Jak zabr\u00e1nit kontaminaci pr\u00e1dla nap\u0159\u00ed\u010d sektorem zdravotnictv\u00ed v osmi jednoduch\u00fdch kroc\u00edch. Efektivn\u00ed \u0159e\u0161en\u00ed p\u00e9\u010de pro v\u00e1s. Pohodln\u00fd \u017eivotn\u00ed styl pro pacienty a hosty.\",\"breadcrumb\":{\"@id\":\"https:\/\/www.electroluxprofessional.com\/cz\/hospitals-2\/#breadcrumb\"},\"inLanguage\":\"cs\",\"potentialAction\":[{\"@type\":\"ReadAction\",\"target\":[\"https:\/\/www.electroluxprofessional.com\/cz\/hospitals-2\/\"]}]},{\"@type\":\"ImageObject\",\"inLanguage\":\"cs\",\"@id\":\"https:\/\/www.electroluxprofessional.com\/cz\/hospitals-2\/#primaryimage\",\"url\":\"https:\/\/www.electroluxprofessional.com\/cz\/wp-content\/uploads\/2022\/06\/EU8Q1359_LCM_banner_mobile.jpg\",\"contentUrl\":\"https:\/\/www.electroluxprofessional.com\/cz\/wp-content\/uploads\/2022\/06\/EU8Q1359_LCM_banner_mobile.jpg\",\"width\":1125,\"height\":1583,\"caption\":\"EU8Q1359_LCM_banner_mobile\"},{\"@type\":\"BreadcrumbList\",\"@id\":\"https:\/\/www.electroluxprofessional.com\/cz\/hospitals-2\/#breadcrumb\",\"itemListElement\":[{\"@type\":\"ListItem\",\"position\":1,\"name\":\"Home\",\"item\":\"https:\/\/www.electroluxprofessional.com\/cz\/\"},{\"@type\":\"ListItem\",\"position\":2,\"name\":\"Nemocnice\"}]},{\"@type\":\"WebSite\",\"@id\":\"https:\/\/www.electroluxprofessional.com\/cz\/#website\",\"url\":\"https:\/\/www.electroluxprofessional.com\/cz\/\",\"name\":\"Electrolux Professional \u010cesk\u00e1 republika\",\"description\":\"\",\"potentialAction\":[{\"@type\":\"SearchAction\",\"target\":{\"@type\":\"EntryPoint\",\"urlTemplate\":\"https:\/\/www.electroluxprofessional.com\/cz\/?src={search_term_string}\"},\"query-input\":\"required name=search_term_string\"}],\"inLanguage\":\"cs\"}]}<\/script>\n<!-- \/ Yoast SEO plugin. -->","yoast_head_json":{"title":"Nemocnice - Electrolux Professional \u010cesk\u00e1 republika","description":"Jak zabr\u00e1nit kontaminaci pr\u00e1dla nap\u0159\u00ed\u010d sektorem zdravotnictv\u00ed v osmi jednoduch\u00fdch kroc\u00edch. Efektivn\u00ed \u0159e\u0161en\u00ed p\u00e9\u010de pro v\u00e1s. Pohodln\u00fd \u017eivotn\u00ed styl pro pacienty a hosty.","robots":{"index":"index","follow":"follow","max-snippet":"max-snippet:-1","max-image-preview":"max-image-preview:large","max-video-preview":"max-video-preview:-1"},"canonical":"https:\/\/www.electroluxprofessional.com\/cz\/hospitals-2\/","og_locale":"cs_CZ","og_type":"article","og_title":"Nemocnice - Electrolux Professional \u010cesk\u00e1 republika","og_description":"Jak zabr\u00e1nit kontaminaci pr\u00e1dla nap\u0159\u00ed\u010d sektorem zdravotnictv\u00ed v osmi jednoduch\u00fdch kroc\u00edch. Efektivn\u00ed \u0159e\u0161en\u00ed p\u00e9\u010de pro v\u00e1s. Pohodln\u00fd \u017eivotn\u00ed styl pro pacienty a hosty.","og_url":"https:\/\/www.electroluxprofessional.com\/cz\/hospitals-2\/","og_site_name":"Electrolux Professional \u010cesk\u00e1 republika","article_publisher":"https:\/\/www.facebook.com\/electroluxprofessional","article_modified_time":"2025-11-06T12:49:46+00:00","og_image":[{"width":1125,"height":1583,"url":"https:\/\/www.electroluxprofessional.com\/cz\/wp-content\/uploads\/2022\/06\/EU8Q1359_LCM_banner_mobile.jpg","type":"image\/jpeg"}],"twitter_card":"summary_large_image","twitter_site":"@ElectroluxPro","twitter_misc":{"Odhadovan\u00e1 doba \u010dten\u00ed":"3 minuty"},"schema":{"@context":"https:\/\/schema.org","@graph":[{"@type":"WebPage","@id":"https:\/\/www.electroluxprofessional.com\/cz\/hospitals-2\/","url":"https:\/\/www.electroluxprofessional.com\/cz\/hospitals-2\/","name":"Nemocnice - Electrolux Professional \u010cesk\u00e1 republika","isPartOf":{"@id":"https:\/\/www.electroluxprofessional.com\/cz\/#website"},"primaryImageOfPage":{"@id":"https:\/\/www.electroluxprofessional.com\/cz\/hospitals-2\/#primaryimage"},"image":{"@id":"https:\/\/www.electroluxprofessional.com\/cz\/hospitals-2\/#primaryimage"},"thumbnailUrl":"https:\/\/www.electroluxprofessional.com\/cz\/wp-content\/uploads\/2022\/06\/EU8Q1359_LCM_banner_mobile.jpg","datePublished":"2022-06-08T18:39:56+00:00","dateModified":"2025-11-06T12:49:46+00:00","description":"Jak zabr\u00e1nit kontaminaci pr\u00e1dla nap\u0159\u00ed\u010d sektorem zdravotnictv\u00ed v osmi jednoduch\u00fdch kroc\u00edch. Efektivn\u00ed \u0159e\u0161en\u00ed p\u00e9\u010de pro v\u00e1s. Pohodln\u00fd \u017eivotn\u00ed styl pro pacienty a hosty.","breadcrumb":{"@id":"https:\/\/www.electroluxprofessional.com\/cz\/hospitals-2\/#breadcrumb"},"inLanguage":"cs","potentialAction":[{"@type":"ReadAction","target":["https:\/\/www.electroluxprofessional.com\/cz\/hospitals-2\/"]}]},{"@type":"ImageObject","inLanguage":"cs","@id":"https:\/\/www.electroluxprofessional.com\/cz\/hospitals-2\/#primaryimage","url":"https:\/\/www.electroluxprofessional.com\/cz\/wp-content\/uploads\/2022\/06\/EU8Q1359_LCM_banner_mobile.jpg","contentUrl":"https:\/\/www.electroluxprofessional.com\/cz\/wp-content\/uploads\/2022\/06\/EU8Q1359_LCM_banner_mobile.jpg","width":1125,"height":1583,"caption":"EU8Q1359_LCM_banner_mobile"},{"@type":"BreadcrumbList","@id":"https:\/\/www.electroluxprofessional.com\/cz\/hospitals-2\/#breadcrumb","itemListElement":[{"@type":"ListItem","position":1,"name":"Home","item":"https:\/\/www.electroluxprofessional.com\/cz\/"},{"@type":"ListItem","position":2,"name":"Nemocnice"}]},{"@type":"WebSite","@id":"https:\/\/www.electroluxprofessional.com\/cz\/#website","url":"https:\/\/www.electroluxprofessional.com\/cz\/","name":"Electrolux Professional \u010cesk\u00e1 republika","description":"","potentialAction":[{"@type":"SearchAction","target":{"@type":"EntryPoint","urlTemplate":"https:\/\/www.electroluxprofessional.com\/cz\/?src={search_term_string}"},"query-input":"required name=search_term_string"}],"inLanguage":"cs"}]}},"_links":{"self":[{"href":"https:\/\/www.electroluxprofessional.com\/cz\/wp-json\/wp\/v2\/pages\/9665"}],"collection":[{"href":"https:\/\/www.electroluxprofessional.com\/cz\/wp-json\/wp\/v2\/pages"}],"about":[{"href":"https:\/\/www.electroluxprofessional.com\/cz\/wp-json\/wp\/v2\/types\/page"}],"author":[{"embeddable":true,"href":"https:\/\/www.electroluxprofessional.com\/cz\/wp-json\/wp\/v2\/users\/39"}],"replies":[{"embeddable":true,"href":"https:\/\/www.electroluxprofessional.com\/cz\/wp-json\/wp\/v2\/comments?post=9665"}],"version-history":[{"count":14,"href":"https:\/\/www.electroluxprofessional.com\/cz\/wp-json\/wp\/v2\/pages\/9665\/revisions"}],"predecessor-version":[{"id":14046,"href":"https:\/\/www.electroluxprofessional.com\/cz\/wp-json\/wp\/v2\/pages\/9665\/revisions\/14046"}],"wp:featuredmedia":[{"embeddable":true,"href":"https:\/\/www.electroluxprofessional.com\/cz\/wp-json\/wp\/v2\/media\/9661"}],"wp:attachment":[{"href":"https:\/\/www.electroluxprofessional.com\/cz\/wp-json\/wp\/v2\/media?parent=9665"}],"curies":[{"name":"wp","href":"https:\/\/api.w.org\/{rel}","templated":true}]}}