{"id":9567,"date":"2017-07-27T10:13:44","date_gmt":"2017-07-27T09:13:44","guid":{"rendered":"https:\/\/www.electroluxprofessional.com\/?page_id=12743"},"modified":"2022-03-31T19:24:44","modified_gmt":"2022-03-31T19:24:44","slug":"speedelight-unlimited-menus","status":"publish","type":"page","link":"https:\/\/www.electroluxprofessional.com\/cz\/speedelight-high-speed-snack-grill\/speedelight-unlimited-menus\/","title":{"rendered":"SpeeDelight unlimited menu"},"content":{"rendered":"<p>[vc_row full_width=&#8221;electroluxpro-full-width-no-padding&#8221;][vc_column][vc_single_image image=&#8221;3334&#8243; img_size=&#8221;2000*350&#8243;][\/vc_column][\/vc_row][vc_row][vc_column][elx_heading font_size=&#8221;h3&#8243; text_color=&#8221;cat-cook&#8221;]Speed it up: it\u2019s crisp o\u2019clock!<br \/>\n[\/elx_heading][elx_heading font_container=&#8221;h1&#8243; font_size=&#8221;h5&#8243; text_color=&#8221;inherit&#8221;]SpeeDelight: unlimited menus for unmatched business opportunities[\/elx_heading][\/vc_column][\/vc_row][vc_row][vc_column][vc_empty_space][\/vc_column][\/vc_row][vc_row][vc_column width=&#8221;1\/2&#8243;][vc_single_image image=&#8221;6994&#8243; img_size=&#8221;full&#8221; alignment=&#8221;center&#8221; style=&#8221;vc_box_circle_2&#8243;][\/vc_column][vc_column width=&#8221;1\/2&#8243;][elx_heading font_container=&#8221;h3&#8243; font_size=&#8221;h3&#8243; text_color=&#8221;cat-cook&#8221; text_align=&#8221;text-left&#8221;]All around the World.<br \/>\nAll around the Clock.[\/elx_heading][vc_empty_space][vc_column_text]Enhance your menu with new recipes, thought and developed to cover\u00a0different times of the day and different culinary tastes.[\/vc_column_text][vc_column_text]Whatever your niche is, SpeeDelight makes\u00a0your business stand out with an amazing\u00a0variety of menus, from sandwiches and\u00a0bakery items to delicious gourmet food.[\/vc_column_text][vc_row_inner][vc_column_inner width=&#8221;1\/3&#8243;][vc_single_image image=&#8221;4323&#8243; img_size=&#8221;full&#8221; alignment=&#8221;center&#8221;][vc_column_text]<\/p>\n<h4 style=\"text-align: center;\">Superior Quality<\/h4>\n<p>[\/vc_column_text][\/vc_column_inner][vc_column_inner width=&#8221;1\/3&#8243;][vc_single_image image=&#8221;7941&#8243; img_size=&#8221;full&#8221; alignment=&#8221;center&#8221;][vc_column_text]<\/p>\n<h4 style=\"text-align: center;\">Saving Time<\/h4>\n<p>[\/vc_column_text][\/vc_column_inner][vc_column_inner width=&#8221;1\/3&#8243;][vc_single_image image=&#8221;9565&#8243; img_size=&#8221;full&#8221; alignment=&#8221;center&#8221;][vc_column_text]<\/p>\n<h4 style=\"text-align: center;\">Increasing Profit<\/h4>\n<p>[\/vc_column_text][\/vc_column_inner][\/vc_row_inner][\/vc_column][\/vc_row][vc_row][vc_column][vc_empty_space][\/vc_column][\/vc_row][vc_row css=&#8221;.vc_custom_1572274159006{background-color: #d6b474 !important;}&#8221;][vc_column width=&#8221;2\/3&#8243;][vc_empty_space][elx_heading text_color=&#8221;white&#8221;]New SpeeDelight Autumn recipes[\/elx_heading][vc_empty_space][vc_column_text]<span style=\"color: white;\">Download all the new SpeeDelight recipes made for you by the Chefs of our <a href=\"https:\/\/www.electroluxprofessional.com\/cz\/chef-s-hub\/electrolux-chef-academy\/\">Electrolux Professional Chef Academy<\/a>.<br \/>\nDiscover many new and tasty ideas for your autumn pumpkin sandwiches.<\/span>[\/vc_column_text][vc_empty_space][\/vc_column][vc_column width=&#8221;1\/3&#8243;][vc_empty_space height=&#8221;64px&#8221;][elx_download_block text=&#8221;SpeeDelight Autumn Recipes<br \/>\nPDF version<br \/>\n&#8221; file_picker=&#8221;26513&#8243; background_color=&#8221;black&#8221; background_image=&#8221;9564&#8243;][\/vc_column][\/vc_row][vc_row][vc_column][vc_empty_space][\/vc_column][\/vc_row][vc_row][vc_column width=&#8221;1\/2&#8243;][vc_empty_space][vc_single_image image=&#8221;9566&#8243; img_size=&#8221;full&#8221;][\/vc_column][vc_column width=&#8221;1\/2&#8243;][elx_heading font_container=&#8221;h3&#8243; font_size=&#8221;h3&#8243; text_color=&#8221;inherit&#8221;]Share your tips<br \/>\nand get our chefs&#8217; tricks![\/elx_heading][elx_o2000_contact_us r=&#8221;Hi, I&#8217;d like to share my recipes for SpeeDelight &#8230;&#8221; s=&#8221;SpeeDelight Recipes &#8221; e=&#8221;paolo.pettenuzzo@electrolux.com&#8221; l=&#8221;en&#8221;][\/vc_column][\/vc_row][vc_row][vc_column][vc_empty_space][\/vc_column][\/vc_row][vc_row][vc_column][elx_heading font_container=&#8221;h3&#8243; font_size=&#8221;h3&#8243; text_color=&#8221;cat-cook&#8221;]Get inspired, discover every week new SpeeDelight recipes[\/elx_heading][\/vc_column][\/vc_row][vc_row][vc_column][vc_empty_space][\/vc_column][\/vc_row]<\/p>\n","protected":false},"excerpt":{"rendered":"<p>[vc_row full_width=&#8221;electroluxpro-full-width-no-padding&#8221;][vc_column][vc_single_image image=&#8221;3334&#8243; img_size=&#8221;2000*350&#8243;][\/vc_column][\/vc_row][vc_row][vc_column][elx_heading font_size=&#8221;h3&#8243; text_color=&#8221;cat-cook&#8221;]Speed it up: it\u2019s crisp o\u2019clock! [\/elx_heading][elx_heading font_container=&#8221;h1&#8243; font_size=&#8221;h5&#8243; text_color=&#8221;inherit&#8221;]SpeeDelight: unlimited menus for unmatched business opportunities[\/elx_heading][\/vc_column][\/vc_row][vc_row][vc_column][vc_empty_space][\/vc_column][\/vc_row][vc_row][vc_column width=&#8221;1\/2&#8243;][vc_single_image image=&#8221;6994&#8243; img_size=&#8221;full&#8221; alignment=&#8221;center&#8221; style=&#8221;vc_box_circle_2&#8243;][\/vc_column][vc_column width=&#8221;1\/2&#8243;][elx_heading font_container=&#8221;h3&#8243; font_size=&#8221;h3&#8243; text_color=&#8221;cat-cook&#8221; text_align=&#8221;text-left&#8221;]All around the World. All around the Clock.[\/elx_heading][vc_empty_space][vc_column_text]Enhance your menu with new recipes, thought and developed to cover\u00a0different times of the day and different culinary [&hellip;]<\/p>\n","protected":false},"author":39,"featured_media":1952,"parent":1627,"menu_order":0,"comment_status":"closed","ping_status":"closed","template":"template-speedelight-recipes.php","meta":{"footnotes":""},"class_list":["post-9567","page","type-page","status-publish","has-post-thumbnail","hentry"],"acf":[],"yoast_head":"<!-- This site is optimized with the Yoast SEO plugin v23.3 - https:\/\/yoast.com\/wordpress\/plugins\/seo\/ -->\n<title>SpeeDelight unlimited menus - Electrolux Professional<\/title>\n<meta name=\"description\" content=\"Enhance your menu with new recipes, thought and developed to cover\u00a0different times of the day and different culinary tastes.\" \/>\n<meta name=\"robots\" content=\"index, follow, max-snippet:-1, max-image-preview:large, max-video-preview:-1\" \/>\n<link rel=\"canonical\" href=\"https:\/\/www.electroluxprofessional.com\/cz\/speedelight-high-speed-snack-grill\/speedelight-unlimited-menus\/\" \/>\n<meta property=\"og:locale\" content=\"cs_CZ\" \/>\n<meta property=\"og:type\" content=\"article\" \/>\n<meta property=\"og:title\" content=\"SpeeDelight unlimited menus - Electrolux Professional\" \/>\n<meta property=\"og:description\" content=\"Enhance your menu with new recipes, thought and developed to cover\u00a0different times of the day and different culinary tastes.\" \/>\n<meta property=\"og:url\" content=\"https:\/\/www.electroluxprofessional.com\/cz\/speedelight-high-speed-snack-grill\/speedelight-unlimited-menus\/\" \/>\n<meta property=\"og:site_name\" content=\"Electrolux Professional \u010cesk\u00e1 republika\" \/>\n<meta property=\"article:publisher\" content=\"https:\/\/www.facebook.com\/electroluxprofessional\" \/>\n<meta property=\"article:modified_time\" content=\"2022-03-31T19:24:44+00:00\" \/>\n<meta property=\"og:image\" content=\"https:\/\/www.electroluxprofessional.com\/cz\/wp-content\/uploads\/2017\/01\/SpeeDelight_chef_no-loghi.jpg\" \/>\n\t<meta property=\"og:image:width\" content=\"1000\" \/>\n\t<meta property=\"og:image:height\" content=\"734\" \/>\n\t<meta property=\"og:image:type\" content=\"image\/jpeg\" \/>\n<meta name=\"twitter:card\" content=\"summary_large_image\" \/>\n<meta name=\"twitter:site\" content=\"@ElectroluxPro\" \/>\n<meta name=\"twitter:label1\" content=\"Odhadovan\u00e1 doba \u010dten\u00ed\" \/>\n\t<meta name=\"twitter:data1\" content=\"3 minuty\" \/>\n<script type=\"application\/ld+json\" class=\"yoast-schema-graph\">{\"@context\":\"https:\/\/schema.org\",\"@graph\":[{\"@type\":\"WebPage\",\"@id\":\"https:\/\/www.electroluxprofessional.com\/cz\/speedelight-high-speed-snack-grill\/speedelight-unlimited-menus\/\",\"url\":\"https:\/\/www.electroluxprofessional.com\/cz\/speedelight-high-speed-snack-grill\/speedelight-unlimited-menus\/\",\"name\":\"SpeeDelight unlimited menus - Electrolux Professional\",\"isPartOf\":{\"@id\":\"https:\/\/www.electroluxprofessional.com\/cz\/#website\"},\"primaryImageOfPage\":{\"@id\":\"https:\/\/www.electroluxprofessional.com\/cz\/speedelight-high-speed-snack-grill\/speedelight-unlimited-menus\/#primaryimage\"},\"image\":{\"@id\":\"https:\/\/www.electroluxprofessional.com\/cz\/speedelight-high-speed-snack-grill\/speedelight-unlimited-menus\/#primaryimage\"},\"thumbnailUrl\":\"https:\/\/www.electroluxprofessional.com\/cz\/wp-content\/uploads\/2017\/01\/SpeeDelight_chef_no-loghi.jpg\",\"datePublished\":\"2017-07-27T09:13:44+00:00\",\"dateModified\":\"2022-03-31T19:24:44+00:00\",\"description\":\"Enhance your menu with new recipes, thought and developed to cover\u00a0different times of the day and different culinary tastes.\",\"breadcrumb\":{\"@id\":\"https:\/\/www.electroluxprofessional.com\/cz\/speedelight-high-speed-snack-grill\/speedelight-unlimited-menus\/#breadcrumb\"},\"inLanguage\":\"cs\",\"potentialAction\":[{\"@type\":\"ReadAction\",\"target\":[\"https:\/\/www.electroluxprofessional.com\/cz\/speedelight-high-speed-snack-grill\/speedelight-unlimited-menus\/\"]}]},{\"@type\":\"ImageObject\",\"inLanguage\":\"cs\",\"@id\":\"https:\/\/www.electroluxprofessional.com\/cz\/speedelight-high-speed-snack-grill\/speedelight-unlimited-menus\/#primaryimage\",\"url\":\"https:\/\/www.electroluxprofessional.com\/cz\/wp-content\/uploads\/2017\/01\/SpeeDelight_chef_no-loghi.jpg\",\"contentUrl\":\"https:\/\/www.electroluxprofessional.com\/cz\/wp-content\/uploads\/2017\/01\/SpeeDelight_chef_no-loghi.jpg\",\"width\":1000,\"height\":734,\"caption\":\"speedelight_chef_no-loghi\"},{\"@type\":\"BreadcrumbList\",\"@id\":\"https:\/\/www.electroluxprofessional.com\/cz\/speedelight-high-speed-snack-grill\/speedelight-unlimited-menus\/#breadcrumb\",\"itemListElement\":[{\"@type\":\"ListItem\",\"position\":1,\"name\":\"Home\",\"item\":\"https:\/\/www.electroluxprofessional.com\/cz\/\"},{\"@type\":\"ListItem\",\"position\":2,\"name\":\"SpeeDelight &#8211; High Speed Grill\",\"item\":\"https:\/\/www.electroluxprofessional.com\/cz\/speedelight-high-speed-snack-grill\/\"},{\"@type\":\"ListItem\",\"position\":3,\"name\":\"SpeeDelight unlimited menu\"}]},{\"@type\":\"WebSite\",\"@id\":\"https:\/\/www.electroluxprofessional.com\/cz\/#website\",\"url\":\"https:\/\/www.electroluxprofessional.com\/cz\/\",\"name\":\"Electrolux Professional \u010cesk\u00e1 republika\",\"description\":\"\",\"potentialAction\":[{\"@type\":\"SearchAction\",\"target\":{\"@type\":\"EntryPoint\",\"urlTemplate\":\"https:\/\/www.electroluxprofessional.com\/cz\/?src={search_term_string}\"},\"query-input\":\"required name=search_term_string\"}],\"inLanguage\":\"cs\"}]}<\/script>\n<!-- \/ Yoast SEO plugin. -->","yoast_head_json":{"title":"SpeeDelight unlimited menus - Electrolux Professional","description":"Enhance your menu with new recipes, thought and developed to cover\u00a0different times of the day and different culinary tastes.","robots":{"index":"index","follow":"follow","max-snippet":"max-snippet:-1","max-image-preview":"max-image-preview:large","max-video-preview":"max-video-preview:-1"},"canonical":"https:\/\/www.electroluxprofessional.com\/cz\/speedelight-high-speed-snack-grill\/speedelight-unlimited-menus\/","og_locale":"cs_CZ","og_type":"article","og_title":"SpeeDelight unlimited menus - Electrolux Professional","og_description":"Enhance your menu with new recipes, thought and developed to cover\u00a0different times of the day and different culinary tastes.","og_url":"https:\/\/www.electroluxprofessional.com\/cz\/speedelight-high-speed-snack-grill\/speedelight-unlimited-menus\/","og_site_name":"Electrolux Professional \u010cesk\u00e1 republika","article_publisher":"https:\/\/www.facebook.com\/electroluxprofessional","article_modified_time":"2022-03-31T19:24:44+00:00","og_image":[{"width":1000,"height":734,"url":"https:\/\/www.electroluxprofessional.com\/cz\/wp-content\/uploads\/2017\/01\/SpeeDelight_chef_no-loghi.jpg","type":"image\/jpeg"}],"twitter_card":"summary_large_image","twitter_site":"@ElectroluxPro","twitter_misc":{"Odhadovan\u00e1 doba \u010dten\u00ed":"3 minuty"},"schema":{"@context":"https:\/\/schema.org","@graph":[{"@type":"WebPage","@id":"https:\/\/www.electroluxprofessional.com\/cz\/speedelight-high-speed-snack-grill\/speedelight-unlimited-menus\/","url":"https:\/\/www.electroluxprofessional.com\/cz\/speedelight-high-speed-snack-grill\/speedelight-unlimited-menus\/","name":"SpeeDelight unlimited menus - Electrolux Professional","isPartOf":{"@id":"https:\/\/www.electroluxprofessional.com\/cz\/#website"},"primaryImageOfPage":{"@id":"https:\/\/www.electroluxprofessional.com\/cz\/speedelight-high-speed-snack-grill\/speedelight-unlimited-menus\/#primaryimage"},"image":{"@id":"https:\/\/www.electroluxprofessional.com\/cz\/speedelight-high-speed-snack-grill\/speedelight-unlimited-menus\/#primaryimage"},"thumbnailUrl":"https:\/\/www.electroluxprofessional.com\/cz\/wp-content\/uploads\/2017\/01\/SpeeDelight_chef_no-loghi.jpg","datePublished":"2017-07-27T09:13:44+00:00","dateModified":"2022-03-31T19:24:44+00:00","description":"Enhance your menu with new recipes, thought and developed to cover\u00a0different times of the day and different culinary tastes.","breadcrumb":{"@id":"https:\/\/www.electroluxprofessional.com\/cz\/speedelight-high-speed-snack-grill\/speedelight-unlimited-menus\/#breadcrumb"},"inLanguage":"cs","potentialAction":[{"@type":"ReadAction","target":["https:\/\/www.electroluxprofessional.com\/cz\/speedelight-high-speed-snack-grill\/speedelight-unlimited-menus\/"]}]},{"@type":"ImageObject","inLanguage":"cs","@id":"https:\/\/www.electroluxprofessional.com\/cz\/speedelight-high-speed-snack-grill\/speedelight-unlimited-menus\/#primaryimage","url":"https:\/\/www.electroluxprofessional.com\/cz\/wp-content\/uploads\/2017\/01\/SpeeDelight_chef_no-loghi.jpg","contentUrl":"https:\/\/www.electroluxprofessional.com\/cz\/wp-content\/uploads\/2017\/01\/SpeeDelight_chef_no-loghi.jpg","width":1000,"height":734,"caption":"speedelight_chef_no-loghi"},{"@type":"BreadcrumbList","@id":"https:\/\/www.electroluxprofessional.com\/cz\/speedelight-high-speed-snack-grill\/speedelight-unlimited-menus\/#breadcrumb","itemListElement":[{"@type":"ListItem","position":1,"name":"Home","item":"https:\/\/www.electroluxprofessional.com\/cz\/"},{"@type":"ListItem","position":2,"name":"SpeeDelight &#8211; High Speed Grill","item":"https:\/\/www.electroluxprofessional.com\/cz\/speedelight-high-speed-snack-grill\/"},{"@type":"ListItem","position":3,"name":"SpeeDelight unlimited menu"}]},{"@type":"WebSite","@id":"https:\/\/www.electroluxprofessional.com\/cz\/#website","url":"https:\/\/www.electroluxprofessional.com\/cz\/","name":"Electrolux Professional \u010cesk\u00e1 republika","description":"","potentialAction":[{"@type":"SearchAction","target":{"@type":"EntryPoint","urlTemplate":"https:\/\/www.electroluxprofessional.com\/cz\/?src={search_term_string}"},"query-input":"required name=search_term_string"}],"inLanguage":"cs"}]}},"_links":{"self":[{"href":"https:\/\/www.electroluxprofessional.com\/cz\/wp-json\/wp\/v2\/pages\/9567"}],"collection":[{"href":"https:\/\/www.electroluxprofessional.com\/cz\/wp-json\/wp\/v2\/pages"}],"about":[{"href":"https:\/\/www.electroluxprofessional.com\/cz\/wp-json\/wp\/v2\/types\/page"}],"author":[{"embeddable":true,"href":"https:\/\/www.electroluxprofessional.com\/cz\/wp-json\/wp\/v2\/users\/39"}],"replies":[{"embeddable":true,"href":"https:\/\/www.electroluxprofessional.com\/cz\/wp-json\/wp\/v2\/comments?post=9567"}],"version-history":[{"count":1,"href":"https:\/\/www.electroluxprofessional.com\/cz\/wp-json\/wp\/v2\/pages\/9567\/revisions"}],"predecessor-version":[{"id":9568,"href":"https:\/\/www.electroluxprofessional.com\/cz\/wp-json\/wp\/v2\/pages\/9567\/revisions\/9568"}],"up":[{"embeddable":true,"href":"https:\/\/www.electroluxprofessional.com\/cz\/wp-json\/wp\/v2\/pages\/1627"}],"wp:featuredmedia":[{"embeddable":true,"href":"https:\/\/www.electroluxprofessional.com\/cz\/wp-json\/wp\/v2\/media\/1952"}],"wp:attachment":[{"href":"https:\/\/www.electroluxprofessional.com\/cz\/wp-json\/wp\/v2\/media?parent=9567"}],"curies":[{"name":"wp","href":"https:\/\/api.w.org\/{rel}","templated":true}]}}