{"id":9488,"date":"2016-05-23T08:40:23","date_gmt":"2016-05-23T08:40:23","guid":{"rendered":"https:\/\/www.electroluxprofessional.com\/?page_id=1344"},"modified":"2022-03-31T17:02:14","modified_gmt":"2022-03-31T17:02:14","slug":"safety","status":"publish","type":"page","link":"https:\/\/www.electroluxprofessional.com\/cz\/safety\/","title":{"rendered":"Culture of safety"},"content":{"rendered":"<p>[vc_row full_width=&#8221;electroluxpro-full-width-no-padding&#8221;][vc_column][elx_hero_slider label_text_color=&#8221;inherit&#8221; images=&#8221;652&#8243;][elx_heading font_container=&#8221;h1&#8243; font_size=&#8221;h2&#8243; text_color=&#8221;inherit&#8221;]A\u00a0guaranteed culture of safety<br \/>\n[\/elx_heading][vc_column_text]Electrolux Professional delivers reliable, impartial, world-class safety, shown by its concrete and measurable commitment to health and safety.[\/vc_column_text][\/elx_hero_slider][\/vc_column][\/vc_row][vc_row][vc_column][elx_heading text_color=&#8221;inherit&#8221; text_align=&#8221;text-center&#8221;]Growing healthy, working peacefully, feeling secure, and being protected.[\/elx_heading][\/vc_column][\/vc_row][vc_row full_width=&#8221;electroluxpro-full-width&#8221; equal_height=&#8221;yes&#8221;][vc_column width=&#8221;1\/2&#8243;][elx_image_block background_image=&#8221;646&#8243; minimum_height=&#8221;500px&#8221;][\/vc_column][vc_column width=&#8221;1\/2&#8243;][elx_simple_block background_color=&#8221;inherit&#8221;][elx_heading font_container=&#8221;h3&#8243; text_color=&#8221;inherit&#8221;]Safety is not a nice-to-have option when it comes to feeding them.[\/elx_heading][vc_column_text drop_caps=&#8221;big-first-letter&#8221;]Infants and children aged five and under are at increased risk for complications from <strong>food poisoning.<\/strong><\/p>\n<p>At Electrolux Professional we want to protect you, your children and your family by <strong>staying on top of food safety<\/strong>.\u00a0Our Foodservice solutions avoid the spread of bacteria causing food poisoning <strong>along the entire food chain<\/strong>, from preparation to handling and storage.[\/vc_column_text][\/elx_simple_block][\/vc_column][\/vc_row][vc_row][vc_column][vc_empty_space][\/vc_column][\/vc_row][vc_row css=&#8221;.vc_custom_1464184974732{padding-top: 20px !important;padding-bottom: 20px !important;background-color: #eaeef2 !important;}&#8221;][vc_column][\/vc_column][vc_column width=&#8221;1\/2&#8243;][vc_single_image image=&#8221;9487&#8243; img_size=&#8221;medium&#8221; alignment=&#8221;center&#8221;][\/vc_column][vc_column width=&#8221;1\/2&#8243;][elx_heading text_color=&#8221;inherit&#8221;]<span style=\"color: #3fb12d;\">Food safety, no cross contamination and best performance<\/span>[\/elx_heading][vc_column_text drop_caps=&#8221;big-first-letter&#8221; css=&#8221;.vc_custom_1489414206484{margin-bottom: 0px !important;}&#8221;]<span style=\"color: #000000;\">In line with the Food Contact regulations,\u00a0Electrolux Professional\u00a0 discontinues the use of BPA (Bisphenol A) in all plastic components.<\/span>[\/vc_column_text][elx_button button_text=&#8221;Our Food Preparation goes the extra mile for healthy food&#8221; button_style=&#8221;icon&#8221; css=&#8221;.vc_custom_1489414225528{margin-top: 0px !important;border-top-width: 0px !important;padding-top: 0px !important;}&#8221; button_link=&#8221;url:https%3A%2F%2Fwww.electroluxprofessional.com%2Fcz%2Fcommercial-kitchen-equipment%2Fcut-mix-slice%2F|title:Food%20preparation||&#8221;][\/vc_column][\/vc_row][vc_row][vc_column][vc_empty_space][\/vc_column][\/vc_row][vc_row full_width=&#8221;electroluxpro-full-width-no-padding&#8221;][vc_column width=&#8221;1\/2&#8243;][elx_image_block background_image=&#8221;567&#8243; minimum_height=&#8221;550px&#8221;][\/vc_column][vc_column width=&#8221;1\/2&#8243;][elx_simple_block background_color=&#8221;inherit&#8221;][elx_heading font_container=&#8221;h3&#8243; text_color=&#8221;inherit&#8221;]At Electrolux Professional we invest <strong>up to 1 million \u20ac per year<\/strong> for <strong>third party certification.\u00a0<\/strong>[\/elx_heading][vc_column_text drop_caps=&#8221;big-first-letter&#8221;]<\/p>\n<p class=\"bm4 tm4 rm40\">Third party certification clearly shows our commitment to ensure <strong>reliable, impartial and world-class safety<\/strong>.<\/p>\n<p class=\"bm4 tm4 rm40\">We are at the forefront when it comes to <strong>setting the Safety and Performance standards\u00a0<\/strong>at national and international levels, actively contributing to enhance the safety and energy saving requirements of the products on the market.<\/p>\n<p>[\/vc_column_text][\/elx_simple_block][\/vc_column][\/vc_row][vc_row full_width=&#8221;electroluxpro-full-width-no-padding&#8221;][vc_column width=&#8221;1\/2&#8243;][elx_simple_block][elx_heading font_container=&#8221;h3&#8243; text_color=&#8221;inherit&#8221;]Our imperative at Electrolux Professional is to <strong>protect you and the people you love<\/strong> by minimizing the risks of infections.[\/elx_heading][vc_column_text drop_caps=&#8221;big-first-letter&#8221;]<strong>Hospitals, nursing homes and other healthcare institutions are at high risk for infection.\u00a0<\/strong><\/p>\n<p>To ensure maximum safety, our <strong>Barrier Washers<\/strong> are equipped with the unique &#8220;<strong>hygiene watchdog<\/strong>&#8220;: combined with an effective Laundry Cycle Management, it guarantees <strong>100% safe hygienic linen at all times<\/strong>.[\/vc_column_text][elx_button button_text=&#8221;Health Care&#8221; button_style=&#8221;icon&#8221; button_link=&#8221;url:https%3A%2F%2Fwww.electroluxprofessional.com%2Fcz%2Fyour-business%2Fcare%2Fhospitals%2F|title:health%20care||&#8221;][\/elx_simple_block][\/vc_column][vc_column width=&#8221;1\/2&#8243;][elx_image_block background_image=&#8221;647&#8243; minimum_height=&#8221;600px&#8221;][\/vc_column][\/vc_row][vc_row full_width=&#8221;electroluxpro-full-width-no-padding&#8221;][vc_column width=&#8221;1\/2&#8243;][elx_image_block background_image=&#8221;648&#8243; minimum_height=&#8221;600px&#8221;][\/vc_column][vc_column width=&#8221;1\/2&#8243;][elx_simple_block background_color=&#8221;inherit&#8221;][elx_heading font_container=&#8221;h3&#8243; text_color=&#8221;inherit&#8221;]<strong>Healthy and safe workplaces<\/strong> are fundamental to achieving productive work and high quality working lives.[\/elx_heading][vc_column_text drop_caps=&#8221;big-first-letter&#8221;]At Electrolux Professional <strong>safety is on everyone\u2019s agenda<\/strong>, being a component of every project and involving all company functions, as well as external partners and stakeholders.<\/p>\n<p>The objective is\u00a0to protect and improve workplace safety achieving the \u201czero risk target\u201d in <strong>all plants and manufacturing sites worldwide<\/strong>.[\/vc_column_text][\/elx_simple_block][\/vc_column][\/vc_row]<\/p>\n","protected":false},"excerpt":{"rendered":"<p>[vc_row full_width=&#8221;electroluxpro-full-width-no-padding&#8221;][vc_column][elx_hero_slider label_text_color=&#8221;inherit&#8221; images=&#8221;652&#8243;][elx_heading font_container=&#8221;h1&#8243; font_size=&#8221;h2&#8243; text_color=&#8221;inherit&#8221;]A\u00a0guaranteed culture of safety [\/elx_heading][vc_column_text]Electrolux Professional delivers reliable, impartial, world-class safety, shown by its concrete and measurable commitment to health and safety.[\/vc_column_text][\/elx_hero_slider][\/vc_column][\/vc_row][vc_row][vc_column][elx_heading text_color=&#8221;inherit&#8221; text_align=&#8221;text-center&#8221;]Growing healthy, working peacefully, feeling secure, and being protected.[\/elx_heading][\/vc_column][\/vc_row][vc_row full_width=&#8221;electroluxpro-full-width&#8221; equal_height=&#8221;yes&#8221;][vc_column width=&#8221;1\/2&#8243;][elx_image_block background_image=&#8221;646&#8243; minimum_height=&#8221;500px&#8221;][\/vc_column][vc_column width=&#8221;1\/2&#8243;][elx_simple_block background_color=&#8221;inherit&#8221;][elx_heading font_container=&#8221;h3&#8243; text_color=&#8221;inherit&#8221;]Safety is not a nice-to-have option when it comes [&hellip;]<\/p>\n","protected":false},"author":39,"featured_media":2510,"parent":0,"menu_order":0,"comment_status":"closed","ping_status":"closed","template":"","meta":{"footnotes":""},"class_list":["post-9488","page","type-page","status-publish","has-post-thumbnail","hentry"],"acf":[],"yoast_head":"<!-- This site is optimized with the Yoast SEO plugin v23.3 - https:\/\/yoast.com\/wordpress\/plugins\/seo\/ -->\n<title>A guaranteed culture of safety - Electrolux Professional<\/title>\n<meta name=\"description\" content=\"Electrolux Professional delivers reliable, impartial, world-class safety, shown by its concrete and measurable commitment to health and safety.\" \/>\n<meta name=\"robots\" content=\"index, follow, max-snippet:-1, max-image-preview:large, max-video-preview:-1\" \/>\n<link rel=\"canonical\" href=\"https:\/\/www.electroluxprofessional.com\/cz\/safety\/\" \/>\n<meta property=\"og:locale\" content=\"cs_CZ\" \/>\n<meta property=\"og:type\" content=\"article\" \/>\n<meta property=\"og:title\" content=\"A guaranteed culture of safety - Electrolux Professional\" \/>\n<meta property=\"og:description\" content=\"Electrolux Professional delivers reliable, impartial, world-class safety, shown by its concrete and measurable commitment to health and safety.\" \/>\n<meta property=\"og:url\" content=\"https:\/\/www.electroluxprofessional.com\/cz\/safety\/\" \/>\n<meta property=\"og:site_name\" content=\"Electrolux Professional \u010cesk\u00e1 republika\" \/>\n<meta property=\"article:publisher\" content=\"https:\/\/www.facebook.com\/electroluxprofessional\" \/>\n<meta property=\"article:modified_time\" content=\"2022-03-31T17:02:14+00:00\" \/>\n<meta property=\"og:image\" content=\"https:\/\/www.electroluxprofessional.com\/cz\/wp-content\/uploads\/2017\/03\/feeling-secure.jpg\" \/>\n\t<meta property=\"og:image:width\" content=\"700\" \/>\n\t<meta property=\"og:image:height\" content=\"700\" \/>\n\t<meta property=\"og:image:type\" content=\"image\/jpeg\" \/>\n<meta name=\"twitter:card\" content=\"summary_large_image\" \/>\n<meta name=\"twitter:site\" content=\"@ElectroluxPro\" \/>\n<meta name=\"twitter:label1\" content=\"Odhadovan\u00e1 doba \u010dten\u00ed\" \/>\n\t<meta name=\"twitter:data1\" content=\"4 minuty\" \/>\n<script type=\"application\/ld+json\" class=\"yoast-schema-graph\">{\"@context\":\"https:\/\/schema.org\",\"@graph\":[{\"@type\":\"WebPage\",\"@id\":\"https:\/\/www.electroluxprofessional.com\/cz\/safety\/\",\"url\":\"https:\/\/www.electroluxprofessional.com\/cz\/safety\/\",\"name\":\"A guaranteed culture of safety - Electrolux Professional\",\"isPartOf\":{\"@id\":\"https:\/\/www.electroluxprofessional.com\/cz\/#website\"},\"primaryImageOfPage\":{\"@id\":\"https:\/\/www.electroluxprofessional.com\/cz\/safety\/#primaryimage\"},\"image\":{\"@id\":\"https:\/\/www.electroluxprofessional.com\/cz\/safety\/#primaryimage\"},\"thumbnailUrl\":\"https:\/\/www.electroluxprofessional.com\/cz\/wp-content\/uploads\/2017\/03\/feeling-secure.jpg\",\"datePublished\":\"2016-05-23T08:40:23+00:00\",\"dateModified\":\"2022-03-31T17:02:14+00:00\",\"description\":\"Electrolux Professional delivers reliable, impartial, world-class safety, shown by its concrete and measurable commitment to health and safety.\",\"breadcrumb\":{\"@id\":\"https:\/\/www.electroluxprofessional.com\/cz\/safety\/#breadcrumb\"},\"inLanguage\":\"cs\",\"potentialAction\":[{\"@type\":\"ReadAction\",\"target\":[\"https:\/\/www.electroluxprofessional.com\/cz\/safety\/\"]}]},{\"@type\":\"ImageObject\",\"inLanguage\":\"cs\",\"@id\":\"https:\/\/www.electroluxprofessional.com\/cz\/safety\/#primaryimage\",\"url\":\"https:\/\/www.electroluxprofessional.com\/cz\/wp-content\/uploads\/2017\/03\/feeling-secure.jpg\",\"contentUrl\":\"https:\/\/www.electroluxprofessional.com\/cz\/wp-content\/uploads\/2017\/03\/feeling-secure.jpg\",\"width\":700,\"height\":700,\"caption\":\"feeling-secure\"},{\"@type\":\"BreadcrumbList\",\"@id\":\"https:\/\/www.electroluxprofessional.com\/cz\/safety\/#breadcrumb\",\"itemListElement\":[{\"@type\":\"ListItem\",\"position\":1,\"name\":\"Home\",\"item\":\"https:\/\/www.electroluxprofessional.com\/cz\/\"},{\"@type\":\"ListItem\",\"position\":2,\"name\":\"Culture of safety\"}]},{\"@type\":\"WebSite\",\"@id\":\"https:\/\/www.electroluxprofessional.com\/cz\/#website\",\"url\":\"https:\/\/www.electroluxprofessional.com\/cz\/\",\"name\":\"Electrolux Professional \u010cesk\u00e1 republika\",\"description\":\"\",\"potentialAction\":[{\"@type\":\"SearchAction\",\"target\":{\"@type\":\"EntryPoint\",\"urlTemplate\":\"https:\/\/www.electroluxprofessional.com\/cz\/?src={search_term_string}\"},\"query-input\":\"required name=search_term_string\"}],\"inLanguage\":\"cs\"}]}<\/script>\n<!-- \/ Yoast SEO plugin. -->","yoast_head_json":{"title":"A guaranteed culture of safety - Electrolux Professional","description":"Electrolux Professional delivers reliable, impartial, world-class safety, shown by its concrete and measurable commitment to health and safety.","robots":{"index":"index","follow":"follow","max-snippet":"max-snippet:-1","max-image-preview":"max-image-preview:large","max-video-preview":"max-video-preview:-1"},"canonical":"https:\/\/www.electroluxprofessional.com\/cz\/safety\/","og_locale":"cs_CZ","og_type":"article","og_title":"A guaranteed culture of safety - Electrolux Professional","og_description":"Electrolux Professional delivers reliable, impartial, world-class safety, shown by its concrete and measurable commitment to health and safety.","og_url":"https:\/\/www.electroluxprofessional.com\/cz\/safety\/","og_site_name":"Electrolux Professional \u010cesk\u00e1 republika","article_publisher":"https:\/\/www.facebook.com\/electroluxprofessional","article_modified_time":"2022-03-31T17:02:14+00:00","og_image":[{"width":700,"height":700,"url":"https:\/\/www.electroluxprofessional.com\/cz\/wp-content\/uploads\/2017\/03\/feeling-secure.jpg","type":"image\/jpeg"}],"twitter_card":"summary_large_image","twitter_site":"@ElectroluxPro","twitter_misc":{"Odhadovan\u00e1 doba \u010dten\u00ed":"4 minuty"},"schema":{"@context":"https:\/\/schema.org","@graph":[{"@type":"WebPage","@id":"https:\/\/www.electroluxprofessional.com\/cz\/safety\/","url":"https:\/\/www.electroluxprofessional.com\/cz\/safety\/","name":"A guaranteed culture of safety - Electrolux Professional","isPartOf":{"@id":"https:\/\/www.electroluxprofessional.com\/cz\/#website"},"primaryImageOfPage":{"@id":"https:\/\/www.electroluxprofessional.com\/cz\/safety\/#primaryimage"},"image":{"@id":"https:\/\/www.electroluxprofessional.com\/cz\/safety\/#primaryimage"},"thumbnailUrl":"https:\/\/www.electroluxprofessional.com\/cz\/wp-content\/uploads\/2017\/03\/feeling-secure.jpg","datePublished":"2016-05-23T08:40:23+00:00","dateModified":"2022-03-31T17:02:14+00:00","description":"Electrolux Professional delivers reliable, impartial, world-class safety, shown by its concrete and measurable commitment to health and safety.","breadcrumb":{"@id":"https:\/\/www.electroluxprofessional.com\/cz\/safety\/#breadcrumb"},"inLanguage":"cs","potentialAction":[{"@type":"ReadAction","target":["https:\/\/www.electroluxprofessional.com\/cz\/safety\/"]}]},{"@type":"ImageObject","inLanguage":"cs","@id":"https:\/\/www.electroluxprofessional.com\/cz\/safety\/#primaryimage","url":"https:\/\/www.electroluxprofessional.com\/cz\/wp-content\/uploads\/2017\/03\/feeling-secure.jpg","contentUrl":"https:\/\/www.electroluxprofessional.com\/cz\/wp-content\/uploads\/2017\/03\/feeling-secure.jpg","width":700,"height":700,"caption":"feeling-secure"},{"@type":"BreadcrumbList","@id":"https:\/\/www.electroluxprofessional.com\/cz\/safety\/#breadcrumb","itemListElement":[{"@type":"ListItem","position":1,"name":"Home","item":"https:\/\/www.electroluxprofessional.com\/cz\/"},{"@type":"ListItem","position":2,"name":"Culture of safety"}]},{"@type":"WebSite","@id":"https:\/\/www.electroluxprofessional.com\/cz\/#website","url":"https:\/\/www.electroluxprofessional.com\/cz\/","name":"Electrolux Professional \u010cesk\u00e1 republika","description":"","potentialAction":[{"@type":"SearchAction","target":{"@type":"EntryPoint","urlTemplate":"https:\/\/www.electroluxprofessional.com\/cz\/?src={search_term_string}"},"query-input":"required name=search_term_string"}],"inLanguage":"cs"}]}},"_links":{"self":[{"href":"https:\/\/www.electroluxprofessional.com\/cz\/wp-json\/wp\/v2\/pages\/9488"}],"collection":[{"href":"https:\/\/www.electroluxprofessional.com\/cz\/wp-json\/wp\/v2\/pages"}],"about":[{"href":"https:\/\/www.electroluxprofessional.com\/cz\/wp-json\/wp\/v2\/types\/page"}],"author":[{"embeddable":true,"href":"https:\/\/www.electroluxprofessional.com\/cz\/wp-json\/wp\/v2\/users\/39"}],"replies":[{"embeddable":true,"href":"https:\/\/www.electroluxprofessional.com\/cz\/wp-json\/wp\/v2\/comments?post=9488"}],"version-history":[{"count":1,"href":"https:\/\/www.electroluxprofessional.com\/cz\/wp-json\/wp\/v2\/pages\/9488\/revisions"}],"predecessor-version":[{"id":9489,"href":"https:\/\/www.electroluxprofessional.com\/cz\/wp-json\/wp\/v2\/pages\/9488\/revisions\/9489"}],"wp:featuredmedia":[{"embeddable":true,"href":"https:\/\/www.electroluxprofessional.com\/cz\/wp-json\/wp\/v2\/media\/2510"}],"wp:attachment":[{"href":"https:\/\/www.electroluxprofessional.com\/cz\/wp-json\/wp\/v2\/media?parent=9488"}],"curies":[{"name":"wp","href":"https:\/\/api.w.org\/{rel}","templated":true}]}}